{"id":911,"date":"2018-07-19T14:37:25","date_gmt":"2018-07-19T12:37:25","guid":{"rendered":"https:\/\/www.ils-forschung.de\/research\/migration-und-integration-im-quartier\/"},"modified":"2025-12-17T11:42:52","modified_gmt":"2025-12-17T10:42:52","slug":"sozialraeumliche-ungleichheiten-und-gerechte-stadtentwicklung","status":"publish","type":"page","link":"https:\/\/www.ils-forschung.de\/en\/research\/sozialraeumliche-ungleichheiten-und-gerechte-stadtentwicklung\/","title":{"rendered":"Sozialr\u00e4umliche Ungleichheiten und gerechte Stadtentwicklung"},"content":{"rendered":"<div class=\"fusion-fullwidth fullwidth-box fusion-builder-row-1 fusion-flex-container nonhundred-percent-fullwidth non-hundred-percent-height-scrolling\" style=\"--awb-border-radius-top-left:0px;--awb-border-radius-top-right:0px;--awb-border-radius-bottom-right:0px;--awb-border-radius-bottom-left:0px;--awb-flex-wrap:wrap;\" ><div class=\"fusion-builder-row fusion-row fusion-flex-align-items-flex-start fusion-flex-content-wrap\" style=\"max-width:1144px;margin-left: calc(-4% \/ 2 );margin-right: calc(-4% \/ 2 );\"><div class=\"fusion-layout-column fusion_builder_column fusion-builder-column-0 fusion_builder_column_1_1 1_1 fusion-flex-column\" style=\"--awb-bg-size:cover;--awb-width-large:100%;--awb-margin-top-large:0px;--awb-spacing-right-large:1.92%;--awb-margin-bottom-large:20px;--awb-spacing-left-large:1.92%;--awb-width-medium:100%;--awb-spacing-right-medium:1.92%;--awb-spacing-left-medium:1.92%;--awb-width-small:100%;--awb-spacing-right-small:1.92%;--awb-spacing-left-small:1.92%;\"><div class=\"fusion-column-wrapper fusion-flex-justify-content-flex-start fusion-content-layout-column\"><div class=\"fusion-image-element \" style=\"--awb-caption-title-font-family:var(--h2_typography-font-family);--awb-caption-title-font-weight:var(--h2_typography-font-weight);--awb-caption-title-font-style:var(--h2_typography-font-style);--awb-caption-title-size:var(--h2_typography-font-size);--awb-caption-title-transform:var(--h2_typography-text-transform);--awb-caption-title-line-height:var(--h2_typography-line-height);--awb-caption-title-letter-spacing:var(--h2_typography-letter-spacing);\"><span class=\" fusion-imageframe imageframe-none imageframe-1 hover-type-none\"><img decoding=\"async\" width=\"1920\" height=\"400\" src=\"https:\/\/www.ils-forschung.de\/wp-content\/uploads\/2025\/12\/header-fsp-3.webp\" alt class=\"img-responsive wp-image-54291\" srcset=\"https:\/\/www.ils-forschung.de\/wp-content\/uploads\/2025\/12\/header-fsp-3-200x42.webp 200w, https:\/\/www.ils-forschung.de\/wp-content\/uploads\/2025\/12\/header-fsp-3-400x83.webp 400w, https:\/\/www.ils-forschung.de\/wp-content\/uploads\/2025\/12\/header-fsp-3-600x125.webp 600w, https:\/\/www.ils-forschung.de\/wp-content\/uploads\/2025\/12\/header-fsp-3-800x167.webp 800w, https:\/\/www.ils-forschung.de\/wp-content\/uploads\/2025\/12\/header-fsp-3-1200x250.webp 1200w, https:\/\/www.ils-forschung.de\/wp-content\/uploads\/2025\/12\/header-fsp-3.webp 1920w\" sizes=\"(max-width: 1125px) 100vw, (max-width: 765px) 100vw, 1200px\" \/><\/span><\/div><div class=\"fusion-text fusion-text-1\"><p><span style=\"font-size: 10px; float: right;\">\u00a9 ILS<\/span><\/p>\n<\/div><div class=\"fusion-separator fusion-full-width-sep\" style=\"align-self: center;margin-left: auto;margin-right: auto;margin-top:10px;margin-bottom:10px;width:100%;\"><\/div><div class=\"fusion-text fusion-text-2\"><p>In diesem Forschungsschwerpunkt besch\u00e4ftigen wir uns mit der Frage, wie sozialr\u00e4umliche Strukturen so gestaltet werden k\u00f6nnen, dass sie zu gleichwertigen Lebensverh\u00e4ltnissen beitragen und die gesellschaftliche Teilhabe st\u00e4rken.<\/p>\n<p>Ziel der Forschung ist es, anhand der Analyse von Erscheinungsformen und Prozessen sozialr\u00e4umlicher Ungleichheit auf unterschiedlichen r\u00e4umlichen Ebenen die gesellschaftlichen Ursachen und Risiken ungleicher Entwicklungen offenzulegen. Auf Grundlage eines transformativen Wissenschaftsverst\u00e4ndnisses geht es auch darum, Konzepte und L\u00f6sungen zur F\u00f6rderung der gesellschaftlichen Teilhabe und des sozialen Zusammenhalts aus einer r\u00e4umlichen Perspektive aufzuzeigen bzw. bei deren Entwicklung mitzuwirken.<\/p>\n<p>Besonders im Fokus stehen:<\/p>\n<ul>\n<li>wie Ankommen in einer von Diversit\u00e4t gepr\u00e4gten Gesellschaft gelingen kann,<\/li>\n<li>Nachbarschaften als Orte der Teilhabe und Begegnung<\/li>\n<li>und ein verbesserter Zugang zu bezahlbarem Wohnraum.<\/li>\n<\/ul>\n<p><a href=\"https:\/\/www.ils-forschung.de\/en\/research\/\">Zur\u00fcck zur \u00dcbersicht der Forschungsstrategie<\/a><\/p>\n<\/div><div class=\"fusion-separator fusion-full-width-sep\" style=\"align-self: center;margin-left: auto;margin-right: auto;margin-top:20px;margin-bottom:20px;width:100%;\"><\/div><div class=\"fusion-text fusion-text-3\"><h2>Contact person for this research focus:<\/h2>\n<p><a href=\"https:\/\/www.ils-forschung.de\/en\/the-ils\/ils-staff\/weck-sabine\/\">Dr. Sabine Weck<\/a><br \/>Phone: +49 (0) 231 9051-184<br \/>E-Mail: <a href=\"mailto:sabine.weck@ils-research.de\">sabine.weck@ils-research.de<\/a><\/p>\n<p><a href=\"https:\/\/www.ils-forschung.de\/en\/the-ils\/ils-staff\/zimmer-hegmann-ralf\/\">Ralf Zimmer-Hegmann<\/a><br \/>Phone: +49 (0) 231 9051-240<br \/>E-Mail: <a href=\"mailto:ralf.zimmer-hegmann@ils-research.de\">ralf.zimmer-hegmann@ils-research.de<\/a><\/p>\n<\/div><\/div><\/div><\/div><\/div>\n","protected":false},"excerpt":{"rendered":"","protected":false},"author":14,"featured_media":29962,"parent":464,"menu_order":4,"comment_status":"closed","ping_status":"closed","template":"","meta":{"footnotes":""},"class_list":["post-911","page","type-page","status-publish","has-post-thumbnail","hentry"],"yoast_head":"<!-- This site is optimized with the Yoast SEO plugin v27.1.1 - https:\/\/yoast.com\/product\/yoast-seo-wordpress\/ -->\n<title>Sozialr\u00e4umliche Ungleichheiten und gerechte Stadtentwicklung - ILS - Institut f\u00fcr Landes- und Stadtentwicklungsforschung<\/title>\n<meta name=\"robots\" content=\"index, follow, max-snippet:-1, max-image-preview:large, max-video-preview:-1\" \/>\n<link rel=\"canonical\" href=\"https:\/\/www.ils-forschung.de\/en\/research\/sozialraeumliche-ungleichheiten-und-gerechte-stadtentwicklung\/\" \/>\n<meta property=\"og:locale\" content=\"en_US\" \/>\n<meta property=\"og:type\" content=\"article\" \/>\n<meta property=\"og:title\" content=\"Sozialr\u00e4umliche Ungleichheiten und gerechte Stadtentwicklung - ILS - Institut f\u00fcr Landes- und Stadtentwicklungsforschung\" \/>\n<meta property=\"og:url\" content=\"https:\/\/www.ils-forschung.de\/en\/research\/sozialraeumliche-ungleichheiten-und-gerechte-stadtentwicklung\/\" \/>\n<meta property=\"og:site_name\" content=\"ILS - Institut f\u00fcr Landes- und Stadtentwicklungsforschung\" \/>\n<meta property=\"article:modified_time\" content=\"2025-12-17T10:42:52+00:00\" \/>\n<meta property=\"og:image\" content=\"https:\/\/www.ils-forschung.de\/wp-content\/uploads\/2023\/04\/ils-social-share-logo.jpg\" \/>\n\t<meta property=\"og:image:width\" content=\"1200\" \/>\n\t<meta property=\"og:image:height\" content=\"630\" \/>\n\t<meta property=\"og:image:type\" content=\"image\/jpeg\" \/>\n<meta name=\"twitter:card\" content=\"summary_large_image\" \/>\n<meta name=\"twitter:site\" content=\"@ILS_forschung\" \/>\n<meta name=\"twitter:label1\" content=\"Est. reading time\" \/>\n\t<meta name=\"twitter:data1\" content=\"4 minutes\" \/>\n<script type=\"application\/ld+json\" class=\"yoast-schema-graph\">{\"@context\":\"https:\/\/schema.org\",\"@graph\":[{\"@type\":\"WebPage\",\"@id\":\"https:\/\/www.ils-forschung.de\/en\/research\/sozialraeumliche-ungleichheiten-und-gerechte-stadtentwicklung\/\",\"url\":\"https:\/\/www.ils-forschung.de\/en\/research\/sozialraeumliche-ungleichheiten-und-gerechte-stadtentwicklung\/\",\"name\":\"Sozialr\u00e4umliche Ungleichheiten und gerechte Stadtentwicklung - ILS - Institut f\u00fcr Landes- und Stadtentwicklungsforschung\",\"isPartOf\":{\"@id\":\"https:\/\/www.ils-forschung.de\/en\/#website\"},\"primaryImageOfPage\":{\"@id\":\"https:\/\/www.ils-forschung.de\/en\/research\/sozialraeumliche-ungleichheiten-und-gerechte-stadtentwicklung\/#primaryimage\"},\"image\":{\"@id\":\"https:\/\/www.ils-forschung.de\/en\/research\/sozialraeumliche-ungleichheiten-und-gerechte-stadtentwicklung\/#primaryimage\"},\"thumbnailUrl\":\"https:\/\/www.ils-forschung.de\/wp-content\/uploads\/2023\/04\/ils-social-share-logo.jpg\",\"datePublished\":\"2018-07-19T12:37:25+00:00\",\"dateModified\":\"2025-12-17T10:42:52+00:00\",\"breadcrumb\":{\"@id\":\"https:\/\/www.ils-forschung.de\/en\/research\/sozialraeumliche-ungleichheiten-und-gerechte-stadtentwicklung\/#breadcrumb\"},\"inLanguage\":\"en-US\",\"potentialAction\":[{\"@type\":\"ReadAction\",\"target\":[\"https:\/\/www.ils-forschung.de\/en\/research\/sozialraeumliche-ungleichheiten-und-gerechte-stadtentwicklung\/\"]}]},{\"@type\":\"ImageObject\",\"inLanguage\":\"en-US\",\"@id\":\"https:\/\/www.ils-forschung.de\/en\/research\/sozialraeumliche-ungleichheiten-und-gerechte-stadtentwicklung\/#primaryimage\",\"url\":\"https:\/\/www.ils-forschung.de\/wp-content\/uploads\/2023\/04\/ils-social-share-logo.jpg\",\"contentUrl\":\"https:\/\/www.ils-forschung.de\/wp-content\/uploads\/2023\/04\/ils-social-share-logo.jpg\",\"width\":1200,\"height\":630},{\"@type\":\"BreadcrumbList\",\"@id\":\"https:\/\/www.ils-forschung.de\/en\/research\/sozialraeumliche-ungleichheiten-und-gerechte-stadtentwicklung\/#breadcrumb\",\"itemListElement\":[{\"@type\":\"ListItem\",\"position\":1,\"name\":\"Home\",\"item\":\"https:\/\/www.ils-forschung.de\/en\/\"},{\"@type\":\"ListItem\",\"position\":2,\"name\":\"ILS-Forschungsstrategie 2025+: Urbanen Wandel verstehen, urbanen Wandel gestalten\",\"item\":\"https:\/\/www.ils-forschung.de\/en\/forschung\/\"},{\"@type\":\"ListItem\",\"position\":3,\"name\":\"Sozialr\u00e4umliche Ungleichheiten und gerechte Stadtentwicklung\"}]},{\"@type\":\"WebSite\",\"@id\":\"https:\/\/www.ils-forschung.de\/en\/#website\",\"url\":\"https:\/\/www.ils-forschung.de\/en\/\",\"name\":\"ILS - Institut f\u00fcr Landes- und Stadtentwicklungsforschung\",\"description\":\"Das ILS \u2013 Institut f\u00fcr Landes- und Stadtentwicklungsforschung ist ein raumwissenschaftliches au\u00dferuniversit\u00e4res Forschungsinstitut mit Sitz in Dortmund.\",\"potentialAction\":[{\"@type\":\"SearchAction\",\"target\":{\"@type\":\"EntryPoint\",\"urlTemplate\":\"https:\/\/www.ils-forschung.de\/en\/?s={search_term_string}\"},\"query-input\":{\"@type\":\"PropertyValueSpecification\",\"valueRequired\":true,\"valueName\":\"search_term_string\"}}],\"inLanguage\":\"en-US\"}]}<\/script>\n<!-- \/ Yoast SEO plugin. -->","yoast_head_json":{"title":"Sozialr\u00e4umliche Ungleichheiten und gerechte Stadtentwicklung - ILS - Institut f\u00fcr Landes- und Stadtentwicklungsforschung","robots":{"index":"index","follow":"follow","max-snippet":"max-snippet:-1","max-image-preview":"max-image-preview:large","max-video-preview":"max-video-preview:-1"},"canonical":"https:\/\/www.ils-forschung.de\/en\/research\/sozialraeumliche-ungleichheiten-und-gerechte-stadtentwicklung\/","og_locale":"en_US","og_type":"article","og_title":"Sozialr\u00e4umliche Ungleichheiten und gerechte Stadtentwicklung - ILS - Institut f\u00fcr Landes- und Stadtentwicklungsforschung","og_url":"https:\/\/www.ils-forschung.de\/en\/research\/sozialraeumliche-ungleichheiten-und-gerechte-stadtentwicklung\/","og_site_name":"ILS - Institut f\u00fcr Landes- und Stadtentwicklungsforschung","article_modified_time":"2025-12-17T10:42:52+00:00","og_image":[{"width":1200,"height":630,"url":"https:\/\/www.ils-forschung.de\/wp-content\/uploads\/2023\/04\/ils-social-share-logo.jpg","type":"image\/jpeg"}],"twitter_card":"summary_large_image","twitter_site":"@ILS_forschung","twitter_misc":{"Est. reading time":"4 minutes"},"schema":{"@context":"https:\/\/schema.org","@graph":[{"@type":"WebPage","@id":"https:\/\/www.ils-forschung.de\/en\/research\/sozialraeumliche-ungleichheiten-und-gerechte-stadtentwicklung\/","url":"https:\/\/www.ils-forschung.de\/en\/research\/sozialraeumliche-ungleichheiten-und-gerechte-stadtentwicklung\/","name":"Sozialr\u00e4umliche Ungleichheiten und gerechte Stadtentwicklung - ILS - Institut f\u00fcr Landes- und Stadtentwicklungsforschung","isPartOf":{"@id":"https:\/\/www.ils-forschung.de\/en\/#website"},"primaryImageOfPage":{"@id":"https:\/\/www.ils-forschung.de\/en\/research\/sozialraeumliche-ungleichheiten-und-gerechte-stadtentwicklung\/#primaryimage"},"image":{"@id":"https:\/\/www.ils-forschung.de\/en\/research\/sozialraeumliche-ungleichheiten-und-gerechte-stadtentwicklung\/#primaryimage"},"thumbnailUrl":"https:\/\/www.ils-forschung.de\/wp-content\/uploads\/2023\/04\/ils-social-share-logo.jpg","datePublished":"2018-07-19T12:37:25+00:00","dateModified":"2025-12-17T10:42:52+00:00","breadcrumb":{"@id":"https:\/\/www.ils-forschung.de\/en\/research\/sozialraeumliche-ungleichheiten-und-gerechte-stadtentwicklung\/#breadcrumb"},"inLanguage":"en-US","potentialAction":[{"@type":"ReadAction","target":["https:\/\/www.ils-forschung.de\/en\/research\/sozialraeumliche-ungleichheiten-und-gerechte-stadtentwicklung\/"]}]},{"@type":"ImageObject","inLanguage":"en-US","@id":"https:\/\/www.ils-forschung.de\/en\/research\/sozialraeumliche-ungleichheiten-und-gerechte-stadtentwicklung\/#primaryimage","url":"https:\/\/www.ils-forschung.de\/wp-content\/uploads\/2023\/04\/ils-social-share-logo.jpg","contentUrl":"https:\/\/www.ils-forschung.de\/wp-content\/uploads\/2023\/04\/ils-social-share-logo.jpg","width":1200,"height":630},{"@type":"BreadcrumbList","@id":"https:\/\/www.ils-forschung.de\/en\/research\/sozialraeumliche-ungleichheiten-und-gerechte-stadtentwicklung\/#breadcrumb","itemListElement":[{"@type":"ListItem","position":1,"name":"Home","item":"https:\/\/www.ils-forschung.de\/en\/"},{"@type":"ListItem","position":2,"name":"ILS-Forschungsstrategie 2025+: Urbanen Wandel verstehen, urbanen Wandel gestalten","item":"https:\/\/www.ils-forschung.de\/en\/forschung\/"},{"@type":"ListItem","position":3,"name":"Sozialr\u00e4umliche Ungleichheiten und gerechte Stadtentwicklung"}]},{"@type":"WebSite","@id":"https:\/\/www.ils-forschung.de\/en\/#website","url":"https:\/\/www.ils-forschung.de\/en\/","name":"ILS - Institut f\u00fcr Landes- und Stadtentwicklungsforschung","description":"Das ILS \u2013 Institut f\u00fcr Landes- und Stadtentwicklungsforschung ist ein raumwissenschaftliches au\u00dferuniversit\u00e4res Forschungsinstitut mit Sitz in Dortmund.","potentialAction":[{"@type":"SearchAction","target":{"@type":"EntryPoint","urlTemplate":"https:\/\/www.ils-forschung.de\/en\/?s={search_term_string}"},"query-input":{"@type":"PropertyValueSpecification","valueRequired":true,"valueName":"search_term_string"}}],"inLanguage":"en-US"}]}},"_links":{"self":[{"href":"https:\/\/www.ils-forschung.de\/en\/wp-json\/wp\/v2\/pages\/911","targetHints":{"allow":["GET"]}}],"collection":[{"href":"https:\/\/www.ils-forschung.de\/en\/wp-json\/wp\/v2\/pages"}],"about":[{"href":"https:\/\/www.ils-forschung.de\/en\/wp-json\/wp\/v2\/types\/page"}],"author":[{"embeddable":true,"href":"https:\/\/www.ils-forschung.de\/en\/wp-json\/wp\/v2\/users\/14"}],"replies":[{"embeddable":true,"href":"https:\/\/www.ils-forschung.de\/en\/wp-json\/wp\/v2\/comments?post=911"}],"version-history":[{"count":8,"href":"https:\/\/www.ils-forschung.de\/en\/wp-json\/wp\/v2\/pages\/911\/revisions"}],"predecessor-version":[{"id":54361,"href":"https:\/\/www.ils-forschung.de\/en\/wp-json\/wp\/v2\/pages\/911\/revisions\/54361"}],"up":[{"embeddable":true,"href":"https:\/\/www.ils-forschung.de\/en\/wp-json\/wp\/v2\/pages\/464"}],"wp:featuredmedia":[{"embeddable":true,"href":"https:\/\/www.ils-forschung.de\/en\/wp-json\/wp\/v2\/media\/29962"}],"wp:attachment":[{"href":"https:\/\/www.ils-forschung.de\/en\/wp-json\/wp\/v2\/media?parent=911"}],"curies":[{"name":"wp","href":"https:\/\/api.w.org\/{rel}","templated":true}]}}