{"id":8941,"date":"2020-04-27T17:29:51","date_gmt":"2020-04-27T15:29:51","guid":{"rendered":"https:\/\/www.ils-forschung.de\/knowledge-transfer\/ils-publications\/ils-impulses\/"},"modified":"2023-03-01T12:32:54","modified_gmt":"2023-03-01T11:32:54","slug":"ils-impulses","status":"publish","type":"page","link":"https:\/\/www.ils-forschung.de\/en\/knowledge-transfer\/ils-publications\/ils-impulses\/","title":{"rendered":"ILS-IMPULSES"},"content":{"rendered":"<div class=\"fusion-fullwidth fullwidth-box fusion-builder-row-1 fusion-flex-container nonhundred-percent-fullwidth non-hundred-percent-height-scrolling\" style=\"--awb-border-radius-top-left:0px;--awb-border-radius-top-right:0px;--awb-border-radius-bottom-right:0px;--awb-border-radius-bottom-left:0px;--awb-flex-wrap:wrap;\" ><div class=\"fusion-builder-row fusion-row fusion-flex-align-items-flex-start fusion-flex-content-wrap\" style=\"max-width:1144px;margin-left: calc(-4% \/ 2 );margin-right: calc(-4% \/ 2 );\"><div class=\"fusion-layout-column fusion_builder_column fusion-builder-column-0 fusion_builder_column_1_1 1_1 fusion-flex-column\" style=\"--awb-bg-size:cover;--awb-width-large:100%;--awb-margin-top-large:0px;--awb-spacing-right-large:1.92%;--awb-margin-bottom-large:20px;--awb-spacing-left-large:1.92%;--awb-width-medium:100%;--awb-spacing-right-medium:1.92%;--awb-spacing-left-medium:1.92%;--awb-width-small:100%;--awb-spacing-right-small:1.92%;--awb-spacing-left-small:1.92%;\"><div class=\"fusion-column-wrapper fusion-flex-justify-content-flex-start fusion-content-layout-column\"><div class=\"fusion-image-element \" style=\"--awb-caption-title-font-family:var(--h2_typography-font-family);--awb-caption-title-font-weight:var(--h2_typography-font-weight);--awb-caption-title-font-style:var(--h2_typography-font-style);--awb-caption-title-size:var(--h2_typography-font-size);--awb-caption-title-transform:var(--h2_typography-text-transform);--awb-caption-title-line-height:var(--h2_typography-line-height);--awb-caption-title-letter-spacing:var(--h2_typography-letter-spacing);\"><span class=\" fusion-imageframe imageframe-none imageframe-1 hover-type-none\"><img decoding=\"async\" width=\"1200\" height=\"364\" alt=\"\u00a9 ILS \/ Carsten Nawrath\" title=\"ils-impulse-2\" src=\"https:\/\/www.ils-forschung.de\/wp-content\/uploads\/2023\/03\/ils-impulse-2.png\" class=\"img-responsive wp-image-28890\" srcset=\"https:\/\/www.ils-forschung.de\/wp-content\/uploads\/2023\/03\/ils-impulse-2-200x61.png 200w, https:\/\/www.ils-forschung.de\/wp-content\/uploads\/2023\/03\/ils-impulse-2-400x121.png 400w, https:\/\/www.ils-forschung.de\/wp-content\/uploads\/2023\/03\/ils-impulse-2-600x182.png 600w, https:\/\/www.ils-forschung.de\/wp-content\/uploads\/2023\/03\/ils-impulse-2-800x243.png 800w, https:\/\/www.ils-forschung.de\/wp-content\/uploads\/2023\/03\/ils-impulse-2.png 1200w\" sizes=\"(max-width: 1125px) 100vw, (max-width: 765px) 100vw, 1200px\" \/><\/span><\/div><div class=\"fusion-text fusion-text-1\"><p><span style=\"font-size: 10px; float: right;\">\u00a9 ILS \/ Carsten Nawrath<\/span><\/p>\n<\/div><div class=\"fusion-separator fusion-full-width-sep\" style=\"align-self: center;margin-left: auto;margin-right: auto;margin-top:10px;margin-bottom:10px;width:100%;\"><\/div>\n\t\t<script type=\"text\/javascript\">\n\t\t\tjQuery(document).ready(function() {\n\t\t\t\tjQuery(\"#metakategorie\").change(function() {\n  \t\t\t\tvar action = \"\";\n  \t\t\t\tvar optionvalue = jQuery(this).val();\n  \t\t\t\tif(optionvalue == \"\") { action = \"\/en\/knowledge-transfer\/ils-publications\/\"; }\n  \t\t\t\telse if(optionvalue == \"fachpublikationen\") { action = \"\/en\/professional-publications\/\"; }\n  \t\t\t\telse if(optionvalue == \"ausgewaehlte_beitraege\") { action = \"\/en\/professional-publications\/selected-papers\/\"; }\n  \t\t\t\telse if(optionvalue == \"monografien\") { action = \"\/en\/professional-publications\/monographs\/\"; }\n  \t\t\t\telse if(optionvalue == \"sammelbaende\") { action = \"\/en\/professional-publications\/edited-volumes\/\"; }\n  \t\t\t\telse if(optionvalue == \"ils-publikationen\") { action = \"\/en\/knowledge-transfer\/ils-publications\/\"; }\n  \t\t\t\telse if(optionvalue == \"ils-journal\") { action = \"\/en\/knowledge-transfer\/ils-publications\/ils-journal\/\"; }\n  \t\t\t\telse if(optionvalue == \"ils-trends\") { action = \"\/en\/knowledge-transfer\/ils-publications\/ils-trends\/\"; }\n  \t\t\t\telse if(optionvalue == \"ils-impulse\") { action = \"\/en\/knowledge-transfer\/ils-publications\/ils-impulses\/\"; }\n\t\t  \t\telse if(optionvalue == \"ils-working-paper\") { action = \"\/en\/knowledge-transfer\/ils-publications\/ils-working-paper\/\"; }\n\t\t  \t\telse if(optionvalue == \"forschungsprogramm\") { action = \"\/en\/knowledge-transfer\/ils-publications\/research-programmes-research-strategy\/\"; }\n\t\t  \t\telse if(optionvalue == \"ils_jahresberichte\") { action = \"\/en\/knowledge-transfer\/ils-publications\/annual-reports\/\"; }\n\t\t  \t\telse if(optionvalue == \"berichte_aus_der_forschung\") { action = \"\/en\/knowledge-transfer\/reports-from-research\/\"; }\n\t\t  \t\telse if(optionvalue == \"veranstaltungsdokumentationen\") { action = \"\/en\/knowledge-transfer\/events\/event-documentations\/\"; }\n\t\t  \t\tjQuery(\"#formular\").attr(\"action\", action);\n\t\t  \t\tjQuery(\"#formular\").submit();\n\t\t\t\t});\n\t\t\t});\n\t\t<\/script>\n\t\n<style>\n\ta.content, .content a { font-weight: bold !important; }\n\t.content h3::before { content: none; }\n\t.content h3 { background-color: transparent; }\n\t.content h2, h2.content { border-bottom: 2px solid #d2d2e1; padding-bottom: 5px; }\n<\/style>\n\n<div>\n\t<b>Look up publications<\/b>\n<\/div>\n\n<div style=\"background-color: #f9f9f9; border: 1px solid #cccccc; margin: 10px 0px 20px 0px; padding: 10px 20px 20px 20px;\">\n\t<form name=\"Formular\" id=\"formular\" action=\"\" method=\"get\" accept-charset=\"UTF-8\">\n    \n\t\t<div class=\"filter-suchmaske\">\n\t\t\tChoose research group:<br \/>\n\t\t\t\t<select onChange=\"this.form.submit()\" name=\"publikation_forschungsgruppe\" style=\"border: 1px solid #cccccc; color: #000000; min-width: 242px;\">\n\t\t\t\t\t<option value=\"\" selected=\"selected\">- all -<\/option>\n\t\t\t\t\t<option value=\"7\">Geoinformation and Monitoring<\/option><option value=\"9\">Mobilities and Space<\/option><option value=\"8\">Spatial Planning and Urban Design<\/option><option value=\"5\">Urban Social Space<\/option>\t\t\t\t<\/select>\n\t\t<\/div>\n\t\t\t\n\t\t<div class=\"filter-suchmaske\">\n\t\t\tCategories:<br \/>\n\t\t\t\t<select id=\"metakategorie\" name=\"metakategorie\" style=\"border: 1px solid #cccccc; color: #000000; min-width: 242px;\">\n\t\t\t\t\t<option value=\"\" selected=\"selected\">- all -<\/option>\n\t\t\t\t\t<option value=\"fachpublikationen\">Professional publications<\/option><option value=\"ausgewaehlte_beitraege\">&nbsp;&nbsp;Selected papers<\/option><option value=\"monografien\">&nbsp;&nbsp;Monographs<\/option><option value=\"sammelbaende\">&nbsp;&nbsp;Edited volumes<\/option><option value=\"ils-publikationen\">ILS-Publications<\/option><option value=\"ils-journal\">&nbsp;&nbsp;ILS-JOURNAL<\/option><option value=\"ils-trends\">&nbsp;&nbsp;ILS-TRENDS<\/option><option value=\"ils-impulse\">&nbsp;&nbsp;ILS-IMPULSES<\/option><option value=\"ils-working-paper\">&nbsp;&nbsp;ILS-Working Paper<\/option><option value=\"forschungsprogramm\">&nbsp;&nbsp;Research programmes & Research strategy<\/option><option value=\"ils_jahresberichte\">&nbsp;&nbsp;Annual reports<\/option><option value=\"berichte_aus_der_forschung\">Reports from Research<\/option><option value=\"veranstaltungsdokumentationen\">Event documentations<\/option>\t\t\t\t<\/select>\n\t\t<\/div>\n\n\t\t<div class=\"filter-suchmaske\">\n\t\t\tSearch by keyword:<br \/>\n\t\t\t<input type=\"text\" placeholder=\"Search by keyword\" name=\"stichwortsuche\" style=\"border: 1px solid #cccccc; color: #000000; min-width: 242px;\">\n\t\t<\/div>\n\n\t\t<div style=\"float: left; margin-top: 14px;\">\n\t\t\t<div style=\"margin: 4px 0px;\">\n\t\t\t\t<input type=\"checkbox\" onclick=\"this.form.submit()\" value=\"1\" name=\"ebook\">Digital media\t\t\t<\/div>\n\t\t\t<div style=\"\">\n\t\t\t\t<input type=\"checkbox\" onclick=\"this.form.submit()\" value=\"1\" name=\"printmedium\">Print media\t\t\t<\/div>\n\t\t<\/div>\t\n\n\t\t<div style=\"clear: both;\"><\/div>\n\n\t\t<input class=\"wpcf7-submit\" name=\"Submit\" value=\"Search\" type=\"submit\" style=\"margin-top: 25px;\">\n\t<\/form>\n<\/div>\n<div class=\"content\" style=\"margin-bottom: 30px;\">\n\n\n\n\n\t\t\t<h2 class=\"content\" style=\"margin-top: 20px;\"><\/h2>\n\t\t\t<ul style=\"padding-left: 15px;\">\n\t\t\t\t<li style=\"padding-bottom: 10px;\"><b><a class=\"content\" href=\"\/en\/knowledge-transfer\/ils-publications\/ils-journal\/\">ILS-JOURNAL<\/a><\/b><br>News from research, project results, promotion of young researchers, personalia, information on events, and publications<\/li>\n\t\t\t\t<li style=\"padding-bottom: 10px;\"><b><a class=\"content\" href=\"\/en\/knowledge-transfer\/ils-publications\/ils-trends\/\">ILS-TRENDS<\/a><\/b><br>practice-oriented and policy consulting presentation of current project results<\/li>\n\t\t\t\t<li style=\"padding-bottom: 10px;\"><b><a class=\"content\" href=\"\/en\/knowledge-transfer\/ils-publications\/ils-impulses\/\">ILS-IMPULSES<\/a><\/b><br>current public topics and their relevance for urban and regional research are briefly presented to decision makers and interested parties several times a year<\/li>\n\t\t\t\t<li style=\"padding-bottom: 10px;\"><b><a class=\"content\" href=\"\/en\/knowledge-transfer\/ils-publications\/ils-working-paper\/\">ILS-Working Paper<\/a><\/b><br>Current research results for scientific discussion<\/li>\n\t\t\t\t<li style=\"padding-bottom: 10px;\"><a class=\"content\" href=\"\/en\/knowledge-transfer\/ils-publications\/research-programmes-research-strategy\/\"><b>Research programmes & Research strategy<\/b><\/a><br>Project-related work programme based on the ILS research strategy with a longer-term orientation<\/li>\n\t\t\t\t<li style=\"padding-bottom: 10px;\"><a class=\"content\" href=\"\/en\/knowledge-transfer\/ils-publications\/annual-reports\/\"><b>Annual reports<\/b><\/a><br>annual overview of the institute's activities in the past year<\/li>\n\t\t\t<\/ul>\n\n\t\t\t<h2>Registration form<\/h2>\n\t\t\tWe would be pleased to add you to our mailing list. Please note that these publications are mostly in German. Register here:<br \/>\n\t\t\t <div class=\"brlbs-cmpnt-container brlbs-cmpnt-content-blocker brlbs-cmpnt-with-individual-styles\" data-borlabs-cookie-content-blocker-id=\"brevo\" data-borlabs-cookie-content=\"PGlmcmFtZSBzdHlsZT0iZGlzcGxheTogYmxvY2s7IG1hcmdpbi1sZWZ0OiBhdXRvOyBtYXJnaW4tcmlnaHQ6IGF1dG87IG1heC13aWR0aDogMTAwJTsiIHNyYz0iaHR0cHM6Ly9iOTE2YWQ0My5zaWJmb3Jtcy5jb20vc2VydmUvTVVJRUFMbDV2VnU0WGY4RzV3TmtKYzE1RG9vYVVERnp4Qi1pV0tqQWk2alhUWlIxQ3pSb3g1dUhDNVc5Zzc2YjFKRWVCQ3lVR05sdV84SHRfSkY5MEpIcExKVElSdTI5SWlNQnVIa0xGSFJaSldtYW5RcFBIYTBMM0xYTldpQ3RrNnYxRkpyTUFET2t0bndQWktPUmVIWG00SGV0ME9MUWt2UWFVT0E1UmdCUmJ5NlpzVXlodWpsZFFJaUZSNk9TUVZQR0lNemhfZUUyVUxqSyIgd2lkdGg9IjEwMCUiIGhlaWdodD0iODQwIiBmcmFtZWJvcmRlcj0iMCIgc2Nyb2xsaW5nPSJhdXRvIiBhbGxvd2Z1bGxzY3JlZW49ImFsbG93ZnVsbHNjcmVlbiI+PC9pZnJhbWU+\"><div class=\"brlbs-cmpnt-cb-preset-b brlbs-cmpnt-cb-brevo\"> <div class=\"brlbs-cmpnt-cb-thumbnail\" style=\"background-image: url('https:\/\/www.ils-forschung.de\/wp-content\/uploads\/borlabs-cookie\/1\/bct-mailchimp-vanilla-main.png')\"><\/div> <div class=\"brlbs-cmpnt-cb-main\"> <div class=\"brlbs-cmpnt-cb-content\"> <p class=\"brlbs-cmpnt-cb-description\">You are currently viewing a placeholder content from <strong>Brevo<\/strong>. To access the actual content, click the button below. Please note that doing so will share data with third-party providers.<\/p> <a class=\"brlbs-cmpnt-cb-provider-toggle\" href=\"#\" data-borlabs-cookie-show-provider-information role=\"button\">More Information<\/a> <\/div> <div class=\"brlbs-cmpnt-cb-buttons\"> <a class=\"brlbs-cmpnt-cb-btn\" href=\"#\" data-borlabs-cookie-unblock role=\"button\">Unblock content<\/a> <a class=\"brlbs-cmpnt-cb-btn\" href=\"#\" data-borlabs-cookie-accept-service role=\"button\" style=\"display: inherit\">Accept required service and unblock content<\/a> <\/div> <\/div> <\/div><\/div>\n\n\t\t\t<h2 class=\"content\">Reports from Research<\/h2>\n\t\t\t<ul style=\"padding-left: 15px;\">\n\t\t\t\t<li style=\"padding-bottom: 10px;\"><b><a class=\"content\" href=\"\/en\/knowledge-transfer\/reports-from-research\/\">Reports from Research<\/a><\/b><\/li>\n\t\t\t<\/ul>\n\n\t\t\t<h2 class=\"content\" style=\"margin-top: 20px;\">Events<\/h2>\n\t\t\t<ul style=\"padding-left: 15px;\">\n\t\t\t\t<li style=\"padding-bottom: 10px;\"><b><a class=\"content\" href=\"\/en\/knowledge-transfer\/events\/event-documentations\/\">Event documentations<\/a><\/b><\/li>\n\t\t\t<\/ul>\n\t\n\t\t\t<h2 class=\"content\" style=\"margin-top: 20px;\">Overview of Professional publications<\/h2>\n\t\t\t<ul style=\"padding-left: 15px;\">\n\t\t\t\t<li style=\"padding-bottom: 10px;\"><b><a class=\"content\" href=\"\/en\/professional-publications\/publications\/\">Articles by our scientific staff<\/a><\/b><\/li>\n\t\t\t<\/ul>\n\t\t\t\n\t\t\t<h2 class=\"content\" style=\"margin-top: 20px;\">Newsletter<\/h2>\n\t\t\t<ul style=\"padding-left: 15px;\">\n\t\t\t\t<li style=\"padding-bottom: 10px;\">The newsletter \u201cInfos aus dem ILS\u201d provides an overview of recent publications, upcoming events and ongoing projects at the institute. Twice a year, it bundles the latest news from the ILS.<\/li>\n\t\t\t<\/ul>\n\t\t<\/div><\/div><\/div><\/div><\/div>\n","protected":false},"excerpt":{"rendered":"","protected":false},"author":14,"featured_media":29962,"parent":6085,"menu_order":20,"comment_status":"closed","ping_status":"closed","template":"","meta":{"footnotes":""},"class_list":["post-8941","page","type-page","status-publish","has-post-thumbnail","hentry"],"yoast_head":"<!-- This site is optimized with the Yoast SEO plugin v27.1.1 - https:\/\/yoast.com\/product\/yoast-seo-wordpress\/ -->\n<title>ILS-IMPULSES - ILS - Institut f\u00fcr Landes- und Stadtentwicklungsforschung<\/title>\n<meta name=\"robots\" content=\"index, follow, max-snippet:-1, max-image-preview:large, max-video-preview:-1\" \/>\n<link rel=\"canonical\" href=\"https:\/\/www.ils-forschung.de\/en\/knowledge-transfer\/ils-publications\/ils-impulses\/\" \/>\n<meta property=\"og:locale\" content=\"en_US\" \/>\n<meta property=\"og:type\" content=\"article\" \/>\n<meta property=\"og:title\" content=\"ILS-IMPULSES - ILS - Institut f\u00fcr Landes- und Stadtentwicklungsforschung\" \/>\n<meta property=\"og:url\" content=\"https:\/\/www.ils-forschung.de\/en\/knowledge-transfer\/ils-publications\/ils-impulses\/\" \/>\n<meta property=\"og:site_name\" content=\"ILS - Institut f\u00fcr Landes- und Stadtentwicklungsforschung\" \/>\n<meta property=\"article:modified_time\" content=\"2023-03-01T11:32:54+00:00\" \/>\n<meta name=\"twitter:card\" content=\"summary_large_image\" \/>\n<meta name=\"twitter:site\" content=\"@ILS_forschung\" \/>\n<meta name=\"twitter:label1\" content=\"Est. reading time\" \/>\n\t<meta name=\"twitter:data1\" content=\"1 minute\" \/>\n<script type=\"application\/ld+json\" class=\"yoast-schema-graph\">{\"@context\":\"https:\/\/schema.org\",\"@graph\":[{\"@type\":\"WebPage\",\"@id\":\"https:\/\/www.ils-forschung.de\/en\/knowledge-transfer\/ils-publications\/ils-impulses\/\",\"url\":\"https:\/\/www.ils-forschung.de\/en\/knowledge-transfer\/ils-publications\/ils-impulses\/\",\"name\":\"ILS-IMPULSES - ILS - Institut f\u00fcr Landes- und Stadtentwicklungsforschung\",\"isPartOf\":{\"@id\":\"https:\/\/www.ils-forschung.de\/en\/#website\"},\"primaryImageOfPage\":{\"@id\":\"https:\/\/www.ils-forschung.de\/en\/knowledge-transfer\/ils-publications\/ils-impulses\/#primaryimage\"},\"image\":{\"@id\":\"https:\/\/www.ils-forschung.de\/en\/knowledge-transfer\/ils-publications\/ils-impulses\/#primaryimage\"},\"thumbnailUrl\":\"https:\/\/www.ils-forschung.de\/wp-content\/uploads\/2023\/04\/ils-social-share-logo.jpg\",\"datePublished\":\"2020-04-27T15:29:51+00:00\",\"dateModified\":\"2023-03-01T11:32:54+00:00\",\"breadcrumb\":{\"@id\":\"https:\/\/www.ils-forschung.de\/en\/knowledge-transfer\/ils-publications\/ils-impulses\/#breadcrumb\"},\"inLanguage\":\"en-US\",\"potentialAction\":[{\"@type\":\"ReadAction\",\"target\":[\"https:\/\/www.ils-forschung.de\/en\/knowledge-transfer\/ils-publications\/ils-impulses\/\"]}]},{\"@type\":\"ImageObject\",\"inLanguage\":\"en-US\",\"@id\":\"https:\/\/www.ils-forschung.de\/en\/knowledge-transfer\/ils-publications\/ils-impulses\/#primaryimage\",\"url\":\"https:\/\/www.ils-forschung.de\/wp-content\/uploads\/2023\/04\/ils-social-share-logo.jpg\",\"contentUrl\":\"https:\/\/www.ils-forschung.de\/wp-content\/uploads\/2023\/04\/ils-social-share-logo.jpg\",\"width\":1200,\"height\":630},{\"@type\":\"BreadcrumbList\",\"@id\":\"https:\/\/www.ils-forschung.de\/en\/knowledge-transfer\/ils-publications\/ils-impulses\/#breadcrumb\",\"itemListElement\":[{\"@type\":\"ListItem\",\"position\":1,\"name\":\"Home\",\"item\":\"https:\/\/www.ils-forschung.de\/en\/\"},{\"@type\":\"ListItem\",\"position\":2,\"name\":\"Knowledge transfer\",\"item\":\"https:\/\/www.ils-forschung.de\/en\/knowledge-transfer\/\"},{\"@type\":\"ListItem\",\"position\":3,\"name\":\"ILS-Publications\",\"item\":\"https:\/\/www.ils-forschung.de\/en\/knowledge-transfer\/ils-publications\/\"},{\"@type\":\"ListItem\",\"position\":4,\"name\":\"ILS-IMPULSES\"}]},{\"@type\":\"WebSite\",\"@id\":\"https:\/\/www.ils-forschung.de\/en\/#website\",\"url\":\"https:\/\/www.ils-forschung.de\/en\/\",\"name\":\"ILS - Institut f\u00fcr Landes- und Stadtentwicklungsforschung\",\"description\":\"Das ILS \u2013 Institut f\u00fcr Landes- und Stadtentwicklungsforschung ist ein raumwissenschaftliches au\u00dferuniversit\u00e4res Forschungsinstitut mit Sitz in Dortmund.\",\"potentialAction\":[{\"@type\":\"SearchAction\",\"target\":{\"@type\":\"EntryPoint\",\"urlTemplate\":\"https:\/\/www.ils-forschung.de\/en\/?s={search_term_string}\"},\"query-input\":{\"@type\":\"PropertyValueSpecification\",\"valueRequired\":true,\"valueName\":\"search_term_string\"}}],\"inLanguage\":\"en-US\"}]}<\/script>\n<!-- \/ Yoast SEO plugin. -->","yoast_head_json":{"title":"ILS-IMPULSES - ILS - Institut f\u00fcr Landes- und Stadtentwicklungsforschung","robots":{"index":"index","follow":"follow","max-snippet":"max-snippet:-1","max-image-preview":"max-image-preview:large","max-video-preview":"max-video-preview:-1"},"canonical":"https:\/\/www.ils-forschung.de\/en\/knowledge-transfer\/ils-publications\/ils-impulses\/","og_locale":"en_US","og_type":"article","og_title":"ILS-IMPULSES - ILS - Institut f\u00fcr Landes- und Stadtentwicklungsforschung","og_url":"https:\/\/www.ils-forschung.de\/en\/knowledge-transfer\/ils-publications\/ils-impulses\/","og_site_name":"ILS - Institut f\u00fcr Landes- und Stadtentwicklungsforschung","article_modified_time":"2023-03-01T11:32:54+00:00","twitter_card":"summary_large_image","twitter_site":"@ILS_forschung","twitter_misc":{"Est. reading time":"1 minute"},"schema":{"@context":"https:\/\/schema.org","@graph":[{"@type":"WebPage","@id":"https:\/\/www.ils-forschung.de\/en\/knowledge-transfer\/ils-publications\/ils-impulses\/","url":"https:\/\/www.ils-forschung.de\/en\/knowledge-transfer\/ils-publications\/ils-impulses\/","name":"ILS-IMPULSES - ILS - Institut f\u00fcr Landes- und Stadtentwicklungsforschung","isPartOf":{"@id":"https:\/\/www.ils-forschung.de\/en\/#website"},"primaryImageOfPage":{"@id":"https:\/\/www.ils-forschung.de\/en\/knowledge-transfer\/ils-publications\/ils-impulses\/#primaryimage"},"image":{"@id":"https:\/\/www.ils-forschung.de\/en\/knowledge-transfer\/ils-publications\/ils-impulses\/#primaryimage"},"thumbnailUrl":"https:\/\/www.ils-forschung.de\/wp-content\/uploads\/2023\/04\/ils-social-share-logo.jpg","datePublished":"2020-04-27T15:29:51+00:00","dateModified":"2023-03-01T11:32:54+00:00","breadcrumb":{"@id":"https:\/\/www.ils-forschung.de\/en\/knowledge-transfer\/ils-publications\/ils-impulses\/#breadcrumb"},"inLanguage":"en-US","potentialAction":[{"@type":"ReadAction","target":["https:\/\/www.ils-forschung.de\/en\/knowledge-transfer\/ils-publications\/ils-impulses\/"]}]},{"@type":"ImageObject","inLanguage":"en-US","@id":"https:\/\/www.ils-forschung.de\/en\/knowledge-transfer\/ils-publications\/ils-impulses\/#primaryimage","url":"https:\/\/www.ils-forschung.de\/wp-content\/uploads\/2023\/04\/ils-social-share-logo.jpg","contentUrl":"https:\/\/www.ils-forschung.de\/wp-content\/uploads\/2023\/04\/ils-social-share-logo.jpg","width":1200,"height":630},{"@type":"BreadcrumbList","@id":"https:\/\/www.ils-forschung.de\/en\/knowledge-transfer\/ils-publications\/ils-impulses\/#breadcrumb","itemListElement":[{"@type":"ListItem","position":1,"name":"Home","item":"https:\/\/www.ils-forschung.de\/en\/"},{"@type":"ListItem","position":2,"name":"Knowledge transfer","item":"https:\/\/www.ils-forschung.de\/en\/knowledge-transfer\/"},{"@type":"ListItem","position":3,"name":"ILS-Publications","item":"https:\/\/www.ils-forschung.de\/en\/knowledge-transfer\/ils-publications\/"},{"@type":"ListItem","position":4,"name":"ILS-IMPULSES"}]},{"@type":"WebSite","@id":"https:\/\/www.ils-forschung.de\/en\/#website","url":"https:\/\/www.ils-forschung.de\/en\/","name":"ILS - Institut f\u00fcr Landes- und Stadtentwicklungsforschung","description":"Das ILS \u2013 Institut f\u00fcr Landes- und Stadtentwicklungsforschung ist ein raumwissenschaftliches au\u00dferuniversit\u00e4res Forschungsinstitut mit Sitz in Dortmund.","potentialAction":[{"@type":"SearchAction","target":{"@type":"EntryPoint","urlTemplate":"https:\/\/www.ils-forschung.de\/en\/?s={search_term_string}"},"query-input":{"@type":"PropertyValueSpecification","valueRequired":true,"valueName":"search_term_string"}}],"inLanguage":"en-US"}]}},"_links":{"self":[{"href":"https:\/\/www.ils-forschung.de\/en\/wp-json\/wp\/v2\/pages\/8941","targetHints":{"allow":["GET"]}}],"collection":[{"href":"https:\/\/www.ils-forschung.de\/en\/wp-json\/wp\/v2\/pages"}],"about":[{"href":"https:\/\/www.ils-forschung.de\/en\/wp-json\/wp\/v2\/types\/page"}],"author":[{"embeddable":true,"href":"https:\/\/www.ils-forschung.de\/en\/wp-json\/wp\/v2\/users\/14"}],"replies":[{"embeddable":true,"href":"https:\/\/www.ils-forschung.de\/en\/wp-json\/wp\/v2\/comments?post=8941"}],"version-history":[{"count":0,"href":"https:\/\/www.ils-forschung.de\/en\/wp-json\/wp\/v2\/pages\/8941\/revisions"}],"up":[{"embeddable":true,"href":"https:\/\/www.ils-forschung.de\/en\/wp-json\/wp\/v2\/pages\/6085"}],"wp:featuredmedia":[{"embeddable":true,"href":"https:\/\/www.ils-forschung.de\/en\/wp-json\/wp\/v2\/media\/29962"}],"wp:attachment":[{"href":"https:\/\/www.ils-forschung.de\/en\/wp-json\/wp\/v2\/media?parent=8941"}],"curies":[{"name":"wp","href":"https:\/\/api.w.org\/{rel}","templated":true}]}}