{"id":7092,"date":"2019-11-19T10:51:07","date_gmt":"2019-11-19T09:51:07","guid":{"rendered":"https:\/\/www.ils-forschung.de\/the-ils\/organisation\/geoinformation-and-monitoring-gum\/"},"modified":"2026-04-15T11:46:58","modified_gmt":"2026-04-15T09:46:58","slug":"geoinformation-and-monitoring-gum","status":"publish","type":"page","link":"https:\/\/www.ils-forschung.de\/en\/the-ils\/organization\/geoinformation-and-monitoring-gum\/","title":{"rendered":"Geoinformation and Monitoring (GuM)"},"content":{"rendered":"<div class=\"fusion-fullwidth fullwidth-box fusion-builder-row-1 fusion-flex-container nonhundred-percent-fullwidth non-hundred-percent-height-scrolling\" style=\"--awb-border-radius-top-left:0px;--awb-border-radius-top-right:0px;--awb-border-radius-bottom-right:0px;--awb-border-radius-bottom-left:0px;--awb-flex-wrap:wrap;\" ><div class=\"fusion-builder-row fusion-row fusion-flex-align-items-flex-start fusion-flex-content-wrap\" style=\"max-width:1144px;margin-left: calc(-4% \/ 2 );margin-right: calc(-4% \/ 2 );\"><div class=\"fusion-layout-column fusion_builder_column fusion-builder-column-0 fusion_builder_column_1_1 1_1 fusion-flex-column\" style=\"--awb-bg-size:cover;--awb-width-large:100%;--awb-margin-top-large:0px;--awb-spacing-right-large:1.92%;--awb-margin-bottom-large:20px;--awb-spacing-left-large:1.92%;--awb-width-medium:100%;--awb-spacing-right-medium:1.92%;--awb-spacing-left-medium:1.92%;--awb-width-small:100%;--awb-spacing-right-small:1.92%;--awb-spacing-left-small:1.92%;\"><div class=\"fusion-column-wrapper fusion-flex-justify-content-flex-start fusion-content-layout-column\"><div class=\"fusion-image-element \" style=\"--awb-caption-title-font-family:var(--h2_typography-font-family);--awb-caption-title-font-weight:var(--h2_typography-font-weight);--awb-caption-title-font-style:var(--h2_typography-font-style);--awb-caption-title-size:var(--h2_typography-font-size);--awb-caption-title-transform:var(--h2_typography-text-transform);--awb-caption-title-line-height:var(--h2_typography-line-height);--awb-caption-title-letter-spacing:var(--h2_typography-letter-spacing);\"><span class=\" fusion-imageframe imageframe-none imageframe-1 hover-type-none\"><img decoding=\"async\" width=\"1200\" height=\"364\" title=\"geoinformation-und-monitoring-titelbild\" src=\"https:\/\/www.ils-forschung.de\/wp-content\/uploads\/2022\/06\/geoinformation-und-monitoring-titelbild.jpg\" alt class=\"img-responsive wp-image-22250\" srcset=\"https:\/\/www.ils-forschung.de\/wp-content\/uploads\/2022\/06\/geoinformation-und-monitoring-titelbild-200x61.jpg 200w, https:\/\/www.ils-forschung.de\/wp-content\/uploads\/2022\/06\/geoinformation-und-monitoring-titelbild-400x121.jpg 400w, https:\/\/www.ils-forschung.de\/wp-content\/uploads\/2022\/06\/geoinformation-und-monitoring-titelbild-600x182.jpg 600w, https:\/\/www.ils-forschung.de\/wp-content\/uploads\/2022\/06\/geoinformation-und-monitoring-titelbild-800x243.jpg 800w, https:\/\/www.ils-forschung.de\/wp-content\/uploads\/2022\/06\/geoinformation-und-monitoring-titelbild.jpg 1200w\" sizes=\"(max-width: 1125px) 100vw, (max-width: 765px) 100vw, 1200px\" \/><\/span><\/div><div class=\"fusion-text fusion-text-1 bildnachweis\"><p><span style=\"font-size: 10px; float: right;\">\u00a9 ILS; basierend auf Daten aus DigitalGlobe und Microsoft, powered by ESRI; <a href=\"http:\/\/www.openstreetmap.org\/copyright\" target=\"_blank\" rel=\"noopener noreferrer\">OpenStreetMap<\/a> contributors<\/span><\/p>\n<\/div><div class=\"fusion-separator fusion-full-width-sep\" style=\"align-self: center;margin-left: auto;margin-right: auto;margin-top:10px;margin-bottom:10px;width:100%;\"><\/div><div class=\"fusion-text fusion-text-2\"><p>The objective of ILS Geomonitoring is to develop and put into practice concepts and methods for the monitoring of urban development processes. The questions are oriented towards the institute\u2019s research areas and address such important future issues as mobility and metropolisation and issues relating to the development of social space and the built environment. In addition to the project work in partnership with the research groups of the ILS, the GuM group taps into new data sources and methods for spatial monitoring. The resulting concepts are tested in reference spaces and evaluated with partners from planning practice.<\/p>\n<p>For this spectrum of methods, the GuM group is the point of contact for data-driven spatial analysis. This is based on research activities on the modelling, processing and visualisation of spatial information, which are utilised in \u201cMonitoring StadtRegionen\u201d for example. We examine major cities, their space-shaping interrelationships with the urban periphery, their relationships with each other and in comparison with spatial development across Germany. We also use project-based national and international comparative studies to analyse trends and development paths of urban spaces over time. Through our special small-scale geomonitoring concepts, as part of the communal panel for example, we support neighbourhood research that falls below the limit of municipal statistical districts.<\/p>\n<\/div><div class=\"fusion-text fusion-text-3\"><h3>Headed by<\/h3>\n<\/p>\n<ul>\n<li><a href=\"https:\/\/www.ils-forschung.de\/en\/the-ils\/ils-staff\/novack-tessio\/\">Novack, Tessio (Dr.-Ing.)<\/a><\/li>\n<\/ul>\n<\/div><div class=\"fusion-separator fusion-full-width-sep\" style=\"align-self: center;margin-left: auto;margin-right: auto;margin-top:10px;margin-bottom:10px;width:100%;\"><\/div><div class=\"fusion-text fusion-text-4\"><h3>Deputy head<\/h3>\n<\/p>\n<ul>\n<li><a href=\"https:\/\/www.ils-forschung.de\/en\/the-ils\/ils-staff\/heider-bastian\/\">Heider, Bastian (Dr.)<\/a><\/li>\n<\/ul>\n<\/div><div class=\"fusion-separator fusion-full-width-sep\" style=\"align-self: center;margin-left: auto;margin-right: auto;margin-top:10px;margin-bottom:10px;width:100%;\"><\/div><div class=\"fusion-text fusion-text-5\"><h3>Research staff<\/h3>\n<ul>\n<li><a href=\"https:\/\/www.ils-forschung.de\/en\/the-ils\/ils-staff\/fleischer-janne\/\">Fleischer, Janne<\/a><\/li>\n<li><a href=\"https:\/\/www.ils-forschung.de\/en\/the-ils\/ils-staff\/gerten-christian\/\">Gerten, Christian (Dr.-Ing.)<\/a><\/li>\n<li><a href=\"https:\/\/www.ils-forschung.de\/en\/the-ils\/ils-staff\/jilanialshafty-hannaneh\/\">Jilanialshafty, Hannaneh<\/a><\/li>\n<li><a href=\"https:\/\/www.ils-forschung.de\/en\/the-ils\/ils-staff\/roensch-jutta\/\">R\u00f6nsch, Jutta<\/a><\/li>\n<li><a href=\"https:\/\/www.ils-forschung.de\/en\/the-ils\/ils-staff\/scheunert-pauline\/\">Scheunert, Pauline<\/a><\/li>\n<li><a href=\"https:\/\/www.ils-forschung.de\/en\/the-ils\/ils-staff\/xu-shaojuan\/\">Xu, Shaojuan (Dr.)<\/a><\/li>\n<\/ul>\n<\/div><div class=\"fusion-separator fusion-full-width-sep\" style=\"align-self: center;margin-left: auto;margin-right: auto;margin-top:10px;margin-bottom:10px;width:100%;\"><\/div><div class=\"fusion-text fusion-text-6\"><h3>Team assistants<\/h3>\n<\/p>\n<ul>\n<li><a href=\"https:\/\/www.ils-forschung.de\/en\/the-ils\/ils-staff\/gehrig-fitting-katinka\/\">Gehrig-Fitting, Katinka<\/a><\/li>\n<p>Phone: +49 (0) 231 9051-205<br \/>\nE-Mail: <a href=\"mailto:katinka.gehrig-fitting@ils-research.de\">katinka.gehrig-fitting@ils-research.de<\/a>\n<\/ul>\n<\/div><div class=\"fusion-separator fusion-full-width-sep\" style=\"align-self: center;margin-left: auto;margin-right: auto;margin-top:10px;margin-bottom:10px;width:100%;\"><\/div><div class=\"fusion-text fusion-text-7\" style=\"--awb-text-transform:none;\"><h3>Student assistants<\/h3>\n<\/p>\n<ul>\n<li>Pissulla, Victoria<\/li>\n<li>Thakuria, Shristi<\/li>\n<\/ul>\n<\/div><\/div><\/div><\/div><\/div>\n","protected":false},"excerpt":{"rendered":"","protected":false},"author":14,"featured_media":29962,"parent":446,"menu_order":6,"comment_status":"closed","ping_status":"closed","template":"","meta":{"footnotes":""},"class_list":["post-7092","page","type-page","status-publish","has-post-thumbnail","hentry"],"yoast_head":"<!-- This site is optimized with the Yoast SEO plugin v27.1.1 - https:\/\/yoast.com\/product\/yoast-seo-wordpress\/ -->\n<title>Geoinformation and Monitoring (GuM) - ILS - Institut f\u00fcr Landes- und Stadtentwicklungsforschung<\/title>\n<meta name=\"robots\" content=\"index, follow, max-snippet:-1, max-image-preview:large, max-video-preview:-1\" \/>\n<link rel=\"canonical\" href=\"https:\/\/www.ils-forschung.de\/en\/the-ils\/organization\/geoinformation-and-monitoring-gum\/\" \/>\n<meta property=\"og:locale\" content=\"en_US\" \/>\n<meta property=\"og:type\" content=\"article\" \/>\n<meta property=\"og:title\" content=\"Geoinformation and Monitoring (GuM) - ILS - Institut f\u00fcr Landes- und Stadtentwicklungsforschung\" \/>\n<meta property=\"og:url\" content=\"https:\/\/www.ils-forschung.de\/en\/the-ils\/organization\/geoinformation-and-monitoring-gum\/\" \/>\n<meta property=\"og:site_name\" content=\"ILS - Institut f\u00fcr Landes- und Stadtentwicklungsforschung\" \/>\n<meta property=\"article:modified_time\" content=\"2026-04-15T09:46:58+00:00\" \/>\n<meta name=\"twitter:card\" content=\"summary_large_image\" \/>\n<meta name=\"twitter:site\" content=\"@ILS_forschung\" \/>\n<meta name=\"twitter:label1\" content=\"Est. reading time\" \/>\n\t<meta name=\"twitter:data1\" content=\"2 minutes\" \/>\n<script type=\"application\/ld+json\" class=\"yoast-schema-graph\">{\"@context\":\"https:\/\/schema.org\",\"@graph\":[{\"@type\":\"WebPage\",\"@id\":\"https:\/\/www.ils-forschung.de\/en\/the-ils\/organization\/geoinformation-and-monitoring-gum\/\",\"url\":\"https:\/\/www.ils-forschung.de\/en\/the-ils\/organization\/geoinformation-and-monitoring-gum\/\",\"name\":\"Geoinformation and Monitoring (GuM) - ILS - Institut f\u00fcr Landes- und Stadtentwicklungsforschung\",\"isPartOf\":{\"@id\":\"https:\/\/www.ils-forschung.de\/en\/#website\"},\"primaryImageOfPage\":{\"@id\":\"https:\/\/www.ils-forschung.de\/en\/the-ils\/organization\/geoinformation-and-monitoring-gum\/#primaryimage\"},\"image\":{\"@id\":\"https:\/\/www.ils-forschung.de\/en\/the-ils\/organization\/geoinformation-and-monitoring-gum\/#primaryimage\"},\"thumbnailUrl\":\"https:\/\/www.ils-forschung.de\/wp-content\/uploads\/2023\/04\/ils-social-share-logo.jpg\",\"datePublished\":\"2019-11-19T09:51:07+00:00\",\"dateModified\":\"2026-04-15T09:46:58+00:00\",\"breadcrumb\":{\"@id\":\"https:\/\/www.ils-forschung.de\/en\/the-ils\/organization\/geoinformation-and-monitoring-gum\/#breadcrumb\"},\"inLanguage\":\"en-US\",\"potentialAction\":[{\"@type\":\"ReadAction\",\"target\":[\"https:\/\/www.ils-forschung.de\/en\/the-ils\/organization\/geoinformation-and-monitoring-gum\/\"]}]},{\"@type\":\"ImageObject\",\"inLanguage\":\"en-US\",\"@id\":\"https:\/\/www.ils-forschung.de\/en\/the-ils\/organization\/geoinformation-and-monitoring-gum\/#primaryimage\",\"url\":\"https:\/\/www.ils-forschung.de\/wp-content\/uploads\/2023\/04\/ils-social-share-logo.jpg\",\"contentUrl\":\"https:\/\/www.ils-forschung.de\/wp-content\/uploads\/2023\/04\/ils-social-share-logo.jpg\",\"width\":1200,\"height\":630},{\"@type\":\"BreadcrumbList\",\"@id\":\"https:\/\/www.ils-forschung.de\/en\/the-ils\/organization\/geoinformation-and-monitoring-gum\/#breadcrumb\",\"itemListElement\":[{\"@type\":\"ListItem\",\"position\":1,\"name\":\"Home\",\"item\":\"https:\/\/www.ils-forschung.de\/en\/\"},{\"@type\":\"ListItem\",\"position\":2,\"name\":\"The ILS\",\"item\":\"https:\/\/www.ils-forschung.de\/en\/the-ils\/\"},{\"@type\":\"ListItem\",\"position\":3,\"name\":\"Organization\",\"item\":\"https:\/\/www.ils-forschung.de\/en\/das-ils\/organisation\/\"},{\"@type\":\"ListItem\",\"position\":4,\"name\":\"Geoinformation and Monitoring (GuM)\"}]},{\"@type\":\"WebSite\",\"@id\":\"https:\/\/www.ils-forschung.de\/en\/#website\",\"url\":\"https:\/\/www.ils-forschung.de\/en\/\",\"name\":\"ILS - Institut f\u00fcr Landes- und Stadtentwicklungsforschung\",\"description\":\"Das ILS \u2013 Institut f\u00fcr Landes- und Stadtentwicklungsforschung ist ein raumwissenschaftliches au\u00dferuniversit\u00e4res Forschungsinstitut mit Sitz in Dortmund.\",\"potentialAction\":[{\"@type\":\"SearchAction\",\"target\":{\"@type\":\"EntryPoint\",\"urlTemplate\":\"https:\/\/www.ils-forschung.de\/en\/?s={search_term_string}\"},\"query-input\":{\"@type\":\"PropertyValueSpecification\",\"valueRequired\":true,\"valueName\":\"search_term_string\"}}],\"inLanguage\":\"en-US\"}]}<\/script>\n<!-- \/ Yoast SEO plugin. -->","yoast_head_json":{"title":"Geoinformation and Monitoring (GuM) - ILS - Institut f\u00fcr Landes- und Stadtentwicklungsforschung","robots":{"index":"index","follow":"follow","max-snippet":"max-snippet:-1","max-image-preview":"max-image-preview:large","max-video-preview":"max-video-preview:-1"},"canonical":"https:\/\/www.ils-forschung.de\/en\/the-ils\/organization\/geoinformation-and-monitoring-gum\/","og_locale":"en_US","og_type":"article","og_title":"Geoinformation and Monitoring (GuM) - ILS - Institut f\u00fcr Landes- und Stadtentwicklungsforschung","og_url":"https:\/\/www.ils-forschung.de\/en\/the-ils\/organization\/geoinformation-and-monitoring-gum\/","og_site_name":"ILS - Institut f\u00fcr Landes- und Stadtentwicklungsforschung","article_modified_time":"2026-04-15T09:46:58+00:00","twitter_card":"summary_large_image","twitter_site":"@ILS_forschung","twitter_misc":{"Est. reading time":"2 minutes"},"schema":{"@context":"https:\/\/schema.org","@graph":[{"@type":"WebPage","@id":"https:\/\/www.ils-forschung.de\/en\/the-ils\/organization\/geoinformation-and-monitoring-gum\/","url":"https:\/\/www.ils-forschung.de\/en\/the-ils\/organization\/geoinformation-and-monitoring-gum\/","name":"Geoinformation and Monitoring (GuM) - ILS - Institut f\u00fcr Landes- und Stadtentwicklungsforschung","isPartOf":{"@id":"https:\/\/www.ils-forschung.de\/en\/#website"},"primaryImageOfPage":{"@id":"https:\/\/www.ils-forschung.de\/en\/the-ils\/organization\/geoinformation-and-monitoring-gum\/#primaryimage"},"image":{"@id":"https:\/\/www.ils-forschung.de\/en\/the-ils\/organization\/geoinformation-and-monitoring-gum\/#primaryimage"},"thumbnailUrl":"https:\/\/www.ils-forschung.de\/wp-content\/uploads\/2023\/04\/ils-social-share-logo.jpg","datePublished":"2019-11-19T09:51:07+00:00","dateModified":"2026-04-15T09:46:58+00:00","breadcrumb":{"@id":"https:\/\/www.ils-forschung.de\/en\/the-ils\/organization\/geoinformation-and-monitoring-gum\/#breadcrumb"},"inLanguage":"en-US","potentialAction":[{"@type":"ReadAction","target":["https:\/\/www.ils-forschung.de\/en\/the-ils\/organization\/geoinformation-and-monitoring-gum\/"]}]},{"@type":"ImageObject","inLanguage":"en-US","@id":"https:\/\/www.ils-forschung.de\/en\/the-ils\/organization\/geoinformation-and-monitoring-gum\/#primaryimage","url":"https:\/\/www.ils-forschung.de\/wp-content\/uploads\/2023\/04\/ils-social-share-logo.jpg","contentUrl":"https:\/\/www.ils-forschung.de\/wp-content\/uploads\/2023\/04\/ils-social-share-logo.jpg","width":1200,"height":630},{"@type":"BreadcrumbList","@id":"https:\/\/www.ils-forschung.de\/en\/the-ils\/organization\/geoinformation-and-monitoring-gum\/#breadcrumb","itemListElement":[{"@type":"ListItem","position":1,"name":"Home","item":"https:\/\/www.ils-forschung.de\/en\/"},{"@type":"ListItem","position":2,"name":"The ILS","item":"https:\/\/www.ils-forschung.de\/en\/the-ils\/"},{"@type":"ListItem","position":3,"name":"Organization","item":"https:\/\/www.ils-forschung.de\/en\/das-ils\/organisation\/"},{"@type":"ListItem","position":4,"name":"Geoinformation and Monitoring (GuM)"}]},{"@type":"WebSite","@id":"https:\/\/www.ils-forschung.de\/en\/#website","url":"https:\/\/www.ils-forschung.de\/en\/","name":"ILS - Institut f\u00fcr Landes- und Stadtentwicklungsforschung","description":"Das ILS \u2013 Institut f\u00fcr Landes- und Stadtentwicklungsforschung ist ein raumwissenschaftliches au\u00dferuniversit\u00e4res Forschungsinstitut mit Sitz in Dortmund.","potentialAction":[{"@type":"SearchAction","target":{"@type":"EntryPoint","urlTemplate":"https:\/\/www.ils-forschung.de\/en\/?s={search_term_string}"},"query-input":{"@type":"PropertyValueSpecification","valueRequired":true,"valueName":"search_term_string"}}],"inLanguage":"en-US"}]}},"_links":{"self":[{"href":"https:\/\/www.ils-forschung.de\/en\/wp-json\/wp\/v2\/pages\/7092","targetHints":{"allow":["GET"]}}],"collection":[{"href":"https:\/\/www.ils-forschung.de\/en\/wp-json\/wp\/v2\/pages"}],"about":[{"href":"https:\/\/www.ils-forschung.de\/en\/wp-json\/wp\/v2\/types\/page"}],"author":[{"embeddable":true,"href":"https:\/\/www.ils-forschung.de\/en\/wp-json\/wp\/v2\/users\/14"}],"replies":[{"embeddable":true,"href":"https:\/\/www.ils-forschung.de\/en\/wp-json\/wp\/v2\/comments?post=7092"}],"version-history":[{"count":23,"href":"https:\/\/www.ils-forschung.de\/en\/wp-json\/wp\/v2\/pages\/7092\/revisions"}],"predecessor-version":[{"id":57329,"href":"https:\/\/www.ils-forschung.de\/en\/wp-json\/wp\/v2\/pages\/7092\/revisions\/57329"}],"up":[{"embeddable":true,"href":"https:\/\/www.ils-forschung.de\/en\/wp-json\/wp\/v2\/pages\/446"}],"wp:featuredmedia":[{"embeddable":true,"href":"https:\/\/www.ils-forschung.de\/en\/wp-json\/wp\/v2\/media\/29962"}],"wp:attachment":[{"href":"https:\/\/www.ils-forschung.de\/en\/wp-json\/wp\/v2\/media?parent=7092"}],"curies":[{"name":"wp","href":"https:\/\/api.w.org\/{rel}","templated":true}]}}