{"id":58141,"date":"2026-05-15T11:44:46","date_gmt":"2026-05-15T09:44:46","guid":{"rendered":"https:\/\/www.ils-forschung.de\/mabis-team-mit-keynote-bei-der-dach-tagung-der-deutschsprachigen-strassenzeitungen\/"},"modified":"2026-05-15T11:45:31","modified_gmt":"2026-05-15T09:45:31","slug":"mabis-team-mit-keynote-bei-der-dach-tagung-der-deutschsprachigen-strassenzeitungen","status":"publish","type":"page","link":"https:\/\/www.ils-forschung.de\/en\/mabis-team-mit-keynote-bei-der-dach-tagung-der-deutschsprachigen-strassenzeitungen\/","title":{"rendered":"MaBIs-Team mit Keynote bei der DACH Tagung der deutschsprachigen Stra\u00dfenzeitungen"},"content":{"rendered":"<div class=\"fusion-fullwidth fullwidth-box fusion-builder-row-1 fusion-flex-container nonhundred-percent-fullwidth non-hundred-percent-height-scrolling\" style=\"--awb-border-radius-top-left:0px;--awb-border-radius-top-right:0px;--awb-border-radius-bottom-right:0px;--awb-border-radius-bottom-left:0px;--awb-flex-wrap:wrap;\" ><div class=\"fusion-builder-row fusion-row fusion-flex-align-items-flex-start fusion-flex-content-wrap\" style=\"max-width:1144px;margin-left: calc(-4% \/ 2 );margin-right: calc(-4% \/ 2 );\"><div class=\"fusion-layout-column fusion_builder_column fusion-builder-column-0 fusion_builder_column_1_1 1_1 fusion-flex-column\" style=\"--awb-bg-blend:overlay;--awb-bg-size:cover;--awb-width-large:100%;--awb-margin-top-large:0px;--awb-spacing-right-large:1.92%;--awb-margin-bottom-large:0px;--awb-spacing-left-large:1.92%;--awb-width-medium:100%;--awb-spacing-right-medium:1.92%;--awb-spacing-left-medium:1.92%;--awb-width-small:100%;--awb-spacing-right-small:1.92%;--awb-spacing-left-small:1.92%;\"><div class=\"fusion-column-wrapper fusion-flex-justify-content-flex-start fusion-content-layout-column\"><div class=\"fusion-text fusion-text-1\"><p>Die diesj\u00e4hrige DACH Tagung der deutschsprachigen Stra\u00dfenzeitungen wurde vom Stra\u00dfenmagazin <a href=\"https:\/\/bodoev.de\/\">bodo.ev<\/a> organisiert. Im Rahmen der zweit\u00e4gigen Veranstaltung hielten <a href=\"https:\/\/www.ils-forschung.de\/en\/the-ils\/ils-staff\/kolocek-michael\/\">Michael Kolocek<\/a>, Jan Stein und <a href=\"https:\/\/www.ils-forschung.de\/en\/the-ils\/ils-staff\/torreiter-laura\/\">Laura Torreiter<\/a> vom <a href=\"https:\/\/www.ils-forschung.de\/en\/research\/research-projects\/?id=381\">MaBIs<\/a>-Team am 7. Mai in der KoFabrik Bochum den Einf\u00fchrungsvortrag. Im Zentrum des Vortrags standen die Ergebnisse einer Befragung von Stra\u00dfenmagazinverkaufenden aus Bochum, Dortmund und M\u00fcnchen sowie die Ergebnisse einer Inhaltsanalyse von \u00fcber 250 Stra\u00dfenzeitungen.<\/p>\n<h4><strong>Balanceakt der Stra\u00dfenmagazin-Redaktionen<\/strong><\/h4>\n<p>Zusammenfassend l\u00e4sst sich die Publikationst\u00e4tigkeit der Magazine als dreifacher Balanceakt darstellen. Die Magazine kritisieren und integrieren Politik zugleich (1. Balanceakt), sie betonen die Gemeinsamkeiten der Verkaufenden mit der Leserschaft, thematisieren gleichzeitig allerdings auch die Notlagen (2. Balanceakt). Zudem grenzen sie den Stra\u00dfenzeitungsverkauf vom Betteln ab, setzen sich aber gleichzeitig f\u00fcr das Recht auf Betteln ein (3. Balanceankt).<\/p>\n<h4><strong>Regionale Unterschiede und Herausforderungen<\/strong><\/h4>\n<p>Im Anschluss an den Vortrag diskutierten die \u00fcber 70 Delegierten die Ergebnisse sowie die Thesen des Projektes. Hierbei wurde ein weiteres Mal deutlich, wie unterschiedlich die Stra\u00dfenmagazine aus dem deutschsprachigen Raum sind, beispielsweise hinsichtlich der Besch\u00e4ftigungsverh\u00e4ltnisse oder im Hinblick auf ihre Gr\u00f6\u00dfe und Ressourcen.<\/p>\n<\/div><\/div><\/div><div class=\"fusion-layout-column fusion_builder_column fusion-builder-column-1 fusion_builder_column_1_2 1_2 fusion-flex-column\" style=\"--awb-bg-size:cover;--awb-width-large:50%;--awb-margin-top-large:0px;--awb-spacing-right-large:3.84%;--awb-margin-bottom-large:20px;--awb-spacing-left-large:3.84%;--awb-width-medium:100%;--awb-order-medium:0;--awb-spacing-right-medium:1.92%;--awb-spacing-left-medium:1.92%;--awb-width-small:100%;--awb-order-small:0;--awb-spacing-right-small:1.92%;--awb-spacing-left-small:1.92%;\"><div class=\"fusion-column-wrapper fusion-column-has-shadow fusion-flex-justify-content-flex-start fusion-content-layout-column\"><div class=\"fusion-image-element awb-imageframe-style awb-imageframe-style-below awb-imageframe-style-1\" style=\"--awb-caption-title-font-family:var(--body_typography-font-family);--awb-caption-title-font-weight:var(--body_typography-font-weight);--awb-caption-title-font-style:var(--body_typography-font-style);--awb-caption-title-size:var(--body_typography-font-size);--awb-caption-title-transform:var(--body_typography-text-transform);--awb-caption-title-line-height:var(--body_typography-line-height);--awb-caption-title-letter-spacing:var(--body_typography-letter-spacing);\"><span class=\" fusion-imageframe imageframe-none imageframe-1 hover-type-none\"><img decoding=\"async\" width=\"300\" height=\"200\" alt=\"Veranstaltungsraum in der Vogelperspektive mit vielen Menschen auf St\u00fchlen, die konzentriert zuh\u00f6ren.\" title=\"DACH Tagung Bochum 2026 C Sebastian Sellhorst 12\" src=\"https:\/\/www.ils-forschung.de\/wp-content\/uploads\/2026\/05\/DACH-Tagung-Bochum-2026-C-Sebastian-Sellhorst-12-300x200.jpg\" class=\"img-responsive wp-image-58139\" srcset=\"https:\/\/www.ils-forschung.de\/wp-content\/uploads\/2026\/05\/DACH-Tagung-Bochum-2026-C-Sebastian-Sellhorst-12-200x133.jpg 200w, https:\/\/www.ils-forschung.de\/wp-content\/uploads\/2026\/05\/DACH-Tagung-Bochum-2026-C-Sebastian-Sellhorst-12-400x267.jpg 400w, https:\/\/www.ils-forschung.de\/wp-content\/uploads\/2026\/05\/DACH-Tagung-Bochum-2026-C-Sebastian-Sellhorst-12-600x400.jpg 600w, https:\/\/www.ils-forschung.de\/wp-content\/uploads\/2026\/05\/DACH-Tagung-Bochum-2026-C-Sebastian-Sellhorst-12-800x533.jpg 800w, https:\/\/www.ils-forschung.de\/wp-content\/uploads\/2026\/05\/DACH-Tagung-Bochum-2026-C-Sebastian-Sellhorst-12-1200x800.jpg 1200w\" sizes=\"(max-width: 1125px) 100vw, (max-width: 765px) 100vw, 600px\" \/><\/span><div class=\"awb-imageframe-caption-container\"><div class=\"awb-imageframe-caption\"><div class=\"awb-imageframe-caption-title\">\u00a9 Sebastian Sellhorst\/ bodo e.V.<\/div><\/div><\/div><\/div><\/div><\/div><div class=\"fusion-layout-column fusion_builder_column fusion-builder-column-2 fusion_builder_column_1_2 1_2 fusion-flex-column\" style=\"--awb-bg-size:cover;--awb-width-large:50%;--awb-margin-top-large:0px;--awb-spacing-right-large:3.84%;--awb-margin-bottom-large:20px;--awb-spacing-left-large:3.84%;--awb-width-medium:100%;--awb-order-medium:0;--awb-spacing-right-medium:1.92%;--awb-spacing-left-medium:1.92%;--awb-width-small:100%;--awb-order-small:0;--awb-spacing-right-small:1.92%;--awb-spacing-left-small:1.92%;\"><div class=\"fusion-column-wrapper fusion-column-has-shadow fusion-flex-justify-content-flex-start fusion-content-layout-column\"><div class=\"fusion-image-element awb-imageframe-style awb-imageframe-style-below awb-imageframe-style-2\" style=\"--awb-caption-title-font-family:var(--body_typography-font-family);--awb-caption-title-font-weight:var(--body_typography-font-weight);--awb-caption-title-font-style:var(--body_typography-font-style);--awb-caption-title-size:var(--body_typography-font-size);--awb-caption-title-transform:var(--body_typography-text-transform);--awb-caption-title-line-height:var(--body_typography-line-height);--awb-caption-title-letter-spacing:var(--body_typography-letter-spacing);\"><span class=\" fusion-imageframe imageframe-none imageframe-2 hover-type-none\"><img decoding=\"async\" width=\"300\" height=\"200\" title=\"DACH Tagung Bochum 2026 C Sebastian Sellhorst 20\" src=\"https:\/\/www.ils-forschung.de\/wp-content\/uploads\/2026\/05\/DACH-Tagung-Bochum-2026-C-Sebastian-Sellhorst-20-300x200.jpg\" alt class=\"img-responsive wp-image-58140\" srcset=\"https:\/\/www.ils-forschung.de\/wp-content\/uploads\/2026\/05\/DACH-Tagung-Bochum-2026-C-Sebastian-Sellhorst-20-200x133.jpg 200w, https:\/\/www.ils-forschung.de\/wp-content\/uploads\/2026\/05\/DACH-Tagung-Bochum-2026-C-Sebastian-Sellhorst-20-400x267.jpg 400w, https:\/\/www.ils-forschung.de\/wp-content\/uploads\/2026\/05\/DACH-Tagung-Bochum-2026-C-Sebastian-Sellhorst-20-600x400.jpg 600w, https:\/\/www.ils-forschung.de\/wp-content\/uploads\/2026\/05\/DACH-Tagung-Bochum-2026-C-Sebastian-Sellhorst-20-800x533.jpg 800w, https:\/\/www.ils-forschung.de\/wp-content\/uploads\/2026\/05\/DACH-Tagung-Bochum-2026-C-Sebastian-Sellhorst-20-1200x800.jpg 1200w\" sizes=\"(max-width: 1125px) 100vw, (max-width: 765px) 100vw, 600px\" \/><\/span><div class=\"awb-imageframe-caption-container\"><div class=\"awb-imageframe-caption\"><div class=\"awb-imageframe-caption-title\">\u00a9 Sebastian Sellhorst\/ bodo e.V.<\/div><\/div><\/div><\/div><\/div><\/div><\/div><\/div>\n","protected":false},"excerpt":{"rendered":"","protected":false},"author":17,"featured_media":29962,"parent":0,"menu_order":0,"comment_status":"closed","ping_status":"closed","template":"","meta":{"footnotes":""},"class_list":["post-58141","page","type-page","status-publish","has-post-thumbnail","hentry"],"yoast_head":"<!-- This site is optimized with the Yoast SEO plugin v27.1.1 - https:\/\/yoast.com\/product\/yoast-seo-wordpress\/ -->\n<title>MaBIs-Team mit Keynote bei der DACH Tagung der deutschsprachigen Stra\u00dfenzeitungen - ILS - Institut f\u00fcr Landes- und Stadtentwicklungsforschung<\/title>\n<meta name=\"robots\" content=\"index, follow, max-snippet:-1, max-image-preview:large, max-video-preview:-1\" \/>\n<link rel=\"canonical\" href=\"https:\/\/www.ils-forschung.de\/en\/mabis-team-mit-keynote-bei-der-dach-tagung-der-deutschsprachigen-strassenzeitungen\/\" \/>\n<meta property=\"og:locale\" content=\"en_US\" \/>\n<meta property=\"og:type\" content=\"article\" \/>\n<meta property=\"og:title\" content=\"MaBIs-Team mit Keynote bei der DACH Tagung der deutschsprachigen Stra\u00dfenzeitungen - ILS - Institut f\u00fcr Landes- und Stadtentwicklungsforschung\" \/>\n<meta property=\"og:url\" content=\"https:\/\/www.ils-forschung.de\/en\/mabis-team-mit-keynote-bei-der-dach-tagung-der-deutschsprachigen-strassenzeitungen\/\" \/>\n<meta property=\"og:site_name\" content=\"ILS - Institut f\u00fcr Landes- und Stadtentwicklungsforschung\" \/>\n<meta property=\"article:modified_time\" content=\"2026-05-15T09:45:31+00:00\" \/>\n<meta name=\"twitter:card\" content=\"summary_large_image\" \/>\n<meta name=\"twitter:site\" content=\"@ILS_forschung\" \/>\n<meta name=\"twitter:label1\" content=\"Est. reading time\" \/>\n\t<meta name=\"twitter:data1\" content=\"2 minutes\" \/>\n<script type=\"application\/ld+json\" class=\"yoast-schema-graph\">{\"@context\":\"https:\/\/schema.org\",\"@graph\":[{\"@type\":\"WebPage\",\"@id\":\"https:\/\/www.ils-forschung.de\/en\/mabis-team-mit-keynote-bei-der-dach-tagung-der-deutschsprachigen-strassenzeitungen\/\",\"url\":\"https:\/\/www.ils-forschung.de\/en\/mabis-team-mit-keynote-bei-der-dach-tagung-der-deutschsprachigen-strassenzeitungen\/\",\"name\":\"MaBIs-Team mit Keynote bei der DACH Tagung der deutschsprachigen Stra\u00dfenzeitungen - ILS - Institut f\u00fcr Landes- und Stadtentwicklungsforschung\",\"isPartOf\":{\"@id\":\"https:\/\/www.ils-forschung.de\/en\/#website\"},\"primaryImageOfPage\":{\"@id\":\"https:\/\/www.ils-forschung.de\/en\/mabis-team-mit-keynote-bei-der-dach-tagung-der-deutschsprachigen-strassenzeitungen\/#primaryimage\"},\"image\":{\"@id\":\"https:\/\/www.ils-forschung.de\/en\/mabis-team-mit-keynote-bei-der-dach-tagung-der-deutschsprachigen-strassenzeitungen\/#primaryimage\"},\"thumbnailUrl\":\"https:\/\/www.ils-forschung.de\/wp-content\/uploads\/2023\/04\/ils-social-share-logo.jpg\",\"datePublished\":\"2026-05-15T09:44:46+00:00\",\"dateModified\":\"2026-05-15T09:45:31+00:00\",\"breadcrumb\":{\"@id\":\"https:\/\/www.ils-forschung.de\/en\/mabis-team-mit-keynote-bei-der-dach-tagung-der-deutschsprachigen-strassenzeitungen\/#breadcrumb\"},\"inLanguage\":\"en-US\",\"potentialAction\":[{\"@type\":\"ReadAction\",\"target\":[\"https:\/\/www.ils-forschung.de\/en\/mabis-team-mit-keynote-bei-der-dach-tagung-der-deutschsprachigen-strassenzeitungen\/\"]}]},{\"@type\":\"ImageObject\",\"inLanguage\":\"en-US\",\"@id\":\"https:\/\/www.ils-forschung.de\/en\/mabis-team-mit-keynote-bei-der-dach-tagung-der-deutschsprachigen-strassenzeitungen\/#primaryimage\",\"url\":\"https:\/\/www.ils-forschung.de\/wp-content\/uploads\/2023\/04\/ils-social-share-logo.jpg\",\"contentUrl\":\"https:\/\/www.ils-forschung.de\/wp-content\/uploads\/2023\/04\/ils-social-share-logo.jpg\",\"width\":1200,\"height\":630},{\"@type\":\"BreadcrumbList\",\"@id\":\"https:\/\/www.ils-forschung.de\/en\/mabis-team-mit-keynote-bei-der-dach-tagung-der-deutschsprachigen-strassenzeitungen\/#breadcrumb\",\"itemListElement\":[{\"@type\":\"ListItem\",\"position\":1,\"name\":\"Home\",\"item\":\"https:\/\/www.ils-forschung.de\/en\/\"},{\"@type\":\"ListItem\",\"position\":2,\"name\":\"MaBIs-Team mit Keynote bei der DACH Tagung der deutschsprachigen Stra\u00dfenzeitungen\"}]},{\"@type\":\"WebSite\",\"@id\":\"https:\/\/www.ils-forschung.de\/en\/#website\",\"url\":\"https:\/\/www.ils-forschung.de\/en\/\",\"name\":\"ILS - Institut f\u00fcr Landes- und Stadtentwicklungsforschung\",\"description\":\"Das ILS \u2013 Institut f\u00fcr Landes- und Stadtentwicklungsforschung ist ein raumwissenschaftliches au\u00dferuniversit\u00e4res Forschungsinstitut mit Sitz in Dortmund.\",\"potentialAction\":[{\"@type\":\"SearchAction\",\"target\":{\"@type\":\"EntryPoint\",\"urlTemplate\":\"https:\/\/www.ils-forschung.de\/en\/?s={search_term_string}\"},\"query-input\":{\"@type\":\"PropertyValueSpecification\",\"valueRequired\":true,\"valueName\":\"search_term_string\"}}],\"inLanguage\":\"en-US\"}]}<\/script>\n<!-- \/ Yoast SEO plugin. -->","yoast_head_json":{"title":"MaBIs-Team mit Keynote bei der DACH Tagung der deutschsprachigen Stra\u00dfenzeitungen - ILS - Institut f\u00fcr Landes- und Stadtentwicklungsforschung","robots":{"index":"index","follow":"follow","max-snippet":"max-snippet:-1","max-image-preview":"max-image-preview:large","max-video-preview":"max-video-preview:-1"},"canonical":"https:\/\/www.ils-forschung.de\/en\/mabis-team-mit-keynote-bei-der-dach-tagung-der-deutschsprachigen-strassenzeitungen\/","og_locale":"en_US","og_type":"article","og_title":"MaBIs-Team mit Keynote bei der DACH Tagung der deutschsprachigen Stra\u00dfenzeitungen - ILS - Institut f\u00fcr Landes- und Stadtentwicklungsforschung","og_url":"https:\/\/www.ils-forschung.de\/en\/mabis-team-mit-keynote-bei-der-dach-tagung-der-deutschsprachigen-strassenzeitungen\/","og_site_name":"ILS - Institut f\u00fcr Landes- und Stadtentwicklungsforschung","article_modified_time":"2026-05-15T09:45:31+00:00","twitter_card":"summary_large_image","twitter_site":"@ILS_forschung","twitter_misc":{"Est. reading time":"2 minutes"},"schema":{"@context":"https:\/\/schema.org","@graph":[{"@type":"WebPage","@id":"https:\/\/www.ils-forschung.de\/en\/mabis-team-mit-keynote-bei-der-dach-tagung-der-deutschsprachigen-strassenzeitungen\/","url":"https:\/\/www.ils-forschung.de\/en\/mabis-team-mit-keynote-bei-der-dach-tagung-der-deutschsprachigen-strassenzeitungen\/","name":"MaBIs-Team mit Keynote bei der DACH Tagung der deutschsprachigen Stra\u00dfenzeitungen - ILS - Institut f\u00fcr Landes- und Stadtentwicklungsforschung","isPartOf":{"@id":"https:\/\/www.ils-forschung.de\/en\/#website"},"primaryImageOfPage":{"@id":"https:\/\/www.ils-forschung.de\/en\/mabis-team-mit-keynote-bei-der-dach-tagung-der-deutschsprachigen-strassenzeitungen\/#primaryimage"},"image":{"@id":"https:\/\/www.ils-forschung.de\/en\/mabis-team-mit-keynote-bei-der-dach-tagung-der-deutschsprachigen-strassenzeitungen\/#primaryimage"},"thumbnailUrl":"https:\/\/www.ils-forschung.de\/wp-content\/uploads\/2023\/04\/ils-social-share-logo.jpg","datePublished":"2026-05-15T09:44:46+00:00","dateModified":"2026-05-15T09:45:31+00:00","breadcrumb":{"@id":"https:\/\/www.ils-forschung.de\/en\/mabis-team-mit-keynote-bei-der-dach-tagung-der-deutschsprachigen-strassenzeitungen\/#breadcrumb"},"inLanguage":"en-US","potentialAction":[{"@type":"ReadAction","target":["https:\/\/www.ils-forschung.de\/en\/mabis-team-mit-keynote-bei-der-dach-tagung-der-deutschsprachigen-strassenzeitungen\/"]}]},{"@type":"ImageObject","inLanguage":"en-US","@id":"https:\/\/www.ils-forschung.de\/en\/mabis-team-mit-keynote-bei-der-dach-tagung-der-deutschsprachigen-strassenzeitungen\/#primaryimage","url":"https:\/\/www.ils-forschung.de\/wp-content\/uploads\/2023\/04\/ils-social-share-logo.jpg","contentUrl":"https:\/\/www.ils-forschung.de\/wp-content\/uploads\/2023\/04\/ils-social-share-logo.jpg","width":1200,"height":630},{"@type":"BreadcrumbList","@id":"https:\/\/www.ils-forschung.de\/en\/mabis-team-mit-keynote-bei-der-dach-tagung-der-deutschsprachigen-strassenzeitungen\/#breadcrumb","itemListElement":[{"@type":"ListItem","position":1,"name":"Home","item":"https:\/\/www.ils-forschung.de\/en\/"},{"@type":"ListItem","position":2,"name":"MaBIs-Team mit Keynote bei der DACH Tagung der deutschsprachigen Stra\u00dfenzeitungen"}]},{"@type":"WebSite","@id":"https:\/\/www.ils-forschung.de\/en\/#website","url":"https:\/\/www.ils-forschung.de\/en\/","name":"ILS - Institut f\u00fcr Landes- und Stadtentwicklungsforschung","description":"Das ILS \u2013 Institut f\u00fcr Landes- und Stadtentwicklungsforschung ist ein raumwissenschaftliches au\u00dferuniversit\u00e4res Forschungsinstitut mit Sitz in Dortmund.","potentialAction":[{"@type":"SearchAction","target":{"@type":"EntryPoint","urlTemplate":"https:\/\/www.ils-forschung.de\/en\/?s={search_term_string}"},"query-input":{"@type":"PropertyValueSpecification","valueRequired":true,"valueName":"search_term_string"}}],"inLanguage":"en-US"}]}},"_links":{"self":[{"href":"https:\/\/www.ils-forschung.de\/en\/wp-json\/wp\/v2\/pages\/58141","targetHints":{"allow":["GET"]}}],"collection":[{"href":"https:\/\/www.ils-forschung.de\/en\/wp-json\/wp\/v2\/pages"}],"about":[{"href":"https:\/\/www.ils-forschung.de\/en\/wp-json\/wp\/v2\/types\/page"}],"author":[{"embeddable":true,"href":"https:\/\/www.ils-forschung.de\/en\/wp-json\/wp\/v2\/users\/17"}],"replies":[{"embeddable":true,"href":"https:\/\/www.ils-forschung.de\/en\/wp-json\/wp\/v2\/comments?post=58141"}],"version-history":[{"count":4,"href":"https:\/\/www.ils-forschung.de\/en\/wp-json\/wp\/v2\/pages\/58141\/revisions"}],"predecessor-version":[{"id":58145,"href":"https:\/\/www.ils-forschung.de\/en\/wp-json\/wp\/v2\/pages\/58141\/revisions\/58145"}],"wp:featuredmedia":[{"embeddable":true,"href":"https:\/\/www.ils-forschung.de\/en\/wp-json\/wp\/v2\/media\/29962"}],"wp:attachment":[{"href":"https:\/\/www.ils-forschung.de\/en\/wp-json\/wp\/v2\/media?parent=58141"}],"curies":[{"name":"wp","href":"https:\/\/api.w.org\/{rel}","templated":true}]}}