{"id":57992,"date":"2026-05-08T11:49:37","date_gmt":"2026-05-08T09:49:37","guid":{"rendered":"https:\/\/www.ils-forschung.de\/veranstaltung-im-dortmunder-rathaus-wie-geht-es-sich-in-dortmund\/"},"modified":"2026-05-08T12:12:07","modified_gmt":"2026-05-08T10:12:07","slug":"veranstaltung-im-dortmunder-rathaus-wie-geht-es-sich-in-dortmund","status":"publish","type":"page","link":"https:\/\/www.ils-forschung.de\/en\/veranstaltung-im-dortmunder-rathaus-wie-geht-es-sich-in-dortmund\/","title":{"rendered":"Veranstaltung im Dortmunder Rathaus: Wie geht es sich in Dortmund?"},"content":{"rendered":"<div class=\"fusion-fullwidth fullwidth-box fusion-builder-row-1 fusion-flex-container nonhundred-percent-fullwidth non-hundred-percent-height-scrolling\" style=\"--awb-border-radius-top-left:0px;--awb-border-radius-top-right:0px;--awb-border-radius-bottom-right:0px;--awb-border-radius-bottom-left:0px;--awb-flex-wrap:wrap;\" ><div class=\"fusion-builder-row fusion-row fusion-flex-align-items-flex-start fusion-flex-content-wrap\" style=\"max-width:1144px;margin-left: calc(-4% \/ 2 );margin-right: calc(-4% \/ 2 );\"><div class=\"fusion-layout-column fusion_builder_column fusion-builder-column-0 fusion_builder_column_1_1 1_1 fusion-flex-column\" style=\"--awb-bg-blend:overlay;--awb-bg-size:cover;--awb-width-large:100%;--awb-margin-top-large:0px;--awb-spacing-right-large:1.92%;--awb-margin-bottom-large:0px;--awb-spacing-left-large:1.92%;--awb-width-medium:100%;--awb-spacing-right-medium:1.92%;--awb-spacing-left-medium:1.92%;--awb-width-small:100%;--awb-spacing-right-small:1.92%;--awb-spacing-left-small:1.92%;\"><div class=\"fusion-column-wrapper fusion-flex-justify-content-flex-start fusion-content-layout-column\"><div class=\"fusion-text fusion-text-1\"><p>In der Dortmunder B\u00fcrgerhalle haben <a href=\"https:\/\/www.ils-forschung.de\/en\/the-ils\/ils-staff\/welsch-janina\/\">Dr. Janina Welsch<\/a> und <a href=\"https:\/\/www.ils-forschung.de\/en\/the-ils\/ils-staff\/stroms-van-der-vlugt-anna-lena\/\">Dr.-Ing Anna-Lena Stroms-van der Vlugt<\/a> am 7. Mai Ergebnisse aus dem Projekt <a href=\"https:\/\/walkurban.eu\/\">WalkUrban<\/a> vorgestellt. Das Zufu\u00dfgehen und die Walkability in Dortmund standen im Zentrum der Pr\u00e4sentation und anschlie\u00dfenden Podiumsdiskussion mit Vertretern der Stadt, des <a href=\"https:\/\/www.vcd.org\/startseite\">VCDs<\/a> und <a href=\"https:\/\/www.fuss-ev.de\/\">FUSS e.V.<\/a>.<\/p>\n<p>Das Publikum diskutierte mit und zeigte Problemstellen auf. Viele w\u00fcnschen sich mehr R\u00fccksichtnahme, denn Konflikte gibt es auf dem Gehweg mit vielen Menschen egal ob sie das Auto, Rad oder E-Scooter nutzen. Dort haben diese eigentlich nichts zu suchen. Die Umsetzung der Fu\u00dfverkehrsstrategie erfolgt in Dortmund zwar vielen zu langsam, aber es gibt auch Fortschritte, z. B. bei Sitzgelegenheiten oder freieren Gehwegen durch Umgestaltungen von Stra\u00dfen. Davon profitieren Alle, denn 100% der Dortmunder sind auch Fu\u00dfg\u00e4nger*innen.<\/p>\n<p>Die Ergebnisse des Projekts sind auch im ILS-TRENDS erschienen. <a href=\"https:\/\/www.ils-forschung.de\/wissenstransfer\/ils-publikationen\/ils-trends\/?id=824\">Zum Heft<\/a><\/p>\n<p>\u00a0<\/p>\n<\/div><\/div><\/div><div class=\"fusion-layout-column fusion_builder_column fusion-builder-column-1 fusion_builder_column_1_3 1_3 fusion-flex-column\" style=\"--awb-bg-size:cover;--awb-width-large:33.3333333333%;--awb-margin-top-large:0px;--awb-spacing-right-large:5.76%;--awb-margin-bottom-large:20px;--awb-spacing-left-large:5.76%;--awb-width-medium:100%;--awb-order-medium:0;--awb-spacing-right-medium:1.92%;--awb-spacing-left-medium:1.92%;--awb-width-small:100%;--awb-order-small:0;--awb-spacing-right-small:1.92%;--awb-spacing-left-small:1.92%;\"><div class=\"fusion-column-wrapper fusion-column-has-shadow fusion-flex-justify-content-flex-start fusion-content-layout-column\"><div class=\"fusion-image-element awb-imageframe-style awb-imageframe-style-below awb-imageframe-style-1\" style=\"--awb-caption-title-font-family:var(--body_typography-font-family);--awb-caption-title-font-weight:var(--body_typography-font-weight);--awb-caption-title-font-style:var(--body_typography-font-style);--awb-caption-title-size:var(--body_typography-font-size);--awb-caption-title-transform:var(--body_typography-text-transform);--awb-caption-title-line-height:var(--body_typography-line-height);--awb-caption-title-letter-spacing:var(--body_typography-letter-spacing);\"><span class=\" fusion-imageframe imageframe-none imageframe-1 hover-type-none\"><img decoding=\"async\" width=\"300\" height=\"225\" alt=\"Zwei Personen stehen neben einem Bildschirm auf dem eine Pr\u00e4sentation zu sehen ist.\" title=\"zuFuss-IMG_4063\" src=\"https:\/\/www.ils-forschung.de\/wp-content\/uploads\/2026\/05\/zuFuss-IMG_4063-300x225.jpg\" class=\"img-responsive wp-image-57989\" srcset=\"https:\/\/www.ils-forschung.de\/wp-content\/uploads\/2026\/05\/zuFuss-IMG_4063-200x150.jpg 200w, https:\/\/www.ils-forschung.de\/wp-content\/uploads\/2026\/05\/zuFuss-IMG_4063-400x300.jpg 400w, https:\/\/www.ils-forschung.de\/wp-content\/uploads\/2026\/05\/zuFuss-IMG_4063-600x450.jpg 600w, https:\/\/www.ils-forschung.de\/wp-content\/uploads\/2026\/05\/zuFuss-IMG_4063-800x600.jpg 800w, https:\/\/www.ils-forschung.de\/wp-content\/uploads\/2026\/05\/zuFuss-IMG_4063-1200x900.jpg 1200w\" sizes=\"(max-width: 1125px) 100vw, (max-width: 765px) 100vw, 400px\" \/><\/span><div class=\"awb-imageframe-caption-container\"><div class=\"awb-imageframe-caption\"><div class=\"awb-imageframe-caption-title\">\u00a9 Otsuka\/ILS<\/div><\/div><\/div><\/div><\/div><\/div><div class=\"fusion-layout-column fusion_builder_column fusion-builder-column-2 fusion_builder_column_1_3 1_3 fusion-flex-column\" style=\"--awb-bg-size:cover;--awb-width-large:33.3333333333%;--awb-margin-top-large:0px;--awb-spacing-right-large:5.76%;--awb-margin-bottom-large:20px;--awb-spacing-left-large:5.76%;--awb-width-medium:100%;--awb-order-medium:0;--awb-spacing-right-medium:1.92%;--awb-spacing-left-medium:1.92%;--awb-width-small:100%;--awb-order-small:0;--awb-spacing-right-small:1.92%;--awb-spacing-left-small:1.92%;\"><div class=\"fusion-column-wrapper fusion-column-has-shadow fusion-flex-justify-content-flex-start fusion-content-layout-column\"><div class=\"fusion-image-element awb-imageframe-style awb-imageframe-style-below awb-imageframe-style-2\" style=\"--awb-caption-title-font-family:var(--body_typography-font-family);--awb-caption-title-font-weight:var(--body_typography-font-weight);--awb-caption-title-font-style:var(--body_typography-font-style);--awb-caption-title-size:var(--body_typography-font-size);--awb-caption-title-transform:var(--body_typography-text-transform);--awb-caption-title-line-height:var(--body_typography-line-height);--awb-caption-title-letter-spacing:var(--body_typography-letter-spacing);\"><span class=\" fusion-imageframe imageframe-none imageframe-2 hover-type-none\"><img decoding=\"async\" width=\"300\" height=\"225\" title=\"zuFuss-IMG_4071\" src=\"https:\/\/www.ils-forschung.de\/wp-content\/uploads\/2026\/05\/zuFuss-IMG_4071-300x225.jpg\" alt class=\"img-responsive wp-image-57990\" srcset=\"https:\/\/www.ils-forschung.de\/wp-content\/uploads\/2026\/05\/zuFuss-IMG_4071-200x150.jpg 200w, https:\/\/www.ils-forschung.de\/wp-content\/uploads\/2026\/05\/zuFuss-IMG_4071-400x300.jpg 400w, https:\/\/www.ils-forschung.de\/wp-content\/uploads\/2026\/05\/zuFuss-IMG_4071-600x450.jpg 600w, https:\/\/www.ils-forschung.de\/wp-content\/uploads\/2026\/05\/zuFuss-IMG_4071-800x600.jpg 800w, https:\/\/www.ils-forschung.de\/wp-content\/uploads\/2026\/05\/zuFuss-IMG_4071-1200x900.jpg 1200w\" sizes=\"(max-width: 1125px) 100vw, (max-width: 765px) 100vw, 400px\" \/><\/span><div class=\"awb-imageframe-caption-container\"><div class=\"awb-imageframe-caption\"><div class=\"awb-imageframe-caption-title\">\u00a9 Otsuka\/ ILS<\/div><\/div><\/div><\/div><\/div><\/div><div class=\"fusion-layout-column fusion_builder_column fusion-builder-column-3 fusion_builder_column_1_3 1_3 fusion-flex-column\" style=\"--awb-bg-size:cover;--awb-width-large:33.3333333333%;--awb-margin-top-large:0px;--awb-spacing-right-large:5.76%;--awb-margin-bottom-large:20px;--awb-spacing-left-large:5.76%;--awb-width-medium:100%;--awb-order-medium:0;--awb-spacing-right-medium:1.92%;--awb-spacing-left-medium:1.92%;--awb-width-small:100%;--awb-order-small:0;--awb-spacing-right-small:1.92%;--awb-spacing-left-small:1.92%;\"><div class=\"fusion-column-wrapper fusion-column-has-shadow fusion-flex-justify-content-flex-start fusion-content-layout-column\"><div class=\"fusion-image-element awb-imageframe-style awb-imageframe-style-below awb-imageframe-style-3\" style=\"--awb-caption-title-font-family:var(--body_typography-font-family);--awb-caption-title-font-weight:var(--body_typography-font-weight);--awb-caption-title-font-style:var(--body_typography-font-style);--awb-caption-title-size:var(--body_typography-font-size);--awb-caption-title-transform:var(--body_typography-text-transform);--awb-caption-title-line-height:var(--body_typography-line-height);--awb-caption-title-letter-spacing:var(--body_typography-letter-spacing);\"><span class=\" fusion-imageframe imageframe-none imageframe-3 hover-type-none\"><img decoding=\"async\" width=\"300\" height=\"225\" title=\"zuFuss-IMG_4068\" src=\"https:\/\/www.ils-forschung.de\/wp-content\/uploads\/2026\/05\/zuFuss-IMG_4068-300x225.jpg\" alt class=\"img-responsive wp-image-57991\" srcset=\"https:\/\/www.ils-forschung.de\/wp-content\/uploads\/2026\/05\/zuFuss-IMG_4068-200x150.jpg 200w, https:\/\/www.ils-forschung.de\/wp-content\/uploads\/2026\/05\/zuFuss-IMG_4068-400x300.jpg 400w, https:\/\/www.ils-forschung.de\/wp-content\/uploads\/2026\/05\/zuFuss-IMG_4068-600x450.jpg 600w, https:\/\/www.ils-forschung.de\/wp-content\/uploads\/2026\/05\/zuFuss-IMG_4068-800x600.jpg 800w, https:\/\/www.ils-forschung.de\/wp-content\/uploads\/2026\/05\/zuFuss-IMG_4068-1200x900.jpg 1200w\" sizes=\"(max-width: 1125px) 100vw, (max-width: 765px) 100vw, 400px\" \/><\/span><div class=\"awb-imageframe-caption-container\"><div class=\"awb-imageframe-caption\"><div class=\"awb-imageframe-caption-title\">\u00a9 Otsuka\/ ILS<\/div><\/div><\/div><\/div><\/div><\/div><\/div><\/div>\n","protected":false},"excerpt":{"rendered":"","protected":false},"author":17,"featured_media":29962,"parent":0,"menu_order":0,"comment_status":"closed","ping_status":"closed","template":"","meta":{"footnotes":""},"class_list":["post-57992","page","type-page","status-publish","has-post-thumbnail","hentry"],"yoast_head":"<!-- This site is optimized with the Yoast SEO plugin v27.1.1 - https:\/\/yoast.com\/product\/yoast-seo-wordpress\/ -->\n<title>Veranstaltung im Dortmunder Rathaus: Wie geht es sich in Dortmund? - ILS - Institut f\u00fcr Landes- und Stadtentwicklungsforschung<\/title>\n<meta name=\"robots\" content=\"index, follow, max-snippet:-1, max-image-preview:large, max-video-preview:-1\" \/>\n<link rel=\"canonical\" href=\"https:\/\/www.ils-forschung.de\/en\/veranstaltung-im-dortmunder-rathaus-wie-geht-es-sich-in-dortmund\/\" \/>\n<meta property=\"og:locale\" content=\"en_US\" \/>\n<meta property=\"og:type\" content=\"article\" \/>\n<meta property=\"og:title\" content=\"Veranstaltung im Dortmunder Rathaus: Wie geht es sich in Dortmund? - ILS - Institut f\u00fcr Landes- und Stadtentwicklungsforschung\" \/>\n<meta property=\"og:url\" content=\"https:\/\/www.ils-forschung.de\/en\/veranstaltung-im-dortmunder-rathaus-wie-geht-es-sich-in-dortmund\/\" \/>\n<meta property=\"og:site_name\" content=\"ILS - Institut f\u00fcr Landes- und Stadtentwicklungsforschung\" \/>\n<meta property=\"article:modified_time\" content=\"2026-05-08T10:12:07+00:00\" \/>\n<meta name=\"twitter:card\" content=\"summary_large_image\" \/>\n<meta name=\"twitter:site\" content=\"@ILS_forschung\" \/>\n<meta name=\"twitter:label1\" content=\"Est. reading time\" \/>\n\t<meta name=\"twitter:data1\" content=\"2 minutes\" \/>\n<script type=\"application\/ld+json\" class=\"yoast-schema-graph\">{\"@context\":\"https:\/\/schema.org\",\"@graph\":[{\"@type\":\"WebPage\",\"@id\":\"https:\/\/www.ils-forschung.de\/en\/veranstaltung-im-dortmunder-rathaus-wie-geht-es-sich-in-dortmund\/\",\"url\":\"https:\/\/www.ils-forschung.de\/en\/veranstaltung-im-dortmunder-rathaus-wie-geht-es-sich-in-dortmund\/\",\"name\":\"Veranstaltung im Dortmunder Rathaus: Wie geht es sich in Dortmund? - ILS - Institut f\u00fcr Landes- und Stadtentwicklungsforschung\",\"isPartOf\":{\"@id\":\"https:\/\/www.ils-forschung.de\/en\/#website\"},\"primaryImageOfPage\":{\"@id\":\"https:\/\/www.ils-forschung.de\/en\/veranstaltung-im-dortmunder-rathaus-wie-geht-es-sich-in-dortmund\/#primaryimage\"},\"image\":{\"@id\":\"https:\/\/www.ils-forschung.de\/en\/veranstaltung-im-dortmunder-rathaus-wie-geht-es-sich-in-dortmund\/#primaryimage\"},\"thumbnailUrl\":\"https:\/\/www.ils-forschung.de\/wp-content\/uploads\/2023\/04\/ils-social-share-logo.jpg\",\"datePublished\":\"2026-05-08T09:49:37+00:00\",\"dateModified\":\"2026-05-08T10:12:07+00:00\",\"breadcrumb\":{\"@id\":\"https:\/\/www.ils-forschung.de\/en\/veranstaltung-im-dortmunder-rathaus-wie-geht-es-sich-in-dortmund\/#breadcrumb\"},\"inLanguage\":\"en-US\",\"potentialAction\":[{\"@type\":\"ReadAction\",\"target\":[\"https:\/\/www.ils-forschung.de\/en\/veranstaltung-im-dortmunder-rathaus-wie-geht-es-sich-in-dortmund\/\"]}]},{\"@type\":\"ImageObject\",\"inLanguage\":\"en-US\",\"@id\":\"https:\/\/www.ils-forschung.de\/en\/veranstaltung-im-dortmunder-rathaus-wie-geht-es-sich-in-dortmund\/#primaryimage\",\"url\":\"https:\/\/www.ils-forschung.de\/wp-content\/uploads\/2023\/04\/ils-social-share-logo.jpg\",\"contentUrl\":\"https:\/\/www.ils-forschung.de\/wp-content\/uploads\/2023\/04\/ils-social-share-logo.jpg\",\"width\":1200,\"height\":630},{\"@type\":\"BreadcrumbList\",\"@id\":\"https:\/\/www.ils-forschung.de\/en\/veranstaltung-im-dortmunder-rathaus-wie-geht-es-sich-in-dortmund\/#breadcrumb\",\"itemListElement\":[{\"@type\":\"ListItem\",\"position\":1,\"name\":\"Home\",\"item\":\"https:\/\/www.ils-forschung.de\/en\/\"},{\"@type\":\"ListItem\",\"position\":2,\"name\":\"Veranstaltung im Dortmunder Rathaus: Wie geht es sich in Dortmund?\"}]},{\"@type\":\"WebSite\",\"@id\":\"https:\/\/www.ils-forschung.de\/en\/#website\",\"url\":\"https:\/\/www.ils-forschung.de\/en\/\",\"name\":\"ILS - Institut f\u00fcr Landes- und Stadtentwicklungsforschung\",\"description\":\"Das ILS \u2013 Institut f\u00fcr Landes- und Stadtentwicklungsforschung ist ein raumwissenschaftliches au\u00dferuniversit\u00e4res Forschungsinstitut mit Sitz in Dortmund.\",\"potentialAction\":[{\"@type\":\"SearchAction\",\"target\":{\"@type\":\"EntryPoint\",\"urlTemplate\":\"https:\/\/www.ils-forschung.de\/en\/?s={search_term_string}\"},\"query-input\":{\"@type\":\"PropertyValueSpecification\",\"valueRequired\":true,\"valueName\":\"search_term_string\"}}],\"inLanguage\":\"en-US\"}]}<\/script>\n<!-- \/ Yoast SEO plugin. -->","yoast_head_json":{"title":"Veranstaltung im Dortmunder Rathaus: Wie geht es sich in Dortmund? - ILS - Institut f\u00fcr Landes- und Stadtentwicklungsforschung","robots":{"index":"index","follow":"follow","max-snippet":"max-snippet:-1","max-image-preview":"max-image-preview:large","max-video-preview":"max-video-preview:-1"},"canonical":"https:\/\/www.ils-forschung.de\/en\/veranstaltung-im-dortmunder-rathaus-wie-geht-es-sich-in-dortmund\/","og_locale":"en_US","og_type":"article","og_title":"Veranstaltung im Dortmunder Rathaus: Wie geht es sich in Dortmund? - ILS - Institut f\u00fcr Landes- und Stadtentwicklungsforschung","og_url":"https:\/\/www.ils-forschung.de\/en\/veranstaltung-im-dortmunder-rathaus-wie-geht-es-sich-in-dortmund\/","og_site_name":"ILS - Institut f\u00fcr Landes- und Stadtentwicklungsforschung","article_modified_time":"2026-05-08T10:12:07+00:00","twitter_card":"summary_large_image","twitter_site":"@ILS_forschung","twitter_misc":{"Est. reading time":"2 minutes"},"schema":{"@context":"https:\/\/schema.org","@graph":[{"@type":"WebPage","@id":"https:\/\/www.ils-forschung.de\/en\/veranstaltung-im-dortmunder-rathaus-wie-geht-es-sich-in-dortmund\/","url":"https:\/\/www.ils-forschung.de\/en\/veranstaltung-im-dortmunder-rathaus-wie-geht-es-sich-in-dortmund\/","name":"Veranstaltung im Dortmunder Rathaus: Wie geht es sich in Dortmund? - ILS - Institut f\u00fcr Landes- und Stadtentwicklungsforschung","isPartOf":{"@id":"https:\/\/www.ils-forschung.de\/en\/#website"},"primaryImageOfPage":{"@id":"https:\/\/www.ils-forschung.de\/en\/veranstaltung-im-dortmunder-rathaus-wie-geht-es-sich-in-dortmund\/#primaryimage"},"image":{"@id":"https:\/\/www.ils-forschung.de\/en\/veranstaltung-im-dortmunder-rathaus-wie-geht-es-sich-in-dortmund\/#primaryimage"},"thumbnailUrl":"https:\/\/www.ils-forschung.de\/wp-content\/uploads\/2023\/04\/ils-social-share-logo.jpg","datePublished":"2026-05-08T09:49:37+00:00","dateModified":"2026-05-08T10:12:07+00:00","breadcrumb":{"@id":"https:\/\/www.ils-forschung.de\/en\/veranstaltung-im-dortmunder-rathaus-wie-geht-es-sich-in-dortmund\/#breadcrumb"},"inLanguage":"en-US","potentialAction":[{"@type":"ReadAction","target":["https:\/\/www.ils-forschung.de\/en\/veranstaltung-im-dortmunder-rathaus-wie-geht-es-sich-in-dortmund\/"]}]},{"@type":"ImageObject","inLanguage":"en-US","@id":"https:\/\/www.ils-forschung.de\/en\/veranstaltung-im-dortmunder-rathaus-wie-geht-es-sich-in-dortmund\/#primaryimage","url":"https:\/\/www.ils-forschung.de\/wp-content\/uploads\/2023\/04\/ils-social-share-logo.jpg","contentUrl":"https:\/\/www.ils-forschung.de\/wp-content\/uploads\/2023\/04\/ils-social-share-logo.jpg","width":1200,"height":630},{"@type":"BreadcrumbList","@id":"https:\/\/www.ils-forschung.de\/en\/veranstaltung-im-dortmunder-rathaus-wie-geht-es-sich-in-dortmund\/#breadcrumb","itemListElement":[{"@type":"ListItem","position":1,"name":"Home","item":"https:\/\/www.ils-forschung.de\/en\/"},{"@type":"ListItem","position":2,"name":"Veranstaltung im Dortmunder Rathaus: Wie geht es sich in Dortmund?"}]},{"@type":"WebSite","@id":"https:\/\/www.ils-forschung.de\/en\/#website","url":"https:\/\/www.ils-forschung.de\/en\/","name":"ILS - Institut f\u00fcr Landes- und Stadtentwicklungsforschung","description":"Das ILS \u2013 Institut f\u00fcr Landes- und Stadtentwicklungsforschung ist ein raumwissenschaftliches au\u00dferuniversit\u00e4res Forschungsinstitut mit Sitz in Dortmund.","potentialAction":[{"@type":"SearchAction","target":{"@type":"EntryPoint","urlTemplate":"https:\/\/www.ils-forschung.de\/en\/?s={search_term_string}"},"query-input":{"@type":"PropertyValueSpecification","valueRequired":true,"valueName":"search_term_string"}}],"inLanguage":"en-US"}]}},"_links":{"self":[{"href":"https:\/\/www.ils-forschung.de\/en\/wp-json\/wp\/v2\/pages\/57992","targetHints":{"allow":["GET"]}}],"collection":[{"href":"https:\/\/www.ils-forschung.de\/en\/wp-json\/wp\/v2\/pages"}],"about":[{"href":"https:\/\/www.ils-forschung.de\/en\/wp-json\/wp\/v2\/types\/page"}],"author":[{"embeddable":true,"href":"https:\/\/www.ils-forschung.de\/en\/wp-json\/wp\/v2\/users\/17"}],"replies":[{"embeddable":true,"href":"https:\/\/www.ils-forschung.de\/en\/wp-json\/wp\/v2\/comments?post=57992"}],"version-history":[{"count":5,"href":"https:\/\/www.ils-forschung.de\/en\/wp-json\/wp\/v2\/pages\/57992\/revisions"}],"predecessor-version":[{"id":58004,"href":"https:\/\/www.ils-forschung.de\/en\/wp-json\/wp\/v2\/pages\/57992\/revisions\/58004"}],"wp:featuredmedia":[{"embeddable":true,"href":"https:\/\/www.ils-forschung.de\/en\/wp-json\/wp\/v2\/media\/29962"}],"wp:attachment":[{"href":"https:\/\/www.ils-forschung.de\/en\/wp-json\/wp\/v2\/media?parent=57992"}],"curies":[{"name":"wp","href":"https:\/\/api.w.org\/{rel}","templated":true}]}}