{"id":575,"date":"2018-06-27T11:52:27","date_gmt":"2018-06-27T09:52:27","guid":{"rendered":"https:\/\/www.ils-forschung.de\/johannes-rau-society\/"},"modified":"2026-03-11T09:28:36","modified_gmt":"2026-03-11T08:28:36","slug":"johannes-rau-research-foundation","status":"publish","type":"page","link":"https:\/\/www.ils-forschung.de\/en\/the-ils\/profile\/johannes-rau-research-foundation\/","title":{"rendered":"Johannes Rau Research Foundation"},"content":{"rendered":"<div class=\"fusion-fullwidth fullwidth-box fusion-builder-row-1 fusion-flex-container nonhundred-percent-fullwidth non-hundred-percent-height-scrolling\" style=\"--awb-border-radius-top-left:0px;--awb-border-radius-top-right:0px;--awb-border-radius-bottom-right:0px;--awb-border-radius-bottom-left:0px;--awb-flex-wrap:wrap;\" ><div class=\"fusion-builder-row fusion-row fusion-flex-align-items-flex-start fusion-flex-content-wrap\" style=\"max-width:1144px;margin-left: calc(-4% \/ 2 );margin-right: calc(-4% \/ 2 );\"><div class=\"fusion-layout-column fusion_builder_column fusion-builder-column-0 fusion_builder_column_1_1 1_1 fusion-flex-column\" style=\"--awb-bg-blend:overlay;--awb-bg-size:cover;--awb-width-large:100%;--awb-margin-top-large:0px;--awb-spacing-right-large:1.92%;--awb-margin-bottom-large:20px;--awb-spacing-left-large:1.92%;--awb-width-medium:100%;--awb-spacing-right-medium:1.92%;--awb-spacing-left-medium:1.92%;--awb-width-small:100%;--awb-spacing-right-small:1.92%;--awb-spacing-left-small:1.92%;\"><div class=\"fusion-column-wrapper fusion-flex-justify-content-flex-start fusion-content-layout-column\"><div class=\"fusion-image-element \" style=\"--awb-caption-title-font-family:var(--h2_typography-font-family);--awb-caption-title-font-weight:var(--h2_typography-font-weight);--awb-caption-title-font-style:var(--h2_typography-font-style);--awb-caption-title-size:var(--h2_typography-font-size);--awb-caption-title-transform:var(--h2_typography-text-transform);--awb-caption-title-line-height:var(--h2_typography-line-height);--awb-caption-title-letter-spacing:var(--h2_typography-letter-spacing);\"><span class=\" fusion-imageframe imageframe-none imageframe-1 hover-type-none\"><img decoding=\"async\" width=\"1200\" height=\"364\" title=\"headerbild-jrf-c-jrf\" src=\"https:\/\/www.ils-forschung.de\/wp-content\/uploads\/2024\/10\/headerbild-jrf-c-jrf.webp\" alt class=\"img-responsive wp-image-40605\" srcset=\"https:\/\/www.ils-forschung.de\/wp-content\/uploads\/2024\/10\/headerbild-jrf-c-jrf-200x61.webp 200w, https:\/\/www.ils-forschung.de\/wp-content\/uploads\/2024\/10\/headerbild-jrf-c-jrf-400x121.webp 400w, https:\/\/www.ils-forschung.de\/wp-content\/uploads\/2024\/10\/headerbild-jrf-c-jrf-600x182.webp 600w, https:\/\/www.ils-forschung.de\/wp-content\/uploads\/2024\/10\/headerbild-jrf-c-jrf-800x243.webp 800w, https:\/\/www.ils-forschung.de\/wp-content\/uploads\/2024\/10\/headerbild-jrf-c-jrf.webp 1200w\" sizes=\"(max-width: 1125px) 100vw, (max-width: 765px) 100vw, 1200px\" \/><\/span><\/div><div class=\"fusion-text fusion-text-1 fusion-text-no-margin\" style=\"--awb-margin-bottom:20px;\"><p><span style=\"font-size: 10px; float: right;\">\u00a9 JRF e. V.<\/span><\/p>\n<\/div><div class=\"fusion-text fusion-text-2\" style=\"--awb-text-transform:none;\"><p>The JRF is a research community of 15 independent, non-university and non-profit research institutes in the German state of North Rhine-Westphalia. The common goal is to conduct sustainable and forward-thinking research for society, economy and politics. The institutes work together across disciplines, conduct joint public relations work, promote young researchers and are evaluated by external experts. In addition to the scientific members, the state of North Rhine-Westphalia is a founding member, represented by the Ministry of Culture and Science.<\/p>\n<p>The institutes of the Johannes Rau Research Foundation are institutionally funded by the federal state of North Rhine-Westphalia.<\/p>\n<\/div><div class=\"fusion-separator fusion-full-width-sep\" style=\"align-self: center;margin-left: auto;margin-right: auto;margin-top:10px;margin-bottom:10px;width:100%;\"><\/div><div class=\"fusion-text fusion-text-3\"><h2>The main topics<\/h2>\n<p>The scientific institutes of the Johannes Rau Research Foundation accompany and research the transformation from an industrial to a knowledge society in four key areas:<\/p>\n<p><strong>Cities &#038; Infrastructure<\/strong><br \/>How can we design liveable cities and adequate infrastructures in the face of demographic change and changing needs?<\/p>\n<p><strong>Industry &#038; environment<\/strong><br \/>How can we make production, logistics and mobility sustainable?<\/p>\n<p><strong>Society &#038; digitalization<\/strong><br \/>What opportunities and challenges does the digitalization of all areas of our lives entail and how can we shape these for the benefit of individuals and society?<\/p>\n<p><strong>Globalization &#038; integration<\/strong><br \/>How can we shape the effects of globalization in a humane way at local and regional level in different parts of the world?<\/p>\n<\/div><div class=\"fusion-separator fusion-full-width-sep\" style=\"align-self: center;margin-left: auto;margin-right: auto;margin-top:10px;margin-bottom:10px;width:100%;\"><\/div><div class=\"fusion-text fusion-text-4\"><h2>What does the JRF do? The Research Foundation in the explanatory video (in German)<\/h2>\n<p><a href=\"https:\/\/www.youtube.com\/watch?v=kcDWaE2HNbA\"><img decoding=\"async\" class=\"alignnone size-full wp-image-3455\" style=\"border: 1px solid #cccccc;\" src=\"https:\/\/www.ils-forschung.de\/wp-content\/uploads\/2019\/04\/jrf-erklaer-video.jpg\" alt=\"\" width=\"480\" height=\"270\" srcset=\"https:\/\/www.ils-forschung.de\/wp-content\/uploads\/2019\/04\/jrf-erklaer-video-200x113.jpg 200w, https:\/\/www.ils-forschung.de\/wp-content\/uploads\/2019\/04\/jrf-erklaer-video-300x169.jpg 300w, https:\/\/www.ils-forschung.de\/wp-content\/uploads\/2019\/04\/jrf-erklaer-video-400x225.jpg 400w, https:\/\/www.ils-forschung.de\/wp-content\/uploads\/2019\/04\/jrf-erklaer-video.jpg 480w\" sizes=\"(max-width: 480px) 100vw, 480px\" \/><\/a><br \/><a href=\"https:\/\/www.youtube.com\/watch?v=kcDWaE2HNbA\" target=\"_blank\" rel=\"noopener noreferrer\">\u25b6 Video<\/a><\/p>\n<\/div><div class=\"fusion-separator fusion-full-width-sep\" style=\"align-self: center;margin-left: auto;margin-right: auto;margin-top:10px;margin-bottom:10px;width:100%;\"><\/div><div class=\"fusion-text fusion-text-5\" style=\"--awb-text-transform:none;\"><h2>The member institutes<\/h2>\n<\/p>\n<ul>\n<li><a href=\"https:\/\/www.amo.de\/de\/\">AMO \u2212 Gesellschaft f\u00fcr Angewandte Micro- und Optoelektronik mbH (Aachen)<\/a><\/li>\n<li><a href=\"https:\/\/www.bicc.de\/\">BICC \u2212 Bonn International Centre for Conflict Studies (Bonn)<\/a><\/li>\n<li><a href=\"https:\/\/www.dst-org.de\/\">DST \u2212 Entwicklungszentrum f\u00fcr Schiffstechnik und Transportsysteme<\/a><\/li>\n<li><a href=\"https:\/\/www.ewi.uni-koeln.de\/de\/\">EWI \u2013 Energiewirtschaftliches Institut an der Universit\u00e4t zu K\u00f6ln<\/a><\/li>\n<li><a href=\"https:\/\/www.fir.rwth-aachen.de\/\">FIR \u2212 Forschungsinstitut f\u00fcr Rationalisierung (Aachen)<\/a><\/li>\n<li><a href=\"https:\/\/www.fiw.rwth-aachen.de\/\">FIW \u2212 Forschungsinstitut f\u00fcr Wasser- und Abfallwirtschaft (Aachen)<\/a><\/li>\n<li><a href=\"https:\/\/www.idos-research.de\/\">IDOS \u2212 German Institute of Development and Sustainability (Bonn)<\/a><\/li>\n<li><a href=\"https:\/\/www.ils-forschung.de\/en\/\">ILS \u2212 Institut f\u00fcr Landes- und Stadtentwicklungsforschung (Dortmund)<\/a><\/li>\n<li><a href=\"https:\/\/www.iuta.de\/\">iuta \u2212 Institut f\u00fcr Umwelt &amp; Energie, Technik &amp; Analytik<\/a><\/li>\n<li><a href=\"https:\/\/iww-online.de\/\">IWW \u2212 Rheinisch-Westf\u00e4lische Institut f\u00fcr Wasserforschung<\/a><\/li>\n<li><a href=\"http:\/\/www.steinheim-institut.de\/wiki\/index.php\/Hauptseite\">Salomon Ludwig Steinheim-Institut f\u00fcr deutsch-j\u00fcdische Geschichte (Essen)<\/a><\/li>\n<li><a href=\"https:\/\/wupperinst.org\/\">Wuppertal Institut f\u00fcr Klima, Umwelt, Energie (Wuppertal)<\/a><\/li>\n<li><a href=\"https:\/\/www.zbt-duisburg.de\/nc\/meta-menu\/startseite\/\">ZBT \u2212 Zentrum f\u00fcr BrennstoffzellenTechnik (Duisburg)<\/a><\/li>\n<li><a href=\"https:\/\/www.zfti.de\/\">ZfTI \u2212 Stiftung Zentrum f\u00fcr T\u00fcrkeistudien und Integrationsforschung (Essen)<\/a><\/li>\n<\/ul>\n<\/div><div class=\"fusion-separator fusion-full-width-sep\" style=\"align-self: center;margin-left: auto;margin-right: auto;margin-top:10px;margin-bottom:10px;width:100%;\"><\/div><div class=\"fusion-image-element \" style=\"--awb-max-width:800px;--awb-caption-title-font-family:var(--h2_typography-font-family);--awb-caption-title-font-weight:var(--h2_typography-font-weight);--awb-caption-title-font-style:var(--h2_typography-font-style);--awb-caption-title-size:var(--h2_typography-font-size);--awb-caption-title-transform:var(--h2_typography-text-transform);--awb-caption-title-line-height:var(--h2_typography-line-height);--awb-caption-title-letter-spacing:var(--h2_typography-letter-spacing);\"><span class=\" fusion-imageframe imageframe-none imageframe-2 hover-type-none\"><img decoding=\"async\" width=\"2560\" height=\"2367\" title=\"JRF_15_2026\" src=\"https:\/\/www.ils-forschung.de\/wp-content\/uploads\/2026\/03\/JRF_15_2026-scaled.png\" alt class=\"img-responsive wp-image-56290\" srcset=\"https:\/\/www.ils-forschung.de\/wp-content\/uploads\/2026\/03\/JRF_15_2026-200x185.png 200w, https:\/\/www.ils-forschung.de\/wp-content\/uploads\/2026\/03\/JRF_15_2026-400x370.png 400w, https:\/\/www.ils-forschung.de\/wp-content\/uploads\/2026\/03\/JRF_15_2026-600x555.png 600w, https:\/\/www.ils-forschung.de\/wp-content\/uploads\/2026\/03\/JRF_15_2026-800x740.png 800w, https:\/\/www.ils-forschung.de\/wp-content\/uploads\/2026\/03\/JRF_15_2026-1200x1109.png 1200w, https:\/\/www.ils-forschung.de\/wp-content\/uploads\/2026\/03\/JRF_15_2026-scaled.png 2560w\" sizes=\"(max-width: 1125px) 100vw, (max-width: 765px) 100vw, 1200px\" \/><\/span><\/div><div class=\"fusion-separator fusion-full-width-sep\" style=\"align-self: center;margin-left: auto;margin-right: auto;margin-top:20px;margin-bottom:20px;width:100%;\"><\/div><div class=\"fusion-text fusion-text-6\"><h2>Links and reports<\/h2>\n<p><a href=\"https:\/\/jrf.nrw\/\" target=\"_blank\" rel=\"noopener noreferrer\">\u2197 zur Website der JRF<\/a><br \/><a href=\"https:\/\/jrf.nrw\/wp-content\/uploads\/2024\/03\/broschuere-10-jahre-jrf.pdf\" target=\"_blank\" rel=\"noopener\">Brosch\u00fcre 10 Jahre JRF!<\/a><br \/><a href=\"https:\/\/www.ils-forschung.de\/wp-content\/uploads\/2023\/09\/jrf-infobroschure-2023.pdf\" target=\"_blank\" rel=\"noopener noreferrer\">\u2197 Brosch\u00fcre JRF<\/a><br \/><a href=\"https:\/\/www.ils-forschung.de\/wp-content\/uploads\/2018\/12\/12_thesen_zur_jrf.pdf\" target=\"_blank\" rel=\"noopener noreferrer\">\u2197 12 Thesen zur JRF<\/a><br \/><a href=\"https:\/\/www.ils-forschung.de\/wp-content\/uploads\/2019\/04\/5-jahresschrift.pdf\" target=\"_blank\" rel=\"noopener noreferrer\">\u2197 Jubil\u00e4umsschrift 5 Jahre JRF<\/a><br \/><a href=\"https:\/\/www.ils-forschung.de\/wp-content\/uploads\/2025\/04\/jrf-jahresbericht-2024.pdf\" target=\"_blank\" rel=\"noopener noreferrer\">\u2197 zum JRF-Jahresbericht 2024<\/a><br \/><a href=\"https:\/\/www.ils-forschung.de\/wp-content\/uploads\/2024\/03\/jrf-jahresbericht-2023.pdf\" target=\"_blank\" rel=\"noopener noreferrer\">\u2197 zum JRF-Jahresbericht 2023<\/a><br \/><a href=\"https:\/\/www.ils-forschung.de\/wp-content\/uploads\/2023\/04\/jrf-jahresbericht-2022.pdf\" target=\"_blank\" rel=\"noopener noreferrer\">\u2197 zum JRF-Jahresbericht 2022<\/a><br \/><a href=\"https:\/\/www.ils-forschung.de\/wp-content\/uploads\/2022\/04\/jrf-jahresbericht-2021.pdf\" target=\"_blank\" rel=\"noopener noreferrer\">\u2197 zum JRF-Jahresbericht 2021<\/a><br \/><a href=\"https:\/\/www.ils-forschung.de\/wp-content\/uploads\/2021\/04\/jrf-jahresbericht-2020.pdf\" target=\"_blank\" rel=\"noopener noreferrer\">\u2197 zum JRF-Jahresbericht 2020<\/a><br \/><a href=\"https:\/\/www.ils-forschung.de\/wp-content\/uploads\/2020\/03\/jrf-jahresbericht-2019.pdf\" target=\"_blank\" rel=\"noopener noreferrer\">\u2197 zum JRF-Jahresbericht 2019<\/a><\/p>\n<\/div><\/div><\/div><\/div><\/div>\n","protected":false},"excerpt":{"rendered":"","protected":false},"author":14,"featured_media":29962,"parent":576,"menu_order":0,"comment_status":"closed","ping_status":"closed","template":"","meta":{"footnotes":""},"class_list":["post-575","page","type-page","status-publish","has-post-thumbnail","hentry"],"yoast_head":"<!-- This site is optimized with the Yoast SEO plugin v27.1.1 - https:\/\/yoast.com\/product\/yoast-seo-wordpress\/ -->\n<title>Johannes Rau Research Foundation - ILS - Institut f\u00fcr Landes- und Stadtentwicklungsforschung<\/title>\n<meta name=\"robots\" content=\"index, follow, max-snippet:-1, max-image-preview:large, max-video-preview:-1\" \/>\n<link rel=\"canonical\" href=\"https:\/\/www.ils-forschung.de\/en\/the-ils\/profile\/johannes-rau-research-foundation\/\" \/>\n<meta property=\"og:locale\" content=\"en_US\" \/>\n<meta property=\"og:type\" content=\"article\" \/>\n<meta property=\"og:title\" content=\"Johannes Rau Research Foundation - ILS - Institut f\u00fcr Landes- und Stadtentwicklungsforschung\" \/>\n<meta property=\"og:url\" content=\"https:\/\/www.ils-forschung.de\/en\/the-ils\/profile\/johannes-rau-research-foundation\/\" \/>\n<meta property=\"og:site_name\" content=\"ILS - Institut f\u00fcr Landes- und Stadtentwicklungsforschung\" \/>\n<meta property=\"article:modified_time\" content=\"2026-03-11T08:28:36+00:00\" \/>\n<meta property=\"og:image\" content=\"https:\/\/www.ils-forschung.de\/wp-content\/uploads\/2023\/04\/ils-social-share-logo.jpg\" \/>\n\t<meta property=\"og:image:width\" content=\"1200\" \/>\n\t<meta property=\"og:image:height\" content=\"630\" \/>\n\t<meta property=\"og:image:type\" content=\"image\/jpeg\" \/>\n<meta name=\"twitter:card\" content=\"summary_large_image\" \/>\n<meta name=\"twitter:site\" content=\"@ILS_forschung\" \/>\n<meta name=\"twitter:label1\" content=\"Est. reading time\" \/>\n\t<meta name=\"twitter:data1\" content=\"6 minutes\" \/>\n<script type=\"application\/ld+json\" class=\"yoast-schema-graph\">{\"@context\":\"https:\/\/schema.org\",\"@graph\":[{\"@type\":\"WebPage\",\"@id\":\"https:\/\/www.ils-forschung.de\/en\/the-ils\/profile\/johannes-rau-research-foundation\/\",\"url\":\"https:\/\/www.ils-forschung.de\/en\/the-ils\/profile\/johannes-rau-research-foundation\/\",\"name\":\"Johannes Rau Research Foundation - ILS - Institut f\u00fcr Landes- und Stadtentwicklungsforschung\",\"isPartOf\":{\"@id\":\"https:\/\/www.ils-forschung.de\/en\/#website\"},\"primaryImageOfPage\":{\"@id\":\"https:\/\/www.ils-forschung.de\/en\/the-ils\/profile\/johannes-rau-research-foundation\/#primaryimage\"},\"image\":{\"@id\":\"https:\/\/www.ils-forschung.de\/en\/the-ils\/profile\/johannes-rau-research-foundation\/#primaryimage\"},\"thumbnailUrl\":\"https:\/\/www.ils-forschung.de\/wp-content\/uploads\/2023\/04\/ils-social-share-logo.jpg\",\"datePublished\":\"2018-06-27T09:52:27+00:00\",\"dateModified\":\"2026-03-11T08:28:36+00:00\",\"breadcrumb\":{\"@id\":\"https:\/\/www.ils-forschung.de\/en\/the-ils\/profile\/johannes-rau-research-foundation\/#breadcrumb\"},\"inLanguage\":\"en-US\",\"potentialAction\":[{\"@type\":\"ReadAction\",\"target\":[\"https:\/\/www.ils-forschung.de\/en\/the-ils\/profile\/johannes-rau-research-foundation\/\"]}]},{\"@type\":\"ImageObject\",\"inLanguage\":\"en-US\",\"@id\":\"https:\/\/www.ils-forschung.de\/en\/the-ils\/profile\/johannes-rau-research-foundation\/#primaryimage\",\"url\":\"https:\/\/www.ils-forschung.de\/wp-content\/uploads\/2023\/04\/ils-social-share-logo.jpg\",\"contentUrl\":\"https:\/\/www.ils-forschung.de\/wp-content\/uploads\/2023\/04\/ils-social-share-logo.jpg\",\"width\":1200,\"height\":630},{\"@type\":\"BreadcrumbList\",\"@id\":\"https:\/\/www.ils-forschung.de\/en\/the-ils\/profile\/johannes-rau-research-foundation\/#breadcrumb\",\"itemListElement\":[{\"@type\":\"ListItem\",\"position\":1,\"name\":\"Home\",\"item\":\"https:\/\/www.ils-forschung.de\/en\/\"},{\"@type\":\"ListItem\",\"position\":2,\"name\":\"The ILS\",\"item\":\"https:\/\/www.ils-forschung.de\/en\/the-ils\/\"},{\"@type\":\"ListItem\",\"position\":3,\"name\":\"Profile\",\"item\":\"https:\/\/www.ils-forschung.de\/en\/das-ils\/profil\/\"},{\"@type\":\"ListItem\",\"position\":4,\"name\":\"Johannes Rau Research Foundation\"}]},{\"@type\":\"WebSite\",\"@id\":\"https:\/\/www.ils-forschung.de\/en\/#website\",\"url\":\"https:\/\/www.ils-forschung.de\/en\/\",\"name\":\"ILS - Institut f\u00fcr Landes- und Stadtentwicklungsforschung\",\"description\":\"Das ILS \u2013 Institut f\u00fcr Landes- und Stadtentwicklungsforschung ist ein raumwissenschaftliches au\u00dferuniversit\u00e4res Forschungsinstitut mit Sitz in Dortmund.\",\"potentialAction\":[{\"@type\":\"SearchAction\",\"target\":{\"@type\":\"EntryPoint\",\"urlTemplate\":\"https:\/\/www.ils-forschung.de\/en\/?s={search_term_string}\"},\"query-input\":{\"@type\":\"PropertyValueSpecification\",\"valueRequired\":true,\"valueName\":\"search_term_string\"}}],\"inLanguage\":\"en-US\"}]}<\/script>\n<!-- \/ Yoast SEO plugin. -->","yoast_head_json":{"title":"Johannes Rau Research Foundation - ILS - Institut f\u00fcr Landes- und Stadtentwicklungsforschung","robots":{"index":"index","follow":"follow","max-snippet":"max-snippet:-1","max-image-preview":"max-image-preview:large","max-video-preview":"max-video-preview:-1"},"canonical":"https:\/\/www.ils-forschung.de\/en\/the-ils\/profile\/johannes-rau-research-foundation\/","og_locale":"en_US","og_type":"article","og_title":"Johannes Rau Research Foundation - ILS - Institut f\u00fcr Landes- und Stadtentwicklungsforschung","og_url":"https:\/\/www.ils-forschung.de\/en\/the-ils\/profile\/johannes-rau-research-foundation\/","og_site_name":"ILS - Institut f\u00fcr Landes- und Stadtentwicklungsforschung","article_modified_time":"2026-03-11T08:28:36+00:00","og_image":[{"width":1200,"height":630,"url":"https:\/\/www.ils-forschung.de\/wp-content\/uploads\/2023\/04\/ils-social-share-logo.jpg","type":"image\/jpeg"}],"twitter_card":"summary_large_image","twitter_site":"@ILS_forschung","twitter_misc":{"Est. reading time":"6 minutes"},"schema":{"@context":"https:\/\/schema.org","@graph":[{"@type":"WebPage","@id":"https:\/\/www.ils-forschung.de\/en\/the-ils\/profile\/johannes-rau-research-foundation\/","url":"https:\/\/www.ils-forschung.de\/en\/the-ils\/profile\/johannes-rau-research-foundation\/","name":"Johannes Rau Research Foundation - ILS - Institut f\u00fcr Landes- und Stadtentwicklungsforschung","isPartOf":{"@id":"https:\/\/www.ils-forschung.de\/en\/#website"},"primaryImageOfPage":{"@id":"https:\/\/www.ils-forschung.de\/en\/the-ils\/profile\/johannes-rau-research-foundation\/#primaryimage"},"image":{"@id":"https:\/\/www.ils-forschung.de\/en\/the-ils\/profile\/johannes-rau-research-foundation\/#primaryimage"},"thumbnailUrl":"https:\/\/www.ils-forschung.de\/wp-content\/uploads\/2023\/04\/ils-social-share-logo.jpg","datePublished":"2018-06-27T09:52:27+00:00","dateModified":"2026-03-11T08:28:36+00:00","breadcrumb":{"@id":"https:\/\/www.ils-forschung.de\/en\/the-ils\/profile\/johannes-rau-research-foundation\/#breadcrumb"},"inLanguage":"en-US","potentialAction":[{"@type":"ReadAction","target":["https:\/\/www.ils-forschung.de\/en\/the-ils\/profile\/johannes-rau-research-foundation\/"]}]},{"@type":"ImageObject","inLanguage":"en-US","@id":"https:\/\/www.ils-forschung.de\/en\/the-ils\/profile\/johannes-rau-research-foundation\/#primaryimage","url":"https:\/\/www.ils-forschung.de\/wp-content\/uploads\/2023\/04\/ils-social-share-logo.jpg","contentUrl":"https:\/\/www.ils-forschung.de\/wp-content\/uploads\/2023\/04\/ils-social-share-logo.jpg","width":1200,"height":630},{"@type":"BreadcrumbList","@id":"https:\/\/www.ils-forschung.de\/en\/the-ils\/profile\/johannes-rau-research-foundation\/#breadcrumb","itemListElement":[{"@type":"ListItem","position":1,"name":"Home","item":"https:\/\/www.ils-forschung.de\/en\/"},{"@type":"ListItem","position":2,"name":"The ILS","item":"https:\/\/www.ils-forschung.de\/en\/the-ils\/"},{"@type":"ListItem","position":3,"name":"Profile","item":"https:\/\/www.ils-forschung.de\/en\/das-ils\/profil\/"},{"@type":"ListItem","position":4,"name":"Johannes Rau Research Foundation"}]},{"@type":"WebSite","@id":"https:\/\/www.ils-forschung.de\/en\/#website","url":"https:\/\/www.ils-forschung.de\/en\/","name":"ILS - Institut f\u00fcr Landes- und Stadtentwicklungsforschung","description":"Das ILS \u2013 Institut f\u00fcr Landes- und Stadtentwicklungsforschung ist ein raumwissenschaftliches au\u00dferuniversit\u00e4res Forschungsinstitut mit Sitz in Dortmund.","potentialAction":[{"@type":"SearchAction","target":{"@type":"EntryPoint","urlTemplate":"https:\/\/www.ils-forschung.de\/en\/?s={search_term_string}"},"query-input":{"@type":"PropertyValueSpecification","valueRequired":true,"valueName":"search_term_string"}}],"inLanguage":"en-US"}]}},"_links":{"self":[{"href":"https:\/\/www.ils-forschung.de\/en\/wp-json\/wp\/v2\/pages\/575","targetHints":{"allow":["GET"]}}],"collection":[{"href":"https:\/\/www.ils-forschung.de\/en\/wp-json\/wp\/v2\/pages"}],"about":[{"href":"https:\/\/www.ils-forschung.de\/en\/wp-json\/wp\/v2\/types\/page"}],"author":[{"embeddable":true,"href":"https:\/\/www.ils-forschung.de\/en\/wp-json\/wp\/v2\/users\/14"}],"replies":[{"embeddable":true,"href":"https:\/\/www.ils-forschung.de\/en\/wp-json\/wp\/v2\/comments?post=575"}],"version-history":[{"count":15,"href":"https:\/\/www.ils-forschung.de\/en\/wp-json\/wp\/v2\/pages\/575\/revisions"}],"predecessor-version":[{"id":56293,"href":"https:\/\/www.ils-forschung.de\/en\/wp-json\/wp\/v2\/pages\/575\/revisions\/56293"}],"up":[{"embeddable":true,"href":"https:\/\/www.ils-forschung.de\/en\/wp-json\/wp\/v2\/pages\/576"}],"wp:featuredmedia":[{"embeddable":true,"href":"https:\/\/www.ils-forschung.de\/en\/wp-json\/wp\/v2\/media\/29962"}],"wp:attachment":[{"href":"https:\/\/www.ils-forschung.de\/en\/wp-json\/wp\/v2\/media?parent=575"}],"curies":[{"name":"wp","href":"https:\/\/api.w.org\/{rel}","templated":true}]}}