{"id":56632,"date":"2026-03-27T12:45:47","date_gmt":"2026-03-27T11:45:47","guid":{"rendered":"https:\/\/www.ils-forschung.de\/integrierte-mobilitaetskonzepte-fuer-neubauquartiere-und-einzelvorhaben-rechtliche-regelungsmoeglichkeiten\/"},"modified":"2026-03-29T19:12:30","modified_gmt":"2026-03-29T17:12:30","slug":"integrierte-mobilitaetskonzepte-fuer-neubauquartiere-und-einzelvorhaben-rechtliche-regelungsmoeglichkeiten","status":"publish","type":"page","link":"https:\/\/www.ils-forschung.de\/en\/integrierte-mobilitaetskonzepte-fuer-neubauquartiere-und-einzelvorhaben-rechtliche-regelungsmoeglichkeiten\/","title":{"rendered":"Integrierte Mobilit\u00e4tskonzepte f\u00fcr Neubauquartiere und Einzelvorhaben &#8211; Rechtliche Regelungsm\u00f6glichkeiten"},"content":{"rendered":"<div class=\"fusion-fullwidth fullwidth-box fusion-builder-row-1 fusion-flex-container nonhundred-percent-fullwidth non-hundred-percent-height-scrolling\" style=\"--awb-border-radius-top-left:0px;--awb-border-radius-top-right:0px;--awb-border-radius-bottom-right:0px;--awb-border-radius-bottom-left:0px;--awb-flex-wrap:wrap;\" ><div class=\"fusion-builder-row fusion-row fusion-flex-align-items-flex-start fusion-flex-content-wrap\" style=\"max-width:1144px;margin-left: calc(-4% \/ 2 );margin-right: calc(-4% \/ 2 );\"><div class=\"fusion-layout-column fusion_builder_column fusion-builder-column-0 fusion_builder_column_1_1 1_1 fusion-flex-column\" style=\"--awb-bg-blend:overlay;--awb-bg-size:cover;--awb-width-large:100%;--awb-margin-top-large:0px;--awb-spacing-right-large:1.92%;--awb-margin-bottom-large:0px;--awb-spacing-left-large:1.92%;--awb-width-medium:100%;--awb-spacing-right-medium:1.92%;--awb-spacing-left-medium:1.92%;--awb-width-small:100%;--awb-spacing-right-small:1.92%;--awb-spacing-left-small:1.92%;\"><div class=\"fusion-column-wrapper fusion-flex-justify-content-flex-start fusion-content-layout-column\"><div class=\"fusion-text fusion-text-1\"><p>Wie lassen sich Mobilit\u00e4tskonzepte f\u00fcr Neubauquartiere und Einzelvorhaben rechtlich verankern und langfristig sichern? Welche Rolle spielen Mobilit\u00e4tskonzepte in kommunalen Stellplatzsatzungen? Diese Fragen standen im Zentrum der Veranstaltung \u201eIntegrierte Mobilit\u00e4tskonzepte f\u00fcr Neubauquartiere und Einzelvorhaben &#8211; Rechtliche Regelungsm\u00f6glichkeiten\u201c am 26. M\u00e4rz, die die ILS Research gemeinsam mit dem Zukunftsnetz Mobilit\u00e4t NRW organisiert hat.<\/p>\n<p>Rechtsanwalt Philipp Leber (Noerr Partnerschaftsgesellschaft mbB) beleuchtete in einem juristischen Fachvortrag, welche Regelungsm\u00f6glichkeiten das Stellplatzrecht Kommunen bietet. Nach einem Kommentar von Marius Rei\u00dfner (Zukunftsnetz Mobilit\u00e4t NRW) zum bisherigen Umgang in der kommunalen Praxis mit dem Rechtsrahmen in NRW diskutierten die Teilnehmenden besonders intensiv \u00fcber die Vor- und Nachteile von gesamtst\u00e4dtischen Stellplatzsatzungen und gebietsbezogenen Satzungen zur Reduktion des \u00fcblichen Stellplatzschl\u00fcssels. Es zeigte sich, dass die Anwendungsf\u00e4lle h\u00f6chst individuell sind und somit &#8211; im bestehenden Rechtsrahmen &#8211; auch individuelle L\u00f6sungen n\u00f6tig sind.<\/p>\n<p>Im zweiten Vortrag stellte Prof. Dr. Volker Blees (namowo GmbH \/ Hochschule RheinMain) eine Studie vor, die evaluiert inwiefern kommunalen Stellplatzsatzungen in NRW-Kommunen Anwendung finden und welche Rolle Mobilit\u00e4tskonzepte darin spielen. ILS-Wissenschaftlerin <a href=\"https:\/\/www.ils-forschung.de\/en\/the-ils\/ils-staff\/schroeder-annika\/\">Annika Schr\u00f6der<\/a> ging in ihrem anschlie\u00dfenden Kommentar auf Stellplatzsatzungen und Mobilit\u00e4tskonzepte als bislang urbane Ph\u00e4nomene, eine n\u00f6tige Learning-by-doing-Mentalit\u00e4t sowie zentrale Konfliktlinien ein. Die anschlie\u00dfende Diskussion im Plenum zeigte, dass fehlende Erfahrungen und Unsicherheiten den Einsatz von kommunalen Stellplatzsatzungen und die Aufnahme von Mobilit\u00e4tskonzepten in diese Satzungen hemmen.<\/p>\n<p>Doris B\u00e4umer vom Zukunftsnetz Mobilit\u00e4t NRW und ILS-Wissenschaftler <a href=\"https:\/\/www.ils-forschung.de\/en\/the-ils\/ils-staff\/klinger-thomas\/\">Dr. Thomas Klinger<\/a> res\u00fcmierten zum Abschluss der Veranstaltung, dass der Transfer und die Verbreitung guter Beispiele eine zentrale k\u00fcnftige Aufgabe darstellt und der Komplexit\u00e4t und Vielfalt lokaler Gegebenheiten dabei Rechnung getragen werden muss.<\/p>\n<p>Die n\u00e4chste Veranstaltung der dreiteiligen Veranstaltungsreihe im Rahmen des Forschungsprojektes NaMoLi \u2013 Nachhaltige Mobilit\u00e4t in Lincoln III findet am 05. Mai 2026 in M\u00fcnster mit einem Fokus auf Handlungsempfehlungen zur Konzeption von quartiersbezogenen Mobilit\u00e4tskonzepten und ein Praxisbeispiel aus Arnsberg in NRW statt. Die Anmeldung ist <a href=\"https:\/\/zukunftsnetz-mobilitaet.nrw.de\/aktuelles\/veranstaltungen\/kooperationsveranstaltung-handlungsempfehlungen-zur-konzeption-von-mobilitaetskonzepten-fuer-neubauquartiere\">hier<\/a> m\u00f6glich.<\/p>\n<p>Das <a href=\"https:\/\/www.ils-forschung.de\/en\/research\/research-projects\/?id=419\">Projekt NaMoLi III<\/a> wird von der Wissenschaftsstadt Darmstadt, der Goethe-Universit\u00e4t Frankfurt am Main, HEAG mobilo und der ILS Research durchgef\u00fchrt und vom Bundesministerium f\u00fcr Forschung, Technologie und Raumfahrt gef\u00f6rdert. Ein im Rahmen des Projekts erstelltes Rechtsgutachten zur rechtlichen Verankerung von Instrumenten zur autoreduzierten Quartiersentwicklung ist <a href=\"https:\/\/www.ils-forschung.de\/wp-content\/uploads\/2026\/03\/Rechtsgutachten_zum_Forschungsprojekt_NaMoLiIII.pdf\">hier<\/a> abrufbar.<\/p>\n<\/div><div class=\"fusion-builder-row fusion-builder-row-inner fusion-row fusion-flex-align-items-flex-start fusion-flex-content-wrap\" style=\"--awb-min-height:no;--awb-min-height-medium:no;--awb-min-height-small:no;width:104% !important;max-width:104% !important;margin-left: calc(-4% \/ 2 );margin-right: calc(-4% \/ 2 );\"><div class=\"fusion-layout-column fusion_builder_column_inner fusion-builder-nested-column-0 fusion_builder_column_inner_1_3 1_3 fusion-flex-column\" style=\"--awb-bg-size:cover;--awb-width-large:33.3333333333%;--awb-margin-top-large:0px;--awb-spacing-right-large:5.76%;--awb-margin-bottom-large:20px;--awb-spacing-left-large:5.76%;--awb-width-medium:100%;--awb-order-medium:0;--awb-spacing-right-medium:1.92%;--awb-spacing-left-medium:1.92%;--awb-width-small:100%;--awb-order-small:0;--awb-spacing-right-small:1.92%;--awb-spacing-left-small:1.92%;\"><div class=\"fusion-column-wrapper fusion-column-has-shadow fusion-flex-justify-content-flex-start fusion-content-layout-column\"><\/div><\/div><div class=\"fusion-layout-column fusion_builder_column_inner fusion-builder-nested-column-1 fusion_builder_column_inner_1_3 1_3 fusion-flex-column\" style=\"--awb-bg-size:cover;--awb-width-large:33.3333333333%;--awb-margin-top-large:0px;--awb-spacing-right-large:5.76%;--awb-margin-bottom-large:20px;--awb-spacing-left-large:5.76%;--awb-width-medium:100%;--awb-order-medium:0;--awb-spacing-right-medium:1.92%;--awb-spacing-left-medium:1.92%;--awb-width-small:100%;--awb-order-small:0;--awb-spacing-right-small:1.92%;--awb-spacing-left-small:1.92%;\"><div class=\"fusion-column-wrapper fusion-column-has-shadow fusion-flex-justify-content-flex-start fusion-content-layout-column\"><\/div><\/div><div class=\"fusion-layout-column fusion_builder_column_inner fusion-builder-nested-column-2 fusion_builder_column_inner_1_3 1_3 fusion-flex-column\" style=\"--awb-bg-size:cover;--awb-width-large:33.3333333333%;--awb-margin-top-large:0px;--awb-spacing-right-large:5.76%;--awb-margin-bottom-large:20px;--awb-spacing-left-large:5.76%;--awb-width-medium:100%;--awb-order-medium:0;--awb-spacing-right-medium:1.92%;--awb-spacing-left-medium:1.92%;--awb-width-small:100%;--awb-order-small:0;--awb-spacing-right-small:1.92%;--awb-spacing-left-small:1.92%;\"><div class=\"fusion-column-wrapper fusion-column-has-shadow fusion-flex-justify-content-flex-start fusion-content-layout-column\"><\/div><\/div><\/div><div class=\"fusion-builder-row fusion-builder-row-inner fusion-row fusion-flex-align-items-flex-start fusion-flex-content-wrap\" style=\"--awb-min-height:no;--awb-min-height-medium:no;--awb-min-height-small:no;width:104% !important;max-width:104% !important;margin-left: calc(-4% \/ 2 );margin-right: calc(-4% \/ 2 );\"><div class=\"fusion-layout-column fusion_builder_column_inner fusion-builder-nested-column-3 fusion_builder_column_inner_1_3 1_3 fusion-flex-column\" style=\"--awb-bg-size:cover;--awb-width-large:33.3333333333%;--awb-margin-top-large:0px;--awb-spacing-right-large:5.76%;--awb-margin-bottom-large:20px;--awb-spacing-left-large:5.76%;--awb-width-medium:100%;--awb-order-medium:0;--awb-spacing-right-medium:1.92%;--awb-spacing-left-medium:1.92%;--awb-width-small:100%;--awb-order-small:0;--awb-spacing-right-small:1.92%;--awb-spacing-left-small:1.92%;\"><div class=\"fusion-column-wrapper fusion-column-has-shadow fusion-flex-justify-content-flex-start fusion-content-layout-column\"><div class=\"fusion-image-element awb-imageframe-style awb-imageframe-style-below awb-imageframe-style-1\" style=\"--awb-caption-title-font-family:var(--body_typography-font-family);--awb-caption-title-font-weight:var(--body_typography-font-weight);--awb-caption-title-font-style:var(--body_typography-font-style);--awb-caption-title-size:var(--body_typography-font-size);--awb-caption-title-transform:var(--body_typography-text-transform);--awb-caption-title-line-height:var(--body_typography-line-height);--awb-caption-title-letter-spacing:var(--body_typography-letter-spacing);\"><span class=\" fusion-imageframe imageframe-none imageframe-1 hover-type-none\"><img decoding=\"async\" width=\"300\" height=\"200\" title=\"Einf\u00fchrung_ThomasKlinger\" src=\"https:\/\/www.ils-forschung.de\/wp-content\/uploads\/2026\/03\/Einfuehrung_ThomasKlinger-1-300x200.jpg\" alt class=\"img-responsive wp-image-56629\" srcset=\"https:\/\/www.ils-forschung.de\/wp-content\/uploads\/2026\/03\/Einfuehrung_ThomasKlinger-1-200x133.jpg 200w, https:\/\/www.ils-forschung.de\/wp-content\/uploads\/2026\/03\/Einfuehrung_ThomasKlinger-1-400x267.jpg 400w, https:\/\/www.ils-forschung.de\/wp-content\/uploads\/2026\/03\/Einfuehrung_ThomasKlinger-1-600x400.jpg 600w, https:\/\/www.ils-forschung.de\/wp-content\/uploads\/2026\/03\/Einfuehrung_ThomasKlinger-1-800x534.jpg 800w, https:\/\/www.ils-forschung.de\/wp-content\/uploads\/2026\/03\/Einfuehrung_ThomasKlinger-1-1200x800.jpg 1200w\" sizes=\"(max-width: 1125px) 100vw, (max-width: 765px) 100vw, 400px\" \/><\/span><div class=\"awb-imageframe-caption-container\"><div class=\"awb-imageframe-caption\"><div class=\"awb-imageframe-caption-title\">\u00a9 ILS<\/div><\/div><\/div><\/div><\/div><\/div><div class=\"fusion-layout-column fusion_builder_column_inner fusion-builder-nested-column-4 fusion_builder_column_inner_1_3 1_3 fusion-flex-column\" style=\"--awb-bg-size:cover;--awb-width-large:33.3333333333%;--awb-margin-top-large:0px;--awb-spacing-right-large:5.76%;--awb-margin-bottom-large:20px;--awb-spacing-left-large:5.76%;--awb-width-medium:100%;--awb-order-medium:0;--awb-spacing-right-medium:1.92%;--awb-spacing-left-medium:1.92%;--awb-width-small:100%;--awb-order-small:0;--awb-spacing-right-small:1.92%;--awb-spacing-left-small:1.92%;\"><div class=\"fusion-column-wrapper fusion-column-has-shadow fusion-flex-justify-content-flex-start fusion-content-layout-column\"><div class=\"fusion-image-element awb-imageframe-style awb-imageframe-style-below awb-imageframe-style-2\" style=\"--awb-caption-title-font-family:var(--body_typography-font-family);--awb-caption-title-font-weight:var(--body_typography-font-weight);--awb-caption-title-font-style:var(--body_typography-font-style);--awb-caption-title-size:var(--body_typography-font-size);--awb-caption-title-transform:var(--body_typography-text-transform);--awb-caption-title-line-height:var(--body_typography-line-height);--awb-caption-title-letter-spacing:var(--body_typography-letter-spacing);\"><span class=\" fusion-imageframe imageframe-none imageframe-2 hover-type-none\"><img decoding=\"async\" width=\"300\" height=\"200\" title=\"_DSC9482\" src=\"https:\/\/www.ils-forschung.de\/wp-content\/uploads\/2026\/03\/DSC9482-300x200.png\" alt class=\"img-responsive wp-image-56630\" srcset=\"https:\/\/www.ils-forschung.de\/wp-content\/uploads\/2026\/03\/DSC9482-200x133.png 200w, https:\/\/www.ils-forschung.de\/wp-content\/uploads\/2026\/03\/DSC9482-400x267.png 400w, https:\/\/www.ils-forschung.de\/wp-content\/uploads\/2026\/03\/DSC9482-600x400.png 600w, https:\/\/www.ils-forschung.de\/wp-content\/uploads\/2026\/03\/DSC9482-800x533.png 800w, https:\/\/www.ils-forschung.de\/wp-content\/uploads\/2026\/03\/DSC9482-1200x800.png 1200w\" sizes=\"(max-width: 1125px) 100vw, (max-width: 765px) 100vw, 400px\" \/><\/span><div class=\"awb-imageframe-caption-container\"><div class=\"awb-imageframe-caption\"><div class=\"awb-imageframe-caption-title\">\u00a9 ILS<\/div><\/div><\/div><\/div><\/div><\/div><div class=\"fusion-layout-column fusion_builder_column_inner fusion-builder-nested-column-5 fusion_builder_column_inner_1_3 1_3 fusion-flex-column\" style=\"--awb-bg-size:cover;--awb-width-large:33.3333333333%;--awb-margin-top-large:0px;--awb-spacing-right-large:5.76%;--awb-margin-bottom-large:20px;--awb-spacing-left-large:5.76%;--awb-width-medium:100%;--awb-order-medium:0;--awb-spacing-right-medium:1.92%;--awb-spacing-left-medium:1.92%;--awb-width-small:100%;--awb-order-small:0;--awb-spacing-right-small:1.92%;--awb-spacing-left-small:1.92%;\"><div class=\"fusion-column-wrapper fusion-column-has-shadow fusion-flex-justify-content-flex-start fusion-content-layout-column\"><div class=\"fusion-image-element awb-imageframe-style awb-imageframe-style-below awb-imageframe-style-3\" style=\"--awb-caption-title-font-family:var(--body_typography-font-family);--awb-caption-title-font-weight:var(--body_typography-font-weight);--awb-caption-title-font-style:var(--body_typography-font-style);--awb-caption-title-size:var(--body_typography-font-size);--awb-caption-title-transform:var(--body_typography-text-transform);--awb-caption-title-line-height:var(--body_typography-line-height);--awb-caption-title-letter-spacing:var(--body_typography-letter-spacing);\"><span class=\" fusion-imageframe imageframe-none imageframe-3 hover-type-none\"><img decoding=\"async\" width=\"300\" height=\"200\" title=\"Kommentar_AnnikaSchr\u00f6der_ILS\" src=\"https:\/\/www.ils-forschung.de\/wp-content\/uploads\/2026\/03\/Kommentar_AnnikaSchroeder_ILS-300x200.png\" alt class=\"img-responsive wp-image-56631\" srcset=\"https:\/\/www.ils-forschung.de\/wp-content\/uploads\/2026\/03\/Kommentar_AnnikaSchroeder_ILS-200x133.png 200w, https:\/\/www.ils-forschung.de\/wp-content\/uploads\/2026\/03\/Kommentar_AnnikaSchroeder_ILS-400x267.png 400w, https:\/\/www.ils-forschung.de\/wp-content\/uploads\/2026\/03\/Kommentar_AnnikaSchroeder_ILS-600x400.png 600w, https:\/\/www.ils-forschung.de\/wp-content\/uploads\/2026\/03\/Kommentar_AnnikaSchroeder_ILS-800x533.png 800w, https:\/\/www.ils-forschung.de\/wp-content\/uploads\/2026\/03\/Kommentar_AnnikaSchroeder_ILS-1200x800.png 1200w\" sizes=\"(max-width: 1125px) 100vw, (max-width: 765px) 100vw, 400px\" \/><\/span><div class=\"awb-imageframe-caption-container\"><div class=\"awb-imageframe-caption\"><div class=\"awb-imageframe-caption-title\">\u00a9 ILS<\/div><\/div><\/div><\/div><\/div><\/div><\/div><\/div><\/div><\/div><\/div>\n","protected":false},"excerpt":{"rendered":"","protected":false},"author":17,"featured_media":29962,"parent":0,"menu_order":0,"comment_status":"closed","ping_status":"closed","template":"","meta":{"footnotes":""},"class_list":["post-56632","page","type-page","status-publish","has-post-thumbnail","hentry"],"yoast_head":"<!-- This site is optimized with the Yoast SEO plugin v27.1.1 - https:\/\/yoast.com\/product\/yoast-seo-wordpress\/ -->\n<title>Integrierte Mobilit\u00e4tskonzepte f\u00fcr Neubauquartiere und Einzelvorhaben - Rechtliche Regelungsm\u00f6glichkeiten - ILS - Institut f\u00fcr Landes- und Stadtentwicklungsforschung<\/title>\n<meta name=\"robots\" content=\"index, follow, max-snippet:-1, max-image-preview:large, max-video-preview:-1\" \/>\n<link rel=\"canonical\" href=\"https:\/\/www.ils-forschung.de\/en\/integrierte-mobilitaetskonzepte-fuer-neubauquartiere-und-einzelvorhaben-rechtliche-regelungsmoeglichkeiten\/\" \/>\n<meta property=\"og:locale\" content=\"en_US\" \/>\n<meta property=\"og:type\" content=\"article\" \/>\n<meta property=\"og:title\" content=\"Integrierte Mobilit\u00e4tskonzepte f\u00fcr Neubauquartiere und Einzelvorhaben - Rechtliche Regelungsm\u00f6glichkeiten - ILS - Institut f\u00fcr Landes- und Stadtentwicklungsforschung\" \/>\n<meta property=\"og:url\" content=\"https:\/\/www.ils-forschung.de\/en\/integrierte-mobilitaetskonzepte-fuer-neubauquartiere-und-einzelvorhaben-rechtliche-regelungsmoeglichkeiten\/\" \/>\n<meta property=\"og:site_name\" content=\"ILS - Institut f\u00fcr Landes- und Stadtentwicklungsforschung\" \/>\n<meta property=\"article:modified_time\" content=\"2026-03-29T17:12:30+00:00\" \/>\n<meta name=\"twitter:card\" content=\"summary_large_image\" \/>\n<meta name=\"twitter:site\" content=\"@ILS_forschung\" \/>\n<meta name=\"twitter:label1\" content=\"Est. reading time\" \/>\n\t<meta name=\"twitter:data1\" content=\"3 minutes\" \/>\n<script type=\"application\/ld+json\" class=\"yoast-schema-graph\">{\"@context\":\"https:\/\/schema.org\",\"@graph\":[{\"@type\":\"WebPage\",\"@id\":\"https:\/\/www.ils-forschung.de\/en\/integrierte-mobilitaetskonzepte-fuer-neubauquartiere-und-einzelvorhaben-rechtliche-regelungsmoeglichkeiten\/\",\"url\":\"https:\/\/www.ils-forschung.de\/en\/integrierte-mobilitaetskonzepte-fuer-neubauquartiere-und-einzelvorhaben-rechtliche-regelungsmoeglichkeiten\/\",\"name\":\"Integrierte Mobilit\u00e4tskonzepte f\u00fcr Neubauquartiere und Einzelvorhaben - Rechtliche Regelungsm\u00f6glichkeiten - ILS - Institut f\u00fcr Landes- und Stadtentwicklungsforschung\",\"isPartOf\":{\"@id\":\"https:\/\/www.ils-forschung.de\/en\/#website\"},\"primaryImageOfPage\":{\"@id\":\"https:\/\/www.ils-forschung.de\/en\/integrierte-mobilitaetskonzepte-fuer-neubauquartiere-und-einzelvorhaben-rechtliche-regelungsmoeglichkeiten\/#primaryimage\"},\"image\":{\"@id\":\"https:\/\/www.ils-forschung.de\/en\/integrierte-mobilitaetskonzepte-fuer-neubauquartiere-und-einzelvorhaben-rechtliche-regelungsmoeglichkeiten\/#primaryimage\"},\"thumbnailUrl\":\"https:\/\/www.ils-forschung.de\/wp-content\/uploads\/2023\/04\/ils-social-share-logo.jpg\",\"datePublished\":\"2026-03-27T11:45:47+00:00\",\"dateModified\":\"2026-03-29T17:12:30+00:00\",\"breadcrumb\":{\"@id\":\"https:\/\/www.ils-forschung.de\/en\/integrierte-mobilitaetskonzepte-fuer-neubauquartiere-und-einzelvorhaben-rechtliche-regelungsmoeglichkeiten\/#breadcrumb\"},\"inLanguage\":\"en-US\",\"potentialAction\":[{\"@type\":\"ReadAction\",\"target\":[\"https:\/\/www.ils-forschung.de\/en\/integrierte-mobilitaetskonzepte-fuer-neubauquartiere-und-einzelvorhaben-rechtliche-regelungsmoeglichkeiten\/\"]}]},{\"@type\":\"ImageObject\",\"inLanguage\":\"en-US\",\"@id\":\"https:\/\/www.ils-forschung.de\/en\/integrierte-mobilitaetskonzepte-fuer-neubauquartiere-und-einzelvorhaben-rechtliche-regelungsmoeglichkeiten\/#primaryimage\",\"url\":\"https:\/\/www.ils-forschung.de\/wp-content\/uploads\/2023\/04\/ils-social-share-logo.jpg\",\"contentUrl\":\"https:\/\/www.ils-forschung.de\/wp-content\/uploads\/2023\/04\/ils-social-share-logo.jpg\",\"width\":1200,\"height\":630},{\"@type\":\"BreadcrumbList\",\"@id\":\"https:\/\/www.ils-forschung.de\/en\/integrierte-mobilitaetskonzepte-fuer-neubauquartiere-und-einzelvorhaben-rechtliche-regelungsmoeglichkeiten\/#breadcrumb\",\"itemListElement\":[{\"@type\":\"ListItem\",\"position\":1,\"name\":\"Home\",\"item\":\"https:\/\/www.ils-forschung.de\/en\/\"},{\"@type\":\"ListItem\",\"position\":2,\"name\":\"Integrierte Mobilit\u00e4tskonzepte f\u00fcr Neubauquartiere und Einzelvorhaben &#8211; Rechtliche Regelungsm\u00f6glichkeiten\"}]},{\"@type\":\"WebSite\",\"@id\":\"https:\/\/www.ils-forschung.de\/en\/#website\",\"url\":\"https:\/\/www.ils-forschung.de\/en\/\",\"name\":\"ILS - Institut f\u00fcr Landes- und Stadtentwicklungsforschung\",\"description\":\"Das ILS \u2013 Institut f\u00fcr Landes- und Stadtentwicklungsforschung ist ein raumwissenschaftliches au\u00dferuniversit\u00e4res Forschungsinstitut mit Sitz in Dortmund.\",\"potentialAction\":[{\"@type\":\"SearchAction\",\"target\":{\"@type\":\"EntryPoint\",\"urlTemplate\":\"https:\/\/www.ils-forschung.de\/en\/?s={search_term_string}\"},\"query-input\":{\"@type\":\"PropertyValueSpecification\",\"valueRequired\":true,\"valueName\":\"search_term_string\"}}],\"inLanguage\":\"en-US\"}]}<\/script>\n<!-- \/ Yoast SEO plugin. -->","yoast_head_json":{"title":"Integrierte Mobilit\u00e4tskonzepte f\u00fcr Neubauquartiere und Einzelvorhaben - Rechtliche Regelungsm\u00f6glichkeiten - ILS - Institut f\u00fcr Landes- und Stadtentwicklungsforschung","robots":{"index":"index","follow":"follow","max-snippet":"max-snippet:-1","max-image-preview":"max-image-preview:large","max-video-preview":"max-video-preview:-1"},"canonical":"https:\/\/www.ils-forschung.de\/en\/integrierte-mobilitaetskonzepte-fuer-neubauquartiere-und-einzelvorhaben-rechtliche-regelungsmoeglichkeiten\/","og_locale":"en_US","og_type":"article","og_title":"Integrierte Mobilit\u00e4tskonzepte f\u00fcr Neubauquartiere und Einzelvorhaben - Rechtliche Regelungsm\u00f6glichkeiten - ILS - Institut f\u00fcr Landes- und Stadtentwicklungsforschung","og_url":"https:\/\/www.ils-forschung.de\/en\/integrierte-mobilitaetskonzepte-fuer-neubauquartiere-und-einzelvorhaben-rechtliche-regelungsmoeglichkeiten\/","og_site_name":"ILS - Institut f\u00fcr Landes- und Stadtentwicklungsforschung","article_modified_time":"2026-03-29T17:12:30+00:00","twitter_card":"summary_large_image","twitter_site":"@ILS_forschung","twitter_misc":{"Est. reading time":"3 minutes"},"schema":{"@context":"https:\/\/schema.org","@graph":[{"@type":"WebPage","@id":"https:\/\/www.ils-forschung.de\/en\/integrierte-mobilitaetskonzepte-fuer-neubauquartiere-und-einzelvorhaben-rechtliche-regelungsmoeglichkeiten\/","url":"https:\/\/www.ils-forschung.de\/en\/integrierte-mobilitaetskonzepte-fuer-neubauquartiere-und-einzelvorhaben-rechtliche-regelungsmoeglichkeiten\/","name":"Integrierte Mobilit\u00e4tskonzepte f\u00fcr Neubauquartiere und Einzelvorhaben - Rechtliche Regelungsm\u00f6glichkeiten - ILS - Institut f\u00fcr Landes- und Stadtentwicklungsforschung","isPartOf":{"@id":"https:\/\/www.ils-forschung.de\/en\/#website"},"primaryImageOfPage":{"@id":"https:\/\/www.ils-forschung.de\/en\/integrierte-mobilitaetskonzepte-fuer-neubauquartiere-und-einzelvorhaben-rechtliche-regelungsmoeglichkeiten\/#primaryimage"},"image":{"@id":"https:\/\/www.ils-forschung.de\/en\/integrierte-mobilitaetskonzepte-fuer-neubauquartiere-und-einzelvorhaben-rechtliche-regelungsmoeglichkeiten\/#primaryimage"},"thumbnailUrl":"https:\/\/www.ils-forschung.de\/wp-content\/uploads\/2023\/04\/ils-social-share-logo.jpg","datePublished":"2026-03-27T11:45:47+00:00","dateModified":"2026-03-29T17:12:30+00:00","breadcrumb":{"@id":"https:\/\/www.ils-forschung.de\/en\/integrierte-mobilitaetskonzepte-fuer-neubauquartiere-und-einzelvorhaben-rechtliche-regelungsmoeglichkeiten\/#breadcrumb"},"inLanguage":"en-US","potentialAction":[{"@type":"ReadAction","target":["https:\/\/www.ils-forschung.de\/en\/integrierte-mobilitaetskonzepte-fuer-neubauquartiere-und-einzelvorhaben-rechtliche-regelungsmoeglichkeiten\/"]}]},{"@type":"ImageObject","inLanguage":"en-US","@id":"https:\/\/www.ils-forschung.de\/en\/integrierte-mobilitaetskonzepte-fuer-neubauquartiere-und-einzelvorhaben-rechtliche-regelungsmoeglichkeiten\/#primaryimage","url":"https:\/\/www.ils-forschung.de\/wp-content\/uploads\/2023\/04\/ils-social-share-logo.jpg","contentUrl":"https:\/\/www.ils-forschung.de\/wp-content\/uploads\/2023\/04\/ils-social-share-logo.jpg","width":1200,"height":630},{"@type":"BreadcrumbList","@id":"https:\/\/www.ils-forschung.de\/en\/integrierte-mobilitaetskonzepte-fuer-neubauquartiere-und-einzelvorhaben-rechtliche-regelungsmoeglichkeiten\/#breadcrumb","itemListElement":[{"@type":"ListItem","position":1,"name":"Home","item":"https:\/\/www.ils-forschung.de\/en\/"},{"@type":"ListItem","position":2,"name":"Integrierte Mobilit\u00e4tskonzepte f\u00fcr Neubauquartiere und Einzelvorhaben &#8211; Rechtliche Regelungsm\u00f6glichkeiten"}]},{"@type":"WebSite","@id":"https:\/\/www.ils-forschung.de\/en\/#website","url":"https:\/\/www.ils-forschung.de\/en\/","name":"ILS - Institut f\u00fcr Landes- und Stadtentwicklungsforschung","description":"Das ILS \u2013 Institut f\u00fcr Landes- und Stadtentwicklungsforschung ist ein raumwissenschaftliches au\u00dferuniversit\u00e4res Forschungsinstitut mit Sitz in Dortmund.","potentialAction":[{"@type":"SearchAction","target":{"@type":"EntryPoint","urlTemplate":"https:\/\/www.ils-forschung.de\/en\/?s={search_term_string}"},"query-input":{"@type":"PropertyValueSpecification","valueRequired":true,"valueName":"search_term_string"}}],"inLanguage":"en-US"}]}},"_links":{"self":[{"href":"https:\/\/www.ils-forschung.de\/en\/wp-json\/wp\/v2\/pages\/56632","targetHints":{"allow":["GET"]}}],"collection":[{"href":"https:\/\/www.ils-forschung.de\/en\/wp-json\/wp\/v2\/pages"}],"about":[{"href":"https:\/\/www.ils-forschung.de\/en\/wp-json\/wp\/v2\/types\/page"}],"author":[{"embeddable":true,"href":"https:\/\/www.ils-forschung.de\/en\/wp-json\/wp\/v2\/users\/17"}],"replies":[{"embeddable":true,"href":"https:\/\/www.ils-forschung.de\/en\/wp-json\/wp\/v2\/comments?post=56632"}],"version-history":[{"count":5,"href":"https:\/\/www.ils-forschung.de\/en\/wp-json\/wp\/v2\/pages\/56632\/revisions"}],"predecessor-version":[{"id":56641,"href":"https:\/\/www.ils-forschung.de\/en\/wp-json\/wp\/v2\/pages\/56632\/revisions\/56641"}],"wp:featuredmedia":[{"embeddable":true,"href":"https:\/\/www.ils-forschung.de\/en\/wp-json\/wp\/v2\/media\/29962"}],"wp:attachment":[{"href":"https:\/\/www.ils-forschung.de\/en\/wp-json\/wp\/v2\/media?parent=56632"}],"curies":[{"name":"wp","href":"https:\/\/api.w.org\/{rel}","templated":true}]}}