{"id":56500,"date":"2026-03-25T13:34:03","date_gmt":"2026-03-25T12:34:03","guid":{"rendered":"https:\/\/www.ils-forschung.de\/anmeldung-ankunftsquartiere\/"},"modified":"2026-03-25T13:34:03","modified_gmt":"2026-03-25T12:34:03","slug":"anmeldung-ankunftsquartiere","status":"publish","type":"page","link":"https:\/\/www.ils-forschung.de\/en\/anmeldung-ankunftsquartiere\/","title":{"rendered":"Von der Ankunft zur Teilhabe. Abschlusstagung des Forschungs-Praxis-Projekts \u201eTeilhabe in neuen Ankunftsquartieren st\u00e4rken\u201c"},"content":{"rendered":"<div class=\"fusion-fullwidth fullwidth-box fusion-builder-row-1 fusion-flex-container nonhundred-percent-fullwidth non-hundred-percent-height-scrolling\" style=\"--awb-border-radius-top-left:0px;--awb-border-radius-top-right:0px;--awb-border-radius-bottom-right:0px;--awb-border-radius-bottom-left:0px;--awb-flex-wrap:wrap;\" ><div class=\"fusion-builder-row fusion-row fusion-flex-align-items-flex-start fusion-flex-content-wrap\" style=\"max-width:1144px;margin-left: calc(-4% \/ 2 );margin-right: calc(-4% \/ 2 );\"><div class=\"fusion-layout-column fusion_builder_column fusion-builder-column-0 fusion_builder_column_1_1 1_1 fusion-flex-column\" style=\"--awb-bg-size:cover;--awb-width-large:100%;--awb-margin-top-large:0px;--awb-spacing-right-large:1.92%;--awb-margin-bottom-large:0px;--awb-spacing-left-large:1.92%;--awb-width-medium:100%;--awb-spacing-right-medium:1.92%;--awb-spacing-left-medium:1.92%;--awb-width-small:100%;--awb-spacing-right-small:1.92%;--awb-spacing-left-small:1.92%;\"><div class=\"fusion-column-wrapper fusion-flex-justify-content-flex-start fusion-content-layout-column\"><div class=\"fusion-image-element awb-imageframe-style awb-imageframe-style-below awb-imageframe-style-1\" style=\"--awb-caption-title-font-family:var(--h2_typography-font-family);--awb-caption-title-font-weight:var(--h2_typography-font-weight);--awb-caption-title-font-style:var(--h2_typography-font-style);--awb-caption-title-size:var(--h2_typography-font-size);--awb-caption-title-transform:var(--h2_typography-text-transform);--awb-caption-title-line-height:var(--h2_typography-line-height);--awb-caption-title-letter-spacing:var(--h2_typography-letter-spacing);\"><span class=\" fusion-imageframe imageframe-none imageframe-1 hover-type-none\"><img decoding=\"async\" width=\"2560\" height=\"768\" alt=\"Graphic recording\" src=\"https:\/\/www.ils-forschung.de\/wp-content\/uploads\/2026\/03\/Banner_Ankunftsquartiere_Abschlussveranstaltung-002-scaled.jpg\" class=\"img-responsive wp-image-56499\" srcset=\"https:\/\/www.ils-forschung.de\/wp-content\/uploads\/2026\/03\/Banner_Ankunftsquartiere_Abschlussveranstaltung-002-200x60.jpg 200w, https:\/\/www.ils-forschung.de\/wp-content\/uploads\/2026\/03\/Banner_Ankunftsquartiere_Abschlussveranstaltung-002-400x120.jpg 400w, https:\/\/www.ils-forschung.de\/wp-content\/uploads\/2026\/03\/Banner_Ankunftsquartiere_Abschlussveranstaltung-002-600x180.jpg 600w, https:\/\/www.ils-forschung.de\/wp-content\/uploads\/2026\/03\/Banner_Ankunftsquartiere_Abschlussveranstaltung-002-800x240.jpg 800w, https:\/\/www.ils-forschung.de\/wp-content\/uploads\/2026\/03\/Banner_Ankunftsquartiere_Abschlussveranstaltung-002-1200x360.jpg 1200w, https:\/\/www.ils-forschung.de\/wp-content\/uploads\/2026\/03\/Banner_Ankunftsquartiere_Abschlussveranstaltung-002-scaled.jpg 2560w\" sizes=\"(max-width: 1125px) 100vw, (max-width: 765px) 100vw, 1200px\" \/><\/span><div class=\"awb-imageframe-caption-container\" style=\"text-align:right;\"><div class=\"awb-imageframe-caption\"><p class=\"awb-imageframe-caption-text\">\u00a9 Anne Lehmann<\/p><\/div><\/div><\/div><div class=\"fusion-separator fusion-full-width-sep\" style=\"align-self: center;margin-left: auto;margin-right: auto;width:100%;\"><div class=\"fusion-separator-border sep-single\" style=\"--awb-height:20px;--awb-amount:20px;border-color:var(--awb-color5);border-top-width:2px;\"><\/div><\/div><div class=\"fusion-text fusion-text-1\"><p><strong>18. Juni 2026<\/strong><br \/><strong>9:00\u201316:00 Uhr<\/strong><br \/><strong>Stiftung Mercator, Huyssenallee 40, Essen<\/strong><\/p>\n<p>Migration pr\u00e4gt den kommunalen Alltag. Auch Regionen, die bislang wenig Erfahrung mit internationaler Migration hatten, werden zunehmend zu Ankunftsorten. Kommunale Verwaltungen stehen vor der Herausforderung, flexibel auf diese Dynamiken zu reagieren \u2013 h\u00e4ufig unter angespannten finanziellen Rahmenbedingungen und sich ver\u00e4ndernden politischen Mehrheitsverh\u00e4ltnissen.<\/p>\n<p>Besonders sichtbar wird Zuwanderung in sogenannten Ankunftsquartieren, die in besonderer Weise durch internationale Zuwanderung und eine \u00fcberdurchschnittliche Bev\u00f6lkerungsfluktuation gekennzeichnet sind. Kommunale Erfahrungen zeigen, dass diese Quartiere eine besondere Integrationsleistung f\u00fcr die gesamte Stadtgesellschaft erbringen. Um nachhaltig wirksam zu sein, ben\u00f6tigen sie jedoch verl\u00e4ssliche Rahmenbedingungen.<\/p>\n<p>Die Abschlussveranstaltung bildet den Schlusspunkt des Projekts \u201eTeilhabe in \u201aneuen\u2018 Ankunftsquartieren st\u00e4rken\u201c \u2013 eine Kooperation von ILS Research, Technische Universit\u00e4t Berlin (TU Berlin), Deutsches Institut f\u00fcr Urbanistik (Difu) und STADTRAUMKONZEPT, gef\u00f6rdert durch die Stiftung Mercator. Damit richten wir den Blick auf praxisnahe Erkenntnisse, erprobte Ans\u00e4tze und strukturelle Perspektiven zur nachhaltigen St\u00e4rkung von Teilhabe und gesellschaftlichem Zusammenhalt in Ankunftsquartieren. Eingeladen sind Akteur*innen aus Stadtverwaltung, Zivilgesellschaft, (Kommunal-)Politik und Wissenschaft, um mitzudiskutieren und gemeinsam der Frage nachzugehen: Wie k\u00f6nnen Teilhabe und Zusammenhalt vor Ort gelingen?<\/p>\n<\/div><div class=\"fusion-text fusion-text-2\"><h2>Flyer<\/h2>\n<p>Weitere Informationen finden Sie im <a href=\"https:\/\/www.ils-forschung.de\/wp-content\/uploads\/2026\/03\/Flyer-Abschlussveranstaltung.pdf\">Flyer.<\/a><\/p>\n<\/div><div class=\"fusion-text fusion-text-3\"><h2>Anmeldung<\/h2>\n<\/p>\n<div class=\"eveenoWidget\" data-type=\"booking\" data-event=\"398139037\"><\/div>\n<p><script src=\"https:\/\/eveeno.com\/widgets\/embed.js\"><\/script><\/p>\n<p>Der Anmeldeschluss ist am 3. Juni 2026.<\/p>\n<\/div><div class=\"fusion-text fusion-text-4\"><h2>Veranstalter<\/h2>\n<p>ILS Research, TU Berlin, Difu und STADTRAUMKONZEPT<\/p>\n<\/div><div class=\"fusion-text fusion-text-5\"><h2>Kontakt<\/h2>\n<p>Dr. Isabel Ramos Lobato<br \/>Telefon: + 49 (0) 231 9051-191<br \/>E-Mail: <a href=\"mailto:isabel.ramoslobato@ils-forschung.de\">isabel.ramoslobato@ils-forschung.de<\/a><\/p>\n<\/div><\/div><\/div><\/div><\/div>\n","protected":false},"excerpt":{"rendered":"","protected":false},"author":13,"featured_media":29962,"parent":0,"menu_order":0,"comment_status":"closed","ping_status":"closed","template":"","meta":{"footnotes":""},"class_list":["post-56500","page","type-page","status-publish","has-post-thumbnail","hentry"],"yoast_head":"<!-- This site is optimized with the Yoast SEO plugin v27.1.1 - https:\/\/yoast.com\/product\/yoast-seo-wordpress\/ -->\n<title>Von der Ankunft zur Teilhabe. Abschlusstagung des Forschungs-Praxis-Projekts \u201eTeilhabe in neuen Ankunftsquartieren st\u00e4rken\u201c - ILS - Institut f\u00fcr Landes- und Stadtentwicklungsforschung<\/title>\n<meta name=\"robots\" content=\"index, follow, max-snippet:-1, max-image-preview:large, max-video-preview:-1\" \/>\n<link rel=\"canonical\" href=\"https:\/\/www.ils-forschung.de\/en\/anmeldung-ankunftsquartiere\/\" \/>\n<meta property=\"og:locale\" content=\"en_US\" \/>\n<meta property=\"og:type\" content=\"article\" \/>\n<meta property=\"og:title\" content=\"Von der Ankunft zur Teilhabe. Abschlusstagung des Forschungs-Praxis-Projekts \u201eTeilhabe in neuen Ankunftsquartieren st\u00e4rken\u201c - ILS - Institut f\u00fcr Landes- und Stadtentwicklungsforschung\" \/>\n<meta property=\"og:url\" content=\"https:\/\/www.ils-forschung.de\/en\/anmeldung-ankunftsquartiere\/\" \/>\n<meta property=\"og:site_name\" content=\"ILS - Institut f\u00fcr Landes- und Stadtentwicklungsforschung\" \/>\n<meta property=\"og:image\" content=\"https:\/\/www.ils-forschung.de\/wp-content\/uploads\/2023\/04\/ils-social-share-logo.jpg\" \/>\n\t<meta property=\"og:image:width\" content=\"1200\" \/>\n\t<meta property=\"og:image:height\" content=\"630\" \/>\n\t<meta property=\"og:image:type\" content=\"image\/jpeg\" \/>\n<meta name=\"twitter:card\" content=\"summary_large_image\" \/>\n<meta name=\"twitter:site\" content=\"@ILS_forschung\" \/>\n<meta name=\"twitter:label1\" content=\"Est. reading time\" \/>\n\t<meta name=\"twitter:data1\" content=\"7 minutes\" \/>\n<script type=\"application\/ld+json\" class=\"yoast-schema-graph\">{\"@context\":\"https:\/\/schema.org\",\"@graph\":[{\"@type\":\"WebPage\",\"@id\":\"https:\/\/www.ils-forschung.de\/en\/anmeldung-ankunftsquartiere\/\",\"url\":\"https:\/\/www.ils-forschung.de\/en\/anmeldung-ankunftsquartiere\/\",\"name\":\"Von der Ankunft zur Teilhabe. Abschlusstagung des Forschungs-Praxis-Projekts \u201eTeilhabe in neuen Ankunftsquartieren st\u00e4rken\u201c - ILS - Institut f\u00fcr Landes- und Stadtentwicklungsforschung\",\"isPartOf\":{\"@id\":\"https:\/\/www.ils-forschung.de\/en\/#website\"},\"primaryImageOfPage\":{\"@id\":\"https:\/\/www.ils-forschung.de\/en\/anmeldung-ankunftsquartiere\/#primaryimage\"},\"image\":{\"@id\":\"https:\/\/www.ils-forschung.de\/en\/anmeldung-ankunftsquartiere\/#primaryimage\"},\"thumbnailUrl\":\"https:\/\/www.ils-forschung.de\/wp-content\/uploads\/2023\/04\/ils-social-share-logo.jpg\",\"datePublished\":\"2026-03-25T12:34:03+00:00\",\"breadcrumb\":{\"@id\":\"https:\/\/www.ils-forschung.de\/en\/anmeldung-ankunftsquartiere\/#breadcrumb\"},\"inLanguage\":\"en-US\",\"potentialAction\":[{\"@type\":\"ReadAction\",\"target\":[\"https:\/\/www.ils-forschung.de\/en\/anmeldung-ankunftsquartiere\/\"]}]},{\"@type\":\"ImageObject\",\"inLanguage\":\"en-US\",\"@id\":\"https:\/\/www.ils-forschung.de\/en\/anmeldung-ankunftsquartiere\/#primaryimage\",\"url\":\"https:\/\/www.ils-forschung.de\/wp-content\/uploads\/2023\/04\/ils-social-share-logo.jpg\",\"contentUrl\":\"https:\/\/www.ils-forschung.de\/wp-content\/uploads\/2023\/04\/ils-social-share-logo.jpg\",\"width\":1200,\"height\":630},{\"@type\":\"BreadcrumbList\",\"@id\":\"https:\/\/www.ils-forschung.de\/en\/anmeldung-ankunftsquartiere\/#breadcrumb\",\"itemListElement\":[{\"@type\":\"ListItem\",\"position\":1,\"name\":\"Home\",\"item\":\"https:\/\/www.ils-forschung.de\/en\/\"},{\"@type\":\"ListItem\",\"position\":2,\"name\":\"Von der Ankunft zur Teilhabe. Abschlusstagung des Forschungs-Praxis-Projekts \u201eTeilhabe in neuen Ankunftsquartieren st\u00e4rken\u201c\"}]},{\"@type\":\"WebSite\",\"@id\":\"https:\/\/www.ils-forschung.de\/en\/#website\",\"url\":\"https:\/\/www.ils-forschung.de\/en\/\",\"name\":\"ILS - Institut f\u00fcr Landes- und Stadtentwicklungsforschung\",\"description\":\"Das ILS \u2013 Institut f\u00fcr Landes- und Stadtentwicklungsforschung ist ein raumwissenschaftliches au\u00dferuniversit\u00e4res Forschungsinstitut mit Sitz in Dortmund.\",\"potentialAction\":[{\"@type\":\"SearchAction\",\"target\":{\"@type\":\"EntryPoint\",\"urlTemplate\":\"https:\/\/www.ils-forschung.de\/en\/?s={search_term_string}\"},\"query-input\":{\"@type\":\"PropertyValueSpecification\",\"valueRequired\":true,\"valueName\":\"search_term_string\"}}],\"inLanguage\":\"en-US\"}]}<\/script>\n<!-- \/ Yoast SEO plugin. -->","yoast_head_json":{"title":"Von der Ankunft zur Teilhabe. Abschlusstagung des Forschungs-Praxis-Projekts \u201eTeilhabe in neuen Ankunftsquartieren st\u00e4rken\u201c - ILS - Institut f\u00fcr Landes- und Stadtentwicklungsforschung","robots":{"index":"index","follow":"follow","max-snippet":"max-snippet:-1","max-image-preview":"max-image-preview:large","max-video-preview":"max-video-preview:-1"},"canonical":"https:\/\/www.ils-forschung.de\/en\/anmeldung-ankunftsquartiere\/","og_locale":"en_US","og_type":"article","og_title":"Von der Ankunft zur Teilhabe. Abschlusstagung des Forschungs-Praxis-Projekts \u201eTeilhabe in neuen Ankunftsquartieren st\u00e4rken\u201c - ILS - Institut f\u00fcr Landes- und Stadtentwicklungsforschung","og_url":"https:\/\/www.ils-forschung.de\/en\/anmeldung-ankunftsquartiere\/","og_site_name":"ILS - Institut f\u00fcr Landes- und Stadtentwicklungsforschung","og_image":[{"width":1200,"height":630,"url":"https:\/\/www.ils-forschung.de\/wp-content\/uploads\/2023\/04\/ils-social-share-logo.jpg","type":"image\/jpeg"}],"twitter_card":"summary_large_image","twitter_site":"@ILS_forschung","twitter_misc":{"Est. reading time":"7 minutes"},"schema":{"@context":"https:\/\/schema.org","@graph":[{"@type":"WebPage","@id":"https:\/\/www.ils-forschung.de\/en\/anmeldung-ankunftsquartiere\/","url":"https:\/\/www.ils-forschung.de\/en\/anmeldung-ankunftsquartiere\/","name":"Von der Ankunft zur Teilhabe. Abschlusstagung des Forschungs-Praxis-Projekts \u201eTeilhabe in neuen Ankunftsquartieren st\u00e4rken\u201c - ILS - Institut f\u00fcr Landes- und Stadtentwicklungsforschung","isPartOf":{"@id":"https:\/\/www.ils-forschung.de\/en\/#website"},"primaryImageOfPage":{"@id":"https:\/\/www.ils-forschung.de\/en\/anmeldung-ankunftsquartiere\/#primaryimage"},"image":{"@id":"https:\/\/www.ils-forschung.de\/en\/anmeldung-ankunftsquartiere\/#primaryimage"},"thumbnailUrl":"https:\/\/www.ils-forschung.de\/wp-content\/uploads\/2023\/04\/ils-social-share-logo.jpg","datePublished":"2026-03-25T12:34:03+00:00","breadcrumb":{"@id":"https:\/\/www.ils-forschung.de\/en\/anmeldung-ankunftsquartiere\/#breadcrumb"},"inLanguage":"en-US","potentialAction":[{"@type":"ReadAction","target":["https:\/\/www.ils-forschung.de\/en\/anmeldung-ankunftsquartiere\/"]}]},{"@type":"ImageObject","inLanguage":"en-US","@id":"https:\/\/www.ils-forschung.de\/en\/anmeldung-ankunftsquartiere\/#primaryimage","url":"https:\/\/www.ils-forschung.de\/wp-content\/uploads\/2023\/04\/ils-social-share-logo.jpg","contentUrl":"https:\/\/www.ils-forschung.de\/wp-content\/uploads\/2023\/04\/ils-social-share-logo.jpg","width":1200,"height":630},{"@type":"BreadcrumbList","@id":"https:\/\/www.ils-forschung.de\/en\/anmeldung-ankunftsquartiere\/#breadcrumb","itemListElement":[{"@type":"ListItem","position":1,"name":"Home","item":"https:\/\/www.ils-forschung.de\/en\/"},{"@type":"ListItem","position":2,"name":"Von der Ankunft zur Teilhabe. Abschlusstagung des Forschungs-Praxis-Projekts \u201eTeilhabe in neuen Ankunftsquartieren st\u00e4rken\u201c"}]},{"@type":"WebSite","@id":"https:\/\/www.ils-forschung.de\/en\/#website","url":"https:\/\/www.ils-forschung.de\/en\/","name":"ILS - Institut f\u00fcr Landes- und Stadtentwicklungsforschung","description":"Das ILS \u2013 Institut f\u00fcr Landes- und Stadtentwicklungsforschung ist ein raumwissenschaftliches au\u00dferuniversit\u00e4res Forschungsinstitut mit Sitz in Dortmund.","potentialAction":[{"@type":"SearchAction","target":{"@type":"EntryPoint","urlTemplate":"https:\/\/www.ils-forschung.de\/en\/?s={search_term_string}"},"query-input":{"@type":"PropertyValueSpecification","valueRequired":true,"valueName":"search_term_string"}}],"inLanguage":"en-US"}]}},"_links":{"self":[{"href":"https:\/\/www.ils-forschung.de\/en\/wp-json\/wp\/v2\/pages\/56500","targetHints":{"allow":["GET"]}}],"collection":[{"href":"https:\/\/www.ils-forschung.de\/en\/wp-json\/wp\/v2\/pages"}],"about":[{"href":"https:\/\/www.ils-forschung.de\/en\/wp-json\/wp\/v2\/types\/page"}],"author":[{"embeddable":true,"href":"https:\/\/www.ils-forschung.de\/en\/wp-json\/wp\/v2\/users\/13"}],"replies":[{"embeddable":true,"href":"https:\/\/www.ils-forschung.de\/en\/wp-json\/wp\/v2\/comments?post=56500"}],"version-history":[{"count":3,"href":"https:\/\/www.ils-forschung.de\/en\/wp-json\/wp\/v2\/pages\/56500\/revisions"}],"predecessor-version":[{"id":56504,"href":"https:\/\/www.ils-forschung.de\/en\/wp-json\/wp\/v2\/pages\/56500\/revisions\/56504"}],"wp:featuredmedia":[{"embeddable":true,"href":"https:\/\/www.ils-forschung.de\/en\/wp-json\/wp\/v2\/media\/29962"}],"wp:attachment":[{"href":"https:\/\/www.ils-forschung.de\/en\/wp-json\/wp\/v2\/media?parent=56500"}],"curies":[{"name":"wp","href":"https:\/\/api.w.org\/{rel}","templated":true}]}}