{"id":56354,"date":"2026-03-18T11:46:31","date_gmt":"2026-03-18T10:46:31","guid":{"rendered":"https:\/\/www.ils-forschung.de\/urszula-hajdukiewicz-forscht-zum-thema-laerm-am-ils\/"},"modified":"2026-03-18T11:55:24","modified_gmt":"2026-03-18T10:55:24","slug":"urszula-hajdukiewicz-forscht-zum-thema-laerm-am-ils","status":"publish","type":"page","link":"https:\/\/www.ils-forschung.de\/en\/urszula-hajdukiewicz-forscht-zum-thema-laerm-am-ils\/","title":{"rendered":"Urszula Hajdukiewicz does research on noise"},"content":{"rendered":"<div class=\"fusion-fullwidth fullwidth-box fusion-builder-row-1 fusion-flex-container nonhundred-percent-fullwidth non-hundred-percent-height-scrolling\" style=\"--awb-border-radius-top-left:0px;--awb-border-radius-top-right:0px;--awb-border-radius-bottom-right:0px;--awb-border-radius-bottom-left:0px;--awb-flex-wrap:wrap;\" ><div class=\"fusion-builder-row fusion-row fusion-flex-align-items-flex-start fusion-flex-content-wrap\" style=\"max-width:1144px;margin-left: calc(-4% \/ 2 );margin-right: calc(-4% \/ 2 );\"><div class=\"fusion-layout-column fusion_builder_column fusion-builder-column-0 fusion_builder_column_1_1 1_1 fusion-flex-column\" style=\"--awb-bg-size:cover;--awb-width-large:100%;--awb-margin-top-large:0px;--awb-spacing-right-large:1.92%;--awb-margin-bottom-large:0px;--awb-spacing-left-large:1.92%;--awb-width-medium:100%;--awb-spacing-right-medium:1.92%;--awb-spacing-left-medium:1.92%;--awb-width-small:100%;--awb-spacing-right-small:1.92%;--awb-spacing-left-small:1.92%;\"><div class=\"fusion-column-wrapper fusion-flex-justify-content-flex-start fusion-content-layout-column\"><div class=\"fusion-text fusion-text-1\"><p><span class=\"break-words\n          tvm-parent-container\"><span dir=\"ltr\">Urszula Hajdukiewicz visiting the ILS from February 26 until July 31. During the stay, she is working on the research project \u201cUrban Noise Pollution: Comparing Objective Noise Levels and Perceived Noise in Relation to Urban Health.\u201d.<br \/>\n<\/span><\/span><\/p>\n<p><span class=\"break-words\n          tvm-parent-container\"><span dir=\"ltr\">The project explores the relationship between objectively measured noise levels and perceived noise in urban environments. It combines theoretical research on noise pollution and mitigation strategies with empirical fieldwork in Warsaw, Poland. The field research examines how residents perceive noise and the urban soundscape. <\/p>\n<p>By comparing objective measurements with subjective perceptions, the project aims to better understand their relationship and its implications for urban health. Urszula&#8217;s stay s is funded by the MOE Fellowship from the DBU Deutsche Bundesstiftung Umwelt. <\/span><\/span><\/p>\n<\/div><div class=\"fusion-image-element awb-imageframe-style awb-imageframe-style-below awb-imageframe-style-1\" style=\"--awb-caption-title-font-family:var(--body_typography-font-family);--awb-caption-title-font-weight:var(--body_typography-font-weight);--awb-caption-title-font-style:var(--body_typography-font-style);--awb-caption-title-size:var(--body_typography-font-size);--awb-caption-title-transform:var(--body_typography-text-transform);--awb-caption-title-line-height:var(--body_typography-line-height);--awb-caption-title-letter-spacing:var(--body_typography-letter-spacing);\"><span class=\" fusion-imageframe imageframe-none imageframe-1 hover-type-none\"><img decoding=\"async\" width=\"225\" height=\"300\" alt=\"Junge Frau l\u00e4chelt in die Kamera, steht vor einer beigefarbenen Wand und tragt Jeans und eine wei\u00dfe Bluse.\" title=\"Hajdukiewicz_Urszula_beige\" src=\"https:\/\/www.ils-forschung.de\/wp-content\/uploads\/2026\/03\/Hajdukiewicz_Urszula_beige-225x300.png\" class=\"img-responsive wp-image-56353\" srcset=\"https:\/\/www.ils-forschung.de\/wp-content\/uploads\/2026\/03\/Hajdukiewicz_Urszula_beige-200x267.png 200w, https:\/\/www.ils-forschung.de\/wp-content\/uploads\/2026\/03\/Hajdukiewicz_Urszula_beige-400x533.png 400w, https:\/\/www.ils-forschung.de\/wp-content\/uploads\/2026\/03\/Hajdukiewicz_Urszula_beige-600x800.png 600w, https:\/\/www.ils-forschung.de\/wp-content\/uploads\/2026\/03\/Hajdukiewicz_Urszula_beige-800x1067.png 800w, https:\/\/www.ils-forschung.de\/wp-content\/uploads\/2026\/03\/Hajdukiewicz_Urszula_beige.png 1200w\" sizes=\"(max-width: 1125px) 100vw, (max-width: 765px) 100vw, 225px\" \/><\/span><div class=\"awb-imageframe-caption-container\"><div class=\"awb-imageframe-caption\"><div class=\"awb-imageframe-caption-title\">\u00a9Kleinmanns\/ ILS<\/div><\/div><\/div><\/div><\/div><\/div><\/div><\/div>\n","protected":false},"excerpt":{"rendered":"","protected":false},"author":17,"featured_media":29962,"parent":0,"menu_order":0,"comment_status":"closed","ping_status":"closed","template":"","meta":{"footnotes":""},"class_list":["post-56354","page","type-page","status-publish","has-post-thumbnail","hentry"],"yoast_head":"<!-- This site is optimized with the Yoast SEO plugin v27.1.1 - https:\/\/yoast.com\/product\/yoast-seo-wordpress\/ -->\n<title>Urszula Hajdukiewicz does research on noise - ILS - Institut f\u00fcr Landes- und Stadtentwicklungsforschung<\/title>\n<meta name=\"robots\" content=\"index, follow, max-snippet:-1, max-image-preview:large, max-video-preview:-1\" \/>\n<link rel=\"canonical\" href=\"https:\/\/www.ils-forschung.de\/en\/urszula-hajdukiewicz-forscht-zum-thema-laerm-am-ils\/\" \/>\n<meta property=\"og:locale\" content=\"en_US\" \/>\n<meta property=\"og:type\" content=\"article\" \/>\n<meta property=\"og:title\" content=\"Urszula Hajdukiewicz does research on noise - ILS - Institut f\u00fcr Landes- und Stadtentwicklungsforschung\" \/>\n<meta property=\"og:url\" content=\"https:\/\/www.ils-forschung.de\/en\/urszula-hajdukiewicz-forscht-zum-thema-laerm-am-ils\/\" \/>\n<meta property=\"og:site_name\" content=\"ILS - Institut f\u00fcr Landes- und Stadtentwicklungsforschung\" \/>\n<meta property=\"article:modified_time\" content=\"2026-03-18T10:55:24+00:00\" \/>\n<meta property=\"og:image\" content=\"https:\/\/www.ils-forschung.de\/wp-content\/uploads\/2023\/04\/ils-social-share-logo.jpg\" \/>\n\t<meta property=\"og:image:width\" content=\"1200\" \/>\n\t<meta property=\"og:image:height\" content=\"630\" \/>\n\t<meta property=\"og:image:type\" content=\"image\/jpeg\" \/>\n<meta name=\"twitter:card\" content=\"summary_large_image\" \/>\n<meta name=\"twitter:site\" content=\"@ILS_forschung\" \/>\n<meta name=\"twitter:label1\" content=\"Est. reading time\" \/>\n\t<meta name=\"twitter:data1\" content=\"2 minutes\" \/>\n<script type=\"application\/ld+json\" class=\"yoast-schema-graph\">{\"@context\":\"https:\/\/schema.org\",\"@graph\":[{\"@type\":\"WebPage\",\"@id\":\"https:\/\/www.ils-forschung.de\/en\/urszula-hajdukiewicz-forscht-zum-thema-laerm-am-ils\/\",\"url\":\"https:\/\/www.ils-forschung.de\/en\/urszula-hajdukiewicz-forscht-zum-thema-laerm-am-ils\/\",\"name\":\"Urszula Hajdukiewicz does research on noise - ILS - Institut f\u00fcr Landes- und Stadtentwicklungsforschung\",\"isPartOf\":{\"@id\":\"https:\/\/www.ils-forschung.de\/en\/#website\"},\"primaryImageOfPage\":{\"@id\":\"https:\/\/www.ils-forschung.de\/en\/urszula-hajdukiewicz-forscht-zum-thema-laerm-am-ils\/#primaryimage\"},\"image\":{\"@id\":\"https:\/\/www.ils-forschung.de\/en\/urszula-hajdukiewicz-forscht-zum-thema-laerm-am-ils\/#primaryimage\"},\"thumbnailUrl\":\"https:\/\/www.ils-forschung.de\/wp-content\/uploads\/2023\/04\/ils-social-share-logo.jpg\",\"datePublished\":\"2026-03-18T10:46:31+00:00\",\"dateModified\":\"2026-03-18T10:55:24+00:00\",\"breadcrumb\":{\"@id\":\"https:\/\/www.ils-forschung.de\/en\/urszula-hajdukiewicz-forscht-zum-thema-laerm-am-ils\/#breadcrumb\"},\"inLanguage\":\"en-US\",\"potentialAction\":[{\"@type\":\"ReadAction\",\"target\":[\"https:\/\/www.ils-forschung.de\/en\/urszula-hajdukiewicz-forscht-zum-thema-laerm-am-ils\/\"]}]},{\"@type\":\"ImageObject\",\"inLanguage\":\"en-US\",\"@id\":\"https:\/\/www.ils-forschung.de\/en\/urszula-hajdukiewicz-forscht-zum-thema-laerm-am-ils\/#primaryimage\",\"url\":\"https:\/\/www.ils-forschung.de\/wp-content\/uploads\/2023\/04\/ils-social-share-logo.jpg\",\"contentUrl\":\"https:\/\/www.ils-forschung.de\/wp-content\/uploads\/2023\/04\/ils-social-share-logo.jpg\",\"width\":1200,\"height\":630},{\"@type\":\"BreadcrumbList\",\"@id\":\"https:\/\/www.ils-forschung.de\/en\/urszula-hajdukiewicz-forscht-zum-thema-laerm-am-ils\/#breadcrumb\",\"itemListElement\":[{\"@type\":\"ListItem\",\"position\":1,\"name\":\"Home\",\"item\":\"https:\/\/www.ils-forschung.de\/en\/\"},{\"@type\":\"ListItem\",\"position\":2,\"name\":\"Urszula Hajdukiewicz does research on noise\"}]},{\"@type\":\"WebSite\",\"@id\":\"https:\/\/www.ils-forschung.de\/en\/#website\",\"url\":\"https:\/\/www.ils-forschung.de\/en\/\",\"name\":\"ILS - Institut f\u00fcr Landes- und Stadtentwicklungsforschung\",\"description\":\"Das ILS \u2013 Institut f\u00fcr Landes- und Stadtentwicklungsforschung ist ein raumwissenschaftliches au\u00dferuniversit\u00e4res Forschungsinstitut mit Sitz in Dortmund.\",\"potentialAction\":[{\"@type\":\"SearchAction\",\"target\":{\"@type\":\"EntryPoint\",\"urlTemplate\":\"https:\/\/www.ils-forschung.de\/en\/?s={search_term_string}\"},\"query-input\":{\"@type\":\"PropertyValueSpecification\",\"valueRequired\":true,\"valueName\":\"search_term_string\"}}],\"inLanguage\":\"en-US\"}]}<\/script>\n<!-- \/ Yoast SEO plugin. -->","yoast_head_json":{"title":"Urszula Hajdukiewicz does research on noise - ILS - Institut f\u00fcr Landes- und Stadtentwicklungsforschung","robots":{"index":"index","follow":"follow","max-snippet":"max-snippet:-1","max-image-preview":"max-image-preview:large","max-video-preview":"max-video-preview:-1"},"canonical":"https:\/\/www.ils-forschung.de\/en\/urszula-hajdukiewicz-forscht-zum-thema-laerm-am-ils\/","og_locale":"en_US","og_type":"article","og_title":"Urszula Hajdukiewicz does research on noise - ILS - Institut f\u00fcr Landes- und Stadtentwicklungsforschung","og_url":"https:\/\/www.ils-forschung.de\/en\/urszula-hajdukiewicz-forscht-zum-thema-laerm-am-ils\/","og_site_name":"ILS - Institut f\u00fcr Landes- und Stadtentwicklungsforschung","article_modified_time":"2026-03-18T10:55:24+00:00","og_image":[{"width":1200,"height":630,"url":"https:\/\/www.ils-forschung.de\/wp-content\/uploads\/2023\/04\/ils-social-share-logo.jpg","type":"image\/jpeg"}],"twitter_card":"summary_large_image","twitter_site":"@ILS_forschung","twitter_misc":{"Est. reading time":"2 minutes"},"schema":{"@context":"https:\/\/schema.org","@graph":[{"@type":"WebPage","@id":"https:\/\/www.ils-forschung.de\/en\/urszula-hajdukiewicz-forscht-zum-thema-laerm-am-ils\/","url":"https:\/\/www.ils-forschung.de\/en\/urszula-hajdukiewicz-forscht-zum-thema-laerm-am-ils\/","name":"Urszula Hajdukiewicz does research on noise - ILS - Institut f\u00fcr Landes- und Stadtentwicklungsforschung","isPartOf":{"@id":"https:\/\/www.ils-forschung.de\/en\/#website"},"primaryImageOfPage":{"@id":"https:\/\/www.ils-forschung.de\/en\/urszula-hajdukiewicz-forscht-zum-thema-laerm-am-ils\/#primaryimage"},"image":{"@id":"https:\/\/www.ils-forschung.de\/en\/urszula-hajdukiewicz-forscht-zum-thema-laerm-am-ils\/#primaryimage"},"thumbnailUrl":"https:\/\/www.ils-forschung.de\/wp-content\/uploads\/2023\/04\/ils-social-share-logo.jpg","datePublished":"2026-03-18T10:46:31+00:00","dateModified":"2026-03-18T10:55:24+00:00","breadcrumb":{"@id":"https:\/\/www.ils-forschung.de\/en\/urszula-hajdukiewicz-forscht-zum-thema-laerm-am-ils\/#breadcrumb"},"inLanguage":"en-US","potentialAction":[{"@type":"ReadAction","target":["https:\/\/www.ils-forschung.de\/en\/urszula-hajdukiewicz-forscht-zum-thema-laerm-am-ils\/"]}]},{"@type":"ImageObject","inLanguage":"en-US","@id":"https:\/\/www.ils-forschung.de\/en\/urszula-hajdukiewicz-forscht-zum-thema-laerm-am-ils\/#primaryimage","url":"https:\/\/www.ils-forschung.de\/wp-content\/uploads\/2023\/04\/ils-social-share-logo.jpg","contentUrl":"https:\/\/www.ils-forschung.de\/wp-content\/uploads\/2023\/04\/ils-social-share-logo.jpg","width":1200,"height":630},{"@type":"BreadcrumbList","@id":"https:\/\/www.ils-forschung.de\/en\/urszula-hajdukiewicz-forscht-zum-thema-laerm-am-ils\/#breadcrumb","itemListElement":[{"@type":"ListItem","position":1,"name":"Home","item":"https:\/\/www.ils-forschung.de\/en\/"},{"@type":"ListItem","position":2,"name":"Urszula Hajdukiewicz does research on noise"}]},{"@type":"WebSite","@id":"https:\/\/www.ils-forschung.de\/en\/#website","url":"https:\/\/www.ils-forschung.de\/en\/","name":"ILS - Institut f\u00fcr Landes- und Stadtentwicklungsforschung","description":"Das ILS \u2013 Institut f\u00fcr Landes- und Stadtentwicklungsforschung ist ein raumwissenschaftliches au\u00dferuniversit\u00e4res Forschungsinstitut mit Sitz in Dortmund.","potentialAction":[{"@type":"SearchAction","target":{"@type":"EntryPoint","urlTemplate":"https:\/\/www.ils-forschung.de\/en\/?s={search_term_string}"},"query-input":{"@type":"PropertyValueSpecification","valueRequired":true,"valueName":"search_term_string"}}],"inLanguage":"en-US"}]}},"_links":{"self":[{"href":"https:\/\/www.ils-forschung.de\/en\/wp-json\/wp\/v2\/pages\/56354","targetHints":{"allow":["GET"]}}],"collection":[{"href":"https:\/\/www.ils-forschung.de\/en\/wp-json\/wp\/v2\/pages"}],"about":[{"href":"https:\/\/www.ils-forschung.de\/en\/wp-json\/wp\/v2\/types\/page"}],"author":[{"embeddable":true,"href":"https:\/\/www.ils-forschung.de\/en\/wp-json\/wp\/v2\/users\/17"}],"replies":[{"embeddable":true,"href":"https:\/\/www.ils-forschung.de\/en\/wp-json\/wp\/v2\/comments?post=56354"}],"version-history":[{"count":2,"href":"https:\/\/www.ils-forschung.de\/en\/wp-json\/wp\/v2\/pages\/56354\/revisions"}],"predecessor-version":[{"id":56360,"href":"https:\/\/www.ils-forschung.de\/en\/wp-json\/wp\/v2\/pages\/56354\/revisions\/56360"}],"wp:featuredmedia":[{"embeddable":true,"href":"https:\/\/www.ils-forschung.de\/en\/wp-json\/wp\/v2\/media\/29962"}],"wp:attachment":[{"href":"https:\/\/www.ils-forschung.de\/en\/wp-json\/wp\/v2\/media?parent=56354"}],"curies":[{"name":"wp","href":"https:\/\/api.w.org\/{rel}","templated":true}]}}