{"id":527,"date":"2018-06-27T10:07:21","date_gmt":"2018-06-27T08:07:21","guid":{"rendered":"https:\/\/www.ils-forschung.de\/legal-notice\/"},"modified":"2025-07-10T13:41:12","modified_gmt":"2025-07-10T11:41:12","slug":"legal-notice","status":"publish","type":"page","link":"https:\/\/www.ils-forschung.de\/en\/legal-notice\/","title":{"rendered":"Legal Notice"},"content":{"rendered":"<div class=\"fusion-fullwidth fullwidth-box fusion-builder-row-1 fusion-flex-container nonhundred-percent-fullwidth non-hundred-percent-height-scrolling\" style=\"--awb-border-radius-top-left:0px;--awb-border-radius-top-right:0px;--awb-border-radius-bottom-right:0px;--awb-border-radius-bottom-left:0px;--awb-flex-wrap:wrap;\" ><div class=\"fusion-builder-row fusion-row fusion-flex-align-items-flex-start fusion-flex-content-wrap\" style=\"max-width:1144px;margin-left: calc(-4% \/ 2 );margin-right: calc(-4% \/ 2 );\"><div class=\"fusion-layout-column fusion_builder_column fusion-builder-column-0 fusion_builder_column_1_1 1_1 fusion-flex-column\" style=\"--awb-bg-size:cover;--awb-width-large:100%;--awb-margin-top-large:0px;--awb-spacing-right-large:1.92%;--awb-margin-bottom-large:20px;--awb-spacing-left-large:1.92%;--awb-width-medium:100%;--awb-spacing-right-medium:1.92%;--awb-spacing-left-medium:1.92%;--awb-width-small:100%;--awb-spacing-right-small:1.92%;--awb-spacing-left-small:1.92%;\"><div class=\"fusion-column-wrapper fusion-flex-justify-content-flex-start fusion-content-layout-column\"><div class=\"fusion-text fusion-text-1\" style=\"--awb-text-transform:none;\"><p>Information under the German directive. \u00a7 5 TMG<\/p>\n<h3>Name and Address<\/h3>\n<p>ILS \u2013 Institut f\u00fcr Landes- und Stadtentwicklungsforschung gGmbH<br \/>Br\u00fcderweg 22\u201324<br \/>D-44135 Dortmund<br \/>Telefon: +49 (0)231 9051-0<br \/>Telefax: +49 (0)231 9051-155<br \/>E-Mail: <a href=\"mailto:poststelle@ils-forschung.de\">poststelle@ils-forschung.de<\/a><\/p>\n<h3>Authorised Representative<\/h3>\n<p>Ralf Zimmer-Hegmann (Executive Director)<\/p>\n<h3>Supervising Authority<\/h3>\n<p>The State of North Rhine-Westphalia<\/p>\n<h3>Register and register number<\/h3>\n<p>Entered in the Register of the Commercial Register B of the District Court of Dortmund HRB 20966<\/p>\n<h3>Professional indemnity insurance<\/h3>\n<p>According to \u00a7 34 N\u00ba 12 (principle of self-insurance) the administrative provisions of the financial regulation of the federal state NRW the institution is not entitled to enter into a liability insurance.<\/p>\n<h3>Value Added Tax Identification Number<\/h3>\n<p>DE 259 078 455<\/p>\n<h3>Responsible according to the press law<\/h3>\n<p>Theresa von Bischopink<\/p>\n<h3>Concept, Design and Implementation<\/h3>\n<p>ILS \u2013 Institut f\u00fcr Landes- und Stadtentwicklungsforschung gGmbH<\/p>\n<p>Br\u00fcderweg 22\u201324<br \/>D-44135 Dortmund<br \/>Telefon: +49 (0)231 9051-154\/165<br \/>Telefax: +49 (0)231 9051-155<br \/>E-Mail: <a href=\"mailto:webmaster@ils-forschung.de\">webmaster@ils-forschung.de<\/a><\/p>\n<h3>Web-Hosting<\/h3>\n<p>Neue Medien M\u00fcnnich<br \/>Hauptstra\u00dfe 68<br \/>D-02742 Friedersdorf<br \/>Ust-ID: DE212657916<br \/>Telefon: +49 (0)35872 353-10<br \/>Telefax: +49 (0)35872 353-30<br \/>E-Mail: <a href=\"mailto:info@all-inkl.com\">info@all-inkl.com<\/a><br \/>Website: <a href=\"https:\/\/www.all-inkl.com\" target=\"_blank\" rel=\"noopener noreferrer\">www.all-inkl.com<\/a><\/p>\n<p><strong>Technical Implementation and Support<\/strong><br \/>Doffin\u00e9 &#8211; Die Webagentur.<br \/>E-Mail: <a href=\"mailto:info@doffine.de\">info@doffine.de<\/a><br \/>Website: <a href=\"https:\/\/www.doffine.de\" target=\"_blank\" rel=\"noopener noreferrer\">www.doffine.de<\/a><\/p>\n<h3>Legal Disclaimer<\/h3>\n<p>The ILS \u2013 Research Institute for Regional and Urban Development gGmbH (a non-profit limited liability company under German Law), endeavours to ensure that the information presented on this website is correct and up to date. However, mistakes may occur. Therefore, the ILS does not guarantee the up-to-dateness, completeness and accuracy of the information. The ILS does not assume liability for material or immaterial damage arising directly or indirectly from the use or non-use of the information presented or the use of inaccurate and incomplete information, insofar as the ILS cannot be proven to have been at fault intentionally or by negligence. Responsibility for \u201cforeign contents\u201d, provided e.g. through direct or indirect links to other providers presupposes positive knowledge of illegal contents. The ILS has no influence whatsoever on \u201cforeign contents\u201d and does not accept these as its own. The ILS has no knowledge of illegal or offensive contents in the pages of other providers linked to the ILS website. Should the linked sites of other providers contain illegal or offensive contents, the ILS dissociates itself from these contents with regards to for all links and references outside its own internet pages.<\/p>\n<h3>Copyrights<\/h3>\n<p>The contents of these internet pages are protected by copyright. Reproduction or utilization is not permitted without the written consent of ILS . Downloads and copies are permitted only for private, non-commercial use. Except for press releases, they can be used without special permission. Insofar as the content is not created by the provider, the copyrights of third parties are respected. Contents of third parties are marked as such. If you are aware of any copyright infringement, we ask for a hint. Upon notification of violations of the copyrights of third parties, we will remove the content immediately.<\/p>\n<h3>Data protection<\/h3>\n<p>In order to provide our numerous services in an appropriate and customer-friendly manner, the ILS, like other companies, depends on permission to collect, process and produce customer data or data connected with research tasks. The legal framework for this is provided by the Federal Data Protection Law.<br \/>Data protection under \u00a7 4 section 1 Data Protection Act (Teledienstdatenschutzgesetz [TDDSG])<br \/><a href=\"https:\/\/www.ils-forschung.de\/en\/privacy-policy\/\">Privacy Policy<\/a><\/p>\n<h3>Image Credits<\/h3>\n<p>Icons made by Zurb from <a title=\"Flaticon\" href=\"https:\/\/www.flaticon.com\/\">www.flaticon.com<\/a> is licensed by <a title=\"Creative Commons BY 3.0\" href=\"http:\/\/creativecommons.org\/licenses\/by\/3.0\/\" target=\"_blank\" rel=\"noopener noreferrer\">CC 3.0 BY<\/a><\/p>\n<\/div><\/div><\/div><\/div><\/div>\n","protected":false},"excerpt":{"rendered":"","protected":false},"author":14,"featured_media":29962,"parent":0,"menu_order":13,"comment_status":"closed","ping_status":"closed","template":"","meta":{"footnotes":""},"class_list":["post-527","page","type-page","status-publish","has-post-thumbnail","hentry"],"yoast_head":"<!-- This site is optimized with the Yoast SEO plugin v27.1.1 - https:\/\/yoast.com\/product\/yoast-seo-wordpress\/ -->\n<title>Legal Notice - ILS - Institut f\u00fcr Landes- und Stadtentwicklungsforschung<\/title>\n<meta name=\"robots\" content=\"index, follow, max-snippet:-1, max-image-preview:large, max-video-preview:-1\" \/>\n<link rel=\"canonical\" href=\"https:\/\/www.ils-forschung.de\/en\/legal-notice\/\" \/>\n<meta property=\"og:locale\" content=\"en_US\" \/>\n<meta property=\"og:type\" content=\"article\" \/>\n<meta property=\"og:title\" content=\"Legal Notice - ILS - Institut f\u00fcr Landes- und Stadtentwicklungsforschung\" \/>\n<meta property=\"og:url\" content=\"https:\/\/www.ils-forschung.de\/en\/legal-notice\/\" \/>\n<meta property=\"og:site_name\" content=\"ILS - Institut f\u00fcr Landes- und Stadtentwicklungsforschung\" \/>\n<meta property=\"article:modified_time\" content=\"2025-07-10T11:41:12+00:00\" \/>\n<meta property=\"og:image\" content=\"https:\/\/www.ils-forschung.de\/wp-content\/uploads\/2023\/04\/ils-social-share-logo.jpg\" \/>\n\t<meta property=\"og:image:width\" content=\"1200\" \/>\n\t<meta property=\"og:image:height\" content=\"630\" \/>\n\t<meta property=\"og:image:type\" content=\"image\/jpeg\" \/>\n<meta name=\"twitter:card\" content=\"summary_large_image\" \/>\n<meta name=\"twitter:site\" content=\"@ILS_forschung\" \/>\n<meta name=\"twitter:label1\" content=\"Est. reading time\" \/>\n\t<meta name=\"twitter:data1\" content=\"5 minutes\" \/>\n<script type=\"application\/ld+json\" class=\"yoast-schema-graph\">{\"@context\":\"https:\/\/schema.org\",\"@graph\":[{\"@type\":\"WebPage\",\"@id\":\"https:\/\/www.ils-forschung.de\/en\/legal-notice\/\",\"url\":\"https:\/\/www.ils-forschung.de\/en\/legal-notice\/\",\"name\":\"Legal Notice - ILS - Institut f\u00fcr Landes- und Stadtentwicklungsforschung\",\"isPartOf\":{\"@id\":\"https:\/\/www.ils-forschung.de\/en\/#website\"},\"primaryImageOfPage\":{\"@id\":\"https:\/\/www.ils-forschung.de\/en\/legal-notice\/#primaryimage\"},\"image\":{\"@id\":\"https:\/\/www.ils-forschung.de\/en\/legal-notice\/#primaryimage\"},\"thumbnailUrl\":\"https:\/\/www.ils-forschung.de\/wp-content\/uploads\/2023\/04\/ils-social-share-logo.jpg\",\"datePublished\":\"2018-06-27T08:07:21+00:00\",\"dateModified\":\"2025-07-10T11:41:12+00:00\",\"breadcrumb\":{\"@id\":\"https:\/\/www.ils-forschung.de\/en\/legal-notice\/#breadcrumb\"},\"inLanguage\":\"en-US\",\"potentialAction\":[{\"@type\":\"ReadAction\",\"target\":[\"https:\/\/www.ils-forschung.de\/en\/legal-notice\/\"]}]},{\"@type\":\"ImageObject\",\"inLanguage\":\"en-US\",\"@id\":\"https:\/\/www.ils-forschung.de\/en\/legal-notice\/#primaryimage\",\"url\":\"https:\/\/www.ils-forschung.de\/wp-content\/uploads\/2023\/04\/ils-social-share-logo.jpg\",\"contentUrl\":\"https:\/\/www.ils-forschung.de\/wp-content\/uploads\/2023\/04\/ils-social-share-logo.jpg\",\"width\":1200,\"height\":630},{\"@type\":\"BreadcrumbList\",\"@id\":\"https:\/\/www.ils-forschung.de\/en\/legal-notice\/#breadcrumb\",\"itemListElement\":[{\"@type\":\"ListItem\",\"position\":1,\"name\":\"Home\",\"item\":\"https:\/\/www.ils-forschung.de\/en\/\"},{\"@type\":\"ListItem\",\"position\":2,\"name\":\"Legal Notice\"}]},{\"@type\":\"WebSite\",\"@id\":\"https:\/\/www.ils-forschung.de\/en\/#website\",\"url\":\"https:\/\/www.ils-forschung.de\/en\/\",\"name\":\"ILS - Institut f\u00fcr Landes- und Stadtentwicklungsforschung\",\"description\":\"Das ILS \u2013 Institut f\u00fcr Landes- und Stadtentwicklungsforschung ist ein raumwissenschaftliches au\u00dferuniversit\u00e4res Forschungsinstitut mit Sitz in Dortmund.\",\"potentialAction\":[{\"@type\":\"SearchAction\",\"target\":{\"@type\":\"EntryPoint\",\"urlTemplate\":\"https:\/\/www.ils-forschung.de\/en\/?s={search_term_string}\"},\"query-input\":{\"@type\":\"PropertyValueSpecification\",\"valueRequired\":true,\"valueName\":\"search_term_string\"}}],\"inLanguage\":\"en-US\"}]}<\/script>\n<!-- \/ Yoast SEO plugin. -->","yoast_head_json":{"title":"Legal Notice - ILS - Institut f\u00fcr Landes- und Stadtentwicklungsforschung","robots":{"index":"index","follow":"follow","max-snippet":"max-snippet:-1","max-image-preview":"max-image-preview:large","max-video-preview":"max-video-preview:-1"},"canonical":"https:\/\/www.ils-forschung.de\/en\/legal-notice\/","og_locale":"en_US","og_type":"article","og_title":"Legal Notice - ILS - Institut f\u00fcr Landes- und Stadtentwicklungsforschung","og_url":"https:\/\/www.ils-forschung.de\/en\/legal-notice\/","og_site_name":"ILS - Institut f\u00fcr Landes- und Stadtentwicklungsforschung","article_modified_time":"2025-07-10T11:41:12+00:00","og_image":[{"width":1200,"height":630,"url":"https:\/\/www.ils-forschung.de\/wp-content\/uploads\/2023\/04\/ils-social-share-logo.jpg","type":"image\/jpeg"}],"twitter_card":"summary_large_image","twitter_site":"@ILS_forschung","twitter_misc":{"Est. reading time":"5 minutes"},"schema":{"@context":"https:\/\/schema.org","@graph":[{"@type":"WebPage","@id":"https:\/\/www.ils-forschung.de\/en\/legal-notice\/","url":"https:\/\/www.ils-forschung.de\/en\/legal-notice\/","name":"Legal Notice - ILS - Institut f\u00fcr Landes- und Stadtentwicklungsforschung","isPartOf":{"@id":"https:\/\/www.ils-forschung.de\/en\/#website"},"primaryImageOfPage":{"@id":"https:\/\/www.ils-forschung.de\/en\/legal-notice\/#primaryimage"},"image":{"@id":"https:\/\/www.ils-forschung.de\/en\/legal-notice\/#primaryimage"},"thumbnailUrl":"https:\/\/www.ils-forschung.de\/wp-content\/uploads\/2023\/04\/ils-social-share-logo.jpg","datePublished":"2018-06-27T08:07:21+00:00","dateModified":"2025-07-10T11:41:12+00:00","breadcrumb":{"@id":"https:\/\/www.ils-forschung.de\/en\/legal-notice\/#breadcrumb"},"inLanguage":"en-US","potentialAction":[{"@type":"ReadAction","target":["https:\/\/www.ils-forschung.de\/en\/legal-notice\/"]}]},{"@type":"ImageObject","inLanguage":"en-US","@id":"https:\/\/www.ils-forschung.de\/en\/legal-notice\/#primaryimage","url":"https:\/\/www.ils-forschung.de\/wp-content\/uploads\/2023\/04\/ils-social-share-logo.jpg","contentUrl":"https:\/\/www.ils-forschung.de\/wp-content\/uploads\/2023\/04\/ils-social-share-logo.jpg","width":1200,"height":630},{"@type":"BreadcrumbList","@id":"https:\/\/www.ils-forschung.de\/en\/legal-notice\/#breadcrumb","itemListElement":[{"@type":"ListItem","position":1,"name":"Home","item":"https:\/\/www.ils-forschung.de\/en\/"},{"@type":"ListItem","position":2,"name":"Legal Notice"}]},{"@type":"WebSite","@id":"https:\/\/www.ils-forschung.de\/en\/#website","url":"https:\/\/www.ils-forschung.de\/en\/","name":"ILS - Institut f\u00fcr Landes- und Stadtentwicklungsforschung","description":"Das ILS \u2013 Institut f\u00fcr Landes- und Stadtentwicklungsforschung ist ein raumwissenschaftliches au\u00dferuniversit\u00e4res Forschungsinstitut mit Sitz in Dortmund.","potentialAction":[{"@type":"SearchAction","target":{"@type":"EntryPoint","urlTemplate":"https:\/\/www.ils-forschung.de\/en\/?s={search_term_string}"},"query-input":{"@type":"PropertyValueSpecification","valueRequired":true,"valueName":"search_term_string"}}],"inLanguage":"en-US"}]}},"_links":{"self":[{"href":"https:\/\/www.ils-forschung.de\/en\/wp-json\/wp\/v2\/pages\/527","targetHints":{"allow":["GET"]}}],"collection":[{"href":"https:\/\/www.ils-forschung.de\/en\/wp-json\/wp\/v2\/pages"}],"about":[{"href":"https:\/\/www.ils-forschung.de\/en\/wp-json\/wp\/v2\/types\/page"}],"author":[{"embeddable":true,"href":"https:\/\/www.ils-forschung.de\/en\/wp-json\/wp\/v2\/users\/14"}],"replies":[{"embeddable":true,"href":"https:\/\/www.ils-forschung.de\/en\/wp-json\/wp\/v2\/comments?post=527"}],"version-history":[{"count":3,"href":"https:\/\/www.ils-forschung.de\/en\/wp-json\/wp\/v2\/pages\/527\/revisions"}],"predecessor-version":[{"id":49645,"href":"https:\/\/www.ils-forschung.de\/en\/wp-json\/wp\/v2\/pages\/527\/revisions\/49645"}],"wp:featuredmedia":[{"embeddable":true,"href":"https:\/\/www.ils-forschung.de\/en\/wp-json\/wp\/v2\/media\/29962"}],"wp:attachment":[{"href":"https:\/\/www.ils-forschung.de\/en\/wp-json\/wp\/v2\/media?parent=527"}],"curies":[{"name":"wp","href":"https:\/\/api.w.org\/{rel}","templated":true}]}}