{"id":52575,"date":"2025-11-10T12:40:17","date_gmt":"2025-11-10T11:40:17","guid":{"rendered":"https:\/\/www.ils-forschung.de\/the-ils\/ils-staff\/joshua-kuckherm-ma-sozialwissenschaftliche-nachhaltigkeits-und-transformationsstudien\/"},"modified":"2026-03-28T11:28:03","modified_gmt":"2026-03-28T10:28:03","slug":"kuckherm-joshua","status":"publish","type":"page","link":"https:\/\/www.ils-forschung.de\/en\/the-ils\/ils-staff\/kuckherm-joshua\/","title":{"rendered":"Joshua Kuckherm, MA Sozialwissenschaftliche Nachhaltigkeits- und Transformationsstudien"},"content":{"rendered":"<div class=\"fusion-fullwidth fullwidth-box fusion-builder-row-1 fusion-flex-container nonhundred-percent-fullwidth non-hundred-percent-height-scrolling\" style=\"--awb-border-radius-top-left:0px;--awb-border-radius-top-right:0px;--awb-border-radius-bottom-right:0px;--awb-border-radius-bottom-left:0px;--awb-flex-wrap:wrap;\" ><div class=\"fusion-builder-row fusion-row fusion-flex-align-items-flex-start fusion-flex-content-wrap\" style=\"max-width:1144px;margin-left: calc(-4% \/ 2 );margin-right: calc(-4% \/ 2 );\"><div class=\"fusion-layout-column fusion_builder_column fusion-builder-column-0 fusion_builder_column_1_1 1_1 fusion-flex-column\" style=\"--awb-bg-size:cover;--awb-width-large:100%;--awb-margin-top-large:0px;--awb-spacing-right-large:1.92%;--awb-margin-bottom-large:20px;--awb-spacing-left-large:1.92%;--awb-width-medium:100%;--awb-spacing-right-medium:1.92%;--awb-spacing-left-medium:1.92%;--awb-width-small:100%;--awb-spacing-right-small:1.92%;--awb-spacing-left-small:1.92%;\"><div class=\"fusion-column-wrapper fusion-flex-justify-content-flex-start fusion-content-layout-column\"><div class=\"fusion-builder-row fusion-builder-row-inner fusion-row fusion-flex-align-items-flex-start fusion-flex-content-wrap\" style=\"width:104% !important;max-width:104% !important;margin-left: calc(-4% \/ 2 );margin-right: calc(-4% \/ 2 );\"><div class=\"fusion-layout-column fusion_builder_column_inner fusion-builder-nested-column-0 fusion_builder_column_inner_1_4 1_4 fusion-flex-column\" style=\"--awb-bg-size:cover;--awb-width-large:25%;--awb-margin-top-large:0px;--awb-spacing-right-large:7.68%;--awb-margin-bottom-large:20px;--awb-spacing-left-large:7.68%;--awb-width-medium:100%;--awb-spacing-right-medium:1.92%;--awb-spacing-left-medium:1.92%;--awb-width-small:100%;--awb-spacing-right-small:1.92%;--awb-spacing-left-small:1.92%;\"><div class=\"fusion-column-wrapper fusion-flex-justify-content-flex-start fusion-content-layout-column\"><div class=\"fusion-image-element \" style=\"--awb-caption-title-font-family:var(--h2_typography-font-family);--awb-caption-title-font-weight:var(--h2_typography-font-weight);--awb-caption-title-font-style:var(--h2_typography-font-style);--awb-caption-title-size:var(--h2_typography-font-size);--awb-caption-title-transform:var(--h2_typography-text-transform);--awb-caption-title-line-height:var(--h2_typography-line-height);--awb-caption-title-letter-spacing:var(--h2_typography-letter-spacing);\"><span class=\" fusion-imageframe imageframe-none imageframe-1 hover-type-none\"><img decoding=\"async\" width=\"1000\" height=\"1333\" src=\"https:\/\/www.ils-forschung.de\/wp-content\/uploads\/2025\/11\/joshua-kuckherm.webp\" alt class=\"img-responsive wp-image-52574\" srcset=\"https:\/\/www.ils-forschung.de\/wp-content\/uploads\/2025\/11\/joshua-kuckherm-200x267.webp 200w, https:\/\/www.ils-forschung.de\/wp-content\/uploads\/2025\/11\/joshua-kuckherm-400x533.webp 400w, https:\/\/www.ils-forschung.de\/wp-content\/uploads\/2025\/11\/joshua-kuckherm-600x800.webp 600w, https:\/\/www.ils-forschung.de\/wp-content\/uploads\/2025\/11\/joshua-kuckherm-800x1066.webp 800w, https:\/\/www.ils-forschung.de\/wp-content\/uploads\/2025\/11\/joshua-kuckherm.webp 1000w\" sizes=\"(max-width: 1125px) 100vw, (max-width: 765px) 100vw, 400px\" \/><\/span><\/div><\/div><\/div><div class=\"fusion-layout-column fusion_builder_column_inner fusion-builder-nested-column-1 fusion_builder_column_inner_3_4 3_4 fusion-flex-column\" style=\"--awb-bg-size:cover;--awb-width-large:75%;--awb-margin-top-large:0px;--awb-spacing-right-large:2.56%;--awb-margin-bottom-large:20px;--awb-spacing-left-large:2.56%;--awb-width-medium:100%;--awb-spacing-right-medium:1.92%;--awb-spacing-left-medium:1.92%;--awb-width-small:100%;--awb-spacing-right-small:1.92%;--awb-spacing-left-small:1.92%;\"><div class=\"fusion-column-wrapper fusion-flex-justify-content-flex-start fusion-content-layout-column\"><div class=\"fusion-text fusion-text-1\"><p>Bachelor&#8217;s degree in History and Cultural and Social Anthropology from the University of M\u00fcnster. Master&#8217;s degree in Social Science Sustainability and Transformation Studies from Bielefeld University of Applied Sciences.<\/p>\n<p><strong>Research interests:<\/strong><\/p>\n<ul>\n<li>Energy and transport transition<\/li>\n<li>Empirical social research<\/li>\n<li>Social structure analysis<\/li>\n<\/ul>\n<\/div><div class=\"fusion-text fusion-text-2\"><p><strong>Contact:<\/strong><br \/>\nE-Mail: <a href=\"mailto:joshua.kuckherm@ils-research.de\">joshua.kuckherm@ils-research.de<\/a><\/p>\n<\/div><\/div><\/div><\/div><div class=\"fusion-separator fusion-full-width-sep\" style=\"align-self: center;margin-left: auto;margin-right: auto;margin-top:10px;margin-bottom:10px;width:100%;\"><\/div><div class=\"fusion-text fusion-text-3\">\n<\/div><div class=\"fusion-separator fusion-full-width-sep\" style=\"align-self: center;margin-left: auto;margin-right: auto;margin-top:20px;margin-bottom:20px;width:100%;\"><\/div><div class=\"fusion-text fusion-text-4\"><h3>Publications (Selection)<\/h3>\n<\/div><div class=\"accordian fusion-accordian\" style=\"--awb-border-size:1px;--awb-icon-size:16px;--awb-content-font-size:16px;--awb-icon-alignment:left;--awb-hover-color:#f9f9f9;--awb-border-color:#cccccc;--awb-background-color:#ffffff;--awb-divider-color:#e0dede;--awb-divider-hover-color:#e0dede;--awb-icon-color:#ffffff;--awb-title-color:#000000;--awb-content-color:#000000;--awb-icon-box-color:var(--awb-color7);--awb-toggle-hover-accent-color:var(--awb-custom10);--awb-title-font-family:&quot;Source Sans 3&quot;;--awb-title-font-weight:400;--awb-title-font-style:normal;--awb-title-font-size:16px;--awb-content-font-family:&quot;Source Sans 3&quot;;--awb-content-font-style:normal;--awb-content-font-weight:400;\"><div class=\"panel-group fusion-toggle-icon-boxed\" id=\"accordion-52575-1\"><div class=\"fusion-panel panel-default panel-ea5384fe5147833ec fusion-toggle-has-divider\" style=\"--awb-title-color:#000000;--awb-content-color:#000000;\"><div class=\"panel-heading\"><h4 class=\"panel-title toggle\" id=\"toggle_ea5384fe5147833ec\"><a aria-expanded=\"false\" aria-controls=\"ea5384fe5147833ec\" role=\"button\" data-toggle=\"collapse\" data-parent=\"#accordion-52575-1\" data-target=\"#ea5384fe5147833ec\" href=\"#ea5384fe5147833ec\"><span class=\"fusion-toggle-icon-wrapper\" aria-hidden=\"true\"><i class=\"fa-fusion-box active-icon awb-icon-minus\" aria-hidden=\"true\"><\/i><i class=\"fa-fusion-box inactive-icon awb-icon-plus\" aria-hidden=\"true\"><\/i><\/span><span class=\"fusion-toggle-heading\">Monographs<\/span><\/a><\/h4><\/div><div id=\"ea5384fe5147833ec\" class=\"panel-collapse collapse \" aria-labelledby=\"toggle_ea5384fe5147833ec\"><div class=\"panel-body toggle-content fusion-clearfix\">\n<ul>\n<li>Kuckherm, Joshua (2025): Der regionale Energiewende-Diskurs in Ostwestfalen-Lippe. Masterarbeit an der Hochschule Bielefeld. Bielefeld. (unver\u00f6ffentlicht)<\/li>\n<\/ul>\n<\/div><\/div><\/div><\/div><\/div><div class=\"fusion-separator fusion-full-width-sep\" style=\"align-self: center;margin-left: auto;margin-right: auto;margin-top:10px;margin-bottom:10px;width:100%;\"><\/div><div class=\"fusion-text fusion-text-5\"><h3>Presentations (Selection)<\/h3>\n<\/div><div class=\"accordian fusion-accordian\" style=\"--awb-border-size:1px;--awb-icon-size:16px;--awb-content-font-size:16px;--awb-icon-alignment:left;--awb-hover-color:#f9f9f9;--awb-border-color:#cccccc;--awb-background-color:#ffffff;--awb-divider-color:#e0dede;--awb-divider-hover-color:#e0dede;--awb-icon-color:#ffffff;--awb-title-color:#000000;--awb-content-color:#000000;--awb-icon-box-color:var(--awb-color7);--awb-toggle-hover-accent-color:var(--awb-custom10);--awb-title-font-family:&quot;Source Sans 3&quot;;--awb-title-font-weight:400;--awb-title-font-style:normal;--awb-title-font-size:16px;--awb-content-font-family:&quot;Source Sans 3&quot;;--awb-content-font-style:normal;--awb-content-font-weight:400;\"><div class=\"panel-group fusion-toggle-icon-boxed\" id=\"accordion-52575-2\"><div class=\"fusion-panel panel-default panel-47246e4dd0af12499 fusion-toggle-has-divider\" style=\"--awb-title-color:#000000;--awb-content-color:#000000;\"><div class=\"panel-heading\"><h4 class=\"panel-title toggle\" id=\"toggle_47246e4dd0af12499\"><a aria-expanded=\"false\" aria-controls=\"47246e4dd0af12499\" role=\"button\" data-toggle=\"collapse\" data-parent=\"#accordion-52575-2\" data-target=\"#47246e4dd0af12499\" href=\"#47246e4dd0af12499\"><span class=\"fusion-toggle-icon-wrapper\" aria-hidden=\"true\"><i class=\"fa-fusion-box active-icon awb-icon-minus\" aria-hidden=\"true\"><\/i><i class=\"fa-fusion-box inactive-icon awb-icon-plus\" aria-hidden=\"true\"><\/i><\/span><span class=\"fusion-toggle-heading\">Refereed Conference Presentations<\/span><\/a><\/h4><\/div><div id=\"47246e4dd0af12499\" class=\"panel-collapse collapse \" aria-labelledby=\"toggle_47246e4dd0af12499\"><div class=\"panel-body toggle-content fusion-clearfix\">\n<ul>\n<li>Zwischen Klimaskepsis und Demokratiekrise: Diskursive Br\u00fccken von Konservatismus und Rechtspopulismus. Posterpr\u00e4sentation (mit Posterwalk) auf der 21. Tagung der Nachwuchsgruppe Umweltsoziologie (NGU), 27.02.2026, Dortmund.<\/li>\n<\/ul>\n<\/div><\/div><\/div><\/div><\/div><div class=\"fusion-separator fusion-full-width-sep\" style=\"align-self: center;margin-left: auto;margin-right: auto;margin-top:10px;margin-bottom:10px;width:100%;\"><\/div><div class=\"accordian fusion-accordian lehrtaetigkeiten\" style=\"--awb-border-size:1px;--awb-icon-size:16px;--awb-content-font-size:16px;--awb-icon-alignment:left;--awb-hover-color:#f9f9f9;--awb-border-color:#cccccc;--awb-background-color:#ffffff;--awb-divider-color:#e0dede;--awb-divider-hover-color:#e0dede;--awb-icon-color:#ffffff;--awb-title-color:#ff9900;--awb-content-color:#333333;--awb-icon-box-color:var(--awb-color7);--awb-toggle-hover-accent-color:var(--awb-custom10);--awb-title-font-family:&quot;Source Sans 3&quot;;--awb-title-font-weight:400;--awb-title-font-style:normal;--awb-title-font-size:16px;--awb-title-line-height:1.5;--awb-content-font-family:&quot;Source Sans 3&quot;;--awb-content-font-style:normal;--awb-content-font-weight:400;\"><div class=\"panel-group fusion-toggle-icon-boxed\" id=\"accordion-52575-3\"><div class=\"fusion-panel panel-default panel-bd642a41c7a835143 fusion-toggle-has-divider\" style=\"--awb-title-color:#ff9900;--awb-content-color:#333333;\"><div class=\"panel-heading\"><h4 class=\"panel-title toggle\" id=\"toggle_bd642a41c7a835143\"><a aria-expanded=\"false\" aria-controls=\"bd642a41c7a835143\" role=\"button\" data-toggle=\"collapse\" data-parent=\"#accordion-52575-3\" data-target=\"#bd642a41c7a835143\" href=\"#bd642a41c7a835143\"><span class=\"fusion-toggle-icon-wrapper\" aria-hidden=\"true\"><i class=\"fa-fusion-box active-icon awb-icon-minus\" aria-hidden=\"true\"><\/i><i class=\"fa-fusion-box inactive-icon awb-icon-plus\" aria-hidden=\"true\"><\/i><\/span><span class=\"fusion-toggle-heading\">Teaching<\/span><\/a><\/h4><\/div><div id=\"bd642a41c7a835143\" class=\"panel-collapse collapse \" aria-labelledby=\"toggle_bd642a41c7a835143\"><div class=\"panel-body toggle-content fusion-clearfix\">\n<p>Bielefeld University of Applied Sciences, Faculties of Design and Art<\/p>\n<ul>\n<li>Zukunft gestalten: Einf\u00fchrung in Transformation Design und Nachhaltigkeitskommunikation (Seminar; gemeinsam mit F\u00fctterer, Dirk; F\u00f6rster, Marius; Stolz, Patricia), WiSe 2025\/2026<\/li>\n<\/ul>\n<\/div><\/div><\/div><\/div><\/div><\/div><\/div><\/div><\/div>\n","protected":false},"excerpt":{"rendered":"","protected":false},"author":14,"featured_media":29962,"parent":452,"menu_order":79,"comment_status":"closed","ping_status":"closed","template":"","meta":{"footnotes":""},"class_list":["post-52575","page","type-page","status-publish","has-post-thumbnail","hentry"],"yoast_head":"<!-- This site is optimized with the Yoast SEO plugin v27.1.1 - https:\/\/yoast.com\/product\/yoast-seo-wordpress\/ -->\n<title>Joshua Kuckherm, MA Sozialwissenschaftliche Nachhaltigkeits- und Transformationsstudien - ILS - Institut f\u00fcr Landes- und Stadtentwicklungsforschung<\/title>\n<meta name=\"robots\" content=\"index, follow, max-snippet:-1, max-image-preview:large, max-video-preview:-1\" \/>\n<link rel=\"canonical\" href=\"https:\/\/www.ils-forschung.de\/en\/the-ils\/ils-staff\/kuckherm-joshua\/\" \/>\n<meta property=\"og:locale\" content=\"en_US\" \/>\n<meta property=\"og:type\" content=\"article\" \/>\n<meta property=\"og:title\" content=\"Joshua Kuckherm, MA Sozialwissenschaftliche Nachhaltigkeits- und Transformationsstudien - ILS - Institut f\u00fcr Landes- und Stadtentwicklungsforschung\" \/>\n<meta property=\"og:url\" content=\"https:\/\/www.ils-forschung.de\/en\/the-ils\/ils-staff\/kuckherm-joshua\/\" \/>\n<meta property=\"og:site_name\" content=\"ILS - Institut f\u00fcr Landes- und Stadtentwicklungsforschung\" \/>\n<meta property=\"article:modified_time\" content=\"2026-03-28T10:28:03+00:00\" \/>\n<meta name=\"twitter:card\" content=\"summary_large_image\" \/>\n<meta name=\"twitter:site\" content=\"@ILS_forschung\" \/>\n<meta name=\"twitter:label1\" content=\"Est. reading time\" \/>\n\t<meta name=\"twitter:data1\" content=\"1 minute\" \/>\n<script type=\"application\/ld+json\" class=\"yoast-schema-graph\">{\"@context\":\"https:\/\/schema.org\",\"@graph\":[{\"@type\":\"WebPage\",\"@id\":\"https:\/\/www.ils-forschung.de\/en\/the-ils\/ils-staff\/kuckherm-joshua\/\",\"url\":\"https:\/\/www.ils-forschung.de\/en\/the-ils\/ils-staff\/kuckherm-joshua\/\",\"name\":\"Joshua Kuckherm, MA Sozialwissenschaftliche Nachhaltigkeits- und Transformationsstudien - ILS - Institut f\u00fcr Landes- und Stadtentwicklungsforschung\",\"isPartOf\":{\"@id\":\"https:\/\/www.ils-forschung.de\/en\/#website\"},\"primaryImageOfPage\":{\"@id\":\"https:\/\/www.ils-forschung.de\/en\/the-ils\/ils-staff\/kuckherm-joshua\/#primaryimage\"},\"image\":{\"@id\":\"https:\/\/www.ils-forschung.de\/en\/the-ils\/ils-staff\/kuckherm-joshua\/#primaryimage\"},\"thumbnailUrl\":\"https:\/\/www.ils-forschung.de\/wp-content\/uploads\/2023\/04\/ils-social-share-logo.jpg\",\"datePublished\":\"2025-11-10T11:40:17+00:00\",\"dateModified\":\"2026-03-28T10:28:03+00:00\",\"breadcrumb\":{\"@id\":\"https:\/\/www.ils-forschung.de\/en\/the-ils\/ils-staff\/kuckherm-joshua\/#breadcrumb\"},\"inLanguage\":\"en-US\",\"potentialAction\":[{\"@type\":\"ReadAction\",\"target\":[\"https:\/\/www.ils-forschung.de\/en\/the-ils\/ils-staff\/kuckherm-joshua\/\"]}]},{\"@type\":\"ImageObject\",\"inLanguage\":\"en-US\",\"@id\":\"https:\/\/www.ils-forschung.de\/en\/the-ils\/ils-staff\/kuckherm-joshua\/#primaryimage\",\"url\":\"https:\/\/www.ils-forschung.de\/wp-content\/uploads\/2023\/04\/ils-social-share-logo.jpg\",\"contentUrl\":\"https:\/\/www.ils-forschung.de\/wp-content\/uploads\/2023\/04\/ils-social-share-logo.jpg\",\"width\":1200,\"height\":630},{\"@type\":\"BreadcrumbList\",\"@id\":\"https:\/\/www.ils-forschung.de\/en\/the-ils\/ils-staff\/kuckherm-joshua\/#breadcrumb\",\"itemListElement\":[{\"@type\":\"ListItem\",\"position\":1,\"name\":\"Home\",\"item\":\"https:\/\/www.ils-forschung.de\/en\/\"},{\"@type\":\"ListItem\",\"position\":2,\"name\":\"The ILS\",\"item\":\"https:\/\/www.ils-forschung.de\/en\/the-ils\/\"},{\"@type\":\"ListItem\",\"position\":3,\"name\":\"ILS staff\",\"item\":\"https:\/\/www.ils-forschung.de\/en\/the-ils\/ils-staff\/\"},{\"@type\":\"ListItem\",\"position\":4,\"name\":\"Joshua Kuckherm, MA Sozialwissenschaftliche Nachhaltigkeits- und Transformationsstudien\"}]},{\"@type\":\"WebSite\",\"@id\":\"https:\/\/www.ils-forschung.de\/en\/#website\",\"url\":\"https:\/\/www.ils-forschung.de\/en\/\",\"name\":\"ILS - Institut f\u00fcr Landes- und Stadtentwicklungsforschung\",\"description\":\"Das ILS \u2013 Institut f\u00fcr Landes- und Stadtentwicklungsforschung ist ein raumwissenschaftliches au\u00dferuniversit\u00e4res Forschungsinstitut mit Sitz in Dortmund.\",\"potentialAction\":[{\"@type\":\"SearchAction\",\"target\":{\"@type\":\"EntryPoint\",\"urlTemplate\":\"https:\/\/www.ils-forschung.de\/en\/?s={search_term_string}\"},\"query-input\":{\"@type\":\"PropertyValueSpecification\",\"valueRequired\":true,\"valueName\":\"search_term_string\"}}],\"inLanguage\":\"en-US\"}]}<\/script>\n<!-- \/ Yoast SEO plugin. -->","yoast_head_json":{"title":"Joshua Kuckherm, MA Sozialwissenschaftliche Nachhaltigkeits- und Transformationsstudien - ILS - Institut f\u00fcr Landes- und Stadtentwicklungsforschung","robots":{"index":"index","follow":"follow","max-snippet":"max-snippet:-1","max-image-preview":"max-image-preview:large","max-video-preview":"max-video-preview:-1"},"canonical":"https:\/\/www.ils-forschung.de\/en\/the-ils\/ils-staff\/kuckherm-joshua\/","og_locale":"en_US","og_type":"article","og_title":"Joshua Kuckherm, MA Sozialwissenschaftliche Nachhaltigkeits- und Transformationsstudien - ILS - Institut f\u00fcr Landes- und Stadtentwicklungsforschung","og_url":"https:\/\/www.ils-forschung.de\/en\/the-ils\/ils-staff\/kuckherm-joshua\/","og_site_name":"ILS - Institut f\u00fcr Landes- und Stadtentwicklungsforschung","article_modified_time":"2026-03-28T10:28:03+00:00","twitter_card":"summary_large_image","twitter_site":"@ILS_forschung","twitter_misc":{"Est. reading time":"1 minute"},"schema":{"@context":"https:\/\/schema.org","@graph":[{"@type":"WebPage","@id":"https:\/\/www.ils-forschung.de\/en\/the-ils\/ils-staff\/kuckherm-joshua\/","url":"https:\/\/www.ils-forschung.de\/en\/the-ils\/ils-staff\/kuckherm-joshua\/","name":"Joshua Kuckherm, MA Sozialwissenschaftliche Nachhaltigkeits- und Transformationsstudien - ILS - Institut f\u00fcr Landes- und Stadtentwicklungsforschung","isPartOf":{"@id":"https:\/\/www.ils-forschung.de\/en\/#website"},"primaryImageOfPage":{"@id":"https:\/\/www.ils-forschung.de\/en\/the-ils\/ils-staff\/kuckherm-joshua\/#primaryimage"},"image":{"@id":"https:\/\/www.ils-forschung.de\/en\/the-ils\/ils-staff\/kuckherm-joshua\/#primaryimage"},"thumbnailUrl":"https:\/\/www.ils-forschung.de\/wp-content\/uploads\/2023\/04\/ils-social-share-logo.jpg","datePublished":"2025-11-10T11:40:17+00:00","dateModified":"2026-03-28T10:28:03+00:00","breadcrumb":{"@id":"https:\/\/www.ils-forschung.de\/en\/the-ils\/ils-staff\/kuckherm-joshua\/#breadcrumb"},"inLanguage":"en-US","potentialAction":[{"@type":"ReadAction","target":["https:\/\/www.ils-forschung.de\/en\/the-ils\/ils-staff\/kuckherm-joshua\/"]}]},{"@type":"ImageObject","inLanguage":"en-US","@id":"https:\/\/www.ils-forschung.de\/en\/the-ils\/ils-staff\/kuckherm-joshua\/#primaryimage","url":"https:\/\/www.ils-forschung.de\/wp-content\/uploads\/2023\/04\/ils-social-share-logo.jpg","contentUrl":"https:\/\/www.ils-forschung.de\/wp-content\/uploads\/2023\/04\/ils-social-share-logo.jpg","width":1200,"height":630},{"@type":"BreadcrumbList","@id":"https:\/\/www.ils-forschung.de\/en\/the-ils\/ils-staff\/kuckherm-joshua\/#breadcrumb","itemListElement":[{"@type":"ListItem","position":1,"name":"Home","item":"https:\/\/www.ils-forschung.de\/en\/"},{"@type":"ListItem","position":2,"name":"The ILS","item":"https:\/\/www.ils-forschung.de\/en\/the-ils\/"},{"@type":"ListItem","position":3,"name":"ILS staff","item":"https:\/\/www.ils-forschung.de\/en\/the-ils\/ils-staff\/"},{"@type":"ListItem","position":4,"name":"Joshua Kuckherm, MA Sozialwissenschaftliche Nachhaltigkeits- und Transformationsstudien"}]},{"@type":"WebSite","@id":"https:\/\/www.ils-forschung.de\/en\/#website","url":"https:\/\/www.ils-forschung.de\/en\/","name":"ILS - Institut f\u00fcr Landes- und Stadtentwicklungsforschung","description":"Das ILS \u2013 Institut f\u00fcr Landes- und Stadtentwicklungsforschung ist ein raumwissenschaftliches au\u00dferuniversit\u00e4res Forschungsinstitut mit Sitz in Dortmund.","potentialAction":[{"@type":"SearchAction","target":{"@type":"EntryPoint","urlTemplate":"https:\/\/www.ils-forschung.de\/en\/?s={search_term_string}"},"query-input":{"@type":"PropertyValueSpecification","valueRequired":true,"valueName":"search_term_string"}}],"inLanguage":"en-US"}]}},"_links":{"self":[{"href":"https:\/\/www.ils-forschung.de\/en\/wp-json\/wp\/v2\/pages\/52575","targetHints":{"allow":["GET"]}}],"collection":[{"href":"https:\/\/www.ils-forschung.de\/en\/wp-json\/wp\/v2\/pages"}],"about":[{"href":"https:\/\/www.ils-forschung.de\/en\/wp-json\/wp\/v2\/types\/page"}],"author":[{"embeddable":true,"href":"https:\/\/www.ils-forschung.de\/en\/wp-json\/wp\/v2\/users\/14"}],"replies":[{"embeddable":true,"href":"https:\/\/www.ils-forschung.de\/en\/wp-json\/wp\/v2\/comments?post=52575"}],"version-history":[{"count":11,"href":"https:\/\/www.ils-forschung.de\/en\/wp-json\/wp\/v2\/pages\/52575\/revisions"}],"predecessor-version":[{"id":56689,"href":"https:\/\/www.ils-forschung.de\/en\/wp-json\/wp\/v2\/pages\/52575\/revisions\/56689"}],"up":[{"embeddable":true,"href":"https:\/\/www.ils-forschung.de\/en\/wp-json\/wp\/v2\/pages\/452"}],"wp:featuredmedia":[{"embeddable":true,"href":"https:\/\/www.ils-forschung.de\/en\/wp-json\/wp\/v2\/media\/29962"}],"wp:attachment":[{"href":"https:\/\/www.ils-forschung.de\/en\/wp-json\/wp\/v2\/media?parent=52575"}],"curies":[{"name":"wp","href":"https:\/\/api.w.org\/{rel}","templated":true}]}}