{"id":470,"date":"2018-06-27T09:51:32","date_gmt":"2018-06-27T07:51:32","guid":{"rendered":"https:\/\/www.ils-forschung.de\/networks\/"},"modified":"2025-07-23T13:12:42","modified_gmt":"2025-07-23T11:12:42","slug":"networks","status":"publish","type":"page","link":"https:\/\/www.ils-forschung.de\/en\/networks\/","title":{"rendered":"Our Network"},"content":{"rendered":"<div class=\"fusion-fullwidth fullwidth-box fusion-builder-row-1 fusion-flex-container nonhundred-percent-fullwidth non-hundred-percent-height-scrolling\" style=\"--awb-border-radius-top-left:0px;--awb-border-radius-top-right:0px;--awb-border-radius-bottom-right:0px;--awb-border-radius-bottom-left:0px;--awb-flex-wrap:wrap;\" ><div class=\"fusion-builder-row fusion-row fusion-flex-align-items-flex-start fusion-flex-content-wrap\" style=\"max-width:1144px;margin-left: calc(-4% \/ 2 );margin-right: calc(-4% \/ 2 );\"><div class=\"fusion-layout-column fusion_builder_column fusion-builder-column-0 fusion_builder_column_1_1 1_1 fusion-flex-column\" style=\"--awb-bg-size:cover;--awb-width-large:100%;--awb-margin-top-large:0px;--awb-spacing-right-large:1.92%;--awb-margin-bottom-large:20px;--awb-spacing-left-large:1.92%;--awb-width-medium:100%;--awb-spacing-right-medium:1.92%;--awb-spacing-left-medium:1.92%;--awb-width-small:100%;--awb-spacing-right-small:1.92%;--awb-spacing-left-small:1.92%;\"><div class=\"fusion-column-wrapper fusion-flex-justify-content-flex-start fusion-content-layout-column\"><div class=\"fusion-image-element \" style=\"--awb-caption-title-font-family:var(--h2_typography-font-family);--awb-caption-title-font-weight:var(--h2_typography-font-weight);--awb-caption-title-font-style:var(--h2_typography-font-style);--awb-caption-title-size:var(--h2_typography-font-size);--awb-caption-title-transform:var(--h2_typography-text-transform);--awb-caption-title-line-height:var(--h2_typography-line-height);--awb-caption-title-letter-spacing:var(--h2_typography-letter-spacing);\"><span class=\" fusion-imageframe imageframe-none imageframe-1 hover-type-none\"><img decoding=\"async\" width=\"1200\" height=\"364\" title=\"netzwerk-titelbild\" src=\"https:\/\/www.ils-forschung.de\/wp-content\/uploads\/2022\/06\/netzwerk-titelbild.jpg\" alt class=\"img-responsive wp-image-22266\" srcset=\"https:\/\/www.ils-forschung.de\/wp-content\/uploads\/2022\/06\/netzwerk-titelbild-200x61.jpg 200w, https:\/\/www.ils-forschung.de\/wp-content\/uploads\/2022\/06\/netzwerk-titelbild-400x121.jpg 400w, https:\/\/www.ils-forschung.de\/wp-content\/uploads\/2022\/06\/netzwerk-titelbild-600x182.jpg 600w, https:\/\/www.ils-forschung.de\/wp-content\/uploads\/2022\/06\/netzwerk-titelbild-800x243.jpg 800w, https:\/\/www.ils-forschung.de\/wp-content\/uploads\/2022\/06\/netzwerk-titelbild.jpg 1200w\" sizes=\"(max-width: 1125px) 100vw, (max-width: 765px) 100vw, 1200px\" \/><\/span><\/div><div class=\"fusion-text fusion-text-1\"><p><span style=\"font-size: 10px; float:right;\">\u00a9 ILS \/ Roland Fechter<\/span><\/p>\n<\/div><div class=\"fusion-separator fusion-full-width-sep\" style=\"align-self: center;margin-left: auto;margin-right: auto;margin-top:10px;margin-bottom:10px;width:100%;\"><\/div><div class=\"fusion-text fusion-text-2\"><p>For spatial urban research to be socially and trans-regionally relevant, it has to be positioned in international research debates and conduct comparative regional research. The ILS is actively involved in numerous inter- and transdisciplinary research networks and maintains national and international cooperative relationships with universities and non-university research institutions, as well as with academic organisations, professional associations, foundations and leading experts and institutions from the fields of spatial science, politics and society.<\/p>\n<p>What do we do specifically? The ILS is a founding member of the <a href=\"https:\/\/www.ils-forschung.de\/en\/the-ils\/profile\/johannes-rau-research-foundation\/\">Johannes-Rau-Research Association<\/a> (JRF) and is committed to non-university research in NRW. We are actively involved in the spatial science network \u2018<a href=\"https:\/\/www.ils-forschung.de\/en\/networks\/national\/spatial-research-network-leibniz-r\/\">Spatial Knowledge for Society and the Environment \u2013 Leibniz R<\/a>\u2019 as well as in further regional, national and international collaborations and networks. We consider ourselves to be a hub for spatial science research in NRW, Germany and Europe.<\/p>\n<\/div><div class=\"fusion-separator fusion-full-width-sep\" style=\"align-self: center;margin-left: auto;margin-right: auto;margin-top:10px;margin-bottom:10px;width:100%;\"><\/div><div class=\"accordian fusion-accordian\" style=\"--awb-border-size:1px;--awb-icon-size:16px;--awb-content-font-size:16px;--awb-icon-alignment:left;--awb-hover-color:#f9f9f9;--awb-border-color:#cccccc;--awb-background-color:#ffffff;--awb-divider-color:#e0dede;--awb-divider-hover-color:#e0dede;--awb-icon-color:#ffffff;--awb-title-color:#000000;--awb-content-color:#000000;--awb-icon-box-color:var(--awb-color7);--awb-toggle-hover-accent-color:var(--awb-custom10);--awb-title-font-family:&quot;Source Sans 3&quot;;--awb-title-font-weight:400;--awb-title-font-style:normal;--awb-title-font-size:16px;--awb-content-font-family:&quot;Source Sans 3&quot;;--awb-content-font-style:normal;--awb-content-font-weight:400;\"><div class=\"panel-group fusion-toggle-icon-boxed\" id=\"accordion-470-1\"><div class=\"fusion-panel panel-default panel-18d0fb459d535147c fusion-toggle-has-divider\" style=\"--awb-title-color:#000000;--awb-content-color:#000000;\"><div class=\"panel-heading\"><h4 class=\"panel-title toggle\" id=\"toggle_18d0fb459d535147c\"><a aria-expanded=\"false\" aria-controls=\"18d0fb459d535147c\" role=\"button\" data-toggle=\"collapse\" data-parent=\"#accordion-470-1\" data-target=\"#18d0fb459d535147c\" href=\"#18d0fb459d535147c\"><span class=\"fusion-toggle-icon-wrapper\" aria-hidden=\"true\"><i class=\"fa-fusion-box active-icon awb-icon-minus\" aria-hidden=\"true\"><\/i><i class=\"fa-fusion-box inactive-icon awb-icon-plus\" aria-hidden=\"true\"><\/i><\/span><span class=\"fusion-toggle-heading\">International Networks<\/span><\/a><\/h4><\/div><div id=\"18d0fb459d535147c\" class=\"panel-collapse collapse \" aria-labelledby=\"toggle_18d0fb459d535147c\"><div class=\"panel-body toggle-content fusion-clearfix\">At the European and international level, the ILS collaborates on a project basis with numerous universities and non-university research institutes. These primarily include EU-funded research projects as well as topic-specific collaborations on socio-spatial inequality research, urban open space development, reurbanisation, planning culture, and migration research.<\/p>\n<p>Formalised cooperation agreements are in place with the <a href=\"https:\/\/ciac.umsl.edu\/index.html\">University of Missouri-St. Louis<\/a> (USA), <a href=\"https:\/\/www.pdx.edu\/metropolitan-studies\/\">Portland State University<\/a> (USA), the <a href=\"https:\/\/www.wsl.ch\/en\/about-wsl\/\">Swiss Federal Institute for Forest, Snow and Landscape Research<\/a> (Switzerland) and the <a href=\"https:\/\/www.oeaw.ac.at\/en\/isr\/\">Institute for Urban and Regional Research (ISR) of the Austrian Academy of Sciences (\u00d6AW)<\/a>.<\/p>\n<p>Furthermore, the ILS is a member of international networks such as <a href=\"https:\/\/aesop-planning.eu\/\">AESOP<\/a>, <a href=\"https:\/\/eura.org\/\">EURA<\/a>, <a href=\"https:\/\/jpi-urbaneurope.eu\/uera\/\">UERA<\/a>, <a href=\"https:\/\/enhr.net\/\">ENHR<\/a> etc.<\/div><\/div><\/div><div class=\"fusion-panel panel-default panel-ed638e33fb0f10439 fusion-toggle-has-divider\" style=\"--awb-title-color:#000000;--awb-content-color:#000000;\"><div class=\"panel-heading\"><h4 class=\"panel-title toggle\" id=\"toggle_ed638e33fb0f10439\"><a aria-expanded=\"false\" aria-controls=\"ed638e33fb0f10439\" role=\"button\" data-toggle=\"collapse\" data-parent=\"#accordion-470-1\" data-target=\"#ed638e33fb0f10439\" href=\"#ed638e33fb0f10439\"><span class=\"fusion-toggle-icon-wrapper\" aria-hidden=\"true\"><i class=\"fa-fusion-box active-icon awb-icon-minus\" aria-hidden=\"true\"><\/i><i class=\"fa-fusion-box inactive-icon awb-icon-plus\" aria-hidden=\"true\"><\/i><\/span><span class=\"fusion-toggle-heading\">National Networks<\/span><\/a><\/h4><\/div><div id=\"ed638e33fb0f10439\" class=\"panel-collapse collapse \" aria-labelledby=\"toggle_ed638e33fb0f10439\"><div class=\"panel-body toggle-content fusion-clearfix\">Of particular importance for our research in a national context are our cooperative relationships with regionally based universities. For a long time, institutional collaboration agreements have existed with <a href=\"https:\/\/raumplanung.tu-dortmund.de\/en\/\">TU Dortmund University<\/a>, <a href=\"https:\/\/www.geographie.ruhr-uni-bochum.de\/ueberuns\/index.html.en\">Ruhr University Bochum<\/a>, the <a href=\"https:\/\/www.geographie.uni-bonn.de\/en\/department-1\/department?set_language=en\">University of Bonn<\/a>, the <a href=\"https:\/\/www.uni-muenster.de\/Geographie\/en\/profil.html\">University of M\u00fcnster<\/a> and <a href=\"https:\/\/arch.rwth-aachen.de\/cms\/architektur\/~gfn\/die-fakultaet\/?lidx=1\">RWTH Aachen University<\/a>. In addition to the close cooperation in research, teaching and the promotion of young researchers, three joint appointments have been established with the <a href=\"https:\/\/raumplanung.tu-dortmund.de\/en\/\">Faculty of Spatial Planning<\/a> at TU Dortmund University and the Faculties of <a href=\"https:\/\/www.rwth-aachen.de\/cms\/root\/Die-RWTH\/Kontakt-Anreise\/Kontakt-RWTH-Aachen\/~bdfr\/Mitarbeiter-CAMPUS-\/?gguid=0xE4695996F6B5B545B4AD39ACC9BD84B6&amp;lidx=1&amp;allou=1\">Architecture<\/a> and <a href=\"https:\/\/www.fb5.rwth-aachen.de\/cms\/~hgv\/georessourcen\/?lidx=1\">Georesources and Materials Engineering<\/a> at RWTH Aachen University. In addition, the ILS is active in the <a href=\"https:\/\/metropolenforschung.uaruhr.de\/en\/\">Competence Field of Metropolitan Research<\/a> of the University Alliance Ruhr.<\/p>\n<p>Within the framework of the spatial science networks and subject areas, the professional exchange with the spatial science institutes of the Leibniz Association (<a href=\"https:\/\/www.ils-forschung.de\/en\/networks\/national\/spatial-research-network-leibniz-r\/\">Leibniz R<\/a>) is of particular importance in order to make spatial science expertise visible nationally and to bundle it synergistically.<\/div><\/div><\/div><div class=\"fusion-panel panel-default panel-9fe95ec15abfee754 fusion-toggle-has-divider\" style=\"--awb-title-color:#000000;--awb-content-color:#000000;\"><div class=\"panel-heading\"><h4 class=\"panel-title toggle\" id=\"toggle_9fe95ec15abfee754\"><a aria-expanded=\"false\" aria-controls=\"9fe95ec15abfee754\" role=\"button\" data-toggle=\"collapse\" data-parent=\"#accordion-470-1\" data-target=\"#9fe95ec15abfee754\" href=\"#9fe95ec15abfee754\"><span class=\"fusion-toggle-icon-wrapper\" aria-hidden=\"true\"><i class=\"fa-fusion-box active-icon awb-icon-minus\" aria-hidden=\"true\"><\/i><i class=\"fa-fusion-box inactive-icon awb-icon-plus\" aria-hidden=\"true\"><\/i><\/span><span class=\"fusion-toggle-heading\">Regional Networks<\/span><\/a><\/h4><\/div><div id=\"9fe95ec15abfee754\" class=\"panel-collapse collapse \" aria-labelledby=\"toggle_9fe95ec15abfee754\"><div class=\"panel-body toggle-content fusion-clearfix\">The ILS is a founding member of the <a href=\"https:\/\/www.ils-forschung.de\/en\/the-ils\/profile\/johannes-rau-research-foundation\/\">Johannes-Rau-Research Foundation<\/a> (JRF). The close link between basic research and application orientation as well as the aim of researching in an interdisciplinary and transdisciplinary manner in order to develop knowledge for current social issues and challenges in an active dialogue with politics, specialist practice and the public are of particular concern to the Johannes Rau Research Association and the ILS.<\/p>\n<p>Furthermore, the ILS is actively involved in interdisciplinary specialist activities on a regional scale. Special attention is paid to the Ruhr area as an (inter)national reference area for post-industrial urban spaces and structural change. Our most important cooperation networks in the regional context include:<\/p>\n<ul>\n<li>SURF \u2013 Stadt- und regionalwissenschaftliches Forschungsnetzwerk Ruhr\n<\/li>\n<li><a href=\"http:\/\/www.wissenschaftsforum-ruhr.de\/index.php\/\">Wissenschaftsforum Ruhr e.V.<\/a>\n<\/li>\n<li><a href=\"https:\/\/sbp.raumplanung.tu-dortmund.de\/lehre\/staedtebauliches-kolloquium\/\">St\u00e4dtebauliches Kolloquium an der TU Dortmund<\/a>\n<\/li>\n<li><a href=\"https:\/\/www.staedtebau.rwth-aachen.de\/cms\/staedtebau\/der-lehrstuhl-und-das-institut\/aktuelle-veranstaltungen\/~iabs\/staedtebauliches-kolloquium\/?lidx=1\">St\u00e4dtebauliches Kolloquium an der Fakult\u00e4t f\u00fcr Architektur der RWTH Aachen<\/a>\n<\/li>\n<li><a href=\"https:\/\/www.dortmund.de\/themen\/planen-und-bauen\/stadtplanung\/forum-stadtbaukultur\/\">Forum Stadtbaukultur<\/a>\n<\/li>\n<li><a href=\"https:\/\/gfsdortmund.de\/\">Gesellschaft zur F\u00f6rderung des Strukturwandels in der Arbeitsgesellschaft (GFS) e. V.<\/a>\n<\/li>\n<\/ul>\n<p>Regional expert and networking platforms:<\/p>\n<ul>\n<li><a href=\"https:\/\/www.zukunftsnetz-mobilitaet.nrw.de\/\">Zukunftsnetz Mobilit\u00e4t NRW<\/a>\n<\/li>\n<li><a href=\"https:\/\/www.mhkbd.nrw\/en\">Die Regionalen in NRW<\/a>\n<\/li>\n<\/ul>\n<\/div><\/div><\/div><\/div><\/div><\/div><\/div><\/div><\/div>\n","protected":false},"excerpt":{"rendered":"","protected":false},"author":14,"featured_media":29962,"parent":0,"menu_order":4,"comment_status":"closed","ping_status":"closed","template":"","meta":{"footnotes":""},"class_list":["post-470","page","type-page","status-publish","has-post-thumbnail","hentry"],"yoast_head":"<!-- This site is optimized with the Yoast SEO plugin v27.1.1 - https:\/\/yoast.com\/product\/yoast-seo-wordpress\/ -->\n<title>Our Network - ILS - Institut f\u00fcr Landes- und Stadtentwicklungsforschung<\/title>\n<meta name=\"robots\" content=\"index, follow, max-snippet:-1, max-image-preview:large, max-video-preview:-1\" \/>\n<link rel=\"canonical\" href=\"https:\/\/www.ils-forschung.de\/en\/networks\/\" \/>\n<meta property=\"og:locale\" content=\"en_US\" \/>\n<meta property=\"og:type\" content=\"article\" \/>\n<meta property=\"og:title\" content=\"Our Network - ILS - Institut f\u00fcr Landes- und Stadtentwicklungsforschung\" \/>\n<meta property=\"og:url\" content=\"https:\/\/www.ils-forschung.de\/en\/networks\/\" \/>\n<meta property=\"og:site_name\" content=\"ILS - Institut f\u00fcr Landes- und Stadtentwicklungsforschung\" \/>\n<meta property=\"article:modified_time\" content=\"2025-07-23T11:12:42+00:00\" \/>\n<meta property=\"og:image\" content=\"https:\/\/www.ils-forschung.de\/wp-content\/uploads\/2023\/04\/ils-social-share-logo.jpg\" \/>\n\t<meta property=\"og:image:width\" content=\"1200\" \/>\n\t<meta property=\"og:image:height\" content=\"630\" \/>\n\t<meta property=\"og:image:type\" content=\"image\/jpeg\" \/>\n<meta name=\"twitter:card\" content=\"summary_large_image\" \/>\n<meta name=\"twitter:site\" content=\"@ILS_forschung\" \/>\n<meta name=\"twitter:label1\" content=\"Est. reading time\" \/>\n\t<meta name=\"twitter:data1\" content=\"9 minutes\" \/>\n<script type=\"application\/ld+json\" class=\"yoast-schema-graph\">{\"@context\":\"https:\/\/schema.org\",\"@graph\":[{\"@type\":\"WebPage\",\"@id\":\"https:\/\/www.ils-forschung.de\/en\/networks\/\",\"url\":\"https:\/\/www.ils-forschung.de\/en\/networks\/\",\"name\":\"Our Network - ILS - Institut f\u00fcr Landes- und Stadtentwicklungsforschung\",\"isPartOf\":{\"@id\":\"https:\/\/www.ils-forschung.de\/en\/#website\"},\"primaryImageOfPage\":{\"@id\":\"https:\/\/www.ils-forschung.de\/en\/networks\/#primaryimage\"},\"image\":{\"@id\":\"https:\/\/www.ils-forschung.de\/en\/networks\/#primaryimage\"},\"thumbnailUrl\":\"https:\/\/www.ils-forschung.de\/wp-content\/uploads\/2023\/04\/ils-social-share-logo.jpg\",\"datePublished\":\"2018-06-27T07:51:32+00:00\",\"dateModified\":\"2025-07-23T11:12:42+00:00\",\"breadcrumb\":{\"@id\":\"https:\/\/www.ils-forschung.de\/en\/networks\/#breadcrumb\"},\"inLanguage\":\"en-US\",\"potentialAction\":[{\"@type\":\"ReadAction\",\"target\":[\"https:\/\/www.ils-forschung.de\/en\/networks\/\"]}]},{\"@type\":\"ImageObject\",\"inLanguage\":\"en-US\",\"@id\":\"https:\/\/www.ils-forschung.de\/en\/networks\/#primaryimage\",\"url\":\"https:\/\/www.ils-forschung.de\/wp-content\/uploads\/2023\/04\/ils-social-share-logo.jpg\",\"contentUrl\":\"https:\/\/www.ils-forschung.de\/wp-content\/uploads\/2023\/04\/ils-social-share-logo.jpg\",\"width\":1200,\"height\":630},{\"@type\":\"BreadcrumbList\",\"@id\":\"https:\/\/www.ils-forschung.de\/en\/networks\/#breadcrumb\",\"itemListElement\":[{\"@type\":\"ListItem\",\"position\":1,\"name\":\"Home\",\"item\":\"https:\/\/www.ils-forschung.de\/en\/\"},{\"@type\":\"ListItem\",\"position\":2,\"name\":\"Our Network\"}]},{\"@type\":\"WebSite\",\"@id\":\"https:\/\/www.ils-forschung.de\/en\/#website\",\"url\":\"https:\/\/www.ils-forschung.de\/en\/\",\"name\":\"ILS - Institut f\u00fcr Landes- und Stadtentwicklungsforschung\",\"description\":\"Das ILS \u2013 Institut f\u00fcr Landes- und Stadtentwicklungsforschung ist ein raumwissenschaftliches au\u00dferuniversit\u00e4res Forschungsinstitut mit Sitz in Dortmund.\",\"potentialAction\":[{\"@type\":\"SearchAction\",\"target\":{\"@type\":\"EntryPoint\",\"urlTemplate\":\"https:\/\/www.ils-forschung.de\/en\/?s={search_term_string}\"},\"query-input\":{\"@type\":\"PropertyValueSpecification\",\"valueRequired\":true,\"valueName\":\"search_term_string\"}}],\"inLanguage\":\"en-US\"}]}<\/script>\n<!-- \/ Yoast SEO plugin. -->","yoast_head_json":{"title":"Our Network - ILS - Institut f\u00fcr Landes- und Stadtentwicklungsforschung","robots":{"index":"index","follow":"follow","max-snippet":"max-snippet:-1","max-image-preview":"max-image-preview:large","max-video-preview":"max-video-preview:-1"},"canonical":"https:\/\/www.ils-forschung.de\/en\/networks\/","og_locale":"en_US","og_type":"article","og_title":"Our Network - ILS - Institut f\u00fcr Landes- und Stadtentwicklungsforschung","og_url":"https:\/\/www.ils-forschung.de\/en\/networks\/","og_site_name":"ILS - Institut f\u00fcr Landes- und Stadtentwicklungsforschung","article_modified_time":"2025-07-23T11:12:42+00:00","og_image":[{"width":1200,"height":630,"url":"https:\/\/www.ils-forschung.de\/wp-content\/uploads\/2023\/04\/ils-social-share-logo.jpg","type":"image\/jpeg"}],"twitter_card":"summary_large_image","twitter_site":"@ILS_forschung","twitter_misc":{"Est. reading time":"9 minutes"},"schema":{"@context":"https:\/\/schema.org","@graph":[{"@type":"WebPage","@id":"https:\/\/www.ils-forschung.de\/en\/networks\/","url":"https:\/\/www.ils-forschung.de\/en\/networks\/","name":"Our Network - ILS - Institut f\u00fcr Landes- und Stadtentwicklungsforschung","isPartOf":{"@id":"https:\/\/www.ils-forschung.de\/en\/#website"},"primaryImageOfPage":{"@id":"https:\/\/www.ils-forschung.de\/en\/networks\/#primaryimage"},"image":{"@id":"https:\/\/www.ils-forschung.de\/en\/networks\/#primaryimage"},"thumbnailUrl":"https:\/\/www.ils-forschung.de\/wp-content\/uploads\/2023\/04\/ils-social-share-logo.jpg","datePublished":"2018-06-27T07:51:32+00:00","dateModified":"2025-07-23T11:12:42+00:00","breadcrumb":{"@id":"https:\/\/www.ils-forschung.de\/en\/networks\/#breadcrumb"},"inLanguage":"en-US","potentialAction":[{"@type":"ReadAction","target":["https:\/\/www.ils-forschung.de\/en\/networks\/"]}]},{"@type":"ImageObject","inLanguage":"en-US","@id":"https:\/\/www.ils-forschung.de\/en\/networks\/#primaryimage","url":"https:\/\/www.ils-forschung.de\/wp-content\/uploads\/2023\/04\/ils-social-share-logo.jpg","contentUrl":"https:\/\/www.ils-forschung.de\/wp-content\/uploads\/2023\/04\/ils-social-share-logo.jpg","width":1200,"height":630},{"@type":"BreadcrumbList","@id":"https:\/\/www.ils-forschung.de\/en\/networks\/#breadcrumb","itemListElement":[{"@type":"ListItem","position":1,"name":"Home","item":"https:\/\/www.ils-forschung.de\/en\/"},{"@type":"ListItem","position":2,"name":"Our Network"}]},{"@type":"WebSite","@id":"https:\/\/www.ils-forschung.de\/en\/#website","url":"https:\/\/www.ils-forschung.de\/en\/","name":"ILS - Institut f\u00fcr Landes- und Stadtentwicklungsforschung","description":"Das ILS \u2013 Institut f\u00fcr Landes- und Stadtentwicklungsforschung ist ein raumwissenschaftliches au\u00dferuniversit\u00e4res Forschungsinstitut mit Sitz in Dortmund.","potentialAction":[{"@type":"SearchAction","target":{"@type":"EntryPoint","urlTemplate":"https:\/\/www.ils-forschung.de\/en\/?s={search_term_string}"},"query-input":{"@type":"PropertyValueSpecification","valueRequired":true,"valueName":"search_term_string"}}],"inLanguage":"en-US"}]}},"_links":{"self":[{"href":"https:\/\/www.ils-forschung.de\/en\/wp-json\/wp\/v2\/pages\/470","targetHints":{"allow":["GET"]}}],"collection":[{"href":"https:\/\/www.ils-forschung.de\/en\/wp-json\/wp\/v2\/pages"}],"about":[{"href":"https:\/\/www.ils-forschung.de\/en\/wp-json\/wp\/v2\/types\/page"}],"author":[{"embeddable":true,"href":"https:\/\/www.ils-forschung.de\/en\/wp-json\/wp\/v2\/users\/14"}],"replies":[{"embeddable":true,"href":"https:\/\/www.ils-forschung.de\/en\/wp-json\/wp\/v2\/comments?post=470"}],"version-history":[{"count":9,"href":"https:\/\/www.ils-forschung.de\/en\/wp-json\/wp\/v2\/pages\/470\/revisions"}],"predecessor-version":[{"id":49901,"href":"https:\/\/www.ils-forschung.de\/en\/wp-json\/wp\/v2\/pages\/470\/revisions\/49901"}],"wp:featuredmedia":[{"embeddable":true,"href":"https:\/\/www.ils-forschung.de\/en\/wp-json\/wp\/v2\/media\/29962"}],"wp:attachment":[{"href":"https:\/\/www.ils-forschung.de\/en\/wp-json\/wp\/v2\/media?parent=470"}],"curies":[{"name":"wp","href":"https:\/\/api.w.org\/{rel}","templated":true}]}}