{"id":464,"date":"2018-06-27T09:49:55","date_gmt":"2018-06-27T07:49:55","guid":{"rendered":"https:\/\/www.ils-forschung.de\/research\/"},"modified":"2025-12-17T10:57:54","modified_gmt":"2025-12-17T09:57:54","slug":"research","status":"publish","type":"page","link":"https:\/\/www.ils-forschung.de\/en\/research\/","title":{"rendered":"ILS-Forschungsstrategie 2025+: Urbanen Wandel verstehen, urbanen Wandel gestalten"},"content":{"rendered":"<div class=\"fusion-fullwidth fullwidth-box fusion-builder-row-1 fusion-flex-container nonhundred-percent-fullwidth non-hundred-percent-height-scrolling\" style=\"--awb-border-radius-top-left:0px;--awb-border-radius-top-right:0px;--awb-border-radius-bottom-right:0px;--awb-border-radius-bottom-left:0px;--awb-flex-wrap:wrap;\" ><div class=\"fusion-builder-row fusion-row fusion-flex-align-items-flex-start fusion-flex-content-wrap\" style=\"max-width:1144px;margin-left: calc(-4% \/ 2 );margin-right: calc(-4% \/ 2 );\"><div class=\"fusion-layout-column fusion_builder_column fusion-builder-column-0 fusion_builder_column_1_1 1_1 fusion-flex-column\" style=\"--awb-bg-size:cover;--awb-width-large:100%;--awb-margin-top-large:0px;--awb-spacing-right-large:1.92%;--awb-margin-bottom-large:20px;--awb-spacing-left-large:1.92%;--awb-width-medium:100%;--awb-spacing-right-medium:1.92%;--awb-spacing-left-medium:1.92%;--awb-width-small:100%;--awb-spacing-right-small:1.92%;--awb-spacing-left-small:1.92%;\"><div class=\"fusion-column-wrapper fusion-flex-justify-content-flex-start fusion-content-layout-column\"><div class=\"fusion-image-element \" style=\"--awb-caption-title-font-family:var(--h2_typography-font-family);--awb-caption-title-font-weight:var(--h2_typography-font-weight);--awb-caption-title-font-style:var(--h2_typography-font-style);--awb-caption-title-size:var(--h2_typography-font-size);--awb-caption-title-transform:var(--h2_typography-text-transform);--awb-caption-title-line-height:var(--h2_typography-line-height);--awb-caption-title-letter-spacing:var(--h2_typography-letter-spacing);\"><span class=\" fusion-imageframe imageframe-none imageframe-1 hover-type-none\"><img decoding=\"async\" width=\"2339\" height=\"945\" src=\"https:\/\/www.ils-forschung.de\/wp-content\/uploads\/2025\/12\/grafik-urb-wandel-verstehen-gestalten.webp\" alt class=\"img-responsive wp-image-54327\" srcset=\"https:\/\/www.ils-forschung.de\/wp-content\/uploads\/2025\/12\/grafik-urb-wandel-verstehen-gestalten-200x81.webp 200w, https:\/\/www.ils-forschung.de\/wp-content\/uploads\/2025\/12\/grafik-urb-wandel-verstehen-gestalten-400x162.webp 400w, https:\/\/www.ils-forschung.de\/wp-content\/uploads\/2025\/12\/grafik-urb-wandel-verstehen-gestalten-600x242.webp 600w, https:\/\/www.ils-forschung.de\/wp-content\/uploads\/2025\/12\/grafik-urb-wandel-verstehen-gestalten-800x323.webp 800w, https:\/\/www.ils-forschung.de\/wp-content\/uploads\/2025\/12\/grafik-urb-wandel-verstehen-gestalten-1200x485.webp 1200w, https:\/\/www.ils-forschung.de\/wp-content\/uploads\/2025\/12\/grafik-urb-wandel-verstehen-gestalten.webp 2339w\" sizes=\"(max-width: 1125px) 100vw, (max-width: 765px) 100vw, 1200px\" \/><\/span><\/div><div class=\"fusion-text fusion-text-1\"><p>\u201eUrbanen Wandel verstehen, urbanen Wandel gestalten\u201c \u2013 dieses Motto pr\u00e4gt unsere Arbeit als ILS \u2013 Institut f\u00fcr Landes- und Stadtentwicklungsforschung. Wir betreiben anwendungsorientierte Forschung und beraten evidenzbasiert zu Fragen der Raum- und Stadtentwicklung.  <\/p>\n<p>St\u00e4dte und Gemeinden stehen vor komplexen Herausforderungen. Wir kennen diese Herausforderungen und arbeiten gemeinsam mit vielen Akteur*innen daran, dass St\u00e4dte nachhaltiger, gerechter und lebenswerter werden. Unsere Arbeitsgebiete orientieren sich eng an diesen gesellschaftlichen Aufgaben und greifen zentrale Fragen einer nachhaltigen sowie sozial gerechten Entwicklung von St\u00e4dten und Stadtregionen auf. <\/p>\n<p>Mit unseren Forschungen an der Schnittstelle von Wissenschaft und Praxis wollen wir das komplexe Ineinandergreifen von gesellschaftlichen, \u00f6konomischen und technologischen Ver\u00e4nderungen und den Wandel der Strukturen in St\u00e4dten und Stadtregionen verstehen. Die Ergebnisse dienen als Grundlage f\u00fcr eine kritische Auseinandersetzung mit der Wirksamkeit politisch-planerischen Handelns und der Entwicklung von L\u00f6sungsvorschl\u00e4gen. Gerade weil diese Transformationsprozesse auch mit Skepsis betrachtet werden, setzen wir auf evidenzbasierte Forschung, Dialog und praxisnahe L\u00f6sungsans\u00e4tze. <\/p>\n<p>Mit der vorliegenden Forschungsstrategie 2025+ werden die zuletzt 2022 neu gefassten und aktualisierten \u00dcberlegungen zur strategischen Ausrichtung des Instituts weiterentwickelt.  <\/p>\n<p>Unsere Arbeit richtet sich an vier Bereichen aus: <\/p>\n<ul>\n<li><a href=\"https:\/\/www.ils-forschung.de\/en\/research\/entwicklung-nachhaltiger-siedlungs-freiraum-und-infrastrukturen\/\">Forschungsschwerpunkt Entwicklung nachhaltiger Siedlungs-, Freiraum- und Infrastrukturen<\/a> <\/li>\n<li><a href=\"https:\/\/www.ils-forschung.de\/en\/research\/transformation-of-urban-spaces-and-mobility\/\">Forschungsschwerpunkt Transformation urbaner R\u00e4ume und Mobilit\u00e4ten<\/a> <\/li>\n<li><a href=\"https:\/\/www.ils-forschung.de\/en\/research\/sozialraeumliche-ungleichheiten-und-gerechte-stadtentwicklung\/\">Forschungsschwerpunkt Sozialr\u00e4umliche Ungleichheiten und gerechte Stadtentwicklung<\/a> <\/li>\n<li><a href=\"https:\/\/www.ils-forschung.de\/en\/research\/geoinformation-for-urban-research\/\">Geoinformation f\u00fcr die Stadtforschung<\/a>  <\/li>\n<\/ul>\n<\/div><div class=\"fusion-separator fusion-full-width-sep\" style=\"align-self: center;margin-left: auto;margin-right: auto;margin-top:20px;margin-bottom:20px;width:100%;\"><\/div><\/div><\/div><div class=\"fusion-layout-column fusion_builder_column fusion-builder-column-1 fusion_builder_column_1_6 1_6 fusion-flex-column\" style=\"--awb-bg-size:cover;--awb-width-large:16.6666666667%;--awb-margin-top-large:0px;--awb-spacing-right-large:11.52%;--awb-margin-bottom-large:20px;--awb-spacing-left-large:11.52%;--awb-width-medium:100%;--awb-order-medium:0;--awb-spacing-right-medium:1.92%;--awb-spacing-left-medium:1.92%;--awb-width-small:100%;--awb-order-small:0;--awb-spacing-right-small:1.92%;--awb-spacing-left-small:1.92%;\"><div class=\"fusion-column-wrapper fusion-column-has-shadow fusion-flex-justify-content-flex-start fusion-content-layout-column\"><div class=\"fusion-image-element \" style=\"--awb-caption-title-font-family:var(--h2_typography-font-family);--awb-caption-title-font-weight:var(--h2_typography-font-weight);--awb-caption-title-font-style:var(--h2_typography-font-style);--awb-caption-title-size:var(--h2_typography-font-size);--awb-caption-title-transform:var(--h2_typography-text-transform);--awb-caption-title-line-height:var(--h2_typography-line-height);--awb-caption-title-letter-spacing:var(--h2_typography-letter-spacing);\"><span class=\" fusion-imageframe imageframe-none imageframe-2 hover-type-none\" style=\"border:1px solid #888888;\"><img decoding=\"async\" width=\"1358\" height=\"1920\" src=\"https:\/\/www.ils-forschung.de\/wp-content\/uploads\/2025\/12\/ils-forschungsstrategie-2025-cover.webp\" alt class=\"img-responsive wp-image-54328\" srcset=\"https:\/\/www.ils-forschung.de\/wp-content\/uploads\/2025\/12\/ils-forschungsstrategie-2025-cover-200x283.webp 200w, https:\/\/www.ils-forschung.de\/wp-content\/uploads\/2025\/12\/ils-forschungsstrategie-2025-cover-400x566.webp 400w, https:\/\/www.ils-forschung.de\/wp-content\/uploads\/2025\/12\/ils-forschungsstrategie-2025-cover-600x848.webp 600w, https:\/\/www.ils-forschung.de\/wp-content\/uploads\/2025\/12\/ils-forschungsstrategie-2025-cover-800x1131.webp 800w, https:\/\/www.ils-forschung.de\/wp-content\/uploads\/2025\/12\/ils-forschungsstrategie-2025-cover-1200x1697.webp 1200w, https:\/\/www.ils-forschung.de\/wp-content\/uploads\/2025\/12\/ils-forschungsstrategie-2025-cover.webp 1358w\" sizes=\"(max-width: 1125px) 100vw, (max-width: 765px) 100vw, 200px\" \/><\/span><\/div><\/div><\/div><div class=\"fusion-layout-column fusion_builder_column fusion-builder-column-2 fusion_builder_column_1_2 1_2 fusion-flex-column\" style=\"--awb-bg-size:cover;--awb-width-large:50%;--awb-margin-top-large:0px;--awb-spacing-right-large:3.84%;--awb-margin-bottom-large:20px;--awb-spacing-left-large:3.84%;--awb-width-medium:100%;--awb-order-medium:0;--awb-spacing-right-medium:1.92%;--awb-spacing-left-medium:1.92%;--awb-width-small:100%;--awb-order-small:0;--awb-spacing-right-small:1.92%;--awb-spacing-left-small:1.92%;\"><div class=\"fusion-column-wrapper fusion-column-has-shadow fusion-flex-justify-content-flex-start fusion-content-layout-column\"><div class=\"fusion-text fusion-text-2\"><p><strong>ILS-Forschungsstrategie 2025+<\/strong><\/p>\n<p>\u201eUrbanen Wandel verstehen, urbanen Wandel gestalten\u201c<\/p>\n<p>ILS \u2013 Institut f\u00fcr Landes- und Stadtentwicklungsforschung 2025, 26 Seiten<\/p>\n<p><a href=\"https:\/\/doi.org\/10.58122\/8yzg-qv85\" target=\"_blank\">https:\/\/doi.org\/10.58122\/8yzg-qv85<\/a><\/p>\n<\/div><\/div><\/div><div class=\"fusion-layout-column fusion_builder_column fusion-builder-column-3 fusion_builder_column_1_3 1_3 fusion-flex-column\" style=\"--awb-bg-size:cover;--awb-width-large:33.3333333333%;--awb-margin-top-large:0px;--awb-spacing-right-large:5.76%;--awb-margin-bottom-large:20px;--awb-spacing-left-large:5.76%;--awb-width-medium:100%;--awb-order-medium:0;--awb-spacing-right-medium:1.92%;--awb-spacing-left-medium:1.92%;--awb-width-small:100%;--awb-order-small:0;--awb-spacing-right-small:1.92%;--awb-spacing-left-small:1.92%;\"><div class=\"fusion-column-wrapper fusion-column-has-shadow fusion-flex-justify-content-flex-start fusion-content-layout-column\"><div class=\"wp-content\">\r\n<div class=\"wp-download\">\r\n<div class=\"wp-download-kasten\"><i class=\"fas fa-file-pdf\"><\/i> <strong>PDF<\/strong>\r\n1,34 MB\r\n<a href=\"https:\/\/www.ils-forschung.de\/wp-content\/uploads\/2025\/12\/ils-forschungsstrategie-2025-online.pdf\" target=\"_blank\"><div class=\"download-kasten-button\"><i class=\"fa fa-download\"><\/i>Download<\/div><\/a><br><\/div><br><\/div><br><\/div><\/div><\/div><\/div><\/div>\n","protected":false},"excerpt":{"rendered":"","protected":false},"author":14,"featured_media":29962,"parent":0,"menu_order":3,"comment_status":"closed","ping_status":"closed","template":"","meta":{"footnotes":""},"class_list":["post-464","page","type-page","status-publish","has-post-thumbnail","hentry"],"yoast_head":"<!-- This site is optimized with the Yoast SEO plugin v27.1.1 - https:\/\/yoast.com\/product\/yoast-seo-wordpress\/ -->\n<title>ILS-Forschungsstrategie 2025+: Urbanen Wandel verstehen, urbanen Wandel gestalten - ILS - Institut f\u00fcr Landes- und Stadtentwicklungsforschung<\/title>\n<meta name=\"robots\" content=\"index, follow, max-snippet:-1, max-image-preview:large, max-video-preview:-1\" \/>\n<link rel=\"canonical\" href=\"https:\/\/www.ils-forschung.de\/en\/research\/\" \/>\n<meta property=\"og:locale\" content=\"en_US\" \/>\n<meta property=\"og:type\" content=\"article\" \/>\n<meta property=\"og:title\" content=\"ILS-Forschungsstrategie 2025+: Urbanen Wandel verstehen, urbanen Wandel gestalten - ILS - Institut f\u00fcr Landes- und Stadtentwicklungsforschung\" \/>\n<meta property=\"og:url\" content=\"https:\/\/www.ils-forschung.de\/en\/research\/\" \/>\n<meta property=\"og:site_name\" content=\"ILS - Institut f\u00fcr Landes- und Stadtentwicklungsforschung\" \/>\n<meta property=\"article:modified_time\" content=\"2025-12-17T09:57:54+00:00\" \/>\n<meta property=\"og:image\" content=\"https:\/\/www.ils-forschung.de\/wp-content\/uploads\/2023\/04\/ils-social-share-logo.jpg\" \/>\n\t<meta property=\"og:image:width\" content=\"1200\" \/>\n\t<meta property=\"og:image:height\" content=\"630\" \/>\n\t<meta property=\"og:image:type\" content=\"image\/jpeg\" \/>\n<meta name=\"twitter:card\" content=\"summary_large_image\" \/>\n<meta name=\"twitter:site\" content=\"@ILS_forschung\" \/>\n<meta name=\"twitter:label1\" content=\"Est. reading time\" \/>\n\t<meta name=\"twitter:data1\" content=\"15 minutes\" \/>\n<script type=\"application\/ld+json\" class=\"yoast-schema-graph\">{\"@context\":\"https:\/\/schema.org\",\"@graph\":[{\"@type\":\"WebPage\",\"@id\":\"https:\/\/www.ils-forschung.de\/en\/research\/\",\"url\":\"https:\/\/www.ils-forschung.de\/en\/research\/\",\"name\":\"ILS-Forschungsstrategie 2025+: Urbanen Wandel verstehen, urbanen Wandel gestalten - ILS - Institut f\u00fcr Landes- und Stadtentwicklungsforschung\",\"isPartOf\":{\"@id\":\"https:\/\/www.ils-forschung.de\/en\/#website\"},\"primaryImageOfPage\":{\"@id\":\"https:\/\/www.ils-forschung.de\/en\/research\/#primaryimage\"},\"image\":{\"@id\":\"https:\/\/www.ils-forschung.de\/en\/research\/#primaryimage\"},\"thumbnailUrl\":\"https:\/\/www.ils-forschung.de\/wp-content\/uploads\/2023\/04\/ils-social-share-logo.jpg\",\"datePublished\":\"2018-06-27T07:49:55+00:00\",\"dateModified\":\"2025-12-17T09:57:54+00:00\",\"breadcrumb\":{\"@id\":\"https:\/\/www.ils-forschung.de\/en\/research\/#breadcrumb\"},\"inLanguage\":\"en-US\",\"potentialAction\":[{\"@type\":\"ReadAction\",\"target\":[\"https:\/\/www.ils-forschung.de\/en\/research\/\"]}]},{\"@type\":\"ImageObject\",\"inLanguage\":\"en-US\",\"@id\":\"https:\/\/www.ils-forschung.de\/en\/research\/#primaryimage\",\"url\":\"https:\/\/www.ils-forschung.de\/wp-content\/uploads\/2023\/04\/ils-social-share-logo.jpg\",\"contentUrl\":\"https:\/\/www.ils-forschung.de\/wp-content\/uploads\/2023\/04\/ils-social-share-logo.jpg\",\"width\":1200,\"height\":630},{\"@type\":\"BreadcrumbList\",\"@id\":\"https:\/\/www.ils-forschung.de\/en\/research\/#breadcrumb\",\"itemListElement\":[{\"@type\":\"ListItem\",\"position\":1,\"name\":\"Home\",\"item\":\"https:\/\/www.ils-forschung.de\/en\/\"},{\"@type\":\"ListItem\",\"position\":2,\"name\":\"ILS-Forschungsstrategie 2025+: Urbanen Wandel verstehen, urbanen Wandel gestalten\"}]},{\"@type\":\"WebSite\",\"@id\":\"https:\/\/www.ils-forschung.de\/en\/#website\",\"url\":\"https:\/\/www.ils-forschung.de\/en\/\",\"name\":\"ILS - Institut f\u00fcr Landes- und Stadtentwicklungsforschung\",\"description\":\"Das ILS \u2013 Institut f\u00fcr Landes- und Stadtentwicklungsforschung ist ein raumwissenschaftliches au\u00dferuniversit\u00e4res Forschungsinstitut mit Sitz in Dortmund.\",\"potentialAction\":[{\"@type\":\"SearchAction\",\"target\":{\"@type\":\"EntryPoint\",\"urlTemplate\":\"https:\/\/www.ils-forschung.de\/en\/?s={search_term_string}\"},\"query-input\":{\"@type\":\"PropertyValueSpecification\",\"valueRequired\":true,\"valueName\":\"search_term_string\"}}],\"inLanguage\":\"en-US\"}]}<\/script>\n<!-- \/ Yoast SEO plugin. -->","yoast_head_json":{"title":"ILS-Forschungsstrategie 2025+: Urbanen Wandel verstehen, urbanen Wandel gestalten - ILS - Institut f\u00fcr Landes- und Stadtentwicklungsforschung","robots":{"index":"index","follow":"follow","max-snippet":"max-snippet:-1","max-image-preview":"max-image-preview:large","max-video-preview":"max-video-preview:-1"},"canonical":"https:\/\/www.ils-forschung.de\/en\/research\/","og_locale":"en_US","og_type":"article","og_title":"ILS-Forschungsstrategie 2025+: Urbanen Wandel verstehen, urbanen Wandel gestalten - ILS - Institut f\u00fcr Landes- und Stadtentwicklungsforschung","og_url":"https:\/\/www.ils-forschung.de\/en\/research\/","og_site_name":"ILS - Institut f\u00fcr Landes- und Stadtentwicklungsforschung","article_modified_time":"2025-12-17T09:57:54+00:00","og_image":[{"width":1200,"height":630,"url":"https:\/\/www.ils-forschung.de\/wp-content\/uploads\/2023\/04\/ils-social-share-logo.jpg","type":"image\/jpeg"}],"twitter_card":"summary_large_image","twitter_site":"@ILS_forschung","twitter_misc":{"Est. reading time":"15 minutes"},"schema":{"@context":"https:\/\/schema.org","@graph":[{"@type":"WebPage","@id":"https:\/\/www.ils-forschung.de\/en\/research\/","url":"https:\/\/www.ils-forschung.de\/en\/research\/","name":"ILS-Forschungsstrategie 2025+: Urbanen Wandel verstehen, urbanen Wandel gestalten - ILS - Institut f\u00fcr Landes- und Stadtentwicklungsforschung","isPartOf":{"@id":"https:\/\/www.ils-forschung.de\/en\/#website"},"primaryImageOfPage":{"@id":"https:\/\/www.ils-forschung.de\/en\/research\/#primaryimage"},"image":{"@id":"https:\/\/www.ils-forschung.de\/en\/research\/#primaryimage"},"thumbnailUrl":"https:\/\/www.ils-forschung.de\/wp-content\/uploads\/2023\/04\/ils-social-share-logo.jpg","datePublished":"2018-06-27T07:49:55+00:00","dateModified":"2025-12-17T09:57:54+00:00","breadcrumb":{"@id":"https:\/\/www.ils-forschung.de\/en\/research\/#breadcrumb"},"inLanguage":"en-US","potentialAction":[{"@type":"ReadAction","target":["https:\/\/www.ils-forschung.de\/en\/research\/"]}]},{"@type":"ImageObject","inLanguage":"en-US","@id":"https:\/\/www.ils-forschung.de\/en\/research\/#primaryimage","url":"https:\/\/www.ils-forschung.de\/wp-content\/uploads\/2023\/04\/ils-social-share-logo.jpg","contentUrl":"https:\/\/www.ils-forschung.de\/wp-content\/uploads\/2023\/04\/ils-social-share-logo.jpg","width":1200,"height":630},{"@type":"BreadcrumbList","@id":"https:\/\/www.ils-forschung.de\/en\/research\/#breadcrumb","itemListElement":[{"@type":"ListItem","position":1,"name":"Home","item":"https:\/\/www.ils-forschung.de\/en\/"},{"@type":"ListItem","position":2,"name":"ILS-Forschungsstrategie 2025+: Urbanen Wandel verstehen, urbanen Wandel gestalten"}]},{"@type":"WebSite","@id":"https:\/\/www.ils-forschung.de\/en\/#website","url":"https:\/\/www.ils-forschung.de\/en\/","name":"ILS - Institut f\u00fcr Landes- und Stadtentwicklungsforschung","description":"Das ILS \u2013 Institut f\u00fcr Landes- und Stadtentwicklungsforschung ist ein raumwissenschaftliches au\u00dferuniversit\u00e4res Forschungsinstitut mit Sitz in Dortmund.","potentialAction":[{"@type":"SearchAction","target":{"@type":"EntryPoint","urlTemplate":"https:\/\/www.ils-forschung.de\/en\/?s={search_term_string}"},"query-input":{"@type":"PropertyValueSpecification","valueRequired":true,"valueName":"search_term_string"}}],"inLanguage":"en-US"}]}},"_links":{"self":[{"href":"https:\/\/www.ils-forschung.de\/en\/wp-json\/wp\/v2\/pages\/464","targetHints":{"allow":["GET"]}}],"collection":[{"href":"https:\/\/www.ils-forschung.de\/en\/wp-json\/wp\/v2\/pages"}],"about":[{"href":"https:\/\/www.ils-forschung.de\/en\/wp-json\/wp\/v2\/types\/page"}],"author":[{"embeddable":true,"href":"https:\/\/www.ils-forschung.de\/en\/wp-json\/wp\/v2\/users\/14"}],"replies":[{"embeddable":true,"href":"https:\/\/www.ils-forschung.de\/en\/wp-json\/wp\/v2\/comments?post=464"}],"version-history":[{"count":8,"href":"https:\/\/www.ils-forschung.de\/en\/wp-json\/wp\/v2\/pages\/464\/revisions"}],"predecessor-version":[{"id":54337,"href":"https:\/\/www.ils-forschung.de\/en\/wp-json\/wp\/v2\/pages\/464\/revisions\/54337"}],"wp:featuredmedia":[{"embeddable":true,"href":"https:\/\/www.ils-forschung.de\/en\/wp-json\/wp\/v2\/media\/29962"}],"wp:attachment":[{"href":"https:\/\/www.ils-forschung.de\/en\/wp-json\/wp\/v2\/media?parent=464"}],"curies":[{"name":"wp","href":"https:\/\/api.w.org\/{rel}","templated":true}]}}