{"id":451,"date":"2018-06-27T09:46:40","date_gmt":"2018-06-27T07:46:40","guid":{"rendered":"https:\/\/www.ils-forschung.de\/the-ils\/commissioners\/"},"modified":"2026-02-10T10:36:37","modified_gmt":"2026-02-10T09:36:37","slug":"commissioners","status":"publish","type":"page","link":"https:\/\/www.ils-forschung.de\/en\/the-ils\/commissioners\/","title":{"rendered":"Commissioners"},"content":{"rendered":"<div class=\"fusion-fullwidth fullwidth-box fusion-builder-row-1 fusion-flex-container nonhundred-percent-fullwidth non-hundred-percent-height-scrolling\" style=\"--awb-border-radius-top-left:0px;--awb-border-radius-top-right:0px;--awb-border-radius-bottom-right:0px;--awb-border-radius-bottom-left:0px;--awb-flex-wrap:wrap;\" ><div class=\"fusion-builder-row fusion-row fusion-flex-align-items-flex-start fusion-flex-content-wrap\" style=\"max-width:1144px;margin-left: calc(-4% \/ 2 );margin-right: calc(-4% \/ 2 );\"><div class=\"fusion-layout-column fusion_builder_column fusion-builder-column-0 fusion_builder_column_1_1 1_1 fusion-flex-column\" style=\"--awb-bg-size:cover;--awb-width-large:100%;--awb-margin-top-large:0px;--awb-spacing-right-large:1.92%;--awb-margin-bottom-large:20px;--awb-spacing-left-large:1.92%;--awb-width-medium:100%;--awb-spacing-right-medium:1.92%;--awb-spacing-left-medium:1.92%;--awb-width-small:100%;--awb-spacing-right-small:1.92%;--awb-spacing-left-small:1.92%;\"><div class=\"fusion-column-wrapper fusion-flex-justify-content-flex-start fusion-content-layout-column\"><div class=\"fusion-image-element \" style=\"--awb-caption-title-font-family:var(--h2_typography-font-family);--awb-caption-title-font-weight:var(--h2_typography-font-weight);--awb-caption-title-font-style:var(--h2_typography-font-style);--awb-caption-title-size:var(--h2_typography-font-size);--awb-caption-title-transform:var(--h2_typography-text-transform);--awb-caption-title-line-height:var(--h2_typography-line-height);--awb-caption-title-letter-spacing:var(--h2_typography-letter-spacing);\"><span class=\" fusion-imageframe imageframe-none imageframe-1 hover-type-none\"><img decoding=\"async\" width=\"1200\" height=\"364\" title=\"beauftragte-titelbild\" src=\"https:\/\/www.ils-forschung.de\/wp-content\/uploads\/2022\/06\/beauftragte-titelbild.jpg\" alt class=\"img-responsive wp-image-22242\" srcset=\"https:\/\/www.ils-forschung.de\/wp-content\/uploads\/2022\/06\/beauftragte-titelbild-200x61.jpg 200w, https:\/\/www.ils-forschung.de\/wp-content\/uploads\/2022\/06\/beauftragte-titelbild-400x121.jpg 400w, https:\/\/www.ils-forschung.de\/wp-content\/uploads\/2022\/06\/beauftragte-titelbild-600x182.jpg 600w, https:\/\/www.ils-forschung.de\/wp-content\/uploads\/2022\/06\/beauftragte-titelbild-800x243.jpg 800w, https:\/\/www.ils-forschung.de\/wp-content\/uploads\/2022\/06\/beauftragte-titelbild.jpg 1200w\" sizes=\"(max-width: 1125px) 100vw, (max-width: 765px) 100vw, 1200px\" \/><\/span><\/div><div class=\"fusion-separator fusion-full-width-sep\" style=\"align-self: center;margin-left: auto;margin-right: auto;margin-top:10px;margin-bottom:10px;width:100%;\"><\/div><div class=\"fusion-text fusion-text-1\"><h2>Ombudspersons<\/h2>\n<ul>\n<li><a href=\"\/?page_id=3107\" data-mce-href=\"https:\/\/www.ils-forschung.de\/en\/the-ils\/ils-staff\/volgmann-kati\/\">Dr. Kati Volgmann<\/a> (Chairperson Ombudsperson)<br \/>Phone: +49 (0)231 9051-230<br \/>E-Mail: <a href=\"mailto:kati.volgmann@ils-research.de\" data-mce-href=\"mailto:kati.volgmann@ils-research.de\">kati.volgmann@ils-research.de<\/a><br data-mce-bogus=\"1\"><\/li>\n<\/ul>\n<ul>\n<li><a href=\"https:\/\/www.ils-forschung.de\/en\/the-ils\/ils-staff\/dr-isabel-ramos-lobato-dipl-geogr\/\" data-mce-href=\"https:\/\/www.ils-forschung.de\/en\/the-ils\/ils-staff\/dr-isabel-ramos-lobato-dipl-geogr\/\">Dr. Isabel Ramos Lobato<\/a> (Deputy Ombudsperson)<br \/>Phone: +49 (0) 231 9051-191<br \/>E-Mail: <a href=\"mailto:isabel.ramos-lobato@ils-research.de\" data-mce-href=\"mailto:isabel.ramos-lobato@ils-research.de\">isabel.ramos-lobato@ils-research.de<\/a><br data-mce-bogus=\"1\"><\/li>\n<\/ul>\n<\/div><div class=\"fusion-separator fusion-full-width-sep\" style=\"align-self: center;margin-left: auto;margin-right: auto;margin-top:10px;margin-bottom:10px;width:100%;\"><\/div><div class=\"fusion-text fusion-text-2\"><h2>Equal opportunity commissioner<\/h2>\n<ul>\n<li><a href=\"\/?page_id=3126\" data-mce-href=\"https:\/\/www.ils-forschung.de\/en\/the-ils\/ils-staff\/dannemann-annika\/\">Annika Dannemann<\/a><br \/>Phone: +49 (0) 231 9051-162<br \/>E-Mail: <a href=\"mailto:annika.dannemann@ils-research.de\" data-mce-href=\"mailto:annika.dannemann@ils-research.de\">annika.dannemann@ils-research.de<\/a><br data-mce-bogus=\"1\"><\/li>\n<\/ul>\n<\/div><div class=\"fusion-separator fusion-full-width-sep\" style=\"align-self: center;margin-left: auto;margin-right: auto;margin-top:10px;margin-bottom:10px;width:100%;\"><\/div><div class=\"fusion-text fusion-text-3\"><h2>Commissioner for diversity and anti-discrimination<\/h2>\n<ul>\n<li><a href=\"\/?page_id=3099\" data-mce-href=\"https:\/\/www.ils-forschung.de\/en\/the-ils\/ils-staff\/tippel-cornelia\/\">Dr. Cornelia Tippel<\/a><br \/>Phone: +49 (0) 231 9051-250<br \/>E-Mail: <a href=\"mailto:cornelia.tippel@ils-research.de\" data-mce-href=\"mailto:cornelia.tippel@ils-research.de\">cornelia.tippel@ils-research.de<\/a><br data-mce-bogus=\"1\"><\/li>\n<\/ul>\n<\/div><div class=\"fusion-separator fusion-full-width-sep\" style=\"align-self: center;margin-left: auto;margin-right: auto;margin-top:10px;margin-bottom:10px;width:100%;\"><\/div><div class=\"fusion-text fusion-text-4\"><h2>Works Council at ILS<\/h2>\n<p>The works council has certain tasks, rights and obligations which are set out in the Works Constitution Act (Betriebsverfassungsgesetz, BetrVG). Its primary objective is to represent the interests of employees to the employer.<\/p>\n<p><strong>The fundamental tasks of the works council are:<\/strong><\/p>\n<ul>\n<li>Monitoring tasks: &#8211; Ensuring compliance with laws, regulations, collective agreements, workplace agreements, etc.<\/li>\n<li>Protective tasks: Participation and co-determination in social affairs, work processes and personnel measures.<\/li>\n<li>Organisational duties: Submitting proposals to improve working conditions (right of initiative).<\/li>\n<\/ul>\n<p><strong>Rights of the works council<\/strong>:<\/p>\n<ul>\n<li>Rights to information: The works council must be kept fully informed on matters such as personnel (hiring, reclassification and transfer), and technical and organisational changes.<\/li>\n<li>Consultation rights: The employer must consult with the works council on matters relating to the organisation or workflow.<\/li>\n<li>Co-determination rights in social matters, e.g. company regulations, working hours and organisation of mobile work.<\/li>\n<li>Rights of initiative: The right to propose measures that serve the well-being of employees, e.g. measures relating to equality and integration. These measures can also be enforced against the employer&#8217;s will.<\/li>\n<\/ul>\n<p>Works council meetings take place every four to six weeks. The dates are listed in the institutional calendar. The ILS management and the works council also meet regularly for monthly discussions. Works meetings take place several times a year, usually in conjunction with staff meetings. Various works agreements have been adopted in recent years in cooperation with the ILS management.<\/p>\n<p>The works council is always available to answer questions and address concerns. The content of the discussions will, of course, be treated confidentially.<\/p>\n<p><a href=\"https:\/\/www.ils-forschung.de\/en\/the-ils\/ils-staff\/kolocek-michael\/\">Michael Kolocek<\/a> is the chairman of the works council and <a href=\"https:\/\/www.ils-forschung.de\/en\/the-ils\/ils-staff\/paesler-sandra\/\">Sandra P\u00e4sler<\/a> is the deputy chairwoman. You can find an overview of all members in the internal ILS-Wiki.<\/p>\n<p>Contact: <a href=\"mailto:ILS-Betriebsrat@ils-forschung.de\">ILS-Betriebsrat@ils-forschung.de<\/a><\/p>\n<h2><\/h2>\n<\/div><\/div><\/div><\/div><\/div>\n","protected":false},"excerpt":{"rendered":"","protected":false},"author":14,"featured_media":29962,"parent":445,"menu_order":4,"comment_status":"closed","ping_status":"closed","template":"","meta":{"footnotes":""},"class_list":["post-451","page","type-page","status-publish","has-post-thumbnail","hentry"],"yoast_head":"<!-- This site is optimized with the Yoast SEO plugin v27.1.1 - https:\/\/yoast.com\/product\/yoast-seo-wordpress\/ -->\n<title>Commissioners - ILS - Institut f\u00fcr Landes- und Stadtentwicklungsforschung<\/title>\n<meta name=\"robots\" content=\"index, follow, max-snippet:-1, max-image-preview:large, max-video-preview:-1\" \/>\n<link rel=\"canonical\" href=\"https:\/\/www.ils-forschung.de\/en\/the-ils\/commissioners\/\" \/>\n<meta property=\"og:locale\" content=\"en_US\" \/>\n<meta property=\"og:type\" content=\"article\" \/>\n<meta property=\"og:title\" content=\"Commissioners - ILS - Institut f\u00fcr Landes- und Stadtentwicklungsforschung\" \/>\n<meta property=\"og:url\" content=\"https:\/\/www.ils-forschung.de\/en\/the-ils\/commissioners\/\" \/>\n<meta property=\"og:site_name\" content=\"ILS - Institut f\u00fcr Landes- und Stadtentwicklungsforschung\" \/>\n<meta property=\"article:modified_time\" content=\"2026-02-10T09:36:37+00:00\" \/>\n<meta property=\"og:image\" content=\"https:\/\/www.ils-forschung.de\/wp-content\/uploads\/2023\/04\/ils-social-share-logo.jpg\" \/>\n\t<meta property=\"og:image:width\" content=\"1200\" \/>\n\t<meta property=\"og:image:height\" content=\"630\" \/>\n\t<meta property=\"og:image:type\" content=\"image\/jpeg\" \/>\n<meta name=\"twitter:card\" content=\"summary_large_image\" \/>\n<meta name=\"twitter:site\" content=\"@ILS_forschung\" \/>\n<meta name=\"twitter:label1\" content=\"Est. reading time\" \/>\n\t<meta name=\"twitter:data1\" content=\"3 minutes\" \/>\n<script type=\"application\/ld+json\" class=\"yoast-schema-graph\">{\"@context\":\"https:\/\/schema.org\",\"@graph\":[{\"@type\":\"WebPage\",\"@id\":\"https:\/\/www.ils-forschung.de\/en\/the-ils\/commissioners\/\",\"url\":\"https:\/\/www.ils-forschung.de\/en\/the-ils\/commissioners\/\",\"name\":\"Commissioners - ILS - Institut f\u00fcr Landes- und Stadtentwicklungsforschung\",\"isPartOf\":{\"@id\":\"https:\/\/www.ils-forschung.de\/en\/#website\"},\"primaryImageOfPage\":{\"@id\":\"https:\/\/www.ils-forschung.de\/en\/the-ils\/commissioners\/#primaryimage\"},\"image\":{\"@id\":\"https:\/\/www.ils-forschung.de\/en\/the-ils\/commissioners\/#primaryimage\"},\"thumbnailUrl\":\"https:\/\/www.ils-forschung.de\/wp-content\/uploads\/2023\/04\/ils-social-share-logo.jpg\",\"datePublished\":\"2018-06-27T07:46:40+00:00\",\"dateModified\":\"2026-02-10T09:36:37+00:00\",\"breadcrumb\":{\"@id\":\"https:\/\/www.ils-forschung.de\/en\/the-ils\/commissioners\/#breadcrumb\"},\"inLanguage\":\"en-US\",\"potentialAction\":[{\"@type\":\"ReadAction\",\"target\":[\"https:\/\/www.ils-forschung.de\/en\/the-ils\/commissioners\/\"]}]},{\"@type\":\"ImageObject\",\"inLanguage\":\"en-US\",\"@id\":\"https:\/\/www.ils-forschung.de\/en\/the-ils\/commissioners\/#primaryimage\",\"url\":\"https:\/\/www.ils-forschung.de\/wp-content\/uploads\/2023\/04\/ils-social-share-logo.jpg\",\"contentUrl\":\"https:\/\/www.ils-forschung.de\/wp-content\/uploads\/2023\/04\/ils-social-share-logo.jpg\",\"width\":1200,\"height\":630},{\"@type\":\"BreadcrumbList\",\"@id\":\"https:\/\/www.ils-forschung.de\/en\/the-ils\/commissioners\/#breadcrumb\",\"itemListElement\":[{\"@type\":\"ListItem\",\"position\":1,\"name\":\"Home\",\"item\":\"https:\/\/www.ils-forschung.de\/en\/\"},{\"@type\":\"ListItem\",\"position\":2,\"name\":\"The ILS\",\"item\":\"https:\/\/www.ils-forschung.de\/en\/the-ils\/\"},{\"@type\":\"ListItem\",\"position\":3,\"name\":\"Commissioners\"}]},{\"@type\":\"WebSite\",\"@id\":\"https:\/\/www.ils-forschung.de\/en\/#website\",\"url\":\"https:\/\/www.ils-forschung.de\/en\/\",\"name\":\"ILS - Institut f\u00fcr Landes- und Stadtentwicklungsforschung\",\"description\":\"Das ILS \u2013 Institut f\u00fcr Landes- und Stadtentwicklungsforschung ist ein raumwissenschaftliches au\u00dferuniversit\u00e4res Forschungsinstitut mit Sitz in Dortmund.\",\"potentialAction\":[{\"@type\":\"SearchAction\",\"target\":{\"@type\":\"EntryPoint\",\"urlTemplate\":\"https:\/\/www.ils-forschung.de\/en\/?s={search_term_string}\"},\"query-input\":{\"@type\":\"PropertyValueSpecification\",\"valueRequired\":true,\"valueName\":\"search_term_string\"}}],\"inLanguage\":\"en-US\"}]}<\/script>\n<!-- \/ Yoast SEO plugin. -->","yoast_head_json":{"title":"Commissioners - ILS - Institut f\u00fcr Landes- und Stadtentwicklungsforschung","robots":{"index":"index","follow":"follow","max-snippet":"max-snippet:-1","max-image-preview":"max-image-preview:large","max-video-preview":"max-video-preview:-1"},"canonical":"https:\/\/www.ils-forschung.de\/en\/the-ils\/commissioners\/","og_locale":"en_US","og_type":"article","og_title":"Commissioners - ILS - Institut f\u00fcr Landes- und Stadtentwicklungsforschung","og_url":"https:\/\/www.ils-forschung.de\/en\/the-ils\/commissioners\/","og_site_name":"ILS - Institut f\u00fcr Landes- und Stadtentwicklungsforschung","article_modified_time":"2026-02-10T09:36:37+00:00","og_image":[{"width":1200,"height":630,"url":"https:\/\/www.ils-forschung.de\/wp-content\/uploads\/2023\/04\/ils-social-share-logo.jpg","type":"image\/jpeg"}],"twitter_card":"summary_large_image","twitter_site":"@ILS_forschung","twitter_misc":{"Est. reading time":"3 minutes"},"schema":{"@context":"https:\/\/schema.org","@graph":[{"@type":"WebPage","@id":"https:\/\/www.ils-forschung.de\/en\/the-ils\/commissioners\/","url":"https:\/\/www.ils-forschung.de\/en\/the-ils\/commissioners\/","name":"Commissioners - ILS - Institut f\u00fcr Landes- und Stadtentwicklungsforschung","isPartOf":{"@id":"https:\/\/www.ils-forschung.de\/en\/#website"},"primaryImageOfPage":{"@id":"https:\/\/www.ils-forschung.de\/en\/the-ils\/commissioners\/#primaryimage"},"image":{"@id":"https:\/\/www.ils-forschung.de\/en\/the-ils\/commissioners\/#primaryimage"},"thumbnailUrl":"https:\/\/www.ils-forschung.de\/wp-content\/uploads\/2023\/04\/ils-social-share-logo.jpg","datePublished":"2018-06-27T07:46:40+00:00","dateModified":"2026-02-10T09:36:37+00:00","breadcrumb":{"@id":"https:\/\/www.ils-forschung.de\/en\/the-ils\/commissioners\/#breadcrumb"},"inLanguage":"en-US","potentialAction":[{"@type":"ReadAction","target":["https:\/\/www.ils-forschung.de\/en\/the-ils\/commissioners\/"]}]},{"@type":"ImageObject","inLanguage":"en-US","@id":"https:\/\/www.ils-forschung.de\/en\/the-ils\/commissioners\/#primaryimage","url":"https:\/\/www.ils-forschung.de\/wp-content\/uploads\/2023\/04\/ils-social-share-logo.jpg","contentUrl":"https:\/\/www.ils-forschung.de\/wp-content\/uploads\/2023\/04\/ils-social-share-logo.jpg","width":1200,"height":630},{"@type":"BreadcrumbList","@id":"https:\/\/www.ils-forschung.de\/en\/the-ils\/commissioners\/#breadcrumb","itemListElement":[{"@type":"ListItem","position":1,"name":"Home","item":"https:\/\/www.ils-forschung.de\/en\/"},{"@type":"ListItem","position":2,"name":"The ILS","item":"https:\/\/www.ils-forschung.de\/en\/the-ils\/"},{"@type":"ListItem","position":3,"name":"Commissioners"}]},{"@type":"WebSite","@id":"https:\/\/www.ils-forschung.de\/en\/#website","url":"https:\/\/www.ils-forschung.de\/en\/","name":"ILS - Institut f\u00fcr Landes- und Stadtentwicklungsforschung","description":"Das ILS \u2013 Institut f\u00fcr Landes- und Stadtentwicklungsforschung ist ein raumwissenschaftliches au\u00dferuniversit\u00e4res Forschungsinstitut mit Sitz in Dortmund.","potentialAction":[{"@type":"SearchAction","target":{"@type":"EntryPoint","urlTemplate":"https:\/\/www.ils-forschung.de\/en\/?s={search_term_string}"},"query-input":{"@type":"PropertyValueSpecification","valueRequired":true,"valueName":"search_term_string"}}],"inLanguage":"en-US"}]}},"_links":{"self":[{"href":"https:\/\/www.ils-forschung.de\/en\/wp-json\/wp\/v2\/pages\/451","targetHints":{"allow":["GET"]}}],"collection":[{"href":"https:\/\/www.ils-forschung.de\/en\/wp-json\/wp\/v2\/pages"}],"about":[{"href":"https:\/\/www.ils-forschung.de\/en\/wp-json\/wp\/v2\/types\/page"}],"author":[{"embeddable":true,"href":"https:\/\/www.ils-forschung.de\/en\/wp-json\/wp\/v2\/users\/14"}],"replies":[{"embeddable":true,"href":"https:\/\/www.ils-forschung.de\/en\/wp-json\/wp\/v2\/comments?post=451"}],"version-history":[{"count":24,"href":"https:\/\/www.ils-forschung.de\/en\/wp-json\/wp\/v2\/pages\/451\/revisions"}],"predecessor-version":[{"id":55298,"href":"https:\/\/www.ils-forschung.de\/en\/wp-json\/wp\/v2\/pages\/451\/revisions\/55298"}],"up":[{"embeddable":true,"href":"https:\/\/www.ils-forschung.de\/en\/wp-json\/wp\/v2\/pages\/445"}],"wp:featuredmedia":[{"embeddable":true,"href":"https:\/\/www.ils-forschung.de\/en\/wp-json\/wp\/v2\/media\/29962"}],"wp:attachment":[{"href":"https:\/\/www.ils-forschung.de\/en\/wp-json\/wp\/v2\/media?parent=451"}],"curies":[{"name":"wp","href":"https:\/\/api.w.org\/{rel}","templated":true}]}}