{"id":448,"date":"2018-06-27T09:46:07","date_gmt":"2018-06-27T07:46:07","guid":{"rendered":"https:\/\/www.ils-forschung.de\/the-ils\/location\/"},"modified":"2024-06-17T11:22:26","modified_gmt":"2024-06-17T09:22:26","slug":"location","status":"publish","type":"page","link":"https:\/\/www.ils-forschung.de\/en\/the-ils\/location\/","title":{"rendered":"Contact \/ Location"},"content":{"rendered":"<div class=\"fusion-fullwidth fullwidth-box fusion-builder-row-1 fusion-flex-container nonhundred-percent-fullwidth non-hundred-percent-height-scrolling\" style=\"--awb-border-radius-top-left:0px;--awb-border-radius-top-right:0px;--awb-border-radius-bottom-right:0px;--awb-border-radius-bottom-left:0px;--awb-flex-wrap:wrap;\" ><div class=\"fusion-builder-row fusion-row fusion-flex-align-items-flex-start fusion-flex-content-wrap\" style=\"max-width:1144px;margin-left: calc(-4% \/ 2 );margin-right: calc(-4% \/ 2 );\"><div class=\"fusion-layout-column fusion_builder_column fusion-builder-column-0 fusion_builder_column_1_1 1_1 fusion-flex-column\" style=\"--awb-bg-size:cover;--awb-width-large:100%;--awb-margin-top-large:0px;--awb-spacing-right-large:1.92%;--awb-margin-bottom-large:20px;--awb-spacing-left-large:1.92%;--awb-width-medium:100%;--awb-spacing-right-medium:1.92%;--awb-spacing-left-medium:1.92%;--awb-width-small:100%;--awb-spacing-right-small:1.92%;--awb-spacing-left-small:1.92%;\"><div class=\"fusion-column-wrapper fusion-flex-justify-content-flex-start fusion-content-layout-column\"><div class=\"fusion-image-element \" style=\"--awb-caption-title-font-family:var(--h2_typography-font-family);--awb-caption-title-font-weight:var(--h2_typography-font-weight);--awb-caption-title-font-style:var(--h2_typography-font-style);--awb-caption-title-size:var(--h2_typography-font-size);--awb-caption-title-transform:var(--h2_typography-text-transform);--awb-caption-title-line-height:var(--h2_typography-line-height);--awb-caption-title-letter-spacing:var(--h2_typography-letter-spacing);\"><span class=\" fusion-imageframe imageframe-none imageframe-1 hover-type-none\"><img decoding=\"async\" width=\"2151\" height=\"1697\" title=\"standort-do-ils-anfahrt\" src=\"https:\/\/www.ils-forschung.de\/wp-content\/uploads\/2024\/06\/standort-do-ils-anfahrt.png\" alt class=\"img-responsive wp-image-38469\" srcset=\"https:\/\/www.ils-forschung.de\/wp-content\/uploads\/2024\/06\/standort-do-ils-anfahrt-200x158.png 200w, https:\/\/www.ils-forschung.de\/wp-content\/uploads\/2024\/06\/standort-do-ils-anfahrt-400x316.png 400w, https:\/\/www.ils-forschung.de\/wp-content\/uploads\/2024\/06\/standort-do-ils-anfahrt-600x473.png 600w, https:\/\/www.ils-forschung.de\/wp-content\/uploads\/2024\/06\/standort-do-ils-anfahrt-800x631.png 800w, https:\/\/www.ils-forschung.de\/wp-content\/uploads\/2024\/06\/standort-do-ils-anfahrt-1200x947.png 1200w, https:\/\/www.ils-forschung.de\/wp-content\/uploads\/2024\/06\/standort-do-ils-anfahrt.png 2151w\" sizes=\"(max-width: 1125px) 100vw, (max-width: 765px) 100vw, 1200px\" \/><\/span><\/div><div class=\"fusion-separator fusion-full-width-sep\" style=\"align-self: center;margin-left: auto;margin-right: auto;margin-top:25px;margin-bottom:25px;width:100%;\"><\/div><div class=\"fusion-builder-row fusion-builder-row-inner fusion-row fusion-flex-align-items-flex-start fusion-flex-content-wrap\" style=\"width:104% !important;max-width:104% !important;margin-left: calc(-4% \/ 2 );margin-right: calc(-4% \/ 2 );\"><div class=\"fusion-layout-column fusion_builder_column_inner fusion-builder-nested-column-0 fusion_builder_column_inner_2_3 2_3 fusion-flex-column\" style=\"--awb-bg-size:cover;--awb-width-large:66.6666666667%;--awb-margin-top-large:0px;--awb-spacing-right-large:2.88%;--awb-margin-bottom-large:20px;--awb-spacing-left-large:2.88%;--awb-width-medium:100%;--awb-spacing-right-medium:1.92%;--awb-spacing-left-medium:1.92%;--awb-width-small:100%;--awb-spacing-right-small:1.92%;--awb-spacing-left-small:1.92%;\"><div class=\"fusion-column-wrapper fusion-flex-justify-content-flex-start fusion-content-layout-column\"><div class=\"fusion-text fusion-text-1\"><p><strong>Institut f\u00fcr Landes- und Stadtentwicklungsforschung gGmbH<\/strong><br \/>\nBr\u00fcderweg 22\u201324<br \/>\nD-44135 Dortmund<\/p>\n<p>Phone: +49 (0)231 9051-0<br \/>\nFax: +49 (0)231 9051-155<br \/>\nE-Mail: <a href=\"mailto:poststelle@ils-research.de\">poststelle@ils-research.de<\/a><\/p>\n<\/div><\/div><\/div><div class=\"fusion-layout-column fusion_builder_column_inner fusion-builder-nested-column-1 fusion_builder_column_inner_1_3 1_3 fusion-flex-column\" style=\"--awb-bg-size:cover;--awb-width-large:33.3333333333%;--awb-margin-top-large:0px;--awb-spacing-right-large:5.76%;--awb-margin-bottom-large:20px;--awb-spacing-left-large:5.76%;--awb-width-medium:100%;--awb-spacing-right-medium:1.92%;--awb-spacing-left-medium:1.92%;--awb-width-small:100%;--awb-spacing-right-small:1.92%;--awb-spacing-left-small:1.92%;\"><div class=\"fusion-column-wrapper fusion-flex-justify-content-flex-start fusion-content-layout-column\"><div class=\"fusion-image-element \" style=\"--awb-caption-title-font-family:var(--h2_typography-font-family);--awb-caption-title-font-weight:var(--h2_typography-font-weight);--awb-caption-title-font-style:var(--h2_typography-font-style);--awb-caption-title-size:var(--h2_typography-font-size);--awb-caption-title-transform:var(--h2_typography-text-transform);--awb-caption-title-line-height:var(--h2_typography-line-height);--awb-caption-title-letter-spacing:var(--h2_typography-letter-spacing);\"><span class=\" fusion-imageframe imageframe-none imageframe-2 hover-type-none\" style=\"border:1px solid #666666;\"><a href=\"https:\/\/www.ils-forschung.de\/wp-content\/uploads\/2018\/12\/bruederweg_big.jpg\" class=\"fusion-lightbox\" data-rel=\"iLightbox[d791d0ed72c89e8daa5]\" data-caption=\"\" title=\"ils-fassade-2024-cedric-muller\"><img decoding=\"async\" width=\"1920\" height=\"1666\" src=\"https:\/\/www.ils-forschung.de\/wp-content\/uploads\/2024\/04\/ils-fassade-2024-cedric-muller.jpeg\" alt class=\"img-responsive wp-image-37417\" srcset=\"https:\/\/www.ils-forschung.de\/wp-content\/uploads\/2024\/04\/ils-fassade-2024-cedric-muller-200x174.jpeg 200w, https:\/\/www.ils-forschung.de\/wp-content\/uploads\/2024\/04\/ils-fassade-2024-cedric-muller-400x347.jpeg 400w, https:\/\/www.ils-forschung.de\/wp-content\/uploads\/2024\/04\/ils-fassade-2024-cedric-muller-600x521.jpeg 600w, https:\/\/www.ils-forschung.de\/wp-content\/uploads\/2024\/04\/ils-fassade-2024-cedric-muller-800x694.jpeg 800w, https:\/\/www.ils-forschung.de\/wp-content\/uploads\/2024\/04\/ils-fassade-2024-cedric-muller-1200x1041.jpeg 1200w, https:\/\/www.ils-forschung.de\/wp-content\/uploads\/2024\/04\/ils-fassade-2024-cedric-muller.jpeg 1920w\" sizes=\"(max-width: 1125px) 100vw, (max-width: 765px) 100vw, 400px\" \/><\/a><\/span><\/div><\/div><\/div><div class=\"fusion-layout-column fusion_builder_column_inner fusion-builder-nested-column-2 fusion_builder_column_inner_1_1 1_1 fusion-flex-column\" style=\"--awb-bg-size:cover;--awb-width-large:100%;--awb-margin-top-large:0px;--awb-spacing-right-large:1.92%;--awb-margin-bottom-large:20px;--awb-spacing-left-large:1.92%;--awb-width-medium:100%;--awb-spacing-right-medium:1.92%;--awb-spacing-left-medium:1.92%;--awb-width-small:100%;--awb-spacing-right-small:1.92%;--awb-spacing-left-small:1.92%;\"><div class=\"fusion-column-wrapper fusion-flex-justify-content-flex-start fusion-content-layout-column\"><div class=\"accordian fusion-accordian\" style=\"--awb-border-size:1px;--awb-icon-size:16px;--awb-content-font-size:16px;--awb-icon-alignment:left;--awb-hover-color:#f9f9f9;--awb-border-color:#cccccc;--awb-background-color:#ffffff;--awb-divider-color:#e0dede;--awb-divider-hover-color:#e0dede;--awb-icon-color:#ffffff;--awb-title-color:#000000;--awb-content-color:#000000;--awb-icon-box-color:var(--awb-custom10);--awb-toggle-hover-accent-color:var(--awb-custom10);--awb-title-font-family:&quot;Source Sans 3&quot;;--awb-title-font-weight:400;--awb-title-font-style:normal;--awb-title-font-size:16px;--awb-content-font-family:&quot;Source Sans 3&quot;;--awb-content-font-style:normal;--awb-content-font-weight:400;\"><div class=\"panel-group fusion-toggle-icon-boxed\" id=\"accordion-448-1\"><div class=\"fusion-panel panel-default panel-171eaaf37c7a47d0a fusion-toggle-has-divider\"><div class=\"panel-heading\"><h4 class=\"panel-title toggle\" id=\"toggle_171eaaf37c7a47d0a\"><a aria-expanded=\"false\" aria-controls=\"171eaaf37c7a47d0a\" role=\"button\" data-toggle=\"collapse\" data-parent=\"#accordion-448-1\" data-target=\"#171eaaf37c7a47d0a\" href=\"#171eaaf37c7a47d0a\"><span class=\"fusion-toggle-icon-wrapper\" aria-hidden=\"true\"><i class=\"fa-fusion-box active-icon awb-icon-minus\" aria-hidden=\"true\"><\/i><i class=\"fa-fusion-box inactive-icon awb-icon-plus\" aria-hidden=\"true\"><\/i><\/span><span class=\"fusion-toggle-heading\">Getting to the ILS, Dortmund office<\/span><\/a><\/h4><\/div><div id=\"171eaaf37c7a47d0a\" class=\"panel-collapse collapse \" aria-labelledby=\"toggle_171eaaf37c7a47d0a\"><div class=\"panel-body toggle-content fusion-clearfix\">\n<h3> By public transport: <\/h3>\n<p>From the main station (Dortmund Hauptbahnhof) take the underground lines U 41, 45, 47 or 49 until the next stop (Kampstra\u00dfe). Transfer to lines U 43 or 44 (direction Dortmund-Wickede \/ Westfalen-H\u00fctte) until the next stop (Reinoldikirche). The ILS is within 200 m distance on the left side of the Br\u00fcderweg.<\/p>\n<h3> By car: <\/h3>\n<p><strong>From the A1 motorway:<\/strong><br \/>\nIf approaching from the north, at motorway intersection Kamener Kreuz take the A2 in the direction of Oberhausen. Continue as described above under \u201efrom the A2 motorway\u201c.<br \/>\nIf approaching from the south, at the motorway intersection Westhofener Kreuz take the A 45 in the direction of Dortmund. Continue as described above under \u201efrom the A45 motorway approaching from the south\u201c.<\/p>\n<p><strong>From the A2 motorway:<\/strong><br \/>\nLeave the motorway at the intersection Dortmund-Nordost and proceed along the B236 in the direction of Dortmund \/ Schwerte. Take the first exit, following the sign for Dortmund-Eving (turn right into Walther-Kohlmann-Stra\u00dfe). Follow that street for approximately 6.5 km. On Wallring turn left on the Schwanenwall (B54). At the second junction with traffic lights turn right into Br\u00fcderweg. You can find the ILS-building after 60 meters on the right side.<\/p>\n<p><strong>From the A45 motorway:<\/strong><br \/>\nIf approaching from the south, take the motorway exit Dortmund-S\u00fcd and turn into B54 in the direction of Dortmund Innenstadt. After approximately 9 km at the Wallring turn right into the Ostwall (B54). At the 5th junction with traffic lights turn left into the Br\u00fcderweg. You can find the ILS-building after 60 m on the right side.<\/p>\n<p>If approaching from the north take the exit Dortmund-Hafen and turn into the Mallinkrodtstra\u00dfe in the direction of Dortmund-Innenstadt. After approximately 5.5 km at the junction with the Leopoldstra\u00dfe (B54) turn right. At Wallring turn left into the Burgwall (B54). At the fourth junction with traffic lights turn right into Br\u00fcderweg. You can find the ILS-building after 60 m on the right side.<\/p>\n<p><strong>From the A40\/B1 motorway:<\/strong><br \/>\nIf approaching from the west, at motorway intersection Do-West take the B54 in the direction of the Dortmund Innenstadt. At Wallring turn right into the Ostwall (B54). At the 5th junction with traffic lights turn left into the Br\u00fcderweg. You can find the ILS-building after 60 m on the right side.<\/p>\n<p>If approaching from the east take the motorway exit at M\u00e4rkische Stra\u00dfe in the direction of Dortmund Innenstadt. At Wallring turn right into Ostwall (B54). At the 5th junction with traffic lights turn left into the Br\u00fcderweg. You can find the ILS-building after 60 m on the right side.<\/div><\/div><\/div><\/div><\/div><\/div><\/div><\/div><\/div><\/div><\/div><\/div>\n","protected":false},"excerpt":{"rendered":"","protected":false},"author":14,"featured_media":29962,"parent":445,"menu_order":9,"comment_status":"closed","ping_status":"closed","template":"","meta":{"footnotes":""},"class_list":["post-448","page","type-page","status-publish","has-post-thumbnail","hentry"],"yoast_head":"<!-- This site is optimized with the Yoast SEO plugin v27.1.1 - https:\/\/yoast.com\/product\/yoast-seo-wordpress\/ -->\n<title>Contact \/ Location - ILS - Institut f\u00fcr Landes- und Stadtentwicklungsforschung<\/title>\n<meta name=\"robots\" content=\"index, follow, max-snippet:-1, max-image-preview:large, max-video-preview:-1\" \/>\n<link rel=\"canonical\" href=\"https:\/\/www.ils-forschung.de\/en\/the-ils\/location\/\" \/>\n<meta property=\"og:locale\" content=\"en_US\" \/>\n<meta property=\"og:type\" content=\"article\" \/>\n<meta property=\"og:title\" content=\"Contact \/ Location - ILS - Institut f\u00fcr Landes- und Stadtentwicklungsforschung\" \/>\n<meta property=\"og:url\" content=\"https:\/\/www.ils-forschung.de\/en\/the-ils\/location\/\" \/>\n<meta property=\"og:site_name\" content=\"ILS - Institut f\u00fcr Landes- und Stadtentwicklungsforschung\" \/>\n<meta property=\"article:modified_time\" content=\"2024-06-17T09:22:26+00:00\" \/>\n<meta property=\"og:image\" content=\"https:\/\/www.ils-forschung.de\/wp-content\/uploads\/2023\/04\/ils-social-share-logo.jpg\" \/>\n\t<meta property=\"og:image:width\" content=\"1200\" \/>\n\t<meta property=\"og:image:height\" content=\"630\" \/>\n\t<meta property=\"og:image:type\" content=\"image\/jpeg\" \/>\n<meta name=\"twitter:card\" content=\"summary_large_image\" \/>\n<meta name=\"twitter:site\" content=\"@ILS_forschung\" \/>\n<meta name=\"twitter:label1\" content=\"Est. reading time\" \/>\n\t<meta name=\"twitter:data1\" content=\"5 minutes\" \/>\n<script type=\"application\/ld+json\" class=\"yoast-schema-graph\">{\"@context\":\"https:\/\/schema.org\",\"@graph\":[{\"@type\":\"WebPage\",\"@id\":\"https:\/\/www.ils-forschung.de\/en\/the-ils\/location\/\",\"url\":\"https:\/\/www.ils-forschung.de\/en\/the-ils\/location\/\",\"name\":\"Contact \/ Location - ILS - Institut f\u00fcr Landes- und Stadtentwicklungsforschung\",\"isPartOf\":{\"@id\":\"https:\/\/www.ils-forschung.de\/en\/#website\"},\"primaryImageOfPage\":{\"@id\":\"https:\/\/www.ils-forschung.de\/en\/the-ils\/location\/#primaryimage\"},\"image\":{\"@id\":\"https:\/\/www.ils-forschung.de\/en\/the-ils\/location\/#primaryimage\"},\"thumbnailUrl\":\"https:\/\/www.ils-forschung.de\/wp-content\/uploads\/2023\/04\/ils-social-share-logo.jpg\",\"datePublished\":\"2018-06-27T07:46:07+00:00\",\"dateModified\":\"2024-06-17T09:22:26+00:00\",\"breadcrumb\":{\"@id\":\"https:\/\/www.ils-forschung.de\/en\/the-ils\/location\/#breadcrumb\"},\"inLanguage\":\"en-US\",\"potentialAction\":[{\"@type\":\"ReadAction\",\"target\":[\"https:\/\/www.ils-forschung.de\/en\/the-ils\/location\/\"]}]},{\"@type\":\"ImageObject\",\"inLanguage\":\"en-US\",\"@id\":\"https:\/\/www.ils-forschung.de\/en\/the-ils\/location\/#primaryimage\",\"url\":\"https:\/\/www.ils-forschung.de\/wp-content\/uploads\/2023\/04\/ils-social-share-logo.jpg\",\"contentUrl\":\"https:\/\/www.ils-forschung.de\/wp-content\/uploads\/2023\/04\/ils-social-share-logo.jpg\",\"width\":1200,\"height\":630},{\"@type\":\"BreadcrumbList\",\"@id\":\"https:\/\/www.ils-forschung.de\/en\/the-ils\/location\/#breadcrumb\",\"itemListElement\":[{\"@type\":\"ListItem\",\"position\":1,\"name\":\"Home\",\"item\":\"https:\/\/www.ils-forschung.de\/en\/\"},{\"@type\":\"ListItem\",\"position\":2,\"name\":\"The ILS\",\"item\":\"https:\/\/www.ils-forschung.de\/en\/the-ils\/\"},{\"@type\":\"ListItem\",\"position\":3,\"name\":\"Contact \/ Location\"}]},{\"@type\":\"WebSite\",\"@id\":\"https:\/\/www.ils-forschung.de\/en\/#website\",\"url\":\"https:\/\/www.ils-forschung.de\/en\/\",\"name\":\"ILS - Institut f\u00fcr Landes- und Stadtentwicklungsforschung\",\"description\":\"Das ILS \u2013 Institut f\u00fcr Landes- und Stadtentwicklungsforschung ist ein raumwissenschaftliches au\u00dferuniversit\u00e4res Forschungsinstitut mit Sitz in Dortmund.\",\"potentialAction\":[{\"@type\":\"SearchAction\",\"target\":{\"@type\":\"EntryPoint\",\"urlTemplate\":\"https:\/\/www.ils-forschung.de\/en\/?s={search_term_string}\"},\"query-input\":{\"@type\":\"PropertyValueSpecification\",\"valueRequired\":true,\"valueName\":\"search_term_string\"}}],\"inLanguage\":\"en-US\"}]}<\/script>\n<!-- \/ Yoast SEO plugin. -->","yoast_head_json":{"title":"Contact \/ Location - ILS - Institut f\u00fcr Landes- und Stadtentwicklungsforschung","robots":{"index":"index","follow":"follow","max-snippet":"max-snippet:-1","max-image-preview":"max-image-preview:large","max-video-preview":"max-video-preview:-1"},"canonical":"https:\/\/www.ils-forschung.de\/en\/the-ils\/location\/","og_locale":"en_US","og_type":"article","og_title":"Contact \/ Location - ILS - Institut f\u00fcr Landes- und Stadtentwicklungsforschung","og_url":"https:\/\/www.ils-forschung.de\/en\/the-ils\/location\/","og_site_name":"ILS - Institut f\u00fcr Landes- und Stadtentwicklungsforschung","article_modified_time":"2024-06-17T09:22:26+00:00","og_image":[{"width":1200,"height":630,"url":"https:\/\/www.ils-forschung.de\/wp-content\/uploads\/2023\/04\/ils-social-share-logo.jpg","type":"image\/jpeg"}],"twitter_card":"summary_large_image","twitter_site":"@ILS_forschung","twitter_misc":{"Est. reading time":"5 minutes"},"schema":{"@context":"https:\/\/schema.org","@graph":[{"@type":"WebPage","@id":"https:\/\/www.ils-forschung.de\/en\/the-ils\/location\/","url":"https:\/\/www.ils-forschung.de\/en\/the-ils\/location\/","name":"Contact \/ Location - ILS - Institut f\u00fcr Landes- und Stadtentwicklungsforschung","isPartOf":{"@id":"https:\/\/www.ils-forschung.de\/en\/#website"},"primaryImageOfPage":{"@id":"https:\/\/www.ils-forschung.de\/en\/the-ils\/location\/#primaryimage"},"image":{"@id":"https:\/\/www.ils-forschung.de\/en\/the-ils\/location\/#primaryimage"},"thumbnailUrl":"https:\/\/www.ils-forschung.de\/wp-content\/uploads\/2023\/04\/ils-social-share-logo.jpg","datePublished":"2018-06-27T07:46:07+00:00","dateModified":"2024-06-17T09:22:26+00:00","breadcrumb":{"@id":"https:\/\/www.ils-forschung.de\/en\/the-ils\/location\/#breadcrumb"},"inLanguage":"en-US","potentialAction":[{"@type":"ReadAction","target":["https:\/\/www.ils-forschung.de\/en\/the-ils\/location\/"]}]},{"@type":"ImageObject","inLanguage":"en-US","@id":"https:\/\/www.ils-forschung.de\/en\/the-ils\/location\/#primaryimage","url":"https:\/\/www.ils-forschung.de\/wp-content\/uploads\/2023\/04\/ils-social-share-logo.jpg","contentUrl":"https:\/\/www.ils-forschung.de\/wp-content\/uploads\/2023\/04\/ils-social-share-logo.jpg","width":1200,"height":630},{"@type":"BreadcrumbList","@id":"https:\/\/www.ils-forschung.de\/en\/the-ils\/location\/#breadcrumb","itemListElement":[{"@type":"ListItem","position":1,"name":"Home","item":"https:\/\/www.ils-forschung.de\/en\/"},{"@type":"ListItem","position":2,"name":"The ILS","item":"https:\/\/www.ils-forschung.de\/en\/the-ils\/"},{"@type":"ListItem","position":3,"name":"Contact \/ Location"}]},{"@type":"WebSite","@id":"https:\/\/www.ils-forschung.de\/en\/#website","url":"https:\/\/www.ils-forschung.de\/en\/","name":"ILS - Institut f\u00fcr Landes- und Stadtentwicklungsforschung","description":"Das ILS \u2013 Institut f\u00fcr Landes- und Stadtentwicklungsforschung ist ein raumwissenschaftliches au\u00dferuniversit\u00e4res Forschungsinstitut mit Sitz in Dortmund.","potentialAction":[{"@type":"SearchAction","target":{"@type":"EntryPoint","urlTemplate":"https:\/\/www.ils-forschung.de\/en\/?s={search_term_string}"},"query-input":{"@type":"PropertyValueSpecification","valueRequired":true,"valueName":"search_term_string"}}],"inLanguage":"en-US"}]}},"_links":{"self":[{"href":"https:\/\/www.ils-forschung.de\/en\/wp-json\/wp\/v2\/pages\/448","targetHints":{"allow":["GET"]}}],"collection":[{"href":"https:\/\/www.ils-forschung.de\/en\/wp-json\/wp\/v2\/pages"}],"about":[{"href":"https:\/\/www.ils-forschung.de\/en\/wp-json\/wp\/v2\/types\/page"}],"author":[{"embeddable":true,"href":"https:\/\/www.ils-forschung.de\/en\/wp-json\/wp\/v2\/users\/14"}],"replies":[{"embeddable":true,"href":"https:\/\/www.ils-forschung.de\/en\/wp-json\/wp\/v2\/comments?post=448"}],"version-history":[{"count":3,"href":"https:\/\/www.ils-forschung.de\/en\/wp-json\/wp\/v2\/pages\/448\/revisions"}],"predecessor-version":[{"id":38473,"href":"https:\/\/www.ils-forschung.de\/en\/wp-json\/wp\/v2\/pages\/448\/revisions\/38473"}],"up":[{"embeddable":true,"href":"https:\/\/www.ils-forschung.de\/en\/wp-json\/wp\/v2\/pages\/445"}],"wp:featuredmedia":[{"embeddable":true,"href":"https:\/\/www.ils-forschung.de\/en\/wp-json\/wp\/v2\/media\/29962"}],"wp:attachment":[{"href":"https:\/\/www.ils-forschung.de\/en\/wp-json\/wp\/v2\/media?parent=448"}],"curies":[{"name":"wp","href":"https:\/\/api.w.org\/{rel}","templated":true}]}}