{"id":4295,"date":"2019-05-23T13:16:32","date_gmt":"2019-05-23T11:16:32","guid":{"rendered":"https:\/\/www.ils-forschung.de\/ungleiches-deutschland\/"},"modified":"2025-11-20T14:25:54","modified_gmt":"2025-11-20T13:25:54","slug":"ungleiches-deutschland-2","status":"publish","type":"page","link":"https:\/\/www.ils-forschung.de\/en\/ungleiches-deutschland-2\/","title":{"rendered":"Ungleiches Deutschland"},"content":{"rendered":"<div class=\"fusion-fullwidth fullwidth-box fusion-builder-row-1 fusion-flex-container nonhundred-percent-fullwidth non-hundred-percent-height-scrolling\" style=\"--awb-border-radius-top-left:0px;--awb-border-radius-top-right:0px;--awb-border-radius-bottom-right:0px;--awb-border-radius-bottom-left:0px;--awb-flex-wrap:wrap;\" ><div class=\"fusion-builder-row fusion-row fusion-flex-align-items-flex-start fusion-flex-content-wrap\" style=\"max-width:1144px;margin-left: calc(-4% \/ 2 );margin-right: calc(-4% \/ 2 );\"><div class=\"fusion-layout-column fusion_builder_column fusion-builder-column-0 fusion_builder_column_1_1 1_1 fusion-flex-column\" style=\"--awb-bg-size:cover;--awb-width-large:100%;--awb-margin-top-large:0px;--awb-spacing-right-large:1.92%;--awb-margin-bottom-large:20px;--awb-spacing-left-large:1.92%;--awb-width-medium:100%;--awb-spacing-right-medium:1.92%;--awb-spacing-left-medium:1.92%;--awb-width-small:100%;--awb-spacing-right-small:1.92%;--awb-spacing-left-small:1.92%;\"><div class=\"fusion-column-wrapper fusion-flex-justify-content-flex-start fusion-content-layout-column\"><div class=\"fusion-text fusion-text-1\"><div style=\"font-size: 13px;\"><strong>ILS erstellt wissenschaftliches Gutachten f\u00fcr Studie Ungleiches Deutschland 2019<\/strong><\/div>\n<p><img decoding=\"async\" class=\"aligncenter size-full wp-image-3832\" src=\"https:\/\/www.ils-forschung.de\/wp-content\/uploads\/2019\/05\/ungleiches-deutschland-studie.jpg\" alt=\"\" width=\"1000\" height=\"1515\" srcset=\"https:\/\/www.ils-forschung.de\/wp-content\/uploads\/2019\/05\/ungleiches-deutschland-studie-198x300.jpg 198w, https:\/\/www.ils-forschung.de\/wp-content\/uploads\/2019\/05\/ungleiches-deutschland-studie-200x303.jpg 200w, https:\/\/www.ils-forschung.de\/wp-content\/uploads\/2019\/05\/ungleiches-deutschland-studie-400x606.jpg 400w, https:\/\/www.ils-forschung.de\/wp-content\/uploads\/2019\/05\/ungleiches-deutschland-studie-600x909.jpg 600w, https:\/\/www.ils-forschung.de\/wp-content\/uploads\/2019\/05\/ungleiches-deutschland-studie-676x1024.jpg 676w, https:\/\/www.ils-forschung.de\/wp-content\/uploads\/2019\/05\/ungleiches-deutschland-studie-768x1164.jpg 768w, https:\/\/www.ils-forschung.de\/wp-content\/uploads\/2019\/05\/ungleiches-deutschland-studie-800x1212.jpg 800w, https:\/\/www.ils-forschung.de\/wp-content\/uploads\/2019\/05\/ungleiches-deutschland-studie.jpg 1000w\" sizes=\"(max-width: 1000px) 100vw, 1000px\" \/><\/p>\n<p><strong>Eine Karte der Ungleichheit.<\/strong> Wo man wie in Deutschland lebt \u2013 die Disparit\u00e4tenkarte gibt einen ersten \u00dcberblick (\u00a9 ILS)<\/p>\n<p>Ein Land, in dem die Lebensbedingungen zunehmend auseinanderdriften und die Politik mit Nachdruck aufgefordert wird, dem im Grundgesetz verankerten Auftrag zur F\u00f6rderung gleichwertiger Lebensverh\u00e4ltnisse mit wirksamen Mitteln nachzukommen \u2013 so lassen sich die Ergebnisse der Studie \u201eUngleiches-Deutschland 2019&#8243; zusammenfassen, die Ende April von der Friedrich-Ebert-Stiftung ver\u00f6ffentlicht wurde. Das Institut f\u00fcr Landes- und Stadtentwicklungsforschung (ILS) erstellte das wissenschaftliche Gutachten zur Studie.<\/p>\n<p>Das ILS hat eine webbasierte, <a href=\"https:\/\/www.fes.de\/ungleiches-deutschland\/\" target=\"_blank\" rel=\"noopener noreferrer\">interaktive Karte<\/a> entwickelt, in der Nutzerinnen und Nutzer in ihren Kreis oder ihre kreisfreie Stadt zoomen k\u00f6nnen und so die jeweiligen Ergebnisse sehen.<\/p>\n<p><strong>Weitere Informationen: <\/strong><\/p>\n<ul>\n<li><a href=\"https:\/\/www.fes.de\/ungleiches-deutschland\/ungleiches-deutschland-2019\" target=\"_blank\" rel=\"noopener noreferrer\">Wissenschaftliches Gutachten: Ungleiches Deutschland &#8211; Sozio\u00f6konomischer Disparit\u00e4tenbericht 2019 &#8211; Hintergr\u00fcnde zu Trends, Indikatoren, Analyse<\/a><\/li>\n<\/ul>\n<ul>\n<li><a href=\"https:\/\/www.ils-forschung.de\/wp-content\/uploads\/2019\/05\/ils-pressemitteilung-1-19-studie-ungleiches-deutschland-2019.pdf\" target=\"_blank\" rel=\"noopener noreferrer\">ILS-Pressemitteilung zur Ver\u00f6ffentlichung der Studie<\/a><\/li>\n<\/ul>\n<ul>\n<li><a href=\"https:\/\/www.ils-forschung.de\/wp-content\/uploads\/2019\/05\/disparitaetenkarte.png\" target=\"_blank\" rel=\"noopener noreferrer\">Disparit\u00e4tenkarte als Download f\u00fcr redaktionelle Zwecke<\/a><\/li>\n<\/ul>\n<\/div><div class=\"fusion-separator fusion-full-width-sep\" style=\"align-self: center;margin-left: auto;margin-right: auto;margin-top:10px;margin-bottom:10px;width:100%;\"><\/div><div class=\"fusion-text fusion-text-2\"><h3>Kontakt<\/h3>\n<ul>\n<li>Theresa von Bischopink<br \/>\nVerantwortliche f\u00fcr Presse- und \u00d6ffentlichkeitsarbeit<br \/>\nTelefon: +49 (0)231 9051-131<br \/>\nE-Mail: <a href=\"mailto:theresa.vonbischopink@ils-forschung.de\">theresa.vonbischopink@ils-forschung.de<\/a><\/li>\n<\/ul>\n<ul>\n<li>Prof. Dr. Stefan Fina<br \/>\nProjektleiter<br \/>\nTelefon: +49 (0) 231 9051-236<br \/>\nE-Mail: <a href=\"mailto:stefan.fina@ils-forschung.de\">stefan.fina@ils-forschung.de<\/a><\/li>\n<\/ul>\n<\/div><\/div><\/div><\/div><\/div>\n","protected":false},"excerpt":{"rendered":"","protected":false},"author":14,"featured_media":29962,"parent":0,"menu_order":15,"comment_status":"closed","ping_status":"closed","template":"","meta":{"footnotes":""},"class_list":["post-4295","page","type-page","status-publish","has-post-thumbnail","hentry"],"yoast_head":"<!-- This site is optimized with the Yoast SEO plugin v27.1.1 - https:\/\/yoast.com\/product\/yoast-seo-wordpress\/ -->\n<title>Ungleiches Deutschland - ILS - Institut f\u00fcr Landes- und Stadtentwicklungsforschung<\/title>\n<meta name=\"robots\" content=\"index, follow, max-snippet:-1, max-image-preview:large, max-video-preview:-1\" \/>\n<link rel=\"canonical\" href=\"https:\/\/www.ils-forschung.de\/en\/ungleiches-deutschland-2\/\" \/>\n<meta property=\"og:locale\" content=\"en_US\" \/>\n<meta property=\"og:type\" content=\"article\" \/>\n<meta property=\"og:title\" content=\"Ungleiches Deutschland - ILS - Institut f\u00fcr Landes- und Stadtentwicklungsforschung\" \/>\n<meta property=\"og:url\" content=\"https:\/\/www.ils-forschung.de\/en\/ungleiches-deutschland-2\/\" \/>\n<meta property=\"og:site_name\" content=\"ILS - Institut f\u00fcr Landes- und Stadtentwicklungsforschung\" \/>\n<meta property=\"article:modified_time\" content=\"2025-11-20T13:25:54+00:00\" \/>\n<meta property=\"og:image\" content=\"https:\/\/www.ils-forschung.de\/wp-content\/uploads\/2023\/04\/ils-social-share-logo.jpg\" \/>\n\t<meta property=\"og:image:width\" content=\"1200\" \/>\n\t<meta property=\"og:image:height\" content=\"630\" \/>\n\t<meta property=\"og:image:type\" content=\"image\/jpeg\" \/>\n<meta name=\"twitter:card\" content=\"summary_large_image\" \/>\n<meta name=\"twitter:site\" content=\"@ILS_forschung\" \/>\n<meta name=\"twitter:label1\" content=\"Est. reading time\" \/>\n\t<meta name=\"twitter:data1\" content=\"4 minutes\" \/>\n<script type=\"application\/ld+json\" class=\"yoast-schema-graph\">{\"@context\":\"https:\/\/schema.org\",\"@graph\":[{\"@type\":\"WebPage\",\"@id\":\"https:\/\/www.ils-forschung.de\/en\/ungleiches-deutschland-2\/\",\"url\":\"https:\/\/www.ils-forschung.de\/en\/ungleiches-deutschland-2\/\",\"name\":\"Ungleiches Deutschland - ILS - Institut f\u00fcr Landes- und Stadtentwicklungsforschung\",\"isPartOf\":{\"@id\":\"https:\/\/www.ils-forschung.de\/en\/#website\"},\"primaryImageOfPage\":{\"@id\":\"https:\/\/www.ils-forschung.de\/en\/ungleiches-deutschland-2\/#primaryimage\"},\"image\":{\"@id\":\"https:\/\/www.ils-forschung.de\/en\/ungleiches-deutschland-2\/#primaryimage\"},\"thumbnailUrl\":\"https:\/\/www.ils-forschung.de\/wp-content\/uploads\/2023\/04\/ils-social-share-logo.jpg\",\"datePublished\":\"2019-05-23T11:16:32+00:00\",\"dateModified\":\"2025-11-20T13:25:54+00:00\",\"breadcrumb\":{\"@id\":\"https:\/\/www.ils-forschung.de\/en\/ungleiches-deutschland-2\/#breadcrumb\"},\"inLanguage\":\"en-US\",\"potentialAction\":[{\"@type\":\"ReadAction\",\"target\":[\"https:\/\/www.ils-forschung.de\/en\/ungleiches-deutschland-2\/\"]}]},{\"@type\":\"ImageObject\",\"inLanguage\":\"en-US\",\"@id\":\"https:\/\/www.ils-forschung.de\/en\/ungleiches-deutschland-2\/#primaryimage\",\"url\":\"https:\/\/www.ils-forschung.de\/wp-content\/uploads\/2023\/04\/ils-social-share-logo.jpg\",\"contentUrl\":\"https:\/\/www.ils-forschung.de\/wp-content\/uploads\/2023\/04\/ils-social-share-logo.jpg\",\"width\":1200,\"height\":630},{\"@type\":\"BreadcrumbList\",\"@id\":\"https:\/\/www.ils-forschung.de\/en\/ungleiches-deutschland-2\/#breadcrumb\",\"itemListElement\":[{\"@type\":\"ListItem\",\"position\":1,\"name\":\"Home\",\"item\":\"https:\/\/www.ils-forschung.de\/en\/\"},{\"@type\":\"ListItem\",\"position\":2,\"name\":\"Ungleiches Deutschland\"}]},{\"@type\":\"WebSite\",\"@id\":\"https:\/\/www.ils-forschung.de\/en\/#website\",\"url\":\"https:\/\/www.ils-forschung.de\/en\/\",\"name\":\"ILS - Institut f\u00fcr Landes- und Stadtentwicklungsforschung\",\"description\":\"Das ILS \u2013 Institut f\u00fcr Landes- und Stadtentwicklungsforschung ist ein raumwissenschaftliches au\u00dferuniversit\u00e4res Forschungsinstitut mit Sitz in Dortmund.\",\"potentialAction\":[{\"@type\":\"SearchAction\",\"target\":{\"@type\":\"EntryPoint\",\"urlTemplate\":\"https:\/\/www.ils-forschung.de\/en\/?s={search_term_string}\"},\"query-input\":{\"@type\":\"PropertyValueSpecification\",\"valueRequired\":true,\"valueName\":\"search_term_string\"}}],\"inLanguage\":\"en-US\"}]}<\/script>\n<!-- \/ Yoast SEO plugin. -->","yoast_head_json":{"title":"Ungleiches Deutschland - ILS - Institut f\u00fcr Landes- und Stadtentwicklungsforschung","robots":{"index":"index","follow":"follow","max-snippet":"max-snippet:-1","max-image-preview":"max-image-preview:large","max-video-preview":"max-video-preview:-1"},"canonical":"https:\/\/www.ils-forschung.de\/en\/ungleiches-deutschland-2\/","og_locale":"en_US","og_type":"article","og_title":"Ungleiches Deutschland - ILS - Institut f\u00fcr Landes- und Stadtentwicklungsforschung","og_url":"https:\/\/www.ils-forschung.de\/en\/ungleiches-deutschland-2\/","og_site_name":"ILS - Institut f\u00fcr Landes- und Stadtentwicklungsforschung","article_modified_time":"2025-11-20T13:25:54+00:00","og_image":[{"width":1200,"height":630,"url":"https:\/\/www.ils-forschung.de\/wp-content\/uploads\/2023\/04\/ils-social-share-logo.jpg","type":"image\/jpeg"}],"twitter_card":"summary_large_image","twitter_site":"@ILS_forschung","twitter_misc":{"Est. reading time":"4 minutes"},"schema":{"@context":"https:\/\/schema.org","@graph":[{"@type":"WebPage","@id":"https:\/\/www.ils-forschung.de\/en\/ungleiches-deutschland-2\/","url":"https:\/\/www.ils-forschung.de\/en\/ungleiches-deutschland-2\/","name":"Ungleiches Deutschland - ILS - Institut f\u00fcr Landes- und Stadtentwicklungsforschung","isPartOf":{"@id":"https:\/\/www.ils-forschung.de\/en\/#website"},"primaryImageOfPage":{"@id":"https:\/\/www.ils-forschung.de\/en\/ungleiches-deutschland-2\/#primaryimage"},"image":{"@id":"https:\/\/www.ils-forschung.de\/en\/ungleiches-deutschland-2\/#primaryimage"},"thumbnailUrl":"https:\/\/www.ils-forschung.de\/wp-content\/uploads\/2023\/04\/ils-social-share-logo.jpg","datePublished":"2019-05-23T11:16:32+00:00","dateModified":"2025-11-20T13:25:54+00:00","breadcrumb":{"@id":"https:\/\/www.ils-forschung.de\/en\/ungleiches-deutschland-2\/#breadcrumb"},"inLanguage":"en-US","potentialAction":[{"@type":"ReadAction","target":["https:\/\/www.ils-forschung.de\/en\/ungleiches-deutschland-2\/"]}]},{"@type":"ImageObject","inLanguage":"en-US","@id":"https:\/\/www.ils-forschung.de\/en\/ungleiches-deutschland-2\/#primaryimage","url":"https:\/\/www.ils-forschung.de\/wp-content\/uploads\/2023\/04\/ils-social-share-logo.jpg","contentUrl":"https:\/\/www.ils-forschung.de\/wp-content\/uploads\/2023\/04\/ils-social-share-logo.jpg","width":1200,"height":630},{"@type":"BreadcrumbList","@id":"https:\/\/www.ils-forschung.de\/en\/ungleiches-deutschland-2\/#breadcrumb","itemListElement":[{"@type":"ListItem","position":1,"name":"Home","item":"https:\/\/www.ils-forschung.de\/en\/"},{"@type":"ListItem","position":2,"name":"Ungleiches Deutschland"}]},{"@type":"WebSite","@id":"https:\/\/www.ils-forschung.de\/en\/#website","url":"https:\/\/www.ils-forschung.de\/en\/","name":"ILS - Institut f\u00fcr Landes- und Stadtentwicklungsforschung","description":"Das ILS \u2013 Institut f\u00fcr Landes- und Stadtentwicklungsforschung ist ein raumwissenschaftliches au\u00dferuniversit\u00e4res Forschungsinstitut mit Sitz in Dortmund.","potentialAction":[{"@type":"SearchAction","target":{"@type":"EntryPoint","urlTemplate":"https:\/\/www.ils-forschung.de\/en\/?s={search_term_string}"},"query-input":{"@type":"PropertyValueSpecification","valueRequired":true,"valueName":"search_term_string"}}],"inLanguage":"en-US"}]}},"_links":{"self":[{"href":"https:\/\/www.ils-forschung.de\/en\/wp-json\/wp\/v2\/pages\/4295","targetHints":{"allow":["GET"]}}],"collection":[{"href":"https:\/\/www.ils-forschung.de\/en\/wp-json\/wp\/v2\/pages"}],"about":[{"href":"https:\/\/www.ils-forschung.de\/en\/wp-json\/wp\/v2\/types\/page"}],"author":[{"embeddable":true,"href":"https:\/\/www.ils-forschung.de\/en\/wp-json\/wp\/v2\/users\/14"}],"replies":[{"embeddable":true,"href":"https:\/\/www.ils-forschung.de\/en\/wp-json\/wp\/v2\/comments?post=4295"}],"version-history":[{"count":1,"href":"https:\/\/www.ils-forschung.de\/en\/wp-json\/wp\/v2\/pages\/4295\/revisions"}],"predecessor-version":[{"id":53171,"href":"https:\/\/www.ils-forschung.de\/en\/wp-json\/wp\/v2\/pages\/4295\/revisions\/53171"}],"wp:featuredmedia":[{"embeddable":true,"href":"https:\/\/www.ils-forschung.de\/en\/wp-json\/wp\/v2\/media\/29962"}],"wp:attachment":[{"href":"https:\/\/www.ils-forschung.de\/en\/wp-json\/wp\/v2\/media?parent=4295"}],"curies":[{"name":"wp","href":"https:\/\/api.w.org\/{rel}","templated":true}]}}