{"id":40789,"date":"2024-10-22T12:06:39","date_gmt":"2024-10-22T10:06:39","guid":{"rendered":"https:\/\/www.ils-forschung.de\/the-ils\/ils-staff\/moonga-lizzy\/"},"modified":"2026-02-13T23:56:09","modified_gmt":"2026-02-13T22:56:09","slug":"moonga-lizzy","status":"publish","type":"page","link":"https:\/\/www.ils-forschung.de\/en\/the-ils\/ils-staff\/moonga-lizzy\/","title":{"rendered":"Lizzy Moonga, Environment and Human Security (M.Sc.)"},"content":{"rendered":"<div class=\"fusion-fullwidth fullwidth-box fusion-builder-row-1 fusion-flex-container nonhundred-percent-fullwidth non-hundred-percent-height-scrolling\" style=\"--awb-border-radius-top-left:0px;--awb-border-radius-top-right:0px;--awb-border-radius-bottom-right:0px;--awb-border-radius-bottom-left:0px;--awb-flex-wrap:wrap;\" ><div class=\"fusion-builder-row fusion-row fusion-flex-align-items-flex-start fusion-flex-content-wrap\" style=\"max-width:1144px;margin-left: calc(-4% \/ 2 );margin-right: calc(-4% \/ 2 );\"><div class=\"fusion-layout-column fusion_builder_column fusion-builder-column-0 fusion_builder_column_1_1 1_1 fusion-flex-column\" style=\"--awb-bg-size:cover;--awb-width-large:100%;--awb-margin-top-large:0px;--awb-spacing-right-large:1.92%;--awb-margin-bottom-large:20px;--awb-spacing-left-large:1.92%;--awb-width-medium:100%;--awb-spacing-right-medium:1.92%;--awb-spacing-left-medium:1.92%;--awb-width-small:100%;--awb-spacing-right-small:1.92%;--awb-spacing-left-small:1.92%;\"><div class=\"fusion-column-wrapper fusion-flex-justify-content-flex-start fusion-content-layout-column\"><div class=\"fusion-builder-row fusion-builder-row-inner fusion-row fusion-flex-align-items-flex-start fusion-flex-content-wrap\" style=\"width:104% !important;max-width:104% !important;margin-left: calc(-4% \/ 2 );margin-right: calc(-4% \/ 2 );\"><div class=\"fusion-layout-column fusion_builder_column_inner fusion-builder-nested-column-0 fusion_builder_column_inner_1_4 1_4 fusion-flex-column\" style=\"--awb-bg-size:cover;--awb-width-large:25%;--awb-margin-top-large:0px;--awb-spacing-right-large:7.68%;--awb-margin-bottom-large:20px;--awb-spacing-left-large:7.68%;--awb-width-medium:100%;--awb-spacing-right-medium:1.92%;--awb-spacing-left-medium:1.92%;--awb-width-small:100%;--awb-spacing-right-small:1.92%;--awb-spacing-left-small:1.92%;\"><div class=\"fusion-column-wrapper fusion-flex-justify-content-flex-start fusion-content-layout-column\"><div class=\"fusion-image-element \" style=\"--awb-caption-title-font-family:var(--h2_typography-font-family);--awb-caption-title-font-weight:var(--h2_typography-font-weight);--awb-caption-title-font-style:var(--h2_typography-font-style);--awb-caption-title-size:var(--h2_typography-font-size);--awb-caption-title-transform:var(--h2_typography-text-transform);--awb-caption-title-line-height:var(--h2_typography-line-height);--awb-caption-title-letter-spacing:var(--h2_typography-letter-spacing);\"><span class=\" fusion-imageframe imageframe-none imageframe-1 hover-type-none\"><img decoding=\"async\" width=\"1000\" height=\"1500\" title=\"lizzy-moonga\" src=\"https:\/\/www.ils-forschung.de\/wp-content\/uploads\/2024\/10\/lizzy-moonga.jpg\" alt class=\"img-responsive wp-image-40784\" srcset=\"https:\/\/www.ils-forschung.de\/wp-content\/uploads\/2024\/10\/lizzy-moonga-200x300.jpg 200w, https:\/\/www.ils-forschung.de\/wp-content\/uploads\/2024\/10\/lizzy-moonga-400x600.jpg 400w, https:\/\/www.ils-forschung.de\/wp-content\/uploads\/2024\/10\/lizzy-moonga-600x900.jpg 600w, https:\/\/www.ils-forschung.de\/wp-content\/uploads\/2024\/10\/lizzy-moonga-800x1200.jpg 800w, https:\/\/www.ils-forschung.de\/wp-content\/uploads\/2024\/10\/lizzy-moonga.jpg 1000w\" sizes=\"(max-width: 1125px) 100vw, (max-width: 765px) 100vw, 400px\" \/><\/span><\/div><\/div><\/div><div class=\"fusion-layout-column fusion_builder_column_inner fusion-builder-nested-column-1 fusion_builder_column_inner_3_4 3_4 fusion-flex-column\" style=\"--awb-bg-size:cover;--awb-width-large:75%;--awb-margin-top-large:0px;--awb-spacing-right-large:2.56%;--awb-margin-bottom-large:20px;--awb-spacing-left-large:2.56%;--awb-width-medium:100%;--awb-spacing-right-medium:1.92%;--awb-spacing-left-medium:1.92%;--awb-width-small:100%;--awb-spacing-right-small:1.92%;--awb-spacing-left-small:1.92%;\"><div class=\"fusion-column-wrapper fusion-flex-justify-content-flex-start fusion-content-layout-column\"><div class=\"fusion-text fusion-text-1\"><p>Graduate of the joint Master&#8217;s program of the University of Bonn and the United Nations University \u201cGeography of Environmental Risks and Human Security\u201d. Research stays in Tanzania.<\/p>\n<p><strong>Research interests:<\/strong><\/p>\n<ul>\n<li>Vulnerability and environmental risk assessment<\/li>\n<li>Nature based solutions for disaster risk reduction and climate change adaptation<\/li>\n<li>Food security and food systems resilience<\/li>\n<li>Urban and regional land use and land use change planning<\/li>\n<\/ul>\n<\/div><div class=\"fusion-text fusion-text-2\"><p><strong>Contact:<\/strong><br \/>\nPhone: + 49 (0) 231 9051-270<br \/>\nE-Mail: <a href=\"mailto:lizzy.moonga@ils-research.de\">lizzy.moonga@ils-research.de<\/a><\/p>\n<\/div><\/div><\/div><\/div><div class=\"fusion-separator fusion-full-width-sep\" style=\"align-self: center;margin-left: auto;margin-right: auto;margin-top:20px;margin-bottom:20px;width:100%;\"><\/div><div class=\"fusion-text fusion-text-3\">\n<\/div><div class=\"fusion-separator fusion-full-width-sep\" style=\"align-self: center;margin-left: auto;margin-right: auto;margin-top:20px;margin-bottom:20px;width:100%;\"><\/div><div class=\"fusion-text fusion-text-4\"><h3>Publications (Selection)<\/h3>\n<\/div><div class=\"accordian fusion-accordian\" style=\"--awb-border-size:1px;--awb-icon-size:16px;--awb-content-font-size:16px;--awb-icon-alignment:left;--awb-hover-color:#f9f9f9;--awb-border-color:#cccccc;--awb-background-color:#ffffff;--awb-divider-color:#e0dede;--awb-divider-hover-color:#e0dede;--awb-icon-color:#ffffff;--awb-title-color:#000000;--awb-content-color:#000000;--awb-icon-box-color:var(--awb-color7);--awb-toggle-hover-accent-color:var(--awb-custom10);--awb-title-font-family:&quot;Source Sans 3&quot;;--awb-title-font-weight:400;--awb-title-font-style:normal;--awb-title-font-size:16px;--awb-content-font-family:&quot;Source Sans 3&quot;;--awb-content-font-style:normal;--awb-content-font-weight:400;\"><div class=\"panel-group fusion-toggle-icon-boxed\" id=\"accordion-40789-1\"><div class=\"fusion-panel panel-default panel-f9f0b1fa151052514 fusion-toggle-has-divider\"><div class=\"panel-heading\"><h4 class=\"panel-title toggle\" id=\"toggle_f9f0b1fa151052514\"><a aria-expanded=\"false\" aria-controls=\"f9f0b1fa151052514\" role=\"button\" data-toggle=\"collapse\" data-parent=\"#accordion-40789-1\" data-target=\"#f9f0b1fa151052514\" href=\"#f9f0b1fa151052514\"><span class=\"fusion-toggle-icon-wrapper\" aria-hidden=\"true\"><i class=\"fa-fusion-box active-icon awb-icon-minus\" aria-hidden=\"true\"><\/i><i class=\"fa-fusion-box inactive-icon awb-icon-plus\" aria-hidden=\"true\"><\/i><\/span><span class=\"fusion-toggle-heading\">Monographs<\/span><\/a><\/h4><\/div><div id=\"f9f0b1fa151052514\" class=\"panel-collapse collapse \" aria-labelledby=\"toggle_f9f0b1fa151052514\"><div class=\"panel-body toggle-content fusion-clearfix\">\n<ul>\n<li>Moonga, Lizzy (2019): Aufbau der Widerstandsf\u00e4higkeit von Haushalten und Ern\u00e4hrungssicherheit durch Gem\u00fcsegartenbau. Eine empirische Analyse unter l\u00e4ndlichen Kleinbauern in Babati, Tansania.<\/li>\n<\/ul>\n<ul>\n<li>Moonga, Lizzy (2009): Wiederwachstum der Stadt: \u00f6kologische und soziale Auswirkungen. Eine Fallstudie der Stadt Ndola in Sambia. (unver\u00f6ffentlicht)<\/li>\n<\/ul>\n<\/div><\/div><\/div><div class=\"fusion-panel panel-default panel-b1153fee8176715d7 fusion-toggle-has-divider\" style=\"--awb-title-color:#000000;--awb-content-color:#000000;\"><div class=\"panel-heading\"><h4 class=\"panel-title toggle\" id=\"toggle_b1153fee8176715d7\"><a aria-expanded=\"false\" aria-controls=\"b1153fee8176715d7\" role=\"button\" data-toggle=\"collapse\" data-parent=\"#accordion-40789-1\" data-target=\"#b1153fee8176715d7\" href=\"#b1153fee8176715d7\"><span class=\"fusion-toggle-icon-wrapper\" aria-hidden=\"true\"><i class=\"fa-fusion-box active-icon awb-icon-minus\" aria-hidden=\"true\"><\/i><i class=\"fa-fusion-box inactive-icon awb-icon-plus\" aria-hidden=\"true\"><\/i><\/span><span class=\"fusion-toggle-heading\">Transfer and Policy Papers, Working Papers<\/span><\/a><\/h4><\/div><div id=\"b1153fee8176715d7\" class=\"panel-collapse collapse \" aria-labelledby=\"toggle_b1153fee8176715d7\"><div class=\"panel-body toggle-content fusion-clearfix\">\n<ul>\n<li>Giedych, Renata; Gawryszewska, Beata; Maksymiuk, Gabriela; Cieszewska, Agata; Olszewska-Guizzo, Agnieszka; G\u0105sior, Weronika; Escoffier, Nicolas; Sienkiewicz-Jarosz, Halina; Borowiec, Agnieszka; Klingemann, Justyna; Syczewska, Zuzanna; Cioncoloni, Virginia; Bonfiglio, Federica; D\u2019Ostuni, Michele; Pennisi, Giuseppina; Knight, Sarah; Belcher, Richard; Schoen, Victoria; Hardman, Michael; Bragg, Rachel; Sear, Denise; Tapley, Fiona; Adams, Debi; Iodice-Kraft, Chiara-Charlotte; Gutjahr, Moritz; Otsuka, Noriko; Moonga, Lizzy; \u00c5shage, Anna; \u00a0Cau Wetterholm, Petra Ellora; P\u00e1lsd\u00f3ttir, Anna Mar\u00eda; Hedblom, Marcus; Roscoe, Charlotte; Lanford, Rebecca; Koren, Yael; \u00a0Dom\u00e8nech-Panicello, Carola; de Prado-Bert, Paula; Reichmann, Lynn; Fitzgerald, Rose; Jones, Rosa; Cole, Helen V.S.; Triguero-Mas, Margarita (2024): <a href=\"https:\/\/greenme-project.eu\/wp-content\/uploads\/2025\/10\/GreenME_D2.2_SGGW_Green_care_baseline_reports_for_each_study_country_submitted.pdf\">Deliverable 2.2 Green care baseline reports for each study country<\/a>.<\/li>\n<\/ul>\n<\/div><\/div><\/div><\/div><\/div><div class=\"fusion-separator fusion-full-width-sep\" style=\"align-self: center;margin-left: auto;margin-right: auto;margin-top:20px;margin-bottom:20px;width:100%;\"><\/div><div class=\"fusion-text fusion-text-5\"><h3>Presentations (Selection)<\/h3>\n<\/div><div class=\"accordian fusion-accordian\" style=\"--awb-border-size:1px;--awb-icon-size:16px;--awb-content-font-size:16px;--awb-icon-alignment:left;--awb-hover-color:#f9f9f9;--awb-border-color:#cccccc;--awb-background-color:#ffffff;--awb-divider-color:#e0dede;--awb-divider-hover-color:#e0dede;--awb-icon-color:#ffffff;--awb-title-color:#ff9900;--awb-content-color:#333333;--awb-icon-box-color:var(--awb-color7);--awb-toggle-hover-accent-color:var(--awb-custom10);--awb-title-font-family:&quot;Source Sans 3&quot;;--awb-title-font-weight:400;--awb-title-font-style:normal;--awb-title-font-size:16px;--awb-title-line-height:1.5;--awb-content-font-family:&quot;Source Sans 3&quot;;--awb-content-font-style:normal;--awb-content-font-weight:400;\"><div class=\"panel-group fusion-toggle-icon-boxed\" id=\"accordion-40789-2\"><div class=\"fusion-panel panel-default panel-cdf0929f9e3b69668 fusion-toggle-has-divider\" style=\"--awb-title-color:#000000;--awb-content-color:#000000;\"><div class=\"panel-heading\"><h4 class=\"panel-title toggle\" id=\"toggle_cdf0929f9e3b69668\"><a aria-expanded=\"false\" aria-controls=\"cdf0929f9e3b69668\" role=\"button\" data-toggle=\"collapse\" data-parent=\"#accordion-40789-2\" data-target=\"#cdf0929f9e3b69668\" href=\"#cdf0929f9e3b69668\"><span class=\"fusion-toggle-icon-wrapper\" aria-hidden=\"true\"><i class=\"fa-fusion-box active-icon awb-icon-minus\" aria-hidden=\"true\"><\/i><i class=\"fa-fusion-box inactive-icon awb-icon-plus\" aria-hidden=\"true\"><\/i><\/span><span class=\"fusion-toggle-heading\">Refereed Conference Presentations<\/span><\/a><\/h4><\/div><div id=\"cdf0929f9e3b69668\" class=\"panel-collapse collapse \" aria-labelledby=\"toggle_cdf0929f9e3b69668\"><div class=\"panel-body toggle-content fusion-clearfix\">\n<ul>\n<li>Bringing Green Care into Urban spaces: A qualitative analysis of its role and perception in Germany (Iodice-Kraft, Chiara-Charlotte; gemeinsam mit Specht, Kathrin*; Gutjahr, Moritz*; Otsuka, Noriko*, Moonga, Lizzy*; Xu, Shaojuan*; Giedych, Renata*; Garyzewska, Beata*). Vortrag auf der 9th International Conference on Green Urbanism (GU), 27.11.2025, Rom, Italien.<\/li>\n<\/ul>\n<ul>\n<li>Adapting to Climate Change and Social Stressors: The Role of Green and Blue Spaces for Enhancing Mental Health and Human Wellbeing (gemeinsam mit Otsuka, N.*; Specht, K.*; Iodice, C.-C.*;\u00a0 Moritz, G*.; Cole, H.V.S.*; Triguero-Mas, M.*; Giedych, R.*; Gawryszewska, B.*; Cioncoloni, V.*; Roscoe, C.*; Koren, Y*; Caputo, S.*; Crichigno, A.*; D&#8217;Ostuni, M.*; Hedblom, M.*; Schoen, V*; Sienkiewicz-Jarosz, H.*;\u00a0 Palmlof*, K.; Michael, B). Vortrag auf der ENBEL Conference\u00a0 2025 \u201cConnecting Health and Climate Change\u201d der University of Tartu, UMEA University und CICERO-Centre for International Climate Research, 17.10.2025, Tallin, Estland.<\/li>\n<\/ul>\n<\/div><\/div><\/div><div class=\"fusion-panel panel-default panel-eb06e5281b7a46306 fusion-toggle-has-divider\" style=\"--awb-title-color:#ff9900;--awb-content-color:#333333;\"><div class=\"panel-heading\"><h4 class=\"panel-title toggle\" id=\"toggle_eb06e5281b7a46306\"><a aria-expanded=\"false\" aria-controls=\"eb06e5281b7a46306\" role=\"button\" data-toggle=\"collapse\" data-parent=\"#accordion-40789-2\" data-target=\"#eb06e5281b7a46306\" href=\"#eb06e5281b7a46306\"><span class=\"fusion-toggle-icon-wrapper\" aria-hidden=\"true\"><i class=\"fa-fusion-box active-icon awb-icon-minus\" aria-hidden=\"true\"><\/i><i class=\"fa-fusion-box inactive-icon awb-icon-plus\" aria-hidden=\"true\"><\/i><\/span><span class=\"fusion-toggle-heading\">Additional Presentations<\/span><\/a><\/h4><\/div><div id=\"eb06e5281b7a46306\" class=\"panel-collapse collapse \" aria-labelledby=\"toggle_eb06e5281b7a46306\"><div class=\"panel-body toggle-content fusion-clearfix\">\n<ul>\n<li>Urban Climate Resilience. Vortrag auf dem St\u00e4dtebaulichen Kolloquium der RWTH Aachen University, 01.07.2025, Aachen.<\/li>\n<\/ul>\n<ul>\n<li>Community owned solutions and sustainability challenges. Summer school poster presentation at University of Bonn, 3-6.10.2016, Bonn.<\/li>\n<\/ul>\n<ul>\n<li>Building food security and nutrition resilience through vegetable production and consumption. Concept Note presentation at Deutsche Gesellschaft f\u00fcr Internationale Zusammenarbeit (GIZ), 19.10.2017, Bonn.<\/li>\n<\/ul>\n<\/div><\/div><\/div><\/div><\/div><\/div><\/div><\/div><\/div>\n","protected":false},"excerpt":{"rendered":"","protected":false},"author":14,"featured_media":29962,"parent":452,"menu_order":0,"comment_status":"closed","ping_status":"closed","template":"","meta":{"footnotes":""},"class_list":["post-40789","page","type-page","status-publish","has-post-thumbnail","hentry"],"yoast_head":"<!-- This site is optimized with the Yoast SEO plugin v27.1.1 - https:\/\/yoast.com\/product\/yoast-seo-wordpress\/ -->\n<title>Lizzy Moonga, Environment and Human Security (M.Sc.) - ILS - Institut f\u00fcr Landes- und Stadtentwicklungsforschung<\/title>\n<meta name=\"robots\" content=\"index, follow, max-snippet:-1, max-image-preview:large, max-video-preview:-1\" \/>\n<link rel=\"canonical\" href=\"https:\/\/www.ils-forschung.de\/en\/the-ils\/ils-staff\/moonga-lizzy\/\" \/>\n<meta property=\"og:locale\" content=\"en_US\" \/>\n<meta property=\"og:type\" content=\"article\" \/>\n<meta property=\"og:title\" content=\"Lizzy Moonga, Environment and Human Security (M.Sc.) - ILS - Institut f\u00fcr Landes- und Stadtentwicklungsforschung\" \/>\n<meta property=\"og:url\" content=\"https:\/\/www.ils-forschung.de\/en\/the-ils\/ils-staff\/moonga-lizzy\/\" \/>\n<meta property=\"og:site_name\" content=\"ILS - Institut f\u00fcr Landes- und Stadtentwicklungsforschung\" \/>\n<meta property=\"article:modified_time\" content=\"2026-02-13T22:56:09+00:00\" \/>\n<meta name=\"twitter:card\" content=\"summary_large_image\" \/>\n<meta name=\"twitter:site\" content=\"@ILS_forschung\" \/>\n<meta name=\"twitter:label1\" content=\"Est. reading time\" \/>\n\t<meta name=\"twitter:data1\" content=\"3 minutes\" \/>\n<script type=\"application\/ld+json\" class=\"yoast-schema-graph\">{\"@context\":\"https:\/\/schema.org\",\"@graph\":[{\"@type\":\"WebPage\",\"@id\":\"https:\/\/www.ils-forschung.de\/en\/the-ils\/ils-staff\/moonga-lizzy\/\",\"url\":\"https:\/\/www.ils-forschung.de\/en\/the-ils\/ils-staff\/moonga-lizzy\/\",\"name\":\"Lizzy Moonga, Environment and Human Security (M.Sc.) - ILS - Institut f\u00fcr Landes- und Stadtentwicklungsforschung\",\"isPartOf\":{\"@id\":\"https:\/\/www.ils-forschung.de\/en\/#website\"},\"primaryImageOfPage\":{\"@id\":\"https:\/\/www.ils-forschung.de\/en\/the-ils\/ils-staff\/moonga-lizzy\/#primaryimage\"},\"image\":{\"@id\":\"https:\/\/www.ils-forschung.de\/en\/the-ils\/ils-staff\/moonga-lizzy\/#primaryimage\"},\"thumbnailUrl\":\"https:\/\/www.ils-forschung.de\/wp-content\/uploads\/2023\/04\/ils-social-share-logo.jpg\",\"datePublished\":\"2024-10-22T10:06:39+00:00\",\"dateModified\":\"2026-02-13T22:56:09+00:00\",\"breadcrumb\":{\"@id\":\"https:\/\/www.ils-forschung.de\/en\/the-ils\/ils-staff\/moonga-lizzy\/#breadcrumb\"},\"inLanguage\":\"en-US\",\"potentialAction\":[{\"@type\":\"ReadAction\",\"target\":[\"https:\/\/www.ils-forschung.de\/en\/the-ils\/ils-staff\/moonga-lizzy\/\"]}]},{\"@type\":\"ImageObject\",\"inLanguage\":\"en-US\",\"@id\":\"https:\/\/www.ils-forschung.de\/en\/the-ils\/ils-staff\/moonga-lizzy\/#primaryimage\",\"url\":\"https:\/\/www.ils-forschung.de\/wp-content\/uploads\/2023\/04\/ils-social-share-logo.jpg\",\"contentUrl\":\"https:\/\/www.ils-forschung.de\/wp-content\/uploads\/2023\/04\/ils-social-share-logo.jpg\",\"width\":1200,\"height\":630},{\"@type\":\"BreadcrumbList\",\"@id\":\"https:\/\/www.ils-forschung.de\/en\/the-ils\/ils-staff\/moonga-lizzy\/#breadcrumb\",\"itemListElement\":[{\"@type\":\"ListItem\",\"position\":1,\"name\":\"Home\",\"item\":\"https:\/\/www.ils-forschung.de\/en\/\"},{\"@type\":\"ListItem\",\"position\":2,\"name\":\"The ILS\",\"item\":\"https:\/\/www.ils-forschung.de\/en\/the-ils\/\"},{\"@type\":\"ListItem\",\"position\":3,\"name\":\"ILS staff\",\"item\":\"https:\/\/www.ils-forschung.de\/en\/the-ils\/ils-staff\/\"},{\"@type\":\"ListItem\",\"position\":4,\"name\":\"Lizzy Moonga, Environment and Human Security (M.Sc.)\"}]},{\"@type\":\"WebSite\",\"@id\":\"https:\/\/www.ils-forschung.de\/en\/#website\",\"url\":\"https:\/\/www.ils-forschung.de\/en\/\",\"name\":\"ILS - Institut f\u00fcr Landes- und Stadtentwicklungsforschung\",\"description\":\"Das ILS \u2013 Institut f\u00fcr Landes- und Stadtentwicklungsforschung ist ein raumwissenschaftliches au\u00dferuniversit\u00e4res Forschungsinstitut mit Sitz in Dortmund.\",\"potentialAction\":[{\"@type\":\"SearchAction\",\"target\":{\"@type\":\"EntryPoint\",\"urlTemplate\":\"https:\/\/www.ils-forschung.de\/en\/?s={search_term_string}\"},\"query-input\":{\"@type\":\"PropertyValueSpecification\",\"valueRequired\":true,\"valueName\":\"search_term_string\"}}],\"inLanguage\":\"en-US\"}]}<\/script>\n<!-- \/ Yoast SEO plugin. -->","yoast_head_json":{"title":"Lizzy Moonga, Environment and Human Security (M.Sc.) - ILS - Institut f\u00fcr Landes- und Stadtentwicklungsforschung","robots":{"index":"index","follow":"follow","max-snippet":"max-snippet:-1","max-image-preview":"max-image-preview:large","max-video-preview":"max-video-preview:-1"},"canonical":"https:\/\/www.ils-forschung.de\/en\/the-ils\/ils-staff\/moonga-lizzy\/","og_locale":"en_US","og_type":"article","og_title":"Lizzy Moonga, Environment and Human Security (M.Sc.) - ILS - Institut f\u00fcr Landes- und Stadtentwicklungsforschung","og_url":"https:\/\/www.ils-forschung.de\/en\/the-ils\/ils-staff\/moonga-lizzy\/","og_site_name":"ILS - Institut f\u00fcr Landes- und Stadtentwicklungsforschung","article_modified_time":"2026-02-13T22:56:09+00:00","twitter_card":"summary_large_image","twitter_site":"@ILS_forschung","twitter_misc":{"Est. reading time":"3 minutes"},"schema":{"@context":"https:\/\/schema.org","@graph":[{"@type":"WebPage","@id":"https:\/\/www.ils-forschung.de\/en\/the-ils\/ils-staff\/moonga-lizzy\/","url":"https:\/\/www.ils-forschung.de\/en\/the-ils\/ils-staff\/moonga-lizzy\/","name":"Lizzy Moonga, Environment and Human Security (M.Sc.) - ILS - Institut f\u00fcr Landes- und Stadtentwicklungsforschung","isPartOf":{"@id":"https:\/\/www.ils-forschung.de\/en\/#website"},"primaryImageOfPage":{"@id":"https:\/\/www.ils-forschung.de\/en\/the-ils\/ils-staff\/moonga-lizzy\/#primaryimage"},"image":{"@id":"https:\/\/www.ils-forschung.de\/en\/the-ils\/ils-staff\/moonga-lizzy\/#primaryimage"},"thumbnailUrl":"https:\/\/www.ils-forschung.de\/wp-content\/uploads\/2023\/04\/ils-social-share-logo.jpg","datePublished":"2024-10-22T10:06:39+00:00","dateModified":"2026-02-13T22:56:09+00:00","breadcrumb":{"@id":"https:\/\/www.ils-forschung.de\/en\/the-ils\/ils-staff\/moonga-lizzy\/#breadcrumb"},"inLanguage":"en-US","potentialAction":[{"@type":"ReadAction","target":["https:\/\/www.ils-forschung.de\/en\/the-ils\/ils-staff\/moonga-lizzy\/"]}]},{"@type":"ImageObject","inLanguage":"en-US","@id":"https:\/\/www.ils-forschung.de\/en\/the-ils\/ils-staff\/moonga-lizzy\/#primaryimage","url":"https:\/\/www.ils-forschung.de\/wp-content\/uploads\/2023\/04\/ils-social-share-logo.jpg","contentUrl":"https:\/\/www.ils-forschung.de\/wp-content\/uploads\/2023\/04\/ils-social-share-logo.jpg","width":1200,"height":630},{"@type":"BreadcrumbList","@id":"https:\/\/www.ils-forschung.de\/en\/the-ils\/ils-staff\/moonga-lizzy\/#breadcrumb","itemListElement":[{"@type":"ListItem","position":1,"name":"Home","item":"https:\/\/www.ils-forschung.de\/en\/"},{"@type":"ListItem","position":2,"name":"The ILS","item":"https:\/\/www.ils-forschung.de\/en\/the-ils\/"},{"@type":"ListItem","position":3,"name":"ILS staff","item":"https:\/\/www.ils-forschung.de\/en\/the-ils\/ils-staff\/"},{"@type":"ListItem","position":4,"name":"Lizzy Moonga, Environment and Human Security (M.Sc.)"}]},{"@type":"WebSite","@id":"https:\/\/www.ils-forschung.de\/en\/#website","url":"https:\/\/www.ils-forschung.de\/en\/","name":"ILS - Institut f\u00fcr Landes- und Stadtentwicklungsforschung","description":"Das ILS \u2013 Institut f\u00fcr Landes- und Stadtentwicklungsforschung ist ein raumwissenschaftliches au\u00dferuniversit\u00e4res Forschungsinstitut mit Sitz in Dortmund.","potentialAction":[{"@type":"SearchAction","target":{"@type":"EntryPoint","urlTemplate":"https:\/\/www.ils-forschung.de\/en\/?s={search_term_string}"},"query-input":{"@type":"PropertyValueSpecification","valueRequired":true,"valueName":"search_term_string"}}],"inLanguage":"en-US"}]}},"_links":{"self":[{"href":"https:\/\/www.ils-forschung.de\/en\/wp-json\/wp\/v2\/pages\/40789","targetHints":{"allow":["GET"]}}],"collection":[{"href":"https:\/\/www.ils-forschung.de\/en\/wp-json\/wp\/v2\/pages"}],"about":[{"href":"https:\/\/www.ils-forschung.de\/en\/wp-json\/wp\/v2\/types\/page"}],"author":[{"embeddable":true,"href":"https:\/\/www.ils-forschung.de\/en\/wp-json\/wp\/v2\/users\/14"}],"replies":[{"embeddable":true,"href":"https:\/\/www.ils-forschung.de\/en\/wp-json\/wp\/v2\/comments?post=40789"}],"version-history":[{"count":9,"href":"https:\/\/www.ils-forschung.de\/en\/wp-json\/wp\/v2\/pages\/40789\/revisions"}],"predecessor-version":[{"id":55589,"href":"https:\/\/www.ils-forschung.de\/en\/wp-json\/wp\/v2\/pages\/40789\/revisions\/55589"}],"up":[{"embeddable":true,"href":"https:\/\/www.ils-forschung.de\/en\/wp-json\/wp\/v2\/pages\/452"}],"wp:featuredmedia":[{"embeddable":true,"href":"https:\/\/www.ils-forschung.de\/en\/wp-json\/wp\/v2\/media\/29962"}],"wp:attachment":[{"href":"https:\/\/www.ils-forschung.de\/en\/wp-json\/wp\/v2\/media?parent=40789"}],"curies":[{"name":"wp","href":"https:\/\/api.w.org\/{rel}","templated":true}]}}