{"id":39080,"date":"2024-07-15T12:57:17","date_gmt":"2024-07-15T10:57:17","guid":{"rendered":"https:\/\/www.ils-forschung.de\/the-ils\/ils-staff\/torreiter-laura\/"},"modified":"2026-04-13T13:27:09","modified_gmt":"2026-04-13T11:27:09","slug":"torreiter-laura","status":"publish","type":"page","link":"https:\/\/www.ils-forschung.de\/en\/the-ils\/ils-staff\/torreiter-laura\/","title":{"rendered":"Dr. Laura Torreiter, Geography (M. A.)"},"content":{"rendered":"<div class=\"fusion-fullwidth fullwidth-box fusion-builder-row-1 fusion-flex-container nonhundred-percent-fullwidth non-hundred-percent-height-scrolling\" style=\"--awb-border-radius-top-left:0px;--awb-border-radius-top-right:0px;--awb-border-radius-bottom-right:0px;--awb-border-radius-bottom-left:0px;--awb-flex-wrap:wrap;\" ><div class=\"fusion-builder-row fusion-row fusion-flex-align-items-flex-start fusion-flex-content-wrap\" style=\"max-width:1144px;margin-left: calc(-4% \/ 2 );margin-right: calc(-4% \/ 2 );\"><div class=\"fusion-layout-column fusion_builder_column fusion-builder-column-0 fusion_builder_column_1_1 1_1 fusion-flex-column\" style=\"--awb-bg-size:cover;--awb-width-large:100%;--awb-margin-top-large:0px;--awb-spacing-right-large:1.92%;--awb-margin-bottom-large:20px;--awb-spacing-left-large:1.92%;--awb-width-medium:100%;--awb-spacing-right-medium:1.92%;--awb-spacing-left-medium:1.92%;--awb-width-small:100%;--awb-spacing-right-small:1.92%;--awb-spacing-left-small:1.92%;\"><div class=\"fusion-column-wrapper fusion-flex-justify-content-flex-start fusion-content-layout-column\"><div class=\"fusion-builder-row fusion-builder-row-inner fusion-row fusion-flex-align-items-flex-start fusion-flex-content-wrap\" style=\"width:104% !important;max-width:104% !important;margin-left: calc(-4% \/ 2 );margin-right: calc(-4% \/ 2 );\"><div class=\"fusion-layout-column fusion_builder_column_inner fusion-builder-nested-column-0 fusion_builder_column_inner_1_4 1_4 fusion-flex-column\" style=\"--awb-bg-size:cover;--awb-width-large:25%;--awb-margin-top-large:0px;--awb-spacing-right-large:7.68%;--awb-margin-bottom-large:20px;--awb-spacing-left-large:7.68%;--awb-width-medium:100%;--awb-spacing-right-medium:1.92%;--awb-spacing-left-medium:1.92%;--awb-width-small:100%;--awb-spacing-right-small:1.92%;--awb-spacing-left-small:1.92%;\"><div class=\"fusion-column-wrapper fusion-flex-justify-content-flex-start fusion-content-layout-column\"><div class=\"fusion-image-element \" style=\"--awb-caption-title-font-family:var(--h2_typography-font-family);--awb-caption-title-font-weight:var(--h2_typography-font-weight);--awb-caption-title-font-style:var(--h2_typography-font-style);--awb-caption-title-size:var(--h2_typography-font-size);--awb-caption-title-transform:var(--h2_typography-text-transform);--awb-caption-title-line-height:var(--h2_typography-line-height);--awb-caption-title-letter-spacing:var(--h2_typography-letter-spacing);\"><span class=\" fusion-imageframe imageframe-none imageframe-1 hover-type-none\"><img decoding=\"async\" width=\"1000\" height=\"1500\" title=\"laura-torreiter\" src=\"https:\/\/www.ils-forschung.de\/wp-content\/uploads\/2025\/02\/laura-torreiter.webp\" alt class=\"img-responsive wp-image-42480\" srcset=\"https:\/\/www.ils-forschung.de\/wp-content\/uploads\/2025\/02\/laura-torreiter-200x300.webp 200w, https:\/\/www.ils-forschung.de\/wp-content\/uploads\/2025\/02\/laura-torreiter-400x600.webp 400w, https:\/\/www.ils-forschung.de\/wp-content\/uploads\/2025\/02\/laura-torreiter-600x900.webp 600w, https:\/\/www.ils-forschung.de\/wp-content\/uploads\/2025\/02\/laura-torreiter-800x1200.webp 800w, https:\/\/www.ils-forschung.de\/wp-content\/uploads\/2025\/02\/laura-torreiter.webp 1000w\" sizes=\"(max-width: 1125px) 100vw, (max-width: 765px) 100vw, 400px\" \/><\/span><\/div><\/div><\/div><div class=\"fusion-layout-column fusion_builder_column_inner fusion-builder-nested-column-1 fusion_builder_column_inner_3_4 3_4 fusion-flex-column\" style=\"--awb-bg-size:cover;--awb-width-large:75%;--awb-margin-top-large:0px;--awb-spacing-right-large:2.56%;--awb-margin-bottom-large:20px;--awb-spacing-left-large:2.56%;--awb-width-medium:100%;--awb-spacing-right-medium:1.92%;--awb-spacing-left-medium:1.92%;--awb-width-small:100%;--awb-spacing-right-small:1.92%;--awb-spacing-left-small:1.92%;\"><div class=\"fusion-column-wrapper fusion-flex-justify-content-flex-start fusion-content-layout-column\"><div class=\"fusion-text fusion-text-1\"><p>Studied Geography, Art History and Indology at University of Cologne and gained her doctorate at the chair of Urban Studies and Social Research at Bauhaus-Universit\u00e4t Weimar. Research stay at the faculty of architecture, University of Belo Horizonte (UFMG).<\/p>\n<p><strong>Research interests:<\/strong><\/p>\n<ul>\n<li>Migration and socio-spatial disparities<\/li>\n<li>Sustainable urban development and mobility<\/li>\n<li>Inner city and retail development<\/li>\n<\/ul>\n<\/div><div class=\"fusion-text fusion-text-2\"><p><strong>Contact:<\/strong><br \/>\nPhone: + 49 (0) 231 9051-254<br \/>\nE-Mail: <a href=\"mailto:laura.torreiter@ils-research.de\">laura.torreiter@ils-research.de<\/a><\/p>\n<\/div><\/div><\/div><\/div><div class=\"fusion-separator fusion-full-width-sep\" style=\"align-self: center;margin-left: auto;margin-right: auto;margin-top:20px;margin-bottom:20px;width:100%;\"><\/div><div class=\"fusion-text fusion-text-3\">\n<\/div><div class=\"fusion-separator fusion-full-width-sep\" style=\"align-self: center;margin-left: auto;margin-right: auto;margin-top:20px;margin-bottom:20px;width:100%;\"><\/div><div class=\"fusion-text fusion-text-4\"><h3>Publications (Selection)<\/h3>\n<\/div><div class=\"accordian fusion-accordian\" style=\"--awb-border-size:1px;--awb-icon-size:16px;--awb-content-font-size:16px;--awb-icon-alignment:left;--awb-hover-color:#f9f9f9;--awb-border-color:#cccccc;--awb-background-color:#ffffff;--awb-divider-color:#e0dede;--awb-divider-hover-color:#e0dede;--awb-icon-color:#ffffff;--awb-title-color:#000000;--awb-content-color:#000000;--awb-icon-box-color:var(--awb-color7);--awb-toggle-hover-accent-color:var(--awb-custom10);--awb-title-font-family:&quot;Source Sans 3&quot;;--awb-title-font-weight:400;--awb-title-font-style:normal;--awb-title-font-size:16px;--awb-content-font-family:&quot;Source Sans 3&quot;;--awb-content-font-style:normal;--awb-content-font-weight:400;\"><div class=\"panel-group fusion-toggle-icon-boxed\" id=\"accordion-39080-1\"><div class=\"fusion-panel panel-default panel-19bc54e6c6e6162ad fusion-toggle-has-divider\"><div class=\"panel-heading\"><h4 class=\"panel-title toggle\" id=\"toggle_19bc54e6c6e6162ad\"><a aria-expanded=\"false\" aria-controls=\"19bc54e6c6e6162ad\" role=\"button\" data-toggle=\"collapse\" data-parent=\"#accordion-39080-1\" data-target=\"#19bc54e6c6e6162ad\" href=\"#19bc54e6c6e6162ad\"><span class=\"fusion-toggle-icon-wrapper\" aria-hidden=\"true\"><i class=\"fa-fusion-box active-icon awb-icon-minus\" aria-hidden=\"true\"><\/i><i class=\"fa-fusion-box inactive-icon awb-icon-plus\" aria-hidden=\"true\"><\/i><\/span><span class=\"fusion-toggle-heading\">Refereed Articles<\/span><\/a><\/h4><\/div><div id=\"19bc54e6c6e6162ad\" class=\"panel-collapse collapse \" aria-labelledby=\"toggle_19bc54e6c6e6162ad\"><div class=\"panel-body toggle-content fusion-clearfix\">\n<ul>\n<li>Wiest, Karin; Torreiter, Laura; Kirnd\u00f6rfer, Elisabeth (2021): The Role of Natio-Ethno-Cultural Difference in Narratives of Neighbourhood Change \u2013 An Arrival Area in the East German Context. In: Tijdschrift voor Economische en Sociale Geografie 113, 1, 19\u201334. <a href=\"https:\/\/doi.org\/10.1111\/tesg.12498\">https:\/\/doi.org\/10.1111\/tesg.12498<\/a>.<\/li>\n<\/ul>\n<\/div><\/div><\/div><div class=\"fusion-panel panel-default panel-b317e271ec00165e6 fusion-toggle-has-divider\"><div class=\"panel-heading\"><h4 class=\"panel-title toggle\" id=\"toggle_b317e271ec00165e6\"><a aria-expanded=\"false\" aria-controls=\"b317e271ec00165e6\" role=\"button\" data-toggle=\"collapse\" data-parent=\"#accordion-39080-1\" data-target=\"#b317e271ec00165e6\" href=\"#b317e271ec00165e6\"><span class=\"fusion-toggle-icon-wrapper\" aria-hidden=\"true\"><i class=\"fa-fusion-box active-icon awb-icon-minus\" aria-hidden=\"true\"><\/i><i class=\"fa-fusion-box inactive-icon awb-icon-plus\" aria-hidden=\"true\"><\/i><\/span><span class=\"fusion-toggle-heading\">Monographs<\/span><\/a><\/h4><\/div><div id=\"b317e271ec00165e6\" class=\"panel-collapse collapse \" aria-labelledby=\"toggle_b317e271ec00165e6\"><div class=\"panel-body toggle-content fusion-clearfix\">\n<ul>\n<li>Torreiter, Laura (2023): St\u00e4dtebauliche Aufwertung im Leipziger Osten: Migrant:innen als Pioniere beim Erwerb und der Sanierung von Baudenkmalen. Dissertation. Weimar.<\/li>\n<\/ul>\n<\/div><\/div><\/div><div class=\"fusion-panel panel-default panel-3f48383cfc2981dad fusion-toggle-has-divider\"><div class=\"panel-heading\"><h4 class=\"panel-title toggle\" id=\"toggle_3f48383cfc2981dad\"><a aria-expanded=\"false\" aria-controls=\"3f48383cfc2981dad\" role=\"button\" data-toggle=\"collapse\" data-parent=\"#accordion-39080-1\" data-target=\"#3f48383cfc2981dad\" href=\"#3f48383cfc2981dad\"><span class=\"fusion-toggle-icon-wrapper\" aria-hidden=\"true\"><i class=\"fa-fusion-box active-icon awb-icon-minus\" aria-hidden=\"true\"><\/i><i class=\"fa-fusion-box inactive-icon awb-icon-plus\" aria-hidden=\"true\"><\/i><\/span><span class=\"fusion-toggle-heading\">Contributions to Books<\/span><\/a><\/h4><\/div><div id=\"3f48383cfc2981dad\" class=\"panel-collapse collapse \" aria-labelledby=\"toggle_3f48383cfc2981dad\"><div class=\"panel-body toggle-content fusion-clearfix\">\n<ul>\n<li>Torreiter, Laura (2022): Konstruktion von Aufwertung: Die Rolle lokaler Akteure und deren Instrumentalisierung im Stadterneuerungsprozess des Leipziger Ostens. In: Bogner, Simone; Dolff Bonek\u00e4mper, Gabi; Meier, Hans-Rudolf (Hrsg.): Instabile Konstruktionen. Interdisziplin\u00e4re Forschungen zu \u00bbIdentit\u00e4t und Erbe\u00ab. Weimar: Bauhaus-Universit\u00e4tsverlag, 248\u2013260.<\/li>\n<\/ul>\n<p>&nbsp;<\/p>\n<ul>\n<li>Torreiter, Laura (2015): Wenn Segregation Schule macht. Bildungsbenachteiligung im Leipziger Stadtbezirk Ost. In: Eckardt, Frank; Seyfarth, Ren\u00e9; Werner, Franziska (Hrsg.): Leipzig \u2013 Die neue urbane Ordnung der unsichtbaren Stadt. M\u00fcnster: Unrast-Verlag, 163\u2013178.<\/li>\n<\/ul>\n<\/div><\/div><\/div><\/div><\/div><div class=\"fusion-separator fusion-full-width-sep\" style=\"align-self: center;margin-left: auto;margin-right: auto;margin-top:20px;margin-bottom:20px;width:100%;\"><\/div><div class=\"fusion-text fusion-text-5\"><h3>Presentations (Selection)<\/h3>\n<\/div><div class=\"accordian fusion-accordian\" style=\"--awb-border-size:1px;--awb-icon-size:16px;--awb-content-font-size:16px;--awb-icon-alignment:left;--awb-hover-color:#f9f9f9;--awb-border-color:#cccccc;--awb-background-color:#ffffff;--awb-divider-color:#e0dede;--awb-divider-hover-color:#e0dede;--awb-icon-color:#ffffff;--awb-title-color:#ff9900;--awb-content-color:#333333;--awb-icon-box-color:var(--awb-color7);--awb-toggle-hover-accent-color:var(--awb-custom10);--awb-title-font-family:&quot;Source Sans 3&quot;;--awb-title-font-weight:400;--awb-title-font-style:normal;--awb-title-font-size:16px;--awb-title-line-height:1.5;--awb-content-font-family:&quot;Source Sans 3&quot;;--awb-content-font-style:normal;--awb-content-font-weight:400;\"><div class=\"panel-group fusion-toggle-icon-boxed\" id=\"accordion-39080-2\"><div class=\"fusion-panel panel-default panel-6b9886675b6520d64 fusion-toggle-has-divider\" style=\"--awb-title-color:#000000;--awb-content-color:#000000;\"><div class=\"panel-heading\"><h4 class=\"panel-title toggle\" id=\"toggle_6b9886675b6520d64\"><a aria-expanded=\"false\" aria-controls=\"6b9886675b6520d64\" role=\"button\" data-toggle=\"collapse\" data-parent=\"#accordion-39080-2\" data-target=\"#6b9886675b6520d64\" href=\"#6b9886675b6520d64\"><span class=\"fusion-toggle-icon-wrapper\" aria-hidden=\"true\"><i class=\"fa-fusion-box active-icon awb-icon-minus\" aria-hidden=\"true\"><\/i><i class=\"fa-fusion-box inactive-icon awb-icon-plus\" aria-hidden=\"true\"><\/i><\/span><span class=\"fusion-toggle-heading\">Refereed Conference Presentations<\/span><\/a><\/h4><\/div><div id=\"6b9886675b6520d64\" class=\"panel-collapse collapse \" aria-labelledby=\"toggle_6b9886675b6520d64\"><div class=\"panel-body toggle-content fusion-clearfix\">\n<ul>\n<li>Stra\u00dfenraumumgestaltungen schaffen lebenswerte R\u00e4ume in NRW. Vortrag auf der Veranstaltung \u201eStadt in Bewegung: Aushandlungen von Mobilit\u00e4t und (Lebens-)Raum\u201c im Rahmen des DFG-Projekts \u201eWem geh\u00f6rt die Stra\u00dfe? Urbane Aushandlungen um Mobilit\u00e4t und Raumnutzung im Kontext der \u201aVerkehrswende\u2018 als gesellschaftlicher Transformationsprozess\u201c, 27.11.2025, M\u00fcnchen.<\/li>\n<\/ul>\n<\/div><\/div><\/div><div class=\"fusion-panel panel-default panel-9f677776e08f88cf3 fusion-toggle-has-divider\" style=\"--awb-title-color:#ff9900;--awb-content-color:#333333;\"><div class=\"panel-heading\"><h4 class=\"panel-title toggle\" id=\"toggle_9f677776e08f88cf3\"><a aria-expanded=\"false\" aria-controls=\"9f677776e08f88cf3\" role=\"button\" data-toggle=\"collapse\" data-parent=\"#accordion-39080-2\" data-target=\"#9f677776e08f88cf3\" href=\"#9f677776e08f88cf3\"><span class=\"fusion-toggle-icon-wrapper\" aria-hidden=\"true\"><i class=\"fa-fusion-box active-icon awb-icon-minus\" aria-hidden=\"true\"><\/i><i class=\"fa-fusion-box inactive-icon awb-icon-plus\" aria-hidden=\"true\"><\/i><\/span><span class=\"fusion-toggle-heading\">Additional Presentations<\/span><\/a><\/h4><\/div><div id=\"9f677776e08f88cf3\" class=\"panel-collapse collapse \" aria-labelledby=\"toggle_9f677776e08f88cf3\"><div class=\"panel-body toggle-content fusion-clearfix\">\n<ul>\n<li>Teilhabe an der Stadtentwicklungsforschung?! Partizipative Forschung mit Stra\u00dfenmagazinverk\u00e4ufer*innen f\u00fcr eine solidarische Innenstadt (gemeinsam mit Dickopp, Dennis; Fischer, Lea; Kolocek, Michael*). Vortrag auf der Tagung \u201eGemeinsam mehr erreichen! Teilhabe ausbauen \u2013 R\u00e4ume gestalten \u2013 Wohnungslosigkeit \u00fcberwinden\u201c der Technischen Hochschule N\u00fcrnberg und der Wohnungslosen_Stiftung \u201eT\u00fcr an T\u00fcr\u201c, 20.03.2026, Augsburg.<\/li>\n<\/ul>\n<ul>\n<li>Nachhaltige Mobilit\u00e4t als Motor der Transformation der Innenst\u00e4dte \u2013 konzeptionelle Grundlagen und planungspraktische Beispiele (gemeinsam mit Volgmann, Kati). Vortrag im IHK-Einzelhandelsausschuss der IHK zu Dortmund, 28.10.2025, Dortmund.<\/li>\n<\/ul>\n<ul>\n<li>Verwertung und Inwertsetzung von Altbaubest\u00e4nden: Die Aushandlung der Stadterneuerung in Leipzig. Vortrag auf der Veranstaltung \u201eSites of Value \u2013 Architecture and Valuation\u201c der Humboldt-Universit\u00e4t Berlin, 03.12.2020, Berlin.<\/li>\n<\/ul>\n<ul>\n<li>Ein Ankunftsquartier im Aufbruch. Soziodemographischer Wandel und bauliche Aufwertung im Leipziger Stadtbezirk Ost. Vortrag auf dem Deutschen Kongress f\u00fcr Geographie 2019 \u201eUmbr\u00fcche und Aufbr\u00fcche. Geographie(n) der Zukunft\u201c der Deutschen Gesellschaft f\u00fcr Geographie (DGfG), 29.09.2019, Kiel.<\/li>\n<\/ul>\n<\/div><\/div><\/div><\/div><\/div><div class=\"fusion-separator fusion-full-width-sep\" style=\"align-self: center;margin-left: auto;margin-right: auto;margin-top:15px;margin-bottom:15px;width:100%;\"><\/div><div class=\"accordian fusion-accordian lehrtaetigkeiten\" style=\"--awb-border-size:1px;--awb-icon-size:16px;--awb-content-font-size:16px;--awb-icon-alignment:left;--awb-hover-color:#f9f9f9;--awb-border-color:#cccccc;--awb-background-color:#ffffff;--awb-divider-color:#e0dede;--awb-divider-hover-color:#e0dede;--awb-icon-color:#ffffff;--awb-title-color:#ff9900;--awb-content-color:#333333;--awb-icon-box-color:var(--awb-color7);--awb-toggle-hover-accent-color:var(--awb-custom10);--awb-title-font-family:&quot;Source Sans 3&quot;;--awb-title-font-weight:400;--awb-title-font-style:normal;--awb-title-font-size:16px;--awb-title-line-height:1.5;--awb-content-font-family:&quot;Source Sans 3&quot;;--awb-content-font-style:normal;--awb-content-font-weight:400;\"><div class=\"panel-group fusion-toggle-icon-boxed\" id=\"accordion-39080-3\"><div class=\"fusion-panel panel-default panel-8d274ea8e1a348fb4 fusion-toggle-has-divider\" style=\"--awb-title-color:#ff9900;--awb-content-color:#333333;\"><div class=\"panel-heading\"><h4 class=\"panel-title toggle\" id=\"toggle_8d274ea8e1a348fb4\"><a aria-expanded=\"false\" aria-controls=\"8d274ea8e1a348fb4\" role=\"button\" data-toggle=\"collapse\" data-parent=\"#accordion-39080-3\" data-target=\"#8d274ea8e1a348fb4\" href=\"#8d274ea8e1a348fb4\"><span class=\"fusion-toggle-icon-wrapper\" aria-hidden=\"true\"><i class=\"fa-fusion-box active-icon awb-icon-minus\" aria-hidden=\"true\"><\/i><i class=\"fa-fusion-box inactive-icon awb-icon-plus\" aria-hidden=\"true\"><\/i><\/span><span class=\"fusion-toggle-heading\">Teaching<\/span><\/a><\/h4><\/div><div id=\"8d274ea8e1a348fb4\" class=\"panel-collapse collapse \" aria-labelledby=\"toggle_8d274ea8e1a348fb4\"><div class=\"panel-body toggle-content fusion-clearfix\">Bauhaus-Universit\u00e4t Weimar, Institut f\u00fcr Europ\u00e4ische Urbanistik:<\/p>\n<ul>\n<li>Sozialwissenschaftliche Stadtforschung (Tutorium), WiSe 2012\/2013<\/li>\n<\/ul>\n<\/div><\/div><\/div><\/div><\/div><\/div><\/div><\/div><\/div>\n","protected":false},"excerpt":{"rendered":"","protected":false},"author":14,"featured_media":29962,"parent":452,"menu_order":0,"comment_status":"closed","ping_status":"closed","template":"","meta":{"footnotes":""},"class_list":["post-39080","page","type-page","status-publish","has-post-thumbnail","hentry"],"yoast_head":"<!-- This site is optimized with the Yoast SEO plugin v27.1.1 - https:\/\/yoast.com\/product\/yoast-seo-wordpress\/ -->\n<title>Dr. Laura Torreiter, Geography (M. A.) - ILS - Institut f\u00fcr Landes- und Stadtentwicklungsforschung<\/title>\n<meta name=\"robots\" content=\"index, follow, max-snippet:-1, max-image-preview:large, max-video-preview:-1\" \/>\n<link rel=\"canonical\" href=\"https:\/\/www.ils-forschung.de\/en\/the-ils\/ils-staff\/torreiter-laura\/\" \/>\n<meta property=\"og:locale\" content=\"en_US\" \/>\n<meta property=\"og:type\" content=\"article\" \/>\n<meta property=\"og:title\" content=\"Dr. Laura Torreiter, Geography (M. A.) - ILS - Institut f\u00fcr Landes- und Stadtentwicklungsforschung\" \/>\n<meta property=\"og:url\" content=\"https:\/\/www.ils-forschung.de\/en\/the-ils\/ils-staff\/torreiter-laura\/\" \/>\n<meta property=\"og:site_name\" content=\"ILS - Institut f\u00fcr Landes- und Stadtentwicklungsforschung\" \/>\n<meta property=\"article:modified_time\" content=\"2026-04-13T11:27:09+00:00\" \/>\n<meta name=\"twitter:card\" content=\"summary_large_image\" \/>\n<meta name=\"twitter:site\" content=\"@ILS_forschung\" \/>\n<meta name=\"twitter:label1\" content=\"Est. reading time\" \/>\n\t<meta name=\"twitter:data1\" content=\"3 minutes\" \/>\n<script type=\"application\/ld+json\" class=\"yoast-schema-graph\">{\"@context\":\"https:\/\/schema.org\",\"@graph\":[{\"@type\":\"WebPage\",\"@id\":\"https:\/\/www.ils-forschung.de\/en\/the-ils\/ils-staff\/torreiter-laura\/\",\"url\":\"https:\/\/www.ils-forschung.de\/en\/the-ils\/ils-staff\/torreiter-laura\/\",\"name\":\"Dr. Laura Torreiter, Geography (M. A.) - ILS - Institut f\u00fcr Landes- und Stadtentwicklungsforschung\",\"isPartOf\":{\"@id\":\"https:\/\/www.ils-forschung.de\/en\/#website\"},\"primaryImageOfPage\":{\"@id\":\"https:\/\/www.ils-forschung.de\/en\/the-ils\/ils-staff\/torreiter-laura\/#primaryimage\"},\"image\":{\"@id\":\"https:\/\/www.ils-forschung.de\/en\/the-ils\/ils-staff\/torreiter-laura\/#primaryimage\"},\"thumbnailUrl\":\"https:\/\/www.ils-forschung.de\/wp-content\/uploads\/2023\/04\/ils-social-share-logo.jpg\",\"datePublished\":\"2024-07-15T10:57:17+00:00\",\"dateModified\":\"2026-04-13T11:27:09+00:00\",\"breadcrumb\":{\"@id\":\"https:\/\/www.ils-forschung.de\/en\/the-ils\/ils-staff\/torreiter-laura\/#breadcrumb\"},\"inLanguage\":\"en-US\",\"potentialAction\":[{\"@type\":\"ReadAction\",\"target\":[\"https:\/\/www.ils-forschung.de\/en\/the-ils\/ils-staff\/torreiter-laura\/\"]}]},{\"@type\":\"ImageObject\",\"inLanguage\":\"en-US\",\"@id\":\"https:\/\/www.ils-forschung.de\/en\/the-ils\/ils-staff\/torreiter-laura\/#primaryimage\",\"url\":\"https:\/\/www.ils-forschung.de\/wp-content\/uploads\/2023\/04\/ils-social-share-logo.jpg\",\"contentUrl\":\"https:\/\/www.ils-forschung.de\/wp-content\/uploads\/2023\/04\/ils-social-share-logo.jpg\",\"width\":1200,\"height\":630},{\"@type\":\"BreadcrumbList\",\"@id\":\"https:\/\/www.ils-forschung.de\/en\/the-ils\/ils-staff\/torreiter-laura\/#breadcrumb\",\"itemListElement\":[{\"@type\":\"ListItem\",\"position\":1,\"name\":\"Home\",\"item\":\"https:\/\/www.ils-forschung.de\/en\/\"},{\"@type\":\"ListItem\",\"position\":2,\"name\":\"The ILS\",\"item\":\"https:\/\/www.ils-forschung.de\/en\/the-ils\/\"},{\"@type\":\"ListItem\",\"position\":3,\"name\":\"ILS staff\",\"item\":\"https:\/\/www.ils-forschung.de\/en\/the-ils\/ils-staff\/\"},{\"@type\":\"ListItem\",\"position\":4,\"name\":\"Dr. Laura Torreiter, Geography (M. A.)\"}]},{\"@type\":\"WebSite\",\"@id\":\"https:\/\/www.ils-forschung.de\/en\/#website\",\"url\":\"https:\/\/www.ils-forschung.de\/en\/\",\"name\":\"ILS - Institut f\u00fcr Landes- und Stadtentwicklungsforschung\",\"description\":\"Das ILS \u2013 Institut f\u00fcr Landes- und Stadtentwicklungsforschung ist ein raumwissenschaftliches au\u00dferuniversit\u00e4res Forschungsinstitut mit Sitz in Dortmund.\",\"potentialAction\":[{\"@type\":\"SearchAction\",\"target\":{\"@type\":\"EntryPoint\",\"urlTemplate\":\"https:\/\/www.ils-forschung.de\/en\/?s={search_term_string}\"},\"query-input\":{\"@type\":\"PropertyValueSpecification\",\"valueRequired\":true,\"valueName\":\"search_term_string\"}}],\"inLanguage\":\"en-US\"}]}<\/script>\n<!-- \/ Yoast SEO plugin. -->","yoast_head_json":{"title":"Dr. Laura Torreiter, Geography (M. A.) - ILS - Institut f\u00fcr Landes- und Stadtentwicklungsforschung","robots":{"index":"index","follow":"follow","max-snippet":"max-snippet:-1","max-image-preview":"max-image-preview:large","max-video-preview":"max-video-preview:-1"},"canonical":"https:\/\/www.ils-forschung.de\/en\/the-ils\/ils-staff\/torreiter-laura\/","og_locale":"en_US","og_type":"article","og_title":"Dr. Laura Torreiter, Geography (M. A.) - ILS - Institut f\u00fcr Landes- und Stadtentwicklungsforschung","og_url":"https:\/\/www.ils-forschung.de\/en\/the-ils\/ils-staff\/torreiter-laura\/","og_site_name":"ILS - Institut f\u00fcr Landes- und Stadtentwicklungsforschung","article_modified_time":"2026-04-13T11:27:09+00:00","twitter_card":"summary_large_image","twitter_site":"@ILS_forschung","twitter_misc":{"Est. reading time":"3 minutes"},"schema":{"@context":"https:\/\/schema.org","@graph":[{"@type":"WebPage","@id":"https:\/\/www.ils-forschung.de\/en\/the-ils\/ils-staff\/torreiter-laura\/","url":"https:\/\/www.ils-forschung.de\/en\/the-ils\/ils-staff\/torreiter-laura\/","name":"Dr. Laura Torreiter, Geography (M. A.) - ILS - Institut f\u00fcr Landes- und Stadtentwicklungsforschung","isPartOf":{"@id":"https:\/\/www.ils-forschung.de\/en\/#website"},"primaryImageOfPage":{"@id":"https:\/\/www.ils-forschung.de\/en\/the-ils\/ils-staff\/torreiter-laura\/#primaryimage"},"image":{"@id":"https:\/\/www.ils-forschung.de\/en\/the-ils\/ils-staff\/torreiter-laura\/#primaryimage"},"thumbnailUrl":"https:\/\/www.ils-forschung.de\/wp-content\/uploads\/2023\/04\/ils-social-share-logo.jpg","datePublished":"2024-07-15T10:57:17+00:00","dateModified":"2026-04-13T11:27:09+00:00","breadcrumb":{"@id":"https:\/\/www.ils-forschung.de\/en\/the-ils\/ils-staff\/torreiter-laura\/#breadcrumb"},"inLanguage":"en-US","potentialAction":[{"@type":"ReadAction","target":["https:\/\/www.ils-forschung.de\/en\/the-ils\/ils-staff\/torreiter-laura\/"]}]},{"@type":"ImageObject","inLanguage":"en-US","@id":"https:\/\/www.ils-forschung.de\/en\/the-ils\/ils-staff\/torreiter-laura\/#primaryimage","url":"https:\/\/www.ils-forschung.de\/wp-content\/uploads\/2023\/04\/ils-social-share-logo.jpg","contentUrl":"https:\/\/www.ils-forschung.de\/wp-content\/uploads\/2023\/04\/ils-social-share-logo.jpg","width":1200,"height":630},{"@type":"BreadcrumbList","@id":"https:\/\/www.ils-forschung.de\/en\/the-ils\/ils-staff\/torreiter-laura\/#breadcrumb","itemListElement":[{"@type":"ListItem","position":1,"name":"Home","item":"https:\/\/www.ils-forschung.de\/en\/"},{"@type":"ListItem","position":2,"name":"The ILS","item":"https:\/\/www.ils-forschung.de\/en\/the-ils\/"},{"@type":"ListItem","position":3,"name":"ILS staff","item":"https:\/\/www.ils-forschung.de\/en\/the-ils\/ils-staff\/"},{"@type":"ListItem","position":4,"name":"Dr. Laura Torreiter, Geography (M. A.)"}]},{"@type":"WebSite","@id":"https:\/\/www.ils-forschung.de\/en\/#website","url":"https:\/\/www.ils-forschung.de\/en\/","name":"ILS - Institut f\u00fcr Landes- und Stadtentwicklungsforschung","description":"Das ILS \u2013 Institut f\u00fcr Landes- und Stadtentwicklungsforschung ist ein raumwissenschaftliches au\u00dferuniversit\u00e4res Forschungsinstitut mit Sitz in Dortmund.","potentialAction":[{"@type":"SearchAction","target":{"@type":"EntryPoint","urlTemplate":"https:\/\/www.ils-forschung.de\/en\/?s={search_term_string}"},"query-input":{"@type":"PropertyValueSpecification","valueRequired":true,"valueName":"search_term_string"}}],"inLanguage":"en-US"}]}},"_links":{"self":[{"href":"https:\/\/www.ils-forschung.de\/en\/wp-json\/wp\/v2\/pages\/39080","targetHints":{"allow":["GET"]}}],"collection":[{"href":"https:\/\/www.ils-forschung.de\/en\/wp-json\/wp\/v2\/pages"}],"about":[{"href":"https:\/\/www.ils-forschung.de\/en\/wp-json\/wp\/v2\/types\/page"}],"author":[{"embeddable":true,"href":"https:\/\/www.ils-forschung.de\/en\/wp-json\/wp\/v2\/users\/14"}],"replies":[{"embeddable":true,"href":"https:\/\/www.ils-forschung.de\/en\/wp-json\/wp\/v2\/comments?post=39080"}],"version-history":[{"count":12,"href":"https:\/\/www.ils-forschung.de\/en\/wp-json\/wp\/v2\/pages\/39080\/revisions"}],"predecessor-version":[{"id":57210,"href":"https:\/\/www.ils-forschung.de\/en\/wp-json\/wp\/v2\/pages\/39080\/revisions\/57210"}],"up":[{"embeddable":true,"href":"https:\/\/www.ils-forschung.de\/en\/wp-json\/wp\/v2\/pages\/452"}],"wp:featuredmedia":[{"embeddable":true,"href":"https:\/\/www.ils-forschung.de\/en\/wp-json\/wp\/v2\/media\/29962"}],"wp:attachment":[{"href":"https:\/\/www.ils-forschung.de\/en\/wp-json\/wp\/v2\/media?parent=39080"}],"curies":[{"name":"wp","href":"https:\/\/api.w.org\/{rel}","templated":true}]}}