{"id":39015,"date":"2024-06-03T15:33:30","date_gmt":"2024-06-03T13:33:30","guid":{"rendered":"https:\/\/www.ils-forschung.de\/grusswort-geschaeftsfuehrung-2023\/"},"modified":"2024-07-12T16:30:43","modified_gmt":"2024-07-12T14:30:43","slug":"grusswort-geschaeftsfuehrung-2023","status":"publish","type":"page","link":"https:\/\/www.ils-forschung.de\/en\/grusswort-geschaeftsfuehrung-2023\/","title":{"rendered":"Gru\u00dfwort Gesch\u00e4ftsf\u00fchrung 2023"},"content":{"rendered":"<div class=\"fusion-fullwidth fullwidth-box fusion-builder-row-1 fusion-flex-container has-pattern-background has-mask-background nonhundred-percent-fullwidth non-hundred-percent-height-scrolling\" style=\"--awb-border-radius-top-left:0px;--awb-border-radius-top-right:0px;--awb-border-radius-bottom-right:0px;--awb-border-radius-bottom-left:0px;--awb-flex-wrap:wrap;\" ><div class=\"fusion-builder-row fusion-row fusion-flex-align-items-flex-start fusion-flex-content-wrap\" style=\"max-width:1144px;margin-left: calc(-4% \/ 2 );margin-right: calc(-4% \/ 2 );\"><div class=\"fusion-layout-column fusion_builder_column fusion-builder-column-0 fusion_builder_column_1_1 1_1 fusion-flex-column\" style=\"--awb-bg-size:cover;--awb-width-large:100%;--awb-margin-top-large:0px;--awb-spacing-right-large:1.92%;--awb-margin-bottom-large:20px;--awb-spacing-left-large:1.92%;--awb-width-medium:100%;--awb-order-medium:0;--awb-spacing-right-medium:1.92%;--awb-spacing-left-medium:1.92%;--awb-width-small:100%;--awb-order-small:0;--awb-spacing-right-small:1.92%;--awb-spacing-left-small:1.92%;\"><div class=\"fusion-column-wrapper fusion-column-has-shadow fusion-flex-justify-content-flex-start fusion-content-layout-column\"><div class=\"fusion-text fusion-text-1\"><p>Liebe Leser*innen,<br \/>\nim R\u00fcckblick dar\u00fcber nachzudenken, was das einschneidendste Erlebnis des vergangenen Jahres war, f\u00fchrt eindeutig zu dem Ergebnis: Wir haben die Corona-Pandemie \u00fcberwunden. Und es ist erstaunlich, wie schnell wir die widrigen Umst\u00e4nde der Pandemie vergessen haben. F\u00fcr das ILS, wie f\u00fcr die gesamte Wissenschaft und Gesellschaft bedeutet das, sich wieder ungehindert treffen und austauschen zu k\u00f6nnen. Denn trotz aller neuen digitalen M\u00f6glichkeiten hat sich doch durch die Einschr\u00e4nkungen der Pandemie gezeigt, wie wichtig die unmittelbare Begegnung f\u00fcr den Prozess von wissenschaftlicher Kreativit\u00e4t, dem Netzwerken und der Entwicklung von gemeinsamen L\u00f6sungen ist.<\/p>\n<p>Das ILS hat in 2023 seine Arbeitsteilung nach der Neustrukturierung in zwei Gesellschaften, der ILS-Mutter und der Tochter (ILS Research), erfolgreich verstetigt. In der Muttergesellschaft werden in einem gemeinsamen Arbeits- und Forschungsprogramm mit dem MHKBD wichtige und aktuelle Themen der stadt- und wohnungspolitischen Praxis in NRW bearbeitet: z. B. die Entwicklung unserer Innenst\u00e4dte, die Gestaltung nachhaltiger Quartiere oder die soziale Wohnungsversorgung. Und auch mit anderen NRW-Ministerien wurden wichtige Forschungs- und Begleithemen angesto\u00dfen (z. B. im Bereich der Verkehrs- und Mobilit\u00e4tspolitik). Bei diesen Forschungen spielt insbesondere auch der Transfer der Erkenntnisse in die \u00d6ffentlichkeit eine zentrale Rolle, der sich in verschiedenen Ausgaben unserer ILS-Publikationen Impulse, Trends und unserer Working Papers niedergeschlagen hat.<\/p>\n<p>In der ILS Research konnten wir unsere Drittmittelforschung weiter ausbauen, durch eine breite Mischung aus Forschungszuwendungen von EU, Bund, DFG und besonders erfolgreich auch durch unterschiedliche Stiftungen.<\/p>\n<p>Wichtige transdisziplin\u00e4re Kooperationen in unseren Forschungsprojekten in beiden Gesellschaften mit Kommunen charakterisieren dabei unsere praxisnahe Forschung in besonderer Weise. Alleine in NRW haben wir dabei mit \u00fcber 25 St\u00e4dten, Gemeinden und Landkreisen zusammengearbeitet. Und auch unsere Kooperationen mit Hochschulen und innerhalb der Johannes-Rau-Forschungsgemeinschaft (JRF) konnten im vergangenen Jahr intensiviert werden. Diese Breite an Kooperationen verdeutlicht die wichtige \u201eScharnierfunktion\u201c des ILS an der Schnittstelle zwischen anwendungsorientierter Grundlagenforschung und raumwissenschaftlicher Praxis.<\/p>\n<p>Dieser digitale Jahresbericht informiert Sie \u00fcber weitere aktuelle Entwicklungen im ILS und gibt einen \u00dcberblick \u00fcber die bearbeiteten Forschungsvorhaben sowie die Publikations- und Vortragst\u00e4tigkeit der Forschenden des ILS.<\/p>\n<p>Wir w\u00fcnschen Ihnen eine anregende Lekt\u00fcre!<\/p>\n<\/div><\/div><\/div><div class=\"fusion-layout-column fusion_builder_column fusion-builder-column-1 fusion_builder_column_3_5 3_5 fusion-flex-column\" style=\"--awb-bg-size:cover;--awb-width-large:60%;--awb-margin-top-large:0px;--awb-spacing-right-large:3.2%;--awb-margin-bottom-large:20px;--awb-spacing-left-large:3.2%;--awb-width-medium:100%;--awb-order-medium:0;--awb-spacing-right-medium:1.92%;--awb-spacing-left-medium:1.92%;--awb-width-small:100%;--awb-order-small:0;--awb-spacing-right-small:1.92%;--awb-spacing-left-small:1.92%;\"><div class=\"fusion-column-wrapper fusion-column-has-shadow fusion-flex-justify-content-flex-start fusion-content-layout-column\"><div class=\"fusion-image-element \" style=\"--awb-caption-title-font-family:var(--h2_typography-font-family);--awb-caption-title-font-weight:var(--h2_typography-font-weight);--awb-caption-title-font-style:var(--h2_typography-font-style);--awb-caption-title-size:var(--h2_typography-font-size);--awb-caption-title-transform:var(--h2_typography-text-transform);--awb-caption-title-line-height:var(--h2_typography-line-height);--awb-caption-title-letter-spacing:var(--h2_typography-letter-spacing);\"><span class=\" fusion-imageframe imageframe-none imageframe-1 hover-type-none\"><a href=\"https:\/\/www.ils-forschung.de\/wp-content\/uploads\/2024\/07\/ils-geschaftsfuhrung.jpg\" class=\"fusion-lightbox\" data-rel=\"iLightbox[10f836dc55d318135c3]\" data-title=\"ils-geschaftsfuhrung\" title=\"ils-geschaftsfuhrung\"><img decoding=\"async\" width=\"1800\" height=\"1200\" src=\"https:\/\/www.ils-forschung.de\/wp-content\/uploads\/2024\/07\/ils-geschaftsfuhrung.jpg\" alt class=\"img-responsive wp-image-38997\" srcset=\"https:\/\/www.ils-forschung.de\/wp-content\/uploads\/2024\/07\/ils-geschaftsfuhrung-200x133.jpg 200w, https:\/\/www.ils-forschung.de\/wp-content\/uploads\/2024\/07\/ils-geschaftsfuhrung-400x267.jpg 400w, https:\/\/www.ils-forschung.de\/wp-content\/uploads\/2024\/07\/ils-geschaftsfuhrung-600x400.jpg 600w, https:\/\/www.ils-forschung.de\/wp-content\/uploads\/2024\/07\/ils-geschaftsfuhrung-800x533.jpg 800w, https:\/\/www.ils-forschung.de\/wp-content\/uploads\/2024\/07\/ils-geschaftsfuhrung-1200x800.jpg 1200w, https:\/\/www.ils-forschung.de\/wp-content\/uploads\/2024\/07\/ils-geschaftsfuhrung.jpg 1800w\" sizes=\"(max-width: 1125px) 100vw, (max-width: 765px) 100vw, 800px\" \/><\/a><\/span><\/div><div class=\"fusion-text fusion-text-2\"><p><b>ILS-Gesch\u00e4ftsf\u00fchrung<\/b> (v.l.n.r.: <nobr>Dr. Andrea Dittrich-Wesbuer,<\/nobr> <nobr>Ralf Zimmer-Hegmann,<\/nobr> <nobr>Christina Borbach,<\/nobr> <nobr>G\u00fcrb\u00fcz Demirhan,<\/nobr> <nobr>Dr. Sabine Weck<\/nobr>)<\/p>\n<\/div><\/div><\/div><div class=\"fusion-layout-column fusion_builder_column fusion-builder-column-2 fusion_builder_column_1_1 1_1 fusion-flex-column\" style=\"--awb-bg-size:cover;--awb-width-large:100%;--awb-margin-top-large:0px;--awb-spacing-right-large:1.92%;--awb-margin-bottom-large:20px;--awb-spacing-left-large:1.92%;--awb-width-medium:100%;--awb-order-medium:0;--awb-spacing-right-medium:1.92%;--awb-spacing-left-medium:1.92%;--awb-width-small:100%;--awb-order-small:0;--awb-spacing-right-small:1.92%;--awb-spacing-left-small:1.92%;\"><div class=\"fusion-column-wrapper fusion-column-has-shadow fusion-flex-justify-content-flex-start fusion-content-layout-column\"><div class=\"fusion-text fusion-text-3\"><p>Zu \u201e<a href=\"https:\/\/www.ils-forschung.de\/zahlen-und-fakten-2023\/\">Zahlen und Fakten 2023<\/a>\u201c<br \/>\nZu \u201e<a href=\"https:\/\/www.ils-forschung.de\/output-des-ils-2023\/\">Projekte und Output 2023<\/a>\u201c<br \/>\nZu \u201e<a href=\"https:\/\/www.ils-forschung.de\/highlights-2023\/\">R\u00fcckblick auf das Jahr 2023<\/a>\u201c<\/p>\n<\/div><\/div><\/div><\/div><\/div>\n","protected":false},"excerpt":{"rendered":"","protected":false},"author":14,"featured_media":29963,"parent":0,"menu_order":0,"comment_status":"closed","ping_status":"closed","template":"","meta":{"footnotes":""},"class_list":["post-39015","page","type-page","status-publish","has-post-thumbnail","hentry"],"yoast_head":"<!-- This site is optimized with the Yoast SEO plugin v27.1.1 - https:\/\/yoast.com\/product\/yoast-seo-wordpress\/ -->\n<title>Gru\u00dfwort Gesch\u00e4ftsf\u00fchrung 2023 - ILS - Institut f\u00fcr Landes- und Stadtentwicklungsforschung<\/title>\n<meta name=\"robots\" content=\"noindex, nofollow\" \/>\n<meta property=\"og:locale\" content=\"en_US\" \/>\n<meta property=\"og:type\" content=\"article\" \/>\n<meta property=\"og:title\" content=\"Gru\u00dfwort Gesch\u00e4ftsf\u00fchrung 2023 - ILS - Institut f\u00fcr Landes- und Stadtentwicklungsforschung\" \/>\n<meta property=\"og:url\" content=\"https:\/\/www.ils-forschung.de\/en\/grusswort-geschaeftsfuehrung-2023\/\" \/>\n<meta property=\"og:site_name\" content=\"ILS - Institut f\u00fcr Landes- und Stadtentwicklungsforschung\" \/>\n<meta property=\"article:modified_time\" content=\"2024-07-12T14:30:43+00:00\" \/>\n<meta property=\"og:image\" content=\"https:\/\/www.ils-forschung.de\/wp-content\/uploads\/2023\/04\/ils-social-share-logo.jpg\" \/>\n\t<meta property=\"og:image:width\" content=\"1200\" \/>\n\t<meta property=\"og:image:height\" content=\"630\" \/>\n\t<meta property=\"og:image:type\" content=\"image\/jpeg\" \/>\n<meta name=\"twitter:card\" content=\"summary_large_image\" \/>\n<meta name=\"twitter:site\" content=\"@ILS_forschung\" \/>\n<meta name=\"twitter:label1\" content=\"Est. reading time\" \/>\n\t<meta name=\"twitter:data1\" content=\"3 minutes\" \/>\n<script type=\"application\/ld+json\" class=\"yoast-schema-graph\">{\"@context\":\"https:\/\/schema.org\",\"@graph\":[{\"@type\":\"WebPage\",\"@id\":\"https:\/\/www.ils-forschung.de\/en\/grusswort-geschaeftsfuehrung-2023\/\",\"url\":\"https:\/\/www.ils-forschung.de\/en\/grusswort-geschaeftsfuehrung-2023\/\",\"name\":\"Gru\u00dfwort Gesch\u00e4ftsf\u00fchrung 2023 - ILS - Institut f\u00fcr Landes- und Stadtentwicklungsforschung\",\"isPartOf\":{\"@id\":\"https:\/\/www.ils-forschung.de\/en\/#website\"},\"primaryImageOfPage\":{\"@id\":\"https:\/\/www.ils-forschung.de\/en\/grusswort-geschaeftsfuehrung-2023\/#primaryimage\"},\"image\":{\"@id\":\"https:\/\/www.ils-forschung.de\/en\/grusswort-geschaeftsfuehrung-2023\/#primaryimage\"},\"thumbnailUrl\":\"https:\/\/www.ils-forschung.de\/wp-content\/uploads\/2023\/04\/ils-social-share-logo.jpg\",\"datePublished\":\"2024-06-03T13:33:30+00:00\",\"dateModified\":\"2024-07-12T14:30:43+00:00\",\"breadcrumb\":{\"@id\":\"https:\/\/www.ils-forschung.de\/en\/grusswort-geschaeftsfuehrung-2023\/#breadcrumb\"},\"inLanguage\":\"en-US\",\"potentialAction\":[{\"@type\":\"ReadAction\",\"target\":[\"https:\/\/www.ils-forschung.de\/en\/grusswort-geschaeftsfuehrung-2023\/\"]}]},{\"@type\":\"ImageObject\",\"inLanguage\":\"en-US\",\"@id\":\"https:\/\/www.ils-forschung.de\/en\/grusswort-geschaeftsfuehrung-2023\/#primaryimage\",\"url\":\"https:\/\/www.ils-forschung.de\/wp-content\/uploads\/2023\/04\/ils-social-share-logo.jpg\",\"contentUrl\":\"https:\/\/www.ils-forschung.de\/wp-content\/uploads\/2023\/04\/ils-social-share-logo.jpg\",\"width\":1200,\"height\":630},{\"@type\":\"BreadcrumbList\",\"@id\":\"https:\/\/www.ils-forschung.de\/en\/grusswort-geschaeftsfuehrung-2023\/#breadcrumb\",\"itemListElement\":[{\"@type\":\"ListItem\",\"position\":1,\"name\":\"Home\",\"item\":\"https:\/\/www.ils-forschung.de\/en\/\"},{\"@type\":\"ListItem\",\"position\":2,\"name\":\"Gru\u00dfwort Gesch\u00e4ftsf\u00fchrung 2023\"}]},{\"@type\":\"WebSite\",\"@id\":\"https:\/\/www.ils-forschung.de\/en\/#website\",\"url\":\"https:\/\/www.ils-forschung.de\/en\/\",\"name\":\"ILS - Institut f\u00fcr Landes- und Stadtentwicklungsforschung\",\"description\":\"Das ILS \u2013 Institut f\u00fcr Landes- und Stadtentwicklungsforschung ist ein raumwissenschaftliches au\u00dferuniversit\u00e4res Forschungsinstitut mit Sitz in Dortmund.\",\"potentialAction\":[{\"@type\":\"SearchAction\",\"target\":{\"@type\":\"EntryPoint\",\"urlTemplate\":\"https:\/\/www.ils-forschung.de\/en\/?s={search_term_string}\"},\"query-input\":{\"@type\":\"PropertyValueSpecification\",\"valueRequired\":true,\"valueName\":\"search_term_string\"}}],\"inLanguage\":\"en-US\"}]}<\/script>\n<!-- \/ Yoast SEO plugin. -->","yoast_head_json":{"title":"Gru\u00dfwort Gesch\u00e4ftsf\u00fchrung 2023 - ILS - Institut f\u00fcr Landes- und Stadtentwicklungsforschung","robots":{"index":"noindex","follow":"nofollow"},"og_locale":"en_US","og_type":"article","og_title":"Gru\u00dfwort Gesch\u00e4ftsf\u00fchrung 2023 - ILS - Institut f\u00fcr Landes- und Stadtentwicklungsforschung","og_url":"https:\/\/www.ils-forschung.de\/en\/grusswort-geschaeftsfuehrung-2023\/","og_site_name":"ILS - Institut f\u00fcr Landes- und Stadtentwicklungsforschung","article_modified_time":"2024-07-12T14:30:43+00:00","og_image":[{"width":1200,"height":630,"url":"https:\/\/www.ils-forschung.de\/wp-content\/uploads\/2023\/04\/ils-social-share-logo.jpg","type":"image\/jpeg"}],"twitter_card":"summary_large_image","twitter_site":"@ILS_forschung","twitter_misc":{"Est. reading time":"3 minutes"},"schema":{"@context":"https:\/\/schema.org","@graph":[{"@type":"WebPage","@id":"https:\/\/www.ils-forschung.de\/en\/grusswort-geschaeftsfuehrung-2023\/","url":"https:\/\/www.ils-forschung.de\/en\/grusswort-geschaeftsfuehrung-2023\/","name":"Gru\u00dfwort Gesch\u00e4ftsf\u00fchrung 2023 - ILS - Institut f\u00fcr Landes- und Stadtentwicklungsforschung","isPartOf":{"@id":"https:\/\/www.ils-forschung.de\/en\/#website"},"primaryImageOfPage":{"@id":"https:\/\/www.ils-forschung.de\/en\/grusswort-geschaeftsfuehrung-2023\/#primaryimage"},"image":{"@id":"https:\/\/www.ils-forschung.de\/en\/grusswort-geschaeftsfuehrung-2023\/#primaryimage"},"thumbnailUrl":"https:\/\/www.ils-forschung.de\/wp-content\/uploads\/2023\/04\/ils-social-share-logo.jpg","datePublished":"2024-06-03T13:33:30+00:00","dateModified":"2024-07-12T14:30:43+00:00","breadcrumb":{"@id":"https:\/\/www.ils-forschung.de\/en\/grusswort-geschaeftsfuehrung-2023\/#breadcrumb"},"inLanguage":"en-US","potentialAction":[{"@type":"ReadAction","target":["https:\/\/www.ils-forschung.de\/en\/grusswort-geschaeftsfuehrung-2023\/"]}]},{"@type":"ImageObject","inLanguage":"en-US","@id":"https:\/\/www.ils-forschung.de\/en\/grusswort-geschaeftsfuehrung-2023\/#primaryimage","url":"https:\/\/www.ils-forschung.de\/wp-content\/uploads\/2023\/04\/ils-social-share-logo.jpg","contentUrl":"https:\/\/www.ils-forschung.de\/wp-content\/uploads\/2023\/04\/ils-social-share-logo.jpg","width":1200,"height":630},{"@type":"BreadcrumbList","@id":"https:\/\/www.ils-forschung.de\/en\/grusswort-geschaeftsfuehrung-2023\/#breadcrumb","itemListElement":[{"@type":"ListItem","position":1,"name":"Home","item":"https:\/\/www.ils-forschung.de\/en\/"},{"@type":"ListItem","position":2,"name":"Gru\u00dfwort Gesch\u00e4ftsf\u00fchrung 2023"}]},{"@type":"WebSite","@id":"https:\/\/www.ils-forschung.de\/en\/#website","url":"https:\/\/www.ils-forschung.de\/en\/","name":"ILS - Institut f\u00fcr Landes- und Stadtentwicklungsforschung","description":"Das ILS \u2013 Institut f\u00fcr Landes- und Stadtentwicklungsforschung ist ein raumwissenschaftliches au\u00dferuniversit\u00e4res Forschungsinstitut mit Sitz in Dortmund.","potentialAction":[{"@type":"SearchAction","target":{"@type":"EntryPoint","urlTemplate":"https:\/\/www.ils-forschung.de\/en\/?s={search_term_string}"},"query-input":{"@type":"PropertyValueSpecification","valueRequired":true,"valueName":"search_term_string"}}],"inLanguage":"en-US"}]}},"_links":{"self":[{"href":"https:\/\/www.ils-forschung.de\/en\/wp-json\/wp\/v2\/pages\/39015","targetHints":{"allow":["GET"]}}],"collection":[{"href":"https:\/\/www.ils-forschung.de\/en\/wp-json\/wp\/v2\/pages"}],"about":[{"href":"https:\/\/www.ils-forschung.de\/en\/wp-json\/wp\/v2\/types\/page"}],"author":[{"embeddable":true,"href":"https:\/\/www.ils-forschung.de\/en\/wp-json\/wp\/v2\/users\/14"}],"replies":[{"embeddable":true,"href":"https:\/\/www.ils-forschung.de\/en\/wp-json\/wp\/v2\/comments?post=39015"}],"version-history":[{"count":1,"href":"https:\/\/www.ils-forschung.de\/en\/wp-json\/wp\/v2\/pages\/39015\/revisions"}],"predecessor-version":[{"id":39016,"href":"https:\/\/www.ils-forschung.de\/en\/wp-json\/wp\/v2\/pages\/39015\/revisions\/39016"}],"wp:featuredmedia":[{"embeddable":true,"href":"https:\/\/www.ils-forschung.de\/en\/wp-json\/wp\/v2\/media\/29963"}],"wp:attachment":[{"href":"https:\/\/www.ils-forschung.de\/en\/wp-json\/wp\/v2\/media?parent=39015"}],"curies":[{"name":"wp","href":"https:\/\/api.w.org\/{rel}","templated":true}]}}