{"id":38406,"date":"2024-06-11T13:05:55","date_gmt":"2024-06-11T11:05:55","guid":{"rendered":"https:\/\/www.ils-forschung.de\/the-ils\/ils-staff\/friese-sarah\/"},"modified":"2026-02-13T12:46:57","modified_gmt":"2026-02-13T11:46:57","slug":"friese-sarah","status":"publish","type":"page","link":"https:\/\/www.ils-forschung.de\/en\/the-ils\/ils-staff\/friese-sarah\/","title":{"rendered":"Sarah Friese, Renewable Energies Management (M.Sc.)"},"content":{"rendered":"<div class=\"fusion-fullwidth fullwidth-box fusion-builder-row-1 fusion-flex-container nonhundred-percent-fullwidth non-hundred-percent-height-scrolling\" style=\"--awb-border-radius-top-left:0px;--awb-border-radius-top-right:0px;--awb-border-radius-bottom-right:0px;--awb-border-radius-bottom-left:0px;--awb-flex-wrap:wrap;\" ><div class=\"fusion-builder-row fusion-row fusion-flex-align-items-flex-start fusion-flex-content-wrap\" style=\"max-width:1144px;margin-left: calc(-4% \/ 2 );margin-right: calc(-4% \/ 2 );\"><div class=\"fusion-layout-column fusion_builder_column fusion-builder-column-0 fusion_builder_column_1_1 1_1 fusion-flex-column\" style=\"--awb-bg-size:cover;--awb-width-large:100%;--awb-margin-top-large:0px;--awb-spacing-right-large:1.92%;--awb-margin-bottom-large:20px;--awb-spacing-left-large:1.92%;--awb-width-medium:100%;--awb-spacing-right-medium:1.92%;--awb-spacing-left-medium:1.92%;--awb-width-small:100%;--awb-spacing-right-small:1.92%;--awb-spacing-left-small:1.92%;\"><div class=\"fusion-column-wrapper fusion-flex-justify-content-flex-start fusion-content-layout-column\"><div class=\"fusion-builder-row fusion-builder-row-inner fusion-row fusion-flex-align-items-flex-start fusion-flex-content-wrap\" style=\"width:104% !important;max-width:104% !important;margin-left: calc(-4% \/ 2 );margin-right: calc(-4% \/ 2 );\"><div class=\"fusion-layout-column fusion_builder_column_inner fusion-builder-nested-column-0 fusion_builder_column_inner_1_4 1_4 fusion-flex-column\" style=\"--awb-bg-size:cover;--awb-width-large:25%;--awb-margin-top-large:0px;--awb-spacing-right-large:7.68%;--awb-margin-bottom-large:20px;--awb-spacing-left-large:7.68%;--awb-width-medium:100%;--awb-spacing-right-medium:1.92%;--awb-spacing-left-medium:1.92%;--awb-width-small:100%;--awb-spacing-right-small:1.92%;--awb-spacing-left-small:1.92%;\"><div class=\"fusion-column-wrapper fusion-flex-justify-content-flex-start fusion-content-layout-column\"><div class=\"fusion-image-element \" style=\"--awb-caption-title-font-family:var(--h2_typography-font-family);--awb-caption-title-font-weight:var(--h2_typography-font-weight);--awb-caption-title-font-style:var(--h2_typography-font-style);--awb-caption-title-size:var(--h2_typography-font-size);--awb-caption-title-transform:var(--h2_typography-text-transform);--awb-caption-title-line-height:var(--h2_typography-line-height);--awb-caption-title-letter-spacing:var(--h2_typography-letter-spacing);\"><span class=\" fusion-imageframe imageframe-none imageframe-1 hover-type-none\"><img decoding=\"async\" width=\"1000\" height=\"1500\" title=\"sarah-friese\" src=\"https:\/\/www.ils-forschung.de\/wp-content\/uploads\/2024\/07\/sarah-friese.jpg\" alt class=\"img-responsive wp-image-39398\" srcset=\"https:\/\/www.ils-forschung.de\/wp-content\/uploads\/2024\/07\/sarah-friese-200x300.jpg 200w, https:\/\/www.ils-forschung.de\/wp-content\/uploads\/2024\/07\/sarah-friese-400x600.jpg 400w, https:\/\/www.ils-forschung.de\/wp-content\/uploads\/2024\/07\/sarah-friese-600x900.jpg 600w, https:\/\/www.ils-forschung.de\/wp-content\/uploads\/2024\/07\/sarah-friese-800x1200.jpg 800w, https:\/\/www.ils-forschung.de\/wp-content\/uploads\/2024\/07\/sarah-friese.jpg 1000w\" sizes=\"(max-width: 1125px) 100vw, (max-width: 765px) 100vw, 400px\" \/><\/span><\/div><\/div><\/div><div class=\"fusion-layout-column fusion_builder_column_inner fusion-builder-nested-column-1 fusion_builder_column_inner_3_4 3_4 fusion-flex-column\" style=\"--awb-bg-size:cover;--awb-width-large:75%;--awb-margin-top-large:0px;--awb-spacing-right-large:2.56%;--awb-margin-bottom-large:20px;--awb-spacing-left-large:2.56%;--awb-width-medium:100%;--awb-spacing-right-medium:1.92%;--awb-spacing-left-medium:1.92%;--awb-width-small:100%;--awb-spacing-right-small:1.92%;--awb-spacing-left-small:1.92%;\"><div class=\"fusion-column-wrapper fusion-flex-justify-content-flex-start fusion-content-layout-column\"><div class=\"fusion-text fusion-text-1\"><p>Bachelor&#8217;s degree in \u201cIndustrial Engineering for Sustainable Technologies\u201d at Nordhausen University of Applied Sciences. Master&#8217;s degree in \u201cRenewable Energy Management\u201d at the University of Applied Sciences in Erfurt. Study visit to Arusha, Tanzania.<\/p>\n<p><strong>Research interests:<\/strong><\/p>\n<ul>\n<li>Energy transition<\/li>\n<li>Renewable energies in spatial planning<\/li>\n<\/ul>\n<\/div><div class=\"fusion-text fusion-text-2\"><p><strong>Contact:<\/strong><br \/>\nPhone: + 49 (0) 231 9051-150<br \/>\nE-Mail: <a href=\"mailto:sarah.friese@ils-research.de\">sarah.friese@ils-research.de<\/a><\/p>\n<\/div><\/div><\/div><div class=\"fusion-layout-column fusion_builder_column_inner fusion-builder-nested-column-2 fusion_builder_column_inner_1_1 1_1 fusion-flex-column\" style=\"--awb-bg-size:cover;--awb-width-large:100%;--awb-margin-top-large:0px;--awb-spacing-right-large:1.92%;--awb-margin-bottom-large:20px;--awb-spacing-left-large:1.92%;--awb-width-medium:100%;--awb-order-medium:0;--awb-spacing-right-medium:1.92%;--awb-spacing-left-medium:1.92%;--awb-width-small:100%;--awb-order-small:0;--awb-spacing-right-small:1.92%;--awb-spacing-left-small:1.92%;\"><div class=\"fusion-column-wrapper fusion-column-has-shadow fusion-flex-justify-content-flex-start fusion-content-layout-column\"><div class=\"fusion-text fusion-text-3\"><h2>Doctoral dissertation<\/h2>\n<p><strong>Title of the doctoral thesis<\/strong><br \/>\n\u201cImplementation of nationwide targets for a sustainable energy transition at regional level: assessment criteria \u2013 evaluation \u2013 potential for improvement\u201d (working title)<\/p>\n<p><strong>Supervision of the doctoral thesis<\/strong><br \/>\nProf. Dr.-Ing. Martin Faulstich, TU Dortmund University, Faculty of Spatial Planning, Chair of Resource and Energy Systems<\/p>\n<p><strong>Doctoral scholarship<\/strong><br \/>\n2022 \u2013 2024 Doctoral scholarship from the INZIN Institute, D\u00fcsseldorf<\/p>\n<\/div><\/div><\/div><\/div><div class=\"fusion-separator fusion-full-width-sep\" style=\"align-self: center;margin-left: auto;margin-right: auto;margin-top:20px;margin-bottom:20px;width:100%;\"><\/div><div class=\"fusion-text fusion-text-4\">\n<\/div><div class=\"fusion-separator fusion-full-width-sep\" style=\"align-self: center;margin-left: auto;margin-right: auto;margin-top:20px;margin-bottom:20px;width:100%;\"><\/div><div class=\"fusion-text fusion-text-5\"><h3>Publications (Selection)<\/h3>\n<\/div><div class=\"accordian fusion-accordian\" style=\"--awb-border-size:1px;--awb-icon-size:16px;--awb-content-font-size:16px;--awb-icon-alignment:left;--awb-hover-color:#f9f9f9;--awb-border-color:#cccccc;--awb-background-color:#ffffff;--awb-divider-color:#e0dede;--awb-divider-hover-color:#e0dede;--awb-icon-color:#ffffff;--awb-title-color:#000000;--awb-content-color:#000000;--awb-icon-box-color:var(--awb-color7);--awb-toggle-hover-accent-color:var(--awb-custom10);--awb-title-font-family:&quot;Source Sans 3&quot;;--awb-title-font-weight:400;--awb-title-font-style:normal;--awb-title-font-size:16px;--awb-content-font-family:&quot;Source Sans 3&quot;;--awb-content-font-style:normal;--awb-content-font-weight:400;\"><div class=\"panel-group fusion-toggle-icon-boxed\" id=\"accordion-38406-1\"><div class=\"fusion-panel panel-default panel-4081df66101e5a6db fusion-toggle-has-divider\"><div class=\"panel-heading\"><h4 class=\"panel-title toggle\" id=\"toggle_4081df66101e5a6db\"><a aria-expanded=\"false\" aria-controls=\"4081df66101e5a6db\" role=\"button\" data-toggle=\"collapse\" data-parent=\"#accordion-38406-1\" data-target=\"#4081df66101e5a6db\" href=\"#4081df66101e5a6db\"><span class=\"fusion-toggle-icon-wrapper\" aria-hidden=\"true\"><i class=\"fa-fusion-box active-icon awb-icon-minus\" aria-hidden=\"true\"><\/i><i class=\"fa-fusion-box inactive-icon awb-icon-plus\" aria-hidden=\"true\"><\/i><\/span><span class=\"fusion-toggle-heading\">Non-Refereed Articles<\/span><\/a><\/h4><\/div><div id=\"4081df66101e5a6db\" class=\"panel-collapse collapse \" aria-labelledby=\"toggle_4081df66101e5a6db\"><div class=\"panel-body toggle-content fusion-clearfix\">\n<ul>\n<li>Schulwitz, Martin; Adisorn, Thomas; Cohrs, Alena; Friese, Sarah; Jegen, Pauline; M\u00e4rz, Steven; Pol\u00edvka, Jan; Rubarth, Antonia (2024): POWER f\u00fcr die W\u00e4rmewende \u2013 Potenziale von Wasserkreisl\u00e4ufen zur W\u00e4rmenutzung in nutzungsgemischten Baubl\u00f6cken hoher Dichte. In: Transforming Cities 9, 1, 21\u201326.<\/li>\n<\/ul>\n<p>&nbsp;<\/p>\n<ul>\n<li>Friese, Sarah; Roselt, Kersten (2022): <a href=\"https:\/\/www.argos-verlag.de\/wp-content\/uploads\/2022\/07\/ARGOS_2022_1web.pdf\" target=\"_blank\" rel=\"noopener\">smood goes Dubai \u2013 Th\u00fcringer Innovationen im Deutschen Pavillon in Dubai<\/a>. In: ARGOS 30, 1, 28\u201332.<\/li>\n<\/ul>\n<\/div><\/div><\/div><div class=\"fusion-panel panel-default panel-bf5d6ed15f6b6e4b9 fusion-toggle-has-divider\"><div class=\"panel-heading\"><h4 class=\"panel-title toggle\" id=\"toggle_bf5d6ed15f6b6e4b9\"><a aria-expanded=\"false\" aria-controls=\"bf5d6ed15f6b6e4b9\" role=\"button\" data-toggle=\"collapse\" data-parent=\"#accordion-38406-1\" data-target=\"#bf5d6ed15f6b6e4b9\" href=\"#bf5d6ed15f6b6e4b9\"><span class=\"fusion-toggle-icon-wrapper\" aria-hidden=\"true\"><i class=\"fa-fusion-box active-icon awb-icon-minus\" aria-hidden=\"true\"><\/i><i class=\"fa-fusion-box inactive-icon awb-icon-plus\" aria-hidden=\"true\"><\/i><\/span><span class=\"fusion-toggle-heading\">Transfer and Policy Papers, Working Papers<\/span><\/a><\/h4><\/div><div id=\"bf5d6ed15f6b6e4b9\" class=\"panel-collapse collapse \" aria-labelledby=\"toggle_bf5d6ed15f6b6e4b9\"><div class=\"panel-body toggle-content fusion-clearfix\">\n<ul>\n<li>Friese, Sarah; Kelly, Ryan; Krieger, Susanne; Marschall, Jonas; Mbah, Melanie; Uhlig, Ingo; Vogel, Moritz; Weber, Annika; Weith, Ann-Kathrin; Weith, Thomas; Wingenbach, Marion (2026): <a href=\"https:\/\/www.plantiefen.de\/publikationen\">Energiekulturen. Atlas regionaler Energiewende \u2013 Geschichte, Planung, Vision<\/a>. Berlin.<\/li>\n<\/ul>\n<ul>\n<li>Pol\u00edvka, Jan; Cohrs, Alena; Marschall, Jonas; Schulwitz, Martin; Friese, Sarah; Jegen, Pauline; Rubarth, Antonia; S\u00f6fker-Rieniets, Anne; M\u00e4rz, Steven; Adisorn, Thomas (2024): <a href=\"https:\/\/www.bbsr.bund.de\/BBSR\/DE\/veroeffentlichungen\/bbsr-online\/2024\/bbsr-online-120-2024.html\" target=\"_blank\" rel=\"noopener\">Potenziale von Wasserkreisl\u00e4ufen zur gemeinschaftlichen und effizienten Energie- und Ressourcennutzung in nutzungsgemischten Baubl\u00f6cken hoher Dichte<\/a>. BBSR-Online-Publikation 120. Bonn.<\/li>\n<\/ul>\n<\/div><\/div><\/div><\/div><\/div><div class=\"fusion-separator fusion-full-width-sep\" style=\"align-self: center;margin-left: auto;margin-right: auto;margin-top:20px;margin-bottom:20px;width:100%;\"><\/div><div class=\"fusion-text fusion-text-6\"><h3>Presentations (Selection)<\/h3>\n<\/div><div class=\"accordian fusion-accordian\" style=\"--awb-border-size:1px;--awb-icon-size:16px;--awb-content-font-size:16px;--awb-icon-alignment:left;--awb-hover-color:#f9f9f9;--awb-border-color:#cccccc;--awb-background-color:#ffffff;--awb-divider-color:#e0dede;--awb-divider-hover-color:#e0dede;--awb-icon-color:#ffffff;--awb-title-color:#ff9900;--awb-content-color:#333333;--awb-icon-box-color:var(--awb-color7);--awb-toggle-hover-accent-color:var(--awb-custom10);--awb-title-font-family:&quot;Source Sans 3&quot;;--awb-title-font-weight:400;--awb-title-font-style:normal;--awb-title-font-size:16px;--awb-title-line-height:1.5;--awb-content-font-family:&quot;Source Sans 3&quot;;--awb-content-font-style:normal;--awb-content-font-weight:400;\"><div class=\"panel-group fusion-toggle-icon-boxed\" id=\"accordion-38406-2\"><div class=\"fusion-panel panel-default panel-b9d52c3ee7b8e8789 fusion-toggle-has-divider\" style=\"--awb-title-color:#000000;--awb-content-color:#000000;\"><div class=\"panel-heading\"><h4 class=\"panel-title toggle\" id=\"toggle_b9d52c3ee7b8e8789\"><a aria-expanded=\"false\" aria-controls=\"b9d52c3ee7b8e8789\" role=\"button\" data-toggle=\"collapse\" data-parent=\"#accordion-38406-2\" data-target=\"#b9d52c3ee7b8e8789\" href=\"#b9d52c3ee7b8e8789\"><span class=\"fusion-toggle-icon-wrapper\" aria-hidden=\"true\"><i class=\"fa-fusion-box active-icon awb-icon-minus\" aria-hidden=\"true\"><\/i><i class=\"fa-fusion-box inactive-icon awb-icon-plus\" aria-hidden=\"true\"><\/i><\/span><span class=\"fusion-toggle-heading\">Refereed conference presentations<\/span><\/a><\/h4><\/div><div id=\"b9d52c3ee7b8e8789\" class=\"panel-collapse collapse \" aria-labelledby=\"toggle_b9d52c3ee7b8e8789\"><div class=\"panel-body toggle-content fusion-clearfix\">\n<ul>\n<li>Transformation der Planung durch die Integration regionaler soziokultureller Faktoren? (Kelly, Ryan; gemeinsam mit Mbah, Melanie*; Lampke, Alexandra*; Friese, Sarah*; Uhlig, Ingo*; Krieger, Susanne*). Vortrag auf dem ARL-Kongress 2025 \u201eZukunft jetzt! &#8211; Die sozial-\u00f6kologische Transformation gestalten\u201c, 27.03.2025, Halle (Saale).<\/li>\n<\/ul>\n<p>&nbsp;<\/p>\n<ul>\n<li>Participation processes and planning in practice: examples from the PlanTieFEn project (Weith, Thomas; Marschall, Jonas; gemeinsam mit Friese, Sarah*). Vortrag auf dem Sustainability Science Summit 2025: Advancing Sustainable Development des DKN \u2013 Deutsches Komitee f\u00fcr Nachhaltigkeitsforschung in Future Earth, 21.02.2025, Berlin.<\/li>\n<\/ul>\n<p>&nbsp;<\/p>\n<ul>\n<li>Erfolgsfaktoren f\u00fcr die kommunale Energiewende: Analyse von Planungsinstrumenten, rechtlichen Rahmenbedingungen und Governance-Strukturen in drei Modellregionen (gemeinsam mit Marschall, Jonas; Weith, Thomas). Vortrag auf der 7. Dortmunder Konferenz Raum- und Planungsforschung \u201eGrund zum Planen in Zeiten multipler Krisen\u201c, 12.02.2025, Dortmund.<\/li>\n<\/ul>\n<\/div><\/div><\/div><\/div><\/div><\/div><\/div><\/div><\/div>\n","protected":false},"excerpt":{"rendered":"","protected":false},"author":14,"featured_media":29962,"parent":452,"menu_order":0,"comment_status":"closed","ping_status":"closed","template":"","meta":{"footnotes":""},"class_list":["post-38406","page","type-page","status-publish","has-post-thumbnail","hentry"],"yoast_head":"<!-- This site is optimized with the Yoast SEO plugin v27.1.1 - https:\/\/yoast.com\/product\/yoast-seo-wordpress\/ -->\n<title>Sarah Friese, Renewable Energies Management (M.Sc.) - ILS - Institut f\u00fcr Landes- und Stadtentwicklungsforschung<\/title>\n<meta name=\"robots\" content=\"index, follow, max-snippet:-1, max-image-preview:large, max-video-preview:-1\" \/>\n<link rel=\"canonical\" href=\"https:\/\/www.ils-forschung.de\/en\/the-ils\/ils-staff\/friese-sarah\/\" \/>\n<meta property=\"og:locale\" content=\"en_US\" \/>\n<meta property=\"og:type\" content=\"article\" \/>\n<meta property=\"og:title\" content=\"Sarah Friese, Renewable Energies Management (M.Sc.) - ILS - Institut f\u00fcr Landes- und Stadtentwicklungsforschung\" \/>\n<meta property=\"og:url\" content=\"https:\/\/www.ils-forschung.de\/en\/the-ils\/ils-staff\/friese-sarah\/\" \/>\n<meta property=\"og:site_name\" content=\"ILS - Institut f\u00fcr Landes- und Stadtentwicklungsforschung\" \/>\n<meta property=\"article:modified_time\" content=\"2026-02-13T11:46:57+00:00\" \/>\n<meta name=\"twitter:card\" content=\"summary_large_image\" \/>\n<meta name=\"twitter:site\" content=\"@ILS_forschung\" \/>\n<meta name=\"twitter:label1\" content=\"Est. reading time\" \/>\n\t<meta name=\"twitter:data1\" content=\"3 minutes\" \/>\n<script type=\"application\/ld+json\" class=\"yoast-schema-graph\">{\"@context\":\"https:\/\/schema.org\",\"@graph\":[{\"@type\":\"WebPage\",\"@id\":\"https:\/\/www.ils-forschung.de\/en\/the-ils\/ils-staff\/friese-sarah\/\",\"url\":\"https:\/\/www.ils-forschung.de\/en\/the-ils\/ils-staff\/friese-sarah\/\",\"name\":\"Sarah Friese, Renewable Energies Management (M.Sc.) - ILS - Institut f\u00fcr Landes- und Stadtentwicklungsforschung\",\"isPartOf\":{\"@id\":\"https:\/\/www.ils-forschung.de\/en\/#website\"},\"primaryImageOfPage\":{\"@id\":\"https:\/\/www.ils-forschung.de\/en\/the-ils\/ils-staff\/friese-sarah\/#primaryimage\"},\"image\":{\"@id\":\"https:\/\/www.ils-forschung.de\/en\/the-ils\/ils-staff\/friese-sarah\/#primaryimage\"},\"thumbnailUrl\":\"https:\/\/www.ils-forschung.de\/wp-content\/uploads\/2023\/04\/ils-social-share-logo.jpg\",\"datePublished\":\"2024-06-11T11:05:55+00:00\",\"dateModified\":\"2026-02-13T11:46:57+00:00\",\"breadcrumb\":{\"@id\":\"https:\/\/www.ils-forschung.de\/en\/the-ils\/ils-staff\/friese-sarah\/#breadcrumb\"},\"inLanguage\":\"en-US\",\"potentialAction\":[{\"@type\":\"ReadAction\",\"target\":[\"https:\/\/www.ils-forschung.de\/en\/the-ils\/ils-staff\/friese-sarah\/\"]}]},{\"@type\":\"ImageObject\",\"inLanguage\":\"en-US\",\"@id\":\"https:\/\/www.ils-forschung.de\/en\/the-ils\/ils-staff\/friese-sarah\/#primaryimage\",\"url\":\"https:\/\/www.ils-forschung.de\/wp-content\/uploads\/2023\/04\/ils-social-share-logo.jpg\",\"contentUrl\":\"https:\/\/www.ils-forschung.de\/wp-content\/uploads\/2023\/04\/ils-social-share-logo.jpg\",\"width\":1200,\"height\":630},{\"@type\":\"BreadcrumbList\",\"@id\":\"https:\/\/www.ils-forschung.de\/en\/the-ils\/ils-staff\/friese-sarah\/#breadcrumb\",\"itemListElement\":[{\"@type\":\"ListItem\",\"position\":1,\"name\":\"Home\",\"item\":\"https:\/\/www.ils-forschung.de\/en\/\"},{\"@type\":\"ListItem\",\"position\":2,\"name\":\"The ILS\",\"item\":\"https:\/\/www.ils-forschung.de\/en\/the-ils\/\"},{\"@type\":\"ListItem\",\"position\":3,\"name\":\"ILS staff\",\"item\":\"https:\/\/www.ils-forschung.de\/en\/the-ils\/ils-staff\/\"},{\"@type\":\"ListItem\",\"position\":4,\"name\":\"Sarah Friese, Renewable Energies Management (M.Sc.)\"}]},{\"@type\":\"WebSite\",\"@id\":\"https:\/\/www.ils-forschung.de\/en\/#website\",\"url\":\"https:\/\/www.ils-forschung.de\/en\/\",\"name\":\"ILS - Institut f\u00fcr Landes- und Stadtentwicklungsforschung\",\"description\":\"Das ILS \u2013 Institut f\u00fcr Landes- und Stadtentwicklungsforschung ist ein raumwissenschaftliches au\u00dferuniversit\u00e4res Forschungsinstitut mit Sitz in Dortmund.\",\"potentialAction\":[{\"@type\":\"SearchAction\",\"target\":{\"@type\":\"EntryPoint\",\"urlTemplate\":\"https:\/\/www.ils-forschung.de\/en\/?s={search_term_string}\"},\"query-input\":{\"@type\":\"PropertyValueSpecification\",\"valueRequired\":true,\"valueName\":\"search_term_string\"}}],\"inLanguage\":\"en-US\"}]}<\/script>\n<!-- \/ Yoast SEO plugin. -->","yoast_head_json":{"title":"Sarah Friese, Renewable Energies Management (M.Sc.) - ILS - Institut f\u00fcr Landes- und Stadtentwicklungsforschung","robots":{"index":"index","follow":"follow","max-snippet":"max-snippet:-1","max-image-preview":"max-image-preview:large","max-video-preview":"max-video-preview:-1"},"canonical":"https:\/\/www.ils-forschung.de\/en\/the-ils\/ils-staff\/friese-sarah\/","og_locale":"en_US","og_type":"article","og_title":"Sarah Friese, Renewable Energies Management (M.Sc.) - ILS - Institut f\u00fcr Landes- und Stadtentwicklungsforschung","og_url":"https:\/\/www.ils-forschung.de\/en\/the-ils\/ils-staff\/friese-sarah\/","og_site_name":"ILS - Institut f\u00fcr Landes- und Stadtentwicklungsforschung","article_modified_time":"2026-02-13T11:46:57+00:00","twitter_card":"summary_large_image","twitter_site":"@ILS_forschung","twitter_misc":{"Est. reading time":"3 minutes"},"schema":{"@context":"https:\/\/schema.org","@graph":[{"@type":"WebPage","@id":"https:\/\/www.ils-forschung.de\/en\/the-ils\/ils-staff\/friese-sarah\/","url":"https:\/\/www.ils-forschung.de\/en\/the-ils\/ils-staff\/friese-sarah\/","name":"Sarah Friese, Renewable Energies Management (M.Sc.) - ILS - Institut f\u00fcr Landes- und Stadtentwicklungsforschung","isPartOf":{"@id":"https:\/\/www.ils-forschung.de\/en\/#website"},"primaryImageOfPage":{"@id":"https:\/\/www.ils-forschung.de\/en\/the-ils\/ils-staff\/friese-sarah\/#primaryimage"},"image":{"@id":"https:\/\/www.ils-forschung.de\/en\/the-ils\/ils-staff\/friese-sarah\/#primaryimage"},"thumbnailUrl":"https:\/\/www.ils-forschung.de\/wp-content\/uploads\/2023\/04\/ils-social-share-logo.jpg","datePublished":"2024-06-11T11:05:55+00:00","dateModified":"2026-02-13T11:46:57+00:00","breadcrumb":{"@id":"https:\/\/www.ils-forschung.de\/en\/the-ils\/ils-staff\/friese-sarah\/#breadcrumb"},"inLanguage":"en-US","potentialAction":[{"@type":"ReadAction","target":["https:\/\/www.ils-forschung.de\/en\/the-ils\/ils-staff\/friese-sarah\/"]}]},{"@type":"ImageObject","inLanguage":"en-US","@id":"https:\/\/www.ils-forschung.de\/en\/the-ils\/ils-staff\/friese-sarah\/#primaryimage","url":"https:\/\/www.ils-forschung.de\/wp-content\/uploads\/2023\/04\/ils-social-share-logo.jpg","contentUrl":"https:\/\/www.ils-forschung.de\/wp-content\/uploads\/2023\/04\/ils-social-share-logo.jpg","width":1200,"height":630},{"@type":"BreadcrumbList","@id":"https:\/\/www.ils-forschung.de\/en\/the-ils\/ils-staff\/friese-sarah\/#breadcrumb","itemListElement":[{"@type":"ListItem","position":1,"name":"Home","item":"https:\/\/www.ils-forschung.de\/en\/"},{"@type":"ListItem","position":2,"name":"The ILS","item":"https:\/\/www.ils-forschung.de\/en\/the-ils\/"},{"@type":"ListItem","position":3,"name":"ILS staff","item":"https:\/\/www.ils-forschung.de\/en\/the-ils\/ils-staff\/"},{"@type":"ListItem","position":4,"name":"Sarah Friese, Renewable Energies Management (M.Sc.)"}]},{"@type":"WebSite","@id":"https:\/\/www.ils-forschung.de\/en\/#website","url":"https:\/\/www.ils-forschung.de\/en\/","name":"ILS - Institut f\u00fcr Landes- und Stadtentwicklungsforschung","description":"Das ILS \u2013 Institut f\u00fcr Landes- und Stadtentwicklungsforschung ist ein raumwissenschaftliches au\u00dferuniversit\u00e4res Forschungsinstitut mit Sitz in Dortmund.","potentialAction":[{"@type":"SearchAction","target":{"@type":"EntryPoint","urlTemplate":"https:\/\/www.ils-forschung.de\/en\/?s={search_term_string}"},"query-input":{"@type":"PropertyValueSpecification","valueRequired":true,"valueName":"search_term_string"}}],"inLanguage":"en-US"}]}},"_links":{"self":[{"href":"https:\/\/www.ils-forschung.de\/en\/wp-json\/wp\/v2\/pages\/38406","targetHints":{"allow":["GET"]}}],"collection":[{"href":"https:\/\/www.ils-forschung.de\/en\/wp-json\/wp\/v2\/pages"}],"about":[{"href":"https:\/\/www.ils-forschung.de\/en\/wp-json\/wp\/v2\/types\/page"}],"author":[{"embeddable":true,"href":"https:\/\/www.ils-forschung.de\/en\/wp-json\/wp\/v2\/users\/14"}],"replies":[{"embeddable":true,"href":"https:\/\/www.ils-forschung.de\/en\/wp-json\/wp\/v2\/comments?post=38406"}],"version-history":[{"count":12,"href":"https:\/\/www.ils-forschung.de\/en\/wp-json\/wp\/v2\/pages\/38406\/revisions"}],"predecessor-version":[{"id":55513,"href":"https:\/\/www.ils-forschung.de\/en\/wp-json\/wp\/v2\/pages\/38406\/revisions\/55513"}],"up":[{"embeddable":true,"href":"https:\/\/www.ils-forschung.de\/en\/wp-json\/wp\/v2\/pages\/452"}],"wp:featuredmedia":[{"embeddable":true,"href":"https:\/\/www.ils-forschung.de\/en\/wp-json\/wp\/v2\/media\/29962"}],"wp:attachment":[{"href":"https:\/\/www.ils-forschung.de\/en\/wp-json\/wp\/v2\/media?parent=38406"}],"curies":[{"name":"wp","href":"https:\/\/api.w.org\/{rel}","templated":true}]}}