{"id":36479,"date":"2024-02-16T11:48:12","date_gmt":"2024-02-16T10:48:12","guid":{"rendered":"https:\/\/www.ils-forschung.de\/library\/open-access-journals\/"},"modified":"2025-11-20T14:41:07","modified_gmt":"2025-11-20T13:41:07","slug":"open-access-journals","status":"publish","type":"page","link":"https:\/\/www.ils-forschung.de\/en\/library\/open-access-journals\/","title":{"rendered":"Open Access Journals"},"content":{"rendered":"<div class=\"fusion-fullwidth fullwidth-box fusion-builder-row-1 fusion-flex-container nonhundred-percent-fullwidth non-hundred-percent-height-scrolling\" style=\"--awb-border-radius-top-left:0px;--awb-border-radius-top-right:0px;--awb-border-radius-bottom-right:0px;--awb-border-radius-bottom-left:0px;--awb-flex-wrap:wrap;\" ><div class=\"fusion-builder-row fusion-row fusion-flex-align-items-flex-start fusion-flex-content-wrap\" style=\"max-width:1144px;margin-left: calc(-4% \/ 2 );margin-right: calc(-4% \/ 2 );\"><div class=\"fusion-layout-column fusion_builder_column fusion-builder-column-0 fusion_builder_column_1_1 1_1 fusion-flex-column\" style=\"--awb-bg-size:cover;--awb-width-large:100%;--awb-margin-top-large:0px;--awb-spacing-right-large:1.92%;--awb-margin-bottom-large:20px;--awb-spacing-left-large:1.92%;--awb-width-medium:100%;--awb-order-medium:0;--awb-spacing-right-medium:1.92%;--awb-spacing-left-medium:1.92%;--awb-width-small:100%;--awb-order-small:0;--awb-spacing-right-small:1.92%;--awb-spacing-left-small:1.92%;\"><div class=\"fusion-column-wrapper fusion-column-has-shadow fusion-flex-justify-content-flex-start fusion-content-layout-column\"><div class=\"fusion-image-element \" style=\"--awb-caption-title-font-family:var(--h2_typography-font-family);--awb-caption-title-font-weight:var(--h2_typography-font-weight);--awb-caption-title-font-style:var(--h2_typography-font-style);--awb-caption-title-size:var(--h2_typography-font-size);--awb-caption-title-transform:var(--h2_typography-text-transform);--awb-caption-title-line-height:var(--h2_typography-line-height);--awb-caption-title-letter-spacing:var(--h2_typography-letter-spacing);\"><span class=\" fusion-imageframe imageframe-none imageframe-1 hover-type-none\"><img decoding=\"async\" width=\"1200\" height=\"364\" title=\"ils-bibliothek-aktuelle-zeitschriften\" src=\"https:\/\/www.ils-forschung.de\/wp-content\/uploads\/2025\/02\/ils-bibliothek-aktuelle-zeitschriften.webp\" alt class=\"img-responsive wp-image-42885\" srcset=\"https:\/\/www.ils-forschung.de\/wp-content\/uploads\/2025\/02\/ils-bibliothek-aktuelle-zeitschriften-200x61.webp 200w, https:\/\/www.ils-forschung.de\/wp-content\/uploads\/2025\/02\/ils-bibliothek-aktuelle-zeitschriften-400x121.webp 400w, https:\/\/www.ils-forschung.de\/wp-content\/uploads\/2025\/02\/ils-bibliothek-aktuelle-zeitschriften-600x182.webp 600w, https:\/\/www.ils-forschung.de\/wp-content\/uploads\/2025\/02\/ils-bibliothek-aktuelle-zeitschriften-800x243.webp 800w, https:\/\/www.ils-forschung.de\/wp-content\/uploads\/2025\/02\/ils-bibliothek-aktuelle-zeitschriften.webp 1200w\" sizes=\"(max-width: 1125px) 100vw, (max-width: 765px) 100vw, 1200px\" \/><\/span><\/div><div class=\"fusion-separator fusion-full-width-sep\" style=\"align-self: center;margin-left: auto;margin-right: auto;margin-top:10px;margin-bottom:10px;width:100%;\"><\/div><div class=\"fusion-text fusion-text-1 bildnachweis\"><p><span style=\"font-size: 10px; float: right;\">\u00a9 JRF e. V.<\/span><\/p>\n<\/div><div class=\"fusion-separator fusion-full-width-sep\" style=\"align-self: center;margin-left: auto;margin-right: auto;margin-top:10px;margin-bottom:10px;width:100%;\"><\/div><div class=\"fusion-text fusion-text-2\"><h3>ILS-Magazine Subscriptions<\/h3>\n<ul>\n<li>Partly with access to the tables of contents of the journals<\/li>\n<li>(R) = Refereed \/ peer-reviewed<\/li>\n<li><img decoding=\"async\" style=\"margin-top: 6px;\" src=\"https:\/\/www.ils-forschung.de\/wp-content\/uploads\/2018\/12\/dreieck_gruen.gif\" \/> = Full text of the journal freely accessible<\/li>\n<li><img decoding=\"async\" style=\"margin-top: 6px;\" src=\"https:\/\/www.ils-forschung.de\/wp-content\/uploads\/2018\/12\/dreieck_orange.gif\" \/> = Full text of the journal locally accessible<\/li>\n<\/ul>\n<\/div><div class=\"fusion-separator fusion-full-width-sep\" style=\"align-self: center;margin-left: auto;margin-right: auto;margin-top:10px;margin-bottom:10px;width:100%;\"><\/div><div class=\"fusion-builder-row fusion-builder-row-inner fusion-row fusion-flex-align-items-flex-start fusion-flex-content-wrap\" style=\"width:104% !important;max-width:104% !important;margin-left: calc(-4% \/ 2 );margin-right: calc(-4% \/ 2 );\"><div class=\"fusion-layout-column fusion_builder_column_inner fusion-builder-nested-column-0 fusion_builder_column_inner_1_4 1_4 fusion-flex-column\" style=\"--awb-bg-size:cover;--awb-width-large:25%;--awb-margin-top-large:0px;--awb-spacing-right-large:7.68%;--awb-margin-bottom-large:20px;--awb-spacing-left-large:7.68%;--awb-width-medium:100%;--awb-order-medium:0;--awb-spacing-right-medium:1.92%;--awb-spacing-left-medium:1.92%;--awb-width-small:100%;--awb-order-small:0;--awb-spacing-right-small:1.92%;--awb-spacing-left-small:1.92%;\"><div class=\"fusion-column-wrapper fusion-column-has-shadow fusion-flex-justify-content-flex-start fusion-content-layout-column\"><div ><a class=\"fusion-button button-flat button-medium button-custom fusion-button-default button-1 fusion-button-span-yes fusion-button-default-type\" style=\"--button_accent_color:#000000;--button_accent_hover_color:#ffffff;--button_border_hover_color:#ffffff;--button_gradient_top_color:#e5e5e5;--button_gradient_bottom_color:#e5e5e5;--button_gradient_top_color_hover:var(--awb-color7);--button_gradient_bottom_color_hover:var(--awb-color7);--button_text_transform:none;\" target=\"_self\" href=\"https:\/\/www.ils-forschung.de\/en\/library\/aktuelle-zeitschriften\/\"><span class=\"fusion-button-text awb-button__text awb-button__text--default\">Current journals<\/span><\/a><\/div><\/div><\/div><div class=\"fusion-layout-column fusion_builder_column_inner fusion-builder-nested-column-1 fusion_builder_column_inner_1_4 1_4 fusion-flex-column\" style=\"--awb-bg-size:cover;--awb-width-large:25%;--awb-margin-top-large:0px;--awb-spacing-right-large:7.68%;--awb-margin-bottom-large:20px;--awb-spacing-left-large:7.68%;--awb-width-medium:100%;--awb-order-medium:0;--awb-spacing-right-medium:1.92%;--awb-spacing-left-medium:1.92%;--awb-width-small:100%;--awb-order-small:0;--awb-spacing-right-small:1.92%;--awb-spacing-left-small:1.92%;\"><div class=\"fusion-column-wrapper fusion-column-has-shadow fusion-flex-justify-content-flex-start fusion-content-layout-column\"><div ><a class=\"fusion-button button-flat button-medium button-custom fusion-button-default button-2 fusion-button-span-yes fusion-button-default-type\" style=\"--button_accent_color:#000000;--button_accent_hover_color:#ffffff;--button_border_hover_color:#ffffff;--button_gradient_top_color:#e5e5e5;--button_gradient_bottom_color:#e5e5e5;--button_gradient_top_color_hover:var(--awb-color7);--button_gradient_bottom_color_hover:var(--awb-color7);--button_text_transform:none;\" target=\"_self\" href=\"https:\/\/www.ils-forschung.de\/en\/library\/zeitschriften-mit-bestand\/\"><span class=\"fusion-button-text awb-button__text awb-button__text--default\">Journals with inventory<\/span><\/a><\/div><\/div><\/div><div class=\"fusion-layout-column fusion_builder_column_inner fusion-builder-nested-column-2 fusion_builder_column_inner_1_4 1_4 fusion-flex-column\" style=\"--awb-bg-size:cover;--awb-width-large:25%;--awb-margin-top-large:0px;--awb-spacing-right-large:7.68%;--awb-margin-bottom-large:20px;--awb-spacing-left-large:7.68%;--awb-width-medium:100%;--awb-order-medium:0;--awb-spacing-right-medium:1.92%;--awb-spacing-left-medium:1.92%;--awb-width-small:100%;--awb-order-small:0;--awb-spacing-right-small:1.92%;--awb-spacing-left-small:1.92%;\"><div class=\"fusion-column-wrapper fusion-column-has-shadow fusion-flex-justify-content-flex-start fusion-content-layout-column\"><div ><a class=\"fusion-button button-flat button-medium button-custom fusion-button-default button-3 fusion-button-span-yes fusion-button-default-type\" style=\"--button_accent_color:#000000;--button_accent_hover_color:#ffffff;--button_border_hover_color:#ffffff;--button_gradient_top_color:#e5e5e5;--button_gradient_bottom_color:#e5e5e5;--button_gradient_top_color_hover:var(--awb-color7);--button_gradient_bottom_color_hover:var(--awb-color7);--button_text_transform:none;\" target=\"_self\" href=\"https:\/\/www.ils-forschung.de\/sonstige-zeitschriften\/\"><span class=\"fusion-button-text awb-button__text awb-button__text--default\">Other journals<\/span><\/a><\/div><\/div><\/div><div class=\"fusion-layout-column fusion_builder_column_inner fusion-builder-nested-column-3 fusion_builder_column_inner_1_4 1_4 fusion-flex-column\" style=\"--awb-bg-size:cover;--awb-width-large:25%;--awb-margin-top-large:0px;--awb-spacing-right-large:7.68%;--awb-margin-bottom-large:20px;--awb-spacing-left-large:7.68%;--awb-width-medium:100%;--awb-order-medium:0;--awb-spacing-right-medium:1.92%;--awb-spacing-left-medium:1.92%;--awb-width-small:100%;--awb-order-small:0;--awb-spacing-right-small:1.92%;--awb-spacing-left-small:1.92%;\"><div class=\"fusion-column-wrapper fusion-column-has-shadow fusion-flex-justify-content-flex-start fusion-content-layout-column\"><div style=\"text-align:center;\"><a class=\"fusion-button button-flat button-medium button-default fusion-button-default button-4 fusion-button-span-yes fusion-button-default-type\" style=\"--button_text_transform:none;\" target=\"_self\" href=\"https:\/\/www.ils-forschung.de\/en\/library\/open-access-journals\/\"><span class=\"fusion-button-text awb-button__text awb-button__text--default\">Open Access Journals<\/span><\/a><\/div><\/div><\/div><div class=\"fusion-layout-column fusion_builder_column_inner fusion-builder-nested-column-4 fusion_builder_column_inner_1_1 1_1 fusion-flex-column\" style=\"--awb-bg-size:cover;--awb-width-large:100%;--awb-margin-top-large:0px;--awb-spacing-right-large:1.92%;--awb-margin-bottom-large:20px;--awb-spacing-left-large:1.92%;--awb-width-medium:100%;--awb-order-medium:0;--awb-spacing-right-medium:1.92%;--awb-spacing-left-medium:1.92%;--awb-width-small:100%;--awb-order-small:0;--awb-spacing-right-small:1.92%;--awb-spacing-left-small:1.92%;\"><div class=\"fusion-column-wrapper fusion-column-has-shadow fusion-flex-justify-content-flex-start fusion-content-layout-column\"><div class=\"fusion-text fusion-text-3\" style=\"--awb-text-transform:none;\"><p><strong>State: 15 Februrary 2024<\/strong><\/p>\n<p><em>Note: The list is still under construction. Here you will find journals that have become pure Open Access journals over time or were published as pure Open Access journals from the beginning.<\/em><br \/>\nIf you would like a comprehensive overview of pure\/golden open access journals, please use the  <a href=\"https:\/\/doaj.org\/\" rel=\"noopener\" target=\"_blank\">Directory of Open Access Journals (DOAJ)<\/a> with its many search functions.<\/p>\n<\/div><\/div><\/div><\/div><div class=\"accordian fusion-accordian\" style=\"--awb-border-size:1px;--awb-icon-size:16px;--awb-content-font-size:16px;--awb-icon-alignment:left;--awb-hover-color:#f9f9f9;--awb-border-color:#cccccc;--awb-background-color:#ffffff;--awb-divider-color:#e0dede;--awb-divider-hover-color:#e0dede;--awb-icon-color:#ffffff;--awb-title-color:#000000;--awb-content-color:#000000;--awb-icon-box-color:var(--awb-color7);--awb-toggle-hover-accent-color:var(--awb-custom10);--awb-title-font-family:&quot;Source Sans 3&quot;;--awb-title-font-weight:400;--awb-title-font-style:normal;--awb-title-font-size:16px;--awb-content-font-family:&quot;Source Sans 3&quot;;--awb-content-font-style:normal;--awb-content-font-weight:400;\"><div class=\"panel-group fusion-toggle-icon-boxed\" id=\"accordion-36479-1\"><div class=\"fusion-panel panel-default panel-f1015c80aec94c2f8 fusion-toggle-has-divider\"><div class=\"panel-heading\"><h4 class=\"panel-title toggle\" id=\"toggle_f1015c80aec94c2f8\"><a aria-expanded=\"false\" aria-controls=\"f1015c80aec94c2f8\" role=\"button\" data-toggle=\"collapse\" data-parent=\"#accordion-36479-1\" data-target=\"#f1015c80aec94c2f8\" href=\"#f1015c80aec94c2f8\"><span class=\"fusion-toggle-icon-wrapper\" aria-hidden=\"true\"><i class=\"fa-fusion-box active-icon awb-icon-minus\" aria-hidden=\"true\"><\/i><i class=\"fa-fusion-box inactive-icon awb-icon-plus\" aria-hidden=\"true\"><\/i><\/span><span class=\"fusion-toggle-heading\">C<\/span><\/a><\/h4><\/div><div id=\"f1015c80aec94c2f8\" class=\"panel-collapse collapse \" aria-labelledby=\"toggle_f1015c80aec94c2f8\"><div class=\"panel-body toggle-content fusion-clearfix\"><a href=\"http:\/\/www.comparativepopulationstudies.de\/index.php\/CPoS\/issue\/view\/31\" rel=\"noopener\" target=\"_blank\">Comparative Population Studies \u2013 Zeitschrift f\u00fcr Bev\u00f6lkerungswissenschaft<\/a><br \/>\nWiesbaden: Bundesinst. f\u00fcr Bev\u00f6lkerungsforschung,<br \/>\n(bis 34.2009 u.d.T.: Zeitschrift f\u00fcr Bev\u00f6lkerungswissenschaft)<br \/>\n<img decoding=\"async\" style=\"margin-top: 6px;\" src=\"https:\/\/www.ils-forschung.de\/wp-content\/uploads\/2018\/12\/dreieck_gruen.gif\"> Volltext der Zeitschrift frei zug\u00e4nglich<\/div><\/div><\/div><div class=\"fusion-panel panel-default panel-64a7c71ac28d7629c fusion-toggle-has-divider\"><div class=\"panel-heading\"><h4 class=\"panel-title toggle\" id=\"toggle_64a7c71ac28d7629c\"><a aria-expanded=\"false\" aria-controls=\"64a7c71ac28d7629c\" role=\"button\" data-toggle=\"collapse\" data-parent=\"#accordion-36479-1\" data-target=\"#64a7c71ac28d7629c\" href=\"#64a7c71ac28d7629c\"><span class=\"fusion-toggle-icon-wrapper\" aria-hidden=\"true\"><i class=\"fa-fusion-box active-icon awb-icon-minus\" aria-hidden=\"true\"><\/i><i class=\"fa-fusion-box inactive-icon awb-icon-plus\" aria-hidden=\"true\"><\/i><\/span><span class=\"fusion-toggle-heading\">R<\/span><\/a><\/h4><\/div><div id=\"64a7c71ac28d7629c\" class=\"panel-collapse collapse \" aria-labelledby=\"toggle_64a7c71ac28d7629c\"><div class=\"panel-body toggle-content fusion-clearfix\"><a href=\"http:\/\/www.tandfonline.com\/loi\/rsrs20#.Uw8a82Uwe72\" rel=\"noopener\" target=\"_blank\">Regional Studies, Regional Science<\/a> (R)<br \/>\nLondon [u.a.]: Taylor &#038; Francis<br \/>\n<img decoding=\"async\" style=\"margin-top: 6px;\" src=\"https:\/\/www.ils-forschung.de\/wp-content\/uploads\/2018\/12\/dreieck_gruen.gif\"> Volltext der Zeitschrift frei zug\u00e4nglich<\/div><\/div><\/div><div class=\"fusion-panel panel-default panel-78619738e31f3b4a6 fusion-toggle-has-divider\"><div class=\"panel-heading\"><h4 class=\"panel-title toggle\" id=\"toggle_78619738e31f3b4a6\"><a aria-expanded=\"false\" aria-controls=\"78619738e31f3b4a6\" role=\"button\" data-toggle=\"collapse\" data-parent=\"#accordion-36479-1\" data-target=\"#78619738e31f3b4a6\" href=\"#78619738e31f3b4a6\"><span class=\"fusion-toggle-icon-wrapper\" aria-hidden=\"true\"><i class=\"fa-fusion-box active-icon awb-icon-minus\" aria-hidden=\"true\"><\/i><i class=\"fa-fusion-box inactive-icon awb-icon-plus\" aria-hidden=\"true\"><\/i><\/span><span class=\"fusion-toggle-heading\">U<\/span><\/a><\/h4><\/div><div id=\"78619738e31f3b4a6\" class=\"panel-collapse collapse \" aria-labelledby=\"toggle_78619738e31f3b4a6\"><div class=\"panel-body toggle-content fusion-clearfix\"><a href=\"https:\/\/www.tandfonline.com\/loi\/rupt20#.Uw8bgGUwe70\" rel=\"noopener\" target=\"_blank\">Urban, Planning and Transport Research<\/a> (R)<br \/>\nLondon: Taylor &#038; Francis<br \/>\n<img decoding=\"async\" style=\"margin-top: 6px;\" src=\"https:\/\/www.ils-forschung.de\/wp-content\/uploads\/2018\/12\/dreieck_gruen.gif\"> Volltext der Zeitschrift frei zug\u00e4nglich<\/div><\/div><\/div><div class=\"fusion-panel panel-default panel-b4272a510f512a8dc fusion-toggle-has-divider\"><div class=\"panel-heading\"><h4 class=\"panel-title toggle\" id=\"toggle_b4272a510f512a8dc\"><a aria-expanded=\"false\" aria-controls=\"b4272a510f512a8dc\" role=\"button\" data-toggle=\"collapse\" data-parent=\"#accordion-36479-1\" data-target=\"#b4272a510f512a8dc\" href=\"#b4272a510f512a8dc\"><span class=\"fusion-toggle-icon-wrapper\" aria-hidden=\"true\"><i class=\"fa-fusion-box active-icon awb-icon-minus\" aria-hidden=\"true\"><\/i><i class=\"fa-fusion-box inactive-icon awb-icon-plus\" aria-hidden=\"true\"><\/i><\/span><span class=\"fusion-toggle-heading\">J<\/span><\/a><\/h4><\/div><div id=\"b4272a510f512a8dc\" class=\"panel-collapse collapse \" aria-labelledby=\"toggle_b4272a510f512a8dc\"><div class=\"panel-body toggle-content fusion-clearfix\"><a href=\"https:\/\/journals.ub.uni-osnabrueck.de\/index.php\/zmf\/index\" rel=\"noopener\" target=\"_blank\">Journal of Migration Studies<\/a><br \/>\n<img decoding=\"async\" style=\"margin-top: 6px;\" src=\"https:\/\/www.ils-forschung.de\/wp-content\/uploads\/2018\/12\/dreieck_gruen.gif\"> Volltext der Zeitschrift frei zug\u00e4nglich<\/div><\/div><\/div><\/div><\/div><\/div><\/div><\/div><\/div>\n","protected":false},"excerpt":{"rendered":"","protected":false},"author":14,"featured_media":29962,"parent":478,"menu_order":0,"comment_status":"closed","ping_status":"closed","template":"","meta":{"footnotes":""},"class_list":["post-36479","page","type-page","status-publish","has-post-thumbnail","hentry"],"yoast_head":"<!-- This site is optimized with the Yoast SEO plugin v27.1.1 - https:\/\/yoast.com\/product\/yoast-seo-wordpress\/ -->\n<title>Open Access Journals - ILS - Institut f\u00fcr Landes- und Stadtentwicklungsforschung<\/title>\n<meta name=\"robots\" content=\"index, follow, max-snippet:-1, max-image-preview:large, max-video-preview:-1\" \/>\n<link rel=\"canonical\" href=\"https:\/\/www.ils-forschung.de\/en\/library\/open-access-journals\/\" \/>\n<meta property=\"og:locale\" content=\"en_US\" \/>\n<meta property=\"og:type\" content=\"article\" \/>\n<meta property=\"og:title\" content=\"Open Access Journals - ILS - Institut f\u00fcr Landes- und Stadtentwicklungsforschung\" \/>\n<meta property=\"og:url\" content=\"https:\/\/www.ils-forschung.de\/en\/library\/open-access-journals\/\" \/>\n<meta property=\"og:site_name\" content=\"ILS - Institut f\u00fcr Landes- und Stadtentwicklungsforschung\" \/>\n<meta property=\"article:modified_time\" content=\"2025-11-20T13:41:07+00:00\" \/>\n<meta property=\"og:image\" content=\"https:\/\/www.ils-forschung.de\/wp-content\/uploads\/2023\/04\/ils-social-share-logo.jpg\" \/>\n\t<meta property=\"og:image:width\" content=\"1200\" \/>\n\t<meta property=\"og:image:height\" content=\"630\" \/>\n\t<meta property=\"og:image:type\" content=\"image\/jpeg\" \/>\n<meta name=\"twitter:card\" content=\"summary_large_image\" \/>\n<meta name=\"twitter:site\" content=\"@ILS_forschung\" \/>\n<meta name=\"twitter:label1\" content=\"Est. reading time\" \/>\n\t<meta name=\"twitter:data1\" content=\"3 minutes\" \/>\n<script type=\"application\/ld+json\" class=\"yoast-schema-graph\">{\"@context\":\"https:\/\/schema.org\",\"@graph\":[{\"@type\":\"WebPage\",\"@id\":\"https:\/\/www.ils-forschung.de\/en\/library\/open-access-journals\/\",\"url\":\"https:\/\/www.ils-forschung.de\/en\/library\/open-access-journals\/\",\"name\":\"Open Access Journals - ILS - Institut f\u00fcr Landes- und Stadtentwicklungsforschung\",\"isPartOf\":{\"@id\":\"https:\/\/www.ils-forschung.de\/en\/#website\"},\"primaryImageOfPage\":{\"@id\":\"https:\/\/www.ils-forschung.de\/en\/library\/open-access-journals\/#primaryimage\"},\"image\":{\"@id\":\"https:\/\/www.ils-forschung.de\/en\/library\/open-access-journals\/#primaryimage\"},\"thumbnailUrl\":\"https:\/\/www.ils-forschung.de\/wp-content\/uploads\/2023\/04\/ils-social-share-logo.jpg\",\"datePublished\":\"2024-02-16T10:48:12+00:00\",\"dateModified\":\"2025-11-20T13:41:07+00:00\",\"breadcrumb\":{\"@id\":\"https:\/\/www.ils-forschung.de\/en\/library\/open-access-journals\/#breadcrumb\"},\"inLanguage\":\"en-US\",\"potentialAction\":[{\"@type\":\"ReadAction\",\"target\":[\"https:\/\/www.ils-forschung.de\/en\/library\/open-access-journals\/\"]}]},{\"@type\":\"ImageObject\",\"inLanguage\":\"en-US\",\"@id\":\"https:\/\/www.ils-forschung.de\/en\/library\/open-access-journals\/#primaryimage\",\"url\":\"https:\/\/www.ils-forschung.de\/wp-content\/uploads\/2023\/04\/ils-social-share-logo.jpg\",\"contentUrl\":\"https:\/\/www.ils-forschung.de\/wp-content\/uploads\/2023\/04\/ils-social-share-logo.jpg\",\"width\":1200,\"height\":630},{\"@type\":\"BreadcrumbList\",\"@id\":\"https:\/\/www.ils-forschung.de\/en\/library\/open-access-journals\/#breadcrumb\",\"itemListElement\":[{\"@type\":\"ListItem\",\"position\":1,\"name\":\"Home\",\"item\":\"https:\/\/www.ils-forschung.de\/en\/\"},{\"@type\":\"ListItem\",\"position\":2,\"name\":\"Library\",\"item\":\"https:\/\/www.ils-forschung.de\/en\/bibliothek\/\"},{\"@type\":\"ListItem\",\"position\":3,\"name\":\"Open Access Journals\"}]},{\"@type\":\"WebSite\",\"@id\":\"https:\/\/www.ils-forschung.de\/en\/#website\",\"url\":\"https:\/\/www.ils-forschung.de\/en\/\",\"name\":\"ILS - Institut f\u00fcr Landes- und Stadtentwicklungsforschung\",\"description\":\"Das ILS \u2013 Institut f\u00fcr Landes- und Stadtentwicklungsforschung ist ein raumwissenschaftliches au\u00dferuniversit\u00e4res Forschungsinstitut mit Sitz in Dortmund.\",\"potentialAction\":[{\"@type\":\"SearchAction\",\"target\":{\"@type\":\"EntryPoint\",\"urlTemplate\":\"https:\/\/www.ils-forschung.de\/en\/?s={search_term_string}\"},\"query-input\":{\"@type\":\"PropertyValueSpecification\",\"valueRequired\":true,\"valueName\":\"search_term_string\"}}],\"inLanguage\":\"en-US\"}]}<\/script>\n<!-- \/ Yoast SEO plugin. -->","yoast_head_json":{"title":"Open Access Journals - ILS - Institut f\u00fcr Landes- und Stadtentwicklungsforschung","robots":{"index":"index","follow":"follow","max-snippet":"max-snippet:-1","max-image-preview":"max-image-preview:large","max-video-preview":"max-video-preview:-1"},"canonical":"https:\/\/www.ils-forschung.de\/en\/library\/open-access-journals\/","og_locale":"en_US","og_type":"article","og_title":"Open Access Journals - ILS - Institut f\u00fcr Landes- und Stadtentwicklungsforschung","og_url":"https:\/\/www.ils-forschung.de\/en\/library\/open-access-journals\/","og_site_name":"ILS - Institut f\u00fcr Landes- und Stadtentwicklungsforschung","article_modified_time":"2025-11-20T13:41:07+00:00","og_image":[{"width":1200,"height":630,"url":"https:\/\/www.ils-forschung.de\/wp-content\/uploads\/2023\/04\/ils-social-share-logo.jpg","type":"image\/jpeg"}],"twitter_card":"summary_large_image","twitter_site":"@ILS_forschung","twitter_misc":{"Est. reading time":"3 minutes"},"schema":{"@context":"https:\/\/schema.org","@graph":[{"@type":"WebPage","@id":"https:\/\/www.ils-forschung.de\/en\/library\/open-access-journals\/","url":"https:\/\/www.ils-forschung.de\/en\/library\/open-access-journals\/","name":"Open Access Journals - ILS - Institut f\u00fcr Landes- und Stadtentwicklungsforschung","isPartOf":{"@id":"https:\/\/www.ils-forschung.de\/en\/#website"},"primaryImageOfPage":{"@id":"https:\/\/www.ils-forschung.de\/en\/library\/open-access-journals\/#primaryimage"},"image":{"@id":"https:\/\/www.ils-forschung.de\/en\/library\/open-access-journals\/#primaryimage"},"thumbnailUrl":"https:\/\/www.ils-forschung.de\/wp-content\/uploads\/2023\/04\/ils-social-share-logo.jpg","datePublished":"2024-02-16T10:48:12+00:00","dateModified":"2025-11-20T13:41:07+00:00","breadcrumb":{"@id":"https:\/\/www.ils-forschung.de\/en\/library\/open-access-journals\/#breadcrumb"},"inLanguage":"en-US","potentialAction":[{"@type":"ReadAction","target":["https:\/\/www.ils-forschung.de\/en\/library\/open-access-journals\/"]}]},{"@type":"ImageObject","inLanguage":"en-US","@id":"https:\/\/www.ils-forschung.de\/en\/library\/open-access-journals\/#primaryimage","url":"https:\/\/www.ils-forschung.de\/wp-content\/uploads\/2023\/04\/ils-social-share-logo.jpg","contentUrl":"https:\/\/www.ils-forschung.de\/wp-content\/uploads\/2023\/04\/ils-social-share-logo.jpg","width":1200,"height":630},{"@type":"BreadcrumbList","@id":"https:\/\/www.ils-forschung.de\/en\/library\/open-access-journals\/#breadcrumb","itemListElement":[{"@type":"ListItem","position":1,"name":"Home","item":"https:\/\/www.ils-forschung.de\/en\/"},{"@type":"ListItem","position":2,"name":"Library","item":"https:\/\/www.ils-forschung.de\/en\/bibliothek\/"},{"@type":"ListItem","position":3,"name":"Open Access Journals"}]},{"@type":"WebSite","@id":"https:\/\/www.ils-forschung.de\/en\/#website","url":"https:\/\/www.ils-forschung.de\/en\/","name":"ILS - Institut f\u00fcr Landes- und Stadtentwicklungsforschung","description":"Das ILS \u2013 Institut f\u00fcr Landes- und Stadtentwicklungsforschung ist ein raumwissenschaftliches au\u00dferuniversit\u00e4res Forschungsinstitut mit Sitz in Dortmund.","potentialAction":[{"@type":"SearchAction","target":{"@type":"EntryPoint","urlTemplate":"https:\/\/www.ils-forschung.de\/en\/?s={search_term_string}"},"query-input":{"@type":"PropertyValueSpecification","valueRequired":true,"valueName":"search_term_string"}}],"inLanguage":"en-US"}]}},"_links":{"self":[{"href":"https:\/\/www.ils-forschung.de\/en\/wp-json\/wp\/v2\/pages\/36479","targetHints":{"allow":["GET"]}}],"collection":[{"href":"https:\/\/www.ils-forschung.de\/en\/wp-json\/wp\/v2\/pages"}],"about":[{"href":"https:\/\/www.ils-forschung.de\/en\/wp-json\/wp\/v2\/types\/page"}],"author":[{"embeddable":true,"href":"https:\/\/www.ils-forschung.de\/en\/wp-json\/wp\/v2\/users\/14"}],"replies":[{"embeddable":true,"href":"https:\/\/www.ils-forschung.de\/en\/wp-json\/wp\/v2\/comments?post=36479"}],"version-history":[{"count":5,"href":"https:\/\/www.ils-forschung.de\/en\/wp-json\/wp\/v2\/pages\/36479\/revisions"}],"predecessor-version":[{"id":53239,"href":"https:\/\/www.ils-forschung.de\/en\/wp-json\/wp\/v2\/pages\/36479\/revisions\/53239"}],"up":[{"embeddable":true,"href":"https:\/\/www.ils-forschung.de\/en\/wp-json\/wp\/v2\/pages\/478"}],"wp:featuredmedia":[{"embeddable":true,"href":"https:\/\/www.ils-forschung.de\/en\/wp-json\/wp\/v2\/media\/29962"}],"wp:attachment":[{"href":"https:\/\/www.ils-forschung.de\/en\/wp-json\/wp\/v2\/media?parent=36479"}],"curies":[{"name":"wp","href":"https:\/\/api.w.org\/{rel}","templated":true}]}}