{"id":35434,"date":"2023-08-10T11:46:03","date_gmt":"2023-08-10T09:46:03","guid":{"rendered":"https:\/\/www.ils-forschung.de\/grusswort-geschaeftsfuehrung-jahresbericht-2022\/"},"modified":"2024-06-04T10:56:36","modified_gmt":"2024-06-04T08:56:36","slug":"grusswort-geschaeftsfuehrung-jahresbericht-2022","status":"publish","type":"page","link":"https:\/\/www.ils-forschung.de\/en\/grusswort-geschaeftsfuehrung-jahresbericht-2022\/","title":{"rendered":"Gru\u00dfwort Gesch\u00e4ftsf\u00fchrung 2022"},"content":{"rendered":"<p><div class=\"fusion-fullwidth fullwidth-box fusion-builder-row-1 fusion-flex-container has-pattern-background has-mask-background nonhundred-percent-fullwidth non-hundred-percent-height-scrolling\" style=\"--awb-border-radius-top-left:0px;--awb-border-radius-top-right:0px;--awb-border-radius-bottom-right:0px;--awb-border-radius-bottom-left:0px;--awb-flex-wrap:wrap;\" ><div class=\"fusion-builder-row fusion-row fusion-flex-align-items-flex-start fusion-flex-content-wrap\" style=\"max-width:1144px;margin-left: calc(-4% \/ 2 );margin-right: calc(-4% \/ 2 );\"><div class=\"fusion-layout-column fusion_builder_column fusion-builder-column-0 fusion_builder_column_1_1 1_1 fusion-flex-column\" style=\"--awb-bg-size:cover;--awb-width-large:100%;--awb-margin-top-large:0px;--awb-spacing-right-large:1.92%;--awb-margin-bottom-large:20px;--awb-spacing-left-large:1.92%;--awb-width-medium:100%;--awb-order-medium:0;--awb-spacing-right-medium:1.92%;--awb-spacing-left-medium:1.92%;--awb-width-small:100%;--awb-order-small:0;--awb-spacing-right-small:1.92%;--awb-spacing-left-small:1.92%;\"><div class=\"fusion-column-wrapper fusion-column-has-shadow fusion-flex-justify-content-flex-start fusion-content-layout-column\"><div class=\"fusion-text fusion-text-1\"><p>Liebe Leserinnen und Leser,<br \/>\ndas ILS hat sich im vergangenen Jahr strategisch und inhaltlich neu ausgerichtet. Die anwendungsorientierte Grundlagenforschung des Instituts wird seither um eine prim\u00e4r transferorientierte und politiknah agierende Forschungslinie erg\u00e4nzt, die auf aktuelle Bedarfe des Gesellschafters \u2013 des Landes Nordrhein-Westfalen \u2013 reagiert. Von zentraler Bedeutung ist dabei die gesellschaftsrechtliche Herstellung der Inhouse-F\u00e4higkeit des ILS, wodurch die Bearbeitung von Forschungsvorhaben im Auftrag von Landeseinrichtungen ohne vorherige \u00f6ffentliche Ausschreibung m\u00f6glich wurde. Voraussetzung daf\u00fcr war die Ausgliederung der drittmittelfinanzierten Forschung, die seit Januar 2022 in einer gemeinn\u00fctzigen Tochtergesellschaft \u2013 der ILS Research gGmbH \u2013 bearbeitet wird. Beide Institute arbeiten als Gemeinschaftsbetrieb programmatisch wie organisatorisch eng zusammen. Die ILS Research gGmbH f\u00fcgt sich in die Forschungsprogrammatik und Organisationsstrukturen des ILS als der Gesellschafterin ein.<\/p>\n<p>Gleichzeitig bleibt das ILS mit diesem Profil fester Bestandteil der unabh\u00e4ngigen au\u00dferuniversit\u00e4ren Forschung in der Johannes-Rau-Forschungsgemeinschaft (JRF). Beide Gesellschaften schreiben die Kernprogrammatik des ILS in die Zukunft fort: die Erforschung der Dynamik und Vielgestaltigkeit des urbanen Wandels in international vergleichender Perspektive und mit einem stark transformativen Wissenschaftsverst\u00e4ndnis. Schon in der Vergangenheit hat Forschung, die politiknah agiert und solche, die grundlagenorientiert angelegt ist, unsere Arbeit charakterisiert. Mit der Gr\u00fcndung der ILS Research gGmbH und der damit verbundenen Auslagerung des Drittmittelbereichs wurde dies nun gesellschaftsrechtlich neugestaltet.<\/p>\n<p>Mit dieser organisatorischen Ver\u00e4nderung verbindet sich auch eine programmatische Botschaft: Die Forschungst\u00e4tigkeit der ILS gGmbH wird seit dem vergangenen Jahr durch ein eng mit dem Ministerium f\u00fcr Heimat, Kommunales, Bau und Digitalisierung (MHKBD) abgestimmtes Arbeits- und Forschungsprogramm koordiniert. Aktuelle Projekte greifen dr\u00e4ngende Fragestellungen der baulich-r\u00e4umlichen Entwicklung in NRW auf und bearbeiten diese in einem bew\u00e4hrten Netzwerk mit Partnern aus Politik und Verwaltung. Inhouse-Projekte beschr\u00e4nken sich aber keinesfalls auf den Gesch\u00e4ftsbereich des MHKBD. Auch mit anderen Ministerien wurden bereits gemeinsame Forschungsvorhaben auf den Weg gebracht. Wir sind \u00fcberzeugt davon, mit dieser Neuausrichtung des ILS der gesellschaftlichen Verantwortung von \u00f6ffentlich finanzierter Forschung noch besser gerecht werden zu k\u00f6nnen.<\/p>\n<p>Dieser Jahresbericht informiert Sie in bew\u00e4hrter Weise \u00fcber weitere aktuelle Entwicklungen im ILS und gibt einen \u00dcberblick \u00fcber die bearbeiteten Forschungsvorhaben sowie die Publikations- und Vortragst\u00e4tigkeit der Kolleginnen und Kollegen des Hauses.<\/p>\n<p>Wir w\u00fcnschen Ihnen eine anregende Lekt\u00fcre!<\/p>\n<\/div><\/div><\/div><\/div><\/div><div class=\"fusion-fullwidth fullwidth-box fusion-builder-row-2 fusion-flex-container has-pattern-background has-mask-background nonhundred-percent-fullwidth non-hundred-percent-height-scrolling\" style=\"--awb-border-radius-top-left:0px;--awb-border-radius-top-right:0px;--awb-border-radius-bottom-right:0px;--awb-border-radius-bottom-left:0px;--awb-flex-wrap:wrap;\" ><div class=\"fusion-builder-row fusion-row fusion-flex-align-items-flex-start fusion-flex-content-wrap\" style=\"max-width:1144px;margin-left: calc(-4% \/ 2 );margin-right: calc(-4% \/ 2 );\"><div class=\"fusion-layout-column fusion_builder_column fusion-builder-column-1 fusion_builder_column_1_2 1_2 fusion-flex-column\" style=\"--awb-bg-size:cover;--awb-width-large:50%;--awb-margin-top-large:0px;--awb-spacing-right-large:3.84%;--awb-margin-bottom-large:20px;--awb-spacing-left-large:3.84%;--awb-width-medium:100%;--awb-order-medium:0;--awb-spacing-right-medium:1.92%;--awb-spacing-left-medium:1.92%;--awb-width-small:100%;--awb-order-small:0;--awb-spacing-right-small:1.92%;--awb-spacing-left-small:1.92%;\"><div class=\"fusion-column-wrapper fusion-column-has-shadow fusion-flex-justify-content-flex-start fusion-content-layout-column\"><div class=\"fusion-image-element \" style=\"--awb-caption-title-font-family:var(--h2_typography-font-family);--awb-caption-title-font-weight:var(--h2_typography-font-weight);--awb-caption-title-font-style:var(--h2_typography-font-style);--awb-caption-title-size:var(--h2_typography-font-size);--awb-caption-title-transform:var(--h2_typography-text-transform);--awb-caption-title-line-height:var(--h2_typography-line-height);--awb-caption-title-letter-spacing:var(--h2_typography-letter-spacing);\"><span class=\" fusion-imageframe imageframe-none imageframe-1 hover-type-none\"><img decoding=\"async\" width=\"550\" height=\"550\" title=\"stefan-siedentop-grusswort-jahresbericht2022\" src=\"https:\/\/www.ils-forschung.de\/wp-content\/uploads\/2023\/08\/stefan-siedentop-grusswort-jahresbericht2022.jpg\" alt class=\"img-responsive wp-image-32175\" srcset=\"https:\/\/www.ils-forschung.de\/wp-content\/uploads\/2023\/08\/stefan-siedentop-grusswort-jahresbericht2022-200x200.jpg 200w, https:\/\/www.ils-forschung.de\/wp-content\/uploads\/2023\/08\/stefan-siedentop-grusswort-jahresbericht2022-400x400.jpg 400w, https:\/\/www.ils-forschung.de\/wp-content\/uploads\/2023\/08\/stefan-siedentop-grusswort-jahresbericht2022.jpg 550w\" sizes=\"(max-width: 1125px) 100vw, (max-width: 765px) 100vw, 550px\" \/><\/span><\/div><div class=\"fusion-text fusion-text-2\"><div style=\"max-width:550px;\"><span style=\"font-size: 13px; float: right;\">\u00a9 JRF e.V.<\/span><\/div>\n<\/div><div class=\"fusion-text fusion-text-3\"><p>Prof. Dr.-Ing. Stefan Siedentop<br \/>\nWissenschaftlicher Direktor (bis Juli 2023)<\/p>\n<\/div><\/div><\/div><div class=\"fusion-layout-column fusion_builder_column fusion-builder-column-2 fusion_builder_column_1_2 1_2 fusion-flex-column\" style=\"--awb-bg-size:cover;--awb-width-large:50%;--awb-margin-top-large:0px;--awb-spacing-right-large:3.84%;--awb-margin-bottom-large:20px;--awb-spacing-left-large:3.84%;--awb-width-medium:100%;--awb-order-medium:0;--awb-spacing-right-medium:1.92%;--awb-spacing-left-medium:1.92%;--awb-width-small:100%;--awb-order-small:0;--awb-spacing-right-small:1.92%;--awb-spacing-left-small:1.92%;\"><div class=\"fusion-column-wrapper fusion-column-has-shadow fusion-flex-justify-content-flex-start fusion-content-layout-column\"><div class=\"fusion-image-element \" style=\"--awb-caption-title-font-family:var(--h2_typography-font-family);--awb-caption-title-font-weight:var(--h2_typography-font-weight);--awb-caption-title-font-style:var(--h2_typography-font-style);--awb-caption-title-size:var(--h2_typography-font-size);--awb-caption-title-transform:var(--h2_typography-text-transform);--awb-caption-title-line-height:var(--h2_typography-line-height);--awb-caption-title-letter-spacing:var(--h2_typography-letter-spacing);\"><span class=\" fusion-imageframe imageframe-none imageframe-2 hover-type-none\"><img decoding=\"async\" width=\"550\" height=\"550\" title=\"guerbuez-demirhan-grusswort-jahresbericht2022\" src=\"https:\/\/www.ils-forschung.de\/wp-content\/uploads\/2023\/08\/guerbuez-demirhan-grusswort-jahresbericht2022.jpg\" alt class=\"img-responsive wp-image-32177\" srcset=\"https:\/\/www.ils-forschung.de\/wp-content\/uploads\/2023\/08\/guerbuez-demirhan-grusswort-jahresbericht2022-200x200.jpg 200w, https:\/\/www.ils-forschung.de\/wp-content\/uploads\/2023\/08\/guerbuez-demirhan-grusswort-jahresbericht2022-400x400.jpg 400w, https:\/\/www.ils-forschung.de\/wp-content\/uploads\/2023\/08\/guerbuez-demirhan-grusswort-jahresbericht2022.jpg 550w\" sizes=\"(max-width: 1125px) 100vw, (max-width: 765px) 100vw, 550px\" \/><\/span><\/div><div class=\"fusion-text fusion-text-4\"><div style=\"max-width:550px;\"><span style=\"font-size: 13px; float: right;\">\u00a9 ILS<\/span><\/div>\n<\/div><div class=\"fusion-text fusion-text-5\"><p>G\u00fcrb\u00fcz Demirhan<br \/>\nKaufm\u00e4nnischer Leiter<\/p>\n<\/div><\/div><\/div><div class=\"fusion-layout-column fusion_builder_column fusion-builder-column-3 fusion_builder_column_1_1 1_1 fusion-flex-column\" style=\"--awb-bg-size:cover;--awb-width-large:100%;--awb-margin-top-large:0px;--awb-spacing-right-large:1.92%;--awb-margin-bottom-large:20px;--awb-spacing-left-large:1.92%;--awb-width-medium:100%;--awb-order-medium:0;--awb-spacing-right-medium:1.92%;--awb-spacing-left-medium:1.92%;--awb-width-small:100%;--awb-order-small:0;--awb-spacing-right-small:1.92%;--awb-spacing-left-small:1.92%;\"><div class=\"fusion-column-wrapper fusion-column-has-shadow fusion-flex-justify-content-flex-start fusion-content-layout-column\"><div class=\"fusion-separator fusion-full-width-sep\" style=\"align-self: center;margin-left: auto;margin-right: auto;margin-top:20px;margin-bottom:20px;width:100%;\"><\/div><div class=\"fusion-text fusion-text-6\"><p>Zu \u201e<a href=\"https:\/\/www.ils-forschung.de\/en\/zahlen-und-fakten-2022\/\">Zahlen und Fakten 2022<\/a>\u201c<br \/>\nZu \u201e<a href=\"https:\/\/www.ils-forschung.de\/en\/das-jahr-2022-im-ueberblick\/\">Highlights 2022<\/a>\u201c<br \/>\nZu \u201e<a href=\"https:\/\/www.ils-forschung.de\/en\/output-des-ils-2022\/\">Output 2022<\/a>\u201c<\/p>\n<\/div><\/div><\/div><\/div><\/div><\/p>\n","protected":false},"excerpt":{"rendered":"","protected":false},"author":14,"featured_media":29963,"parent":0,"menu_order":0,"comment_status":"closed","ping_status":"closed","template":"","meta":{"footnotes":""},"class_list":["post-35434","page","type-page","status-publish","has-post-thumbnail","hentry"],"yoast_head":"<!-- This site is optimized with the Yoast SEO plugin v27.1.1 - https:\/\/yoast.com\/product\/yoast-seo-wordpress\/ -->\n<title>Gru\u00dfwort Gesch\u00e4ftsf\u00fchrung 2022 - ILS - Institut f\u00fcr Landes- und Stadtentwicklungsforschung<\/title>\n<meta name=\"robots\" content=\"index, follow, max-snippet:-1, max-image-preview:large, max-video-preview:-1\" \/>\n<link rel=\"canonical\" href=\"https:\/\/www.ils-forschung.de\/en\/grusswort-geschaeftsfuehrung-jahresbericht-2022\/\" \/>\n<meta property=\"og:locale\" content=\"en_US\" \/>\n<meta property=\"og:type\" content=\"article\" \/>\n<meta property=\"og:title\" content=\"Gru\u00dfwort Gesch\u00e4ftsf\u00fchrung 2022 - ILS - Institut f\u00fcr Landes- und Stadtentwicklungsforschung\" \/>\n<meta property=\"og:url\" content=\"https:\/\/www.ils-forschung.de\/en\/grusswort-geschaeftsfuehrung-jahresbericht-2022\/\" \/>\n<meta property=\"og:site_name\" content=\"ILS - Institut f\u00fcr Landes- und Stadtentwicklungsforschung\" \/>\n<meta property=\"article:modified_time\" content=\"2024-06-04T08:56:36+00:00\" \/>\n<meta property=\"og:image\" content=\"https:\/\/www.ils-forschung.de\/wp-content\/uploads\/2023\/04\/ils-social-share-logo.jpg\" \/>\n\t<meta property=\"og:image:width\" content=\"1200\" \/>\n\t<meta property=\"og:image:height\" content=\"630\" \/>\n\t<meta property=\"og:image:type\" content=\"image\/jpeg\" \/>\n<meta name=\"twitter:card\" content=\"summary_large_image\" \/>\n<meta name=\"twitter:site\" content=\"@ILS_forschung\" \/>\n<meta name=\"twitter:label1\" content=\"Est. reading time\" \/>\n\t<meta name=\"twitter:data1\" content=\"3 minutes\" \/>\n<script type=\"application\/ld+json\" class=\"yoast-schema-graph\">{\"@context\":\"https:\/\/schema.org\",\"@graph\":[{\"@type\":\"WebPage\",\"@id\":\"https:\/\/www.ils-forschung.de\/en\/grusswort-geschaeftsfuehrung-jahresbericht-2022\/\",\"url\":\"https:\/\/www.ils-forschung.de\/en\/grusswort-geschaeftsfuehrung-jahresbericht-2022\/\",\"name\":\"Gru\u00dfwort Gesch\u00e4ftsf\u00fchrung 2022 - ILS - Institut f\u00fcr Landes- und Stadtentwicklungsforschung\",\"isPartOf\":{\"@id\":\"https:\/\/www.ils-forschung.de\/en\/#website\"},\"primaryImageOfPage\":{\"@id\":\"https:\/\/www.ils-forschung.de\/en\/grusswort-geschaeftsfuehrung-jahresbericht-2022\/#primaryimage\"},\"image\":{\"@id\":\"https:\/\/www.ils-forschung.de\/en\/grusswort-geschaeftsfuehrung-jahresbericht-2022\/#primaryimage\"},\"thumbnailUrl\":\"https:\/\/www.ils-forschung.de\/wp-content\/uploads\/2023\/04\/ils-social-share-logo.jpg\",\"datePublished\":\"2023-08-10T09:46:03+00:00\",\"dateModified\":\"2024-06-04T08:56:36+00:00\",\"breadcrumb\":{\"@id\":\"https:\/\/www.ils-forschung.de\/en\/grusswort-geschaeftsfuehrung-jahresbericht-2022\/#breadcrumb\"},\"inLanguage\":\"en-US\",\"potentialAction\":[{\"@type\":\"ReadAction\",\"target\":[\"https:\/\/www.ils-forschung.de\/en\/grusswort-geschaeftsfuehrung-jahresbericht-2022\/\"]}]},{\"@type\":\"ImageObject\",\"inLanguage\":\"en-US\",\"@id\":\"https:\/\/www.ils-forschung.de\/en\/grusswort-geschaeftsfuehrung-jahresbericht-2022\/#primaryimage\",\"url\":\"https:\/\/www.ils-forschung.de\/wp-content\/uploads\/2023\/04\/ils-social-share-logo.jpg\",\"contentUrl\":\"https:\/\/www.ils-forschung.de\/wp-content\/uploads\/2023\/04\/ils-social-share-logo.jpg\",\"width\":1200,\"height\":630},{\"@type\":\"BreadcrumbList\",\"@id\":\"https:\/\/www.ils-forschung.de\/en\/grusswort-geschaeftsfuehrung-jahresbericht-2022\/#breadcrumb\",\"itemListElement\":[{\"@type\":\"ListItem\",\"position\":1,\"name\":\"Home\",\"item\":\"https:\/\/www.ils-forschung.de\/en\/\"},{\"@type\":\"ListItem\",\"position\":2,\"name\":\"Gru\u00dfwort Gesch\u00e4ftsf\u00fchrung 2022\"}]},{\"@type\":\"WebSite\",\"@id\":\"https:\/\/www.ils-forschung.de\/en\/#website\",\"url\":\"https:\/\/www.ils-forschung.de\/en\/\",\"name\":\"ILS - Institut f\u00fcr Landes- und Stadtentwicklungsforschung\",\"description\":\"Das ILS \u2013 Institut f\u00fcr Landes- und Stadtentwicklungsforschung ist ein raumwissenschaftliches au\u00dferuniversit\u00e4res Forschungsinstitut mit Sitz in Dortmund.\",\"potentialAction\":[{\"@type\":\"SearchAction\",\"target\":{\"@type\":\"EntryPoint\",\"urlTemplate\":\"https:\/\/www.ils-forschung.de\/en\/?s={search_term_string}\"},\"query-input\":{\"@type\":\"PropertyValueSpecification\",\"valueRequired\":true,\"valueName\":\"search_term_string\"}}],\"inLanguage\":\"en-US\"}]}<\/script>\n<!-- \/ Yoast SEO plugin. -->","yoast_head_json":{"title":"Gru\u00dfwort Gesch\u00e4ftsf\u00fchrung 2022 - ILS - Institut f\u00fcr Landes- und Stadtentwicklungsforschung","robots":{"index":"index","follow":"follow","max-snippet":"max-snippet:-1","max-image-preview":"max-image-preview:large","max-video-preview":"max-video-preview:-1"},"canonical":"https:\/\/www.ils-forschung.de\/en\/grusswort-geschaeftsfuehrung-jahresbericht-2022\/","og_locale":"en_US","og_type":"article","og_title":"Gru\u00dfwort Gesch\u00e4ftsf\u00fchrung 2022 - ILS - Institut f\u00fcr Landes- und Stadtentwicklungsforschung","og_url":"https:\/\/www.ils-forschung.de\/en\/grusswort-geschaeftsfuehrung-jahresbericht-2022\/","og_site_name":"ILS - Institut f\u00fcr Landes- und Stadtentwicklungsforschung","article_modified_time":"2024-06-04T08:56:36+00:00","og_image":[{"width":1200,"height":630,"url":"https:\/\/www.ils-forschung.de\/wp-content\/uploads\/2023\/04\/ils-social-share-logo.jpg","type":"image\/jpeg"}],"twitter_card":"summary_large_image","twitter_site":"@ILS_forschung","twitter_misc":{"Est. reading time":"3 minutes"},"schema":{"@context":"https:\/\/schema.org","@graph":[{"@type":"WebPage","@id":"https:\/\/www.ils-forschung.de\/en\/grusswort-geschaeftsfuehrung-jahresbericht-2022\/","url":"https:\/\/www.ils-forschung.de\/en\/grusswort-geschaeftsfuehrung-jahresbericht-2022\/","name":"Gru\u00dfwort Gesch\u00e4ftsf\u00fchrung 2022 - ILS - Institut f\u00fcr Landes- und Stadtentwicklungsforschung","isPartOf":{"@id":"https:\/\/www.ils-forschung.de\/en\/#website"},"primaryImageOfPage":{"@id":"https:\/\/www.ils-forschung.de\/en\/grusswort-geschaeftsfuehrung-jahresbericht-2022\/#primaryimage"},"image":{"@id":"https:\/\/www.ils-forschung.de\/en\/grusswort-geschaeftsfuehrung-jahresbericht-2022\/#primaryimage"},"thumbnailUrl":"https:\/\/www.ils-forschung.de\/wp-content\/uploads\/2023\/04\/ils-social-share-logo.jpg","datePublished":"2023-08-10T09:46:03+00:00","dateModified":"2024-06-04T08:56:36+00:00","breadcrumb":{"@id":"https:\/\/www.ils-forschung.de\/en\/grusswort-geschaeftsfuehrung-jahresbericht-2022\/#breadcrumb"},"inLanguage":"en-US","potentialAction":[{"@type":"ReadAction","target":["https:\/\/www.ils-forschung.de\/en\/grusswort-geschaeftsfuehrung-jahresbericht-2022\/"]}]},{"@type":"ImageObject","inLanguage":"en-US","@id":"https:\/\/www.ils-forschung.de\/en\/grusswort-geschaeftsfuehrung-jahresbericht-2022\/#primaryimage","url":"https:\/\/www.ils-forschung.de\/wp-content\/uploads\/2023\/04\/ils-social-share-logo.jpg","contentUrl":"https:\/\/www.ils-forschung.de\/wp-content\/uploads\/2023\/04\/ils-social-share-logo.jpg","width":1200,"height":630},{"@type":"BreadcrumbList","@id":"https:\/\/www.ils-forschung.de\/en\/grusswort-geschaeftsfuehrung-jahresbericht-2022\/#breadcrumb","itemListElement":[{"@type":"ListItem","position":1,"name":"Home","item":"https:\/\/www.ils-forschung.de\/en\/"},{"@type":"ListItem","position":2,"name":"Gru\u00dfwort Gesch\u00e4ftsf\u00fchrung 2022"}]},{"@type":"WebSite","@id":"https:\/\/www.ils-forschung.de\/en\/#website","url":"https:\/\/www.ils-forschung.de\/en\/","name":"ILS - Institut f\u00fcr Landes- und Stadtentwicklungsforschung","description":"Das ILS \u2013 Institut f\u00fcr Landes- und Stadtentwicklungsforschung ist ein raumwissenschaftliches au\u00dferuniversit\u00e4res Forschungsinstitut mit Sitz in Dortmund.","potentialAction":[{"@type":"SearchAction","target":{"@type":"EntryPoint","urlTemplate":"https:\/\/www.ils-forschung.de\/en\/?s={search_term_string}"},"query-input":{"@type":"PropertyValueSpecification","valueRequired":true,"valueName":"search_term_string"}}],"inLanguage":"en-US"}]}},"_links":{"self":[{"href":"https:\/\/www.ils-forschung.de\/en\/wp-json\/wp\/v2\/pages\/35434","targetHints":{"allow":["GET"]}}],"collection":[{"href":"https:\/\/www.ils-forschung.de\/en\/wp-json\/wp\/v2\/pages"}],"about":[{"href":"https:\/\/www.ils-forschung.de\/en\/wp-json\/wp\/v2\/types\/page"}],"author":[{"embeddable":true,"href":"https:\/\/www.ils-forschung.de\/en\/wp-json\/wp\/v2\/users\/14"}],"replies":[{"embeddable":true,"href":"https:\/\/www.ils-forschung.de\/en\/wp-json\/wp\/v2\/comments?post=35434"}],"version-history":[{"count":0,"href":"https:\/\/www.ils-forschung.de\/en\/wp-json\/wp\/v2\/pages\/35434\/revisions"}],"wp:featuredmedia":[{"embeddable":true,"href":"https:\/\/www.ils-forschung.de\/en\/wp-json\/wp\/v2\/media\/29963"}],"wp:attachment":[{"href":"https:\/\/www.ils-forschung.de\/en\/wp-json\/wp\/v2\/media?parent=35434"}],"curies":[{"name":"wp","href":"https:\/\/api.w.org\/{rel}","templated":true}]}}