{"id":33216,"date":"2023-09-07T11:04:01","date_gmt":"2023-09-07T09:04:01","guid":{"rendered":"https:\/\/www.ils-forschung.de\/ungleiches-deutschland-soziooekonomischer-disparitaetenbericht-2023\/"},"modified":"2023-09-07T13:49:23","modified_gmt":"2023-09-07T11:49:23","slug":"ungleiches-deutschland","status":"publish","type":"page","link":"https:\/\/www.ils-forschung.de\/en\/ungleiches-deutschland\/","title":{"rendered":"Ungleiches Deutschland: Sozio\u00f6konomischer Disparit\u00e4tenbericht 2023"},"content":{"rendered":"<div class=\"fusion-fullwidth fullwidth-box fusion-builder-row-1 fusion-flex-container nonhundred-percent-fullwidth non-hundred-percent-height-scrolling\" style=\"--awb-border-radius-top-left:0px;--awb-border-radius-top-right:0px;--awb-border-radius-bottom-right:0px;--awb-border-radius-bottom-left:0px;--awb-flex-wrap:wrap;\" ><div class=\"fusion-builder-row fusion-row fusion-flex-align-items-flex-start fusion-flex-content-wrap\" style=\"max-width:1144px;margin-left: calc(-4% \/ 2 );margin-right: calc(-4% \/ 2 );\"><div class=\"fusion-layout-column fusion_builder_column fusion-builder-column-0 fusion_builder_column_1_1 1_1 fusion-flex-column\" style=\"--awb-bg-size:cover;--awb-width-large:100%;--awb-margin-top-large:0px;--awb-spacing-right-large:1.92%;--awb-margin-bottom-large:20px;--awb-spacing-left-large:1.92%;--awb-width-medium:100%;--awb-spacing-right-medium:1.92%;--awb-spacing-left-medium:1.92%;--awb-width-small:100%;--awb-spacing-right-small:1.92%;--awb-spacing-left-small:1.92%;\"><div class=\"fusion-column-wrapper fusion-flex-justify-content-flex-start fusion-content-layout-column\"><div class=\"fusion-text fusion-text-1\"><p>Wie lebt man wo in Deutschland und wie steht es um die Zukunftsf\u00e4higkeit? Ein Team der ILS Research hat das im Auftrag der Friedrich-Ebert-Stiftung untersucht. Ein Ergebnis: Deutschland ist ein sozial und r\u00e4umlich ungleiches Land, auch wenn einige strukturschw\u00e4cheren Gebieten im Vergleich zur letzten Studie 2019 aufholen konnten.<\/p>\n<\/div><\/div><\/div><div class=\"fusion-layout-column fusion_builder_column fusion-builder-column-1 fusion_builder_column_1_2 1_2 fusion-flex-column\" style=\"--awb-bg-size:cover;--awb-width-large:50%;--awb-margin-top-large:0px;--awb-spacing-right-large:3.84%;--awb-margin-bottom-large:20px;--awb-spacing-left-large:3.84%;--awb-width-medium:100%;--awb-order-medium:0;--awb-spacing-right-medium:1.92%;--awb-spacing-left-medium:1.92%;--awb-width-small:100%;--awb-order-small:0;--awb-spacing-right-small:1.92%;--awb-spacing-left-small:1.92%;\"><div class=\"fusion-column-wrapper fusion-column-has-shadow fusion-flex-justify-content-flex-start fusion-content-layout-column\"><div class=\"fusion-image-element \" style=\"--awb-caption-title-font-family:var(--h2_typography-font-family);--awb-caption-title-font-weight:var(--h2_typography-font-weight);--awb-caption-title-font-style:var(--h2_typography-font-style);--awb-caption-title-size:var(--h2_typography-font-size);--awb-caption-title-transform:var(--h2_typography-text-transform);--awb-caption-title-line-height:var(--h2_typography-line-height);--awb-caption-title-letter-spacing:var(--h2_typography-letter-spacing);\"><span class=\" fusion-imageframe imageframe-none imageframe-1 hover-type-none\"><img decoding=\"async\" width=\"1200\" height=\"1815\" title=\"a01-cluster-disparitaten2023\" src=\"https:\/\/www.ils-forschung.de\/wp-content\/uploads\/2023\/09\/a01-cluster-disparitaten2023.jpg\" alt class=\"img-responsive wp-image-33205\" srcset=\"https:\/\/www.ils-forschung.de\/wp-content\/uploads\/2023\/09\/a01-cluster-disparitaten2023-200x303.jpg 200w, https:\/\/www.ils-forschung.de\/wp-content\/uploads\/2023\/09\/a01-cluster-disparitaten2023-400x605.jpg 400w, https:\/\/www.ils-forschung.de\/wp-content\/uploads\/2023\/09\/a01-cluster-disparitaten2023-600x908.jpg 600w, https:\/\/www.ils-forschung.de\/wp-content\/uploads\/2023\/09\/a01-cluster-disparitaten2023-800x1210.jpg 800w, https:\/\/www.ils-forschung.de\/wp-content\/uploads\/2023\/09\/a01-cluster-disparitaten2023.jpg 1200w\" sizes=\"(max-width: 1125px) 100vw, (max-width: 765px) 100vw, 600px\" \/><\/span><\/div><div class=\"fusion-text fusion-text-2\"><p><span style=\"font-size: 13px;\">\u00a9 ILS<\/span><\/p>\n<\/div><\/div><\/div><div class=\"fusion-layout-column fusion_builder_column fusion-builder-column-2 fusion_builder_column_1_2 1_2 fusion-flex-column\" style=\"--awb-bg-size:cover;--awb-width-large:50%;--awb-margin-top-large:0px;--awb-spacing-right-large:3.84%;--awb-margin-bottom-large:20px;--awb-spacing-left-large:3.84%;--awb-width-medium:100%;--awb-order-medium:0;--awb-spacing-right-medium:1.92%;--awb-spacing-left-medium:1.92%;--awb-width-small:100%;--awb-order-small:0;--awb-spacing-right-small:1.92%;--awb-spacing-left-small:1.92%;\"><div class=\"fusion-column-wrapper fusion-column-has-shadow fusion-flex-justify-content-flex-start fusion-content-layout-column\"><div class=\"fusion-image-element \" style=\"--awb-caption-title-font-family:var(--h2_typography-font-family);--awb-caption-title-font-weight:var(--h2_typography-font-weight);--awb-caption-title-font-style:var(--h2_typography-font-style);--awb-caption-title-size:var(--h2_typography-font-size);--awb-caption-title-transform:var(--h2_typography-text-transform);--awb-caption-title-line-height:var(--h2_typography-line-height);--awb-caption-title-letter-spacing:var(--h2_typography-letter-spacing);\"><span class=\" fusion-imageframe imageframe-none imageframe-2 hover-type-none\"><img decoding=\"async\" width=\"1000\" height=\"1513\" title=\"a04-cluster-resilienz2023\" src=\"https:\/\/www.ils-forschung.de\/wp-content\/uploads\/2023\/09\/a04-cluster-resilienz2023.jpg\" alt class=\"img-responsive wp-image-33074\" srcset=\"https:\/\/www.ils-forschung.de\/wp-content\/uploads\/2023\/09\/a04-cluster-resilienz2023-200x303.jpg 200w, https:\/\/www.ils-forschung.de\/wp-content\/uploads\/2023\/09\/a04-cluster-resilienz2023-400x605.jpg 400w, https:\/\/www.ils-forschung.de\/wp-content\/uploads\/2023\/09\/a04-cluster-resilienz2023-600x908.jpg 600w, https:\/\/www.ils-forschung.de\/wp-content\/uploads\/2023\/09\/a04-cluster-resilienz2023-800x1210.jpg 800w, https:\/\/www.ils-forschung.de\/wp-content\/uploads\/2023\/09\/a04-cluster-resilienz2023.jpg 1000w\" sizes=\"(max-width: 1125px) 100vw, (max-width: 765px) 100vw, 600px\" \/><\/span><\/div><div class=\"fusion-text fusion-text-3\"><p><span style=\"font-size: 13px;\">\u00a9 ILS <\/span><\/p>\n<\/div><\/div><\/div><div class=\"fusion-layout-column fusion_builder_column fusion-builder-column-3 fusion_builder_column_1_1 1_1 fusion-flex-column\" style=\"--awb-bg-size:cover;--awb-width-large:100%;--awb-margin-top-large:0px;--awb-spacing-right-large:1.92%;--awb-margin-bottom-large:20px;--awb-spacing-left-large:1.92%;--awb-width-medium:100%;--awb-spacing-right-medium:1.92%;--awb-spacing-left-medium:1.92%;--awb-width-small:100%;--awb-spacing-right-small:1.92%;--awb-spacing-left-small:1.92%;\"><div class=\"fusion-column-wrapper fusion-flex-justify-content-flex-start fusion-content-layout-column\"><div class=\"fusion-text fusion-text-4\"><p>Das wissenschaftliche Gutachten entstand am ILS unter Beteiligung von Dr. Bastian Heider Benjamin Scholz, Jacqueline Radzyk, Jutta R\u00f6nsch, Dr. Sabine Weck sowie Prof. Dr. Stefan Siedentop (jetzt TU Dortmund). Die Datenaufbereitung erfolgte unter Mitarbeit von Jonas Siethoff, Jan Trosin und Dr. Christian Gerten.<\/p>\n<h3>Weitere Informationen<\/h3>\n<ul>\n<li><a href=\"https:\/\/www.fes.de\/ungleiches-deutschland\" target=\"_blank\" rel=\"noopener\"><strong>Internetseite der Friedrich-Ebert-Stiftung zu \u201eUngleiches Deutschland\u201c<\/strong><\/a><\/li>\n<li><a href=\"https:\/\/library.fes.de\/pdf-files\/a-p-b\/20535.pdf\" target=\"_blank\" rel=\"noopener\"><strong>Wissenschaftlicher Hintergrundbericht<\/strong><\/a><\/li>\n<li><strong><a href=\"https:\/\/www.ils-forschung.de\/en\/ungleiches-deutschland-2\/\">Internetseite des ILS zum Disparit\u00e4tenbericht 2019<\/a><\/strong><\/li>\n<li><strong><a href=\"https:\/\/www.ils-forschung.de\/en\/2023\/09\/wie-zukunftsfaehig-sind-deutschlands-regionen\/\">Pressemitteilung: Wie zukunftsf\u00e4hig sind Deutschlands Regionen?<\/a><\/strong><\/li>\n<\/ul>\n<\/div><div class=\"fusion-separator fusion-full-width-sep\" style=\"align-self: center;margin-left: auto;margin-right: auto;margin-top:10px;margin-bottom:10px;width:100%;\"><\/div><div class=\"fusion-text fusion-text-5\"><h3>Kontakt<\/h3>\n<ul>\n<li>Dr. Bastian Heider<br \/>\nTelefon: +49 (0) 231 9051-154<br \/>\nE-Mail: <a href=\"mailto:bastian.heider@ils-forschung.de\">bastian.heider@ils-forschung.de<\/a><\/li>\n<\/ul>\n<ul>\n<li>Theresa von Bischopink<br \/>\nVerantwortliche f\u00fcr Presse- und \u00d6ffentlichkeitsarbeit<br \/>\nTelefon: +49 (0)231 9051-131<br \/>\nE-Mail: <a href=\"mailto:theresa.vonbischopink@ils-forschung.de\">theresa.vonbischopink@ils-forschung.de<\/a><\/li>\n<\/ul>\n<\/div><\/div><\/div><\/div><\/div>\n","protected":false},"excerpt":{"rendered":"","protected":false},"author":14,"featured_media":29963,"parent":0,"menu_order":0,"comment_status":"closed","ping_status":"closed","template":"","meta":{"footnotes":""},"class_list":["post-33216","page","type-page","status-publish","has-post-thumbnail","hentry"],"yoast_head":"<!-- This site is optimized with the Yoast SEO plugin v27.1.1 - https:\/\/yoast.com\/product\/yoast-seo-wordpress\/ -->\n<title>Ungleiches Deutschland: Sozio\u00f6konomischer Disparit\u00e4tenbericht 2023 - ILS - Institut f\u00fcr Landes- und Stadtentwicklungsforschung<\/title>\n<meta name=\"robots\" content=\"index, follow, max-snippet:-1, max-image-preview:large, max-video-preview:-1\" \/>\n<link rel=\"canonical\" href=\"https:\/\/www.ils-forschung.de\/en\/ungleiches-deutschland\/\" \/>\n<meta property=\"og:locale\" content=\"en_US\" \/>\n<meta property=\"og:type\" content=\"article\" \/>\n<meta property=\"og:title\" content=\"Ungleiches Deutschland: Sozio\u00f6konomischer Disparit\u00e4tenbericht 2023 - ILS - Institut f\u00fcr Landes- und Stadtentwicklungsforschung\" \/>\n<meta property=\"og:url\" content=\"https:\/\/www.ils-forschung.de\/en\/ungleiches-deutschland\/\" \/>\n<meta property=\"og:site_name\" content=\"ILS - Institut f\u00fcr Landes- und Stadtentwicklungsforschung\" \/>\n<meta property=\"article:modified_time\" content=\"2023-09-07T11:49:23+00:00\" \/>\n<meta property=\"og:image\" content=\"https:\/\/www.ils-forschung.de\/wp-content\/uploads\/2023\/04\/ils-social-share-logo.jpg\" \/>\n\t<meta property=\"og:image:width\" content=\"1200\" \/>\n\t<meta property=\"og:image:height\" content=\"630\" \/>\n\t<meta property=\"og:image:type\" content=\"image\/jpeg\" \/>\n<meta name=\"twitter:card\" content=\"summary_large_image\" \/>\n<meta name=\"twitter:site\" content=\"@ILS_forschung\" \/>\n<meta name=\"twitter:label1\" content=\"Est. reading time\" \/>\n\t<meta name=\"twitter:data1\" content=\"6 minutes\" \/>\n<script type=\"application\/ld+json\" class=\"yoast-schema-graph\">{\"@context\":\"https:\/\/schema.org\",\"@graph\":[{\"@type\":\"WebPage\",\"@id\":\"https:\/\/www.ils-forschung.de\/en\/ungleiches-deutschland\/\",\"url\":\"https:\/\/www.ils-forschung.de\/en\/ungleiches-deutschland\/\",\"name\":\"Ungleiches Deutschland: Sozio\u00f6konomischer Disparit\u00e4tenbericht 2023 - ILS - Institut f\u00fcr Landes- und Stadtentwicklungsforschung\",\"isPartOf\":{\"@id\":\"https:\/\/www.ils-forschung.de\/en\/#website\"},\"primaryImageOfPage\":{\"@id\":\"https:\/\/www.ils-forschung.de\/en\/ungleiches-deutschland\/#primaryimage\"},\"image\":{\"@id\":\"https:\/\/www.ils-forschung.de\/en\/ungleiches-deutschland\/#primaryimage\"},\"thumbnailUrl\":\"https:\/\/www.ils-forschung.de\/wp-content\/uploads\/2023\/04\/ils-social-share-logo.jpg\",\"datePublished\":\"2023-09-07T09:04:01+00:00\",\"dateModified\":\"2023-09-07T11:49:23+00:00\",\"breadcrumb\":{\"@id\":\"https:\/\/www.ils-forschung.de\/en\/ungleiches-deutschland\/#breadcrumb\"},\"inLanguage\":\"en-US\",\"potentialAction\":[{\"@type\":\"ReadAction\",\"target\":[\"https:\/\/www.ils-forschung.de\/en\/ungleiches-deutschland\/\"]}]},{\"@type\":\"ImageObject\",\"inLanguage\":\"en-US\",\"@id\":\"https:\/\/www.ils-forschung.de\/en\/ungleiches-deutschland\/#primaryimage\",\"url\":\"https:\/\/www.ils-forschung.de\/wp-content\/uploads\/2023\/04\/ils-social-share-logo.jpg\",\"contentUrl\":\"https:\/\/www.ils-forschung.de\/wp-content\/uploads\/2023\/04\/ils-social-share-logo.jpg\",\"width\":1200,\"height\":630},{\"@type\":\"BreadcrumbList\",\"@id\":\"https:\/\/www.ils-forschung.de\/en\/ungleiches-deutschland\/#breadcrumb\",\"itemListElement\":[{\"@type\":\"ListItem\",\"position\":1,\"name\":\"Home\",\"item\":\"https:\/\/www.ils-forschung.de\/en\/\"},{\"@type\":\"ListItem\",\"position\":2,\"name\":\"Ungleiches Deutschland: Sozio\u00f6konomischer Disparit\u00e4tenbericht 2023\"}]},{\"@type\":\"WebSite\",\"@id\":\"https:\/\/www.ils-forschung.de\/en\/#website\",\"url\":\"https:\/\/www.ils-forschung.de\/en\/\",\"name\":\"ILS - Institut f\u00fcr Landes- und Stadtentwicklungsforschung\",\"description\":\"Das ILS \u2013 Institut f\u00fcr Landes- und Stadtentwicklungsforschung ist ein raumwissenschaftliches au\u00dferuniversit\u00e4res Forschungsinstitut mit Sitz in Dortmund.\",\"potentialAction\":[{\"@type\":\"SearchAction\",\"target\":{\"@type\":\"EntryPoint\",\"urlTemplate\":\"https:\/\/www.ils-forschung.de\/en\/?s={search_term_string}\"},\"query-input\":{\"@type\":\"PropertyValueSpecification\",\"valueRequired\":true,\"valueName\":\"search_term_string\"}}],\"inLanguage\":\"en-US\"}]}<\/script>\n<!-- \/ Yoast SEO plugin. -->","yoast_head_json":{"title":"Ungleiches Deutschland: Sozio\u00f6konomischer Disparit\u00e4tenbericht 2023 - ILS - Institut f\u00fcr Landes- und Stadtentwicklungsforschung","robots":{"index":"index","follow":"follow","max-snippet":"max-snippet:-1","max-image-preview":"max-image-preview:large","max-video-preview":"max-video-preview:-1"},"canonical":"https:\/\/www.ils-forschung.de\/en\/ungleiches-deutschland\/","og_locale":"en_US","og_type":"article","og_title":"Ungleiches Deutschland: Sozio\u00f6konomischer Disparit\u00e4tenbericht 2023 - ILS - Institut f\u00fcr Landes- und Stadtentwicklungsforschung","og_url":"https:\/\/www.ils-forschung.de\/en\/ungleiches-deutschland\/","og_site_name":"ILS - Institut f\u00fcr Landes- und Stadtentwicklungsforschung","article_modified_time":"2023-09-07T11:49:23+00:00","og_image":[{"width":1200,"height":630,"url":"https:\/\/www.ils-forschung.de\/wp-content\/uploads\/2023\/04\/ils-social-share-logo.jpg","type":"image\/jpeg"}],"twitter_card":"summary_large_image","twitter_site":"@ILS_forschung","twitter_misc":{"Est. reading time":"6 minutes"},"schema":{"@context":"https:\/\/schema.org","@graph":[{"@type":"WebPage","@id":"https:\/\/www.ils-forschung.de\/en\/ungleiches-deutschland\/","url":"https:\/\/www.ils-forschung.de\/en\/ungleiches-deutschland\/","name":"Ungleiches Deutschland: Sozio\u00f6konomischer Disparit\u00e4tenbericht 2023 - ILS - Institut f\u00fcr Landes- und Stadtentwicklungsforschung","isPartOf":{"@id":"https:\/\/www.ils-forschung.de\/en\/#website"},"primaryImageOfPage":{"@id":"https:\/\/www.ils-forschung.de\/en\/ungleiches-deutschland\/#primaryimage"},"image":{"@id":"https:\/\/www.ils-forschung.de\/en\/ungleiches-deutschland\/#primaryimage"},"thumbnailUrl":"https:\/\/www.ils-forschung.de\/wp-content\/uploads\/2023\/04\/ils-social-share-logo.jpg","datePublished":"2023-09-07T09:04:01+00:00","dateModified":"2023-09-07T11:49:23+00:00","breadcrumb":{"@id":"https:\/\/www.ils-forschung.de\/en\/ungleiches-deutschland\/#breadcrumb"},"inLanguage":"en-US","potentialAction":[{"@type":"ReadAction","target":["https:\/\/www.ils-forschung.de\/en\/ungleiches-deutschland\/"]}]},{"@type":"ImageObject","inLanguage":"en-US","@id":"https:\/\/www.ils-forschung.de\/en\/ungleiches-deutschland\/#primaryimage","url":"https:\/\/www.ils-forschung.de\/wp-content\/uploads\/2023\/04\/ils-social-share-logo.jpg","contentUrl":"https:\/\/www.ils-forschung.de\/wp-content\/uploads\/2023\/04\/ils-social-share-logo.jpg","width":1200,"height":630},{"@type":"BreadcrumbList","@id":"https:\/\/www.ils-forschung.de\/en\/ungleiches-deutschland\/#breadcrumb","itemListElement":[{"@type":"ListItem","position":1,"name":"Home","item":"https:\/\/www.ils-forschung.de\/en\/"},{"@type":"ListItem","position":2,"name":"Ungleiches Deutschland: Sozio\u00f6konomischer Disparit\u00e4tenbericht 2023"}]},{"@type":"WebSite","@id":"https:\/\/www.ils-forschung.de\/en\/#website","url":"https:\/\/www.ils-forschung.de\/en\/","name":"ILS - Institut f\u00fcr Landes- und Stadtentwicklungsforschung","description":"Das ILS \u2013 Institut f\u00fcr Landes- und Stadtentwicklungsforschung ist ein raumwissenschaftliches au\u00dferuniversit\u00e4res Forschungsinstitut mit Sitz in Dortmund.","potentialAction":[{"@type":"SearchAction","target":{"@type":"EntryPoint","urlTemplate":"https:\/\/www.ils-forschung.de\/en\/?s={search_term_string}"},"query-input":{"@type":"PropertyValueSpecification","valueRequired":true,"valueName":"search_term_string"}}],"inLanguage":"en-US"}]}},"_links":{"self":[{"href":"https:\/\/www.ils-forschung.de\/en\/wp-json\/wp\/v2\/pages\/33216","targetHints":{"allow":["GET"]}}],"collection":[{"href":"https:\/\/www.ils-forschung.de\/en\/wp-json\/wp\/v2\/pages"}],"about":[{"href":"https:\/\/www.ils-forschung.de\/en\/wp-json\/wp\/v2\/types\/page"}],"author":[{"embeddable":true,"href":"https:\/\/www.ils-forschung.de\/en\/wp-json\/wp\/v2\/users\/14"}],"replies":[{"embeddable":true,"href":"https:\/\/www.ils-forschung.de\/en\/wp-json\/wp\/v2\/comments?post=33216"}],"version-history":[{"count":0,"href":"https:\/\/www.ils-forschung.de\/en\/wp-json\/wp\/v2\/pages\/33216\/revisions"}],"wp:featuredmedia":[{"embeddable":true,"href":"https:\/\/www.ils-forschung.de\/en\/wp-json\/wp\/v2\/media\/29963"}],"wp:attachment":[{"href":"https:\/\/www.ils-forschung.de\/en\/wp-json\/wp\/v2\/media?parent=33216"}],"curies":[{"name":"wp","href":"https:\/\/api.w.org\/{rel}","templated":true}]}}