{"id":3182,"date":"2019-04-15T14:54:27","date_gmt":"2019-04-15T12:54:27","guid":{"rendered":"https:\/\/www.ils-forschung.de\/the-ils\/organisation\/spatial-planning-and-urban-design\/"},"modified":"2026-04-14T09:35:28","modified_gmt":"2026-04-14T07:35:28","slug":"spatial-planning-and-urban-design","status":"publish","type":"page","link":"https:\/\/www.ils-forschung.de\/en\/the-ils\/organization\/spatial-planning-and-urban-design\/","title":{"rendered":"Spatial Planning and Urban Design"},"content":{"rendered":"<div class=\"fusion-fullwidth fullwidth-box fusion-builder-row-1 fusion-flex-container nonhundred-percent-fullwidth non-hundred-percent-height-scrolling\" style=\"--awb-border-radius-top-left:0px;--awb-border-radius-top-right:0px;--awb-border-radius-bottom-right:0px;--awb-border-radius-bottom-left:0px;--awb-flex-wrap:wrap;\" ><div class=\"fusion-builder-row fusion-row fusion-flex-align-items-flex-start fusion-flex-content-wrap\" style=\"max-width:1144px;margin-left: calc(-4% \/ 2 );margin-right: calc(-4% \/ 2 );\"><div class=\"fusion-layout-column fusion_builder_column fusion-builder-column-0 fusion_builder_column_1_1 1_1 fusion-flex-column\" style=\"--awb-bg-size:cover;--awb-width-large:100%;--awb-margin-top-large:0px;--awb-spacing-right-large:1.92%;--awb-margin-bottom-large:20px;--awb-spacing-left-large:1.92%;--awb-width-medium:100%;--awb-spacing-right-medium:1.92%;--awb-spacing-left-medium:1.92%;--awb-width-small:100%;--awb-spacing-right-small:1.92%;--awb-spacing-left-small:1.92%;\"><div class=\"fusion-column-wrapper fusion-flex-justify-content-flex-start fusion-content-layout-column\"><div class=\"fusion-image-element \" style=\"--awb-caption-title-font-family:var(--h2_typography-font-family);--awb-caption-title-font-weight:var(--h2_typography-font-weight);--awb-caption-title-font-style:var(--h2_typography-font-style);--awb-caption-title-size:var(--h2_typography-font-size);--awb-caption-title-transform:var(--h2_typography-text-transform);--awb-caption-title-line-height:var(--h2_typography-line-height);--awb-caption-title-letter-spacing:var(--h2_typography-letter-spacing);\"><span class=\" fusion-imageframe imageframe-none imageframe-1 hover-type-none\"><img decoding=\"async\" width=\"1920\" height=\"724\" title=\"ILS Forschung\" src=\"https:\/\/www.ils-forschung.de\/wp-content\/uploads\/2018\/12\/ils-header-01.jpg\" alt class=\"img-responsive wp-image-1625\" srcset=\"https:\/\/www.ils-forschung.de\/wp-content\/uploads\/2018\/12\/ils-header-01-200x75.jpg 200w, https:\/\/www.ils-forschung.de\/wp-content\/uploads\/2018\/12\/ils-header-01-400x151.jpg 400w, https:\/\/www.ils-forschung.de\/wp-content\/uploads\/2018\/12\/ils-header-01-600x226.jpg 600w, https:\/\/www.ils-forschung.de\/wp-content\/uploads\/2018\/12\/ils-header-01-800x302.jpg 800w, https:\/\/www.ils-forschung.de\/wp-content\/uploads\/2018\/12\/ils-header-01-1200x453.jpg 1200w, https:\/\/www.ils-forschung.de\/wp-content\/uploads\/2018\/12\/ils-header-01.jpg 1920w\" sizes=\"(max-width: 1125px) 100vw, (max-width: 765px) 100vw, 1200px\" \/><\/span><\/div><div class=\"fusion-text fusion-text-1\"><p><span style=\"font-size: 10px; float: right;\">\u00a9 ILS \/ Jan Lassen<\/span><\/p>\n<\/div><div class=\"fusion-separator fusion-full-width-sep\" style=\"align-self: center;margin-left: auto;margin-right: auto;margin-top:10px;margin-bottom:10px;width:100%;\"><\/div><div class=\"fusion-text fusion-text-2\"><p>The research group deals with the process-related and structural adaptability and development capacity of urban spaces. The competencies of the research group lie in the following areas <\/p>\n<ul>\n<li>Planning systems, planning procedures, planning cultures and governance<\/li>\n<li>Urban development, housing and housing renewal<\/li>\n<li>Strategies and instruments of settlement area management<\/li>\n<\/ul>\n<\/div><div class=\"fusion-separator fusion-full-width-sep\" style=\"align-self: center;margin-left: auto;margin-right: auto;margin-top:10px;margin-bottom:10px;width:100%;\"><\/div><div class=\"fusion-text fusion-text-3\"><h3>Headed by<\/h3>\n<\/p>\n<ul>\n<li><a href=\"https:\/\/www.ils-forschung.de\/en\/the-ils\/ils-staff\/weith-thomas\/\">Weith, Thomas (Prof. Dr.-Ing.)<\/a><\/li>\n<\/ul>\n<\/div><div class=\"fusion-separator fusion-full-width-sep\" style=\"align-self: center;margin-left: auto;margin-right: auto;margin-top:10px;margin-bottom:10px;width:100%;\"><\/div><div class=\"fusion-text fusion-text-4\" style=\"--awb-text-transform:none;\"><h3>Deputy head<\/h3>\n<\/p>\n<ul>\n<li><a href=\"https:\/\/www.ils-forschung.de\/en\/the-ils\/ils-staff\/otsuka-noriko\/\">Otsuka, Noriko (Dr.)<\/a><\/li>\n<li><a href=\"https:\/\/www.ils-forschung.de\/en\/the-ils\/ils-staff\/specht-kathrin\/\">Specht, Kathrin (Dr.)<\/a><\/li>\n<\/ul>\n<\/div><div class=\"fusion-separator fusion-full-width-sep\" style=\"align-self: center;margin-left: auto;margin-right: auto;margin-top:10px;margin-bottom:10px;width:100%;\"><\/div><div class=\"fusion-text fusion-text-5\" style=\"--awb-text-transform:none;\"><h3>Research staff<\/h3>\n<\/p>\n<ul>\n<li><a href=\"https:\/\/www.ils-forschung.de\/en\/the-ils\/ils-staff\/cozzolino-stefano\/\">Cozzolino, Stefano (Dr.)<\/a><\/li>\n<li><a href=\"https:\/\/www.ils-forschung.de\/en\/the-ils\/ils-staff\/eisenberg-annika\/\">Eisenberg, Annika<\/a><\/li>\n<li><a href=\"https:\/\/www.ils-forschung.de\/en\/the-ils\/ils-staff\/friese-sarah\/\">Friese, Sarah<\/a><\/li>\n<li><a href=\"https:\/\/www.ils-forschung.de\/en\/the-ils\/ils-staff\/hangebruch-nina\/\">Hangebruch, Nina<\/a><\/li>\n<li><a href=\"https:\/\/www.ils-forschung.de\/en\/the-ils\/ils-staff\/hassen-eyaiu\/\">Hassen, Eyaiu<\/a><\/li>\n<li><a href=\"https:\/\/www.ils-forschung.de\/en\/the-ils\/ils-staff\/iodice-kraft-chiara-charlotte\/\">Iodice-Kraft, Chiara-Charlotte<\/a><\/li>\n<li><a href=\"https:\/\/www.ils-forschung.de\/en\/the-ils\/ils-staff\/leimkuehler-melissa\/\">Leimk\u00fchler, Melissa<\/a><\/li>\n<li><a href=\"https:\/\/www.ils-forschung.de\/en\/the-ils\/ils-staff\/marschall-jonas\/\">Marschall, Jonas<\/a><\/li>\n<li><a href=\"https:\/\/www.ils-forschung.de\/en\/the-ils\/ils-staff\/milde-theresa\/\">Milde, Theresa<\/a><\/li>\n<li><a href=\"https:\/\/www.ils-forschung.de\/en\/the-ils\/ils-staff\/moonga-lizzy\/\">Moonga, Lizzy<\/a><\/li>\n<li><a href=\"https:\/\/www.ils-forschung.de\/en\/the-ils\/ils-staff\/koch-ann-kristin\/\">Steines, Ann-Kristin<\/a><\/li>\n<li><a href=\"https:\/\/www.ils-forschung.de\/en\/the-ils\/ils-staff\/stroms-van-der-vlugt-peter\/\">Stroms-van der Vlugt, Peter<\/a><\/li>\n<\/ul>\n<\/div><div class=\"fusion-separator fusion-full-width-sep\" style=\"align-self: center;margin-left: auto;margin-right: auto;margin-top:10px;margin-bottom:10px;width:100%;\"><\/div><div class=\"fusion-text fusion-text-6\"><h3>Team assistants<\/h3>\n<p><a href=\"https:\/\/www.ils-forschung.de\/en\/the-ils\/ils-staff\/nordholt-jutta\/\">Jutta Nordholt<\/a><br \/>Phone: +49 (0) 231 9051-276<br \/>E-Mail: <a href=\"mailto:jutta.nordholt@ils-research.de\">jutta.nordholt@ils-research.de<\/a><\/p>\n<\/div><div class=\"fusion-separator fusion-full-width-sep\" style=\"align-self: center;margin-left: auto;margin-right: auto;margin-top:10px;margin-bottom:10px;width:100%;\"><\/div><div class=\"fusion-text fusion-text-7\" style=\"--awb-text-transform:none;\"><h3>Student assistants<\/h3>\n<ul>\n<li>Bosse, Lennart<\/li>\n<\/ul>\n<ul>\n<li>Gatawis, Julian<\/li>\n<\/ul>\n<ul>\n<li>Gutjahr, Moritz Samuel<\/li>\n<\/ul>\n<ul>\n<li>Jasner, Nora<\/li>\n<\/ul>\n<ul>\n<li>Kahlisch, Laura<\/li>\n<\/ul>\n<ul>\n<li>Ochel, Kay Marie<\/li>\n<\/ul>\n<ul>\n<li>Ostheller, Jette Marie<\/li>\n<\/ul>\n<ul>\n<li>Sch\u00e4tte, Emilie<\/li>\n<\/ul>\n<ul>\n<li>Wiegand, Sophie<\/li>\n<\/ul>\n<\/div><\/div><\/div><\/div><\/div>\n","protected":false},"excerpt":{"rendered":"","protected":false},"author":14,"featured_media":29962,"parent":446,"menu_order":0,"comment_status":"closed","ping_status":"closed","template":"","meta":{"footnotes":""},"class_list":["post-3182","page","type-page","status-publish","has-post-thumbnail","hentry"],"yoast_head":"<!-- This site is optimized with the Yoast SEO plugin v27.1.1 - https:\/\/yoast.com\/product\/yoast-seo-wordpress\/ -->\n<title>Spatial Planning and Urban Design - ILS - Institut f\u00fcr Landes- und Stadtentwicklungsforschung<\/title>\n<meta name=\"robots\" content=\"index, follow, max-snippet:-1, max-image-preview:large, max-video-preview:-1\" \/>\n<link rel=\"canonical\" href=\"https:\/\/www.ils-forschung.de\/en\/the-ils\/organization\/spatial-planning-and-urban-design\/\" \/>\n<meta property=\"og:locale\" content=\"en_US\" \/>\n<meta property=\"og:type\" content=\"article\" \/>\n<meta property=\"og:title\" content=\"Spatial Planning and Urban Design - ILS - Institut f\u00fcr Landes- und Stadtentwicklungsforschung\" \/>\n<meta property=\"og:url\" content=\"https:\/\/www.ils-forschung.de\/en\/the-ils\/organization\/spatial-planning-and-urban-design\/\" \/>\n<meta property=\"og:site_name\" content=\"ILS - Institut f\u00fcr Landes- und Stadtentwicklungsforschung\" \/>\n<meta property=\"article:modified_time\" content=\"2026-04-14T07:35:28+00:00\" \/>\n<meta name=\"twitter:card\" content=\"summary_large_image\" \/>\n<meta name=\"twitter:site\" content=\"@ILS_forschung\" \/>\n<meta name=\"twitter:label1\" content=\"Est. reading time\" \/>\n\t<meta name=\"twitter:data1\" content=\"1 minute\" \/>\n<script type=\"application\/ld+json\" class=\"yoast-schema-graph\">{\"@context\":\"https:\/\/schema.org\",\"@graph\":[{\"@type\":\"WebPage\",\"@id\":\"https:\/\/www.ils-forschung.de\/en\/the-ils\/organization\/spatial-planning-and-urban-design\/\",\"url\":\"https:\/\/www.ils-forschung.de\/en\/the-ils\/organization\/spatial-planning-and-urban-design\/\",\"name\":\"Spatial Planning and Urban Design - ILS - Institut f\u00fcr Landes- und Stadtentwicklungsforschung\",\"isPartOf\":{\"@id\":\"https:\/\/www.ils-forschung.de\/en\/#website\"},\"primaryImageOfPage\":{\"@id\":\"https:\/\/www.ils-forschung.de\/en\/the-ils\/organization\/spatial-planning-and-urban-design\/#primaryimage\"},\"image\":{\"@id\":\"https:\/\/www.ils-forschung.de\/en\/the-ils\/organization\/spatial-planning-and-urban-design\/#primaryimage\"},\"thumbnailUrl\":\"https:\/\/www.ils-forschung.de\/wp-content\/uploads\/2023\/04\/ils-social-share-logo.jpg\",\"datePublished\":\"2019-04-15T12:54:27+00:00\",\"dateModified\":\"2026-04-14T07:35:28+00:00\",\"breadcrumb\":{\"@id\":\"https:\/\/www.ils-forschung.de\/en\/the-ils\/organization\/spatial-planning-and-urban-design\/#breadcrumb\"},\"inLanguage\":\"en-US\",\"potentialAction\":[{\"@type\":\"ReadAction\",\"target\":[\"https:\/\/www.ils-forschung.de\/en\/the-ils\/organization\/spatial-planning-and-urban-design\/\"]}]},{\"@type\":\"ImageObject\",\"inLanguage\":\"en-US\",\"@id\":\"https:\/\/www.ils-forschung.de\/en\/the-ils\/organization\/spatial-planning-and-urban-design\/#primaryimage\",\"url\":\"https:\/\/www.ils-forschung.de\/wp-content\/uploads\/2023\/04\/ils-social-share-logo.jpg\",\"contentUrl\":\"https:\/\/www.ils-forschung.de\/wp-content\/uploads\/2023\/04\/ils-social-share-logo.jpg\",\"width\":1200,\"height\":630},{\"@type\":\"BreadcrumbList\",\"@id\":\"https:\/\/www.ils-forschung.de\/en\/the-ils\/organization\/spatial-planning-and-urban-design\/#breadcrumb\",\"itemListElement\":[{\"@type\":\"ListItem\",\"position\":1,\"name\":\"Home\",\"item\":\"https:\/\/www.ils-forschung.de\/en\/\"},{\"@type\":\"ListItem\",\"position\":2,\"name\":\"The ILS\",\"item\":\"https:\/\/www.ils-forschung.de\/en\/the-ils\/\"},{\"@type\":\"ListItem\",\"position\":3,\"name\":\"Organization\",\"item\":\"https:\/\/www.ils-forschung.de\/en\/das-ils\/organisation\/\"},{\"@type\":\"ListItem\",\"position\":4,\"name\":\"Spatial Planning and Urban Design\"}]},{\"@type\":\"WebSite\",\"@id\":\"https:\/\/www.ils-forschung.de\/en\/#website\",\"url\":\"https:\/\/www.ils-forschung.de\/en\/\",\"name\":\"ILS - Institut f\u00fcr Landes- und Stadtentwicklungsforschung\",\"description\":\"Das ILS \u2013 Institut f\u00fcr Landes- und Stadtentwicklungsforschung ist ein raumwissenschaftliches au\u00dferuniversit\u00e4res Forschungsinstitut mit Sitz in Dortmund.\",\"potentialAction\":[{\"@type\":\"SearchAction\",\"target\":{\"@type\":\"EntryPoint\",\"urlTemplate\":\"https:\/\/www.ils-forschung.de\/en\/?s={search_term_string}\"},\"query-input\":{\"@type\":\"PropertyValueSpecification\",\"valueRequired\":true,\"valueName\":\"search_term_string\"}}],\"inLanguage\":\"en-US\"}]}<\/script>\n<!-- \/ Yoast SEO plugin. -->","yoast_head_json":{"title":"Spatial Planning and Urban Design - ILS - Institut f\u00fcr Landes- und Stadtentwicklungsforschung","robots":{"index":"index","follow":"follow","max-snippet":"max-snippet:-1","max-image-preview":"max-image-preview:large","max-video-preview":"max-video-preview:-1"},"canonical":"https:\/\/www.ils-forschung.de\/en\/the-ils\/organization\/spatial-planning-and-urban-design\/","og_locale":"en_US","og_type":"article","og_title":"Spatial Planning and Urban Design - ILS - Institut f\u00fcr Landes- und Stadtentwicklungsforschung","og_url":"https:\/\/www.ils-forschung.de\/en\/the-ils\/organization\/spatial-planning-and-urban-design\/","og_site_name":"ILS - Institut f\u00fcr Landes- und Stadtentwicklungsforschung","article_modified_time":"2026-04-14T07:35:28+00:00","twitter_card":"summary_large_image","twitter_site":"@ILS_forschung","twitter_misc":{"Est. reading time":"1 minute"},"schema":{"@context":"https:\/\/schema.org","@graph":[{"@type":"WebPage","@id":"https:\/\/www.ils-forschung.de\/en\/the-ils\/organization\/spatial-planning-and-urban-design\/","url":"https:\/\/www.ils-forschung.de\/en\/the-ils\/organization\/spatial-planning-and-urban-design\/","name":"Spatial Planning and Urban Design - ILS - Institut f\u00fcr Landes- und Stadtentwicklungsforschung","isPartOf":{"@id":"https:\/\/www.ils-forschung.de\/en\/#website"},"primaryImageOfPage":{"@id":"https:\/\/www.ils-forschung.de\/en\/the-ils\/organization\/spatial-planning-and-urban-design\/#primaryimage"},"image":{"@id":"https:\/\/www.ils-forschung.de\/en\/the-ils\/organization\/spatial-planning-and-urban-design\/#primaryimage"},"thumbnailUrl":"https:\/\/www.ils-forschung.de\/wp-content\/uploads\/2023\/04\/ils-social-share-logo.jpg","datePublished":"2019-04-15T12:54:27+00:00","dateModified":"2026-04-14T07:35:28+00:00","breadcrumb":{"@id":"https:\/\/www.ils-forschung.de\/en\/the-ils\/organization\/spatial-planning-and-urban-design\/#breadcrumb"},"inLanguage":"en-US","potentialAction":[{"@type":"ReadAction","target":["https:\/\/www.ils-forschung.de\/en\/the-ils\/organization\/spatial-planning-and-urban-design\/"]}]},{"@type":"ImageObject","inLanguage":"en-US","@id":"https:\/\/www.ils-forschung.de\/en\/the-ils\/organization\/spatial-planning-and-urban-design\/#primaryimage","url":"https:\/\/www.ils-forschung.de\/wp-content\/uploads\/2023\/04\/ils-social-share-logo.jpg","contentUrl":"https:\/\/www.ils-forschung.de\/wp-content\/uploads\/2023\/04\/ils-social-share-logo.jpg","width":1200,"height":630},{"@type":"BreadcrumbList","@id":"https:\/\/www.ils-forschung.de\/en\/the-ils\/organization\/spatial-planning-and-urban-design\/#breadcrumb","itemListElement":[{"@type":"ListItem","position":1,"name":"Home","item":"https:\/\/www.ils-forschung.de\/en\/"},{"@type":"ListItem","position":2,"name":"The ILS","item":"https:\/\/www.ils-forschung.de\/en\/the-ils\/"},{"@type":"ListItem","position":3,"name":"Organization","item":"https:\/\/www.ils-forschung.de\/en\/das-ils\/organisation\/"},{"@type":"ListItem","position":4,"name":"Spatial Planning and Urban Design"}]},{"@type":"WebSite","@id":"https:\/\/www.ils-forschung.de\/en\/#website","url":"https:\/\/www.ils-forschung.de\/en\/","name":"ILS - Institut f\u00fcr Landes- und Stadtentwicklungsforschung","description":"Das ILS \u2013 Institut f\u00fcr Landes- und Stadtentwicklungsforschung ist ein raumwissenschaftliches au\u00dferuniversit\u00e4res Forschungsinstitut mit Sitz in Dortmund.","potentialAction":[{"@type":"SearchAction","target":{"@type":"EntryPoint","urlTemplate":"https:\/\/www.ils-forschung.de\/en\/?s={search_term_string}"},"query-input":{"@type":"PropertyValueSpecification","valueRequired":true,"valueName":"search_term_string"}}],"inLanguage":"en-US"}]}},"_links":{"self":[{"href":"https:\/\/www.ils-forschung.de\/en\/wp-json\/wp\/v2\/pages\/3182","targetHints":{"allow":["GET"]}}],"collection":[{"href":"https:\/\/www.ils-forschung.de\/en\/wp-json\/wp\/v2\/pages"}],"about":[{"href":"https:\/\/www.ils-forschung.de\/en\/wp-json\/wp\/v2\/types\/page"}],"author":[{"embeddable":true,"href":"https:\/\/www.ils-forschung.de\/en\/wp-json\/wp\/v2\/users\/14"}],"replies":[{"embeddable":true,"href":"https:\/\/www.ils-forschung.de\/en\/wp-json\/wp\/v2\/comments?post=3182"}],"version-history":[{"count":36,"href":"https:\/\/www.ils-forschung.de\/en\/wp-json\/wp\/v2\/pages\/3182\/revisions"}],"predecessor-version":[{"id":57252,"href":"https:\/\/www.ils-forschung.de\/en\/wp-json\/wp\/v2\/pages\/3182\/revisions\/57252"}],"up":[{"embeddable":true,"href":"https:\/\/www.ils-forschung.de\/en\/wp-json\/wp\/v2\/pages\/446"}],"wp:featuredmedia":[{"embeddable":true,"href":"https:\/\/www.ils-forschung.de\/en\/wp-json\/wp\/v2\/media\/29962"}],"wp:attachment":[{"href":"https:\/\/www.ils-forschung.de\/en\/wp-json\/wp\/v2\/media?parent=3182"}],"curies":[{"name":"wp","href":"https:\/\/api.w.org\/{rel}","templated":true}]}}