{"id":3177,"date":"2019-04-15T14:50:01","date_gmt":"2019-04-15T12:50:01","guid":{"rendered":"https:\/\/www.ils-forschung.de\/the-ils\/organisation\/mobilities-and-space\/"},"modified":"2026-04-14T09:30:36","modified_gmt":"2026-04-14T07:30:36","slug":"mobilities-and-space","status":"publish","type":"page","link":"https:\/\/www.ils-forschung.de\/en\/the-ils\/organization\/mobilities-and-space\/","title":{"rendered":"Mobilities and Space"},"content":{"rendered":"<div class=\"fusion-fullwidth fullwidth-box fusion-builder-row-1 fusion-flex-container nonhundred-percent-fullwidth non-hundred-percent-height-scrolling\" style=\"--awb-border-radius-top-left:0px;--awb-border-radius-top-right:0px;--awb-border-radius-bottom-right:0px;--awb-border-radius-bottom-left:0px;--awb-flex-wrap:wrap;\" ><div class=\"fusion-builder-row fusion-row fusion-flex-align-items-flex-start fusion-flex-content-wrap\" style=\"max-width:1144px;margin-left: calc(-4% \/ 2 );margin-right: calc(-4% \/ 2 );\"><div class=\"fusion-layout-column fusion_builder_column fusion-builder-column-0 fusion_builder_column_1_1 1_1 fusion-flex-column\" style=\"--awb-bg-size:cover;--awb-width-large:100%;--awb-margin-top-large:0px;--awb-spacing-right-large:1.92%;--awb-margin-bottom-large:20px;--awb-spacing-left-large:1.92%;--awb-width-medium:100%;--awb-spacing-right-medium:1.92%;--awb-spacing-left-medium:1.92%;--awb-width-small:100%;--awb-spacing-right-small:1.92%;--awb-spacing-left-small:1.92%;\"><div class=\"fusion-column-wrapper fusion-flex-justify-content-flex-start fusion-content-layout-column\"><div class=\"fusion-image-element \" style=\"--awb-caption-title-font-family:var(--h2_typography-font-family);--awb-caption-title-font-weight:var(--h2_typography-font-weight);--awb-caption-title-font-style:var(--h2_typography-font-style);--awb-caption-title-size:var(--h2_typography-font-size);--awb-caption-title-transform:var(--h2_typography-text-transform);--awb-caption-title-line-height:var(--h2_typography-line-height);--awb-caption-title-letter-spacing:var(--h2_typography-letter-spacing);\"><span class=\" fusion-imageframe imageframe-none imageframe-1 hover-type-none\"><img decoding=\"async\" width=\"1200\" height=\"364\" title=\"transformation-urbaner-raeume-und-mobilitaeten-titelbild\" src=\"https:\/\/www.ils-forschung.de\/wp-content\/uploads\/2022\/06\/transformation-urbaner-raeume-und-mobilitaeten-titelbild.jpg\" alt class=\"img-responsive wp-image-22230\" srcset=\"https:\/\/www.ils-forschung.de\/wp-content\/uploads\/2022\/06\/transformation-urbaner-raeume-und-mobilitaeten-titelbild-200x61.jpg 200w, https:\/\/www.ils-forschung.de\/wp-content\/uploads\/2022\/06\/transformation-urbaner-raeume-und-mobilitaeten-titelbild-400x121.jpg 400w, https:\/\/www.ils-forschung.de\/wp-content\/uploads\/2022\/06\/transformation-urbaner-raeume-und-mobilitaeten-titelbild-600x182.jpg 600w, https:\/\/www.ils-forschung.de\/wp-content\/uploads\/2022\/06\/transformation-urbaner-raeume-und-mobilitaeten-titelbild-800x243.jpg 800w, https:\/\/www.ils-forschung.de\/wp-content\/uploads\/2022\/06\/transformation-urbaner-raeume-und-mobilitaeten-titelbild.jpg 1200w\" sizes=\"(max-width: 1125px) 100vw, (max-width: 765px) 100vw, 1200px\" \/><\/span><\/div><div class=\"fusion-text fusion-text-1\"><p><span style=\"font-size: 10px; float: right;\">\u00a9 ILS \/ Jan Lassen<\/span><\/p>\n<\/div><div class=\"fusion-separator fusion-full-width-sep\" style=\"align-self: center;margin-left: auto;margin-right: auto;margin-top:10px;margin-bottom:10px;width:100%;\"><\/div><div class=\"fusion-text fusion-text-2\"><p>The research group M deals with the connections between the various forms of mobility and spatial development. The competences of the research group lie in the following areas<\/p>\n<ul>\n<li>Impact of new technologies on the transport system and transport behaviour<\/li>\n<li>Trends and drivers of location decisions by households and enterprises<\/li>\n<li>Modelling and scenario development on issues of spatial and traffic development<\/li>\n<\/ul>\n<\/div><div class=\"fusion-separator fusion-full-width-sep\" style=\"align-self: center;margin-left: auto;margin-right: auto;margin-top:10px;margin-bottom:10px;width:100%;\"><\/div><div class=\"fusion-text fusion-text-3\"><h3>Headed by<\/h3>\n<p>&nbsp;<\/p>\n<ul>\n<li><a href=\"https:\/\/www.ils-forschung.de\/en\/the-ils\/ils-staff\/klinger-thomas\/\">Thomas Klinger (Dr.)<\/a><\/li>\n<\/ul>\n<\/div><div class=\"fusion-separator fusion-full-width-sep\" style=\"align-self: center;margin-left: auto;margin-right: auto;margin-top:10px;margin-bottom:10px;width:100%;\"><\/div><div class=\"fusion-text fusion-text-4\" style=\"--awb-text-transform:none;\"><h3>Deputy Head<\/h3>\n<ul>\n<li><a href=\"https:\/\/www.ils-forschung.de\/en\/the-ils\/ils-staff\/dittrich-wesbuer-andrea\/\">Dittrich-Wesbuer, Andrea (Dr.-Ing.)<\/a><\/li>\n<li><a href=\"https:\/\/www.ils-forschung.de\/en\/the-ils\/ils-staff\/muenter-angelika\/\">M\u00fcnter, Angelika (Dr.)<\/a><\/li>\n<\/ul>\n<\/div><div class=\"fusion-separator fusion-full-width-sep\" style=\"align-self: center;margin-left: auto;margin-right: auto;margin-top:10px;margin-bottom:10px;width:100%;\"><\/div><div class=\"fusion-text fusion-text-5\" style=\"--awb-text-transform:none;\"><h3>Research assistants<\/h3>\n<ul>\n<li><a href=\"https:\/\/www.ils-forschung.de\/en\/the-ils\/ils-staff\/albrecht-janna\/\">Albrecht, Janna (Dr.-Ing.)<\/a><\/li>\n<li><a href=\"https:\/\/www.ils-forschung.de\/en\/the-ils\/ils-staff\/atanova-angelina\/\">Atanova, Angelina<\/a><\/li>\n<li><a href=\"https:\/\/www.ils-forschung.de\/en\/the-ils\/ils-staff\/conrad-kerstin\/\">Conrad, Kerstin (Dr.-Ing.)<\/a><\/li>\n<li><a href=\"https:\/\/www.ils-forschung.de\/en\/the-ils\/ils-staff\/eichhorn-sebastian\/\">Eichhorn, Sebastian (Dr.-Ing.)<\/a><\/li>\n<li><a href=\"https:\/\/www.ils-forschung.de\/en\/the-ils\/ils-staff\/garde-lisa\/\">Garde, Lisa (Dr.)<\/a><\/li>\n<li><a href=\"https:\/\/www.ils-forschung.de\/en\/the-ils\/ils-staff\/groth-soeren\/\">Groth, S\u00f6ren (Dr.)<\/a><\/li>\n<li><a href=\"https:\/\/www.ils-forschung.de\/en\/the-ils\/ils-staff\/krasilnikova-nadezda\/\">Krasilnikova, Nadezda (Dr.-Ing.)<\/a><\/li>\n<li><a href=\"https:\/\/www.ils-forschung.de\/en\/the-ils\/ils-staff\/joshua-kuckherm-ma-sozialwissenschaftliche-nachhaltigkeits-und-transformationsstudien\/\">Kuckherm, Joshua <\/a><\/li>\n<li><a href=\"https:\/\/www.ils-forschung.de\/en\/the-ils\/ils-staff\/milde-theresa\/\">Milde, Theresa<\/a><\/li>\n<li><a href=\"https:\/\/www.ils-forschung.de\/en\/the-ils\/ils-staff\/muenter-angelika\/\">M\u00fcnter, Angelika (Dr.)<\/a><\/li>\n<li><a href=\"https:\/\/www.ils-forschung.de\/en\/the-ils\/ils-staff\/scheunert-pauline\/\">Scheunert, Pauline<\/a><\/li>\n<li><a href=\"https:\/\/www.ils-forschung.de\/en\/the-ils\/ils-staff\/schroeder-annika\/\">Schr\u00f6der, Annika<\/a><\/li>\n<li><a href=\"https:\/\/www.ils-forschung.de\/en\/the-ils\/ils-staff\/stroms-van-der-vlugt-anna-lena\/\">Stroms-van der Vlugt, Anna-Lena (Dr.-Ing.)<\/a><\/li>\n<li><a href=\"https:\/\/www.ils-forschung.de\/en\/the-ils\/ils-staff\/torreiter-laura\/\">Torreiter, Laura (Dr.)<\/a><\/li>\n<li><a href=\"https:\/\/www.ils-forschung.de\/en\/the-ils\/ils-staff\/volgmann-kati\/\">Volgmann, Kati (Dr.)<\/a><\/li>\n<li><a href=\"https:\/\/www.ils-forschung.de\/en\/the-ils\/ils-staff\/welsch-janina\/\">Welsch, Janina (Dr.)<\/a><\/li>\n<\/ul>\n<\/div><div class=\"fusion-separator fusion-full-width-sep\" style=\"align-self: center;margin-left: auto;margin-right: auto;margin-top:10px;margin-bottom:10px;width:100%;\"><\/div><div class=\"fusion-text fusion-text-6\"><h3>Team assistant<\/h3>\n<p><a href=\"https:\/\/www.ils-forschung.de\/en\/the-ils\/ils-staff\/giersberg-sabine\/\">Sabine Giersberg<\/a><br \/>\nPhone: +49 (0) 231 9051-275<br \/>\nE-Mail: <a href=\"mailto:sabine.giersberg@ils-research.de\">sabine.giersberg@ils-research.de<\/a><\/p>\n<\/div><div class=\"fusion-separator fusion-full-width-sep\" style=\"align-self: center;margin-left: auto;margin-right: auto;margin-top:10px;margin-bottom:10px;width:100%;\"><\/div><div class=\"fusion-text fusion-text-7\" style=\"--awb-text-transform:none;\"><h3>Student assistants<\/h3>\n<ul>\n<li>Abbey, Kekeli Vincent<\/li>\n<\/ul>\n<ul>\n<li>B\u00f6hm, Nikolas<\/li>\n<\/ul>\n<ul>\n<li>Ebert, Daniel<\/li>\n<\/ul>\n<ul>\n<li>Gibson, Ewan<\/li>\n<\/ul>\n<ul>\n<li>Heitefaut, Vasco Cornelius<\/li>\n<\/ul>\n<ul>\n<li>Junge, Emil Finn<\/li>\n<\/ul>\n<ul>\n<li>Krieger, Flora<\/li>\n<\/ul>\n<ul>\n<li>Schlinghoff, Lea<\/li>\n<\/ul>\n<ul>\n<li>Schmeing, Malin<\/li>\n<\/ul>\n<\/div><\/div><\/div><\/div><\/div>\n","protected":false},"excerpt":{"rendered":"","protected":false},"author":14,"featured_media":29962,"parent":446,"menu_order":0,"comment_status":"closed","ping_status":"closed","template":"","meta":{"footnotes":""},"class_list":["post-3177","page","type-page","status-publish","has-post-thumbnail","hentry"],"yoast_head":"<!-- This site is optimized with the Yoast SEO plugin v27.1.1 - https:\/\/yoast.com\/product\/yoast-seo-wordpress\/ -->\n<title>Mobilities and Space - ILS - Institut f\u00fcr Landes- und Stadtentwicklungsforschung<\/title>\n<meta name=\"robots\" content=\"index, follow, max-snippet:-1, max-image-preview:large, max-video-preview:-1\" \/>\n<link rel=\"canonical\" href=\"https:\/\/www.ils-forschung.de\/en\/the-ils\/organization\/mobilities-and-space\/\" \/>\n<meta property=\"og:locale\" content=\"en_US\" \/>\n<meta property=\"og:type\" content=\"article\" \/>\n<meta property=\"og:title\" content=\"Mobilities and Space - ILS - Institut f\u00fcr Landes- und Stadtentwicklungsforschung\" \/>\n<meta property=\"og:url\" content=\"https:\/\/www.ils-forschung.de\/en\/the-ils\/organization\/mobilities-and-space\/\" \/>\n<meta property=\"og:site_name\" content=\"ILS - Institut f\u00fcr Landes- und Stadtentwicklungsforschung\" \/>\n<meta property=\"article:modified_time\" content=\"2026-04-14T07:30:36+00:00\" \/>\n<meta name=\"twitter:card\" content=\"summary_large_image\" \/>\n<meta name=\"twitter:site\" content=\"@ILS_forschung\" \/>\n<meta name=\"twitter:label1\" content=\"Est. reading time\" \/>\n\t<meta name=\"twitter:data1\" content=\"2 minutes\" \/>\n<script type=\"application\/ld+json\" class=\"yoast-schema-graph\">{\"@context\":\"https:\/\/schema.org\",\"@graph\":[{\"@type\":\"WebPage\",\"@id\":\"https:\/\/www.ils-forschung.de\/en\/the-ils\/organization\/mobilities-and-space\/\",\"url\":\"https:\/\/www.ils-forschung.de\/en\/the-ils\/organization\/mobilities-and-space\/\",\"name\":\"Mobilities and Space - ILS - Institut f\u00fcr Landes- und Stadtentwicklungsforschung\",\"isPartOf\":{\"@id\":\"https:\/\/www.ils-forschung.de\/en\/#website\"},\"primaryImageOfPage\":{\"@id\":\"https:\/\/www.ils-forschung.de\/en\/the-ils\/organization\/mobilities-and-space\/#primaryimage\"},\"image\":{\"@id\":\"https:\/\/www.ils-forschung.de\/en\/the-ils\/organization\/mobilities-and-space\/#primaryimage\"},\"thumbnailUrl\":\"https:\/\/www.ils-forschung.de\/wp-content\/uploads\/2023\/04\/ils-social-share-logo.jpg\",\"datePublished\":\"2019-04-15T12:50:01+00:00\",\"dateModified\":\"2026-04-14T07:30:36+00:00\",\"breadcrumb\":{\"@id\":\"https:\/\/www.ils-forschung.de\/en\/the-ils\/organization\/mobilities-and-space\/#breadcrumb\"},\"inLanguage\":\"en-US\",\"potentialAction\":[{\"@type\":\"ReadAction\",\"target\":[\"https:\/\/www.ils-forschung.de\/en\/the-ils\/organization\/mobilities-and-space\/\"]}]},{\"@type\":\"ImageObject\",\"inLanguage\":\"en-US\",\"@id\":\"https:\/\/www.ils-forschung.de\/en\/the-ils\/organization\/mobilities-and-space\/#primaryimage\",\"url\":\"https:\/\/www.ils-forschung.de\/wp-content\/uploads\/2023\/04\/ils-social-share-logo.jpg\",\"contentUrl\":\"https:\/\/www.ils-forschung.de\/wp-content\/uploads\/2023\/04\/ils-social-share-logo.jpg\",\"width\":1200,\"height\":630},{\"@type\":\"BreadcrumbList\",\"@id\":\"https:\/\/www.ils-forschung.de\/en\/the-ils\/organization\/mobilities-and-space\/#breadcrumb\",\"itemListElement\":[{\"@type\":\"ListItem\",\"position\":1,\"name\":\"Home\",\"item\":\"https:\/\/www.ils-forschung.de\/en\/\"},{\"@type\":\"ListItem\",\"position\":2,\"name\":\"The ILS\",\"item\":\"https:\/\/www.ils-forschung.de\/en\/the-ils\/\"},{\"@type\":\"ListItem\",\"position\":3,\"name\":\"Organization\",\"item\":\"https:\/\/www.ils-forschung.de\/en\/das-ils\/organisation\/\"},{\"@type\":\"ListItem\",\"position\":4,\"name\":\"Mobilities and Space\"}]},{\"@type\":\"WebSite\",\"@id\":\"https:\/\/www.ils-forschung.de\/en\/#website\",\"url\":\"https:\/\/www.ils-forschung.de\/en\/\",\"name\":\"ILS - Institut f\u00fcr Landes- und Stadtentwicklungsforschung\",\"description\":\"Das ILS \u2013 Institut f\u00fcr Landes- und Stadtentwicklungsforschung ist ein raumwissenschaftliches au\u00dferuniversit\u00e4res Forschungsinstitut mit Sitz in Dortmund.\",\"potentialAction\":[{\"@type\":\"SearchAction\",\"target\":{\"@type\":\"EntryPoint\",\"urlTemplate\":\"https:\/\/www.ils-forschung.de\/en\/?s={search_term_string}\"},\"query-input\":{\"@type\":\"PropertyValueSpecification\",\"valueRequired\":true,\"valueName\":\"search_term_string\"}}],\"inLanguage\":\"en-US\"}]}<\/script>\n<!-- \/ Yoast SEO plugin. -->","yoast_head_json":{"title":"Mobilities and Space - ILS - Institut f\u00fcr Landes- und Stadtentwicklungsforschung","robots":{"index":"index","follow":"follow","max-snippet":"max-snippet:-1","max-image-preview":"max-image-preview:large","max-video-preview":"max-video-preview:-1"},"canonical":"https:\/\/www.ils-forschung.de\/en\/the-ils\/organization\/mobilities-and-space\/","og_locale":"en_US","og_type":"article","og_title":"Mobilities and Space - ILS - Institut f\u00fcr Landes- und Stadtentwicklungsforschung","og_url":"https:\/\/www.ils-forschung.de\/en\/the-ils\/organization\/mobilities-and-space\/","og_site_name":"ILS - Institut f\u00fcr Landes- und Stadtentwicklungsforschung","article_modified_time":"2026-04-14T07:30:36+00:00","twitter_card":"summary_large_image","twitter_site":"@ILS_forschung","twitter_misc":{"Est. reading time":"2 minutes"},"schema":{"@context":"https:\/\/schema.org","@graph":[{"@type":"WebPage","@id":"https:\/\/www.ils-forschung.de\/en\/the-ils\/organization\/mobilities-and-space\/","url":"https:\/\/www.ils-forschung.de\/en\/the-ils\/organization\/mobilities-and-space\/","name":"Mobilities and Space - ILS - Institut f\u00fcr Landes- und Stadtentwicklungsforschung","isPartOf":{"@id":"https:\/\/www.ils-forschung.de\/en\/#website"},"primaryImageOfPage":{"@id":"https:\/\/www.ils-forschung.de\/en\/the-ils\/organization\/mobilities-and-space\/#primaryimage"},"image":{"@id":"https:\/\/www.ils-forschung.de\/en\/the-ils\/organization\/mobilities-and-space\/#primaryimage"},"thumbnailUrl":"https:\/\/www.ils-forschung.de\/wp-content\/uploads\/2023\/04\/ils-social-share-logo.jpg","datePublished":"2019-04-15T12:50:01+00:00","dateModified":"2026-04-14T07:30:36+00:00","breadcrumb":{"@id":"https:\/\/www.ils-forschung.de\/en\/the-ils\/organization\/mobilities-and-space\/#breadcrumb"},"inLanguage":"en-US","potentialAction":[{"@type":"ReadAction","target":["https:\/\/www.ils-forschung.de\/en\/the-ils\/organization\/mobilities-and-space\/"]}]},{"@type":"ImageObject","inLanguage":"en-US","@id":"https:\/\/www.ils-forschung.de\/en\/the-ils\/organization\/mobilities-and-space\/#primaryimage","url":"https:\/\/www.ils-forschung.de\/wp-content\/uploads\/2023\/04\/ils-social-share-logo.jpg","contentUrl":"https:\/\/www.ils-forschung.de\/wp-content\/uploads\/2023\/04\/ils-social-share-logo.jpg","width":1200,"height":630},{"@type":"BreadcrumbList","@id":"https:\/\/www.ils-forschung.de\/en\/the-ils\/organization\/mobilities-and-space\/#breadcrumb","itemListElement":[{"@type":"ListItem","position":1,"name":"Home","item":"https:\/\/www.ils-forschung.de\/en\/"},{"@type":"ListItem","position":2,"name":"The ILS","item":"https:\/\/www.ils-forschung.de\/en\/the-ils\/"},{"@type":"ListItem","position":3,"name":"Organization","item":"https:\/\/www.ils-forschung.de\/en\/das-ils\/organisation\/"},{"@type":"ListItem","position":4,"name":"Mobilities and Space"}]},{"@type":"WebSite","@id":"https:\/\/www.ils-forschung.de\/en\/#website","url":"https:\/\/www.ils-forschung.de\/en\/","name":"ILS - Institut f\u00fcr Landes- und Stadtentwicklungsforschung","description":"Das ILS \u2013 Institut f\u00fcr Landes- und Stadtentwicklungsforschung ist ein raumwissenschaftliches au\u00dferuniversit\u00e4res Forschungsinstitut mit Sitz in Dortmund.","potentialAction":[{"@type":"SearchAction","target":{"@type":"EntryPoint","urlTemplate":"https:\/\/www.ils-forschung.de\/en\/?s={search_term_string}"},"query-input":{"@type":"PropertyValueSpecification","valueRequired":true,"valueName":"search_term_string"}}],"inLanguage":"en-US"}]}},"_links":{"self":[{"href":"https:\/\/www.ils-forschung.de\/en\/wp-json\/wp\/v2\/pages\/3177","targetHints":{"allow":["GET"]}}],"collection":[{"href":"https:\/\/www.ils-forschung.de\/en\/wp-json\/wp\/v2\/pages"}],"about":[{"href":"https:\/\/www.ils-forschung.de\/en\/wp-json\/wp\/v2\/types\/page"}],"author":[{"embeddable":true,"href":"https:\/\/www.ils-forschung.de\/en\/wp-json\/wp\/v2\/users\/14"}],"replies":[{"embeddable":true,"href":"https:\/\/www.ils-forschung.de\/en\/wp-json\/wp\/v2\/comments?post=3177"}],"version-history":[{"count":51,"href":"https:\/\/www.ils-forschung.de\/en\/wp-json\/wp\/v2\/pages\/3177\/revisions"}],"predecessor-version":[{"id":57249,"href":"https:\/\/www.ils-forschung.de\/en\/wp-json\/wp\/v2\/pages\/3177\/revisions\/57249"}],"up":[{"embeddable":true,"href":"https:\/\/www.ils-forschung.de\/en\/wp-json\/wp\/v2\/pages\/446"}],"wp:featuredmedia":[{"embeddable":true,"href":"https:\/\/www.ils-forschung.de\/en\/wp-json\/wp\/v2\/media\/29962"}],"wp:attachment":[{"href":"https:\/\/www.ils-forschung.de\/en\/wp-json\/wp\/v2\/media?parent=3177"}],"curies":[{"name":"wp","href":"https:\/\/api.w.org\/{rel}","templated":true}]}}