{"id":3122,"date":"2019-04-15T13:46:25","date_gmt":"2019-04-15T11:46:25","guid":{"rendered":"https:\/\/www.ils-forschung.de\/the-ils\/ils-staff\/zeitz-jana-friederike\/"},"modified":"2020-01-13T10:56:25","modified_gmt":"2020-01-13T09:56:25","slug":"zeitz-jana-friederike","status":"publish","type":"page","link":"https:\/\/www.ils-forschung.de\/en\/the-ils\/ils-staff\/zeitz-jana-friederike\/","title":{"rendered":"Zeitz, Jana Friederike"},"content":{"rendered":"<div class=\"fusion-fullwidth fullwidth-box fusion-builder-row-1 fusion-flex-container nonhundred-percent-fullwidth non-hundred-percent-height-scrolling\" style=\"--awb-border-radius-top-left:0px;--awb-border-radius-top-right:0px;--awb-border-radius-bottom-right:0px;--awb-border-radius-bottom-left:0px;--awb-flex-wrap:wrap;\" ><div class=\"fusion-builder-row fusion-row fusion-flex-align-items-flex-start fusion-flex-content-wrap\" style=\"max-width:1144px;margin-left: calc(-4% \/ 2 );margin-right: calc(-4% \/ 2 );\"><div class=\"fusion-layout-column fusion_builder_column fusion-builder-column-0 fusion_builder_column_3_4 3_4 fusion-flex-column\" style=\"--awb-bg-size:cover;--awb-width-large:75%;--awb-margin-top-large:0px;--awb-spacing-right-large:3.84%;--awb-margin-bottom-large:20px;--awb-spacing-left-large:2.56%;--awb-width-medium:100%;--awb-spacing-right-medium:1.92%;--awb-spacing-left-medium:1.92%;--awb-width-small:100%;--awb-spacing-right-small:1.92%;--awb-spacing-left-small:1.92%;\"><div class=\"fusion-column-wrapper fusion-flex-justify-content-flex-start fusion-content-layout-column\"><div class=\"fusion-text fusion-text-1\"><h3>Jana Friederike Zeitz, M.Sc. Geography<\/h3>\n<p>(area of specialisation: Urban and Regional Development Management)<\/p>\n<\/div><div class=\"fusion-builder-row fusion-builder-row-inner fusion-row fusion-flex-align-items-flex-start fusion-flex-content-wrap\" style=\"width:104% !important;max-width:104% !important;margin-left: calc(-4% \/ 2 );margin-right: calc(-4% \/ 2 );\"><div class=\"fusion-layout-column fusion_builder_column_inner fusion-builder-nested-column-0 fusion_builder_column_inner_1_3 1_3 fusion-flex-column\" style=\"--awb-bg-size:cover;--awb-width-large:33.3333333333%;--awb-margin-top-large:0px;--awb-spacing-right-large:3.83999999999%;--awb-margin-bottom-large:20px;--awb-spacing-left-large:5.76%;--awb-width-medium:100%;--awb-spacing-right-medium:1.92%;--awb-spacing-left-medium:1.92%;--awb-width-small:100%;--awb-spacing-right-small:1.92%;--awb-spacing-left-small:1.92%;\"><div class=\"fusion-column-wrapper fusion-flex-justify-content-flex-start fusion-content-layout-column\"><div class=\"fusion-image-element \" style=\"--awb-caption-title-font-family:var(--h2_typography-font-family);--awb-caption-title-font-weight:var(--h2_typography-font-weight);--awb-caption-title-font-style:var(--h2_typography-font-style);--awb-caption-title-size:var(--h2_typography-font-size);--awb-caption-title-transform:var(--h2_typography-text-transform);--awb-caption-title-line-height:var(--h2_typography-line-height);--awb-caption-title-letter-spacing:var(--h2_typography-letter-spacing);\"><span class=\" fusion-imageframe imageframe-none imageframe-1 hover-type-none\"><img decoding=\"async\" src=\"https:\/\/www.ils-forschung.de\/wp-content\/uploads\/2019\/02\/zeitz-jana-friederike-683x1024.jpg\" alt class=\"img-responsive\"\/><\/span><\/div><\/div><\/div><div class=\"fusion-layout-column fusion_builder_column_inner fusion-builder-nested-column-1 fusion_builder_column_inner_2_3 2_3 fusion-flex-column\" style=\"--awb-bg-size:cover;--awb-width-large:66.6666666667%;--awb-margin-top-large:0px;--awb-spacing-right-large:2.88%;--awb-margin-bottom-large:20px;--awb-spacing-left-large:3.84%;--awb-width-medium:100%;--awb-spacing-right-medium:1.92%;--awb-spacing-left-medium:1.92%;--awb-width-small:100%;--awb-spacing-right-small:1.92%;--awb-spacing-left-small:1.92%;\"><div class=\"fusion-column-wrapper fusion-flex-justify-content-flex-start fusion-content-layout-column\"><div class=\"fusion-text fusion-text-2\"><p>Studied Geography with specialisation on Urban and Regional Development at the Department of Geography, Ruhr University Bochum. <\/p>\n<p><strong>Research interests:<\/strong><\/p>\n<ul>\n<li>The right to the city<\/li>\n<li>Social and spatial inequality<\/li>\n<li>Urban and neighbourhood development planning<\/li>\n<li>Housing market and allocation strategies<\/li>\n<\/ul>\n<\/div><div class=\"fusion-text fusion-text-3\"><p><strong>Contact:<\/strong><br \/>\nPhone: + 49 (0) 231 9051-244<br \/>\nE-Mail: <a href=\"mailto:jana.zeitz@ils-research.de\">jana.zeitz@ils-research.de<\/a><\/p>\n<\/div><\/div><\/div><\/div><\/div><\/div><div class=\"fusion-layout-column fusion_builder_column fusion-builder-column-1 fusion_builder_column_1_4 1_4 fusion-flex-column\" style=\"--awb-bg-size:cover;--awb-width-large:25%;--awb-margin-top-large:0px;--awb-spacing-right-large:7.68%;--awb-margin-bottom-large:20px;--awb-spacing-left-large:3.84%;--awb-width-medium:100%;--awb-spacing-right-medium:1.92%;--awb-spacing-left-medium:1.92%;--awb-width-small:100%;--awb-spacing-right-small:1.92%;--awb-spacing-left-small:1.92%;\"><div class=\"fusion-column-wrapper fusion-flex-justify-content-flex-start fusion-content-layout-column\"><div class=\"fusion-blog-shortcode fusion-blog-shortcode-1 fusion-blog-archive fusion-blog-layout-grid-wrapper fusion-blog-infinite fusion-blog-no-images\"><style type=\"text\/css\">.fusion-blog-shortcode-1 .fusion-blog-layout-grid .fusion-post-grid{padding:20px;}.fusion-blog-shortcode-1 .fusion-posts-container{margin-left: -20px !important; margin-right:-20px !important;}<\/style><div class=\"fusion-posts-container fusion-posts-container-infinite fusion-posts-container-load-more fusion-no-meta-info fusion-blog-layout-grid fusion-blog-layout-grid-1 isotope\" data-pages=\"274\" data-grid-col-space=\"40\" style=\"margin: -20px -20px 0;min-height:500px;\"><article id=\"blog-1-post-57258\" class=\"fusion-post-grid post-57258 post type-post status-publish format-standard has-post-thumbnail hentry category-uncategorized\">\n<div class=\"fusion-post-wrapper\" style=\"background-color:rgba(249,249,249,1);border:1px solid #e5e5e5;border-bottom-width:3px;\"><div class=\"fusion-post-content-wrapper\" style=\"padding:20px 20px 0px 20px;\"><div class=\"fusion-post-content post-content\"><h2 class=\"blog-shortcode-post-title entry-title\">Wissenstransfer anders machen?!<\/h2><div class=\"fusion-post-content-container\"><p><strong>Reallabore, Pop-Ups, Performances, mobile und aufsuchende\u00a0Angebote in der Energiewende<\/strong><\/p>\n<p><strong>27. April 2026<\/strong><br \/>\n<strong>10:00\u201318:30 Uhr<\/strong><br \/>\n<strong>Wissenschaftspark Gelsenkirchen, Munscheidstr. 14, Gelsenkirchen<\/strong><\/p>\n<p>Eine gelingende Energiewende ben\u00f6tigt neben wissenschaftlichen Erkenntnissen, technischen Innovationen, f\u00f6rderlichen \u00f6konomischen und politischen Rahmenbedingungen auch neue gesellschaftliche Praktiken und \u00c4sthetiken. Zus\u00e4tzlich zu den bew\u00e4hrten Formaten der Wissensvermittlung wie Vortr\u00e4gen oder Panels gewinnen neue Vermittlungsans\u00e4tze im Kontext der Energiewende daher an Bedeutung. Formate wie performative Installationen, Pop-Ups, kreativ-k\u00fcnstlerische Interventionen, Augmented-Reality-Experimente oder mobile, aufsuchende Beratung machen Zusammenh\u00e4nge erfahrbar, laden zur gemeinsamen Wissensproduktion ein und versuchen auch diejenigen anzusprechen, die mit Wissenschaft wenig Ber\u00fchrung haben oder ihr kritisch gegen\u00fcberstehen. Die Tagung m\u00f6chte einen Reflexions- und Experimentierraum f\u00fcr neue Formate des Wissenstransfers er\u00f6ffnen.\u00a0Prof. Dr. Thomas Weith stellt dort in einer Session neue Kommunikationsformate zur Wisensvermittlung anhand von Beispielen aus dem ILS vor.<\/p>\n<p>Die Teilnahme ist kostenlos. Weitere Informationen und die Anmeldung finden Sie <a href=\"https:\/\/www.iat.eu\/termine\/veranstaltungen\/2026\/wissenstransfer-anders-machen-reallabore-pop-ups-performances-mobile-und-aufsuchende-angebote-in-der-energiewende.html\">hier<\/a>.<\/p>\n<p>&nbsp;<\/p>\n<p>&nbsp;<\/p>\n<\/div><\/div><\/div><div class=\"fusion-clearfix\"><\/div><\/div>\n<\/article>\n<article id=\"blog-1-post-57106\" class=\"fusion-post-grid post-57106 post type-post status-publish format-standard has-post-thumbnail hentry category-uncategorized category-veranstaltungen-en\">\n<div class=\"fusion-post-wrapper\" style=\"background-color:rgba(249,249,249,1);border:1px solid #e5e5e5;border-bottom-width:3px;\"><div class=\"fusion-post-content-wrapper\" style=\"padding:20px 20px 0px 20px;\"><div class=\"fusion-post-content post-content\"><h2 class=\"blog-shortcode-post-title entry-title\"><a href=\"https:\/\/ernaehrungsrat-dortmund.de\/weltacker-eroeffnung\/\" target=\"_blank\" rel=\"noopener noreferrer\">   Projekt REDESIGN: Er\u00f6ffnung des Weltackers in Dortmund <\/a><\/h2><div class=\"fusion-post-content-container\"><p>Teilt man die rund 1,6 Milliarden Hektar Ackerfl\u00e4che weltweit durch die Zahl der Menschen, bleiben rechnerisch etwa 2000 m\u00b2 pro Person. Auf dieser Fl\u00e4che muss alles wachsen, was uns ern\u00e4hrt und versorgt. Diese 2000 m\u00b2 werden nun in Dortmund als Weltacker sichtbar und erlebbar. Der Aufbau des Weltackers wird gef\u00f6rdert durch HORIZON Europe innerhalb des Projekts REDESIGN. Der Ern\u00e4hrungsrat Dortmund ist aktiver Teil des REDESIGN-Projekts und realisiert den Weltacker als Reallabor als einen Lern- und Dialogort auf dem Schultenhof Dortmund. Der Weltacker wird am Sonntag, 26. April, ab 14 Uhr er\u00f6ffnet. <a href=\"https:\/\/ernaehrungsrat-dortmund.de\/weltacker-eroeffnung\/\"><strong>Weitere Infos und Programm<\/strong> <\/a><\/p>\n<\/div><\/div><\/div><div class=\"fusion-clearfix\"><\/div><\/div>\n<\/article>\n<article id=\"blog-1-post-57051\" class=\"fusion-post-grid post-57051 post type-post status-publish format-standard has-post-thumbnail hentry category-aktuelles-en\">\n<div class=\"fusion-post-wrapper\" style=\"background-color:rgba(249,249,249,1);border:1px solid #e5e5e5;border-bottom-width:3px;\"><div class=\"fusion-post-content-wrapper\" style=\"padding:20px 20px 0px 20px;\"><div class=\"fusion-post-content post-content\"><h2 class=\"blog-shortcode-post-title entry-title\"><a href=\"https:\/\/www.ils-forschung.de\/2026\/03\/jrf-vor-ort-gruen-aktiv-mobil-und-gerecht-wege-zu-gesunden-staedten\/\" target=\"_blank\" rel=\"noopener noreferrer\">   JRF vor Ort: Gr\u00fcn, aktiv mobil und gerecht: Wege zu gesunden St\u00e4dten <\/a><\/h2><div class=\"fusion-post-content-container\"><p>Gesundheit wird immer mehr zum Thema der Stadtentwicklung \u2013 in Wissenschaft und Praxis. St\u00e4dte stehen vor wachsenden Herausforderungen wie steigende Temperaturen in dicht bebauten Quartieren, L\u00e4rm- und Luftverschmutzung oder fehlende Gr\u00fcn- und Freir\u00e4ume zur Erholung. Um gute Lebensverh\u00e4ltnisse f\u00fcr alle in urbanen R\u00e4umen zu schaffen, gewinnt ein ganzheitlicher Ansatz an Bedeutung, der Gesundheit, Umweltqualit\u00e4t und gerechte Lebensverh\u00e4ltnisse zusammendenkt. Im Fokus stehen dabei unter anderem die Sicherung ruhiger und zugleich zentral gelegener Wohnorte, der Ausbau qualitativ hochwertiger Gr\u00fcn- und Wasserfl\u00e4chen, die F\u00f6rderung aktiver Mobilit\u00e4t sowie ein gerechter Zugang zu gesundheitsf\u00f6rdernden Stadtr\u00e4umen f\u00fcr alle Bev\u00f6lkerungsgruppen.\u00a0 Bei dieser \u201eJRF vor Ort\u201c-Veranstaltung am 18. Mai wollen wir gemeinsam diskutieren, wie unsere St\u00e4dte lebenswerter, k\u00fchler und aktiver gestaltet werden k\u00f6nnen.<strong><a href=\"https:\/\/www.ils-forschung.de\/2026\/03\/jrf-vor-ort-gruen-aktiv-mobil-und-gerecht-wege-zu-gesunden-staedten\/\"> Zur Anmeldung<\/a><\/strong><\/p>\n<\/div><\/div><\/div><div class=\"fusion-clearfix\"><\/div><\/div>\n<\/article>\n<article id=\"blog-1-post-57033\" class=\"fusion-post-grid post-57033 post type-post status-publish format-standard has-post-thumbnail hentry category-veranstaltungen-en\">\n<div class=\"fusion-post-wrapper\" style=\"background-color:rgba(249,249,249,1);border:1px solid #e5e5e5;border-bottom-width:3px;\"><div class=\"fusion-post-content-wrapper\" style=\"padding:20px 20px 0px 20px;\"><div class=\"fusion-post-content post-content\"><h2 class=\"blog-shortcode-post-title entry-title\"><a href=\"https:\/\/beteiligung.nrw.de\/portal\/oberhausen\/beteiligung\/themen\/1024053\" target=\"_blank\" rel=\"noopener noreferrer\"> Begegnung (un)erw\u00fcnscht? \u2013 \u00d6ffentliche R\u00e4ume im Spannungsfeld von Begegnung, Akzeptanz und R\u00fccksichtnahme <\/a><\/h2><div class=\"fusion-post-content-container\"><p>\u00d6ffentliche R\u00e4ume sind zentrale Orte spontaner Begegnung und des st\u00e4dtischen Zusammenlebens, an denen Menschen aus unterschiedlichen sozialen Gruppen aufeinandertreffen. Gleichzeitig werden hier auch Spannungen sichtbar, wenn verschiedene Nutzungsanspr\u00fcche, Erwartungen und Lebensrealit\u00e4ten aufeinanderprallen. Die Diskussionsveranstaltung der Stadt Oberhausen am 7. Mai ab 15:45 Uhr geht der Frage nach, wie \u00f6ffentliche R\u00e4ume als \u201eDritte Orte\u201c gestaltet werden k\u00f6nnen. ILS-Wissenschaftler Ralf Zimmer-Hegmann wird in seinem Beitrag die Bedeutung und die Herausforderungen \u00f6ffentlicher Begegnungsorte f\u00fcr das gesellschaftliche Miteinander beleuchten. Die Veranstaltung findet auf dem Wissenschaftscampus NRW (WICA) statt. <strong><a href=\"https:\/\/beteiligung.nrw.de\/portal\/oberhausen\/beteiligung\/themen\/1024053\">Weitere Informationen und Anmeldung<\/a> <\/strong><\/p>\n<\/div><\/div><\/div><div class=\"fusion-clearfix\"><\/div><\/div>\n<\/article>\n<article id=\"blog-1-post-56882\" class=\"fusion-post-grid post-56882 post type-post status-publish format-standard has-post-thumbnail hentry category-aktuelles-en\">\n<div class=\"fusion-post-wrapper\" style=\"background-color:rgba(249,249,249,1);border:1px solid #e5e5e5;border-bottom-width:3px;\"><div class=\"fusion-post-content-wrapper\" style=\"padding:20px 20px 0px 20px;\"><div class=\"fusion-post-content post-content\"><h2 class=\"blog-shortcode-post-title entry-title\"><a href=\"https:\/\/www.ils-forschung.de\/2026\/03\/ils-wissenschaftlerinnen-im-klimabeirat-der-stadt-dortmund\/\"> ILS-Wissenschaftler*innen im Klimabeirat der Stadt Dortmund <\/a><\/h2><div class=\"fusion-post-content-container\"><p>Dr. Janina Welsch und Dr. Thomas Klinger wurden als Mitglied bzw. stellvertretendes Mitglied des Klimabeirat der Stadt Dortmund als Vertreter*innen der Wissenschaft und Forschung vorgeschlagen. Sie werden in den n\u00e4chsten Monaten die Klimaschutzpolitik der Stadt Dortmund und ihrer st\u00e4dtischen Gesellschaften begleiten. Aufgabe des vom Rat der Stadt berufenen Klimabeirats ist es, Anregungen f\u00fcr die Umsetzung und Fortf\u00fchrung von Klimaschutz- und Klimafolgenanpassungsprogramme zu entwickeln, bei relevanten Ratsbeschl\u00fcssen zu beraten und auf eigene Initiative Themen aufzugreifen und Projekte vorzuschlagen, die das Erreichen der Dortmunder Klimaschutzziele besonders bef\u00f6rdern. <a href=\"https:\/\/www.ils-forschung.de\/2026\/03\/ils-wissenschaftlerinnen-im-klimabeirat-der-stadt-dortmund\/\"><strong>Mehr<\/strong><\/a><\/p>\n<\/div><\/div><\/div><div class=\"fusion-clearfix\"><\/div><\/div>\n<\/article>\n<div class=\"fusion-clearfix\"><\/div><\/div><div class=\"fusion-infinite-scroll-trigger\"><\/div><div class=\"pagination infinite-scroll clearfix\" style=\"display:none;\"><span class=\"current\">1<\/span><a href=\"https:\/\/www.ils-forschung.de\/en\/wp-json\/wp\/v2\/pages\/3122\/page\/2\/\" class=\"inactive\">2<\/a><a href=\"https:\/\/www.ils-forschung.de\/en\/wp-json\/wp\/v2\/pages\/3122\/page\/3\/\" class=\"inactive\">3<\/a><a href=\"https:\/\/www.ils-forschung.de\/en\/wp-json\/wp\/v2\/pages\/3122\/page\/4\/\" class=\"inactive\">4<\/a><span class=\"pagination-dots paginations-dots-end\">&middot;&middot;&middot;<\/span><a href=\"https:\/\/www.ils-forschung.de\/en\/wp-json\/wp\/v2\/pages\/3122\/page\/272\/\" class=\"inactive\">272<\/a><a href=\"https:\/\/www.ils-forschung.de\/en\/wp-json\/wp\/v2\/pages\/3122\/page\/273\/\" class=\"inactive\">273<\/a><a href=\"https:\/\/www.ils-forschung.de\/en\/wp-json\/wp\/v2\/pages\/3122\/page\/274\/\" class=\"inactive\">274<\/a><a class=\"pagination-next\" rel=\"next\" href=\"https:\/\/www.ils-forschung.de\/en\/wp-json\/wp\/v2\/pages\/3122\/page\/2\/\"><span class=\"page-text\">Next<\/span><span class=\"page-next\"><\/span><\/a><\/div><div class=\"fusion-clearfix\"><\/div><button class=\"fusion-load-more-button fusion-blog-button fusion-clearfix\">Load More Posts<\/button><\/div><\/div><\/div><\/div><\/div>\n","protected":false},"excerpt":{"rendered":"","protected":false},"author":14,"featured_media":29962,"parent":452,"menu_order":58,"comment_status":"closed","ping_status":"closed","template":"","meta":{"footnotes":""},"class_list":["post-3122","page","type-page","status-publish","has-post-thumbnail","hentry"],"yoast_head":"<!-- This site is optimized with the Yoast SEO plugin v27.1.1 - https:\/\/yoast.com\/product\/yoast-seo-wordpress\/ -->\n<title>Zeitz, Jana Friederike - ILS - Institut f\u00fcr Landes- und Stadtentwicklungsforschung<\/title>\n<meta name=\"robots\" content=\"index, follow, max-snippet:-1, max-image-preview:large, max-video-preview:-1\" \/>\n<link rel=\"canonical\" href=\"https:\/\/www.ils-forschung.de\/en\/the-ils\/ils-staff\/zeitz-jana-friederike\/\" \/>\n<meta property=\"og:locale\" content=\"en_US\" \/>\n<meta property=\"og:type\" content=\"article\" \/>\n<meta property=\"og:title\" content=\"Zeitz, Jana Friederike - ILS - Institut f\u00fcr Landes- und Stadtentwicklungsforschung\" \/>\n<meta property=\"og:url\" content=\"https:\/\/www.ils-forschung.de\/en\/the-ils\/ils-staff\/zeitz-jana-friederike\/\" \/>\n<meta property=\"og:site_name\" content=\"ILS - Institut f\u00fcr Landes- und Stadtentwicklungsforschung\" \/>\n<meta property=\"article:modified_time\" content=\"2020-01-13T09:56:25+00:00\" \/>\n<meta name=\"twitter:card\" content=\"summary_large_image\" \/>\n<meta name=\"twitter:site\" content=\"@ILS_forschung\" \/>\n<meta name=\"twitter:label1\" content=\"Est. reading time\" \/>\n\t<meta name=\"twitter:data1\" content=\"4 minutes\" \/>\n<script type=\"application\/ld+json\" class=\"yoast-schema-graph\">{\"@context\":\"https:\/\/schema.org\",\"@graph\":[{\"@type\":\"WebPage\",\"@id\":\"https:\/\/www.ils-forschung.de\/en\/the-ils\/ils-staff\/zeitz-jana-friederike\/\",\"url\":\"https:\/\/www.ils-forschung.de\/en\/the-ils\/ils-staff\/zeitz-jana-friederike\/\",\"name\":\"Zeitz, Jana Friederike - ILS - Institut f\u00fcr Landes- und Stadtentwicklungsforschung\",\"isPartOf\":{\"@id\":\"https:\/\/www.ils-forschung.de\/en\/#website\"},\"primaryImageOfPage\":{\"@id\":\"https:\/\/www.ils-forschung.de\/en\/the-ils\/ils-staff\/zeitz-jana-friederike\/#primaryimage\"},\"image\":{\"@id\":\"https:\/\/www.ils-forschung.de\/en\/the-ils\/ils-staff\/zeitz-jana-friederike\/#primaryimage\"},\"thumbnailUrl\":\"https:\/\/www.ils-forschung.de\/wp-content\/uploads\/2023\/04\/ils-social-share-logo.jpg\",\"datePublished\":\"2019-04-15T11:46:25+00:00\",\"dateModified\":\"2020-01-13T09:56:25+00:00\",\"breadcrumb\":{\"@id\":\"https:\/\/www.ils-forschung.de\/en\/the-ils\/ils-staff\/zeitz-jana-friederike\/#breadcrumb\"},\"inLanguage\":\"en-US\",\"potentialAction\":[{\"@type\":\"ReadAction\",\"target\":[\"https:\/\/www.ils-forschung.de\/en\/the-ils\/ils-staff\/zeitz-jana-friederike\/\"]}]},{\"@type\":\"ImageObject\",\"inLanguage\":\"en-US\",\"@id\":\"https:\/\/www.ils-forschung.de\/en\/the-ils\/ils-staff\/zeitz-jana-friederike\/#primaryimage\",\"url\":\"https:\/\/www.ils-forschung.de\/wp-content\/uploads\/2023\/04\/ils-social-share-logo.jpg\",\"contentUrl\":\"https:\/\/www.ils-forschung.de\/wp-content\/uploads\/2023\/04\/ils-social-share-logo.jpg\",\"width\":1200,\"height\":630},{\"@type\":\"BreadcrumbList\",\"@id\":\"https:\/\/www.ils-forschung.de\/en\/the-ils\/ils-staff\/zeitz-jana-friederike\/#breadcrumb\",\"itemListElement\":[{\"@type\":\"ListItem\",\"position\":1,\"name\":\"Home\",\"item\":\"https:\/\/www.ils-forschung.de\/en\/\"},{\"@type\":\"ListItem\",\"position\":2,\"name\":\"The ILS\",\"item\":\"https:\/\/www.ils-forschung.de\/en\/the-ils\/\"},{\"@type\":\"ListItem\",\"position\":3,\"name\":\"ILS staff\",\"item\":\"https:\/\/www.ils-forschung.de\/en\/the-ils\/ils-staff\/\"},{\"@type\":\"ListItem\",\"position\":4,\"name\":\"Zeitz, Jana Friederike\"}]},{\"@type\":\"WebSite\",\"@id\":\"https:\/\/www.ils-forschung.de\/en\/#website\",\"url\":\"https:\/\/www.ils-forschung.de\/en\/\",\"name\":\"ILS - Institut f\u00fcr Landes- und Stadtentwicklungsforschung\",\"description\":\"Das ILS \u2013 Institut f\u00fcr Landes- und Stadtentwicklungsforschung ist ein raumwissenschaftliches au\u00dferuniversit\u00e4res Forschungsinstitut mit Sitz in Dortmund.\",\"potentialAction\":[{\"@type\":\"SearchAction\",\"target\":{\"@type\":\"EntryPoint\",\"urlTemplate\":\"https:\/\/www.ils-forschung.de\/en\/?s={search_term_string}\"},\"query-input\":{\"@type\":\"PropertyValueSpecification\",\"valueRequired\":true,\"valueName\":\"search_term_string\"}}],\"inLanguage\":\"en-US\"}]}<\/script>\n<!-- \/ Yoast SEO plugin. -->","yoast_head_json":{"title":"Zeitz, Jana Friederike - ILS - Institut f\u00fcr Landes- und Stadtentwicklungsforschung","robots":{"index":"index","follow":"follow","max-snippet":"max-snippet:-1","max-image-preview":"max-image-preview:large","max-video-preview":"max-video-preview:-1"},"canonical":"https:\/\/www.ils-forschung.de\/en\/the-ils\/ils-staff\/zeitz-jana-friederike\/","og_locale":"en_US","og_type":"article","og_title":"Zeitz, Jana Friederike - ILS - Institut f\u00fcr Landes- und Stadtentwicklungsforschung","og_url":"https:\/\/www.ils-forschung.de\/en\/the-ils\/ils-staff\/zeitz-jana-friederike\/","og_site_name":"ILS - Institut f\u00fcr Landes- und Stadtentwicklungsforschung","article_modified_time":"2020-01-13T09:56:25+00:00","twitter_card":"summary_large_image","twitter_site":"@ILS_forschung","twitter_misc":{"Est. reading time":"4 minutes"},"schema":{"@context":"https:\/\/schema.org","@graph":[{"@type":"WebPage","@id":"https:\/\/www.ils-forschung.de\/en\/the-ils\/ils-staff\/zeitz-jana-friederike\/","url":"https:\/\/www.ils-forschung.de\/en\/the-ils\/ils-staff\/zeitz-jana-friederike\/","name":"Zeitz, Jana Friederike - ILS - Institut f\u00fcr Landes- und Stadtentwicklungsforschung","isPartOf":{"@id":"https:\/\/www.ils-forschung.de\/en\/#website"},"primaryImageOfPage":{"@id":"https:\/\/www.ils-forschung.de\/en\/the-ils\/ils-staff\/zeitz-jana-friederike\/#primaryimage"},"image":{"@id":"https:\/\/www.ils-forschung.de\/en\/the-ils\/ils-staff\/zeitz-jana-friederike\/#primaryimage"},"thumbnailUrl":"https:\/\/www.ils-forschung.de\/wp-content\/uploads\/2023\/04\/ils-social-share-logo.jpg","datePublished":"2019-04-15T11:46:25+00:00","dateModified":"2020-01-13T09:56:25+00:00","breadcrumb":{"@id":"https:\/\/www.ils-forschung.de\/en\/the-ils\/ils-staff\/zeitz-jana-friederike\/#breadcrumb"},"inLanguage":"en-US","potentialAction":[{"@type":"ReadAction","target":["https:\/\/www.ils-forschung.de\/en\/the-ils\/ils-staff\/zeitz-jana-friederike\/"]}]},{"@type":"ImageObject","inLanguage":"en-US","@id":"https:\/\/www.ils-forschung.de\/en\/the-ils\/ils-staff\/zeitz-jana-friederike\/#primaryimage","url":"https:\/\/www.ils-forschung.de\/wp-content\/uploads\/2023\/04\/ils-social-share-logo.jpg","contentUrl":"https:\/\/www.ils-forschung.de\/wp-content\/uploads\/2023\/04\/ils-social-share-logo.jpg","width":1200,"height":630},{"@type":"BreadcrumbList","@id":"https:\/\/www.ils-forschung.de\/en\/the-ils\/ils-staff\/zeitz-jana-friederike\/#breadcrumb","itemListElement":[{"@type":"ListItem","position":1,"name":"Home","item":"https:\/\/www.ils-forschung.de\/en\/"},{"@type":"ListItem","position":2,"name":"The ILS","item":"https:\/\/www.ils-forschung.de\/en\/the-ils\/"},{"@type":"ListItem","position":3,"name":"ILS staff","item":"https:\/\/www.ils-forschung.de\/en\/the-ils\/ils-staff\/"},{"@type":"ListItem","position":4,"name":"Zeitz, Jana Friederike"}]},{"@type":"WebSite","@id":"https:\/\/www.ils-forschung.de\/en\/#website","url":"https:\/\/www.ils-forschung.de\/en\/","name":"ILS - Institut f\u00fcr Landes- und Stadtentwicklungsforschung","description":"Das ILS \u2013 Institut f\u00fcr Landes- und Stadtentwicklungsforschung ist ein raumwissenschaftliches au\u00dferuniversit\u00e4res Forschungsinstitut mit Sitz in Dortmund.","potentialAction":[{"@type":"SearchAction","target":{"@type":"EntryPoint","urlTemplate":"https:\/\/www.ils-forschung.de\/en\/?s={search_term_string}"},"query-input":{"@type":"PropertyValueSpecification","valueRequired":true,"valueName":"search_term_string"}}],"inLanguage":"en-US"}]}},"_links":{"self":[{"href":"https:\/\/www.ils-forschung.de\/en\/wp-json\/wp\/v2\/pages\/3122","targetHints":{"allow":["GET"]}}],"collection":[{"href":"https:\/\/www.ils-forschung.de\/en\/wp-json\/wp\/v2\/pages"}],"about":[{"href":"https:\/\/www.ils-forschung.de\/en\/wp-json\/wp\/v2\/types\/page"}],"author":[{"embeddable":true,"href":"https:\/\/www.ils-forschung.de\/en\/wp-json\/wp\/v2\/users\/14"}],"replies":[{"embeddable":true,"href":"https:\/\/www.ils-forschung.de\/en\/wp-json\/wp\/v2\/comments?post=3122"}],"version-history":[{"count":0,"href":"https:\/\/www.ils-forschung.de\/en\/wp-json\/wp\/v2\/pages\/3122\/revisions"}],"up":[{"embeddable":true,"href":"https:\/\/www.ils-forschung.de\/en\/wp-json\/wp\/v2\/pages\/452"}],"wp:featuredmedia":[{"embeddable":true,"href":"https:\/\/www.ils-forschung.de\/en\/wp-json\/wp\/v2\/media\/29962"}],"wp:attachment":[{"href":"https:\/\/www.ils-forschung.de\/en\/wp-json\/wp\/v2\/media?parent=3122"}],"curies":[{"name":"wp","href":"https:\/\/api.w.org\/{rel}","templated":true}]}}