{"id":2988,"date":"2019-04-05T15:08:30","date_gmt":"2019-04-05T13:08:30","guid":{"rendered":"https:\/\/www.ils-forschung.de\/the-ils\/ils-staff\/fleischer-janne\/"},"modified":"2026-03-30T10:54:32","modified_gmt":"2026-03-30T08:54:32","slug":"fleischer-janne","status":"publish","type":"page","link":"https:\/\/www.ils-forschung.de\/en\/the-ils\/ils-staff\/fleischer-janne\/","title":{"rendered":"Janne Jakob Fleischer, Dipl.-Ing. Urban Planning, M.Sc. Urban and Regional Planning"},"content":{"rendered":"<div class=\"fusion-fullwidth fullwidth-box fusion-builder-row-1 fusion-flex-container nonhundred-percent-fullwidth non-hundred-percent-height-scrolling\" style=\"--awb-border-radius-top-left:0px;--awb-border-radius-top-right:0px;--awb-border-radius-bottom-right:0px;--awb-border-radius-bottom-left:0px;--awb-flex-wrap:wrap;\" ><div class=\"fusion-builder-row fusion-row fusion-flex-align-items-flex-start fusion-flex-content-wrap\" style=\"max-width:1144px;margin-left: calc(-4% \/ 2 );margin-right: calc(-4% \/ 2 );\"><div class=\"fusion-layout-column fusion_builder_column fusion-builder-column-0 fusion_builder_column_1_1 1_1 fusion-flex-column\" style=\"--awb-bg-size:cover;--awb-width-large:100%;--awb-margin-top-large:0px;--awb-spacing-right-large:1.92%;--awb-margin-bottom-large:20px;--awb-spacing-left-large:1.92%;--awb-width-medium:100%;--awb-spacing-right-medium:1.92%;--awb-spacing-left-medium:1.92%;--awb-width-small:100%;--awb-spacing-right-small:1.92%;--awb-spacing-left-small:1.92%;\"><div class=\"fusion-column-wrapper fusion-flex-justify-content-flex-start fusion-content-layout-column\"><div class=\"fusion-builder-row fusion-builder-row-inner fusion-row fusion-flex-align-items-flex-start fusion-flex-content-wrap\" style=\"width:104% !important;max-width:104% !important;margin-left: calc(-4% \/ 2 );margin-right: calc(-4% \/ 2 );\"><div class=\"fusion-layout-column fusion_builder_column_inner fusion-builder-nested-column-0 fusion_builder_column_inner_1_4 1_4 fusion-flex-column\" style=\"--awb-bg-size:cover;--awb-width-large:25%;--awb-margin-top-large:0px;--awb-spacing-right-large:7.68%;--awb-margin-bottom-large:20px;--awb-spacing-left-large:7.68%;--awb-width-medium:100%;--awb-spacing-right-medium:1.92%;--awb-spacing-left-medium:1.92%;--awb-width-small:100%;--awb-spacing-right-small:1.92%;--awb-spacing-left-small:1.92%;\"><div class=\"fusion-column-wrapper fusion-flex-justify-content-flex-start fusion-content-layout-column\"><div class=\"fusion-image-element \" style=\"--awb-caption-title-font-family:var(--h2_typography-font-family);--awb-caption-title-font-weight:var(--h2_typography-font-weight);--awb-caption-title-font-style:var(--h2_typography-font-style);--awb-caption-title-size:var(--h2_typography-font-size);--awb-caption-title-transform:var(--h2_typography-text-transform);--awb-caption-title-line-height:var(--h2_typography-line-height);--awb-caption-title-letter-spacing:var(--h2_typography-letter-spacing);\"><span class=\" fusion-imageframe imageframe-none imageframe-1 hover-type-none\"><img decoding=\"async\" width=\"1000\" height=\"1500\" title=\"fleischer-janne\" src=\"https:\/\/www.ils-forschung.de\/wp-content\/uploads\/2022\/05\/fleischer-janne.jpg\" alt class=\"img-responsive wp-image-21900\" srcset=\"https:\/\/www.ils-forschung.de\/wp-content\/uploads\/2022\/05\/fleischer-janne-200x300.jpg 200w, https:\/\/www.ils-forschung.de\/wp-content\/uploads\/2022\/05\/fleischer-janne-400x600.jpg 400w, https:\/\/www.ils-forschung.de\/wp-content\/uploads\/2022\/05\/fleischer-janne-600x900.jpg 600w, https:\/\/www.ils-forschung.de\/wp-content\/uploads\/2022\/05\/fleischer-janne-800x1200.jpg 800w, https:\/\/www.ils-forschung.de\/wp-content\/uploads\/2022\/05\/fleischer-janne.jpg 1000w\" sizes=\"(max-width: 1125px) 100vw, (max-width: 765px) 100vw, 400px\" \/><\/span><\/div><\/div><\/div><div class=\"fusion-layout-column fusion_builder_column_inner fusion-builder-nested-column-1 fusion_builder_column_inner_3_4 3_4 fusion-flex-column\" style=\"--awb-bg-size:cover;--awb-width-large:75%;--awb-margin-top-large:0px;--awb-spacing-right-large:2.56%;--awb-margin-bottom-large:20px;--awb-spacing-left-large:2.56%;--awb-width-medium:100%;--awb-spacing-right-medium:1.92%;--awb-spacing-left-medium:1.92%;--awb-width-small:100%;--awb-spacing-right-small:1.92%;--awb-spacing-left-small:1.92%;\"><div class=\"fusion-column-wrapper fusion-flex-justify-content-flex-start fusion-content-layout-column\"><div class=\"fusion-text fusion-text-1\"><p>Studied urban and regional planning at the University of Kassel. Worked in urban planning offices in Hamburg, Berlin, Hanover and Dortmund.<\/p>\n<p><strong>Research interests:<\/strong><\/p>\n<ul>\n<li>Automated geodata analysis in and for planning processes<\/li>\n<li>Games and playful instruments in participation and planning<\/li>\n<li>Geo data management and data processing<\/li>\n<li>Creation of data dashboards and webgis programming<\/li>\n<li>Server administration Linux<\/li>\n<\/ul>\n<\/div><div class=\"fusion-text fusion-text-2\"><p><strong>Contact:<\/strong><br \/>Phone: +49 (0) 231 9051-145<br \/>E-Mail: <a href=\"mailto:janne.fleischer@ils-research.de\">janne.fleischer@ils-research.de<\/a><\/p>\n<\/div><div class=\"fusion-text fusion-text-3\"><p><img decoding=\"async\" class=\"alignleft size-full wp-image-28358\" style=\"margin-right: 12px;\" src=\"https:\/\/www.ils-forschung.de\/wp-content\/uploads\/2023\/02\/orcidid-icon24x24.png\" width=\"24\" \/><a href=\"https:\/\/orcid.org\/0009-0002-4140-0695\">https:\/\/orcid.org\/0009-0002-4140-0695<\/a><\/p>\n<\/div><\/div><\/div><\/div><div class=\"fusion-separator fusion-full-width-sep\" style=\"align-self: center;margin-left: auto;margin-right: auto;margin-top:20px;margin-bottom:20px;width:100%;\"><\/div><div class=\"fusion-text fusion-text-4\">\n<\/div><div class=\"fusion-separator fusion-full-width-sep\" style=\"align-self: center;margin-left: auto;margin-right: auto;margin-top:20px;margin-bottom:20px;width:100%;\"><\/div><div class=\"fusion-text fusion-text-5\"><h3>Publications (Selection)<\/h3>\n<\/div><div class=\"accordian fusion-accordian\" style=\"--awb-border-size:1px;--awb-icon-size:16px;--awb-content-font-size:16px;--awb-icon-alignment:left;--awb-hover-color:#f9f9f9;--awb-border-color:#cccccc;--awb-background-color:#ffffff;--awb-divider-color:#e0dede;--awb-divider-hover-color:#e0dede;--awb-icon-color:#ffffff;--awb-title-color:#000000;--awb-content-color:#000000;--awb-icon-box-color:var(--awb-color7);--awb-toggle-hover-accent-color:var(--awb-custom10);--awb-title-font-family:&quot;Source Sans 3&quot;;--awb-title-font-weight:400;--awb-title-font-style:normal;--awb-title-font-size:16px;--awb-content-font-family:&quot;Source Sans 3&quot;;--awb-content-font-style:normal;--awb-content-font-weight:400;\"><div class=\"panel-group fusion-toggle-icon-boxed\" id=\"accordion-2988-1\"><div class=\"fusion-panel panel-default panel-782be1e660ed6c949 fusion-toggle-has-divider\" style=\"--awb-title-color:#000000;--awb-content-color:#000000;\"><div class=\"panel-heading\"><h4 class=\"panel-title toggle\" id=\"toggle_782be1e660ed6c949\"><a aria-expanded=\"false\" aria-controls=\"782be1e660ed6c949\" role=\"button\" data-toggle=\"collapse\" data-parent=\"#accordion-2988-1\" data-target=\"#782be1e660ed6c949\" href=\"#782be1e660ed6c949\"><span class=\"fusion-toggle-icon-wrapper\" aria-hidden=\"true\"><i class=\"fa-fusion-box active-icon awb-icon-minus\" aria-hidden=\"true\"><\/i><i class=\"fa-fusion-box inactive-icon awb-icon-plus\" aria-hidden=\"true\"><\/i><\/span><span class=\"fusion-toggle-heading\">Contributions to Books<\/span><\/a><\/h4><\/div><div id=\"782be1e660ed6c949\" class=\"panel-collapse collapse \" aria-labelledby=\"toggle_782be1e660ed6c949\"><div class=\"panel-body toggle-content fusion-clearfix\">\n<ul>\n<li>Heider, Bastian; Fleischer, Janne; Osterhage, Frank; R\u00f6nsch, Jutta; Siedentop, Stefan; Siethoff, Jonas; Volgmann, Kati; Zimmer-Hegmann, Ralf (2024): <a href=\"https:\/\/link.springer.com\/chapter\/10.1007\/978-3-658-44315-3_18\">Monitoring StadtRegionen: Stadt-Umland-Entwicklungen im Zeichen disruptiver Krisen<\/a>. In: Pohlan, J\u00f6rg; Othengrafen, Frank; G\u00fcntner, Simon; Nuissl, Henning; Schmidt-Lauber, Brigitta (Hrsg.): Jahrbuch StadtRegion 2023\/2024 \u2013 Stadt, Raum und Gesundheit. Wiesbaden: Springer VS, 273\u2013316. <a href=\"https:\/\/doi.org\/10.1007\/978-3-658-44315-3_18\">https:\/\/doi.org\/10.1007\/978-3-658-44315-3_18<\/a>.<\/li>\n<\/ul>\n<p><\/p>\n<ul>\n<li>Fina, Stefan; Fleischer, Janne; Gerten, Christian; Heider, Bastian; R\u00f6nsch, Jutta; Scholz, Benjamin; Conrad, Kerstin; Klinger, Thomas; Osterhage, Frank; Volgmann, Kati; Zimmer-Hegmann, Ralf; Siedentop, Stefan (2022): <a href=\"http:\/\/dx.doi.org\/10.1007\/978-3-658-38941-3_18\" target=\"_blank\" rel=\"noopener\">Monitoring StadtRegionen: Kenngr\u00f6\u00dfen resilienter Stadtentwicklung im Zeichen von Krisen und Anpassungsdruck<\/a>. In: Schmidt-Lauber, Brigitta; Othengrafen, Frank; Pohlan, J\u00f6rg; Wehrhan, Rainer (Hrsg.): Jahrbuch StadtRegion 2021\/2022: Stadt-Land-Relationen. Disziplin\u00e4re Spurensuchen. Wiesbaden: Springer VS, 287\u2013378. <a href=\"http:\/\/dx.doi.org\/10.1007\/978-3-658-38941-3_18\" target=\"_blank\" rel=\"noopener\">http:\/\/dx.doi.org\/10.1007\/978-3-658-38941-3_18<\/a>.<\/li>\n<\/ul>\n<\/div><\/div><\/div><div class=\"fusion-panel panel-default panel-13424b174489ec9e5 fusion-toggle-has-divider\" style=\"--awb-title-color:#000000;--awb-content-color:#000000;\"><div class=\"panel-heading\"><h4 class=\"panel-title toggle\" id=\"toggle_13424b174489ec9e5\"><a aria-expanded=\"false\" aria-controls=\"13424b174489ec9e5\" role=\"button\" data-toggle=\"collapse\" data-parent=\"#accordion-2988-1\" data-target=\"#13424b174489ec9e5\" href=\"#13424b174489ec9e5\"><span class=\"fusion-toggle-icon-wrapper\" aria-hidden=\"true\"><i class=\"fa-fusion-box active-icon awb-icon-minus\" aria-hidden=\"true\"><\/i><i class=\"fa-fusion-box inactive-icon awb-icon-plus\" aria-hidden=\"true\"><\/i><\/span><span class=\"fusion-toggle-heading\">Transfer and Policy Papers, Working Papers<\/span><\/a><\/h4><\/div><div id=\"13424b174489ec9e5\" class=\"panel-collapse collapse \" aria-labelledby=\"toggle_13424b174489ec9e5\"><div class=\"panel-body toggle-content fusion-clearfix\">\n<ul>\n<li>Siedentop, Stefan; Marschall, Jonas; Henger, Ralph; Fleischer, Janne Jakob; Schmitz, Julian; Sprenger, Julia; Trosin, Jan; Xu, Shaojuan (2024): Die NRW-Fl\u00e4chenampel \u2013 Konzeption eines Planungs- und Informationsinstruments zur Reduktion der Fl\u00e4cheninanspruchnahme in nordrhein- westf\u00e4lischen St\u00e4dten und Gemeinden. ILS-Working Paper 14. Dortmund. <a href=\"https:\/\/doi.org\/10.58122\/c5s2-wy74\" target=\"_blank\" rel=\"noopener\">https:\/\/doi.org\/10.58122\/c5s2-wy74<\/a>.<\/li>\n<\/ul>\n<p><\/p>\n<ul>\n<li>Pol\u00edvka, Jan; Reimer, Mario; Cozzolino, Stefano; Eichhorn, Sebastian; Fleischer, Janne Jakob; Fox-K\u00e4mper, Runrid; Goede, Paul; Kummel, Olivia; Leyser-Droste, Magdalena; L\u00fcbker, Susanne; Monkenbusch, Franziska; Pehlke, David; Schulwitz, Martin; Specht, Kathrin; Stark, Martin; Stroms, Peter; Wilms, Stefan (2020): <a href=\"https:\/\/www.ils-forschung.de\/files_publikationen\/pdfs\/2020-06-03_ils-working-paper_deutsch.pdf\" target=\"_blank\" rel=\"noopener noreferrer\">Corona 2020 and beyond: Der Unsicherheit durch Flexibilit\u00e4t entgegentreten<\/a>. Dortmund = ILS-Working Paper 2. \/\/ Pol\u00edvka, Jan; Reimer, Mario; Cozzolino, Stefano; Eichhorn, Sebastian; Fleischer, Janne Jakob; Fox-K\u00e4mper, Runrid; Goede, Paul; Kummel, Olivia; Leyser-Droste, Magdalena; L\u00fcbker, Susanne; Monkenbusch, Franziska; Pehlke, David; Schulwitz, Martin; Specht, Kathrin; Stark, Martin; Stroms, Peter; Wilms, Stefan (2020): <a href=\"https:\/\/www.ils-forschung.de\/files_publikationen\/pdfs\/2020-06-03_ils-working-paper_englisch.pdf\" target=\"_blank\" rel=\"noopener noreferrer\">Corona 2020 and beyond: Embracing Uncertainty in Spatial Planning, Urban Management and Design<\/a>. Dortmund = ILS-Working Paper 2.<\/li>\n<\/ul>\n<p><\/p>\n<ul>\n<li>Siedentop, Stefan; Fleischer, Janne; M\u00fcnter, Angelika; Osterhage, Frank; Volgmann, Kati; R\u00f6nsch, Jutta; Joshi, Jigeeshu; Klee, Kristina (2019): \u201eStadt oder Umland?\u201c: Aktuelle Trends des Bauens und Wohnens in deutschen Stadtregionen. Dortmund = <a href=\"https:\/\/www.ils-forschung.de\/en\/knowledge-transfer\/ils-publications\/ils-trends\/?id=464\">ILS-Trends 2\/19<\/a>.<\/li>\n<\/ul>\n<p>\n<\/div><\/div><\/div><\/div><\/div><\/div><\/div><\/div><\/div>\n","protected":false},"excerpt":{"rendered":"","protected":false},"author":14,"featured_media":29962,"parent":452,"menu_order":10,"comment_status":"closed","ping_status":"closed","template":"","meta":{"footnotes":""},"class_list":["post-2988","page","type-page","status-publish","has-post-thumbnail","hentry"],"yoast_head":"<!-- This site is optimized with the Yoast SEO plugin v27.1.1 - https:\/\/yoast.com\/product\/yoast-seo-wordpress\/ -->\n<title>Janne Jakob Fleischer, Dipl.-Ing. Urban Planning, M.Sc. Urban and Regional Planning - ILS - Institut f\u00fcr Landes- und Stadtentwicklungsforschung<\/title>\n<meta name=\"robots\" content=\"index, follow, max-snippet:-1, max-image-preview:large, max-video-preview:-1\" \/>\n<link rel=\"canonical\" href=\"https:\/\/www.ils-forschung.de\/en\/the-ils\/ils-staff\/fleischer-janne\/\" \/>\n<meta property=\"og:locale\" content=\"en_US\" \/>\n<meta property=\"og:type\" content=\"article\" \/>\n<meta property=\"og:title\" content=\"Janne Jakob Fleischer, Dipl.-Ing. Urban Planning, M.Sc. Urban and Regional Planning - ILS - Institut f\u00fcr Landes- und Stadtentwicklungsforschung\" \/>\n<meta property=\"og:url\" content=\"https:\/\/www.ils-forschung.de\/en\/the-ils\/ils-staff\/fleischer-janne\/\" \/>\n<meta property=\"og:site_name\" content=\"ILS - Institut f\u00fcr Landes- und Stadtentwicklungsforschung\" \/>\n<meta property=\"article:modified_time\" content=\"2026-03-30T08:54:32+00:00\" \/>\n<meta property=\"og:image\" content=\"https:\/\/www.ils-forschung.de\/wp-content\/uploads\/2023\/02\/orcidid-icon24x24.png\" \/>\n<meta name=\"twitter:card\" content=\"summary_large_image\" \/>\n<meta name=\"twitter:site\" content=\"@ILS_forschung\" \/>\n<meta name=\"twitter:label1\" content=\"Est. reading time\" \/>\n\t<meta name=\"twitter:data1\" content=\"3 minutes\" \/>\n<script type=\"application\/ld+json\" class=\"yoast-schema-graph\">{\"@context\":\"https:\/\/schema.org\",\"@graph\":[{\"@type\":\"WebPage\",\"@id\":\"https:\/\/www.ils-forschung.de\/en\/the-ils\/ils-staff\/fleischer-janne\/\",\"url\":\"https:\/\/www.ils-forschung.de\/en\/the-ils\/ils-staff\/fleischer-janne\/\",\"name\":\"Janne Jakob Fleischer, Dipl.-Ing. Urban Planning, M.Sc. Urban and Regional Planning - ILS - Institut f\u00fcr Landes- und Stadtentwicklungsforschung\",\"isPartOf\":{\"@id\":\"https:\/\/www.ils-forschung.de\/en\/#website\"},\"primaryImageOfPage\":{\"@id\":\"https:\/\/www.ils-forschung.de\/en\/the-ils\/ils-staff\/fleischer-janne\/#primaryimage\"},\"image\":{\"@id\":\"https:\/\/www.ils-forschung.de\/en\/the-ils\/ils-staff\/fleischer-janne\/#primaryimage\"},\"thumbnailUrl\":\"https:\/\/www.ils-forschung.de\/wp-content\/uploads\/2023\/04\/ils-social-share-logo.jpg\",\"datePublished\":\"2019-04-05T13:08:30+00:00\",\"dateModified\":\"2026-03-30T08:54:32+00:00\",\"breadcrumb\":{\"@id\":\"https:\/\/www.ils-forschung.de\/en\/the-ils\/ils-staff\/fleischer-janne\/#breadcrumb\"},\"inLanguage\":\"en-US\",\"potentialAction\":[{\"@type\":\"ReadAction\",\"target\":[\"https:\/\/www.ils-forschung.de\/en\/the-ils\/ils-staff\/fleischer-janne\/\"]}]},{\"@type\":\"ImageObject\",\"inLanguage\":\"en-US\",\"@id\":\"https:\/\/www.ils-forschung.de\/en\/the-ils\/ils-staff\/fleischer-janne\/#primaryimage\",\"url\":\"https:\/\/www.ils-forschung.de\/wp-content\/uploads\/2023\/04\/ils-social-share-logo.jpg\",\"contentUrl\":\"https:\/\/www.ils-forschung.de\/wp-content\/uploads\/2023\/04\/ils-social-share-logo.jpg\",\"width\":1200,\"height\":630},{\"@type\":\"BreadcrumbList\",\"@id\":\"https:\/\/www.ils-forschung.de\/en\/the-ils\/ils-staff\/fleischer-janne\/#breadcrumb\",\"itemListElement\":[{\"@type\":\"ListItem\",\"position\":1,\"name\":\"Home\",\"item\":\"https:\/\/www.ils-forschung.de\/en\/\"},{\"@type\":\"ListItem\",\"position\":2,\"name\":\"The ILS\",\"item\":\"https:\/\/www.ils-forschung.de\/en\/the-ils\/\"},{\"@type\":\"ListItem\",\"position\":3,\"name\":\"ILS staff\",\"item\":\"https:\/\/www.ils-forschung.de\/en\/the-ils\/ils-staff\/\"},{\"@type\":\"ListItem\",\"position\":4,\"name\":\"Janne Jakob Fleischer, Dipl.-Ing. Urban Planning, M.Sc. Urban and Regional Planning\"}]},{\"@type\":\"WebSite\",\"@id\":\"https:\/\/www.ils-forschung.de\/en\/#website\",\"url\":\"https:\/\/www.ils-forschung.de\/en\/\",\"name\":\"ILS - Institut f\u00fcr Landes- und Stadtentwicklungsforschung\",\"description\":\"Das ILS \u2013 Institut f\u00fcr Landes- und Stadtentwicklungsforschung ist ein raumwissenschaftliches au\u00dferuniversit\u00e4res Forschungsinstitut mit Sitz in Dortmund.\",\"potentialAction\":[{\"@type\":\"SearchAction\",\"target\":{\"@type\":\"EntryPoint\",\"urlTemplate\":\"https:\/\/www.ils-forschung.de\/en\/?s={search_term_string}\"},\"query-input\":{\"@type\":\"PropertyValueSpecification\",\"valueRequired\":true,\"valueName\":\"search_term_string\"}}],\"inLanguage\":\"en-US\"}]}<\/script>\n<!-- \/ Yoast SEO plugin. -->","yoast_head_json":{"title":"Janne Jakob Fleischer, Dipl.-Ing. Urban Planning, M.Sc. Urban and Regional Planning - ILS - Institut f\u00fcr Landes- und Stadtentwicklungsforschung","robots":{"index":"index","follow":"follow","max-snippet":"max-snippet:-1","max-image-preview":"max-image-preview:large","max-video-preview":"max-video-preview:-1"},"canonical":"https:\/\/www.ils-forschung.de\/en\/the-ils\/ils-staff\/fleischer-janne\/","og_locale":"en_US","og_type":"article","og_title":"Janne Jakob Fleischer, Dipl.-Ing. Urban Planning, M.Sc. Urban and Regional Planning - ILS - Institut f\u00fcr Landes- und Stadtentwicklungsforschung","og_url":"https:\/\/www.ils-forschung.de\/en\/the-ils\/ils-staff\/fleischer-janne\/","og_site_name":"ILS - Institut f\u00fcr Landes- und Stadtentwicklungsforschung","article_modified_time":"2026-03-30T08:54:32+00:00","og_image":[{"url":"https:\/\/www.ils-forschung.de\/wp-content\/uploads\/2023\/02\/orcidid-icon24x24.png","type":"","width":"","height":""}],"twitter_card":"summary_large_image","twitter_site":"@ILS_forschung","twitter_misc":{"Est. reading time":"3 minutes"},"schema":{"@context":"https:\/\/schema.org","@graph":[{"@type":"WebPage","@id":"https:\/\/www.ils-forschung.de\/en\/the-ils\/ils-staff\/fleischer-janne\/","url":"https:\/\/www.ils-forschung.de\/en\/the-ils\/ils-staff\/fleischer-janne\/","name":"Janne Jakob Fleischer, Dipl.-Ing. Urban Planning, M.Sc. Urban and Regional Planning - ILS - Institut f\u00fcr Landes- und Stadtentwicklungsforschung","isPartOf":{"@id":"https:\/\/www.ils-forschung.de\/en\/#website"},"primaryImageOfPage":{"@id":"https:\/\/www.ils-forschung.de\/en\/the-ils\/ils-staff\/fleischer-janne\/#primaryimage"},"image":{"@id":"https:\/\/www.ils-forschung.de\/en\/the-ils\/ils-staff\/fleischer-janne\/#primaryimage"},"thumbnailUrl":"https:\/\/www.ils-forschung.de\/wp-content\/uploads\/2023\/04\/ils-social-share-logo.jpg","datePublished":"2019-04-05T13:08:30+00:00","dateModified":"2026-03-30T08:54:32+00:00","breadcrumb":{"@id":"https:\/\/www.ils-forschung.de\/en\/the-ils\/ils-staff\/fleischer-janne\/#breadcrumb"},"inLanguage":"en-US","potentialAction":[{"@type":"ReadAction","target":["https:\/\/www.ils-forschung.de\/en\/the-ils\/ils-staff\/fleischer-janne\/"]}]},{"@type":"ImageObject","inLanguage":"en-US","@id":"https:\/\/www.ils-forschung.de\/en\/the-ils\/ils-staff\/fleischer-janne\/#primaryimage","url":"https:\/\/www.ils-forschung.de\/wp-content\/uploads\/2023\/04\/ils-social-share-logo.jpg","contentUrl":"https:\/\/www.ils-forschung.de\/wp-content\/uploads\/2023\/04\/ils-social-share-logo.jpg","width":1200,"height":630},{"@type":"BreadcrumbList","@id":"https:\/\/www.ils-forschung.de\/en\/the-ils\/ils-staff\/fleischer-janne\/#breadcrumb","itemListElement":[{"@type":"ListItem","position":1,"name":"Home","item":"https:\/\/www.ils-forschung.de\/en\/"},{"@type":"ListItem","position":2,"name":"The ILS","item":"https:\/\/www.ils-forschung.de\/en\/the-ils\/"},{"@type":"ListItem","position":3,"name":"ILS staff","item":"https:\/\/www.ils-forschung.de\/en\/the-ils\/ils-staff\/"},{"@type":"ListItem","position":4,"name":"Janne Jakob Fleischer, Dipl.-Ing. Urban Planning, M.Sc. Urban and Regional Planning"}]},{"@type":"WebSite","@id":"https:\/\/www.ils-forschung.de\/en\/#website","url":"https:\/\/www.ils-forschung.de\/en\/","name":"ILS - Institut f\u00fcr Landes- und Stadtentwicklungsforschung","description":"Das ILS \u2013 Institut f\u00fcr Landes- und Stadtentwicklungsforschung ist ein raumwissenschaftliches au\u00dferuniversit\u00e4res Forschungsinstitut mit Sitz in Dortmund.","potentialAction":[{"@type":"SearchAction","target":{"@type":"EntryPoint","urlTemplate":"https:\/\/www.ils-forschung.de\/en\/?s={search_term_string}"},"query-input":{"@type":"PropertyValueSpecification","valueRequired":true,"valueName":"search_term_string"}}],"inLanguage":"en-US"}]}},"_links":{"self":[{"href":"https:\/\/www.ils-forschung.de\/en\/wp-json\/wp\/v2\/pages\/2988","targetHints":{"allow":["GET"]}}],"collection":[{"href":"https:\/\/www.ils-forschung.de\/en\/wp-json\/wp\/v2\/pages"}],"about":[{"href":"https:\/\/www.ils-forschung.de\/en\/wp-json\/wp\/v2\/types\/page"}],"author":[{"embeddable":true,"href":"https:\/\/www.ils-forschung.de\/en\/wp-json\/wp\/v2\/users\/14"}],"replies":[{"embeddable":true,"href":"https:\/\/www.ils-forschung.de\/en\/wp-json\/wp\/v2\/comments?post=2988"}],"version-history":[{"count":11,"href":"https:\/\/www.ils-forschung.de\/en\/wp-json\/wp\/v2\/pages\/2988\/revisions"}],"predecessor-version":[{"id":56795,"href":"https:\/\/www.ils-forschung.de\/en\/wp-json\/wp\/v2\/pages\/2988\/revisions\/56795"}],"up":[{"embeddable":true,"href":"https:\/\/www.ils-forschung.de\/en\/wp-json\/wp\/v2\/pages\/452"}],"wp:featuredmedia":[{"embeddable":true,"href":"https:\/\/www.ils-forschung.de\/en\/wp-json\/wp\/v2\/media\/29962"}],"wp:attachment":[{"href":"https:\/\/www.ils-forschung.de\/en\/wp-json\/wp\/v2\/media?parent=2988"}],"curies":[{"name":"wp","href":"https:\/\/api.w.org\/{rel}","templated":true}]}}