{"id":29163,"date":"2023-03-13T15:10:38","date_gmt":"2023-03-13T14:10:38","guid":{"rendered":"https:\/\/www.ils-forschung.de\/the-ils\/ils-staff\/hannah-brill-m-sc-geography\/"},"modified":"2026-04-02T13:29:00","modified_gmt":"2026-04-02T11:29:00","slug":"brill-hannah","status":"publish","type":"page","link":"https:\/\/www.ils-forschung.de\/en\/the-ils\/ils-staff\/brill-hannah\/","title":{"rendered":"Hannah Brill, M.Sc. Geography"},"content":{"rendered":"<div class=\"fusion-fullwidth fullwidth-box fusion-builder-row-1 fusion-flex-container nonhundred-percent-fullwidth non-hundred-percent-height-scrolling\" style=\"--awb-border-radius-top-left:0px;--awb-border-radius-top-right:0px;--awb-border-radius-bottom-right:0px;--awb-border-radius-bottom-left:0px;--awb-flex-wrap:wrap;\" ><div class=\"fusion-builder-row fusion-row fusion-flex-align-items-flex-start fusion-flex-content-wrap\" style=\"max-width:1144px;margin-left: calc(-4% \/ 2 );margin-right: calc(-4% \/ 2 );\"><div class=\"fusion-layout-column fusion_builder_column fusion-builder-column-0 fusion_builder_column_1_1 1_1 fusion-flex-column\" style=\"--awb-bg-size:cover;--awb-width-large:100%;--awb-margin-top-large:0px;--awb-spacing-right-large:1.92%;--awb-margin-bottom-large:20px;--awb-spacing-left-large:1.92%;--awb-width-medium:100%;--awb-spacing-right-medium:1.92%;--awb-spacing-left-medium:1.92%;--awb-width-small:100%;--awb-spacing-right-small:1.92%;--awb-spacing-left-small:1.92%;\"><div class=\"fusion-column-wrapper fusion-flex-justify-content-flex-start fusion-content-layout-column\"><div class=\"fusion-builder-row fusion-builder-row-inner fusion-row fusion-flex-align-items-flex-start fusion-flex-content-wrap\" style=\"width:104% !important;max-width:104% !important;margin-left: calc(-4% \/ 2 );margin-right: calc(-4% \/ 2 );\"><div class=\"fusion-layout-column fusion_builder_column_inner fusion-builder-nested-column-0 fusion_builder_column_inner_1_4 1_4 fusion-flex-column\" style=\"--awb-bg-size:cover;--awb-width-large:25%;--awb-margin-top-large:0px;--awb-spacing-right-large:7.68%;--awb-margin-bottom-large:20px;--awb-spacing-left-large:7.68%;--awb-width-medium:100%;--awb-spacing-right-medium:1.92%;--awb-spacing-left-medium:1.92%;--awb-width-small:100%;--awb-spacing-right-small:1.92%;--awb-spacing-left-small:1.92%;\"><div class=\"fusion-column-wrapper fusion-flex-justify-content-flex-start fusion-content-layout-column\"><div class=\"fusion-image-element \" style=\"--awb-caption-title-font-family:var(--h2_typography-font-family);--awb-caption-title-font-weight:var(--h2_typography-font-weight);--awb-caption-title-font-style:var(--h2_typography-font-style);--awb-caption-title-size:var(--h2_typography-font-size);--awb-caption-title-transform:var(--h2_typography-text-transform);--awb-caption-title-line-height:var(--h2_typography-line-height);--awb-caption-title-letter-spacing:var(--h2_typography-letter-spacing);\"><span class=\" fusion-imageframe imageframe-none imageframe-1 hover-type-none\"><img decoding=\"async\" width=\"1000\" height=\"1500\" title=\"hannah-brill\" src=\"https:\/\/www.ils-forschung.de\/wp-content\/uploads\/2023\/03\/hannah-brill.jpg\" alt class=\"img-responsive wp-image-29158\" srcset=\"https:\/\/www.ils-forschung.de\/wp-content\/uploads\/2023\/03\/hannah-brill-200x300.jpg 200w, https:\/\/www.ils-forschung.de\/wp-content\/uploads\/2023\/03\/hannah-brill-400x600.jpg 400w, https:\/\/www.ils-forschung.de\/wp-content\/uploads\/2023\/03\/hannah-brill-600x900.jpg 600w, https:\/\/www.ils-forschung.de\/wp-content\/uploads\/2023\/03\/hannah-brill-800x1200.jpg 800w, https:\/\/www.ils-forschung.de\/wp-content\/uploads\/2023\/03\/hannah-brill.jpg 1000w\" sizes=\"(max-width: 1125px) 100vw, (max-width: 765px) 100vw, 400px\" \/><\/span><\/div><\/div><\/div><div class=\"fusion-layout-column fusion_builder_column_inner fusion-builder-nested-column-1 fusion_builder_column_inner_3_4 3_4 fusion-flex-column\" style=\"--awb-bg-size:cover;--awb-width-large:75%;--awb-margin-top-large:0px;--awb-spacing-right-large:2.56%;--awb-margin-bottom-large:20px;--awb-spacing-left-large:2.56%;--awb-width-medium:100%;--awb-spacing-right-medium:1.92%;--awb-spacing-left-medium:1.92%;--awb-width-small:100%;--awb-spacing-right-small:1.92%;--awb-spacing-left-small:1.92%;\"><div class=\"fusion-column-wrapper fusion-flex-justify-content-flex-start fusion-content-layout-column\"><div class=\"fusion-text fusion-text-1\"><p>Studied Geography with a focus on Governance and Space at Rheinische Friedrich-Wilhelms-University in Bonn<\/p>\n<p><strong>Research interests:<\/strong><\/p>\n<ul>\n<li>Social and spatial inequality, urban marginality<\/li>\n<li>Geographies of housing<\/li>\n<li>Transnationality and Migration<\/li>\n<\/ul>\n<\/div><div class=\"fusion-text fusion-text-2\"><p><strong>Contact:<\/strong><br \/>\nE-Mail: <a href=\"mailto:hannah.brill@ils-research.de\">hannah.brill@ils-research.de<\/a><\/p>\n<\/div><\/div><\/div><\/div><div class=\"fusion-separator fusion-full-width-sep\" style=\"align-self: center;margin-left: auto;margin-right: auto;margin-top:20px;margin-bottom:20px;width:100%;\"><\/div><div class=\"fusion-text fusion-text-3\">\n<\/div><div class=\"fusion-separator fusion-full-width-sep\" style=\"align-self: center;margin-left: auto;margin-right: auto;margin-top:20px;margin-bottom:20px;width:100%;\"><\/div><div class=\"fusion-text fusion-text-4\"><h3>Publications (Selection)<\/h3>\n<\/div><div class=\"accordian fusion-accordian\" style=\"--awb-border-size:1px;--awb-icon-size:16px;--awb-content-font-size:16px;--awb-icon-alignment:left;--awb-hover-color:#f9f9f9;--awb-border-color:#cccccc;--awb-background-color:#ffffff;--awb-divider-color:#e0dede;--awb-divider-hover-color:#e0dede;--awb-icon-color:#ffffff;--awb-title-color:#000000;--awb-content-color:#000000;--awb-icon-box-color:var(--awb-color7);--awb-toggle-hover-accent-color:var(--awb-custom10);--awb-title-font-family:&quot;Source Sans 3&quot;;--awb-title-font-weight:400;--awb-title-font-style:normal;--awb-title-font-size:16px;--awb-content-font-family:&quot;Source Sans 3&quot;;--awb-content-font-style:normal;--awb-content-font-weight:400;\"><div class=\"panel-group fusion-toggle-icon-boxed\" id=\"accordion-29163-1\"><div class=\"fusion-panel panel-default panel-0dbfc3c41528f3aca fusion-toggle-has-divider\"><div class=\"panel-heading\"><h4 class=\"panel-title toggle\" id=\"toggle_0dbfc3c41528f3aca\"><a aria-expanded=\"false\" aria-controls=\"0dbfc3c41528f3aca\" role=\"button\" data-toggle=\"collapse\" data-parent=\"#accordion-29163-1\" data-target=\"#0dbfc3c41528f3aca\" href=\"#0dbfc3c41528f3aca\"><span class=\"fusion-toggle-icon-wrapper\" aria-hidden=\"true\"><i class=\"fa-fusion-box active-icon awb-icon-minus\" aria-hidden=\"true\"><\/i><i class=\"fa-fusion-box inactive-icon awb-icon-plus\" aria-hidden=\"true\"><\/i><\/span><span class=\"fusion-toggle-heading\">Refereed Articles<\/span><\/a><\/h4><\/div><div id=\"0dbfc3c41528f3aca\" class=\"panel-collapse collapse \" aria-labelledby=\"toggle_0dbfc3c41528f3aca\"><div class=\"panel-body toggle-content fusion-clearfix\">\n<ul>\n<li>Brill, Hannah; Hanh\u00f6rster, Heike; Hans, Nils; Ne\u00dfler, Miriam; Ramos Lobato, Isabel (2025): <a href=\"https:\/\/doi.org\/10.36900\/suburban.v13i2\/3.1027\">\u201eNeue\u201c Ankunftsr\u00e4ume zwischen Inklusion und Exklusion. Eine Literaturanalyse r\u00e4umlicher Zuzugsmuster in Europa<\/a>. In: sub\/urban 13, 2\/3, 137\u2013165. <a href=\"https:\/\/doi.org\/10.36900\/suburban.v13i2\/3.1027\">https:\/\/doi.org\/10.36900\/suburban.v13i2\/3.1027<\/a>. (online first 21.11.2025)<\/li>\n<\/ul>\n<\/div><\/div><\/div><div class=\"fusion-panel panel-default panel-29d9230ae4401c37f fusion-toggle-has-divider\"><div class=\"panel-heading\"><h4 class=\"panel-title toggle\" id=\"toggle_29d9230ae4401c37f\"><a aria-expanded=\"false\" aria-controls=\"29d9230ae4401c37f\" role=\"button\" data-toggle=\"collapse\" data-parent=\"#accordion-29163-1\" data-target=\"#29d9230ae4401c37f\" href=\"#29d9230ae4401c37f\"><span class=\"fusion-toggle-icon-wrapper\" aria-hidden=\"true\"><i class=\"fa-fusion-box active-icon awb-icon-minus\" aria-hidden=\"true\"><\/i><i class=\"fa-fusion-box inactive-icon awb-icon-plus\" aria-hidden=\"true\"><\/i><\/span><span class=\"fusion-toggle-heading\">Transfer and Policy Papers, Working Papers<\/span><\/a><\/h4><\/div><div id=\"29d9230ae4401c37f\" class=\"panel-collapse collapse \" aria-labelledby=\"toggle_29d9230ae4401c37f\"><div class=\"panel-body toggle-content fusion-clearfix\">\n<ul>\n<li>Brill, Hannah (2025): Buchrezension zu: David Templin (Ed.) (2025): Arrival Neighborhoods in Europe since the mid-19th Century. Migrations, Cities, Infrastructures. New York: Routledge. <a href=\"https:\/\/www.hsozkult.de\/publicationreview\/id\/reb-154316?title=d-templin-arrival-neighborhoods-in-europe-since-the-mid-19th-century&amp;recno=12&amp;q=&amp;sort=&amp;fq=&amp;total=20921\">https:\/\/www.hsozkult.de\/publicationreview\/id\/reb-154316?title=d-templin-arrival-neighborhoods-in-europe-since-the-mid-19th-century&amp;recno=12&amp;q=&amp;sort=&amp;fq=&amp;total=20921<\/a>.<\/li>\n<\/ul>\n<ul>\n<li>Brill, Hannah; Gruber, Martin; Liebig, Simon; Ramos Lobato, Isabel; Hanh\u00f6rster, Heike (2024): <a href=\"https:\/\/doi.org\/10.58122\/a9ds-3337\" target=\"_blank\" rel=\"noopener\">Eine Frage der kommunalen Umsetzung: \u00d6ffentliche Wohnraumversorgung und Belegungsstrategien in NRW<\/a>. ILS-TRENDS 03\/24. Dortmund. <a href=\"https:\/\/doi.org\/10.58122\/a9ds-3337\" target=\"_blank\" rel=\"noopener\">https:\/\/doi.org\/10.58122\/a9ds-3337<\/a>.<\/li>\n<\/ul>\n<ul>\n<li>Brill, Hannah; Manz, Mariam (2022): <a href=\"https:\/\/www.rundertischkoeln.de\/wp-content\/uploads\/2022\/03\/Chancengerechtgkeit-auf-dem-Wohnungsmarkt.pdf\" target=\"_blank\" rel=\"noopener\">Chancengerechtigkeit auf dem Wohnungsmarkt. Bestandsaufnahme zur Vermeidung rassistischer Diskriminierung bei der Wohnungsvergabe in K\u00f6ln<\/a>. Im Auftrag des F\u00f6rdervereins des K\u00f6lner Runder Tisch f\u00fcr Integration e.V., gef\u00f6rdert durch die Hans-B\u00f6ckler-Stiftung. K\u00f6ln.<\/li>\n<\/ul>\n<\/div><\/div><\/div><\/div><\/div><div class=\"fusion-separator fusion-full-width-sep\" style=\"align-self: center;margin-left: auto;margin-right: auto;margin-top:20px;margin-bottom:20px;width:100%;\"><\/div><div class=\"fusion-text fusion-text-5\"><h3>Presentations (Selection)<\/h3>\n<\/div><div class=\"accordian fusion-accordian\" style=\"--awb-border-size:1px;--awb-icon-size:16px;--awb-content-font-size:16px;--awb-icon-alignment:left;--awb-hover-color:#f9f9f9;--awb-border-color:#cccccc;--awb-background-color:#ffffff;--awb-divider-color:#e0dede;--awb-divider-hover-color:#e0dede;--awb-icon-color:#ffffff;--awb-title-color:#ff9900;--awb-content-color:#333333;--awb-icon-box-color:var(--awb-color7);--awb-toggle-hover-accent-color:var(--awb-custom10);--awb-title-font-family:&quot;Source Sans 3&quot;;--awb-title-font-weight:400;--awb-title-font-style:normal;--awb-title-font-size:16px;--awb-title-line-height:1.5;--awb-content-font-family:&quot;Source Sans 3&quot;;--awb-content-font-style:normal;--awb-content-font-weight:400;\"><div class=\"panel-group fusion-toggle-icon-boxed\" id=\"accordion-29163-2\"><div class=\"fusion-panel panel-default panel-91039124a3e8d4549 fusion-toggle-has-divider\" style=\"--awb-title-color:#ff9900;--awb-content-color:#333333;\"><div class=\"panel-heading\"><h4 class=\"panel-title toggle\" id=\"toggle_91039124a3e8d4549\"><a aria-expanded=\"false\" aria-controls=\"91039124a3e8d4549\" role=\"button\" data-toggle=\"collapse\" data-parent=\"#accordion-29163-2\" data-target=\"#91039124a3e8d4549\" href=\"#91039124a3e8d4549\"><span class=\"fusion-toggle-icon-wrapper\" aria-hidden=\"true\"><i class=\"fa-fusion-box active-icon awb-icon-minus\" aria-hidden=\"true\"><\/i><i class=\"fa-fusion-box inactive-icon awb-icon-plus\" aria-hidden=\"true\"><\/i><\/span><span class=\"fusion-toggle-heading\">Refereed Conference Presentations<\/span><\/a><\/h4><\/div><div id=\"91039124a3e8d4549\" class=\"panel-collapse collapse \" aria-labelledby=\"toggle_91039124a3e8d4549\"><div class=\"panel-body toggle-content fusion-clearfix\">\n<ul>\n<li>Revisiting the Concept of \u201cLeft-Behindness\u201d: Spatial Patterns, Narratives, and Local Responses in the Context of Migration (Schemschat, Norma; gemeinsam mit Brill, Hannah*; Hanh\u00f6rster, Heike*; Ramos Lobato, Isabel*, Ne\u00dfler, Miriam*). Vortrag auf der 22. IMISCOE Annual Conference \u201eDecentering Migration Studies\u201c, 03.07.2025, Paris, Frankreich.<\/li>\n<\/ul>\n<p>&nbsp;<\/p>\n<ul>\n<li>Herausforderungen der Wohnraumf\u00f6rderung: Zwischen sozialer Versorgung und marktwirtschaftlichen Zw\u00e4ngen (gemeinsam mit Liebig, Simon; Ramos Lobato, Isabel*; Gruber, Martin*). Vortrag auf der 7. Dortmunder Konferenz Raum- und Planungsforschung \u201eGrund zum Planen in Zeiten multipler Krisen\u201c, 12.02.2025, Dortmund.<\/li>\n<\/ul>\n<p>&nbsp;<\/p>\n<ul>\n<li>From disadvantaged to arrival neighbourhoods: The \u201eturn to arrival\u201c in migration studies and in municipal strategies (gemeinsam mit Hans, Nils). Vortrag auf der 21st IMISCOE Annual Conference \u201eMigration as a Social Construction: A Reflexive Turn\u201c, 04.07.2024, Lissabon.<\/li>\n<\/ul>\n<\/div><\/div><\/div><div class=\"fusion-panel panel-default panel-6e1c5246792bfd721 fusion-toggle-has-divider\" style=\"--awb-title-color:#ff9900;--awb-content-color:#333333;\"><div class=\"panel-heading\"><h4 class=\"panel-title toggle\" id=\"toggle_6e1c5246792bfd721\"><a aria-expanded=\"false\" aria-controls=\"6e1c5246792bfd721\" role=\"button\" data-toggle=\"collapse\" data-parent=\"#accordion-29163-2\" data-target=\"#6e1c5246792bfd721\" href=\"#6e1c5246792bfd721\"><span class=\"fusion-toggle-icon-wrapper\" aria-hidden=\"true\"><i class=\"fa-fusion-box active-icon awb-icon-minus\" aria-hidden=\"true\"><\/i><i class=\"fa-fusion-box inactive-icon awb-icon-plus\" aria-hidden=\"true\"><\/i><\/span><span class=\"fusion-toggle-heading\">Additional Presentations<\/span><\/a><\/h4><\/div><div id=\"6e1c5246792bfd721\" class=\"panel-collapse collapse \" aria-labelledby=\"toggle_6e1c5246792bfd721\"><div class=\"panel-body toggle-content fusion-clearfix\">\n<ul>\n<li>Ergebnisse aus dem Projekt \u201eTeilhabe in \u201aneuen\u2018 Ankunftsquartieren st\u00e4rken\u201c. Vortrag auf der Veranstaltung \u201eVielfalt als Bereicherung \u2013 Gestaltung eines sozial und kulturell inklusiven Stadtraums\u201c des bau_werk e.\u00a0V., 16.09.2025, Oldenburg.<\/li>\n<\/ul>\n<p>&nbsp;<\/p>\n<ul>\n<li>Research on migration, (new) arrival areas and arrival infrastructures at the Research Institute for Regional and Urban Development (gemeinsam mit Ramos Lobato, Isabel). Vortrag auf dem bicc-Colloquium des Bonn International Center for Conflict Studies, 10.12.2024, online.<\/li>\n<\/ul>\n<p>&nbsp;<\/p>\n<ul>\n<li>Migration und Zugangschancen auf dem Wohnungsmarkt. Vortrag auf der Informationsveranstaltung und Diskussionsrunde \u201eMigration und Zugangschancen auf dem Wohnungsmarkt\u201c des Inhaus K\u00f6ln e.\u00a0V., 16.07.2024, K\u00f6ln.<\/li>\n<\/ul>\n<p>&nbsp;<\/p>\n<ul>\n<li>Neue Ankunftsquartiere \u2013 Was ist das? (gemeinsam mit Hans, Nils). Vortrag auf dem Workshop \u201e(Neue) Ankunftsquartiere: Herausforderungen, Perspektiven und kommunale Zug\u00e4nge\u201c des Difu \u2013 Deutsches Institut f\u00fcr Urbanistik, 15.03.2024, Berlin.<\/li>\n<\/ul>\n<p>&nbsp;<\/p>\n<ul>\n<li>\u00d6ffentliche Wohnraumf\u00f6rderung NRW: Instrumente und kommunale Belegungspraktiken. Vortrag auf dem Transfer-Abschlussworkshop \u2013 Ergebnispr\u00e4sentation und -diskussion des Projekts \u201e\u00d6ffentliche Wohnraumf\u00f6rderung NRW: Instrumente und kommunale Belegungspraktiken\u201c des ILS und MHKBD NRW, 06.03.2024, online.<\/li>\n<\/ul>\n<p>&nbsp;<\/p>\n<ul>\n<li>Vortrag \u201eDiskriminierung auf dem Wohnungsmarkt und Zug\u00e4nge zu Wohnraum f\u00fcr Menschen mit Fluchtgeschichte\u201c beim Plenum des Runden Tischs f\u00fcr Integration e.V. 17.11.2020, online.<\/li>\n<\/ul>\n<p>&nbsp;<\/p>\n<ul>\n<li>Vortrag \u201eZugang zu Wohnraum f\u00fcr Menschen mit Fluchtgeschichte \u2013 Beispiele aus der Praxis\u201c im Rahmen der Veranstaltung \u201eMultiplikator*innenschulung: \u201aWohnen, Abbau von Diskriminierungen und Konfliktmanagement f\u00fcr Menschen mit Fluchtgeschichte\u2018 des Bundesverbands Netzwerke von Migrantenorganisationen (NEMO), 03.\/09.12.2020, online.<\/li>\n<\/ul>\n<p>&nbsp;<\/p>\n<ul>\n<li>Vortrag \u201eChancengerechtigkeit auf dem Wohnungsmarkt\u201c im Rahmen der Veranstaltung \u201aChancengerechtigkeit auf dem Wohnungsmarkt \u2013 eine Studie und ihre Konsequenzen\u2018 des Bildungswerks der Erzdi\u00f6zese K\u00f6ln, 10.03.2022, Domforum K\u00f6ln\/online.<\/li>\n<\/ul>\n<\/div><\/div><\/div><\/div><\/div><\/div><\/div><\/div><\/div>\n","protected":false},"excerpt":{"rendered":"","protected":false},"author":14,"featured_media":29962,"parent":452,"menu_order":0,"comment_status":"closed","ping_status":"closed","template":"","meta":{"footnotes":""},"class_list":["post-29163","page","type-page","status-publish","has-post-thumbnail","hentry"],"yoast_head":"<!-- This site is optimized with the Yoast SEO plugin v27.1.1 - https:\/\/yoast.com\/product\/yoast-seo-wordpress\/ -->\n<title>Hannah Brill, M.Sc. Geography - ILS - Institut f\u00fcr Landes- und Stadtentwicklungsforschung<\/title>\n<meta name=\"robots\" content=\"index, follow, max-snippet:-1, max-image-preview:large, max-video-preview:-1\" \/>\n<link rel=\"canonical\" href=\"https:\/\/www.ils-forschung.de\/en\/the-ils\/ils-staff\/brill-hannah\/\" \/>\n<meta property=\"og:locale\" content=\"en_US\" \/>\n<meta property=\"og:type\" content=\"article\" \/>\n<meta property=\"og:title\" content=\"Hannah Brill, M.Sc. Geography - ILS - Institut f\u00fcr Landes- und Stadtentwicklungsforschung\" \/>\n<meta property=\"og:url\" content=\"https:\/\/www.ils-forschung.de\/en\/the-ils\/ils-staff\/brill-hannah\/\" \/>\n<meta property=\"og:site_name\" content=\"ILS - Institut f\u00fcr Landes- und Stadtentwicklungsforschung\" \/>\n<meta property=\"article:modified_time\" content=\"2026-04-02T11:29:00+00:00\" \/>\n<meta name=\"twitter:card\" content=\"summary_large_image\" \/>\n<meta name=\"twitter:site\" content=\"@ILS_forschung\" \/>\n<meta name=\"twitter:label1\" content=\"Est. reading time\" \/>\n\t<meta name=\"twitter:data1\" content=\"4 minutes\" \/>\n<script type=\"application\/ld+json\" class=\"yoast-schema-graph\">{\"@context\":\"https:\/\/schema.org\",\"@graph\":[{\"@type\":\"WebPage\",\"@id\":\"https:\/\/www.ils-forschung.de\/en\/the-ils\/ils-staff\/brill-hannah\/\",\"url\":\"https:\/\/www.ils-forschung.de\/en\/the-ils\/ils-staff\/brill-hannah\/\",\"name\":\"Hannah Brill, M.Sc. Geography - ILS - Institut f\u00fcr Landes- und Stadtentwicklungsforschung\",\"isPartOf\":{\"@id\":\"https:\/\/www.ils-forschung.de\/en\/#website\"},\"primaryImageOfPage\":{\"@id\":\"https:\/\/www.ils-forschung.de\/en\/the-ils\/ils-staff\/brill-hannah\/#primaryimage\"},\"image\":{\"@id\":\"https:\/\/www.ils-forschung.de\/en\/the-ils\/ils-staff\/brill-hannah\/#primaryimage\"},\"thumbnailUrl\":\"https:\/\/www.ils-forschung.de\/wp-content\/uploads\/2023\/04\/ils-social-share-logo.jpg\",\"datePublished\":\"2023-03-13T14:10:38+00:00\",\"dateModified\":\"2026-04-02T11:29:00+00:00\",\"breadcrumb\":{\"@id\":\"https:\/\/www.ils-forschung.de\/en\/the-ils\/ils-staff\/brill-hannah\/#breadcrumb\"},\"inLanguage\":\"en-US\",\"potentialAction\":[{\"@type\":\"ReadAction\",\"target\":[\"https:\/\/www.ils-forschung.de\/en\/the-ils\/ils-staff\/brill-hannah\/\"]}]},{\"@type\":\"ImageObject\",\"inLanguage\":\"en-US\",\"@id\":\"https:\/\/www.ils-forschung.de\/en\/the-ils\/ils-staff\/brill-hannah\/#primaryimage\",\"url\":\"https:\/\/www.ils-forschung.de\/wp-content\/uploads\/2023\/04\/ils-social-share-logo.jpg\",\"contentUrl\":\"https:\/\/www.ils-forschung.de\/wp-content\/uploads\/2023\/04\/ils-social-share-logo.jpg\",\"width\":1200,\"height\":630},{\"@type\":\"BreadcrumbList\",\"@id\":\"https:\/\/www.ils-forschung.de\/en\/the-ils\/ils-staff\/brill-hannah\/#breadcrumb\",\"itemListElement\":[{\"@type\":\"ListItem\",\"position\":1,\"name\":\"Home\",\"item\":\"https:\/\/www.ils-forschung.de\/en\/\"},{\"@type\":\"ListItem\",\"position\":2,\"name\":\"The ILS\",\"item\":\"https:\/\/www.ils-forschung.de\/en\/the-ils\/\"},{\"@type\":\"ListItem\",\"position\":3,\"name\":\"ILS staff\",\"item\":\"https:\/\/www.ils-forschung.de\/en\/the-ils\/ils-staff\/\"},{\"@type\":\"ListItem\",\"position\":4,\"name\":\"Hannah Brill, M.Sc. Geography\"}]},{\"@type\":\"WebSite\",\"@id\":\"https:\/\/www.ils-forschung.de\/en\/#website\",\"url\":\"https:\/\/www.ils-forschung.de\/en\/\",\"name\":\"ILS - Institut f\u00fcr Landes- und Stadtentwicklungsforschung\",\"description\":\"Das ILS \u2013 Institut f\u00fcr Landes- und Stadtentwicklungsforschung ist ein raumwissenschaftliches au\u00dferuniversit\u00e4res Forschungsinstitut mit Sitz in Dortmund.\",\"potentialAction\":[{\"@type\":\"SearchAction\",\"target\":{\"@type\":\"EntryPoint\",\"urlTemplate\":\"https:\/\/www.ils-forschung.de\/en\/?s={search_term_string}\"},\"query-input\":{\"@type\":\"PropertyValueSpecification\",\"valueRequired\":true,\"valueName\":\"search_term_string\"}}],\"inLanguage\":\"en-US\"}]}<\/script>\n<!-- \/ Yoast SEO plugin. -->","yoast_head_json":{"title":"Hannah Brill, M.Sc. Geography - ILS - Institut f\u00fcr Landes- und Stadtentwicklungsforschung","robots":{"index":"index","follow":"follow","max-snippet":"max-snippet:-1","max-image-preview":"max-image-preview:large","max-video-preview":"max-video-preview:-1"},"canonical":"https:\/\/www.ils-forschung.de\/en\/the-ils\/ils-staff\/brill-hannah\/","og_locale":"en_US","og_type":"article","og_title":"Hannah Brill, M.Sc. Geography - ILS - Institut f\u00fcr Landes- und Stadtentwicklungsforschung","og_url":"https:\/\/www.ils-forschung.de\/en\/the-ils\/ils-staff\/brill-hannah\/","og_site_name":"ILS - Institut f\u00fcr Landes- und Stadtentwicklungsforschung","article_modified_time":"2026-04-02T11:29:00+00:00","twitter_card":"summary_large_image","twitter_site":"@ILS_forschung","twitter_misc":{"Est. reading time":"4 minutes"},"schema":{"@context":"https:\/\/schema.org","@graph":[{"@type":"WebPage","@id":"https:\/\/www.ils-forschung.de\/en\/the-ils\/ils-staff\/brill-hannah\/","url":"https:\/\/www.ils-forschung.de\/en\/the-ils\/ils-staff\/brill-hannah\/","name":"Hannah Brill, M.Sc. Geography - ILS - Institut f\u00fcr Landes- und Stadtentwicklungsforschung","isPartOf":{"@id":"https:\/\/www.ils-forschung.de\/en\/#website"},"primaryImageOfPage":{"@id":"https:\/\/www.ils-forschung.de\/en\/the-ils\/ils-staff\/brill-hannah\/#primaryimage"},"image":{"@id":"https:\/\/www.ils-forschung.de\/en\/the-ils\/ils-staff\/brill-hannah\/#primaryimage"},"thumbnailUrl":"https:\/\/www.ils-forschung.de\/wp-content\/uploads\/2023\/04\/ils-social-share-logo.jpg","datePublished":"2023-03-13T14:10:38+00:00","dateModified":"2026-04-02T11:29:00+00:00","breadcrumb":{"@id":"https:\/\/www.ils-forschung.de\/en\/the-ils\/ils-staff\/brill-hannah\/#breadcrumb"},"inLanguage":"en-US","potentialAction":[{"@type":"ReadAction","target":["https:\/\/www.ils-forschung.de\/en\/the-ils\/ils-staff\/brill-hannah\/"]}]},{"@type":"ImageObject","inLanguage":"en-US","@id":"https:\/\/www.ils-forschung.de\/en\/the-ils\/ils-staff\/brill-hannah\/#primaryimage","url":"https:\/\/www.ils-forschung.de\/wp-content\/uploads\/2023\/04\/ils-social-share-logo.jpg","contentUrl":"https:\/\/www.ils-forschung.de\/wp-content\/uploads\/2023\/04\/ils-social-share-logo.jpg","width":1200,"height":630},{"@type":"BreadcrumbList","@id":"https:\/\/www.ils-forschung.de\/en\/the-ils\/ils-staff\/brill-hannah\/#breadcrumb","itemListElement":[{"@type":"ListItem","position":1,"name":"Home","item":"https:\/\/www.ils-forschung.de\/en\/"},{"@type":"ListItem","position":2,"name":"The ILS","item":"https:\/\/www.ils-forschung.de\/en\/the-ils\/"},{"@type":"ListItem","position":3,"name":"ILS staff","item":"https:\/\/www.ils-forschung.de\/en\/the-ils\/ils-staff\/"},{"@type":"ListItem","position":4,"name":"Hannah Brill, M.Sc. Geography"}]},{"@type":"WebSite","@id":"https:\/\/www.ils-forschung.de\/en\/#website","url":"https:\/\/www.ils-forschung.de\/en\/","name":"ILS - Institut f\u00fcr Landes- und Stadtentwicklungsforschung","description":"Das ILS \u2013 Institut f\u00fcr Landes- und Stadtentwicklungsforschung ist ein raumwissenschaftliches au\u00dferuniversit\u00e4res Forschungsinstitut mit Sitz in Dortmund.","potentialAction":[{"@type":"SearchAction","target":{"@type":"EntryPoint","urlTemplate":"https:\/\/www.ils-forschung.de\/en\/?s={search_term_string}"},"query-input":{"@type":"PropertyValueSpecification","valueRequired":true,"valueName":"search_term_string"}}],"inLanguage":"en-US"}]}},"_links":{"self":[{"href":"https:\/\/www.ils-forschung.de\/en\/wp-json\/wp\/v2\/pages\/29163","targetHints":{"allow":["GET"]}}],"collection":[{"href":"https:\/\/www.ils-forschung.de\/en\/wp-json\/wp\/v2\/pages"}],"about":[{"href":"https:\/\/www.ils-forschung.de\/en\/wp-json\/wp\/v2\/types\/page"}],"author":[{"embeddable":true,"href":"https:\/\/www.ils-forschung.de\/en\/wp-json\/wp\/v2\/users\/14"}],"replies":[{"embeddable":true,"href":"https:\/\/www.ils-forschung.de\/en\/wp-json\/wp\/v2\/comments?post=29163"}],"version-history":[{"count":14,"href":"https:\/\/www.ils-forschung.de\/en\/wp-json\/wp\/v2\/pages\/29163\/revisions"}],"predecessor-version":[{"id":56919,"href":"https:\/\/www.ils-forschung.de\/en\/wp-json\/wp\/v2\/pages\/29163\/revisions\/56919"}],"up":[{"embeddable":true,"href":"https:\/\/www.ils-forschung.de\/en\/wp-json\/wp\/v2\/pages\/452"}],"wp:featuredmedia":[{"embeddable":true,"href":"https:\/\/www.ils-forschung.de\/en\/wp-json\/wp\/v2\/media\/29962"}],"wp:attachment":[{"href":"https:\/\/www.ils-forschung.de\/en\/wp-json\/wp\/v2\/media?parent=29163"}],"curies":[{"name":"wp","href":"https:\/\/api.w.org\/{rel}","templated":true}]}}