{"id":28721,"date":"2022-08-29T13:05:13","date_gmt":"2022-08-29T11:05:13","guid":{"rendered":"https:\/\/www.ils-forschung.de\/infos\/"},"modified":"2025-10-15T13:25:54","modified_gmt":"2025-10-15T11:25:54","slug":"infos","status":"publish","type":"page","link":"https:\/\/www.ils-forschung.de\/en\/infos\/","title":{"rendered":"Unsere Informationsangebote auf einen Blick"},"content":{"rendered":"<p><div class=\"fusion-fullwidth fullwidth-box fusion-builder-row-1 fusion-flex-container has-pattern-background has-mask-background nonhundred-percent-fullwidth non-hundred-percent-height-scrolling\" style=\"--awb-border-radius-top-left:0px;--awb-border-radius-top-right:0px;--awb-border-radius-bottom-right:0px;--awb-border-radius-bottom-left:0px;--awb-flex-wrap:wrap;\" ><div class=\"fusion-builder-row fusion-row fusion-flex-align-items-flex-start fusion-flex-content-wrap\" style=\"max-width:1144px;margin-left: calc(-4% \/ 2 );margin-right: calc(-4% \/ 2 );\"><div class=\"fusion-layout-column fusion_builder_column fusion-builder-column-0 fusion_builder_column_1_1 1_1 fusion-flex-column\" style=\"--awb-bg-size:cover;--awb-width-large:100%;--awb-margin-top-large:0px;--awb-spacing-right-large:1.92%;--awb-margin-bottom-large:20px;--awb-spacing-left-large:1.92%;--awb-width-medium:100%;--awb-order-medium:0;--awb-spacing-right-medium:1.92%;--awb-spacing-left-medium:1.92%;--awb-width-small:100%;--awb-order-small:0;--awb-spacing-right-small:1.92%;--awb-spacing-left-small:1.92%;\"><div class=\"fusion-column-wrapper fusion-column-has-shadow fusion-flex-justify-content-flex-start fusion-content-layout-column\"><div class=\"fusion-image-element \" style=\"--awb-caption-title-font-family:var(--h2_typography-font-family);--awb-caption-title-font-weight:var(--h2_typography-font-weight);--awb-caption-title-font-style:var(--h2_typography-font-style);--awb-caption-title-size:var(--h2_typography-font-size);--awb-caption-title-transform:var(--h2_typography-text-transform);--awb-caption-title-line-height:var(--h2_typography-line-height);--awb-caption-title-letter-spacing:var(--h2_typography-letter-spacing);\"><span class=\" fusion-imageframe imageframe-none imageframe-1 hover-type-none\"><img decoding=\"async\" width=\"1200\" height=\"364\" alt=\"\u00a9 ILS \/ Carsten Nawrath\" title=\"\u00a9 ILS \/ Carsten Nawrath\" src=\"https:\/\/www.ils-forschung.de\/wp-content\/uploads\/2023\/03\/ils-publikationen.png\" class=\"img-responsive wp-image-28874\" srcset=\"https:\/\/www.ils-forschung.de\/wp-content\/uploads\/2023\/03\/ils-publikationen-200x61.png 200w, https:\/\/www.ils-forschung.de\/wp-content\/uploads\/2023\/03\/ils-publikationen-400x121.png 400w, https:\/\/www.ils-forschung.de\/wp-content\/uploads\/2023\/03\/ils-publikationen-600x182.png 600w, https:\/\/www.ils-forschung.de\/wp-content\/uploads\/2023\/03\/ils-publikationen-800x243.png 800w, https:\/\/www.ils-forschung.de\/wp-content\/uploads\/2023\/03\/ils-publikationen.png 1200w\" sizes=\"(max-width: 1125px) 100vw, (max-width: 765px) 100vw, 1200px\" \/><\/span><\/div><div class=\"fusion-text fusion-text-1\"><p><span style=\"font-size: 10px; float: right;\">\u00a9 ILS \/ Carsten Nawrath <\/span><\/p>\n<\/div><div class=\"fusion-separator fusion-full-width-sep\" style=\"align-self: center;margin-left: auto;margin-right: auto;margin-top:10px;margin-bottom:10px;width:100%;\"><\/div><div class=\"fusion-text fusion-text-2\"><p>Sie sind an der Arbeit des ILS und unseren Forschungsergebnissen interessiert? Dann nehmen wir Sie gerne in unsere Verteiler auf.<\/p>\n<p><a href=\"https:\/\/www.ils-forschung.de\/en\/knowledge-transfer\/ils-publications\/ils-journal\/\">ILS-JOURNAL<\/a><br \/>Neues aus der Forschung, Projektergebnisse, Nachwuchsf\u00f6rderung, Personalia, Kurznachrichten sowie Veranstaltungs- und Ver\u00f6ffentlichungshinweise.<\/p>\n<p><a href=\"https:\/\/www.ils-forschung.de\/en\/knowledge-transfer\/ils-publications\/ils-trends\/\">ILS-TRENDS<\/a><br \/>praxisorientierte und politikberatende Pr\u00e4sentation von aktuellen Projektergebnissen.<\/p>\n<p><a href=\"https:\/\/www.ils-forschung.de\/en\/knowledge-transfer\/ils-publications\/ils-impulses\/\">ILS-IMPULSE<\/a><br \/>aktuelle gesellschaftliche Themen und ihre Relevanz f\u00fcr die Stadt- und Regionalforschung werden mehrmals j\u00e4hrlich kurz und knapp f\u00fcr Entscheidungstr\u00e4ger*innen sowie Interessierte aufbereitet.<\/p>\n<p><a href=\"https:\/\/www.ils-forschung.de\/en\/knowledge-transfer\/ils-publications\/ils-working-paper\/\">ILS-Working Paper<\/a><br \/>aktuelle Forschungsergebnisse f\u00fcr die wissenschaftliche Diskussion.<\/p>\n<p><span style=\"font-weight: bold; color: #ed6e0b;\">ILS-Newsletter<\/span><br \/>Der Newsletter \u201eInfos aus dem ILS\u201c bietet einen \u00dcberblick \u00fcber neue Publikationen, Veranstaltungen und Projekte des Instituts. Erfahren Sie regelm\u00e4\u00dfig kompakt, was beim ILS zurzeit im Fokus steht.<\/p>\n<p><a href=\"https:\/\/www.linkedin.com\/company\/36949864\/admin\/feed\/posts\/\">Social Media<\/a><br \/>Wir berichten regelm\u00e4\u00dfig \u00fcber Veranstaltungen, Projektergebnisse, Ver\u00f6ffentlichungen und Forschungsvorhaben auf unserem Hauptkanal bei <a href=\"https:\/\/www.linkedin.com\/company\/36949864\/admin\/feed\/posts\/\">Linkedin. <\/a>Sie finden uns au\u00dferdem bei <a href=\"https:\/\/www.facebook.com\/ilsforschung\">Facebook<\/a>, <a href=\"https:\/\/wisskomm.social\/@ilsforschung\">Mastodon<\/a> und <a href=\"https:\/\/www.instagram.com\/stadt_land_forschung\/\">Instagram<\/a>.<\/p>\n<p><a href=\"https:\/\/www.ils-forschung.de\/en\/5minutesofurbanresearch\/\">5 Minuten Stadtforschung: der ILS-Video-Podcast<\/a><br \/>Regelm\u00e4\u00dfig gibt unser Video-Podcast Einblicke in Forschungsthemen und \u2013projekte aus dem ILS. Wissenschaftler*innen stellen Ergebnisse ihrer Forschung, webbasierte Anwendungen, sowie wissenschaftliche Publikationen vor.<\/p>\n<p><a href=\"https:\/\/www.ils-forschung.de\/en\/research\/research-projects\/\">Forschungsprojekte<\/a><br \/>\u00dcberblick \u00fcber laufende und abgeschlossene Forschungsprojekte des ILS.<\/p>\n<p><a href=\"https:\/\/www.ils-forschung.de\/en\/professional-publications\/\">Fachpublikationen<\/a><br \/>Sie sind an unseren wissenschaftlichen Publikationen interessiert? <a href=\"https:\/\/www.ils-forschung.de\/en\/professional-publications\/\">Hier<\/a> finden Sie die \u00dcbersicht unserer Fachpublikationen.<\/p>\n<p><a href=\"https:\/\/www.ils-forschung.de\/en\/knowledge-transfer\/events\/\">Veranstaltungen<\/a><br \/>Veranstaltungen sind zentraler Bestandteil unseres Transfers. Eine \u00dcbersicht \u00fcber unsere aktuellen Veranstaltungen finden Sie <a href=\"https:\/\/www.ils-forschung.de\/en\/knowledge-transfer\/events\/\">hier<\/a>.<\/p>\n<p><a href=\"https:\/\/www.ils-forschung.de\/en\/knowledge-transfer\/wohnenmachtstadt\/\" target=\"_blank\" rel=\"noopener\">Veranstaltungsverteiler \u201eWohnen macht Stadt\u201c<\/a><br \/>Das Fachforum \u201eWohnen macht Stadt\u201c unterst\u00fctzt den Dialog und den Erfahrungsaustausch von Akteuren aus den Bereichen Stadtentwicklung und Wohnungspolitik bzw. -wirtschaft.<\/p>\n<p><a href=\"https:\/\/www.ils-forschung.de\/en\/knowledge-transfer\/press\/\" target=\"_blank\" rel=\"noopener\">Presse<\/a><br \/>Verteiler f\u00fcr unsere Pressemitteilungen.<\/p>\n<\/div><\/div><\/div><\/div><\/div><div class=\"fusion-fullwidth fullwidth-box fusion-builder-row-2 fusion-flex-container has-pattern-background has-mask-background nonhundred-percent-fullwidth non-hundred-percent-height-scrolling\" style=\"--awb-border-radius-top-left:0px;--awb-border-radius-top-right:0px;--awb-border-radius-bottom-right:0px;--awb-border-radius-bottom-left:0px;--awb-flex-wrap:wrap;\" ><div class=\"fusion-builder-row fusion-row fusion-flex-align-items-flex-start fusion-flex-content-wrap\" style=\"max-width:1144px;margin-left: calc(-4% \/ 2 );margin-right: calc(-4% \/ 2 );\"><div class=\"fusion-layout-column fusion_builder_column fusion-builder-column-1 fusion_builder_column_1_1 1_1 fusion-flex-column\" style=\"--awb-bg-size:cover;--awb-width-large:100%;--awb-margin-top-large:0px;--awb-spacing-right-large:1.92%;--awb-margin-bottom-large:20px;--awb-spacing-left-large:1.92%;--awb-width-medium:100%;--awb-order-medium:0;--awb-spacing-right-medium:1.92%;--awb-spacing-left-medium:1.92%;--awb-width-small:100%;--awb-order-small:0;--awb-spacing-right-small:1.92%;--awb-spacing-left-small:1.92%;\"><div class=\"fusion-column-wrapper fusion-column-has-shadow fusion-flex-justify-content-flex-start fusion-content-layout-column\"><div class=\"fusion-text fusion-text-3\"><h2>Anmeldung<\/h2>\n<p>Wir nehmen Sie gerne in unsere Verteiler auf. Registrieren Sie sich hier:<\/p>\n<div class=\"brlbs-cmpnt-container brlbs-cmpnt-content-blocker brlbs-cmpnt-with-individual-styles\" data-borlabs-cookie-content-blocker-id=\"brevo\" data-borlabs-cookie-content=\"PGlmcmFtZSB3aWR0aD0iMTAwJSIgaGVpZ2h0PSI4NTAiIHNyYz0iaHR0cHM6Ly9iOTE2YWQ0My5zaWJmb3Jtcy5jb20vc2VydmUvTVVJRkFPRzhpWldneGM1SFN5cVpCbUdycnVIUV9zZDBucEtUMmtRWHBkSV9QbVNaY1RSdnE4N18xbEtHNlhOdG11bEd5a0h3eDlNS0VYVFRfLTdSRTZpWlowTzdsNnRybXJJSXRrMjVxYkFaYTd4cmVxemVoajQyclVJYktjLVBFN2FuM2JqeE5MTm5WS185YlJrbzEybWY4LTVSdTYtUi02ZjlWUDlXWkhhcjRKaThTb3A5Y3FWU21Qb3FkSGlPR1I4U3BkemZ1ck4wQVA1RyIgZnJhbWVib3JkZXI9IjAiIHNjcm9sbGluZz0iYXV0byIgYWxsb3dmdWxsc2NyZWVuIHN0eWxlPSJkaXNwbGF5OiBibG9jazsgbWFyZ2luLWxlZnQ6IGF1dG87IG1hcmdpbi1yaWdodDogYXV0bzsgbWF4LXdpZHRoOiAxMDAlOyI+PC9pZnJhbWU+\">\n<div class=\"brlbs-cmpnt-cb-preset-b brlbs-cmpnt-cb-brevo\">\n<div class=\"brlbs-cmpnt-cb-thumbnail\" style=\"background-image: url('https:\/\/www.ils-forschung.de\/wp-content\/uploads\/borlabs-cookie\/1\/bct-mailchimp-vanilla-main.png')\"><\/div>\n<div class=\"brlbs-cmpnt-cb-main\">\n<div class=\"brlbs-cmpnt-cb-content\">\n<p class=\"brlbs-cmpnt-cb-description\">You are currently viewing a placeholder content from <strong>Brevo<\/strong>. To access the actual content, click the button below. Please note that doing so will share data with third-party providers.<\/p>\n<p> <a class=\"brlbs-cmpnt-cb-provider-toggle\" href=\"#\" data-borlabs-cookie-show-provider-information role=\"button\">More Information<\/a> <\/div>\n<div class=\"brlbs-cmpnt-cb-buttons\"> <a class=\"brlbs-cmpnt-cb-btn\" href=\"#\" data-borlabs-cookie-unblock role=\"button\">Unblock content<\/a> <a class=\"brlbs-cmpnt-cb-btn\" href=\"#\" data-borlabs-cookie-accept-service role=\"button\" style=\"display: inherit\">Accept required service and unblock content<\/a> <\/div>\n<\/p>\n<\/div>\n<\/div>\n<\/div>\n<\/div><\/div><\/div><\/div><\/div><div class=\"fusion-fullwidth fullwidth-box fusion-builder-row-3 fusion-flex-container has-pattern-background has-mask-background nonhundred-percent-fullwidth non-hundred-percent-height-scrolling\" style=\"--awb-border-radius-top-left:0px;--awb-border-radius-top-right:0px;--awb-border-radius-bottom-right:0px;--awb-border-radius-bottom-left:0px;--awb-flex-wrap:wrap;\" ><div class=\"fusion-builder-row fusion-row fusion-flex-align-items-flex-start fusion-flex-content-wrap\" style=\"max-width:1144px;margin-left: calc(-4% \/ 2 );margin-right: calc(-4% \/ 2 );\"><div class=\"fusion-layout-column fusion_builder_column fusion-builder-column-2 fusion_builder_column_1_1 1_1 fusion-flex-column\" style=\"--awb-bg-size:cover;--awb-width-large:100%;--awb-margin-top-large:0px;--awb-spacing-right-large:1.92%;--awb-margin-bottom-large:20px;--awb-spacing-left-large:1.92%;--awb-width-medium:100%;--awb-order-medium:0;--awb-spacing-right-medium:1.92%;--awb-spacing-left-medium:1.92%;--awb-width-small:100%;--awb-order-small:0;--awb-spacing-right-small:1.92%;--awb-spacing-left-small:1.92%;\"><div class=\"fusion-column-wrapper fusion-column-has-shadow fusion-flex-justify-content-flex-start fusion-content-layout-column\"><div class=\"fusion-text fusion-text-4\"><h2>Kontakt<\/h2>\n<p>ILS \u2013 Institut f\u00fcr Landes- und Stadtentwicklungsforschung gGmbH<br \/>Ann-Christin Kleinmanns \/ Theresa von Bischopink<br \/>Stabsstelle \u201eTransfer und Transformation\u201c<br \/>Br\u00fcderweg 22\u201324<br \/>44135 Dortmund<br \/>Telefon: +49 (0)231 9051-131 oder +49 (0)231 9051-160<br \/>Telefax: +49 (0)231 9051-155<br \/>E-Mail: <a href=\"mailto:ann-christin.kleinmanns@ils-forschung.de\">ann-christin.kleinmanns@ils-forschung.de<\/a> oder <a href=\"mailto:theresa.vonbischopink@ils-forschung.de\">theresa.vonbischopink@ils-forschung.de<\/a><\/p>\n<\/div><\/div><\/div><\/div><\/div><\/p>\n","protected":false},"excerpt":{"rendered":"","protected":false},"author":14,"featured_media":29962,"parent":0,"menu_order":0,"comment_status":"closed","ping_status":"closed","template":"","meta":{"footnotes":""},"class_list":["post-28721","page","type-page","status-publish","has-post-thumbnail","hentry"],"yoast_head":"<!-- This site is optimized with the Yoast SEO plugin v27.1.1 - https:\/\/yoast.com\/product\/yoast-seo-wordpress\/ -->\n<title>Unsere Informationsangebote auf einen Blick - ILS - Institut f\u00fcr Landes- und Stadtentwicklungsforschung<\/title>\n<meta name=\"robots\" content=\"index, follow, max-snippet:-1, max-image-preview:large, max-video-preview:-1\" \/>\n<link rel=\"canonical\" href=\"https:\/\/www.ils-forschung.de\/en\/infos\/\" \/>\n<meta property=\"og:locale\" content=\"en_US\" \/>\n<meta property=\"og:type\" content=\"article\" \/>\n<meta property=\"og:title\" content=\"Unsere Informationsangebote auf einen Blick - ILS - Institut f\u00fcr Landes- und Stadtentwicklungsforschung\" \/>\n<meta property=\"og:url\" content=\"https:\/\/www.ils-forschung.de\/en\/infos\/\" \/>\n<meta property=\"og:site_name\" content=\"ILS - Institut f\u00fcr Landes- und Stadtentwicklungsforschung\" \/>\n<meta property=\"article:modified_time\" content=\"2025-10-15T11:25:54+00:00\" \/>\n<meta property=\"og:image\" content=\"https:\/\/www.ils-forschung.de\/wp-content\/uploads\/2023\/04\/ils-social-share-logo.jpg\" \/>\n\t<meta property=\"og:image:width\" content=\"1200\" \/>\n\t<meta property=\"og:image:height\" content=\"630\" \/>\n\t<meta property=\"og:image:type\" content=\"image\/jpeg\" \/>\n<meta name=\"twitter:card\" content=\"summary_large_image\" \/>\n<meta name=\"twitter:site\" content=\"@ILS_forschung\" \/>\n<meta name=\"twitter:label1\" content=\"Est. reading time\" \/>\n\t<meta name=\"twitter:data1\" content=\"7 minutes\" \/>\n<script type=\"application\/ld+json\" class=\"yoast-schema-graph\">{\"@context\":\"https:\/\/schema.org\",\"@graph\":[{\"@type\":\"WebPage\",\"@id\":\"https:\/\/www.ils-forschung.de\/en\/infos\/\",\"url\":\"https:\/\/www.ils-forschung.de\/en\/infos\/\",\"name\":\"Unsere Informationsangebote auf einen Blick - ILS - Institut f\u00fcr Landes- und Stadtentwicklungsforschung\",\"isPartOf\":{\"@id\":\"https:\/\/www.ils-forschung.de\/en\/#website\"},\"primaryImageOfPage\":{\"@id\":\"https:\/\/www.ils-forschung.de\/en\/infos\/#primaryimage\"},\"image\":{\"@id\":\"https:\/\/www.ils-forschung.de\/en\/infos\/#primaryimage\"},\"thumbnailUrl\":\"https:\/\/www.ils-forschung.de\/wp-content\/uploads\/2023\/04\/ils-social-share-logo.jpg\",\"datePublished\":\"2022-08-29T11:05:13+00:00\",\"dateModified\":\"2025-10-15T11:25:54+00:00\",\"breadcrumb\":{\"@id\":\"https:\/\/www.ils-forschung.de\/en\/infos\/#breadcrumb\"},\"inLanguage\":\"en-US\",\"potentialAction\":[{\"@type\":\"ReadAction\",\"target\":[\"https:\/\/www.ils-forschung.de\/en\/infos\/\"]}]},{\"@type\":\"ImageObject\",\"inLanguage\":\"en-US\",\"@id\":\"https:\/\/www.ils-forschung.de\/en\/infos\/#primaryimage\",\"url\":\"https:\/\/www.ils-forschung.de\/wp-content\/uploads\/2023\/04\/ils-social-share-logo.jpg\",\"contentUrl\":\"https:\/\/www.ils-forschung.de\/wp-content\/uploads\/2023\/04\/ils-social-share-logo.jpg\",\"width\":1200,\"height\":630},{\"@type\":\"BreadcrumbList\",\"@id\":\"https:\/\/www.ils-forschung.de\/en\/infos\/#breadcrumb\",\"itemListElement\":[{\"@type\":\"ListItem\",\"position\":1,\"name\":\"Home\",\"item\":\"https:\/\/www.ils-forschung.de\/en\/\"},{\"@type\":\"ListItem\",\"position\":2,\"name\":\"Unsere Informationsangebote auf einen Blick\"}]},{\"@type\":\"WebSite\",\"@id\":\"https:\/\/www.ils-forschung.de\/en\/#website\",\"url\":\"https:\/\/www.ils-forschung.de\/en\/\",\"name\":\"ILS - Institut f\u00fcr Landes- und Stadtentwicklungsforschung\",\"description\":\"Das ILS \u2013 Institut f\u00fcr Landes- und Stadtentwicklungsforschung ist ein raumwissenschaftliches au\u00dferuniversit\u00e4res Forschungsinstitut mit Sitz in Dortmund.\",\"potentialAction\":[{\"@type\":\"SearchAction\",\"target\":{\"@type\":\"EntryPoint\",\"urlTemplate\":\"https:\/\/www.ils-forschung.de\/en\/?s={search_term_string}\"},\"query-input\":{\"@type\":\"PropertyValueSpecification\",\"valueRequired\":true,\"valueName\":\"search_term_string\"}}],\"inLanguage\":\"en-US\"}]}<\/script>\n<!-- \/ Yoast SEO plugin. -->","yoast_head_json":{"title":"Unsere Informationsangebote auf einen Blick - ILS - Institut f\u00fcr Landes- und Stadtentwicklungsforschung","robots":{"index":"index","follow":"follow","max-snippet":"max-snippet:-1","max-image-preview":"max-image-preview:large","max-video-preview":"max-video-preview:-1"},"canonical":"https:\/\/www.ils-forschung.de\/en\/infos\/","og_locale":"en_US","og_type":"article","og_title":"Unsere Informationsangebote auf einen Blick - ILS - Institut f\u00fcr Landes- und Stadtentwicklungsforschung","og_url":"https:\/\/www.ils-forschung.de\/en\/infos\/","og_site_name":"ILS - Institut f\u00fcr Landes- und Stadtentwicklungsforschung","article_modified_time":"2025-10-15T11:25:54+00:00","og_image":[{"width":1200,"height":630,"url":"https:\/\/www.ils-forschung.de\/wp-content\/uploads\/2023\/04\/ils-social-share-logo.jpg","type":"image\/jpeg"}],"twitter_card":"summary_large_image","twitter_site":"@ILS_forschung","twitter_misc":{"Est. reading time":"7 minutes"},"schema":{"@context":"https:\/\/schema.org","@graph":[{"@type":"WebPage","@id":"https:\/\/www.ils-forschung.de\/en\/infos\/","url":"https:\/\/www.ils-forschung.de\/en\/infos\/","name":"Unsere Informationsangebote auf einen Blick - ILS - Institut f\u00fcr Landes- und Stadtentwicklungsforschung","isPartOf":{"@id":"https:\/\/www.ils-forschung.de\/en\/#website"},"primaryImageOfPage":{"@id":"https:\/\/www.ils-forschung.de\/en\/infos\/#primaryimage"},"image":{"@id":"https:\/\/www.ils-forschung.de\/en\/infos\/#primaryimage"},"thumbnailUrl":"https:\/\/www.ils-forschung.de\/wp-content\/uploads\/2023\/04\/ils-social-share-logo.jpg","datePublished":"2022-08-29T11:05:13+00:00","dateModified":"2025-10-15T11:25:54+00:00","breadcrumb":{"@id":"https:\/\/www.ils-forschung.de\/en\/infos\/#breadcrumb"},"inLanguage":"en-US","potentialAction":[{"@type":"ReadAction","target":["https:\/\/www.ils-forschung.de\/en\/infos\/"]}]},{"@type":"ImageObject","inLanguage":"en-US","@id":"https:\/\/www.ils-forschung.de\/en\/infos\/#primaryimage","url":"https:\/\/www.ils-forschung.de\/wp-content\/uploads\/2023\/04\/ils-social-share-logo.jpg","contentUrl":"https:\/\/www.ils-forschung.de\/wp-content\/uploads\/2023\/04\/ils-social-share-logo.jpg","width":1200,"height":630},{"@type":"BreadcrumbList","@id":"https:\/\/www.ils-forschung.de\/en\/infos\/#breadcrumb","itemListElement":[{"@type":"ListItem","position":1,"name":"Home","item":"https:\/\/www.ils-forschung.de\/en\/"},{"@type":"ListItem","position":2,"name":"Unsere Informationsangebote auf einen Blick"}]},{"@type":"WebSite","@id":"https:\/\/www.ils-forschung.de\/en\/#website","url":"https:\/\/www.ils-forschung.de\/en\/","name":"ILS - Institut f\u00fcr Landes- und Stadtentwicklungsforschung","description":"Das ILS \u2013 Institut f\u00fcr Landes- und Stadtentwicklungsforschung ist ein raumwissenschaftliches au\u00dferuniversit\u00e4res Forschungsinstitut mit Sitz in Dortmund.","potentialAction":[{"@type":"SearchAction","target":{"@type":"EntryPoint","urlTemplate":"https:\/\/www.ils-forschung.de\/en\/?s={search_term_string}"},"query-input":{"@type":"PropertyValueSpecification","valueRequired":true,"valueName":"search_term_string"}}],"inLanguage":"en-US"}]}},"_links":{"self":[{"href":"https:\/\/www.ils-forschung.de\/en\/wp-json\/wp\/v2\/pages\/28721","targetHints":{"allow":["GET"]}}],"collection":[{"href":"https:\/\/www.ils-forschung.de\/en\/wp-json\/wp\/v2\/pages"}],"about":[{"href":"https:\/\/www.ils-forschung.de\/en\/wp-json\/wp\/v2\/types\/page"}],"author":[{"embeddable":true,"href":"https:\/\/www.ils-forschung.de\/en\/wp-json\/wp\/v2\/users\/14"}],"replies":[{"embeddable":true,"href":"https:\/\/www.ils-forschung.de\/en\/wp-json\/wp\/v2\/comments?post=28721"}],"version-history":[{"count":14,"href":"https:\/\/www.ils-forschung.de\/en\/wp-json\/wp\/v2\/pages\/28721\/revisions"}],"predecessor-version":[{"id":52025,"href":"https:\/\/www.ils-forschung.de\/en\/wp-json\/wp\/v2\/pages\/28721\/revisions\/52025"}],"wp:featuredmedia":[{"embeddable":true,"href":"https:\/\/www.ils-forschung.de\/en\/wp-json\/wp\/v2\/media\/29962"}],"wp:attachment":[{"href":"https:\/\/www.ils-forschung.de\/en\/wp-json\/wp\/v2\/media?parent=28721"}],"curies":[{"name":"wp","href":"https:\/\/api.w.org\/{rel}","templated":true}]}}