{"id":25726,"date":"2022-10-24T13:22:49","date_gmt":"2022-10-24T11:22:49","guid":{"rendered":"https:\/\/www.ils-forschung.de\/pauline-scheunert-m-sc-spatial-planning\/"},"modified":"2026-02-25T09:07:46","modified_gmt":"2026-02-25T08:07:46","slug":"scheunert-pauline","status":"publish","type":"page","link":"https:\/\/www.ils-forschung.de\/en\/the-ils\/ils-staff\/scheunert-pauline\/","title":{"rendered":"Pauline Scheunert, M.Sc. Spatial Planning"},"content":{"rendered":"<div class=\"fusion-fullwidth fullwidth-box fusion-builder-row-1 fusion-flex-container nonhundred-percent-fullwidth non-hundred-percent-height-scrolling\" style=\"--awb-border-radius-top-left:0px;--awb-border-radius-top-right:0px;--awb-border-radius-bottom-right:0px;--awb-border-radius-bottom-left:0px;--awb-flex-wrap:wrap;\" ><div class=\"fusion-builder-row fusion-row fusion-flex-align-items-flex-start fusion-flex-content-wrap\" style=\"max-width:1144px;margin-left: calc(-4% \/ 2 );margin-right: calc(-4% \/ 2 );\"><div class=\"fusion-layout-column fusion_builder_column fusion-builder-column-0 fusion_builder_column_1_1 1_1 fusion-flex-column\" style=\"--awb-bg-size:cover;--awb-width-large:100%;--awb-margin-top-large:0px;--awb-spacing-right-large:1.92%;--awb-margin-bottom-large:20px;--awb-spacing-left-large:1.92%;--awb-width-medium:100%;--awb-spacing-right-medium:1.92%;--awb-spacing-left-medium:1.92%;--awb-width-small:100%;--awb-spacing-right-small:1.92%;--awb-spacing-left-small:1.92%;\"><div class=\"fusion-column-wrapper fusion-flex-justify-content-flex-start fusion-content-layout-column\"><div class=\"fusion-builder-row fusion-builder-row-inner fusion-row fusion-flex-align-items-flex-start fusion-flex-content-wrap\" style=\"width:104% !important;max-width:104% !important;margin-left: calc(-4% \/ 2 );margin-right: calc(-4% \/ 2 );\"><div class=\"fusion-layout-column fusion_builder_column_inner fusion-builder-nested-column-0 fusion_builder_column_inner_1_4 1_4 fusion-flex-column\" style=\"--awb-bg-size:cover;--awb-width-large:25%;--awb-margin-top-large:0px;--awb-spacing-right-large:7.68%;--awb-margin-bottom-large:20px;--awb-spacing-left-large:7.68%;--awb-width-medium:100%;--awb-spacing-right-medium:1.92%;--awb-spacing-left-medium:1.92%;--awb-width-small:100%;--awb-spacing-right-small:1.92%;--awb-spacing-left-small:1.92%;\"><div class=\"fusion-column-wrapper fusion-flex-justify-content-flex-start fusion-content-layout-column\"><div class=\"fusion-image-element \" style=\"--awb-caption-title-font-family:var(--h2_typography-font-family);--awb-caption-title-font-weight:var(--h2_typography-font-weight);--awb-caption-title-font-style:var(--h2_typography-font-style);--awb-caption-title-size:var(--h2_typography-font-size);--awb-caption-title-transform:var(--h2_typography-text-transform);--awb-caption-title-line-height:var(--h2_typography-line-height);--awb-caption-title-letter-spacing:var(--h2_typography-letter-spacing);\"><span class=\" fusion-imageframe imageframe-none imageframe-1 hover-type-none\"><img decoding=\"async\" width=\"1000\" height=\"1500\" title=\"scheunert-pauline\" src=\"https:\/\/www.ils-forschung.de\/wp-content\/uploads\/2022\/10\/scheunert-pauline.jpg\" alt class=\"img-responsive wp-image-25721\" srcset=\"https:\/\/www.ils-forschung.de\/wp-content\/uploads\/2022\/10\/scheunert-pauline-200x300.jpg 200w, https:\/\/www.ils-forschung.de\/wp-content\/uploads\/2022\/10\/scheunert-pauline-400x600.jpg 400w, https:\/\/www.ils-forschung.de\/wp-content\/uploads\/2022\/10\/scheunert-pauline-600x900.jpg 600w, https:\/\/www.ils-forschung.de\/wp-content\/uploads\/2022\/10\/scheunert-pauline-800x1200.jpg 800w, https:\/\/www.ils-forschung.de\/wp-content\/uploads\/2022\/10\/scheunert-pauline.jpg 1000w\" sizes=\"(max-width: 1125px) 100vw, (max-width: 765px) 100vw, 400px\" \/><\/span><\/div><\/div><\/div><div class=\"fusion-layout-column fusion_builder_column_inner fusion-builder-nested-column-1 fusion_builder_column_inner_3_4 3_4 fusion-flex-column\" style=\"--awb-bg-size:cover;--awb-width-large:75%;--awb-margin-top-large:0px;--awb-spacing-right-large:2.56%;--awb-margin-bottom-large:20px;--awb-spacing-left-large:2.56%;--awb-width-medium:100%;--awb-spacing-right-medium:1.92%;--awb-spacing-left-medium:1.92%;--awb-width-small:100%;--awb-spacing-right-small:1.92%;--awb-spacing-left-small:1.92%;\"><div class=\"fusion-column-wrapper fusion-flex-justify-content-flex-start fusion-content-layout-column\"><div class=\"fusion-text fusion-text-1\"><p>Studied Spatial Planning at TU Dortmund University and Geographic Information Systems at Ulster University, Northern Ireland. Exchange Semester at Universitat Polit\u00e8cnica de Val\u00e8ncia.<\/p>\n<p><strong>Research interests:<\/strong><\/p>\n<ul>\n<li>Analysis of geodata<\/li>\n<li>Construction of indices<\/li>\n<li>Urban health<\/li>\n<\/ul>\n<\/div><div class=\"fusion-text fusion-text-2\"><p><strong>Contact:<\/strong><br \/>\nPhone: +49 (0) 231 9051-236<br \/>\nE-Mail: <a href=\"mailto:pauline.scheunert@ils-forschung.de\">pauline.scheunert@ils-research.de<\/a><\/p>\n<\/div><\/div><\/div><\/div><div class=\"fusion-separator fusion-full-width-sep\" style=\"align-self: center;margin-left: auto;margin-right: auto;margin-top:10px;margin-bottom:10px;width:100%;\"><\/div><div class=\"fusion-text fusion-text-3\">\n<\/div><div class=\"fusion-separator fusion-full-width-sep\" style=\"align-self: center;margin-left: auto;margin-right: auto;margin-top:20px;margin-bottom:20px;width:100%;\"><\/div><div class=\"fusion-text fusion-text-4\"><h3>Publications (Selection)<\/h3>\n<\/div><div class=\"accordian fusion-accordian\" style=\"--awb-border-size:1px;--awb-icon-size:16px;--awb-content-font-size:16px;--awb-icon-alignment:left;--awb-hover-color:#f9f9f9;--awb-border-color:#cccccc;--awb-background-color:#ffffff;--awb-divider-color:#e0dede;--awb-divider-hover-color:#e0dede;--awb-icon-color:#ffffff;--awb-title-color:#ff9900;--awb-content-color:#333333;--awb-icon-box-color:var(--awb-color7);--awb-toggle-hover-accent-color:var(--awb-custom10);--awb-title-font-family:&quot;Source Sans 3&quot;;--awb-title-font-weight:400;--awb-title-font-style:normal;--awb-title-font-size:16px;--awb-title-line-height:1.5;--awb-content-font-family:&quot;Source Sans 3&quot;;--awb-content-font-style:normal;--awb-content-font-weight:400;\"><div class=\"panel-group fusion-toggle-icon-boxed\" id=\"accordion-25726-1\"><div class=\"fusion-panel panel-default panel-0ce60fbd50515638f fusion-toggle-has-divider\" style=\"--awb-title-color:#000000;--awb-content-color:#000000;\"><div class=\"panel-heading\"><h4 class=\"panel-title toggle\" id=\"toggle_0ce60fbd50515638f\"><a aria-expanded=\"false\" aria-controls=\"0ce60fbd50515638f\" role=\"button\" data-toggle=\"collapse\" data-parent=\"#accordion-25726-1\" data-target=\"#0ce60fbd50515638f\" href=\"#0ce60fbd50515638f\"><span class=\"fusion-toggle-icon-wrapper\" aria-hidden=\"true\"><i class=\"fa-fusion-box active-icon awb-icon-minus\" aria-hidden=\"true\"><\/i><i class=\"fa-fusion-box inactive-icon awb-icon-plus\" aria-hidden=\"true\"><\/i><\/span><span class=\"fusion-toggle-heading\">Transfer and Policy Papers, Working Papers<\/span><\/a><\/h4><\/div><div id=\"0ce60fbd50515638f\" class=\"panel-collapse collapse \" aria-labelledby=\"toggle_0ce60fbd50515638f\"><div class=\"panel-body toggle-content fusion-clearfix\">\n<ul>\n<li>Heider, Bastian; Novack, Tessio; Scheunert, Pauline; Scholz, Benjamin (2025): <a href=\"https:\/\/collections.fes.de\/publikationen\/download\/pdf\/1886072\">Antidemokratische Wahlerfolge im ungleichen Deutschland \u2013 Demokratiest\u00fctzende Aspekte der Daseinsvorsorge<\/a>. Hrsg. v. Friedrich-Ebert-Stiftung. Bonn.<\/li>\n<\/ul>\n<ul>\n<li>Scheunert, Pauline; Siedentop, Stefan; Heider, Bastian (2025): <a href=\"https:\/\/www.landesentwicklung-bw.de\/img\/download\/content\/downloads\/raumanalyse07guterverkehr.pdf,p15\">Raumanalyse Baden-W\u00fcrttemberg: G\u00fcterverkehr und Logistik<\/a>. Kurzbericht Nr. 7. Stuttgart.<\/li>\n<\/ul>\n<ul>\n<li>Scheunert, Pauline; Siedentop, Stefan; Heider, Bastian (2024): <a href=\"https:\/\/www.landesentwicklung-bw.de\/img\/download\/content\/downloads\/raumanalyse02siedlungsflachenen.pdf,p15\" target=\"_blank\" rel=\"noopener\">Raumanalyse Baden-W\u00fcrttemberg: Siedlungs- und Fl\u00e4chenentwicklung. Kurzbericht Nr. 2<\/a>. Stuttgart.<\/li>\n<\/ul>\n<ul>\n<li>Scheunert, Pauline; Siedentop, Stefan; Heider, Bastian (2024): <a href=\"https:\/\/www.landesentwicklung-bw.de\/img\/download\/content\/downloads\/raumanalyse04personenverkehr.pdf,p15\" target=\"_blank\" rel=\"noopener\">Raumanalyse Baden-W\u00fcrttemberg: Personenverkehr und Mobilit\u00e4t. Kurzbericht Nr. 4<\/a>. Stuttgart.<\/li>\n<\/ul>\n<ul>\n<li>Gerten, Christian; Scheunert, Pauline; Schmitz, Julian; Kanning, Martina; Welsch, Janina; van der Vlugt, Anna-Lena; Novack, Tessio (2023): Wo geht\u2019s wirklich gut? Neue methodische Ans\u00e4tze aus der Walkability-Forschung. <a href=\"https:\/\/doi.org\/10.58122\/pyr6-2y23\" target=\"_blank\" rel=\"noopener\">ILS-TRENDS [EXTRA] 04\/23<\/a>. Dortmund. <a href=\"https:\/\/doi.org\/10.58122\/pyr6-2y23\" target=\"_blank\" rel=\"noopener\">https:\/\/doi.org\/10.58122\/pyr6-2y23<\/a>.<\/li>\n<\/ul>\n<\/div><\/div><\/div><\/div><\/div><div class=\"fusion-separator fusion-full-width-sep\" style=\"align-self: center;margin-left: auto;margin-right: auto;margin-top:20px;margin-bottom:20px;width:100%;\"><\/div><div class=\"fusion-text fusion-text-5\"><h3>Presentations (Selection)<\/h3>\n<\/div><div class=\"accordian fusion-accordian\" style=\"--awb-border-size:1px;--awb-icon-size:16px;--awb-content-font-size:16px;--awb-icon-alignment:left;--awb-hover-color:#f9f9f9;--awb-border-color:#cccccc;--awb-background-color:#ffffff;--awb-divider-color:#e0dede;--awb-divider-hover-color:#e0dede;--awb-icon-color:#ffffff;--awb-title-color:#ff9900;--awb-content-color:#333333;--awb-icon-box-color:var(--awb-color7);--awb-toggle-hover-accent-color:var(--awb-custom10);--awb-title-font-family:&quot;Source Sans 3&quot;;--awb-title-font-weight:400;--awb-title-font-style:normal;--awb-title-font-size:16px;--awb-title-line-height:1.5;--awb-content-font-family:&quot;Source Sans 3&quot;;--awb-content-font-style:normal;--awb-content-font-weight:400;\"><div class=\"panel-group fusion-toggle-icon-boxed\" id=\"accordion-25726-2\"><div class=\"fusion-panel panel-default panel-c59e51410dbf45b76 fusion-toggle-has-divider\" style=\"--awb-title-color:#000000;--awb-content-color:#000000;\"><div class=\"panel-heading\"><h4 class=\"panel-title toggle\" id=\"toggle_c59e51410dbf45b76\"><a aria-expanded=\"false\" aria-controls=\"c59e51410dbf45b76\" role=\"button\" data-toggle=\"collapse\" data-parent=\"#accordion-25726-2\" data-target=\"#c59e51410dbf45b76\" href=\"#c59e51410dbf45b76\"><span class=\"fusion-toggle-icon-wrapper\" aria-hidden=\"true\"><i class=\"fa-fusion-box active-icon awb-icon-minus\" aria-hidden=\"true\"><\/i><i class=\"fa-fusion-box inactive-icon awb-icon-plus\" aria-hidden=\"true\"><\/i><\/span><span class=\"fusion-toggle-heading\">Refereed Conference Presentations<\/span><\/a><\/h4><\/div><div id=\"c59e51410dbf45b76\" class=\"panel-collapse collapse \" aria-labelledby=\"toggle_c59e51410dbf45b76\"><div class=\"panel-body toggle-content fusion-clearfix\">\n<ul>\n<li>Gemeinsam f\u00fcr ges\u00fcndere und gerechte St\u00e4dte \u2013 InnovationsCommunity Urban Health (Conrad, Kerstin; u.a. gemeinsam mit Scheunert, Pauline*). Vortrag auf der 9. Community Health Konferenz des Fachbereichs Gesundheitswissenschaften der Hochschule Bochum, 21.11.2025, Bochum.<\/li>\n<\/ul>\n<ul>\n<li>Urban potential for physical activity: Construction of a small-scale index. Vortrag auf dem 62. Deutschen Kongress f\u00fcr Geographie 2023, 21.09.2023, Frankfurt am Main.<\/li>\n<\/ul>\n<\/div><\/div><\/div><div class=\"fusion-panel panel-default panel-7f0569b8ee4f84546 fusion-toggle-has-divider\" style=\"--awb-title-color:#000000;--awb-content-color:#000000;\"><div class=\"panel-heading\"><h4 class=\"panel-title toggle\" id=\"toggle_7f0569b8ee4f84546\"><a aria-expanded=\"false\" aria-controls=\"7f0569b8ee4f84546\" role=\"button\" data-toggle=\"collapse\" data-parent=\"#accordion-25726-2\" data-target=\"#7f0569b8ee4f84546\" href=\"#7f0569b8ee4f84546\"><span class=\"fusion-toggle-icon-wrapper\" aria-hidden=\"true\"><i class=\"fa-fusion-box active-icon awb-icon-minus\" aria-hidden=\"true\"><\/i><i class=\"fa-fusion-box inactive-icon awb-icon-plus\" aria-hidden=\"true\"><\/i><\/span><span class=\"fusion-toggle-heading\">Additional Presentations<\/span><\/a><\/h4><\/div><div id=\"7f0569b8ee4f84546\" class=\"panel-collapse collapse \" aria-labelledby=\"toggle_7f0569b8ee4f84546\"><div class=\"panel-body toggle-content fusion-clearfix\">\n<ul>\n<li>Gleichwertige Lebensverh\u00e4ltnisse im Land \u2013 Analysen zur Raumstruktur und Erreichbarkeit. Vortrag auf dem Forum Raumentwicklung Baden-W\u00fcrttemberg des MLW BW \u2013 Ministerium f\u00fcr Landesentwicklung und Wohnen des Landes Baden-W\u00fcrttemberg, 08.12.2025, Stuttgart.<\/li>\n<\/ul>\n<\/div><\/div><\/div><\/div><\/div><\/div><\/div><\/div><\/div>\n","protected":false},"excerpt":{"rendered":"","protected":false},"author":14,"featured_media":29962,"parent":452,"menu_order":0,"comment_status":"closed","ping_status":"closed","template":"","meta":{"footnotes":""},"class_list":["post-25726","page","type-page","status-publish","has-post-thumbnail","hentry"],"yoast_head":"<!-- This site is optimized with the Yoast SEO plugin v27.1.1 - https:\/\/yoast.com\/product\/yoast-seo-wordpress\/ -->\n<title>Pauline Scheunert, M.Sc. Spatial Planning - ILS - Institut f\u00fcr Landes- und Stadtentwicklungsforschung<\/title>\n<meta name=\"robots\" content=\"index, follow, max-snippet:-1, max-image-preview:large, max-video-preview:-1\" \/>\n<link rel=\"canonical\" href=\"https:\/\/www.ils-forschung.de\/en\/the-ils\/ils-staff\/scheunert-pauline\/\" \/>\n<meta property=\"og:locale\" content=\"en_US\" \/>\n<meta property=\"og:type\" content=\"article\" \/>\n<meta property=\"og:title\" content=\"Pauline Scheunert, M.Sc. Spatial Planning - ILS - Institut f\u00fcr Landes- und Stadtentwicklungsforschung\" \/>\n<meta property=\"og:url\" content=\"https:\/\/www.ils-forschung.de\/en\/the-ils\/ils-staff\/scheunert-pauline\/\" \/>\n<meta property=\"og:site_name\" content=\"ILS - Institut f\u00fcr Landes- und Stadtentwicklungsforschung\" \/>\n<meta property=\"article:modified_time\" content=\"2026-02-25T08:07:46+00:00\" \/>\n<meta name=\"twitter:card\" content=\"summary_large_image\" \/>\n<meta name=\"twitter:site\" content=\"@ILS_forschung\" \/>\n<meta name=\"twitter:label1\" content=\"Est. reading time\" \/>\n\t<meta name=\"twitter:data1\" content=\"2 minutes\" \/>\n<script type=\"application\/ld+json\" class=\"yoast-schema-graph\">{\"@context\":\"https:\/\/schema.org\",\"@graph\":[{\"@type\":\"WebPage\",\"@id\":\"https:\/\/www.ils-forschung.de\/en\/the-ils\/ils-staff\/scheunert-pauline\/\",\"url\":\"https:\/\/www.ils-forschung.de\/en\/the-ils\/ils-staff\/scheunert-pauline\/\",\"name\":\"Pauline Scheunert, M.Sc. Spatial Planning - ILS - Institut f\u00fcr Landes- und Stadtentwicklungsforschung\",\"isPartOf\":{\"@id\":\"https:\/\/www.ils-forschung.de\/en\/#website\"},\"primaryImageOfPage\":{\"@id\":\"https:\/\/www.ils-forschung.de\/en\/the-ils\/ils-staff\/scheunert-pauline\/#primaryimage\"},\"image\":{\"@id\":\"https:\/\/www.ils-forschung.de\/en\/the-ils\/ils-staff\/scheunert-pauline\/#primaryimage\"},\"thumbnailUrl\":\"https:\/\/www.ils-forschung.de\/wp-content\/uploads\/2023\/04\/ils-social-share-logo.jpg\",\"datePublished\":\"2022-10-24T11:22:49+00:00\",\"dateModified\":\"2026-02-25T08:07:46+00:00\",\"breadcrumb\":{\"@id\":\"https:\/\/www.ils-forschung.de\/en\/the-ils\/ils-staff\/scheunert-pauline\/#breadcrumb\"},\"inLanguage\":\"en-US\",\"potentialAction\":[{\"@type\":\"ReadAction\",\"target\":[\"https:\/\/www.ils-forschung.de\/en\/the-ils\/ils-staff\/scheunert-pauline\/\"]}]},{\"@type\":\"ImageObject\",\"inLanguage\":\"en-US\",\"@id\":\"https:\/\/www.ils-forschung.de\/en\/the-ils\/ils-staff\/scheunert-pauline\/#primaryimage\",\"url\":\"https:\/\/www.ils-forschung.de\/wp-content\/uploads\/2023\/04\/ils-social-share-logo.jpg\",\"contentUrl\":\"https:\/\/www.ils-forschung.de\/wp-content\/uploads\/2023\/04\/ils-social-share-logo.jpg\",\"width\":1200,\"height\":630},{\"@type\":\"BreadcrumbList\",\"@id\":\"https:\/\/www.ils-forschung.de\/en\/the-ils\/ils-staff\/scheunert-pauline\/#breadcrumb\",\"itemListElement\":[{\"@type\":\"ListItem\",\"position\":1,\"name\":\"Home\",\"item\":\"https:\/\/www.ils-forschung.de\/en\/\"},{\"@type\":\"ListItem\",\"position\":2,\"name\":\"The ILS\",\"item\":\"https:\/\/www.ils-forschung.de\/en\/the-ils\/\"},{\"@type\":\"ListItem\",\"position\":3,\"name\":\"ILS staff\",\"item\":\"https:\/\/www.ils-forschung.de\/en\/the-ils\/ils-staff\/\"},{\"@type\":\"ListItem\",\"position\":4,\"name\":\"Pauline Scheunert, M.Sc. Spatial Planning\"}]},{\"@type\":\"WebSite\",\"@id\":\"https:\/\/www.ils-forschung.de\/en\/#website\",\"url\":\"https:\/\/www.ils-forschung.de\/en\/\",\"name\":\"ILS - Institut f\u00fcr Landes- und Stadtentwicklungsforschung\",\"description\":\"Das ILS \u2013 Institut f\u00fcr Landes- und Stadtentwicklungsforschung ist ein raumwissenschaftliches au\u00dferuniversit\u00e4res Forschungsinstitut mit Sitz in Dortmund.\",\"potentialAction\":[{\"@type\":\"SearchAction\",\"target\":{\"@type\":\"EntryPoint\",\"urlTemplate\":\"https:\/\/www.ils-forschung.de\/en\/?s={search_term_string}\"},\"query-input\":{\"@type\":\"PropertyValueSpecification\",\"valueRequired\":true,\"valueName\":\"search_term_string\"}}],\"inLanguage\":\"en-US\"}]}<\/script>\n<!-- \/ Yoast SEO plugin. -->","yoast_head_json":{"title":"Pauline Scheunert, M.Sc. Spatial Planning - ILS - Institut f\u00fcr Landes- und Stadtentwicklungsforschung","robots":{"index":"index","follow":"follow","max-snippet":"max-snippet:-1","max-image-preview":"max-image-preview:large","max-video-preview":"max-video-preview:-1"},"canonical":"https:\/\/www.ils-forschung.de\/en\/the-ils\/ils-staff\/scheunert-pauline\/","og_locale":"en_US","og_type":"article","og_title":"Pauline Scheunert, M.Sc. Spatial Planning - ILS - Institut f\u00fcr Landes- und Stadtentwicklungsforschung","og_url":"https:\/\/www.ils-forschung.de\/en\/the-ils\/ils-staff\/scheunert-pauline\/","og_site_name":"ILS - Institut f\u00fcr Landes- und Stadtentwicklungsforschung","article_modified_time":"2026-02-25T08:07:46+00:00","twitter_card":"summary_large_image","twitter_site":"@ILS_forschung","twitter_misc":{"Est. reading time":"2 minutes"},"schema":{"@context":"https:\/\/schema.org","@graph":[{"@type":"WebPage","@id":"https:\/\/www.ils-forschung.de\/en\/the-ils\/ils-staff\/scheunert-pauline\/","url":"https:\/\/www.ils-forschung.de\/en\/the-ils\/ils-staff\/scheunert-pauline\/","name":"Pauline Scheunert, M.Sc. Spatial Planning - ILS - Institut f\u00fcr Landes- und Stadtentwicklungsforschung","isPartOf":{"@id":"https:\/\/www.ils-forschung.de\/en\/#website"},"primaryImageOfPage":{"@id":"https:\/\/www.ils-forschung.de\/en\/the-ils\/ils-staff\/scheunert-pauline\/#primaryimage"},"image":{"@id":"https:\/\/www.ils-forschung.de\/en\/the-ils\/ils-staff\/scheunert-pauline\/#primaryimage"},"thumbnailUrl":"https:\/\/www.ils-forschung.de\/wp-content\/uploads\/2023\/04\/ils-social-share-logo.jpg","datePublished":"2022-10-24T11:22:49+00:00","dateModified":"2026-02-25T08:07:46+00:00","breadcrumb":{"@id":"https:\/\/www.ils-forschung.de\/en\/the-ils\/ils-staff\/scheunert-pauline\/#breadcrumb"},"inLanguage":"en-US","potentialAction":[{"@type":"ReadAction","target":["https:\/\/www.ils-forschung.de\/en\/the-ils\/ils-staff\/scheunert-pauline\/"]}]},{"@type":"ImageObject","inLanguage":"en-US","@id":"https:\/\/www.ils-forschung.de\/en\/the-ils\/ils-staff\/scheunert-pauline\/#primaryimage","url":"https:\/\/www.ils-forschung.de\/wp-content\/uploads\/2023\/04\/ils-social-share-logo.jpg","contentUrl":"https:\/\/www.ils-forschung.de\/wp-content\/uploads\/2023\/04\/ils-social-share-logo.jpg","width":1200,"height":630},{"@type":"BreadcrumbList","@id":"https:\/\/www.ils-forschung.de\/en\/the-ils\/ils-staff\/scheunert-pauline\/#breadcrumb","itemListElement":[{"@type":"ListItem","position":1,"name":"Home","item":"https:\/\/www.ils-forschung.de\/en\/"},{"@type":"ListItem","position":2,"name":"The ILS","item":"https:\/\/www.ils-forschung.de\/en\/the-ils\/"},{"@type":"ListItem","position":3,"name":"ILS staff","item":"https:\/\/www.ils-forschung.de\/en\/the-ils\/ils-staff\/"},{"@type":"ListItem","position":4,"name":"Pauline Scheunert, M.Sc. Spatial Planning"}]},{"@type":"WebSite","@id":"https:\/\/www.ils-forschung.de\/en\/#website","url":"https:\/\/www.ils-forschung.de\/en\/","name":"ILS - Institut f\u00fcr Landes- und Stadtentwicklungsforschung","description":"Das ILS \u2013 Institut f\u00fcr Landes- und Stadtentwicklungsforschung ist ein raumwissenschaftliches au\u00dferuniversit\u00e4res Forschungsinstitut mit Sitz in Dortmund.","potentialAction":[{"@type":"SearchAction","target":{"@type":"EntryPoint","urlTemplate":"https:\/\/www.ils-forschung.de\/en\/?s={search_term_string}"},"query-input":{"@type":"PropertyValueSpecification","valueRequired":true,"valueName":"search_term_string"}}],"inLanguage":"en-US"}]}},"_links":{"self":[{"href":"https:\/\/www.ils-forschung.de\/en\/wp-json\/wp\/v2\/pages\/25726","targetHints":{"allow":["GET"]}}],"collection":[{"href":"https:\/\/www.ils-forschung.de\/en\/wp-json\/wp\/v2\/pages"}],"about":[{"href":"https:\/\/www.ils-forschung.de\/en\/wp-json\/wp\/v2\/types\/page"}],"author":[{"embeddable":true,"href":"https:\/\/www.ils-forschung.de\/en\/wp-json\/wp\/v2\/users\/14"}],"replies":[{"embeddable":true,"href":"https:\/\/www.ils-forschung.de\/en\/wp-json\/wp\/v2\/comments?post=25726"}],"version-history":[{"count":10,"href":"https:\/\/www.ils-forschung.de\/en\/wp-json\/wp\/v2\/pages\/25726\/revisions"}],"predecessor-version":[{"id":55963,"href":"https:\/\/www.ils-forschung.de\/en\/wp-json\/wp\/v2\/pages\/25726\/revisions\/55963"}],"up":[{"embeddable":true,"href":"https:\/\/www.ils-forschung.de\/en\/wp-json\/wp\/v2\/pages\/452"}],"wp:featuredmedia":[{"embeddable":true,"href":"https:\/\/www.ils-forschung.de\/en\/wp-json\/wp\/v2\/media\/29962"}],"wp:attachment":[{"href":"https:\/\/www.ils-forschung.de\/en\/wp-json\/wp\/v2\/media?parent=25726"}],"curies":[{"name":"wp","href":"https:\/\/api.w.org\/{rel}","templated":true}]}}