{"id":23779,"date":"2022-07-21T09:24:24","date_gmt":"2022-07-21T07:24:24","guid":{"rendered":"https:\/\/www.ils-forschung.de\/wohnen-macht-stadt\/"},"modified":"2026-04-08T09:12:35","modified_gmt":"2026-04-08T07:12:35","slug":"wohnenmachtstadt","status":"publish","type":"page","link":"https:\/\/www.ils-forschung.de\/en\/knowledge-transfer\/wohnenmachtstadt\/","title":{"rendered":"Wohnen macht Stadt"},"content":{"rendered":"<div class=\"fusion-fullwidth fullwidth-box fusion-builder-row-1 fusion-flex-container has-pattern-background has-mask-background nonhundred-percent-fullwidth non-hundred-percent-height-scrolling\" style=\"--awb-border-radius-top-left:0px;--awb-border-radius-top-right:0px;--awb-border-radius-bottom-right:0px;--awb-border-radius-bottom-left:0px;--awb-flex-wrap:wrap;\" ><div class=\"fusion-builder-row fusion-row fusion-flex-align-items-flex-start fusion-flex-content-wrap\" style=\"max-width:1144px;margin-left: calc(-4% \/ 2 );margin-right: calc(-4% \/ 2 );\"><div class=\"fusion-layout-column fusion_builder_column fusion-builder-column-0 fusion_builder_column_1_1 1_1 fusion-flex-column\" style=\"--awb-bg-size:cover;--awb-width-large:100%;--awb-margin-top-large:0px;--awb-spacing-right-large:1.92%;--awb-margin-bottom-large:20px;--awb-spacing-left-large:1.92%;--awb-width-medium:100%;--awb-order-medium:0;--awb-spacing-right-medium:1.92%;--awb-spacing-left-medium:1.92%;--awb-width-small:100%;--awb-order-small:0;--awb-spacing-right-small:1.92%;--awb-spacing-left-small:1.92%;\"><div class=\"fusion-column-wrapper fusion-column-has-shadow fusion-flex-justify-content-flex-start fusion-content-layout-column\"><div class=\"fusion-image-element \" style=\"--awb-caption-title-font-family:var(--h2_typography-font-family);--awb-caption-title-font-weight:var(--h2_typography-font-weight);--awb-caption-title-font-style:var(--h2_typography-font-style);--awb-caption-title-size:var(--h2_typography-font-size);--awb-caption-title-transform:var(--h2_typography-text-transform);--awb-caption-title-line-height:var(--h2_typography-line-height);--awb-caption-title-letter-spacing:var(--h2_typography-letter-spacing);\"><span class=\" fusion-imageframe imageframe-none imageframe-1 hover-type-none\"><img decoding=\"async\" width=\"1200\" height=\"364\" title=\"ils-dortmund-16-copyright-jrf-alex-muchnik\" src=\"https:\/\/www.ils-forschung.de\/wp-content\/uploads\/2022\/07\/ils-dortmund-16-copyright-jrf-alex-muchnik.jpg\" alt class=\"img-responsive wp-image-23774\" srcset=\"https:\/\/www.ils-forschung.de\/wp-content\/uploads\/2022\/07\/ils-dortmund-16-copyright-jrf-alex-muchnik-200x61.jpg 200w, https:\/\/www.ils-forschung.de\/wp-content\/uploads\/2022\/07\/ils-dortmund-16-copyright-jrf-alex-muchnik-400x121.jpg 400w, https:\/\/www.ils-forschung.de\/wp-content\/uploads\/2022\/07\/ils-dortmund-16-copyright-jrf-alex-muchnik-600x182.jpg 600w, https:\/\/www.ils-forschung.de\/wp-content\/uploads\/2022\/07\/ils-dortmund-16-copyright-jrf-alex-muchnik-800x243.jpg 800w, https:\/\/www.ils-forschung.de\/wp-content\/uploads\/2022\/07\/ils-dortmund-16-copyright-jrf-alex-muchnik.jpg 1200w\" sizes=\"(max-width: 1125px) 100vw, (max-width: 765px) 100vw, 1200px\" \/><\/span><\/div><div class=\"fusion-text fusion-text-1\"><p><span style=\"font-size: 10px; float: right;\">\u00a9 JRF Alex Muchnik<\/span><\/p>\n<\/div><div class=\"fusion-separator fusion-full-width-sep\" style=\"align-self: center;margin-left: auto;margin-right: auto;margin-top:10px;margin-bottom:10px;width:100%;\"><\/div><div class=\"fusion-text fusion-text-2\"><p>Die Veranstaltungsreihe in Kooperation mit dem Ministerium f\u00fcr Heimat, Kommunales, Bau und Digitalisierung des Landes NRW stellt die Frage, wie sich zukunftsfeste Quartiere gemeinsam \u2013 im Rahmen einer integrierten Stadt- und Quartiersentwicklung \u2013 schaffen und erneuern lassen. Dabei stehen die Zusammenf\u00fchrung und Verkn\u00fcpfung unterschiedlicher Fachperspektiven im Mittelpunkt. Es geht darum, die (st\u00e4dte-)bauliche Struktur, Fragen der behutsamen Quartierserneuerung, die Infrastrukturausstattung, die Gr\u00fcn- und Freiraumplanung, Verkehr und Mobilit\u00e4t sowie die Wohnungsangebote im Rahmen einer integrierten Planung aufeinander abzustimmen. Diese integrierte Planung erfordert eine gute Zusammenarbeit und Vernetzung der unterschiedlichen Akteure (Stadtplanung, Architektur, Wohnungswirtschaft usw.), um das gegenseitige Verst\u00e4ndnis und Zusammenwirken zu f\u00f6rdern. Das betrifft sowohl die Ziele und die konkrete Projektumsetzung bei St\u00e4dte- und Wohnbauvorhaben, die Anwendung und B\u00fcndelung der verschiedenen st\u00e4dtebaulichen und wohnungswirtschaftlichen F\u00f6rderprogramme als auch konzeptionelle Instrumente, wie integrierte Stadtentwicklungs- und Wohnraumstandortkonzepte.<\/p>\n<p>Das Fachforum \u201eWohnen macht Stadt\u201c unterst\u00fctzt den Dialog und den Erfahrungsaustausch von Akteuren aus den Bereichen Stadtentwicklung und Wohnungspolitik bzw. -wirtschaft. Es werden regelm\u00e4\u00dfig zu verschiedenen Themen unterschiedliche Aspekte und Erfahrungen dieser Zusammenarbeit anhand von Beispielen aus der Praxis diskutiert.<\/p>\n<\/div><div class=\"fusion-separator fusion-full-width-sep\" style=\"align-self: center;margin-left: auto;margin-right: auto;margin-top:20px;margin-bottom:20px;width:100%;\"><\/div><div class=\"fusion-title title fusion-title-1 fusion-sep-none fusion-title-text fusion-title-size-two\" style=\"--awb-margin-bottom:0px;\"><h2 class=\"fusion-title-heading title-heading-left fusion-responsive-typography-calculated\" style=\"margin:0;--fontSize:28;line-height:1.5;\">N\u00e4chstes Fachforum<\/h2><\/div><div class=\"fusion-text fusion-text-3\"><ul>\n<li><a href=\"https:\/\/www.ils-forschung.de\/2026\/02\/wohnen-macht-stadt-zukunft-grosser-siedlungen\/\">\u201eWohnen macht Stadt \u2013 Zukunft gro\u00dfer Siedlungen: St\u00e4dtebauliche und wohnungswirtschaftliche Herausforderungen im Bestand\u201c<\/a> am 20. Mai 2026. Die Anmeldung ist bereits m\u00f6glich.<\/li>\n<\/ul>\n<\/div><div class=\"fusion-separator fusion-full-width-sep\" style=\"align-self: center;margin-left: auto;margin-right: auto;margin-top:20px;margin-bottom:20px;width:100%;\"><\/div><div class=\"fusion-title title fusion-title-2 fusion-sep-none fusion-title-text fusion-title-size-two\" style=\"--awb-margin-bottom:0px;\"><h2 class=\"fusion-title-heading title-heading-left fusion-responsive-typography-calculated\" style=\"margin:0;--fontSize:28;line-height:1.5;\">Bisherige Fachforen<\/h2><\/div><div class=\"fusion-text fusion-text-4\"><ul>\n<li>\u201e<a href=\"https:\/\/www.ils-forschung.de\/2025\/10\/wohnen-macht-stadt-neues-wohnen-in-zentren\/\">Wohnen macht Stadt \u2013 Neues Wohnen in Zentren<\/a>\u201c am 11. Dezember 2025.<\/li>\n<li>\u201e<a href=\"https:\/\/www.ils-forschung.de\/2025\/03\/wohnen-macht-stadt-kooperative-brachflaechenentwicklung-fuer-das-quartier\/\">Wohnen macht Stadt &#8211; Kooperative Brachfl\u00e4chenentwicklung f\u00fcr das Quartier<\/a>\u201c am 1. Juli 2025<\/li>\n<li>\u201e<a href=\"https:\/\/www.ils-forschung.de\/2024\/09\/wohnen-macht-stadt-kooperative-wohn-und-quartiersprojekte-nachbarschaft-gemeinschaftlich-gestalten\/\">Wohnen macht Stadt \u2013 Kooperative Wohn- und Quartiersprojekte. Nachbarschaft gemeinschaftlich gestalten<\/a>\u201c am 5. Dezember 2024<\/li>\n<li>\u201e<a href=\"https:\/\/www.ils-forschung.de\/2024\/02\/wohnen-macht-stadt-inklusive-und-integrierte-quartiere\/\">Wohnen macht Stadt \u2013 Inklusive und integrierte Quartiere<\/a>\u201c am 11. Juni 2024<\/li>\n<li>\u201e<a href=\"https:\/\/www.ils-forschung.de\/2023\/10\/wohnen-macht-stadt-mobile-quartiere\/\">Wohnen macht Stadt \u2013 Mobile Quartiere<\/a>\u201c am 14. Dezember 2023<\/li>\n<li>\u201e<a href=\"https:\/\/www.ils-forschung.de\/2023\/04\/wohnen-macht-stadt-grosswohnsiedlungen-nachhaltig-erneuern\/\">Wohnen macht Stadt \u2013 Gro\u00dfwohnsiedlungen nachhaltig erneuern<\/a>\u201c am 1. Juni 2023<\/li>\n<li>\u201e<a href=\"https:\/\/www.ils-forschung.de\/2022\/10\/wohnen-macht-stadt-nachhaltige-quartiersentwicklung-klimagerecht-und-bezahlbar\/\">Wohnen macht Stadt \u2013 Nachhaltige Quartiersentwicklung: klimagerecht und bezahlbar<\/a>\u201c am 1. Dezember 2022<\/li>\n<li>\u201e<a href=\"https:\/\/www.ils-forschung.de\/2022\/04\/save-the-date-wohnen-macht-stadt-gemeinsam-nachbarschaft-schaffen\/\">Wohnen macht Stadt \u2013 Gemeinsam Nachbarschaft schaffen<\/a>\u201c am 23. Juni 2022<\/li>\n<li>\u201e<a href=\"https:\/\/www.ils-forschung.de\/2021\/10\/wohnen-macht-stadt-wohnungswirtschaft-und-integrierte-stadterneuerung\/\">Wohnen macht Stadt \u2013 Wohnungswirtschaft und integrierte Stadterneuerung<\/a>\u201c am 24. November 2021<\/li>\n<\/ul>\n<\/div><div class=\"fusion-separator fusion-full-width-sep\" style=\"align-self: center;margin-left: auto;margin-right: auto;margin-top:20px;margin-bottom:20px;width:100%;\"><\/div><div class=\"fusion-title title fusion-title-3 fusion-sep-none fusion-title-text fusion-title-size-two\"><h2 class=\"fusion-title-heading title-heading-left fusion-responsive-typography-calculated\" style=\"margin:0;--fontSize:28;line-height:1.5;\">Veranstalter<\/h2><\/div><div class=\"fusion-text fusion-text-5\"><p>ILS \u2013 Institut f\u00fcr Landes- und Stadtentwicklungsforschung<br \/>\nDas Fachforum findet in Kooperation mit dem Ministerium f\u00fcr Heimat, Kommunales, Bau und Digitalisierung des Landes Nordrhein-Westfalen statt.<\/p>\n<\/div><div class=\"fusion-separator fusion-full-width-sep\" style=\"align-self: center;margin-left: auto;margin-right: auto;margin-top:20px;margin-bottom:20px;width:100%;\"><\/div><div class=\"fusion-title title fusion-title-4 fusion-sep-none fusion-title-text fusion-title-size-two\"><h2 class=\"fusion-title-heading title-heading-left fusion-responsive-typography-calculated\" style=\"margin:0;--fontSize:28;line-height:1.5;\">E-Mail-Verteiler<\/h2><\/div><div class=\"fusion-text fusion-text-6\"><p>Wir informieren Sie gerne \u00fcber neue Termine des Fachforums. Tragen Sie sich dazu in unseren E-Mail-Verteiler \u201eWohnen macht Stadt\u201c ein.<\/p>\n\n\t\t\t<form id=\"sib_signup_form_3\" method=\"post\" class=\"sib_signup_form\">\n\t\t\t\t<div class=\"sib_loader\" style=\"display:none;\"><img\n\t\t\t\t\t\t\tsrc=\"https:\/\/www.ils-forschung.de\/wp-includes\/images\/spinner.gif\" alt=\"loader\"><\/div>\n\t\t\t\t<input type=\"hidden\" name=\"sib_form_action\" value=\"subscribe_form_submit\">\n\t\t\t\t<input type=\"hidden\" name=\"sib_form_id\" value=\"3\">\n                <input type=\"hidden\" name=\"sib_form_alert_notice\" value=\"Dies ist ein Pflichtfeld.\">\n                <input type=\"hidden\" name=\"sib_form_invalid_email_notice\" value=\"Ihre E-Mail-Adresse ist ung\u00fcltig.\">\n                <input type=\"hidden\" name=\"sib_security\" value=\"0bf6d206b0\">\n\t\t\t\t<div class=\"sib_signup_box_inside_3\">\n\t\t\t\t\t<div style=\"\/*display:none*\/\" class=\"sib_msg_disp\">\n\t\t\t\t\t<\/div>\n                    \t\t\t\t\t<p class=\"sib-email-area\">\r\n    <label class=\"sib-email-area\">E-Mail Adresse*<\/label>\r\n    <input type=\"email\" class=\"sib-email-area\" name=\"email\" required=\"required\">\r\n<\/p>\r\n<p class=\"sib-VORNAME-area\"> \r\n    <label class=\"sib-VORNAME-area\">Vorname*<\/label> \r\n    <input type=\"text\" class=\"sib-VORNAME-area\" name=\"VORNAME\" required=\"required\"> \r\n<\/p>\r\n\r\n<p class=\"sib-NAME-area\">\r\n    <label class=\"sib-NACHNAME-area\">Nachname*<\/label>\r\n    <input type=\"text\" class=\"sib-NACHNAME-area\" name=\"NACHNAME\" required=\"required\">\r\n<\/p>\r\n<p>Ihre E-Mail-Adresse wird nur verwendet, um Ihnen Veranstaltungshinweise zum Fachforum \u201eWohnen macht Stadt\u201c zuzusenden. Sie erhalten nach Ihrer Eintragung einen Link, den Sie best\u00e4tigen m\u00fcssen. Sie k\u00f6nnen sich jederzeit wieder abmelden.<\/p>\r\n<p>(* Pflichtfelder)\r\n<p>\r\n    <input type=\"submit\" class=\"sib-default-btn\" value=\"Anmelden\">\r\n<\/p>\t\t\t\t<\/div>\n\t\t\t<\/form>\n\t\t\t<style>\n\t\t\t\tform#sib_signup_form_3 { padding: 5px; -moz-box-sizing:border-box; -webkit-box-sizing: border-box; box-sizing: border-box; } form#sib_signup_form_3 input[type=text],form#sib_signup_form_3 input[type=email], form#sib_signup_form_3 select { width: 100%; border: 1px solid #d2d2e1; height: auto; margin: 5px 0 0 0; padding: 8px; } form#sib_signup_form_3 .sib-default-btn { margin: 5px 0; padding: 10px 20px; color:#fff; background-color: #ed6e0b; border-color: none; font-size: 16px; font-weight:400; line-height: 1.4285; text-align: center; cursor: pointer; vertical-align: middle; -webkit-user-select:none; -moz-user-select:none; -ms-user-select:none; user-select:none; white-space: normal; border:1px solid transparent; border-radius: 0px; } form#sib_signup_form_3 .sib-default-btn:hover { background-color: #ed6e0b; } form#sib_signup_form_3 p{ margin: 10px 0 0 0; }form#sib_signup_form_3 p.sib-alert-message {\n    padding: 6px 12px;\n    margin-bottom: 20px;\n    border: 1px solid transparent;\n    border-radius: 4px;\n    -webkit-box-sizing: border-box;\n    -moz-box-sizing: border-box;\n    box-sizing: border-box;\n}\nform#sib_signup_form_3 p.sib-alert-message-error {\n    background-color: #f2dede;\n    border-color: #ebccd1;\n    color: #a94442;\n}\nform#sib_signup_form_3 p.sib-alert-message-success {\n    background-color: #dff0d8;\n    border-color: #d6e9c6;\n    color: #3c763d;\n}\nform#sib_signup_form_3 p.sib-alert-message-warning {\n    background-color: #fcf8e3;\n    border-color: #faebcc;\n    color: #8a6d3b;\n}\n\t\t\t<\/style>\n\t\t\t\n<\/div><div class=\"fusion-separator fusion-full-width-sep\" style=\"align-self: center;margin-left: auto;margin-right: auto;margin-top:20px;margin-bottom:20px;width:100%;\"><\/div><div class=\"fusion-title title fusion-title-5 fusion-sep-none fusion-title-text fusion-title-size-two\"><h2 class=\"fusion-title-heading title-heading-left fusion-responsive-typography-calculated\" style=\"margin:0;--fontSize:28;line-height:1.5;\">Kontakt<\/h2><\/div><div class=\"fusion-text fusion-text-7\"><p><a href=\"https:\/\/www.ils-forschung.de\/das-ils\/beschaeftigte\/zimmer-hegmann-ralf\/\">Ralf Zimmer-Hegmann<\/a><br \/>\nTelefon: + 49 (0) 231 9051-100<br \/>\nE-Mail: <a href=\"mailto:ralf.zimmer-hegmann@ils-forschung.de\">ralf.zimmer-hegmann@ils-forschung.de<\/a><\/p>\n<p><a href=\"https:\/\/www.ils-forschung.de\/das-ils\/beschaeftigte\/gruber-martin\/\">Martin Gruber<\/a><br \/>\nTelefon: + 49 (0) 231 9051-147<br \/>\nE-Mail: <a href=\"mailto:martin.gruber@ils-forschung.de\">martin.gruber@ils-forschung.de<\/a><\/p>\n<\/div><\/div><\/div><\/div><\/div>\n","protected":false},"excerpt":{"rendered":"","protected":false},"author":14,"featured_media":29963,"parent":476,"menu_order":0,"comment_status":"closed","ping_status":"closed","template":"","meta":{"footnotes":""},"class_list":["post-23779","page","type-page","status-publish","has-post-thumbnail","hentry"],"yoast_head":"<!-- This site is optimized with the Yoast SEO plugin v27.1.1 - https:\/\/yoast.com\/product\/yoast-seo-wordpress\/ -->\n<title>Wohnen macht Stadt - ILS - Institut f\u00fcr Landes- und Stadtentwicklungsforschung<\/title>\n<meta name=\"robots\" content=\"index, follow, max-snippet:-1, max-image-preview:large, max-video-preview:-1\" \/>\n<link rel=\"canonical\" href=\"https:\/\/www.ils-forschung.de\/en\/knowledge-transfer\/wohnenmachtstadt\/\" \/>\n<meta property=\"og:locale\" content=\"en_US\" \/>\n<meta property=\"og:type\" content=\"article\" \/>\n<meta property=\"og:title\" content=\"Wohnen macht Stadt - ILS - Institut f\u00fcr Landes- und Stadtentwicklungsforschung\" \/>\n<meta property=\"og:url\" content=\"https:\/\/www.ils-forschung.de\/en\/knowledge-transfer\/wohnenmachtstadt\/\" \/>\n<meta property=\"og:site_name\" content=\"ILS - Institut f\u00fcr Landes- und Stadtentwicklungsforschung\" \/>\n<meta property=\"article:modified_time\" content=\"2026-04-08T07:12:35+00:00\" \/>\n<meta property=\"og:image\" content=\"https:\/\/www.ils-forschung.de\/wp-content\/uploads\/2023\/04\/ils-social-share-logo.jpg\" \/>\n\t<meta property=\"og:image:width\" content=\"1200\" \/>\n\t<meta property=\"og:image:height\" content=\"630\" \/>\n\t<meta property=\"og:image:type\" content=\"image\/jpeg\" \/>\n<meta name=\"twitter:card\" content=\"summary_large_image\" \/>\n<meta name=\"twitter:site\" content=\"@ILS_forschung\" \/>\n<meta name=\"twitter:label1\" content=\"Est. reading time\" \/>\n\t<meta name=\"twitter:data1\" content=\"3 minutes\" \/>\n<script type=\"application\/ld+json\" class=\"yoast-schema-graph\">{\"@context\":\"https:\/\/schema.org\",\"@graph\":[{\"@type\":\"WebPage\",\"@id\":\"https:\/\/www.ils-forschung.de\/en\/knowledge-transfer\/wohnenmachtstadt\/\",\"url\":\"https:\/\/www.ils-forschung.de\/en\/knowledge-transfer\/wohnenmachtstadt\/\",\"name\":\"Wohnen macht Stadt - ILS - Institut f\u00fcr Landes- und Stadtentwicklungsforschung\",\"isPartOf\":{\"@id\":\"https:\/\/www.ils-forschung.de\/en\/#website\"},\"primaryImageOfPage\":{\"@id\":\"https:\/\/www.ils-forschung.de\/en\/knowledge-transfer\/wohnenmachtstadt\/#primaryimage\"},\"image\":{\"@id\":\"https:\/\/www.ils-forschung.de\/en\/knowledge-transfer\/wohnenmachtstadt\/#primaryimage\"},\"thumbnailUrl\":\"https:\/\/www.ils-forschung.de\/wp-content\/uploads\/2023\/04\/ils-social-share-logo.jpg\",\"datePublished\":\"2022-07-21T07:24:24+00:00\",\"dateModified\":\"2026-04-08T07:12:35+00:00\",\"breadcrumb\":{\"@id\":\"https:\/\/www.ils-forschung.de\/en\/knowledge-transfer\/wohnenmachtstadt\/#breadcrumb\"},\"inLanguage\":\"en-US\",\"potentialAction\":[{\"@type\":\"ReadAction\",\"target\":[\"https:\/\/www.ils-forschung.de\/en\/knowledge-transfer\/wohnenmachtstadt\/\"]}]},{\"@type\":\"ImageObject\",\"inLanguage\":\"en-US\",\"@id\":\"https:\/\/www.ils-forschung.de\/en\/knowledge-transfer\/wohnenmachtstadt\/#primaryimage\",\"url\":\"https:\/\/www.ils-forschung.de\/wp-content\/uploads\/2023\/04\/ils-social-share-logo.jpg\",\"contentUrl\":\"https:\/\/www.ils-forschung.de\/wp-content\/uploads\/2023\/04\/ils-social-share-logo.jpg\",\"width\":1200,\"height\":630},{\"@type\":\"BreadcrumbList\",\"@id\":\"https:\/\/www.ils-forschung.de\/en\/knowledge-transfer\/wohnenmachtstadt\/#breadcrumb\",\"itemListElement\":[{\"@type\":\"ListItem\",\"position\":1,\"name\":\"Home\",\"item\":\"https:\/\/www.ils-forschung.de\/en\/\"},{\"@type\":\"ListItem\",\"position\":2,\"name\":\"Knowledge transfer\",\"item\":\"https:\/\/www.ils-forschung.de\/en\/knowledge-transfer\/\"},{\"@type\":\"ListItem\",\"position\":3,\"name\":\"Wohnen macht Stadt\"}]},{\"@type\":\"WebSite\",\"@id\":\"https:\/\/www.ils-forschung.de\/en\/#website\",\"url\":\"https:\/\/www.ils-forschung.de\/en\/\",\"name\":\"ILS - Institut f\u00fcr Landes- und Stadtentwicklungsforschung\",\"description\":\"Das ILS \u2013 Institut f\u00fcr Landes- und Stadtentwicklungsforschung ist ein raumwissenschaftliches au\u00dferuniversit\u00e4res Forschungsinstitut mit Sitz in Dortmund.\",\"potentialAction\":[{\"@type\":\"SearchAction\",\"target\":{\"@type\":\"EntryPoint\",\"urlTemplate\":\"https:\/\/www.ils-forschung.de\/en\/?s={search_term_string}\"},\"query-input\":{\"@type\":\"PropertyValueSpecification\",\"valueRequired\":true,\"valueName\":\"search_term_string\"}}],\"inLanguage\":\"en-US\"}]}<\/script>\n<!-- \/ Yoast SEO plugin. -->","yoast_head_json":{"title":"Wohnen macht Stadt - ILS - Institut f\u00fcr Landes- und Stadtentwicklungsforschung","robots":{"index":"index","follow":"follow","max-snippet":"max-snippet:-1","max-image-preview":"max-image-preview:large","max-video-preview":"max-video-preview:-1"},"canonical":"https:\/\/www.ils-forschung.de\/en\/knowledge-transfer\/wohnenmachtstadt\/","og_locale":"en_US","og_type":"article","og_title":"Wohnen macht Stadt - ILS - Institut f\u00fcr Landes- und Stadtentwicklungsforschung","og_url":"https:\/\/www.ils-forschung.de\/en\/knowledge-transfer\/wohnenmachtstadt\/","og_site_name":"ILS - Institut f\u00fcr Landes- und Stadtentwicklungsforschung","article_modified_time":"2026-04-08T07:12:35+00:00","og_image":[{"width":1200,"height":630,"url":"https:\/\/www.ils-forschung.de\/wp-content\/uploads\/2023\/04\/ils-social-share-logo.jpg","type":"image\/jpeg"}],"twitter_card":"summary_large_image","twitter_site":"@ILS_forschung","twitter_misc":{"Est. reading time":"3 minutes"},"schema":{"@context":"https:\/\/schema.org","@graph":[{"@type":"WebPage","@id":"https:\/\/www.ils-forschung.de\/en\/knowledge-transfer\/wohnenmachtstadt\/","url":"https:\/\/www.ils-forschung.de\/en\/knowledge-transfer\/wohnenmachtstadt\/","name":"Wohnen macht Stadt - ILS - Institut f\u00fcr Landes- und Stadtentwicklungsforschung","isPartOf":{"@id":"https:\/\/www.ils-forschung.de\/en\/#website"},"primaryImageOfPage":{"@id":"https:\/\/www.ils-forschung.de\/en\/knowledge-transfer\/wohnenmachtstadt\/#primaryimage"},"image":{"@id":"https:\/\/www.ils-forschung.de\/en\/knowledge-transfer\/wohnenmachtstadt\/#primaryimage"},"thumbnailUrl":"https:\/\/www.ils-forschung.de\/wp-content\/uploads\/2023\/04\/ils-social-share-logo.jpg","datePublished":"2022-07-21T07:24:24+00:00","dateModified":"2026-04-08T07:12:35+00:00","breadcrumb":{"@id":"https:\/\/www.ils-forschung.de\/en\/knowledge-transfer\/wohnenmachtstadt\/#breadcrumb"},"inLanguage":"en-US","potentialAction":[{"@type":"ReadAction","target":["https:\/\/www.ils-forschung.de\/en\/knowledge-transfer\/wohnenmachtstadt\/"]}]},{"@type":"ImageObject","inLanguage":"en-US","@id":"https:\/\/www.ils-forschung.de\/en\/knowledge-transfer\/wohnenmachtstadt\/#primaryimage","url":"https:\/\/www.ils-forschung.de\/wp-content\/uploads\/2023\/04\/ils-social-share-logo.jpg","contentUrl":"https:\/\/www.ils-forschung.de\/wp-content\/uploads\/2023\/04\/ils-social-share-logo.jpg","width":1200,"height":630},{"@type":"BreadcrumbList","@id":"https:\/\/www.ils-forschung.de\/en\/knowledge-transfer\/wohnenmachtstadt\/#breadcrumb","itemListElement":[{"@type":"ListItem","position":1,"name":"Home","item":"https:\/\/www.ils-forschung.de\/en\/"},{"@type":"ListItem","position":2,"name":"Knowledge transfer","item":"https:\/\/www.ils-forschung.de\/en\/knowledge-transfer\/"},{"@type":"ListItem","position":3,"name":"Wohnen macht Stadt"}]},{"@type":"WebSite","@id":"https:\/\/www.ils-forschung.de\/en\/#website","url":"https:\/\/www.ils-forschung.de\/en\/","name":"ILS - Institut f\u00fcr Landes- und Stadtentwicklungsforschung","description":"Das ILS \u2013 Institut f\u00fcr Landes- und Stadtentwicklungsforschung ist ein raumwissenschaftliches au\u00dferuniversit\u00e4res Forschungsinstitut mit Sitz in Dortmund.","potentialAction":[{"@type":"SearchAction","target":{"@type":"EntryPoint","urlTemplate":"https:\/\/www.ils-forschung.de\/en\/?s={search_term_string}"},"query-input":{"@type":"PropertyValueSpecification","valueRequired":true,"valueName":"search_term_string"}}],"inLanguage":"en-US"}]}},"_links":{"self":[{"href":"https:\/\/www.ils-forschung.de\/en\/wp-json\/wp\/v2\/pages\/23779","targetHints":{"allow":["GET"]}}],"collection":[{"href":"https:\/\/www.ils-forschung.de\/en\/wp-json\/wp\/v2\/pages"}],"about":[{"href":"https:\/\/www.ils-forschung.de\/en\/wp-json\/wp\/v2\/types\/page"}],"author":[{"embeddable":true,"href":"https:\/\/www.ils-forschung.de\/en\/wp-json\/wp\/v2\/users\/14"}],"replies":[{"embeddable":true,"href":"https:\/\/www.ils-forschung.de\/en\/wp-json\/wp\/v2\/comments?post=23779"}],"version-history":[{"count":34,"href":"https:\/\/www.ils-forschung.de\/en\/wp-json\/wp\/v2\/pages\/23779\/revisions"}],"predecessor-version":[{"id":57040,"href":"https:\/\/www.ils-forschung.de\/en\/wp-json\/wp\/v2\/pages\/23779\/revisions\/57040"}],"up":[{"embeddable":true,"href":"https:\/\/www.ils-forschung.de\/en\/wp-json\/wp\/v2\/pages\/476"}],"wp:featuredmedia":[{"embeddable":true,"href":"https:\/\/www.ils-forschung.de\/en\/wp-json\/wp\/v2\/media\/29963"}],"wp:attachment":[{"href":"https:\/\/www.ils-forschung.de\/en\/wp-json\/wp\/v2\/media?parent=23779"}],"curies":[{"name":"wp","href":"https:\/\/api.w.org\/{rel}","templated":true}]}}