{"id":21934,"date":"2022-05-31T11:58:18","date_gmt":"2022-05-31T09:58:18","guid":{"rendered":"https:\/\/www.ils-forschung.de\/profile\/"},"modified":"2024-11-22T13:19:41","modified_gmt":"2024-11-22T12:19:41","slug":"ils-research","status":"publish","type":"page","link":"https:\/\/www.ils-forschung.de\/en\/ils-research\/","title":{"rendered":"Profile"},"content":{"rendered":"<div class=\"fusion-fullwidth fullwidth-box fusion-builder-row-1 fusion-flex-container nonhundred-percent-fullwidth non-hundred-percent-height-scrolling\" style=\"--awb-border-radius-top-left:0px;--awb-border-radius-top-right:0px;--awb-border-radius-bottom-right:0px;--awb-border-radius-bottom-left:0px;--awb-flex-wrap:wrap;\" ><div class=\"fusion-builder-row fusion-row fusion-flex-align-items-flex-start fusion-flex-content-wrap\" style=\"max-width:1144px;margin-left: calc(-4% \/ 2 );margin-right: calc(-4% \/ 2 );\"><div class=\"fusion-layout-column fusion_builder_column fusion-builder-column-0 fusion_builder_column_1_1 1_1 fusion-flex-column\" style=\"--awb-bg-size:cover;--awb-width-large:100%;--awb-margin-top-large:0px;--awb-spacing-right-large:1.92%;--awb-margin-bottom-large:20px;--awb-spacing-left-large:1.92%;--awb-width-medium:100%;--awb-order-medium:0;--awb-spacing-right-medium:1.92%;--awb-spacing-left-medium:1.92%;--awb-width-small:100%;--awb-order-small:0;--awb-spacing-right-small:1.92%;--awb-spacing-left-small:1.92%;\"><div class=\"fusion-column-wrapper fusion-column-has-shadow fusion-flex-justify-content-flex-start fusion-content-layout-column\"><div class=\"fusion-image-element \" style=\"--awb-caption-title-font-family:var(--h2_typography-font-family);--awb-caption-title-font-weight:var(--h2_typography-font-weight);--awb-caption-title-font-style:var(--h2_typography-font-style);--awb-caption-title-size:var(--h2_typography-font-size);--awb-caption-title-transform:var(--h2_typography-text-transform);--awb-caption-title-line-height:var(--h2_typography-line-height);--awb-caption-title-letter-spacing:var(--h2_typography-letter-spacing);\"><span class=\" fusion-imageframe imageframe-none imageframe-1 hover-type-none\"><img decoding=\"async\" width=\"1200\" height=\"364\" title=\"ils-research-profil-titelbild\" src=\"https:\/\/www.ils-forschung.de\/wp-content\/uploads\/2022\/06\/ils-research-profil-titelbild.jpg\" alt class=\"img-responsive wp-image-22134\" srcset=\"https:\/\/www.ils-forschung.de\/wp-content\/uploads\/2022\/06\/ils-research-profil-titelbild-200x61.jpg 200w, https:\/\/www.ils-forschung.de\/wp-content\/uploads\/2022\/06\/ils-research-profil-titelbild-400x121.jpg 400w, https:\/\/www.ils-forschung.de\/wp-content\/uploads\/2022\/06\/ils-research-profil-titelbild-600x182.jpg 600w, https:\/\/www.ils-forschung.de\/wp-content\/uploads\/2022\/06\/ils-research-profil-titelbild-800x243.jpg 800w, https:\/\/www.ils-forschung.de\/wp-content\/uploads\/2022\/06\/ils-research-profil-titelbild.jpg 1200w\" sizes=\"(max-width: 1125px) 100vw, (max-width: 765px) 100vw, 1200px\" \/><\/span><\/div><div class=\"fusion-text fusion-text-1\"><p><span style=\"font-size: 10px; float: right;\">\u00a9 JRF e.V.<\/span><\/p>\n<\/div><div class=\"fusion-text fusion-text-2\"><p>As a non-university urban research institute based in Dortmund, Germany, ILS Research gGmbH explores and internationally compares the dynamics and diversity of urban change. Our research aims to improve understanding of recent urbanisation processes in order to gain inter- and transdisciplinary insights into the socially, ecologically and economically sustainable transformation and design of urban spaces. Both basic and applied research are conducted, supported by research funding organizations at national and European levels.<\/p>\n<p>ILS Research gGmbH is a subsidiary institute of <a style=\"color: #ed6e0b !important;\" href=\"https:\/\/www.ils-forschung.de\/en\/the-ils\/profile\/\">ILS &#8211; Institut f\u00fcr Landes- und Stadtentwicklungsforschung gGmbH<\/a> (Research Institute f\u00fcr Regional and Urban Development, which focuses on applied research aiming at urban transformation in a regional context. The two institutes (both are non-profit limited companies) work as a joint operation and are closely connected both programmatically and organizationally. ILS Research fits into the research strategy and organizational structures of ILS as the shareholder.<\/p>\n<h2>Further information<\/h2>\n<ul>\n<li>Joint research strategy of ILS and ILS Research: ILS Research Strategy 2022+ \u201e<a href=\"https:\/\/www.ils-forschung.de\/files_publikationen\/pdfs\/ils-forschungsstrategie_2022+_online.pdf\" target=\"_blank\" rel=\"noopener\">Urbanen Wandel verstehen und gestalten<\/a>\u201c<\/li>\n<li>Our <a href=\"https:\/\/www.ils-forschung.de\/en\/research\/research-projects\/?forschungsgruppe=&#038;projektbetreuer=&#038;laufzeit=&#038;stichwortsuche=&#038;status=alle&#038;projektdurchfuehrung=ils-research-ggmbh\" rel=\"noopener\">Research projects<\/a><\/li>\n<\/ul>\n<\/div><div class=\"fusion-separator fusion-full-width-sep\" style=\"align-self: center;margin-left: auto;margin-right: auto;margin-top:10px;margin-bottom:10px;width:100%;\"><\/div><div class=\"fusion-text fusion-text-3\"><h2>Contact Person<\/h2>\n<p><a href=\"https:\/\/www.ils-forschung.de\/en\/the-ils\/ils-staff\/groth-soeren\/\">Dr. S\u00f6ren Groth<\/a><br \/>\nPhone: +49 (0) 231 9051-260<br \/>\nE-Mail: <a href=\"mailto:soeren.groth@ils-research.de\">soeren.groth@ils-research.de<\/a><\/p>\n<p><a href=\"https:\/\/www.ils-forschung.de\/en\/the-ils\/ils-staff\/kolocek-michael\/\">Dr. Michael Kolocek<\/a><br \/>\nPhone: +49 (0) 231 9051-141<br \/>\nE-Mail: <a href=\"mailto:michael.kolocek@ils-research.de\">michael.kolocek@ils-research.de<\/a><\/p>\n<p><a href=\"https:\/\/www.ils-forschung.de\/en\/the-ils\/ils-staff\/otsuka-noriko\/\">Dr. Noriko Otsuka<\/a><br \/>\nPhone: +49 (0) 231 9051-267<br \/>\nE-Mail: <a href=\"mailto:noriko.otsuka@ils-research.de\">noriko.otsuka@ils-research.de<\/a><\/p>\n<p><a href=\"https:\/\/www.ils-forschung.de\/en\/the-ils\/ils-staff\/xu-shaojuan\/\">Dr. Shoujuan Xu<\/a><br \/>\nPhone: +49 (0) 231 9051-165<br \/>\nE-Mail: <a href=\"mailto:shaojuan.xu@ils-research.de\">shaojuan.xu@ils-research.de<\/a><\/p>\n<\/div><\/div><\/div><\/div><\/div>\n","protected":false},"excerpt":{"rendered":"","protected":false},"author":14,"featured_media":29962,"parent":0,"menu_order":0,"comment_status":"closed","ping_status":"closed","template":"","meta":{"footnotes":""},"class_list":["post-21934","page","type-page","status-publish","has-post-thumbnail","hentry"],"yoast_head":"<!-- This site is optimized with the Yoast SEO plugin v27.1.1 - https:\/\/yoast.com\/product\/yoast-seo-wordpress\/ -->\n<title>Profile - ILS - Institut f\u00fcr Landes- und Stadtentwicklungsforschung<\/title>\n<meta name=\"robots\" content=\"index, follow, max-snippet:-1, max-image-preview:large, max-video-preview:-1\" \/>\n<link rel=\"canonical\" href=\"https:\/\/www.ils-forschung.de\/en\/ils-research\/\" \/>\n<meta property=\"og:locale\" content=\"en_US\" \/>\n<meta property=\"og:type\" content=\"article\" \/>\n<meta property=\"og:title\" content=\"Profile - ILS - Institut f\u00fcr Landes- und Stadtentwicklungsforschung\" \/>\n<meta property=\"og:url\" content=\"https:\/\/www.ils-forschung.de\/en\/ils-research\/\" \/>\n<meta property=\"og:site_name\" content=\"ILS - Institut f\u00fcr Landes- und Stadtentwicklungsforschung\" \/>\n<meta property=\"article:modified_time\" content=\"2024-11-22T12:19:41+00:00\" \/>\n<meta property=\"og:image\" content=\"https:\/\/www.ils-forschung.de\/wp-content\/uploads\/2023\/04\/ils-social-share-logo.jpg\" \/>\n\t<meta property=\"og:image:width\" content=\"1200\" \/>\n\t<meta property=\"og:image:height\" content=\"630\" \/>\n\t<meta property=\"og:image:type\" content=\"image\/jpeg\" \/>\n<meta name=\"twitter:card\" content=\"summary_large_image\" \/>\n<meta name=\"twitter:site\" content=\"@ILS_forschung\" \/>\n<meta name=\"twitter:label1\" content=\"Est. reading time\" \/>\n\t<meta name=\"twitter:data1\" content=\"7 minutes\" \/>\n<script type=\"application\/ld+json\" class=\"yoast-schema-graph\">{\"@context\":\"https:\/\/schema.org\",\"@graph\":[{\"@type\":\"WebPage\",\"@id\":\"https:\/\/www.ils-forschung.de\/en\/ils-research\/\",\"url\":\"https:\/\/www.ils-forschung.de\/en\/ils-research\/\",\"name\":\"Profile - ILS - Institut f\u00fcr Landes- und Stadtentwicklungsforschung\",\"isPartOf\":{\"@id\":\"https:\/\/www.ils-forschung.de\/en\/#website\"},\"primaryImageOfPage\":{\"@id\":\"https:\/\/www.ils-forschung.de\/en\/ils-research\/#primaryimage\"},\"image\":{\"@id\":\"https:\/\/www.ils-forschung.de\/en\/ils-research\/#primaryimage\"},\"thumbnailUrl\":\"https:\/\/www.ils-forschung.de\/wp-content\/uploads\/2023\/04\/ils-social-share-logo.jpg\",\"datePublished\":\"2022-05-31T09:58:18+00:00\",\"dateModified\":\"2024-11-22T12:19:41+00:00\",\"breadcrumb\":{\"@id\":\"https:\/\/www.ils-forschung.de\/en\/ils-research\/#breadcrumb\"},\"inLanguage\":\"en-US\",\"potentialAction\":[{\"@type\":\"ReadAction\",\"target\":[\"https:\/\/www.ils-forschung.de\/en\/ils-research\/\"]}]},{\"@type\":\"ImageObject\",\"inLanguage\":\"en-US\",\"@id\":\"https:\/\/www.ils-forschung.de\/en\/ils-research\/#primaryimage\",\"url\":\"https:\/\/www.ils-forschung.de\/wp-content\/uploads\/2023\/04\/ils-social-share-logo.jpg\",\"contentUrl\":\"https:\/\/www.ils-forschung.de\/wp-content\/uploads\/2023\/04\/ils-social-share-logo.jpg\",\"width\":1200,\"height\":630},{\"@type\":\"BreadcrumbList\",\"@id\":\"https:\/\/www.ils-forschung.de\/en\/ils-research\/#breadcrumb\",\"itemListElement\":[{\"@type\":\"ListItem\",\"position\":1,\"name\":\"Home\",\"item\":\"https:\/\/www.ils-forschung.de\/en\/\"},{\"@type\":\"ListItem\",\"position\":2,\"name\":\"Profile\"}]},{\"@type\":\"WebSite\",\"@id\":\"https:\/\/www.ils-forschung.de\/en\/#website\",\"url\":\"https:\/\/www.ils-forschung.de\/en\/\",\"name\":\"ILS - Institut f\u00fcr Landes- und Stadtentwicklungsforschung\",\"description\":\"Das ILS \u2013 Institut f\u00fcr Landes- und Stadtentwicklungsforschung ist ein raumwissenschaftliches au\u00dferuniversit\u00e4res Forschungsinstitut mit Sitz in Dortmund.\",\"potentialAction\":[{\"@type\":\"SearchAction\",\"target\":{\"@type\":\"EntryPoint\",\"urlTemplate\":\"https:\/\/www.ils-forschung.de\/en\/?s={search_term_string}\"},\"query-input\":{\"@type\":\"PropertyValueSpecification\",\"valueRequired\":true,\"valueName\":\"search_term_string\"}}],\"inLanguage\":\"en-US\"}]}<\/script>\n<!-- \/ Yoast SEO plugin. -->","yoast_head_json":{"title":"Profile - ILS - Institut f\u00fcr Landes- und Stadtentwicklungsforschung","robots":{"index":"index","follow":"follow","max-snippet":"max-snippet:-1","max-image-preview":"max-image-preview:large","max-video-preview":"max-video-preview:-1"},"canonical":"https:\/\/www.ils-forschung.de\/en\/ils-research\/","og_locale":"en_US","og_type":"article","og_title":"Profile - ILS - Institut f\u00fcr Landes- und Stadtentwicklungsforschung","og_url":"https:\/\/www.ils-forschung.de\/en\/ils-research\/","og_site_name":"ILS - Institut f\u00fcr Landes- und Stadtentwicklungsforschung","article_modified_time":"2024-11-22T12:19:41+00:00","og_image":[{"width":1200,"height":630,"url":"https:\/\/www.ils-forschung.de\/wp-content\/uploads\/2023\/04\/ils-social-share-logo.jpg","type":"image\/jpeg"}],"twitter_card":"summary_large_image","twitter_site":"@ILS_forschung","twitter_misc":{"Est. reading time":"7 minutes"},"schema":{"@context":"https:\/\/schema.org","@graph":[{"@type":"WebPage","@id":"https:\/\/www.ils-forschung.de\/en\/ils-research\/","url":"https:\/\/www.ils-forschung.de\/en\/ils-research\/","name":"Profile - ILS - Institut f\u00fcr Landes- und Stadtentwicklungsforschung","isPartOf":{"@id":"https:\/\/www.ils-forschung.de\/en\/#website"},"primaryImageOfPage":{"@id":"https:\/\/www.ils-forschung.de\/en\/ils-research\/#primaryimage"},"image":{"@id":"https:\/\/www.ils-forschung.de\/en\/ils-research\/#primaryimage"},"thumbnailUrl":"https:\/\/www.ils-forschung.de\/wp-content\/uploads\/2023\/04\/ils-social-share-logo.jpg","datePublished":"2022-05-31T09:58:18+00:00","dateModified":"2024-11-22T12:19:41+00:00","breadcrumb":{"@id":"https:\/\/www.ils-forschung.de\/en\/ils-research\/#breadcrumb"},"inLanguage":"en-US","potentialAction":[{"@type":"ReadAction","target":["https:\/\/www.ils-forschung.de\/en\/ils-research\/"]}]},{"@type":"ImageObject","inLanguage":"en-US","@id":"https:\/\/www.ils-forschung.de\/en\/ils-research\/#primaryimage","url":"https:\/\/www.ils-forschung.de\/wp-content\/uploads\/2023\/04\/ils-social-share-logo.jpg","contentUrl":"https:\/\/www.ils-forschung.de\/wp-content\/uploads\/2023\/04\/ils-social-share-logo.jpg","width":1200,"height":630},{"@type":"BreadcrumbList","@id":"https:\/\/www.ils-forschung.de\/en\/ils-research\/#breadcrumb","itemListElement":[{"@type":"ListItem","position":1,"name":"Home","item":"https:\/\/www.ils-forschung.de\/en\/"},{"@type":"ListItem","position":2,"name":"Profile"}]},{"@type":"WebSite","@id":"https:\/\/www.ils-forschung.de\/en\/#website","url":"https:\/\/www.ils-forschung.de\/en\/","name":"ILS - Institut f\u00fcr Landes- und Stadtentwicklungsforschung","description":"Das ILS \u2013 Institut f\u00fcr Landes- und Stadtentwicklungsforschung ist ein raumwissenschaftliches au\u00dferuniversit\u00e4res Forschungsinstitut mit Sitz in Dortmund.","potentialAction":[{"@type":"SearchAction","target":{"@type":"EntryPoint","urlTemplate":"https:\/\/www.ils-forschung.de\/en\/?s={search_term_string}"},"query-input":{"@type":"PropertyValueSpecification","valueRequired":true,"valueName":"search_term_string"}}],"inLanguage":"en-US"}]}},"_links":{"self":[{"href":"https:\/\/www.ils-forschung.de\/en\/wp-json\/wp\/v2\/pages\/21934","targetHints":{"allow":["GET"]}}],"collection":[{"href":"https:\/\/www.ils-forschung.de\/en\/wp-json\/wp\/v2\/pages"}],"about":[{"href":"https:\/\/www.ils-forschung.de\/en\/wp-json\/wp\/v2\/types\/page"}],"author":[{"embeddable":true,"href":"https:\/\/www.ils-forschung.de\/en\/wp-json\/wp\/v2\/users\/14"}],"replies":[{"embeddable":true,"href":"https:\/\/www.ils-forschung.de\/en\/wp-json\/wp\/v2\/comments?post=21934"}],"version-history":[{"count":6,"href":"https:\/\/www.ils-forschung.de\/en\/wp-json\/wp\/v2\/pages\/21934\/revisions"}],"predecessor-version":[{"id":41225,"href":"https:\/\/www.ils-forschung.de\/en\/wp-json\/wp\/v2\/pages\/21934\/revisions\/41225"}],"wp:featuredmedia":[{"embeddable":true,"href":"https:\/\/www.ils-forschung.de\/en\/wp-json\/wp\/v2\/media\/29962"}],"wp:attachment":[{"href":"https:\/\/www.ils-forschung.de\/en\/wp-json\/wp\/v2\/media?parent=21934"}],"curies":[{"name":"wp","href":"https:\/\/api.w.org\/{rel}","templated":true}]}}