{"id":14217,"date":"2021-07-15T12:28:33","date_gmt":"2021-07-15T10:28:33","guid":{"rendered":"https:\/\/www.ils-forschung.de\/the-ils\/ils-staff\/milde-theresa\/"},"modified":"2026-03-28T18:36:16","modified_gmt":"2026-03-28T17:36:16","slug":"milde-theresa","status":"publish","type":"page","link":"https:\/\/www.ils-forschung.de\/en\/the-ils\/ils-staff\/milde-theresa\/","title":{"rendered":"Theresa Milde, M.Sc. Human Geography"},"content":{"rendered":"<div class=\"fusion-fullwidth fullwidth-box fusion-builder-row-1 fusion-flex-container nonhundred-percent-fullwidth non-hundred-percent-height-scrolling\" style=\"--awb-border-radius-top-left:0px;--awb-border-radius-top-right:0px;--awb-border-radius-bottom-right:0px;--awb-border-radius-bottom-left:0px;--awb-flex-wrap:wrap;\" ><div class=\"fusion-builder-row fusion-row fusion-flex-align-items-flex-start fusion-flex-content-wrap\" style=\"max-width:1144px;margin-left: calc(-4% \/ 2 );margin-right: calc(-4% \/ 2 );\"><div class=\"fusion-layout-column fusion_builder_column fusion-builder-column-0 fusion_builder_column_1_1 1_1 fusion-flex-column\" style=\"--awb-bg-size:cover;--awb-width-large:100%;--awb-margin-top-large:0px;--awb-spacing-right-large:1.92%;--awb-margin-bottom-large:20px;--awb-spacing-left-large:1.92%;--awb-width-medium:100%;--awb-spacing-right-medium:1.92%;--awb-spacing-left-medium:1.92%;--awb-width-small:100%;--awb-spacing-right-small:1.92%;--awb-spacing-left-small:1.92%;\"><div class=\"fusion-column-wrapper fusion-flex-justify-content-flex-start fusion-content-layout-column\"><div class=\"fusion-builder-row fusion-builder-row-inner fusion-row fusion-flex-align-items-flex-start fusion-flex-content-wrap\" style=\"width:104% !important;max-width:104% !important;margin-left: calc(-4% \/ 2 );margin-right: calc(-4% \/ 2 );\"><div class=\"fusion-layout-column fusion_builder_column_inner fusion-builder-nested-column-0 fusion_builder_column_inner_1_4 1_4 fusion-flex-column\" style=\"--awb-bg-size:cover;--awb-width-large:25%;--awb-margin-top-large:0px;--awb-spacing-right-large:7.68%;--awb-margin-bottom-large:20px;--awb-spacing-left-large:7.68%;--awb-width-medium:100%;--awb-spacing-right-medium:1.92%;--awb-spacing-left-medium:1.92%;--awb-width-small:100%;--awb-spacing-right-small:1.92%;--awb-spacing-left-small:1.92%;\"><div class=\"fusion-column-wrapper fusion-flex-justify-content-flex-start fusion-content-layout-column\"><div class=\"fusion-image-element \" style=\"--awb-caption-title-font-family:var(--h2_typography-font-family);--awb-caption-title-font-weight:var(--h2_typography-font-weight);--awb-caption-title-font-style:var(--h2_typography-font-style);--awb-caption-title-size:var(--h2_typography-font-size);--awb-caption-title-transform:var(--h2_typography-text-transform);--awb-caption-title-line-height:var(--h2_typography-line-height);--awb-caption-title-letter-spacing:var(--h2_typography-letter-spacing);\"><span class=\" fusion-imageframe imageframe-none imageframe-1 hover-type-none\"><img decoding=\"async\" width=\"1000\" height=\"1500\" title=\"theresa-milde\" src=\"https:\/\/www.ils-forschung.de\/wp-content\/uploads\/2021\/07\/theresa-milde.jpg\" alt class=\"img-responsive wp-image-14213\" srcset=\"https:\/\/www.ils-forschung.de\/wp-content\/uploads\/2021\/07\/theresa-milde-200x300.jpg 200w, https:\/\/www.ils-forschung.de\/wp-content\/uploads\/2021\/07\/theresa-milde-400x600.jpg 400w, https:\/\/www.ils-forschung.de\/wp-content\/uploads\/2021\/07\/theresa-milde-600x900.jpg 600w, https:\/\/www.ils-forschung.de\/wp-content\/uploads\/2021\/07\/theresa-milde-800x1200.jpg 800w, https:\/\/www.ils-forschung.de\/wp-content\/uploads\/2021\/07\/theresa-milde.jpg 1000w\" sizes=\"(max-width: 1125px) 100vw, (max-width: 765px) 100vw, 400px\" \/><\/span><\/div><\/div><\/div><div class=\"fusion-layout-column fusion_builder_column_inner fusion-builder-nested-column-1 fusion_builder_column_inner_3_4 3_4 fusion-flex-column\" style=\"--awb-bg-size:cover;--awb-width-large:75%;--awb-margin-top-large:0px;--awb-spacing-right-large:2.56%;--awb-margin-bottom-large:20px;--awb-spacing-left-large:2.56%;--awb-width-medium:100%;--awb-spacing-right-medium:1.92%;--awb-spacing-left-medium:1.92%;--awb-width-small:100%;--awb-spacing-right-small:1.92%;--awb-spacing-left-small:1.92%;\"><div class=\"fusion-column-wrapper fusion-flex-justify-content-flex-start fusion-content-layout-column\"><div class=\"fusion-text fusion-text-1\"><p>Studied Geography (B.Sc.) and Human Geography (M.Sc.) at the University of M\u00fcnster.<\/p>\n<p><strong>Research interests:<\/strong><\/p>\n<ul>\n<li>Sustainable development of neighborhoods and cities<\/li>\n<li>Effects of residential development<\/li>\n<\/ul>\n<\/div><div class=\"fusion-text fusion-text-2\"><p><strong>Contact:<\/strong><br \/>\nPhone: +49 (0) 231 9051-248<br \/>\nE-Mail: <a href=\"mailto:theresa.milde@ils-forschung.de\">theresa.milde@ils-forschung.de<\/a><\/p>\n<\/div><\/div><\/div><\/div><div class=\"fusion-separator fusion-full-width-sep\" style=\"align-self: center;margin-left: auto;margin-right: auto;margin-top:20px;margin-bottom:20px;width:100%;\"><\/div><div class=\"fusion-text fusion-text-3\">\n<\/div><div class=\"fusion-separator fusion-full-width-sep\" style=\"align-self: center;margin-left: auto;margin-right: auto;margin-top:20px;margin-bottom:20px;width:100%;\"><\/div><div class=\"fusion-text fusion-text-4\"><h3>Publications (Selection)<\/h3>\n<\/div><div class=\"accordian fusion-accordian\" style=\"--awb-border-size:1px;--awb-icon-size:16px;--awb-content-font-size:16px;--awb-icon-alignment:left;--awb-hover-color:#f9f9f9;--awb-border-color:#cccccc;--awb-background-color:#ffffff;--awb-divider-color:#e0dede;--awb-divider-hover-color:#e0dede;--awb-icon-color:#ffffff;--awb-title-color:#000000;--awb-content-color:#000000;--awb-icon-box-color:var(--awb-color7);--awb-toggle-hover-accent-color:var(--awb-custom10);--awb-title-font-family:&quot;Source Sans 3&quot;;--awb-title-font-weight:400;--awb-title-font-style:normal;--awb-title-font-size:16px;--awb-content-font-family:&quot;Source Sans 3&quot;;--awb-content-font-style:normal;--awb-content-font-weight:400;\"><div class=\"panel-group fusion-toggle-icon-boxed\" id=\"accordion-14217-1\"><div class=\"fusion-panel panel-default panel-ad36a3b5003010c48 fusion-toggle-has-divider\" style=\"--awb-title-color:#000000;--awb-content-color:#000000;\"><div class=\"panel-heading\"><h4 class=\"panel-title toggle\" id=\"toggle_ad36a3b5003010c48\"><a aria-expanded=\"false\" aria-controls=\"ad36a3b5003010c48\" role=\"button\" data-toggle=\"collapse\" data-parent=\"#accordion-14217-1\" data-target=\"#ad36a3b5003010c48\" href=\"#ad36a3b5003010c48\"><span class=\"fusion-toggle-icon-wrapper\" aria-hidden=\"true\"><i class=\"fa-fusion-box active-icon awb-icon-minus\" aria-hidden=\"true\"><\/i><i class=\"fa-fusion-box inactive-icon awb-icon-plus\" aria-hidden=\"true\"><\/i><\/span><span class=\"fusion-toggle-heading\">Contributions to Books<\/span><\/a><\/h4><\/div><div id=\"ad36a3b5003010c48\" class=\"panel-collapse collapse \" aria-labelledby=\"toggle_ad36a3b5003010c48\"><div class=\"panel-body toggle-content fusion-clearfix\">\n<ul>\n<li>M\u00fcnter, Angelika; Milde, Theresa; Faller, Bernhard; H\u00f6cke, Christian; Luneau, Pablo (2025): <a href=\"https:\/\/doi.org\/10.5281\/zenodo.18797818\">Fl\u00e4chenanspr\u00fcche regional steuern \u2013 Schlussfolgerungen aus dem MORO \u201eRegionale Steuerung der Siedlungs- und Freiraumentwicklung\u201c<\/a>. In: Meinel, Gotthard; Behnisch, Martin (Hrsg.): Fl\u00e4chennutzungsmonitoring XVII: Fl\u00e4chenpolitik \u2013 Bodenversiegelung \u2013 Prognosen. I\u00d6R Schriften 83. Berlin: Rhombos-Verlag, 25\u201338. <a href=\"https:\/\/doi.org\/10.5281\/zenodo.18797818\">https:\/\/doi.org\/10.5281\/zenodo.18797818<\/a>.<\/li>\n<\/ul>\n<\/div><\/div><\/div><div class=\"fusion-panel panel-default panel-6cac22e05092a5839 fusion-toggle-has-divider\"><div class=\"panel-heading\"><h4 class=\"panel-title toggle\" id=\"toggle_6cac22e05092a5839\"><a aria-expanded=\"false\" aria-controls=\"6cac22e05092a5839\" role=\"button\" data-toggle=\"collapse\" data-parent=\"#accordion-14217-1\" data-target=\"#6cac22e05092a5839\" href=\"#6cac22e05092a5839\"><span class=\"fusion-toggle-icon-wrapper\" aria-hidden=\"true\"><i class=\"fa-fusion-box active-icon awb-icon-minus\" aria-hidden=\"true\"><\/i><i class=\"fa-fusion-box inactive-icon awb-icon-plus\" aria-hidden=\"true\"><\/i><\/span><span class=\"fusion-toggle-heading\">Transfer and Policy Papers, Working Papers<\/span><\/a><\/h4><\/div><div id=\"6cac22e05092a5839\" class=\"panel-collapse collapse \" aria-labelledby=\"toggle_6cac22e05092a5839\"><div class=\"panel-body toggle-content fusion-clearfix\">\n<ul>\n<li>Milde, Theresa; M\u00fcnter, Angelika (2025): <a href=\"https:\/\/moro-flaeche.de\/wp-content\/uploads\/sites\/2\/2025\/12\/MORO-Flaeche-Expertise-Wohnsiedlungsflaechen-sparen-durch-Regionalplanung.pdf\">Wohnsiedlungsfl\u00e4che sparen durch Regionalplanung \u2013 Good-Practice-Beispiele positivplanerischer Festlegungen in Regionalpl\u00e4nen<\/a>. Hrsg. v. ILS Research gGmbH. Dortmund.<\/li>\n<\/ul>\n<ul>\n<li>Faller, Bernhard; H\u00f6cke, Christian; Steinbach, Franziska; Scheffer, Jana; Milde, Theresa; M\u00fcnter, Angelika (2025): <a href=\"https:\/\/moro-flaeche.de\/wp-content\/uploads\/sites\/2\/2025\/12\/MORO_Expertise_stadtentwicklungspolitische_Handlungsfaehigkeit_kl_Kommunen.pdf\">Stadtentwicklung bei zunehmendem Fachkr\u00e4ftemangel \u2013 zur Handlungsf\u00e4higkeit kleinerer St\u00e4dte und Gemeinden<\/a>. Bonn\/Dortmund.<\/li>\n<\/ul>\n<ul>\n<li>Milde, Theresa; Grubert, Joost; M\u00fcnter, Angelika (2024): <a href=\"https:\/\/moro-flaeche.de\/wp-content\/uploads\/sites\/2\/2024\/12\/Kurzexpertise_Flaechenentwicklung-und-Dekarbonisierung.pdf\" target=\"_blank\" rel=\"noopener\">Nachhaltige Fl\u00e4chenentwicklung und Dekarbonisierung. Kurzexpertise im Rahmen des MORO Fl\u00e4che<\/a>. Hrsg. v. ILS Research. Dortmund.<\/li>\n<\/ul>\n<ul>\n<li>Dittrich Wesbuer, Andrea; Milde, Theresa; Eichhorn, Sebastian (2023): <a href=\"https:\/\/skew.engagement-global.de\/dialog-global\/dialog-global-nr-66.html\" target=\"_blank\" rel=\"noopener\">Nachhaltigkeit messen \u2013 Zum Stand des Nachhaltigkeitsmonitorings in Kommunen<\/a>. Dialog Global 66. Bonn.<\/li>\n<\/ul>\n<ul>\n<li>Faller, Bernhard; Luneau, Pablo; Milde, Theresa; M\u00fcnter, Angelika; Siedentop, Stefan; Wilmsmeier, Nora (2023): <a href=\"https:\/\/moro-flaeche.de\/wp-content\/uploads\/sites\/2\/2023\/06\/aktuelle_trends_der_flaechennachfrage_und_ansaetze_zur_steuerung_der_siedlungsflaecheninanspruchnahme_in_der_planungspraxis.pdf\" target=\"_blank\" rel=\"noopener\">Aktuelle Trends der Siedlungsnachfrage und Ans\u00e4tze zur Steuerung der Siedlungsfl\u00e4cheninanspruchnahme in der Planungspraxis \u2013 Vorbereitende Expertise des MORO Regionale Steuerung der Siedlungs- und Freiraumentwicklung<\/a>. Bonn\/Dortmund.<\/li>\n<\/ul>\n<ul>\n<li>Ministerium f\u00fcr Wirtschaft, Innovation, Digitalisierung und Energie des Landes Nordrhein-Westfalen (Hrsg.) (2022): <a href=\"https:\/\/landesplanung.nrw.de\/system\/files\/media\/document\/file\/sfm_nrw_ergebnisbericht2020.pdf\" target=\"_blank\" rel=\"noopener\">Siedlungsfl\u00e4chenmonitoring Nordrhein-Westfalen. Ergebnisbericht \u2013 Erhebung der Siedlungsfl\u00e4chenreserven 2020<\/a>. Bearbeitet v. Osterhage, Frank; Milde, Theresa; R\u00f6nsch, Jutta. D\u00fcsseldorf.<\/li>\n<\/ul>\n<ul>\n<li>Milde, Theresa (2022): <a href=\"https:\/\/www.ils-forschung.de\/files_publikationen\/pdfs\/220801-trasiq-arbeitspapier_theresa-milde.pdf\" target=\"_blank\" rel=\"noopener\">TRASIQ\u00b02 Arbeitspapier. Aktuelle Erkenntnisse zur Transformation in Bestandsquartieren \u2013 Darstellung von Erfolgsfaktoren und Hemmnissen anhand ausgew\u00e4hlter Fallbeispiele<\/a>. Hrsg. v. ILS Research. Dortmund.<\/li>\n<\/ul>\n<\/div><\/div><\/div><\/div><\/div><div class=\"fusion-separator fusion-full-width-sep\" style=\"align-self: center;margin-left: auto;margin-right: auto;margin-top:20px;margin-bottom:20px;width:100%;\"><\/div><div class=\"fusion-text fusion-text-5\"><h3>Presentations (Selection)<\/h3>\n<\/div><div class=\"accordian fusion-accordian\" style=\"--awb-border-size:1px;--awb-icon-size:16px;--awb-content-font-size:16px;--awb-icon-alignment:left;--awb-hover-color:#f9f9f9;--awb-border-color:#cccccc;--awb-background-color:#ffffff;--awb-divider-color:#e0dede;--awb-divider-hover-color:#e0dede;--awb-icon-color:#ffffff;--awb-title-color:#000000;--awb-content-color:#000000;--awb-icon-box-color:var(--awb-color7);--awb-toggle-hover-accent-color:var(--awb-custom10);--awb-title-font-family:&quot;Source Sans 3&quot;;--awb-title-font-weight:400;--awb-title-font-style:normal;--awb-title-font-size:16px;--awb-content-font-family:&quot;Source Sans 3&quot;;--awb-content-font-style:normal;--awb-content-font-weight:400;\"><div class=\"panel-group fusion-toggle-icon-boxed\" id=\"accordion-14217-2\"><div class=\"fusion-panel panel-default panel-e5263467c31b89374 fusion-toggle-has-divider\" style=\"--awb-title-color:#000000;--awb-content-color:#000000;\"><div class=\"panel-heading\"><h4 class=\"panel-title toggle\" id=\"toggle_e5263467c31b89374\"><a aria-expanded=\"false\" aria-controls=\"e5263467c31b89374\" role=\"button\" data-toggle=\"collapse\" data-parent=\"#accordion-14217-2\" data-target=\"#e5263467c31b89374\" href=\"#e5263467c31b89374\"><span class=\"fusion-toggle-icon-wrapper\" aria-hidden=\"true\"><i class=\"fa-fusion-box active-icon awb-icon-minus\" aria-hidden=\"true\"><\/i><i class=\"fa-fusion-box inactive-icon awb-icon-plus\" aria-hidden=\"true\"><\/i><\/span><span class=\"fusion-toggle-heading\">Refereed Conference Presentations<\/span><\/a><\/h4><\/div><div id=\"e5263467c31b89374\" class=\"panel-collapse collapse \" aria-labelledby=\"toggle_e5263467c31b89374\"><div class=\"panel-body toggle-content fusion-clearfix\">\n<ul>\n<li>Fl\u00e4chenanspr\u00fcche regional steuern. Schlussfolgerungen aus dem MORO \u201eRegionale Steuerung der Siedlungs- und Freiraumentwicklung\u201c (gemeinsam mit M\u00fcnter, Angelika; Luneau, Pablo*; Faller, Bernhard*; H\u00f6cke, Christian*). Vortrag auf dem DFNS \u2013 Dresdner Fl\u00e4chennutzungssymposium 2025 des I\u00d6R \u2013 Leibniz-Institut f\u00fcr \u00f6kologische Raumentwicklung, 17.06.2025, Dresden.<\/li>\n<\/ul>\n<\/div><\/div><\/div><div class=\"fusion-panel panel-default panel-850f7045bfdd95fc8 fusion-toggle-has-divider\"><div class=\"panel-heading\"><h4 class=\"panel-title toggle\" id=\"toggle_850f7045bfdd95fc8\"><a aria-expanded=\"false\" aria-controls=\"850f7045bfdd95fc8\" role=\"button\" data-toggle=\"collapse\" data-parent=\"#accordion-14217-2\" data-target=\"#850f7045bfdd95fc8\" href=\"#850f7045bfdd95fc8\"><span class=\"fusion-toggle-icon-wrapper\" aria-hidden=\"true\"><i class=\"fa-fusion-box active-icon awb-icon-minus\" aria-hidden=\"true\"><\/i><i class=\"fa-fusion-box inactive-icon awb-icon-plus\" aria-hidden=\"true\"><\/i><\/span><span class=\"fusion-toggle-heading\">Additional Presentations <\/span><\/a><\/h4><\/div><div id=\"850f7045bfdd95fc8\" class=\"panel-collapse collapse \" aria-labelledby=\"toggle_850f7045bfdd95fc8\"><div class=\"panel-body toggle-content fusion-clearfix\">\n<ul>\n<li>Kommunales Nachhaltigkeitsmonitoring in der Praxis. Erkenntnisse aus dem Projekt \u201eBestandsaufnahme kommunales Nachhaltigkeitsmonitoring\u201c. Vortrag im Rahmen der \u201eWissen was wirkt \u2013 SDG-Nachhaltigkeitsmonitoring und -berichterstattung\u201c der SKEW \u2013 Servicestelle Kommunen in der Einen Welt, 15.12.2022, online.<\/li>\n<\/ul>\n<ul>\n<li>Gelingensbedingungen f\u00fcr nachhaltige Quartiersentwicklung in Neubau und Bestand. Erkenntnisse aus TRASIQ und TRASIQ 2 (gemeinsam mit Eichhorn, Sebastian*). Vortrag im Rahmen der Veranstaltung \u201eWohnen macht Stadt\u201c des ILS \u2013 Institut f\u00fcr Landes- und Stadtentwicklungsforschung, 01.12.2022, online.<\/li>\n<\/ul>\n<\/div><\/div><\/div><\/div><\/div><div class=\"fusion-separator fusion-full-width-sep\" style=\"align-self: center;margin-left: auto;margin-right: auto;margin-top:20px;margin-bottom:20px;width:100%;\"><\/div><div class=\"accordian fusion-accordian lehrtaetigkeiten\" style=\"--awb-border-size:1px;--awb-icon-size:16px;--awb-content-font-size:16px;--awb-icon-alignment:left;--awb-hover-color:#f9f9f9;--awb-border-color:#cccccc;--awb-background-color:#ffffff;--awb-divider-color:#e0dede;--awb-divider-hover-color:#e0dede;--awb-icon-color:#ffffff;--awb-title-color:#000000;--awb-content-color:#000000;--awb-icon-box-color:var(--awb-color7);--awb-toggle-hover-accent-color:var(--awb-custom10);--awb-title-font-family:&quot;Source Sans 3&quot;;--awb-title-font-weight:400;--awb-title-font-style:normal;--awb-title-font-size:16px;--awb-content-font-family:&quot;Source Sans 3&quot;;--awb-content-font-style:normal;--awb-content-font-weight:400;\"><div class=\"panel-group fusion-toggle-icon-boxed\" id=\"accordion-14217-3\"><div class=\"fusion-panel panel-default panel-8bd2beab91252c60d fusion-toggle-has-divider\"><div class=\"panel-heading\"><h4 class=\"panel-title toggle\" id=\"toggle_8bd2beab91252c60d\"><a aria-expanded=\"false\" aria-controls=\"8bd2beab91252c60d\" role=\"button\" data-toggle=\"collapse\" data-parent=\"#accordion-14217-3\" data-target=\"#8bd2beab91252c60d\" href=\"#8bd2beab91252c60d\"><span class=\"fusion-toggle-icon-wrapper\" aria-hidden=\"true\"><i class=\"fa-fusion-box active-icon awb-icon-minus\" aria-hidden=\"true\"><\/i><i class=\"fa-fusion-box inactive-icon awb-icon-plus\" aria-hidden=\"true\"><\/i><\/span><span class=\"fusion-toggle-heading\">Teaching<\/span><\/a><\/h4><\/div><div id=\"8bd2beab91252c60d\" class=\"panel-collapse collapse \" aria-labelledby=\"toggle_8bd2beab91252c60d\"><div class=\"panel-body toggle-content fusion-clearfix\">FH M\u00fcnster, msa | m\u00fcnster school of architecture, Department St\u00e4dtebau:<\/p>\n<ul>\n<li>Seminar \u201eGIS LAB: Dichten+\u201c im WiSe 2015\/2016<\/li>\n<\/ul>\n<\/div><\/div><\/div><\/div><\/div><\/div><\/div><\/div><\/div>\n","protected":false},"excerpt":{"rendered":"","protected":false},"author":14,"featured_media":29962,"parent":452,"menu_order":0,"comment_status":"closed","ping_status":"closed","template":"","meta":{"footnotes":""},"class_list":["post-14217","page","type-page","status-publish","has-post-thumbnail","hentry"],"yoast_head":"<!-- This site is optimized with the Yoast SEO plugin v27.1.1 - https:\/\/yoast.com\/product\/yoast-seo-wordpress\/ -->\n<title>Theresa Milde, M.Sc. Human Geography - ILS - Institut f\u00fcr Landes- und Stadtentwicklungsforschung<\/title>\n<meta name=\"robots\" content=\"index, follow, max-snippet:-1, max-image-preview:large, max-video-preview:-1\" \/>\n<link rel=\"canonical\" href=\"https:\/\/www.ils-forschung.de\/en\/the-ils\/ils-staff\/milde-theresa\/\" \/>\n<meta property=\"og:locale\" content=\"en_US\" \/>\n<meta property=\"og:type\" content=\"article\" \/>\n<meta property=\"og:title\" content=\"Theresa Milde, M.Sc. Human Geography - ILS - Institut f\u00fcr Landes- und Stadtentwicklungsforschung\" \/>\n<meta property=\"og:url\" content=\"https:\/\/www.ils-forschung.de\/en\/the-ils\/ils-staff\/milde-theresa\/\" \/>\n<meta property=\"og:site_name\" content=\"ILS - Institut f\u00fcr Landes- und Stadtentwicklungsforschung\" \/>\n<meta property=\"article:modified_time\" content=\"2026-03-28T17:36:16+00:00\" \/>\n<meta name=\"twitter:card\" content=\"summary_large_image\" \/>\n<meta name=\"twitter:site\" content=\"@ILS_forschung\" \/>\n<meta name=\"twitter:label1\" content=\"Est. reading time\" \/>\n\t<meta name=\"twitter:data1\" content=\"3 minutes\" \/>\n<script type=\"application\/ld+json\" class=\"yoast-schema-graph\">{\"@context\":\"https:\/\/schema.org\",\"@graph\":[{\"@type\":\"WebPage\",\"@id\":\"https:\/\/www.ils-forschung.de\/en\/the-ils\/ils-staff\/milde-theresa\/\",\"url\":\"https:\/\/www.ils-forschung.de\/en\/the-ils\/ils-staff\/milde-theresa\/\",\"name\":\"Theresa Milde, M.Sc. Human Geography - ILS - Institut f\u00fcr Landes- und Stadtentwicklungsforschung\",\"isPartOf\":{\"@id\":\"https:\/\/www.ils-forschung.de\/en\/#website\"},\"primaryImageOfPage\":{\"@id\":\"https:\/\/www.ils-forschung.de\/en\/the-ils\/ils-staff\/milde-theresa\/#primaryimage\"},\"image\":{\"@id\":\"https:\/\/www.ils-forschung.de\/en\/the-ils\/ils-staff\/milde-theresa\/#primaryimage\"},\"thumbnailUrl\":\"https:\/\/www.ils-forschung.de\/wp-content\/uploads\/2023\/04\/ils-social-share-logo.jpg\",\"datePublished\":\"2021-07-15T10:28:33+00:00\",\"dateModified\":\"2026-03-28T17:36:16+00:00\",\"breadcrumb\":{\"@id\":\"https:\/\/www.ils-forschung.de\/en\/the-ils\/ils-staff\/milde-theresa\/#breadcrumb\"},\"inLanguage\":\"en-US\",\"potentialAction\":[{\"@type\":\"ReadAction\",\"target\":[\"https:\/\/www.ils-forschung.de\/en\/the-ils\/ils-staff\/milde-theresa\/\"]}]},{\"@type\":\"ImageObject\",\"inLanguage\":\"en-US\",\"@id\":\"https:\/\/www.ils-forschung.de\/en\/the-ils\/ils-staff\/milde-theresa\/#primaryimage\",\"url\":\"https:\/\/www.ils-forschung.de\/wp-content\/uploads\/2023\/04\/ils-social-share-logo.jpg\",\"contentUrl\":\"https:\/\/www.ils-forschung.de\/wp-content\/uploads\/2023\/04\/ils-social-share-logo.jpg\",\"width\":1200,\"height\":630},{\"@type\":\"BreadcrumbList\",\"@id\":\"https:\/\/www.ils-forschung.de\/en\/the-ils\/ils-staff\/milde-theresa\/#breadcrumb\",\"itemListElement\":[{\"@type\":\"ListItem\",\"position\":1,\"name\":\"Home\",\"item\":\"https:\/\/www.ils-forschung.de\/en\/\"},{\"@type\":\"ListItem\",\"position\":2,\"name\":\"The ILS\",\"item\":\"https:\/\/www.ils-forschung.de\/en\/the-ils\/\"},{\"@type\":\"ListItem\",\"position\":3,\"name\":\"ILS staff\",\"item\":\"https:\/\/www.ils-forschung.de\/en\/the-ils\/ils-staff\/\"},{\"@type\":\"ListItem\",\"position\":4,\"name\":\"Theresa Milde, M.Sc. Human Geography\"}]},{\"@type\":\"WebSite\",\"@id\":\"https:\/\/www.ils-forschung.de\/en\/#website\",\"url\":\"https:\/\/www.ils-forschung.de\/en\/\",\"name\":\"ILS - Institut f\u00fcr Landes- und Stadtentwicklungsforschung\",\"description\":\"Das ILS \u2013 Institut f\u00fcr Landes- und Stadtentwicklungsforschung ist ein raumwissenschaftliches au\u00dferuniversit\u00e4res Forschungsinstitut mit Sitz in Dortmund.\",\"potentialAction\":[{\"@type\":\"SearchAction\",\"target\":{\"@type\":\"EntryPoint\",\"urlTemplate\":\"https:\/\/www.ils-forschung.de\/en\/?s={search_term_string}\"},\"query-input\":{\"@type\":\"PropertyValueSpecification\",\"valueRequired\":true,\"valueName\":\"search_term_string\"}}],\"inLanguage\":\"en-US\"}]}<\/script>\n<!-- \/ Yoast SEO plugin. -->","yoast_head_json":{"title":"Theresa Milde, M.Sc. Human Geography - ILS - Institut f\u00fcr Landes- und Stadtentwicklungsforschung","robots":{"index":"index","follow":"follow","max-snippet":"max-snippet:-1","max-image-preview":"max-image-preview:large","max-video-preview":"max-video-preview:-1"},"canonical":"https:\/\/www.ils-forschung.de\/en\/the-ils\/ils-staff\/milde-theresa\/","og_locale":"en_US","og_type":"article","og_title":"Theresa Milde, M.Sc. Human Geography - ILS - Institut f\u00fcr Landes- und Stadtentwicklungsforschung","og_url":"https:\/\/www.ils-forschung.de\/en\/the-ils\/ils-staff\/milde-theresa\/","og_site_name":"ILS - Institut f\u00fcr Landes- und Stadtentwicklungsforschung","article_modified_time":"2026-03-28T17:36:16+00:00","twitter_card":"summary_large_image","twitter_site":"@ILS_forschung","twitter_misc":{"Est. reading time":"3 minutes"},"schema":{"@context":"https:\/\/schema.org","@graph":[{"@type":"WebPage","@id":"https:\/\/www.ils-forschung.de\/en\/the-ils\/ils-staff\/milde-theresa\/","url":"https:\/\/www.ils-forschung.de\/en\/the-ils\/ils-staff\/milde-theresa\/","name":"Theresa Milde, M.Sc. Human Geography - ILS - Institut f\u00fcr Landes- und Stadtentwicklungsforschung","isPartOf":{"@id":"https:\/\/www.ils-forschung.de\/en\/#website"},"primaryImageOfPage":{"@id":"https:\/\/www.ils-forschung.de\/en\/the-ils\/ils-staff\/milde-theresa\/#primaryimage"},"image":{"@id":"https:\/\/www.ils-forschung.de\/en\/the-ils\/ils-staff\/milde-theresa\/#primaryimage"},"thumbnailUrl":"https:\/\/www.ils-forschung.de\/wp-content\/uploads\/2023\/04\/ils-social-share-logo.jpg","datePublished":"2021-07-15T10:28:33+00:00","dateModified":"2026-03-28T17:36:16+00:00","breadcrumb":{"@id":"https:\/\/www.ils-forschung.de\/en\/the-ils\/ils-staff\/milde-theresa\/#breadcrumb"},"inLanguage":"en-US","potentialAction":[{"@type":"ReadAction","target":["https:\/\/www.ils-forschung.de\/en\/the-ils\/ils-staff\/milde-theresa\/"]}]},{"@type":"ImageObject","inLanguage":"en-US","@id":"https:\/\/www.ils-forschung.de\/en\/the-ils\/ils-staff\/milde-theresa\/#primaryimage","url":"https:\/\/www.ils-forschung.de\/wp-content\/uploads\/2023\/04\/ils-social-share-logo.jpg","contentUrl":"https:\/\/www.ils-forschung.de\/wp-content\/uploads\/2023\/04\/ils-social-share-logo.jpg","width":1200,"height":630},{"@type":"BreadcrumbList","@id":"https:\/\/www.ils-forschung.de\/en\/the-ils\/ils-staff\/milde-theresa\/#breadcrumb","itemListElement":[{"@type":"ListItem","position":1,"name":"Home","item":"https:\/\/www.ils-forschung.de\/en\/"},{"@type":"ListItem","position":2,"name":"The ILS","item":"https:\/\/www.ils-forschung.de\/en\/the-ils\/"},{"@type":"ListItem","position":3,"name":"ILS staff","item":"https:\/\/www.ils-forschung.de\/en\/the-ils\/ils-staff\/"},{"@type":"ListItem","position":4,"name":"Theresa Milde, M.Sc. Human Geography"}]},{"@type":"WebSite","@id":"https:\/\/www.ils-forschung.de\/en\/#website","url":"https:\/\/www.ils-forschung.de\/en\/","name":"ILS - Institut f\u00fcr Landes- und Stadtentwicklungsforschung","description":"Das ILS \u2013 Institut f\u00fcr Landes- und Stadtentwicklungsforschung ist ein raumwissenschaftliches au\u00dferuniversit\u00e4res Forschungsinstitut mit Sitz in Dortmund.","potentialAction":[{"@type":"SearchAction","target":{"@type":"EntryPoint","urlTemplate":"https:\/\/www.ils-forschung.de\/en\/?s={search_term_string}"},"query-input":{"@type":"PropertyValueSpecification","valueRequired":true,"valueName":"search_term_string"}}],"inLanguage":"en-US"}]}},"_links":{"self":[{"href":"https:\/\/www.ils-forschung.de\/en\/wp-json\/wp\/v2\/pages\/14217","targetHints":{"allow":["GET"]}}],"collection":[{"href":"https:\/\/www.ils-forschung.de\/en\/wp-json\/wp\/v2\/pages"}],"about":[{"href":"https:\/\/www.ils-forschung.de\/en\/wp-json\/wp\/v2\/types\/page"}],"author":[{"embeddable":true,"href":"https:\/\/www.ils-forschung.de\/en\/wp-json\/wp\/v2\/users\/14"}],"replies":[{"embeddable":true,"href":"https:\/\/www.ils-forschung.de\/en\/wp-json\/wp\/v2\/comments?post=14217"}],"version-history":[{"count":13,"href":"https:\/\/www.ils-forschung.de\/en\/wp-json\/wp\/v2\/pages\/14217\/revisions"}],"predecessor-version":[{"id":56713,"href":"https:\/\/www.ils-forschung.de\/en\/wp-json\/wp\/v2\/pages\/14217\/revisions\/56713"}],"up":[{"embeddable":true,"href":"https:\/\/www.ils-forschung.de\/en\/wp-json\/wp\/v2\/pages\/452"}],"wp:featuredmedia":[{"embeddable":true,"href":"https:\/\/www.ils-forschung.de\/en\/wp-json\/wp\/v2\/media\/29962"}],"wp:attachment":[{"href":"https:\/\/www.ils-forschung.de\/en\/wp-json\/wp\/v2\/media?parent=14217"}],"curies":[{"name":"wp","href":"https:\/\/api.w.org\/{rel}","templated":true}]}}